{"id":40565,"date":"2025-04-20T18:55:18","date_gmt":"2025-04-20T17:55:18","guid":{"rendered":"https:\/\/atyges.es\/product\/pack-dji-matrice-350-rtk-zenmuse-h30t\/"},"modified":"2025-04-20T23:29:03","modified_gmt":"2025-04-20T22:29:03","slug":"pack-dji-matrice-350-rtk-zenmuse-h30t","status":"publish","type":"product","link":"https:\/\/atyges.es\/pt\/tienda\/product\/pack-dji-matrice-350-rtk-zenmuse-h30t\/","title":{"rendered":"Pack: DJI Matrice 350 RTK + Zenmuse H30T"},"content":{"rendered":"<p><strong>Zenmuse H30T<\/strong> \u00e9 o porta-estandarte da s\u00e9rie <strong>Zenmuse H30<\/strong> multissensor para todas as condi\u00e7\u00f5es meteorol\u00f3gicas, integrando cinco m\u00f3dulos principais: uma c\u00e2mara <strong>grande angular<\/strong>, uma c\u00e2mara <strong>zoom<\/strong>, uma c\u00e2mara <strong>t\u00e9rmica<\/strong> infravermelha, um <strong>tel\u00e9metro<\/strong> laser e uma luz auxiliar <strong>NIR<\/strong>.<\/p>\n<p>Utilizando algoritmos inteligentes inovadores, revoluciona os padr\u00f5es de perce\u00e7\u00e3o e imagem, transcendendo as limita\u00e7\u00f5es da vis\u00e3o, tanto de dia como de noite. \u00c9 por isso que pode facilmente executar uma grande variedade de opera\u00e7\u00f5es, incluindo seguran\u00e7a p\u00fablica, inspe\u00e7\u00f5es de infraestruturas energ\u00e9ticas, conserva\u00e7\u00e3o da \u00e1gua e gest\u00e3o florestal.<\/p>\n<p>Multifuncional<br \/>\nUtilizando algoritmos inteligentes de ponta, revoluciona os padr\u00f5es de perce\u00e7\u00e3o e imagem, ultrapassando as limita\u00e7\u00f5es da vis\u00e3o diurna e noturna. Isto torna-o ideal para uma grande variedade de opera\u00e7\u00f5es, incluindo seguran\u00e7a p\u00fablica, inspe\u00e7\u00e3o energ\u00e9tica, conserva\u00e7\u00e3o de \u00e1gua e silvicultura.<\/p>\n<p>Al\u00e9m disso, s\u00e3o oferecidas v\u00e1rias funcionalidades que melhoram imediatamente os resultados dos dados obtidos: <strong>estabiliza\u00e7\u00e3o da imagem de fundo<\/strong>. <strong>Desembaciamento eletr\u00f3nico<\/strong>. A intelig\u00eancia artificial melhora os modos <strong>Smart Track<\/strong> e AI Spot Check.<\/p>\n<p><img loading=\"lazy\" decoding=\"async\" class=\"aligncenter wp-image-34485 tamanho-grande\" src=\"https:\/\/atyges.es\/wp-content\/uploads\/2024\/05\/h30t1-1024x676.jpg\" alt=\"Zenmuse H30 Series\" width=\"1024\" height=\"676\" srcset=\"https:\/\/atyges.es\/wp-content\/uploads\/2024\/05\/h30t1-1024x676.jpg 1024w, https:\/\/atyges.es\/wp-content\/uploads\/2024\/05\/h30t1-600x396.jpg 600w, https:\/\/atyges.es\/wp-content\/uploads\/2024\/05\/h30t1-300x198.jpg 300w, https:\/\/atyges.es\/wp-content\/uploads\/2024\/05\/h30t1-173x114.jpg 173w, https:\/\/atyges.es\/wp-content\/uploads\/2024\/05\/h30t1.jpg 1060w\" sizes=\"auto, (max-width: 1024px) 100vw, 1024px\" \/><\/p>\n<p>&nbsp;<\/p>\n<h2>Vis\u00e3o mais distante e n\u00edtida<\/h2>\n<p>Zoom \u00f3tico at\u00e9 34\u00d7 e zoom digital at\u00e9 400\u00d7<br \/>\nA s\u00e9rie Zenmuse H30 possui uma c\u00e2mara de alta resolu\u00e7\u00e3o com zoom de 40 MP que oferece um zoom \u00f3tico at\u00e9 34\u00d7 e um incr\u00edvel zoom digital at\u00e9 400\u00d7. Comparativamente \u00e0 gera\u00e7\u00e3o anterior, <sup>[2]<\/sup> n\u00e3o s\u00f3 observa alvos a dist\u00e2ncias maiores, como tamb\u00e9m capta mais detalhes.<\/p>\n<h3>Imagens est\u00e1veis \u200b\u200bda c\u00e2mara com zoom<\/h3>\n<p>Com o mais recente algoritmo de estabiliza\u00e7\u00e3o de imagem da DJI, a s\u00e9rie Zenmuse H30 pode reduzir eficazmente as trepida\u00e7\u00f5es em filmagens telefoto, proporcionando imagens est\u00e1veis \u200b\u200be n\u00edtidas para inspe\u00e7\u00f5es detalhadas de linhas de energia.<\/p>\n<p>Tel\u00e9metro laser at\u00e9 3000 m no m\u00e1ximo.<br \/>\nO tel\u00e9metro oferece at\u00e9 2,5 vezes o alcance da gera\u00e7\u00e3o anterior, <sup>[3]<\/sup> para captar com precis\u00e3o informa\u00e7\u00f5es sobre a posi\u00e7\u00e3o do alvo num intervalo de 3 a 3.000 m, <sup>[4]<\/sup> incluindo a dist\u00e2ncia linear da c\u00e2mara, a altitude e as coordenadas GPS.<\/p>\n<h3>Oferece vis\u00e3o noturna a preto e branco e ilumina\u00e7\u00e3o NIR<\/h3>\n<p>No modo Cena Noturna, a S\u00e9rie Zenmuse H30 suporta luz infravermelha para melhorar as imagens infravermelhas e a ilumina\u00e7\u00e3o NIR. <sup>[5]<\/sup> Altera o sinal ao vivo para uma imagem em tons de cinzento, removendo o filtro de IV, aumentando assim o contraste entre as \u00e1reas real\u00e7adas e sombreadas, facilitando a localiza\u00e7\u00e3o dos alvos. Quando a luz NIR auxiliar \u00e9 ativada, a c\u00e2mara com zoom pode tirar partido de ilumina\u00e7\u00e3o NIR adicional, o que \u00e9 especialmente \u00fatil para vigil\u00e2ncia noturna secreta e opera\u00e7\u00f5es de busca e salvamento.<\/p>\n<p>Desempenho infravermelho mais potente<\/p>\n<h3>Resolu\u00e7\u00e3o infravermelha de 1280&#215;1024<\/h3>\n<p>A c\u00e2mara t\u00e9rmica de infravermelhos oferece uma resolu\u00e7\u00e3o de 1280\u00d71024, quatro vezes superior \u00e0 da gera\u00e7\u00e3o anterior, <sup>[6]<\/sup> com zoom digital at\u00e9 32\u00d7. Isto permite uma vis\u00e3o geral de toda a cena e a capacidade de ampliar \u00e1reas espec\u00edficas. Em n\u00edveis de zoom mais elevados, o Zenmuse H30T ativa automaticamente uma fun\u00e7\u00e3o de imagem infravermelha UHR (Ultra High Resolution), <sup>[7]<\/sup> que garante que<\/p>\n\n\n<div class=\"kk-star-ratings kksr-auto kksr-align-center kksr-valign-bottom\"\n    data-payload='{&quot;align&quot;:&quot;center&quot;,&quot;id&quot;:&quot;40565&quot;,&quot;slug&quot;:&quot;default&quot;,&quot;valign&quot;:&quot;bottom&quot;,&quot;ignore&quot;:&quot;&quot;,&quot;reference&quot;:&quot;auto&quot;,&quot;class&quot;:&quot;&quot;,&quot;count&quot;:&quot;0&quot;,&quot;legendonly&quot;:&quot;&quot;,&quot;readonly&quot;:&quot;&quot;,&quot;score&quot;:&quot;0&quot;,&quot;starsonly&quot;:&quot;&quot;,&quot;best&quot;:&quot;5&quot;,&quot;gap&quot;:&quot;5&quot;,&quot;greet&quot;:&quot;Val\u00f3ranos&quot;,&quot;legend&quot;:&quot;0\\\/5 - (0 votes)&quot;,&quot;size&quot;:&quot;24&quot;,&quot;title&quot;:&quot;Pack: DJI Matrice 350 RTK + Zenmuse H30T&quot;,&quot;width&quot;:&quot;0&quot;,&quot;_legend&quot;:&quot;{score}\\\/{best} - ({count} {votes})&quot;,&quot;font_factor&quot;:&quot;1.25&quot;}'>\n            \n<div class=\"kksr-stars\">\n    \n<div class=\"kksr-stars-inactive\">\n            <div class=\"kksr-star\" data-star=\"1\" style=\"padding-right: 5px\">\n            \n\n<div class=\"kksr-icon\" style=\"width: 24px; height: 24px;\"><\/div>\n        <\/div>\n            <div class=\"kksr-star\" data-star=\"2\" style=\"padding-right: 5px\">\n            \n\n<div class=\"kksr-icon\" style=\"width: 24px; height: 24px;\"><\/div>\n        <\/div>\n            <div class=\"kksr-star\" data-star=\"3\" style=\"padding-right: 5px\">\n            \n\n<div class=\"kksr-icon\" style=\"width: 24px; height: 24px;\"><\/div>\n        <\/div>\n            <div class=\"kksr-star\" data-star=\"4\" style=\"padding-right: 5px\">\n            \n\n<div class=\"kksr-icon\" style=\"width: 24px; height: 24px;\"><\/div>\n        <\/div>\n            <div class=\"kksr-star\" data-star=\"5\" style=\"padding-right: 5px\">\n            \n\n<div class=\"kksr-icon\" style=\"width: 24px; height: 24px;\"><\/div>\n        <\/div>\n    <\/div>\n    \n<div class=\"kksr-stars-active\" style=\"width: 0px;\">\n            <div class=\"kksr-star\" style=\"padding-right: 5px\">\n            \n\n<div class=\"kksr-icon\" style=\"width: 24px; height: 24px;\"><\/div>\n        <\/div>\n            <div class=\"kksr-star\" style=\"padding-right: 5px\">\n            \n\n<div class=\"kksr-icon\" style=\"width: 24px; height: 24px;\"><\/div>\n        <\/div>\n            <div class=\"kksr-star\" style=\"padding-right: 5px\">\n            \n\n<div class=\"kksr-icon\" style=\"width: 24px; height: 24px;\"><\/div>\n        <\/div>\n            <div class=\"kksr-star\" style=\"padding-right: 5px\">\n            \n\n<div class=\"kksr-icon\" style=\"width: 24px; height: 24px;\"><\/div>\n        <\/div>\n            <div class=\"kksr-star\" style=\"padding-right: 5px\">\n            \n\n<div class=\"kksr-icon\" style=\"width: 24px; height: 24px;\"><\/div>\n        <\/div>\n    <\/div>\n<\/div>\n                \n\n<div class=\"kksr-legend\" style=\"font-size: 19.2px;\">\n            <span class=\"kksr-muted\">Val\u00f3ranos<\/span>\n    <\/div>\n    <\/div>\n","protected":false},"excerpt":{"rendered":"<h2>Pack DJI Matrice 350 RTK + Zenmuse H30T<\/h2>\n<p>Pacote completo para inspe\u00e7\u00f5es por drones e opera\u00e7\u00f5es SAR que inclui os seguintes elementos:<\/p>\n<ul>\n<li>Dron <a href=\"https:\/\/atyges.es\/pt\/tienda\/product\/dji-matrice-350-rtk\/\">DJI Matrice 350 RTK<\/a>.<\/li>\n<li>C\u00e2mara multisensor <a href=\"https:\/\/atyges.es\/tienda\/zenmuse-h30t\/\">Zenmuse H30T<\/a>.<\/li>\n<li>Licen\u00e7a permanente de software <a href=\"https:\/\/atyges.es\/pt\/tienda\/product\/atygeo-thermal-h30t\/\">ATygeo Thermal H30T<\/a>.<\/li>\n<li><a href=\"https:\/\/atyges.es\/pt\/product\/curso-matriz-350-rtk-zenmuse-h30t\/\">Curso de forma\u00e7\u00e3o personalizado sobre a utiliza\u00e7\u00e3o do pacote adquirido<\/a> ministrado por engenheiros certificados pela DJI (DJI ENT \u200b\u200b\u200b\u200bSolutions Engineer (Inspection)).<\/li>\n<\/ul>\n<p>A Zenmuse H30T \u00e9 uma c\u00e2mara h\u00edbrida com 5 sensores:<\/p>\n<ul>\n<li>Grande \u00e2ngulo.<\/li>\n<li>Amplia\u00e7\u00e3o.<\/li>\n<li>T\u00e9rmico.<\/li>\n<li>Tel\u00e9metro laser.<\/li>\n<li>NIR.<\/li>\n<\/ul>\n<p>C\u00e2mara multissensor vers\u00e1til e eficaz com alta precis\u00e3o. Os seus diferentes sensores permitem a sua aplica\u00e7\u00e3o em diversas \u00e1reas profissionais. Concebido para funcionar em todos os tipos de condi\u00e7\u00f5es meteorol\u00f3gicas.<\/p>\n<p><a class=\"button\" href=\"https:\/\/atyges.es\/pt\/formulario-matrice-350-rtk-dji-enterprise\/\" rel=\"noopener noreferrer\">Se necessitar de um or\u00e7amento ou quiser contactar o nosso departamento t\u00e9cnico-comercial, solicite informa\u00e7\u00f5es atrav\u00e9s deste formul\u00e1rio<\/a><\/p>\n","protected":false},"featured_media":40532,"template":"","meta":[],"product_brand":[],"product_cat":[1288,1289,1276,1577,1283],"product_tag":[2009,2010,2006,2008,2007],"class_list":{"0":"post-40565","1":"product","2":"type-product","3":"status-publish","4":"has-post-thumbnail","6":"product_cat-drones-para-inspecoes-tecnicas","7":"product_cat-drones-para-seguranca-e-vigilancia","8":"product_cat-drones-profissionais-pt","9":"product_cat-matrice-350-rtk-pt","10":"product_cat-promocoes-e-ofertas","11":"product_tag-h30t-pt","12":"product_tag-inspecoes-fotovoltaicas","13":"product_tag-seguranca","14":"product_tag-termografia-pt","15":"product_tag-vigilancia-perimetral-pt","16":"product_shipping_class-envio-gratuito-es-pt","18":"first","19":"instock","20":"taxable","21":"shipping-taxable","22":"purchasable","23":"product-type-simple"},"yoast_head":"<!-- This site is optimized with the Yoast SEO plugin v27.2 - https:\/\/yoast.com\/product\/yoast-seo-wordpress\/ -->\n<title>Matrice 350 RTK + Zenmuse H30T | Inspe\u00e7\u00e3o t\u00e9cnica e opera\u00e7\u00f5es SAR<\/title>\n<meta name=\"description\" content=\"Matrice 350 RTK + Zenmuse H30T \u2b50Pacote completo para inspe\u00e7\u00e3o t\u00e9cnica e opera\u00e7\u00f5es SAR \u2b50 ATyges, especialistas em drones. \u2705\u3010Distribuidores oficiais da DJI\u3011\u2705.\" \/>\n<meta name=\"robots\" content=\"index, follow, max-snippet:-1, max-image-preview:large, max-video-preview:-1\" \/>\n<link rel=\"canonical\" href=\"https:\/\/atyges.es\/pt\/tienda\/product\/pack-dji-matrice-350-rtk-zenmuse-h30t\/\" \/>\n<meta property=\"og:locale\" content=\"pt_PT\" \/>\n<meta property=\"og:type\" content=\"article\" \/>\n<meta property=\"og:title\" content=\"Matrice 350 RTK + Zenmuse H30T | Inspe\u00e7\u00e3o t\u00e9cnica e opera\u00e7\u00f5es SAR\" \/>\n<meta property=\"og:description\" content=\"Matrice 350 RTK + Zenmuse H30T \u2b50Pacote completo para inspe\u00e7\u00e3o t\u00e9cnica e opera\u00e7\u00f5es SAR \u2b50 ATyges, especialistas em drones. \u2705\u3010Distribuidores oficiais da DJI\u3011\u2705.\" \/>\n<meta property=\"og:url\" content=\"https:\/\/atyges.es\/pt\/tienda\/product\/pack-dji-matrice-350-rtk-zenmuse-h30t\/\" \/>\n<meta property=\"og:site_name\" content=\"ATyges\" \/>\n<meta property=\"article:modified_time\" content=\"2025-04-20T22:29:03+00:00\" \/>\n<meta property=\"og:image\" content=\"https:\/\/atyges.es\/wp-content\/uploads\/2025\/04\/pack_M350_H30T-1-scaled.jpg\" \/>\n\t<meta property=\"og:image:width\" content=\"2560\" \/>\n\t<meta property=\"og:image:height\" content=\"2560\" \/>\n\t<meta property=\"og:image:type\" content=\"image\/jpeg\" \/>\n<meta name=\"twitter:card\" content=\"summary_large_image\" \/>\n<meta name=\"twitter:label1\" content=\"Tempo estimado de leitura\" \/>\n\t<meta name=\"twitter:data1\" content=\"3 minutos\" \/>\n<script type=\"application\/ld+json\" class=\"yoast-schema-graph\">{\"@context\":\"https:\/\/schema.org\",\"@graph\":[{\"@type\":\"WebPage\",\"@id\":\"https:\/\/atyges.es\/pt\/tienda\/product\/pack-dji-matrice-350-rtk-zenmuse-h30t\/\",\"url\":\"https:\/\/atyges.es\/pt\/tienda\/product\/pack-dji-matrice-350-rtk-zenmuse-h30t\/\",\"name\":\"Matrice 350 RTK + Zenmuse H30T | Inspe\u00e7\u00e3o t\u00e9cnica e opera\u00e7\u00f5es SAR\",\"isPartOf\":{\"@id\":\"https:\/\/atyges.es\/pt\/#website\"},\"primaryImageOfPage\":{\"@id\":\"https:\/\/atyges.es\/pt\/tienda\/product\/pack-dji-matrice-350-rtk-zenmuse-h30t\/#primaryimage\"},\"image\":{\"@id\":\"https:\/\/atyges.es\/pt\/tienda\/product\/pack-dji-matrice-350-rtk-zenmuse-h30t\/#primaryimage\"},\"thumbnailUrl\":\"https:\/\/atyges.es\/wp-content\/uploads\/2025\/04\/pack_M350_H30T-1-scaled.jpg\",\"datePublished\":\"2025-04-20T17:55:18+00:00\",\"dateModified\":\"2025-04-20T22:29:03+00:00\",\"description\":\"Matrice 350 RTK + Zenmuse H30T \u2b50Pacote completo para inspe\u00e7\u00e3o t\u00e9cnica e opera\u00e7\u00f5es SAR \u2b50 ATyges, especialistas em drones. \u2705\u3010Distribuidores oficiais da DJI\u3011\u2705.\",\"breadcrumb\":{\"@id\":\"https:\/\/atyges.es\/pt\/tienda\/product\/pack-dji-matrice-350-rtk-zenmuse-h30t\/#breadcrumb\"},\"inLanguage\":\"pt-PT\",\"potentialAction\":[{\"@type\":\"ReadAction\",\"target\":[\"https:\/\/atyges.es\/pt\/tienda\/product\/pack-dji-matrice-350-rtk-zenmuse-h30t\/\"]}]},{\"@type\":\"ImageObject\",\"inLanguage\":\"pt-PT\",\"@id\":\"https:\/\/atyges.es\/pt\/tienda\/product\/pack-dji-matrice-350-rtk-zenmuse-h30t\/#primaryimage\",\"url\":\"https:\/\/atyges.es\/wp-content\/uploads\/2025\/04\/pack_M350_H30T-1-scaled.jpg\",\"contentUrl\":\"https:\/\/atyges.es\/wp-content\/uploads\/2025\/04\/pack_M350_H30T-1-scaled.jpg\",\"width\":2560,\"height\":2560,\"caption\":\"Pack Matrice 350 RTK & Zenmuse H30T\"},{\"@type\":\"BreadcrumbList\",\"@id\":\"https:\/\/atyges.es\/pt\/tienda\/product\/pack-dji-matrice-350-rtk-zenmuse-h30t\/#breadcrumb\",\"itemListElement\":[{\"@type\":\"ListItem\",\"position\":1,\"name\":\"Portada\",\"item\":\"https:\/\/atyges.es\/pt\/\"},{\"@type\":\"ListItem\",\"position\":2,\"name\":\"Produtos\",\"item\":\"https:\/\/atyges.es\/pt\/shop\/\"},{\"@type\":\"ListItem\",\"position\":3,\"name\":\"Pack: DJI Matrice 350 RTK + Zenmuse H30T\"}]},{\"@type\":\"WebSite\",\"@id\":\"https:\/\/atyges.es\/pt\/#website\",\"url\":\"https:\/\/atyges.es\/pt\/\",\"name\":\"ATyges\",\"description\":\"\",\"publisher\":{\"@id\":\"https:\/\/atyges.es\/pt\/#organization\"},\"potentialAction\":[{\"@type\":\"SearchAction\",\"target\":{\"@type\":\"EntryPoint\",\"urlTemplate\":\"https:\/\/atyges.es\/pt\/?s={search_term_string}\"},\"query-input\":{\"@type\":\"PropertyValueSpecification\",\"valueRequired\":true,\"valueName\":\"search_term_string\"}}],\"inLanguage\":\"pt-PT\"},{\"@type\":\"Organization\",\"@id\":\"https:\/\/atyges.es\/pt\/#organization\",\"name\":\"Atyges\",\"url\":\"https:\/\/atyges.es\/pt\/\",\"logo\":{\"@type\":\"ImageObject\",\"inLanguage\":\"pt-PT\",\"@id\":\"https:\/\/atyges.es\/pt\/#\/schema\/logo\/image\/\",\"url\":\"https:\/\/atyges.es\/wp-content\/uploads\/2022\/01\/Logo_ATyges_Store.png\",\"contentUrl\":\"https:\/\/atyges.es\/wp-content\/uploads\/2022\/01\/Logo_ATyges_Store.png\",\"width\":1228,\"height\":200,\"caption\":\"Atyges\"},\"image\":{\"@id\":\"https:\/\/atyges.es\/pt\/#\/schema\/logo\/image\/\"}}]}<\/script>\n<!-- \/ Yoast SEO plugin. -->","yoast_head_json":{"title":"Matrice 350 RTK + Zenmuse H30T | Inspe\u00e7\u00e3o t\u00e9cnica e opera\u00e7\u00f5es SAR","description":"Matrice 350 RTK + Zenmuse H30T \u2b50Pacote completo para inspe\u00e7\u00e3o t\u00e9cnica e opera\u00e7\u00f5es SAR \u2b50 ATyges, especialistas em drones. \u2705\u3010Distribuidores oficiais da DJI\u3011\u2705.","robots":{"index":"index","follow":"follow","max-snippet":"max-snippet:-1","max-image-preview":"max-image-preview:large","max-video-preview":"max-video-preview:-1"},"canonical":"https:\/\/atyges.es\/pt\/tienda\/product\/pack-dji-matrice-350-rtk-zenmuse-h30t\/","og_locale":"pt_PT","og_type":"article","og_title":"Matrice 350 RTK + Zenmuse H30T | Inspe\u00e7\u00e3o t\u00e9cnica e opera\u00e7\u00f5es SAR","og_description":"Matrice 350 RTK + Zenmuse H30T \u2b50Pacote completo para inspe\u00e7\u00e3o t\u00e9cnica e opera\u00e7\u00f5es SAR \u2b50 ATyges, especialistas em drones. \u2705\u3010Distribuidores oficiais da DJI\u3011\u2705.","og_url":"https:\/\/atyges.es\/pt\/tienda\/product\/pack-dji-matrice-350-rtk-zenmuse-h30t\/","og_site_name":"ATyges","article_modified_time":"2025-04-20T22:29:03+00:00","og_image":[{"width":2560,"height":2560,"url":"https:\/\/atyges.es\/wp-content\/uploads\/2025\/04\/pack_M350_H30T-1-scaled.jpg","type":"image\/jpeg"}],"twitter_card":"summary_large_image","twitter_misc":{"Tempo estimado de leitura":"3 minutos"},"schema":{"@context":"https:\/\/schema.org","@graph":[{"@type":"WebPage","@id":"https:\/\/atyges.es\/pt\/tienda\/product\/pack-dji-matrice-350-rtk-zenmuse-h30t\/","url":"https:\/\/atyges.es\/pt\/tienda\/product\/pack-dji-matrice-350-rtk-zenmuse-h30t\/","name":"Matrice 350 RTK + Zenmuse H30T | Inspe\u00e7\u00e3o t\u00e9cnica e opera\u00e7\u00f5es SAR","isPartOf":{"@id":"https:\/\/atyges.es\/pt\/#website"},"primaryImageOfPage":{"@id":"https:\/\/atyges.es\/pt\/tienda\/product\/pack-dji-matrice-350-rtk-zenmuse-h30t\/#primaryimage"},"image":{"@id":"https:\/\/atyges.es\/pt\/tienda\/product\/pack-dji-matrice-350-rtk-zenmuse-h30t\/#primaryimage"},"thumbnailUrl":"https:\/\/atyges.es\/wp-content\/uploads\/2025\/04\/pack_M350_H30T-1-scaled.jpg","datePublished":"2025-04-20T17:55:18+00:00","dateModified":"2025-04-20T22:29:03+00:00","description":"Matrice 350 RTK + Zenmuse H30T \u2b50Pacote completo para inspe\u00e7\u00e3o t\u00e9cnica e opera\u00e7\u00f5es SAR \u2b50 ATyges, especialistas em drones. \u2705\u3010Distribuidores oficiais da DJI\u3011\u2705.","breadcrumb":{"@id":"https:\/\/atyges.es\/pt\/tienda\/product\/pack-dji-matrice-350-rtk-zenmuse-h30t\/#breadcrumb"},"inLanguage":"pt-PT","potentialAction":[{"@type":"ReadAction","target":["https:\/\/atyges.es\/pt\/tienda\/product\/pack-dji-matrice-350-rtk-zenmuse-h30t\/"]}]},{"@type":"ImageObject","inLanguage":"pt-PT","@id":"https:\/\/atyges.es\/pt\/tienda\/product\/pack-dji-matrice-350-rtk-zenmuse-h30t\/#primaryimage","url":"https:\/\/atyges.es\/wp-content\/uploads\/2025\/04\/pack_M350_H30T-1-scaled.jpg","contentUrl":"https:\/\/atyges.es\/wp-content\/uploads\/2025\/04\/pack_M350_H30T-1-scaled.jpg","width":2560,"height":2560,"caption":"Pack Matrice 350 RTK & Zenmuse H30T"},{"@type":"BreadcrumbList","@id":"https:\/\/atyges.es\/pt\/tienda\/product\/pack-dji-matrice-350-rtk-zenmuse-h30t\/#breadcrumb","itemListElement":[{"@type":"ListItem","position":1,"name":"Portada","item":"https:\/\/atyges.es\/pt\/"},{"@type":"ListItem","position":2,"name":"Produtos","item":"https:\/\/atyges.es\/pt\/shop\/"},{"@type":"ListItem","position":3,"name":"Pack: DJI Matrice 350 RTK + Zenmuse H30T"}]},{"@type":"WebSite","@id":"https:\/\/atyges.es\/pt\/#website","url":"https:\/\/atyges.es\/pt\/","name":"ATyges","description":"","publisher":{"@id":"https:\/\/atyges.es\/pt\/#organization"},"potentialAction":[{"@type":"SearchAction","target":{"@type":"EntryPoint","urlTemplate":"https:\/\/atyges.es\/pt\/?s={search_term_string}"},"query-input":{"@type":"PropertyValueSpecification","valueRequired":true,"valueName":"search_term_string"}}],"inLanguage":"pt-PT"},{"@type":"Organization","@id":"https:\/\/atyges.es\/pt\/#organization","name":"Atyges","url":"https:\/\/atyges.es\/pt\/","logo":{"@type":"ImageObject","inLanguage":"pt-PT","@id":"https:\/\/atyges.es\/pt\/#\/schema\/logo\/image\/","url":"https:\/\/atyges.es\/wp-content\/uploads\/2022\/01\/Logo_ATyges_Store.png","contentUrl":"https:\/\/atyges.es\/wp-content\/uploads\/2022\/01\/Logo_ATyges_Store.png","width":1228,"height":200,"caption":"Atyges"},"image":{"@id":"https:\/\/atyges.es\/pt\/#\/schema\/logo\/image\/"}}]}},"jetpack_sharing_enabled":true,"_links":{"self":[{"href":"https:\/\/atyges.es\/pt\/wp-json\/wp\/v2\/product\/40565","targetHints":{"allow":["GET"]}}],"collection":[{"href":"https:\/\/atyges.es\/pt\/wp-json\/wp\/v2\/product"}],"about":[{"href":"https:\/\/atyges.es\/pt\/wp-json\/wp\/v2\/types\/product"}],"wp:featuredmedia":[{"embeddable":true,"href":"https:\/\/atyges.es\/pt\/wp-json\/wp\/v2\/media\/40532"}],"wp:attachment":[{"href":"https:\/\/atyges.es\/pt\/wp-json\/wp\/v2\/media?parent=40565"}],"wp:term":[{"taxonomy":"product_brand","embeddable":true,"href":"https:\/\/atyges.es\/pt\/wp-json\/wp\/v2\/product_brand?post=40565"},{"taxonomy":"product_cat","embeddable":true,"href":"https:\/\/atyges.es\/pt\/wp-json\/wp\/v2\/product_cat?post=40565"},{"taxonomy":"product_tag","embeddable":true,"href":"https:\/\/atyges.es\/pt\/wp-json\/wp\/v2\/product_tag?post=40565"}],"curies":[{"name":"wp","href":"https:\/\/api.w.org\/{rel}","templated":true}]}}