{"id":40556,"date":"2025-04-20T22:06:09","date_gmt":"2025-04-20T21:06:09","guid":{"rendered":"https:\/\/atyges.es\/product\/pack-dji-matrice-350-rtk-zenmuse-l2\/"},"modified":"2025-04-20T23:38:25","modified_gmt":"2025-04-20T22:38:25","slug":"pack-dji-matrice-350-rtk-zenmuse-l2","status":"publish","type":"product","link":"https:\/\/atyges.es\/pt\/tienda\/product\/pack-dji-matrice-350-rtk-zenmuse-l2\/","title":{"rendered":"Pack: DJI Matrice 350 RTK + Zenmuse L2"},"content":{"rendered":"<div id=\"53248\" class=\"section-content\" data-hydration-on-demand=\"true\" data-ga-category=\"en\/enterprise\/zenmuse-l2_53248\" data-component=\"d483d55b\" data-gtm-vis-recente-na-tela6907517_879=\"326141\" data-gtm-vis-primeiro-no-ecr=\"\" data-gtm-vis-tempo-vis=\"\" data-gtm-vis-foi-disparado6907517_879=\"1\">\n<div class=\"atom-component\" tabindex=\"0\" role=\"button\">\n<div class=\"atom-design-v1 style__hero-vertical-component___2JEHR\">\n<div id=\"\">\n<div class=\"estilo__lista-de-cart\u00f5es-vertical___LceQJ estilo__alinhamento-central-vertical___39Pu3\">\n<div class=\"estilo__cart\u00e3o-vertical-col___3agtC\">\n<div class=\"atom-design-v1 estilo__her\u00f3i-cart\u00e3o-vertical___2B64y\">\n<div class=\"estilo__card-wrapper___3yqfZ estilo__vertical-central-alinhamento___3RP93 estilo__horizontal-central-alinhamento___YtBVc\" tabindex=\"0\">\n<div class=\"estilo__cart\u00e3o-contentor___KPQkl estilo__tamanho-xl___30LZE\">\n<div class=\"estilo__texto-conte\u00fado-contentor___1aLKY\"><\/div>\n<\/div>\n<\/div>\n<\/div>\n<\/div>\n<\/div>\n<\/div>\n<\/div>\n<\/div>\n<\/div>\n<div id=\"49583\" class=\"section-content\" data-hydration-on-demand=\"true\" data-ga-category=\"en\/enterprise\/zenmuse-l2_49583\" data-component=\"4b248d9f\" data-gtm-vis-recente-na-tela6907517_879=\"326227\" data-gtm-vis-primeiro-no-ecr=\"\" data-gtm-vis-tempo-vis=\"\" data-gtm-vis-foi-disparado6907517_879=\"1\">\n<div class=\"atom-component\" tabindex=\"0\" role=\"button\">\n<div class=\"atom-design-v1 style__hero-vertical-component___2JEHR\">\n<div id=\"\">\n<div class=\"estilo__lista-de-cart\u00f5es-vertical___LceQJ estilo__alinhamento-central-vertical___39Pu3\">\n<div class=\"estilo__cart\u00e3o-vertical-col___3agtC\">\n<div class=\"atom-design-v1 estilo__her\u00f3i-cart\u00e3o-vertical___2B64y\">\n<div class=\"estilo__card-wrapper___3yqfZ estilo__vertical-top-align___3w7Dp estilo__horizontal-center-align___YtBVc\" tabindex=\"0\">\n<div class=\"estilo__cart\u00e3o-contentor___KPQkl estilo__tamanho-xl___30LZE\">\n<div class=\"estilo__texto-conte\u00fado-contentor___1aLKY\">\n<div class=\"estilo__card-wrapper___3yqfZ estilo__vertical-central-alinhamento___3RP93 estilo__horizontal-esquerda-alinhamento___3tk_z\" tabindex=\"0\">\n<div class=\"estilo__cart\u00e3o-contentor___KPQkl estilo__tamanho-xl___30LZE\">\n<div class=\"estilo__texto-conte\u00fado-contentor___1aLKY\">\n<div class=\"estilo__card-wrapper___3yqfZ estilo__vertical-central-alinhamento___3RP93 estilo__horizontal-esquerda-alinhamento___3tk_z\" tabindex=\"0\">\n<div class=\"estilo__cart\u00e3o-contentor___KPQkl estilo__tamanho-xl___30LZE\">\n<div class=\"estilo__texto-conte\u00fado-contentor___1aLKY\">\n<p>&nbsp;<\/p>\n<\/div>\n<\/div>\n<\/div>\n<\/div>\n<\/div>\n<\/div>\n<\/div>\n<\/div>\n<\/div>\n<\/div>\n<\/div>\n<\/div>\n<\/div>\n<\/div>\n<\/div>\n<\/div>\n\n\n<div class=\"kk-star-ratings kksr-auto kksr-align-center kksr-valign-bottom\"\n    data-payload='{&quot;align&quot;:&quot;center&quot;,&quot;id&quot;:&quot;40556&quot;,&quot;slug&quot;:&quot;default&quot;,&quot;valign&quot;:&quot;bottom&quot;,&quot;ignore&quot;:&quot;&quot;,&quot;reference&quot;:&quot;auto&quot;,&quot;class&quot;:&quot;&quot;,&quot;count&quot;:&quot;0&quot;,&quot;legendonly&quot;:&quot;&quot;,&quot;readonly&quot;:&quot;&quot;,&quot;score&quot;:&quot;0&quot;,&quot;starsonly&quot;:&quot;&quot;,&quot;best&quot;:&quot;5&quot;,&quot;gap&quot;:&quot;5&quot;,&quot;greet&quot;:&quot;Val\u00f3ranos&quot;,&quot;legend&quot;:&quot;0\\\/5 - (0 votes)&quot;,&quot;size&quot;:&quot;24&quot;,&quot;title&quot;:&quot;Pack: DJI Matrice 350 RTK + Zenmuse L2&quot;,&quot;width&quot;:&quot;0&quot;,&quot;_legend&quot;:&quot;{score}\\\/{best} - ({count} {votes})&quot;,&quot;font_factor&quot;:&quot;1.25&quot;}'>\n            \n<div class=\"kksr-stars\">\n    \n<div class=\"kksr-stars-inactive\">\n            <div class=\"kksr-star\" data-star=\"1\" style=\"padding-right: 5px\">\n            \n\n<div class=\"kksr-icon\" style=\"width: 24px; height: 24px;\"><\/div>\n        <\/div>\n            <div class=\"kksr-star\" data-star=\"2\" style=\"padding-right: 5px\">\n            \n\n<div class=\"kksr-icon\" style=\"width: 24px; height: 24px;\"><\/div>\n        <\/div>\n            <div class=\"kksr-star\" data-star=\"3\" style=\"padding-right: 5px\">\n            \n\n<div class=\"kksr-icon\" style=\"width: 24px; height: 24px;\"><\/div>\n        <\/div>\n            <div class=\"kksr-star\" data-star=\"4\" style=\"padding-right: 5px\">\n            \n\n<div class=\"kksr-icon\" style=\"width: 24px; height: 24px;\"><\/div>\n        <\/div>\n            <div class=\"kksr-star\" data-star=\"5\" style=\"padding-right: 5px\">\n            \n\n<div class=\"kksr-icon\" style=\"width: 24px; height: 24px;\"><\/div>\n        <\/div>\n    <\/div>\n    \n<div class=\"kksr-stars-active\" style=\"width: 0px;\">\n            <div class=\"kksr-star\" style=\"padding-right: 5px\">\n            \n\n<div class=\"kksr-icon\" style=\"width: 24px; height: 24px;\"><\/div>\n        <\/div>\n            <div class=\"kksr-star\" style=\"padding-right: 5px\">\n            \n\n<div class=\"kksr-icon\" style=\"width: 24px; height: 24px;\"><\/div>\n        <\/div>\n            <div class=\"kksr-star\" style=\"padding-right: 5px\">\n            \n\n<div class=\"kksr-icon\" style=\"width: 24px; height: 24px;\"><\/div>\n        <\/div>\n            <div class=\"kksr-star\" style=\"padding-right: 5px\">\n            \n\n<div class=\"kksr-icon\" style=\"width: 24px; height: 24px;\"><\/div>\n        <\/div>\n            <div class=\"kksr-star\" style=\"padding-right: 5px\">\n            \n\n<div class=\"kksr-icon\" style=\"width: 24px; height: 24px;\"><\/div>\n        <\/div>\n    <\/div>\n<\/div>\n                \n\n<div class=\"kksr-legend\" style=\"font-size: 19.2px;\">\n            <span class=\"kksr-muted\">Val\u00f3ranos<\/span>\n    <\/div>\n    <\/div>\n","protected":false},"excerpt":{"rendered":"<h2>DJI Matrice 350 RTK + Zenmuse L2 Pack<\/h2>\n<p>Um pacote completo para levantamentos t\u00e9cnicos utilizando lidar e fotogrametria, e inspe\u00e7\u00f5es t\u00e9cnicas utilizando lidar em redes el\u00e9tricas e outras infraestruturas, incluindo os seguintes elementos:<\/p>\n<ul>\n<li>Dron <a href=\"https:\/\/atyges.es\/pt\/tienda\/product\/dji-matrice-350-rtk\/\">DJI Matrice 350 RTK<\/a>.<\/li>\n<li>Sensor Lidar <a href=\"https:\/\/atyges.es\/pt\/tienda\/zenmuse-l2\/\">Zenmuse L2<\/a>.<\/li>\n<li><a href=\"https:\/\/atyges.es\/pt\/tienda\/product\/curso-de-formacion-sistema-lidar-matrice-350-rtk-zenmuse-l2\/\">Curso de forma\u00e7\u00e3o personalizado sobre a utiliza\u00e7\u00e3o do pacote adquirido<\/a> ministrado por engenheiros certificados pela DJI (DJI ENT \u200b\u200b\u200b\u200bSolutions Engineer (Inspection)).<\/li>\n<\/ul>\n<p>O <strong>Zenmuse L2<\/strong> integra LiDAR montado em quadro, um sistema IMU de alta precis\u00e3o desenvolvido por n\u00f3s pr\u00f3prios e uma c\u00e2mara de mapeamento CMOS RGB 4\/3 que permite \u00e0s plataformas de voo <a href=\"https:\/\/atyges.es\/pt\/tienda\/product\/dji-matrice-350-rtk\/\">DJI Matrice 350 RTK<\/a> e <a href=\"https:\/\/atyges.es\/pt\/product\/dji-matrice-300-rtk\/\">Matrice 300 RTK<\/a> obtenham dados geoespaciais mais precisos, eficientes e fi\u00e1veis.<\/p>\n<p>Quando utilizado com o <strong>DJI Terra<\/strong>, oferece uma solu\u00e7\u00e3o completa e pronta a utilizar para a recolha e p\u00f3s-processamento de dados 3D de alta precis\u00e3o. Pode ser utilizado em topografia, engenharia, constru\u00e7\u00e3o, agricultura, seguran\u00e7a, topografia e mapeamento de terrenos, bem como em gest\u00e3o de energia, silvicultura e infraestruturas.<\/p>\n<p><a class=\"button\" href=\"https:\/\/atyges.es\/pt\/formulario-matrice-350-rtk-dji-enterprise\/\" rel=\"noopener noreferrer\">Se necessitar de um or\u00e7amento ou quiser contactar o nosso departamento t\u00e9cnico-comercial, solicite informa\u00e7\u00f5es atrav\u00e9s deste formul\u00e1rio<\/a><\/p>\n","protected":false},"featured_media":40555,"template":"","meta":[],"product_brand":[],"product_cat":[1288,1289,1276,1577,1283],"product_tag":[2005,2010,1648,1305,1658,1659,1647],"class_list":{"0":"post-40556","1":"product","2":"type-product","3":"status-publish","4":"has-post-thumbnail","6":"product_cat-drones-para-inspecoes-tecnicas","7":"product_cat-drones-para-seguranca-e-vigilancia","8":"product_cat-drones-profissionais-pt","9":"product_cat-matrice-350-rtk-pt","10":"product_cat-promocoes-e-ofertas","11":"product_tag-drone-com-lidar","12":"product_tag-inspecoes-fotovoltaicas","13":"product_tag-l2-pt","14":"product_tag-lidar-pt","15":"product_tag-lidar-5-ecos-pt","16":"product_tag-lidar-aereo-pt","17":"product_tag-lidar-dji-pt","18":"product_shipping_class-envio-gratuito-es-pt","20":"first","21":"instock","22":"taxable","23":"shipping-taxable","24":"purchasable","25":"product-type-simple"},"yoast_head":"<!-- This site is optimized with the Yoast SEO plugin v27.2 - https:\/\/yoast.com\/product\/yoast-seo-wordpress\/ -->\n<title>Matrice 350 RTK + Zenmuse L2 | Levantamentos LiDAR e fotogrametria a\u00e9rea<\/title>\n<meta name=\"description\" content=\"Matrice 350 RTK + Zenmuse L2 \u2b50Pacote completo para inspe\u00e7\u00e3o t\u00e9cnica e pesquisas Lidar \u2b50 ATyges, especialistas em drones. \u2705\u3010Distribuidores oficiais da DJI\u3011\u2705.\" \/>\n<meta name=\"robots\" content=\"index, follow, max-snippet:-1, max-image-preview:large, max-video-preview:-1\" \/>\n<link rel=\"canonical\" href=\"https:\/\/atyges.es\/pt\/tienda\/product\/pack-dji-matrice-350-rtk-zenmuse-l2\/\" \/>\n<meta property=\"og:locale\" content=\"pt_PT\" \/>\n<meta property=\"og:type\" content=\"article\" \/>\n<meta property=\"og:title\" content=\"Matrice 350 RTK + Zenmuse L2 | Levantamentos LiDAR e fotogrametria a\u00e9rea\" \/>\n<meta property=\"og:description\" content=\"Matrice 350 RTK + Zenmuse L2 \u2b50Pacote completo para inspe\u00e7\u00e3o t\u00e9cnica e pesquisas Lidar \u2b50 ATyges, especialistas em drones. \u2705\u3010Distribuidores oficiais da DJI\u3011\u2705.\" \/>\n<meta property=\"og:url\" content=\"https:\/\/atyges.es\/pt\/tienda\/product\/pack-dji-matrice-350-rtk-zenmuse-l2\/\" \/>\n<meta property=\"og:site_name\" content=\"ATyges\" \/>\n<meta property=\"article:modified_time\" content=\"2025-04-20T22:38:25+00:00\" \/>\n<meta property=\"og:image\" content=\"https:\/\/atyges.es\/wp-content\/uploads\/2025\/04\/pack_M350_L2-scaled.jpg\" \/>\n\t<meta property=\"og:image:width\" content=\"2560\" \/>\n\t<meta property=\"og:image:height\" content=\"2560\" \/>\n\t<meta property=\"og:image:type\" content=\"image\/jpeg\" \/>\n<meta name=\"twitter:card\" content=\"summary_large_image\" \/>\n<script type=\"application\/ld+json\" class=\"yoast-schema-graph\">{\"@context\":\"https:\/\/schema.org\",\"@graph\":[{\"@type\":\"WebPage\",\"@id\":\"https:\/\/atyges.es\/pt\/tienda\/product\/pack-dji-matrice-350-rtk-zenmuse-l2\/\",\"url\":\"https:\/\/atyges.es\/pt\/tienda\/product\/pack-dji-matrice-350-rtk-zenmuse-l2\/\",\"name\":\"Matrice 350 RTK + Zenmuse L2 | Levantamentos LiDAR e fotogrametria a\u00e9rea\",\"isPartOf\":{\"@id\":\"https:\/\/atyges.es\/pt\/#website\"},\"primaryImageOfPage\":{\"@id\":\"https:\/\/atyges.es\/pt\/tienda\/product\/pack-dji-matrice-350-rtk-zenmuse-l2\/#primaryimage\"},\"image\":{\"@id\":\"https:\/\/atyges.es\/pt\/tienda\/product\/pack-dji-matrice-350-rtk-zenmuse-l2\/#primaryimage\"},\"thumbnailUrl\":\"https:\/\/atyges.es\/wp-content\/uploads\/2025\/04\/pack_M350_L2-scaled.jpg\",\"datePublished\":\"2025-04-20T21:06:09+00:00\",\"dateModified\":\"2025-04-20T22:38:25+00:00\",\"description\":\"Matrice 350 RTK + Zenmuse L2 \u2b50Pacote completo para inspe\u00e7\u00e3o t\u00e9cnica e pesquisas Lidar \u2b50 ATyges, especialistas em drones. \u2705\u3010Distribuidores oficiais da DJI\u3011\u2705.\",\"breadcrumb\":{\"@id\":\"https:\/\/atyges.es\/pt\/tienda\/product\/pack-dji-matrice-350-rtk-zenmuse-l2\/#breadcrumb\"},\"inLanguage\":\"pt-PT\",\"potentialAction\":[{\"@type\":\"ReadAction\",\"target\":[\"https:\/\/atyges.es\/pt\/tienda\/product\/pack-dji-matrice-350-rtk-zenmuse-l2\/\"]}]},{\"@type\":\"ImageObject\",\"inLanguage\":\"pt-PT\",\"@id\":\"https:\/\/atyges.es\/pt\/tienda\/product\/pack-dji-matrice-350-rtk-zenmuse-l2\/#primaryimage\",\"url\":\"https:\/\/atyges.es\/wp-content\/uploads\/2025\/04\/pack_M350_L2-scaled.jpg\",\"contentUrl\":\"https:\/\/atyges.es\/wp-content\/uploads\/2025\/04\/pack_M350_L2-scaled.jpg\",\"width\":2560,\"height\":2560,\"caption\":\"Pack Matrice 350 RTK + Zenmuse L2\"},{\"@type\":\"BreadcrumbList\",\"@id\":\"https:\/\/atyges.es\/pt\/tienda\/product\/pack-dji-matrice-350-rtk-zenmuse-l2\/#breadcrumb\",\"itemListElement\":[{\"@type\":\"ListItem\",\"position\":1,\"name\":\"Portada\",\"item\":\"https:\/\/atyges.es\/pt\/\"},{\"@type\":\"ListItem\",\"position\":2,\"name\":\"Produtos\",\"item\":\"https:\/\/atyges.es\/pt\/shop\/\"},{\"@type\":\"ListItem\",\"position\":3,\"name\":\"Pack: DJI Matrice 350 RTK + Zenmuse L2\"}]},{\"@type\":\"WebSite\",\"@id\":\"https:\/\/atyges.es\/pt\/#website\",\"url\":\"https:\/\/atyges.es\/pt\/\",\"name\":\"ATyges\",\"description\":\"\",\"publisher\":{\"@id\":\"https:\/\/atyges.es\/pt\/#organization\"},\"potentialAction\":[{\"@type\":\"SearchAction\",\"target\":{\"@type\":\"EntryPoint\",\"urlTemplate\":\"https:\/\/atyges.es\/pt\/?s={search_term_string}\"},\"query-input\":{\"@type\":\"PropertyValueSpecification\",\"valueRequired\":true,\"valueName\":\"search_term_string\"}}],\"inLanguage\":\"pt-PT\"},{\"@type\":\"Organization\",\"@id\":\"https:\/\/atyges.es\/pt\/#organization\",\"name\":\"Atyges\",\"url\":\"https:\/\/atyges.es\/pt\/\",\"logo\":{\"@type\":\"ImageObject\",\"inLanguage\":\"pt-PT\",\"@id\":\"https:\/\/atyges.es\/pt\/#\/schema\/logo\/image\/\",\"url\":\"https:\/\/atyges.es\/wp-content\/uploads\/2022\/01\/Logo_ATyges_Store.png\",\"contentUrl\":\"https:\/\/atyges.es\/wp-content\/uploads\/2022\/01\/Logo_ATyges_Store.png\",\"width\":1228,\"height\":200,\"caption\":\"Atyges\"},\"image\":{\"@id\":\"https:\/\/atyges.es\/pt\/#\/schema\/logo\/image\/\"}}]}<\/script>\n<!-- \/ Yoast SEO plugin. -->","yoast_head_json":{"title":"Matrice 350 RTK + Zenmuse L2 | Levantamentos LiDAR e fotogrametria a\u00e9rea","description":"Matrice 350 RTK + Zenmuse L2 \u2b50Pacote completo para inspe\u00e7\u00e3o t\u00e9cnica e pesquisas Lidar \u2b50 ATyges, especialistas em drones. \u2705\u3010Distribuidores oficiais da DJI\u3011\u2705.","robots":{"index":"index","follow":"follow","max-snippet":"max-snippet:-1","max-image-preview":"max-image-preview:large","max-video-preview":"max-video-preview:-1"},"canonical":"https:\/\/atyges.es\/pt\/tienda\/product\/pack-dji-matrice-350-rtk-zenmuse-l2\/","og_locale":"pt_PT","og_type":"article","og_title":"Matrice 350 RTK + Zenmuse L2 | Levantamentos LiDAR e fotogrametria a\u00e9rea","og_description":"Matrice 350 RTK + Zenmuse L2 \u2b50Pacote completo para inspe\u00e7\u00e3o t\u00e9cnica e pesquisas Lidar \u2b50 ATyges, especialistas em drones. \u2705\u3010Distribuidores oficiais da DJI\u3011\u2705.","og_url":"https:\/\/atyges.es\/pt\/tienda\/product\/pack-dji-matrice-350-rtk-zenmuse-l2\/","og_site_name":"ATyges","article_modified_time":"2025-04-20T22:38:25+00:00","og_image":[{"width":2560,"height":2560,"url":"https:\/\/atyges.es\/wp-content\/uploads\/2025\/04\/pack_M350_L2-scaled.jpg","type":"image\/jpeg"}],"twitter_card":"summary_large_image","schema":{"@context":"https:\/\/schema.org","@graph":[{"@type":"WebPage","@id":"https:\/\/atyges.es\/pt\/tienda\/product\/pack-dji-matrice-350-rtk-zenmuse-l2\/","url":"https:\/\/atyges.es\/pt\/tienda\/product\/pack-dji-matrice-350-rtk-zenmuse-l2\/","name":"Matrice 350 RTK + Zenmuse L2 | Levantamentos LiDAR e fotogrametria a\u00e9rea","isPartOf":{"@id":"https:\/\/atyges.es\/pt\/#website"},"primaryImageOfPage":{"@id":"https:\/\/atyges.es\/pt\/tienda\/product\/pack-dji-matrice-350-rtk-zenmuse-l2\/#primaryimage"},"image":{"@id":"https:\/\/atyges.es\/pt\/tienda\/product\/pack-dji-matrice-350-rtk-zenmuse-l2\/#primaryimage"},"thumbnailUrl":"https:\/\/atyges.es\/wp-content\/uploads\/2025\/04\/pack_M350_L2-scaled.jpg","datePublished":"2025-04-20T21:06:09+00:00","dateModified":"2025-04-20T22:38:25+00:00","description":"Matrice 350 RTK + Zenmuse L2 \u2b50Pacote completo para inspe\u00e7\u00e3o t\u00e9cnica e pesquisas Lidar \u2b50 ATyges, especialistas em drones. \u2705\u3010Distribuidores oficiais da DJI\u3011\u2705.","breadcrumb":{"@id":"https:\/\/atyges.es\/pt\/tienda\/product\/pack-dji-matrice-350-rtk-zenmuse-l2\/#breadcrumb"},"inLanguage":"pt-PT","potentialAction":[{"@type":"ReadAction","target":["https:\/\/atyges.es\/pt\/tienda\/product\/pack-dji-matrice-350-rtk-zenmuse-l2\/"]}]},{"@type":"ImageObject","inLanguage":"pt-PT","@id":"https:\/\/atyges.es\/pt\/tienda\/product\/pack-dji-matrice-350-rtk-zenmuse-l2\/#primaryimage","url":"https:\/\/atyges.es\/wp-content\/uploads\/2025\/04\/pack_M350_L2-scaled.jpg","contentUrl":"https:\/\/atyges.es\/wp-content\/uploads\/2025\/04\/pack_M350_L2-scaled.jpg","width":2560,"height":2560,"caption":"Pack Matrice 350 RTK + Zenmuse L2"},{"@type":"BreadcrumbList","@id":"https:\/\/atyges.es\/pt\/tienda\/product\/pack-dji-matrice-350-rtk-zenmuse-l2\/#breadcrumb","itemListElement":[{"@type":"ListItem","position":1,"name":"Portada","item":"https:\/\/atyges.es\/pt\/"},{"@type":"ListItem","position":2,"name":"Produtos","item":"https:\/\/atyges.es\/pt\/shop\/"},{"@type":"ListItem","position":3,"name":"Pack: DJI Matrice 350 RTK + Zenmuse L2"}]},{"@type":"WebSite","@id":"https:\/\/atyges.es\/pt\/#website","url":"https:\/\/atyges.es\/pt\/","name":"ATyges","description":"","publisher":{"@id":"https:\/\/atyges.es\/pt\/#organization"},"potentialAction":[{"@type":"SearchAction","target":{"@type":"EntryPoint","urlTemplate":"https:\/\/atyges.es\/pt\/?s={search_term_string}"},"query-input":{"@type":"PropertyValueSpecification","valueRequired":true,"valueName":"search_term_string"}}],"inLanguage":"pt-PT"},{"@type":"Organization","@id":"https:\/\/atyges.es\/pt\/#organization","name":"Atyges","url":"https:\/\/atyges.es\/pt\/","logo":{"@type":"ImageObject","inLanguage":"pt-PT","@id":"https:\/\/atyges.es\/pt\/#\/schema\/logo\/image\/","url":"https:\/\/atyges.es\/wp-content\/uploads\/2022\/01\/Logo_ATyges_Store.png","contentUrl":"https:\/\/atyges.es\/wp-content\/uploads\/2022\/01\/Logo_ATyges_Store.png","width":1228,"height":200,"caption":"Atyges"},"image":{"@id":"https:\/\/atyges.es\/pt\/#\/schema\/logo\/image\/"}}]}},"jetpack_sharing_enabled":true,"_links":{"self":[{"href":"https:\/\/atyges.es\/pt\/wp-json\/wp\/v2\/product\/40556","targetHints":{"allow":["GET"]}}],"collection":[{"href":"https:\/\/atyges.es\/pt\/wp-json\/wp\/v2\/product"}],"about":[{"href":"https:\/\/atyges.es\/pt\/wp-json\/wp\/v2\/types\/product"}],"wp:featuredmedia":[{"embeddable":true,"href":"https:\/\/atyges.es\/pt\/wp-json\/wp\/v2\/media\/40555"}],"wp:attachment":[{"href":"https:\/\/atyges.es\/pt\/wp-json\/wp\/v2\/media?parent=40556"}],"wp:term":[{"taxonomy":"product_brand","embeddable":true,"href":"https:\/\/atyges.es\/pt\/wp-json\/wp\/v2\/product_brand?post=40556"},{"taxonomy":"product_cat","embeddable":true,"href":"https:\/\/atyges.es\/pt\/wp-json\/wp\/v2\/product_cat?post=40556"},{"taxonomy":"product_tag","embeddable":true,"href":"https:\/\/atyges.es\/pt\/wp-json\/wp\/v2\/product_tag?post=40556"}],"curies":[{"name":"wp","href":"https:\/\/api.w.org\/{rel}","templated":true}]}}