{"id":40525,"date":"2025-04-18T13:09:42","date_gmt":"2025-04-18T12:09:42","guid":{"rendered":"https:\/\/atyges.es\/product\/zenmuse-v1\/"},"modified":"2025-04-20T18:28:01","modified_gmt":"2025-04-20T17:28:01","slug":"zenmuse-v1","status":"publish","type":"product","link":"https:\/\/atyges.es\/pt\/tienda\/product\/zenmuse-v1\/","title":{"rendered":"Zenmuse V1"},"content":{"rendered":"\n\n<div class=\"kk-star-ratings kksr-auto kksr-align-center kksr-valign-bottom\"\n    data-payload='{&quot;align&quot;:&quot;center&quot;,&quot;id&quot;:&quot;40525&quot;,&quot;slug&quot;:&quot;default&quot;,&quot;valign&quot;:&quot;bottom&quot;,&quot;ignore&quot;:&quot;&quot;,&quot;reference&quot;:&quot;auto&quot;,&quot;class&quot;:&quot;&quot;,&quot;count&quot;:&quot;0&quot;,&quot;legendonly&quot;:&quot;&quot;,&quot;readonly&quot;:&quot;&quot;,&quot;score&quot;:&quot;0&quot;,&quot;starsonly&quot;:&quot;&quot;,&quot;best&quot;:&quot;5&quot;,&quot;gap&quot;:&quot;5&quot;,&quot;greet&quot;:&quot;Val\u00f3ranos&quot;,&quot;legend&quot;:&quot;0\\\/5 - (0 votes)&quot;,&quot;size&quot;:&quot;24&quot;,&quot;title&quot;:&quot;Zenmuse V1&quot;,&quot;width&quot;:&quot;0&quot;,&quot;_legend&quot;:&quot;{score}\\\/{best} - ({count} {votes})&quot;,&quot;font_factor&quot;:&quot;1.25&quot;}'>\n            \n<div class=\"kksr-stars\">\n    \n<div class=\"kksr-stars-inactive\">\n            <div class=\"kksr-star\" data-star=\"1\" style=\"padding-right: 5px\">\n            \n\n<div class=\"kksr-icon\" style=\"width: 24px; height: 24px;\"><\/div>\n        <\/div>\n            <div class=\"kksr-star\" data-star=\"2\" style=\"padding-right: 5px\">\n            \n\n<div class=\"kksr-icon\" style=\"width: 24px; height: 24px;\"><\/div>\n        <\/div>\n            <div class=\"kksr-star\" data-star=\"3\" style=\"padding-right: 5px\">\n            \n\n<div class=\"kksr-icon\" style=\"width: 24px; height: 24px;\"><\/div>\n        <\/div>\n            <div class=\"kksr-star\" data-star=\"4\" style=\"padding-right: 5px\">\n            \n\n<div class=\"kksr-icon\" style=\"width: 24px; height: 24px;\"><\/div>\n        <\/div>\n            <div class=\"kksr-star\" data-star=\"5\" style=\"padding-right: 5px\">\n            \n\n<div class=\"kksr-icon\" style=\"width: 24px; height: 24px;\"><\/div>\n        <\/div>\n    <\/div>\n    \n<div class=\"kksr-stars-active\" style=\"width: 0px;\">\n            <div class=\"kksr-star\" style=\"padding-right: 5px\">\n            \n\n<div class=\"kksr-icon\" style=\"width: 24px; height: 24px;\"><\/div>\n        <\/div>\n            <div class=\"kksr-star\" style=\"padding-right: 5px\">\n            \n\n<div class=\"kksr-icon\" style=\"width: 24px; height: 24px;\"><\/div>\n        <\/div>\n            <div class=\"kksr-star\" style=\"padding-right: 5px\">\n            \n\n<div class=\"kksr-icon\" style=\"width: 24px; height: 24px;\"><\/div>\n        <\/div>\n            <div class=\"kksr-star\" style=\"padding-right: 5px\">\n            \n\n<div class=\"kksr-icon\" style=\"width: 24px; height: 24px;\"><\/div>\n        <\/div>\n            <div class=\"kksr-star\" style=\"padding-right: 5px\">\n            \n\n<div class=\"kksr-icon\" style=\"width: 24px; height: 24px;\"><\/div>\n        <\/div>\n    <\/div>\n<\/div>\n                \n\n<div class=\"kksr-legend\" style=\"font-size: 19.2px;\">\n            <span class=\"kksr-muted\">Val\u00f3ranos<\/span>\n    <\/div>\n    <\/div>\n","protected":false},"excerpt":{"rendered":"<p>Zenmuse V1<br \/>\nO Zenmuse V1 \u00e9 o primeiro altifalante da DJI concebido para plataformas de drones multi-instrumentos, compat\u00edvel com o <a href=\"https:\/\/atyges.es\/pt\/tienda\/product\/dji-matrice-350-rtk\/\">Matrice 350 RTK<\/a> e o Matrice 300 RTK. Apresenta um elevado volume e uma longa dist\u00e2ncia de transmiss\u00e3o e suporta v\u00e1rios modos de transmiss\u00e3o, sendo ideal para cen\u00e1rios como seguran\u00e7a p\u00fablica, resgate de emerg\u00eancia e muito mais.<\/p>\n<p>Pontas<\/p>\n<ol>\n<li>Descarregue as diretrizes de seguran\u00e7a e o manual do utilizador para a sua aeronave compat\u00edvel no site oficial da DJI e leia-os antes de a utilizar pela primeira vez.<\/li>\n<li>Ao utilizar o Zenmuse V1, o volume excessivo do altifalante pode causar algum grau de dano \u00e0s pessoas. Garanta a seguran\u00e7a.<\/li>\n<\/ol>\n<p>Conte\u00fado da embalagem<\/p>\n<ul>\n<li>Zenmuse V1 \u00d7 1<\/li>\n<li>Estojo de transporte \u00d7 1<\/li>\n<\/ul>\n<p>Especifica\u00e7\u00f5es<\/p>\n<ul>\n<li>Peso: 690 \u00b1 10 g<\/li>\n<li>Dimens\u00f5es: 134 \u00d7 119 \u00d7 140 mm (C \u00d7 L \u00d7 A)<\/li>\n<li>Pot\u00eancia nominal: 30 W<\/li>\n<li>N\u00edvel m\u00e1ximo de press\u00e3o sonora: 127 dB a 1 m<em> [1]<\/em><\/li>\n<li>Dist\u00e2ncia efetiva de emiss\u00e3o: 500 m<em> [1]<\/em><\/li>\n<li>Aeronaves compat\u00edveis: M300 RTK (requer DJI RC Plus), M350 RTK<\/li>\n<li>Classifica\u00e7\u00e3o de prote\u00e7\u00e3o de entrada: IP54 <em>[2]<\/em><\/li>\n<li>Temperatura de funcionamento: \u221220 a 50\u00b0C (\u22124 a 122\u00b0F)<\/li>\n<\/ul>\n<p>Compatibilidade<\/p>\n<ul>\n<li><a href=\"https:\/\/atyges.es\/pt\/tienda\/product\/dji-matrice-350-rtk\/\">Matrice 350 RTK<\/a><\/li>\n<li>Matrice 300 RTK<\/li>\n<\/ul>\n<p>1. Medido em ambiente laboratorial a 25\u00b0C (77\u00b0F). As condi\u00e7\u00f5es reais podem variar ligeiramente devido \u00e0 vers\u00e3o do software, \u00e0 fonte de \u00e1udio, ao ambiente espec\u00edfico e a outros fatores. O efeito final depende da utiliza\u00e7\u00e3o real.<\/p>\n<p>2. Em condi\u00e7\u00f5es est\u00e1veis \u200b\u200bde laborat\u00f3rio, pode atingir uma classifica\u00e7\u00e3o de prote\u00e7\u00e3o IP54 de acordo com as normas IEC60529. A classifica\u00e7\u00e3o de prote\u00e7\u00e3o de entrada IP n\u00e3o \u00e9 permanentemente eficaz e pode diminuir devido ao desgaste do produto.<\/p>\n<p>&nbsp;<\/p>\n","protected":false},"featured_media":40503,"template":"","meta":[],"product_brand":[],"product_cat":[1289,1577],"product_tag":[1995],"class_list":{"0":"post-40525","1":"product","2":"type-product","3":"status-publish","4":"has-post-thumbnail","6":"product_cat-drones-para-seguranca-e-vigilancia","7":"product_cat-matrice-350-rtk-pt","8":"product_tag-alto-falante-matrice-350","9":"product_shipping_class-envio-gratuito-es-pt","11":"first","12":"instock","13":"taxable","14":"shipping-taxable","15":"purchasable","16":"product-type-simple"},"yoast_head":"<!-- This site is optimized with the Yoast SEO plugin v27.2 - https:\/\/yoast.com\/product\/yoast-seo-wordpress\/ -->\n<title>Zenmuse V1 Alcance Alto e Claro<\/title>\n<meta name=\"description\" content=\"Zenmuse V1 | Primeiro alto-falante da DJI para plataformas de drones com m\u00faltiplas cargas \u00fateis | ATyges distribuidor oficial DJI Enterprise\" \/>\n<meta name=\"robots\" content=\"index, follow, max-snippet:-1, max-image-preview:large, max-video-preview:-1\" \/>\n<link rel=\"canonical\" href=\"https:\/\/atyges.es\/pt\/tienda\/product\/zenmuse-v1\/\" \/>\n<meta property=\"og:locale\" content=\"pt_PT\" \/>\n<meta property=\"og:type\" content=\"article\" \/>\n<meta property=\"og:title\" content=\"Zenmuse V1 Alcance Alto e Claro\" \/>\n<meta property=\"og:description\" content=\"Zenmuse V1 | Primeiro alto-falante da DJI para plataformas de drones com m\u00faltiplas cargas \u00fateis | ATyges distribuidor oficial DJI Enterprise\" \/>\n<meta property=\"og:url\" content=\"https:\/\/atyges.es\/pt\/tienda\/product\/zenmuse-v1\/\" \/>\n<meta property=\"og:site_name\" content=\"ATyges\" \/>\n<meta property=\"article:modified_time\" content=\"2025-04-20T17:28:01+00:00\" \/>\n<meta property=\"og:image\" content=\"https:\/\/atyges.es\/wp-content\/uploads\/2025\/04\/zenmuse-v1.jpg\" \/>\n\t<meta property=\"og:image:width\" content=\"1100\" \/>\n\t<meta property=\"og:image:height\" content=\"1422\" \/>\n\t<meta property=\"og:image:type\" content=\"image\/jpeg\" \/>\n<meta name=\"twitter:card\" content=\"summary_large_image\" \/>\n<script type=\"application\/ld+json\" class=\"yoast-schema-graph\">{\"@context\":\"https:\/\/schema.org\",\"@graph\":[{\"@type\":\"WebPage\",\"@id\":\"https:\/\/atyges.es\/pt\/tienda\/product\/zenmuse-v1\/\",\"url\":\"https:\/\/atyges.es\/pt\/tienda\/product\/zenmuse-v1\/\",\"name\":\"Zenmuse V1 Alcance Alto e Claro\",\"isPartOf\":{\"@id\":\"https:\/\/atyges.es\/pt\/#website\"},\"primaryImageOfPage\":{\"@id\":\"https:\/\/atyges.es\/pt\/tienda\/product\/zenmuse-v1\/#primaryimage\"},\"image\":{\"@id\":\"https:\/\/atyges.es\/pt\/tienda\/product\/zenmuse-v1\/#primaryimage\"},\"thumbnailUrl\":\"https:\/\/atyges.es\/wp-content\/uploads\/2025\/04\/zenmuse-v1.jpg\",\"datePublished\":\"2025-04-18T12:09:42+00:00\",\"dateModified\":\"2025-04-20T17:28:01+00:00\",\"description\":\"Zenmuse V1 | Primeiro alto-falante da DJI para plataformas de drones com m\u00faltiplas cargas \u00fateis | ATyges distribuidor oficial DJI Enterprise\",\"breadcrumb\":{\"@id\":\"https:\/\/atyges.es\/pt\/tienda\/product\/zenmuse-v1\/#breadcrumb\"},\"inLanguage\":\"pt-PT\",\"potentialAction\":[{\"@type\":\"ReadAction\",\"target\":[\"https:\/\/atyges.es\/pt\/tienda\/product\/zenmuse-v1\/\"]}]},{\"@type\":\"ImageObject\",\"inLanguage\":\"pt-PT\",\"@id\":\"https:\/\/atyges.es\/pt\/tienda\/product\/zenmuse-v1\/#primaryimage\",\"url\":\"https:\/\/atyges.es\/wp-content\/uploads\/2025\/04\/zenmuse-v1.jpg\",\"contentUrl\":\"https:\/\/atyges.es\/wp-content\/uploads\/2025\/04\/zenmuse-v1.jpg\",\"width\":1100,\"height\":1422,\"caption\":\"Zenmuse V1 - Alto-falante\"},{\"@type\":\"BreadcrumbList\",\"@id\":\"https:\/\/atyges.es\/pt\/tienda\/product\/zenmuse-v1\/#breadcrumb\",\"itemListElement\":[{\"@type\":\"ListItem\",\"position\":1,\"name\":\"Portada\",\"item\":\"https:\/\/atyges.es\/pt\/\"},{\"@type\":\"ListItem\",\"position\":2,\"name\":\"Produtos\",\"item\":\"https:\/\/atyges.es\/pt\/shop\/\"},{\"@type\":\"ListItem\",\"position\":3,\"name\":\"Zenmuse V1\"}]},{\"@type\":\"WebSite\",\"@id\":\"https:\/\/atyges.es\/pt\/#website\",\"url\":\"https:\/\/atyges.es\/pt\/\",\"name\":\"ATyges\",\"description\":\"\",\"publisher\":{\"@id\":\"https:\/\/atyges.es\/pt\/#organization\"},\"potentialAction\":[{\"@type\":\"SearchAction\",\"target\":{\"@type\":\"EntryPoint\",\"urlTemplate\":\"https:\/\/atyges.es\/pt\/?s={search_term_string}\"},\"query-input\":{\"@type\":\"PropertyValueSpecification\",\"valueRequired\":true,\"valueName\":\"search_term_string\"}}],\"inLanguage\":\"pt-PT\"},{\"@type\":\"Organization\",\"@id\":\"https:\/\/atyges.es\/pt\/#organization\",\"name\":\"Atyges\",\"url\":\"https:\/\/atyges.es\/pt\/\",\"logo\":{\"@type\":\"ImageObject\",\"inLanguage\":\"pt-PT\",\"@id\":\"https:\/\/atyges.es\/pt\/#\/schema\/logo\/image\/\",\"url\":\"https:\/\/atyges.es\/wp-content\/uploads\/2022\/01\/Logo_ATyges_Store.png\",\"contentUrl\":\"https:\/\/atyges.es\/wp-content\/uploads\/2022\/01\/Logo_ATyges_Store.png\",\"width\":1228,\"height\":200,\"caption\":\"Atyges\"},\"image\":{\"@id\":\"https:\/\/atyges.es\/pt\/#\/schema\/logo\/image\/\"}}]}<\/script>\n<!-- \/ Yoast SEO plugin. -->","yoast_head_json":{"title":"Zenmuse V1 Alcance Alto e Claro","description":"Zenmuse V1 | Primeiro alto-falante da DJI para plataformas de drones com m\u00faltiplas cargas \u00fateis | ATyges distribuidor oficial DJI Enterprise","robots":{"index":"index","follow":"follow","max-snippet":"max-snippet:-1","max-image-preview":"max-image-preview:large","max-video-preview":"max-video-preview:-1"},"canonical":"https:\/\/atyges.es\/pt\/tienda\/product\/zenmuse-v1\/","og_locale":"pt_PT","og_type":"article","og_title":"Zenmuse V1 Alcance Alto e Claro","og_description":"Zenmuse V1 | Primeiro alto-falante da DJI para plataformas de drones com m\u00faltiplas cargas \u00fateis | ATyges distribuidor oficial DJI Enterprise","og_url":"https:\/\/atyges.es\/pt\/tienda\/product\/zenmuse-v1\/","og_site_name":"ATyges","article_modified_time":"2025-04-20T17:28:01+00:00","og_image":[{"width":1100,"height":1422,"url":"https:\/\/atyges.es\/wp-content\/uploads\/2025\/04\/zenmuse-v1.jpg","type":"image\/jpeg"}],"twitter_card":"summary_large_image","schema":{"@context":"https:\/\/schema.org","@graph":[{"@type":"WebPage","@id":"https:\/\/atyges.es\/pt\/tienda\/product\/zenmuse-v1\/","url":"https:\/\/atyges.es\/pt\/tienda\/product\/zenmuse-v1\/","name":"Zenmuse V1 Alcance Alto e Claro","isPartOf":{"@id":"https:\/\/atyges.es\/pt\/#website"},"primaryImageOfPage":{"@id":"https:\/\/atyges.es\/pt\/tienda\/product\/zenmuse-v1\/#primaryimage"},"image":{"@id":"https:\/\/atyges.es\/pt\/tienda\/product\/zenmuse-v1\/#primaryimage"},"thumbnailUrl":"https:\/\/atyges.es\/wp-content\/uploads\/2025\/04\/zenmuse-v1.jpg","datePublished":"2025-04-18T12:09:42+00:00","dateModified":"2025-04-20T17:28:01+00:00","description":"Zenmuse V1 | Primeiro alto-falante da DJI para plataformas de drones com m\u00faltiplas cargas \u00fateis | ATyges distribuidor oficial DJI Enterprise","breadcrumb":{"@id":"https:\/\/atyges.es\/pt\/tienda\/product\/zenmuse-v1\/#breadcrumb"},"inLanguage":"pt-PT","potentialAction":[{"@type":"ReadAction","target":["https:\/\/atyges.es\/pt\/tienda\/product\/zenmuse-v1\/"]}]},{"@type":"ImageObject","inLanguage":"pt-PT","@id":"https:\/\/atyges.es\/pt\/tienda\/product\/zenmuse-v1\/#primaryimage","url":"https:\/\/atyges.es\/wp-content\/uploads\/2025\/04\/zenmuse-v1.jpg","contentUrl":"https:\/\/atyges.es\/wp-content\/uploads\/2025\/04\/zenmuse-v1.jpg","width":1100,"height":1422,"caption":"Zenmuse V1 - Alto-falante"},{"@type":"BreadcrumbList","@id":"https:\/\/atyges.es\/pt\/tienda\/product\/zenmuse-v1\/#breadcrumb","itemListElement":[{"@type":"ListItem","position":1,"name":"Portada","item":"https:\/\/atyges.es\/pt\/"},{"@type":"ListItem","position":2,"name":"Produtos","item":"https:\/\/atyges.es\/pt\/shop\/"},{"@type":"ListItem","position":3,"name":"Zenmuse V1"}]},{"@type":"WebSite","@id":"https:\/\/atyges.es\/pt\/#website","url":"https:\/\/atyges.es\/pt\/","name":"ATyges","description":"","publisher":{"@id":"https:\/\/atyges.es\/pt\/#organization"},"potentialAction":[{"@type":"SearchAction","target":{"@type":"EntryPoint","urlTemplate":"https:\/\/atyges.es\/pt\/?s={search_term_string}"},"query-input":{"@type":"PropertyValueSpecification","valueRequired":true,"valueName":"search_term_string"}}],"inLanguage":"pt-PT"},{"@type":"Organization","@id":"https:\/\/atyges.es\/pt\/#organization","name":"Atyges","url":"https:\/\/atyges.es\/pt\/","logo":{"@type":"ImageObject","inLanguage":"pt-PT","@id":"https:\/\/atyges.es\/pt\/#\/schema\/logo\/image\/","url":"https:\/\/atyges.es\/wp-content\/uploads\/2022\/01\/Logo_ATyges_Store.png","contentUrl":"https:\/\/atyges.es\/wp-content\/uploads\/2022\/01\/Logo_ATyges_Store.png","width":1228,"height":200,"caption":"Atyges"},"image":{"@id":"https:\/\/atyges.es\/pt\/#\/schema\/logo\/image\/"}}]}},"jetpack_sharing_enabled":true,"_links":{"self":[{"href":"https:\/\/atyges.es\/pt\/wp-json\/wp\/v2\/product\/40525","targetHints":{"allow":["GET"]}}],"collection":[{"href":"https:\/\/atyges.es\/pt\/wp-json\/wp\/v2\/product"}],"about":[{"href":"https:\/\/atyges.es\/pt\/wp-json\/wp\/v2\/types\/product"}],"wp:featuredmedia":[{"embeddable":true,"href":"https:\/\/atyges.es\/pt\/wp-json\/wp\/v2\/media\/40503"}],"wp:attachment":[{"href":"https:\/\/atyges.es\/pt\/wp-json\/wp\/v2\/media?parent=40525"}],"wp:term":[{"taxonomy":"product_brand","embeddable":true,"href":"https:\/\/atyges.es\/pt\/wp-json\/wp\/v2\/product_brand?post=40525"},{"taxonomy":"product_cat","embeddable":true,"href":"https:\/\/atyges.es\/pt\/wp-json\/wp\/v2\/product_cat?post=40525"},{"taxonomy":"product_tag","embeddable":true,"href":"https:\/\/atyges.es\/pt\/wp-json\/wp\/v2\/product_tag?post=40525"}],"curies":[{"name":"wp","href":"https:\/\/api.w.org\/{rel}","templated":true}]}}