{"id":40498,"date":"2025-04-18T10:58:44","date_gmt":"2025-04-18T09:58:44","guid":{"rendered":"https:\/\/atyges.es\/product\/zenmuse-s1\/"},"modified":"2025-04-18T11:42:05","modified_gmt":"2025-04-18T10:42:05","slug":"zenmuse-s1","status":"publish","type":"product","link":"https:\/\/atyges.es\/pt\/tienda\/product\/zenmuse-s1\/","title":{"rendered":"Zenmuse S1"},"content":{"rendered":"\n\n<div class=\"kk-star-ratings kksr-auto kksr-align-center kksr-valign-bottom\"\n    data-payload='{&quot;align&quot;:&quot;center&quot;,&quot;id&quot;:&quot;40498&quot;,&quot;slug&quot;:&quot;default&quot;,&quot;valign&quot;:&quot;bottom&quot;,&quot;ignore&quot;:&quot;&quot;,&quot;reference&quot;:&quot;auto&quot;,&quot;class&quot;:&quot;&quot;,&quot;count&quot;:&quot;0&quot;,&quot;legendonly&quot;:&quot;&quot;,&quot;readonly&quot;:&quot;&quot;,&quot;score&quot;:&quot;0&quot;,&quot;starsonly&quot;:&quot;&quot;,&quot;best&quot;:&quot;5&quot;,&quot;gap&quot;:&quot;5&quot;,&quot;greet&quot;:&quot;Val\u00f3ranos&quot;,&quot;legend&quot;:&quot;0\\\/5 - (0 votes)&quot;,&quot;size&quot;:&quot;24&quot;,&quot;title&quot;:&quot;Zenmuse S1&quot;,&quot;width&quot;:&quot;0&quot;,&quot;_legend&quot;:&quot;{score}\\\/{best} - ({count} {votes})&quot;,&quot;font_factor&quot;:&quot;1.25&quot;}'>\n            \n<div class=\"kksr-stars\">\n    \n<div class=\"kksr-stars-inactive\">\n            <div class=\"kksr-star\" data-star=\"1\" style=\"padding-right: 5px\">\n            \n\n<div class=\"kksr-icon\" style=\"width: 24px; height: 24px;\"><\/div>\n        <\/div>\n            <div class=\"kksr-star\" data-star=\"2\" style=\"padding-right: 5px\">\n            \n\n<div class=\"kksr-icon\" style=\"width: 24px; height: 24px;\"><\/div>\n        <\/div>\n            <div class=\"kksr-star\" data-star=\"3\" style=\"padding-right: 5px\">\n            \n\n<div class=\"kksr-icon\" style=\"width: 24px; height: 24px;\"><\/div>\n        <\/div>\n            <div class=\"kksr-star\" data-star=\"4\" style=\"padding-right: 5px\">\n            \n\n<div class=\"kksr-icon\" style=\"width: 24px; height: 24px;\"><\/div>\n        <\/div>\n            <div class=\"kksr-star\" data-star=\"5\" style=\"padding-right: 5px\">\n            \n\n<div class=\"kksr-icon\" style=\"width: 24px; height: 24px;\"><\/div>\n        <\/div>\n    <\/div>\n    \n<div class=\"kksr-stars-active\" style=\"width: 0px;\">\n            <div class=\"kksr-star\" style=\"padding-right: 5px\">\n            \n\n<div class=\"kksr-icon\" style=\"width: 24px; height: 24px;\"><\/div>\n        <\/div>\n            <div class=\"kksr-star\" style=\"padding-right: 5px\">\n            \n\n<div class=\"kksr-icon\" style=\"width: 24px; height: 24px;\"><\/div>\n        <\/div>\n            <div class=\"kksr-star\" style=\"padding-right: 5px\">\n            \n\n<div class=\"kksr-icon\" style=\"width: 24px; height: 24px;\"><\/div>\n        <\/div>\n            <div class=\"kksr-star\" style=\"padding-right: 5px\">\n            \n\n<div class=\"kksr-icon\" style=\"width: 24px; height: 24px;\"><\/div>\n        <\/div>\n            <div class=\"kksr-star\" style=\"padding-right: 5px\">\n            \n\n<div class=\"kksr-icon\" style=\"width: 24px; height: 24px;\"><\/div>\n        <\/div>\n    <\/div>\n<\/div>\n                \n\n<div class=\"kksr-legend\" style=\"font-size: 19.2px;\">\n            <span class=\"kksr-muted\">Val\u00f3ranos<\/span>\n    <\/div>\n    <\/div>\n","protected":false},"excerpt":{"rendered":"<p>Zenmuse S1<\/p>\n<p>O Zenmuse S1 \u00e9 o primeiro holofote da DJI concebido para plataformas de drones multi-instrumentos, compat\u00edvel com o Matrice 350 RTK e o Matrice 300 RTK.<\/p>\n<p>Ao empregar a tecnologia LEP, oferece um elevado brilho e uma longa dist\u00e2ncia de ilumina\u00e7\u00e3o, al\u00e9m de suportar v\u00e1rios modos de ilumina\u00e7\u00e3o. Isto torna-o ideal para seguran\u00e7a p\u00fablica, resgate de emerg\u00eancia, inspe\u00e7\u00f5es e outras opera\u00e7\u00f5es noturnas.<\/p>\n<p>Possui v\u00e1rios modos de ilumina\u00e7\u00e3o:<\/p>\n<ul>\n<li>Modo de feixe curto<\/li>\n<\/ul>\n[video width=\"1386\" height=\"924\" mp4=\"https:\/\/atyges.es\/wp-content\/uploads\/2025\/04\/corto.mp4\" autoplay=\"true\" preload=\"auto\"][\/video]\n<ul>\n<li>Modo de feixe longo<\/li>\n<\/ul>\n[video width=\"1386\" height=\"924\" mp4=\"https:\/\/atyges.es\/wp-content\/uploads\/2025\/04\/largo.mp4\" autoplay=\"true\" preload=\"auto\"][\/video]\n<ul>\n<li>Modo de feixe duplo<\/li>\n<\/ul>\n[video width=\"1386\" height=\"924\" mp4=\"https:\/\/atyges.es\/wp-content\/uploads\/2025\/04\/doble.mp4\" autoplay=\"true\" preload=\"auto\"][\/video]\n<ul>\n<li>Modo estrobosc\u00f3pico<\/li>\n<\/ul>\n[video width=\"1386\" height=\"924\" mp4=\"https:\/\/atyges.es\/wp-content\/uploads\/2025\/04\/estrob.mp4\" autoplay=\"true\" preload=\"auto\"][\/video]\n<p>Dicas pr\u00e1ticas:<\/p>\n<ol>\n<li>Descarregue as diretrizes de seguran\u00e7a e o manual do utilizador do site oficial da DJI e leia-os antes de o utilizar pela primeira vez.<\/li>\n<li>Utilizar o farol \u00e0 noite pode provocar a falha do sistema anticolis\u00e3o. Pode desativar o sistema anticolis\u00e3o conforme necess\u00e1rio e operar a aeronave e o holofote em \u00e1reas relativamente abertas e espa\u00e7osas.<\/li>\n<li>Quando utilizar o Zenmuse S1, n\u00e3o olhe diretamente para o holofote a uma curta dist\u00e2ncia para evitar poss\u00edveis danos. Garanta a seguran\u00e7a.<\/li>\n<li>N\u00e3o toque no revestimento da lente do holofote diretamente com as m\u00e3os nem o arranhe com objetos duros, pois isso pode reduzir a efici\u00eancia da sa\u00edda de luz e afetar o fluxo luminoso e a ilumin\u00e2ncia.<\/li>\n<\/ol>\n<p>Conte\u00fado da embalagem:<\/p>\n<ul>\n<li>Zenmuse S1 \u00d7 1<\/li>\n<li>Capa de prote\u00e7\u00e3o da lente \u00d7 1<\/li>\n<li>Estojo de transporte \u00d7 1<\/li>\n<li>Pano para limpeza de lentes \u00d7 1<\/li>\n<\/ul>\n<p>Especifica\u00e7\u00f5es:<\/p>\n<ul>\n<li>Peso: 760 \u00b1 10 g<\/li>\n<li>Dimens\u00f5es: 125 \u00d7 152 \u00d7 171 mm (C \u00d7 L \u00d7 A)<\/li>\n<li>Pot\u00eancia nominal: 68 W<\/li>\n<li>Ilumin\u00e2ncia central m\u00e1xima: 35 lux a 100 m (modo de feixe duplo) <em>[1]<\/em><\/li>\n<li>Dist\u00e2ncia efetiva de ilumina\u00e7\u00e3o: 500 m (modo de feixe duplo) <em>[2]<\/em><\/li>\n<li>Aeronaves compat\u00edveis: M300 RTK (requer DJI RC Plus), M350 RTK<\/li>\n<li>Classifica\u00e7\u00e3o de prote\u00e7\u00e3o de entrada: IP54 <em>[3]<\/em><\/li>\n<li>Temperatura de funcionamento: \u221220 a 40\u00b0C (\u22124 a 104\u00b0F)<\/li>\n<\/ul>\n<p>Compatibilidade de aeronaves:<\/p>\n<ul>\n<li>Matrice 350 RTK<\/li>\n<li>Matrice 300 RTK<\/li>\n<\/ul>\n<p><em>1. Medido em ambiente de laborat\u00f3rio a uma temperatura ambiente de 25\u00b0C (77\u00b0F) com o Zenmuse S1 instalado na aeronave.<\/em><\/p>\n<p><em>2. Medido em ambiente laboratorial a uma temperatura ambiente de 25\u00b0C (77\u00b0F). As condi\u00e7\u00f5es reais podem variar ligeiramente devido \u00e0 humidade ambiente espec\u00edfica, \u00e0s condi\u00e7\u00f5es meteorol\u00f3gicas e a outros fatores. O efeito final depende da utiliza\u00e7\u00e3o real.<\/em><\/p>\n<p><em>3. Em condi\u00e7\u00f5es est\u00e1veis \u200b\u200bde laborat\u00f3rio, pode atingir uma classifica\u00e7\u00e3o de prote\u00e7\u00e3o IP54 de acordo com as normas IEC60529. A classifica\u00e7\u00e3o de prote\u00e7\u00e3o de entrada IP n\u00e3o \u00e9 permanentemente eficaz e pode diminuir devido ao desgaste do produto.<\/em><\/p>\n","protected":false},"featured_media":40474,"template":"","meta":[],"product_brand":[],"product_cat":[1289,1577],"product_tag":[1992],"class_list":{"0":"post-40498","1":"product","2":"type-product","3":"status-publish","4":"has-post-thumbnail","6":"product_cat-drones-para-seguranca-e-vigilancia","7":"product_cat-matrice-350-rtk-pt","8":"product_tag-holofote-matrice-350","9":"product_shipping_class-envio-gratuito-es-pt","11":"first","12":"onbackorder","13":"taxable","14":"shipping-taxable","15":"purchasable","16":"product-type-simple"},"yoast_head":"<!-- This site is optimized with the Yoast SEO plugin v27.2 - https:\/\/yoast.com\/product\/yoast-seo-wordpress\/ -->\n<title>Zenmuse S1 - Ilumine a Noite<\/title>\n<meta name=\"description\" content=\"Zenmuse S1\u2b50 Primeiro holofote da DJI para plataformas de drones com m\u00faltiplas cargas \u00fateis \u2705\u3010ATyges Distribuidores DJI Enterprise\u3011\u2705\" \/>\n<meta name=\"robots\" content=\"index, follow, max-snippet:-1, max-image-preview:large, max-video-preview:-1\" \/>\n<link rel=\"canonical\" href=\"https:\/\/atyges.es\/pt\/tienda\/product\/zenmuse-s1\/\" \/>\n<meta property=\"og:locale\" content=\"pt_PT\" \/>\n<meta property=\"og:type\" content=\"article\" \/>\n<meta property=\"og:title\" content=\"Zenmuse S1 - Ilumine a Noite\" \/>\n<meta property=\"og:description\" content=\"Zenmuse S1\u2b50 Primeiro holofote da DJI para plataformas de drones com m\u00faltiplas cargas \u00fateis \u2705\u3010ATyges Distribuidores DJI Enterprise\u3011\u2705\" \/>\n<meta property=\"og:url\" content=\"https:\/\/atyges.es\/pt\/tienda\/product\/zenmuse-s1\/\" \/>\n<meta property=\"og:site_name\" content=\"ATyges\" \/>\n<meta property=\"article:modified_time\" content=\"2025-04-18T10:42:05+00:00\" \/>\n<meta property=\"og:image\" content=\"https:\/\/atyges.es\/wp-content\/uploads\/2025\/04\/zenmuse-s1_PPAL.jpg\" \/>\n\t<meta property=\"og:image:width\" content=\"1100\" \/>\n\t<meta property=\"og:image:height\" content=\"1422\" \/>\n\t<meta property=\"og:image:type\" content=\"image\/jpeg\" \/>\n<meta name=\"twitter:card\" content=\"summary_large_image\" \/>\n<script type=\"application\/ld+json\" class=\"yoast-schema-graph\">{\"@context\":\"https:\/\/schema.org\",\"@graph\":[{\"@type\":\"WebPage\",\"@id\":\"https:\/\/atyges.es\/pt\/tienda\/product\/zenmuse-s1\/\",\"url\":\"https:\/\/atyges.es\/pt\/tienda\/product\/zenmuse-s1\/\",\"name\":\"Zenmuse S1 - Ilumine a Noite\",\"isPartOf\":{\"@id\":\"https:\/\/atyges.es\/pt\/#website\"},\"primaryImageOfPage\":{\"@id\":\"https:\/\/atyges.es\/pt\/tienda\/product\/zenmuse-s1\/#primaryimage\"},\"image\":{\"@id\":\"https:\/\/atyges.es\/pt\/tienda\/product\/zenmuse-s1\/#primaryimage\"},\"thumbnailUrl\":\"https:\/\/atyges.es\/wp-content\/uploads\/2025\/04\/zenmuse-s1_PPAL.jpg\",\"datePublished\":\"2025-04-18T09:58:44+00:00\",\"dateModified\":\"2025-04-18T10:42:05+00:00\",\"description\":\"Zenmuse S1\u2b50 Primeiro holofote da DJI para plataformas de drones com m\u00faltiplas cargas \u00fateis \u2705\u3010ATyges Distribuidores DJI Enterprise\u3011\u2705\",\"breadcrumb\":{\"@id\":\"https:\/\/atyges.es\/pt\/tienda\/product\/zenmuse-s1\/#breadcrumb\"},\"inLanguage\":\"pt-PT\",\"potentialAction\":[{\"@type\":\"ReadAction\",\"target\":[\"https:\/\/atyges.es\/pt\/tienda\/product\/zenmuse-s1\/\"]}]},{\"@type\":\"ImageObject\",\"inLanguage\":\"pt-PT\",\"@id\":\"https:\/\/atyges.es\/pt\/tienda\/product\/zenmuse-s1\/#primaryimage\",\"url\":\"https:\/\/atyges.es\/wp-content\/uploads\/2025\/04\/zenmuse-s1_PPAL.jpg\",\"contentUrl\":\"https:\/\/atyges.es\/wp-content\/uploads\/2025\/04\/zenmuse-s1_PPAL.jpg\",\"width\":1100,\"height\":1422,\"caption\":\"Holofote Zenmuse S1\"},{\"@type\":\"BreadcrumbList\",\"@id\":\"https:\/\/atyges.es\/pt\/tienda\/product\/zenmuse-s1\/#breadcrumb\",\"itemListElement\":[{\"@type\":\"ListItem\",\"position\":1,\"name\":\"Portada\",\"item\":\"https:\/\/atyges.es\/pt\/\"},{\"@type\":\"ListItem\",\"position\":2,\"name\":\"Produtos\",\"item\":\"https:\/\/atyges.es\/pt\/shop\/\"},{\"@type\":\"ListItem\",\"position\":3,\"name\":\"Zenmuse S1\"}]},{\"@type\":\"WebSite\",\"@id\":\"https:\/\/atyges.es\/pt\/#website\",\"url\":\"https:\/\/atyges.es\/pt\/\",\"name\":\"ATyges\",\"description\":\"\",\"publisher\":{\"@id\":\"https:\/\/atyges.es\/pt\/#organization\"},\"potentialAction\":[{\"@type\":\"SearchAction\",\"target\":{\"@type\":\"EntryPoint\",\"urlTemplate\":\"https:\/\/atyges.es\/pt\/?s={search_term_string}\"},\"query-input\":{\"@type\":\"PropertyValueSpecification\",\"valueRequired\":true,\"valueName\":\"search_term_string\"}}],\"inLanguage\":\"pt-PT\"},{\"@type\":\"Organization\",\"@id\":\"https:\/\/atyges.es\/pt\/#organization\",\"name\":\"Atyges\",\"url\":\"https:\/\/atyges.es\/pt\/\",\"logo\":{\"@type\":\"ImageObject\",\"inLanguage\":\"pt-PT\",\"@id\":\"https:\/\/atyges.es\/pt\/#\/schema\/logo\/image\/\",\"url\":\"https:\/\/atyges.es\/wp-content\/uploads\/2022\/01\/Logo_ATyges_Store.png\",\"contentUrl\":\"https:\/\/atyges.es\/wp-content\/uploads\/2022\/01\/Logo_ATyges_Store.png\",\"width\":1228,\"height\":200,\"caption\":\"Atyges\"},\"image\":{\"@id\":\"https:\/\/atyges.es\/pt\/#\/schema\/logo\/image\/\"}}]}<\/script>\n<!-- \/ Yoast SEO plugin. -->","yoast_head_json":{"title":"Zenmuse S1 - Ilumine a Noite","description":"Zenmuse S1\u2b50 Primeiro holofote da DJI para plataformas de drones com m\u00faltiplas cargas \u00fateis \u2705\u3010ATyges Distribuidores DJI Enterprise\u3011\u2705","robots":{"index":"index","follow":"follow","max-snippet":"max-snippet:-1","max-image-preview":"max-image-preview:large","max-video-preview":"max-video-preview:-1"},"canonical":"https:\/\/atyges.es\/pt\/tienda\/product\/zenmuse-s1\/","og_locale":"pt_PT","og_type":"article","og_title":"Zenmuse S1 - Ilumine a Noite","og_description":"Zenmuse S1\u2b50 Primeiro holofote da DJI para plataformas de drones com m\u00faltiplas cargas \u00fateis \u2705\u3010ATyges Distribuidores DJI Enterprise\u3011\u2705","og_url":"https:\/\/atyges.es\/pt\/tienda\/product\/zenmuse-s1\/","og_site_name":"ATyges","article_modified_time":"2025-04-18T10:42:05+00:00","og_image":[{"width":1100,"height":1422,"url":"https:\/\/atyges.es\/wp-content\/uploads\/2025\/04\/zenmuse-s1_PPAL.jpg","type":"image\/jpeg"}],"twitter_card":"summary_large_image","schema":{"@context":"https:\/\/schema.org","@graph":[{"@type":"WebPage","@id":"https:\/\/atyges.es\/pt\/tienda\/product\/zenmuse-s1\/","url":"https:\/\/atyges.es\/pt\/tienda\/product\/zenmuse-s1\/","name":"Zenmuse S1 - Ilumine a Noite","isPartOf":{"@id":"https:\/\/atyges.es\/pt\/#website"},"primaryImageOfPage":{"@id":"https:\/\/atyges.es\/pt\/tienda\/product\/zenmuse-s1\/#primaryimage"},"image":{"@id":"https:\/\/atyges.es\/pt\/tienda\/product\/zenmuse-s1\/#primaryimage"},"thumbnailUrl":"https:\/\/atyges.es\/wp-content\/uploads\/2025\/04\/zenmuse-s1_PPAL.jpg","datePublished":"2025-04-18T09:58:44+00:00","dateModified":"2025-04-18T10:42:05+00:00","description":"Zenmuse S1\u2b50 Primeiro holofote da DJI para plataformas de drones com m\u00faltiplas cargas \u00fateis \u2705\u3010ATyges Distribuidores DJI Enterprise\u3011\u2705","breadcrumb":{"@id":"https:\/\/atyges.es\/pt\/tienda\/product\/zenmuse-s1\/#breadcrumb"},"inLanguage":"pt-PT","potentialAction":[{"@type":"ReadAction","target":["https:\/\/atyges.es\/pt\/tienda\/product\/zenmuse-s1\/"]}]},{"@type":"ImageObject","inLanguage":"pt-PT","@id":"https:\/\/atyges.es\/pt\/tienda\/product\/zenmuse-s1\/#primaryimage","url":"https:\/\/atyges.es\/wp-content\/uploads\/2025\/04\/zenmuse-s1_PPAL.jpg","contentUrl":"https:\/\/atyges.es\/wp-content\/uploads\/2025\/04\/zenmuse-s1_PPAL.jpg","width":1100,"height":1422,"caption":"Holofote Zenmuse S1"},{"@type":"BreadcrumbList","@id":"https:\/\/atyges.es\/pt\/tienda\/product\/zenmuse-s1\/#breadcrumb","itemListElement":[{"@type":"ListItem","position":1,"name":"Portada","item":"https:\/\/atyges.es\/pt\/"},{"@type":"ListItem","position":2,"name":"Produtos","item":"https:\/\/atyges.es\/pt\/shop\/"},{"@type":"ListItem","position":3,"name":"Zenmuse S1"}]},{"@type":"WebSite","@id":"https:\/\/atyges.es\/pt\/#website","url":"https:\/\/atyges.es\/pt\/","name":"ATyges","description":"","publisher":{"@id":"https:\/\/atyges.es\/pt\/#organization"},"potentialAction":[{"@type":"SearchAction","target":{"@type":"EntryPoint","urlTemplate":"https:\/\/atyges.es\/pt\/?s={search_term_string}"},"query-input":{"@type":"PropertyValueSpecification","valueRequired":true,"valueName":"search_term_string"}}],"inLanguage":"pt-PT"},{"@type":"Organization","@id":"https:\/\/atyges.es\/pt\/#organization","name":"Atyges","url":"https:\/\/atyges.es\/pt\/","logo":{"@type":"ImageObject","inLanguage":"pt-PT","@id":"https:\/\/atyges.es\/pt\/#\/schema\/logo\/image\/","url":"https:\/\/atyges.es\/wp-content\/uploads\/2022\/01\/Logo_ATyges_Store.png","contentUrl":"https:\/\/atyges.es\/wp-content\/uploads\/2022\/01\/Logo_ATyges_Store.png","width":1228,"height":200,"caption":"Atyges"},"image":{"@id":"https:\/\/atyges.es\/pt\/#\/schema\/logo\/image\/"}}]}},"jetpack_sharing_enabled":true,"_links":{"self":[{"href":"https:\/\/atyges.es\/pt\/wp-json\/wp\/v2\/product\/40498","targetHints":{"allow":["GET"]}}],"collection":[{"href":"https:\/\/atyges.es\/pt\/wp-json\/wp\/v2\/product"}],"about":[{"href":"https:\/\/atyges.es\/pt\/wp-json\/wp\/v2\/types\/product"}],"wp:featuredmedia":[{"embeddable":true,"href":"https:\/\/atyges.es\/pt\/wp-json\/wp\/v2\/media\/40474"}],"wp:attachment":[{"href":"https:\/\/atyges.es\/pt\/wp-json\/wp\/v2\/media?parent=40498"}],"wp:term":[{"taxonomy":"product_brand","embeddable":true,"href":"https:\/\/atyges.es\/pt\/wp-json\/wp\/v2\/product_brand?post=40498"},{"taxonomy":"product_cat","embeddable":true,"href":"https:\/\/atyges.es\/pt\/wp-json\/wp\/v2\/product_cat?post=40498"},{"taxonomy":"product_tag","embeddable":true,"href":"https:\/\/atyges.es\/pt\/wp-json\/wp\/v2\/product_tag?post=40498"}],"curies":[{"name":"wp","href":"https:\/\/api.w.org\/{rel}","templated":true}]}}