{"id":40328,"date":"2025-04-01T23:54:50","date_gmt":"2025-04-01T22:54:50","guid":{"rendered":"https:\/\/atyges.es\/?post_type=product&#038;p=40328"},"modified":"2025-04-02T00:07:48","modified_gmt":"2025-04-01T23:07:48","slug":"atygeo-thermal-m4t","status":"publish","type":"product","link":"https:\/\/atyges.es\/pt\/tienda\/product\/atygeo-thermal-m4t\/","title":{"rendered":"ATygeo Thermal M4T"},"content":{"rendered":"\n\n<div class=\"kk-star-ratings kksr-auto kksr-align-center kksr-valign-bottom\"\n    data-payload='{&quot;align&quot;:&quot;center&quot;,&quot;id&quot;:&quot;40328&quot;,&quot;slug&quot;:&quot;default&quot;,&quot;valign&quot;:&quot;bottom&quot;,&quot;ignore&quot;:&quot;&quot;,&quot;reference&quot;:&quot;auto&quot;,&quot;class&quot;:&quot;&quot;,&quot;count&quot;:&quot;0&quot;,&quot;legendonly&quot;:&quot;&quot;,&quot;readonly&quot;:&quot;&quot;,&quot;score&quot;:&quot;0&quot;,&quot;starsonly&quot;:&quot;&quot;,&quot;best&quot;:&quot;5&quot;,&quot;gap&quot;:&quot;5&quot;,&quot;greet&quot;:&quot;Val\u00f3ranos&quot;,&quot;legend&quot;:&quot;0\\\/5 - (0 votes)&quot;,&quot;size&quot;:&quot;24&quot;,&quot;title&quot;:&quot;ATygeo Thermal M4T&quot;,&quot;width&quot;:&quot;0&quot;,&quot;_legend&quot;:&quot;{score}\\\/{best} - ({count} {votes})&quot;,&quot;font_factor&quot;:&quot;1.25&quot;}'>\n            \n<div class=\"kksr-stars\">\n    \n<div class=\"kksr-stars-inactive\">\n            <div class=\"kksr-star\" data-star=\"1\" style=\"padding-right: 5px\">\n            \n\n<div class=\"kksr-icon\" style=\"width: 24px; height: 24px;\"><\/div>\n        <\/div>\n            <div class=\"kksr-star\" data-star=\"2\" style=\"padding-right: 5px\">\n            \n\n<div class=\"kksr-icon\" style=\"width: 24px; height: 24px;\"><\/div>\n        <\/div>\n            <div class=\"kksr-star\" data-star=\"3\" style=\"padding-right: 5px\">\n            \n\n<div class=\"kksr-icon\" style=\"width: 24px; height: 24px;\"><\/div>\n        <\/div>\n            <div class=\"kksr-star\" data-star=\"4\" style=\"padding-right: 5px\">\n            \n\n<div class=\"kksr-icon\" style=\"width: 24px; height: 24px;\"><\/div>\n        <\/div>\n            <div class=\"kksr-star\" data-star=\"5\" style=\"padding-right: 5px\">\n            \n\n<div class=\"kksr-icon\" style=\"width: 24px; height: 24px;\"><\/div>\n        <\/div>\n    <\/div>\n    \n<div class=\"kksr-stars-active\" style=\"width: 0px;\">\n            <div class=\"kksr-star\" style=\"padding-right: 5px\">\n            \n\n<div class=\"kksr-icon\" style=\"width: 24px; height: 24px;\"><\/div>\n        <\/div>\n            <div class=\"kksr-star\" style=\"padding-right: 5px\">\n            \n\n<div class=\"kksr-icon\" style=\"width: 24px; height: 24px;\"><\/div>\n        <\/div>\n            <div class=\"kksr-star\" style=\"padding-right: 5px\">\n            \n\n<div class=\"kksr-icon\" style=\"width: 24px; height: 24px;\"><\/div>\n        <\/div>\n            <div class=\"kksr-star\" style=\"padding-right: 5px\">\n            \n\n<div class=\"kksr-icon\" style=\"width: 24px; height: 24px;\"><\/div>\n        <\/div>\n            <div class=\"kksr-star\" style=\"padding-right: 5px\">\n            \n\n<div class=\"kksr-icon\" style=\"width: 24px; height: 24px;\"><\/div>\n        <\/div>\n    <\/div>\n<\/div>\n                \n\n<div class=\"kksr-legend\" style=\"font-size: 19.2px;\">\n            <span class=\"kksr-muted\">Val\u00f3ranos<\/span>\n    <\/div>\n    <\/div>\n","protected":false},"excerpt":{"rendered":"<p><strong>ATygeo Thermal M4T <\/strong><span class=\"HwtZe\" lang=\"pt-PT\"><span class=\"jCAhz ChMk0b\"><span class=\"ryNqvb\">para gerar TIFFs radiom\u00e9tricos de alta precis\u00e3o para poder realizar ortomosaicos t\u00e9rmicos radiom\u00e9tricos.<\/span><\/span><\/span><\/p>\n[twenty20 img1=\"25340\" img2=\"25343\" offset=\"0.3\" before=\"Ortomosaico RGB - DJI Matrice 4TT\" after=\"Ortomosaico T\u00e9rmico - DJI Matrice 4TT\"]\n<p><strong>ATygeo Thermal <\/strong>converte os termogramas criados por drone Matrice M4T para o formato TIFF radiom\u00e9trico, permitindo que estas imagens convertidas sejam processadas com o PIX4Dmapper o Metshape Agisoft para obter ortomosaicos t\u00e9rmicos radiom\u00e9tricos.<\/p>\n<p>Nota: Este produto \u00e9 comercializado em conjunto com drone DJI Matrice 4T em Espanha e Portugal.<\/p>\n","protected":false},"featured_media":40332,"template":"","meta":[],"product_brand":[],"product_cat":[1286,1288,1874,1292],"product_tag":[1770,1765,1766,1472,1474,1769,1771,1768,1767],"class_list":{"0":"post-40328","1":"product","2":"type-product","3":"status-publish","4":"has-post-thumbnail","6":"product_cat-cameras-termograficas-pt","7":"product_cat-drones-para-inspecoes-tecnicas","8":"product_cat-matrice-4-pt","9":"product_cat-topografia-e-software-de-engenharia","10":"product_tag-agisoft-zenmuse-h30t-pt","11":"product_tag-dji-h30t-pt","12":"product_tag-h30t-tiff-pt","13":"product_tag-m30t-ortofoto-pt","14":"product_tag-m30t-tiff-pt","15":"product_tag-metashape-zenmuse-h30t-pt","16":"product_tag-pix4d-zenmuse-h30t-pt","17":"product_tag-radiometric-h30t-pt","18":"product_tag-zenmuse-h30t-ortofoto-termica-pt","20":"first","21":"instock","22":"virtual","23":"taxable","24":"purchasable","25":"product-type-simple"},"yoast_head":"<!-- This site is optimized with the Yoast SEO plugin v27.2 - https:\/\/yoast.com\/product\/yoast-seo-wordpress\/ -->\n<title>ATygeo Thermal M4T | Convertendo para TIFF DJI Matrice 4T | ATyges \u00ae<\/title>\n<meta name=\"description\" content=\"ATygeo Thermal. \u2b50 ATyges, Especialistas em drones. \u2705\u3010Distribuidores Oficiales de DJI\u3011\u2705.\" \/>\n<meta name=\"robots\" content=\"index, follow, max-snippet:-1, max-image-preview:large, max-video-preview:-1\" \/>\n<link rel=\"canonical\" href=\"https:\/\/atyges.es\/pt\/tienda\/product\/atygeo-thermal-m4t\/\" \/>\n<meta property=\"og:locale\" content=\"pt_PT\" \/>\n<meta property=\"og:type\" content=\"article\" \/>\n<meta property=\"og:title\" content=\"ATygeo Thermal M4T | Convertendo para TIFF DJI Matrice 4T | ATyges \u00ae\" \/>\n<meta property=\"og:description\" content=\"ATygeo Thermal. \u2b50 ATyges, Especialistas em drones. \u2705\u3010Distribuidores Oficiales de DJI\u3011\u2705.\" \/>\n<meta property=\"og:url\" content=\"https:\/\/atyges.es\/pt\/tienda\/product\/atygeo-thermal-m4t\/\" \/>\n<meta property=\"og:site_name\" content=\"ATyges\" \/>\n<meta property=\"article:modified_time\" content=\"2025-04-01T23:07:48+00:00\" \/>\n<meta property=\"og:image\" content=\"https:\/\/atyges.es\/wp-content\/uploads\/2025\/04\/ATYGEO-THERMAL-M4T.png\" \/>\n\t<meta property=\"og:image:width\" content=\"764\" \/>\n\t<meta property=\"og:image:height\" content=\"668\" \/>\n\t<meta property=\"og:image:type\" content=\"image\/png\" \/>\n<meta name=\"twitter:card\" content=\"summary_large_image\" \/>\n<script type=\"application\/ld+json\" class=\"yoast-schema-graph\">{\"@context\":\"https:\/\/schema.org\",\"@graph\":[{\"@type\":\"WebPage\",\"@id\":\"https:\/\/atyges.es\/pt\/tienda\/product\/atygeo-thermal-m4t\/\",\"url\":\"https:\/\/atyges.es\/pt\/tienda\/product\/atygeo-thermal-m4t\/\",\"name\":\"ATygeo Thermal M4T | Convertendo para TIFF DJI Matrice 4T | ATyges \u00ae\",\"isPartOf\":{\"@id\":\"https:\/\/atyges.es\/pt\/#website\"},\"primaryImageOfPage\":{\"@id\":\"https:\/\/atyges.es\/pt\/tienda\/product\/atygeo-thermal-m4t\/#primaryimage\"},\"image\":{\"@id\":\"https:\/\/atyges.es\/pt\/tienda\/product\/atygeo-thermal-m4t\/#primaryimage\"},\"thumbnailUrl\":\"https:\/\/atyges.es\/wp-content\/uploads\/2025\/04\/ATYGEO-THERMAL-M4T.png\",\"datePublished\":\"2025-04-01T22:54:50+00:00\",\"dateModified\":\"2025-04-01T23:07:48+00:00\",\"description\":\"ATygeo Thermal. \u2b50 ATyges, Especialistas em drones. \u2705\u3010Distribuidores Oficiales de DJI\u3011\u2705.\",\"breadcrumb\":{\"@id\":\"https:\/\/atyges.es\/pt\/tienda\/product\/atygeo-thermal-m4t\/#breadcrumb\"},\"inLanguage\":\"pt-PT\",\"potentialAction\":[{\"@type\":\"ReadAction\",\"target\":[\"https:\/\/atyges.es\/pt\/tienda\/product\/atygeo-thermal-m4t\/\"]}]},{\"@type\":\"ImageObject\",\"inLanguage\":\"pt-PT\",\"@id\":\"https:\/\/atyges.es\/pt\/tienda\/product\/atygeo-thermal-m4t\/#primaryimage\",\"url\":\"https:\/\/atyges.es\/wp-content\/uploads\/2025\/04\/ATYGEO-THERMAL-M4T.png\",\"contentUrl\":\"https:\/\/atyges.es\/wp-content\/uploads\/2025\/04\/ATYGEO-THERMAL-M4T.png\",\"width\":764,\"height\":668,\"caption\":\"ATygeo Thermal Matrice 4T\"},{\"@type\":\"BreadcrumbList\",\"@id\":\"https:\/\/atyges.es\/pt\/tienda\/product\/atygeo-thermal-m4t\/#breadcrumb\",\"itemListElement\":[{\"@type\":\"ListItem\",\"position\":1,\"name\":\"Portada\",\"item\":\"https:\/\/atyges.es\/pt\/\"},{\"@type\":\"ListItem\",\"position\":2,\"name\":\"Produtos\",\"item\":\"https:\/\/atyges.es\/pt\/shop\/\"},{\"@type\":\"ListItem\",\"position\":3,\"name\":\"ATygeo Thermal M4T\"}]},{\"@type\":\"WebSite\",\"@id\":\"https:\/\/atyges.es\/pt\/#website\",\"url\":\"https:\/\/atyges.es\/pt\/\",\"name\":\"ATyges\",\"description\":\"\",\"publisher\":{\"@id\":\"https:\/\/atyges.es\/pt\/#organization\"},\"potentialAction\":[{\"@type\":\"SearchAction\",\"target\":{\"@type\":\"EntryPoint\",\"urlTemplate\":\"https:\/\/atyges.es\/pt\/?s={search_term_string}\"},\"query-input\":{\"@type\":\"PropertyValueSpecification\",\"valueRequired\":true,\"valueName\":\"search_term_string\"}}],\"inLanguage\":\"pt-PT\"},{\"@type\":\"Organization\",\"@id\":\"https:\/\/atyges.es\/pt\/#organization\",\"name\":\"Atyges\",\"url\":\"https:\/\/atyges.es\/pt\/\",\"logo\":{\"@type\":\"ImageObject\",\"inLanguage\":\"pt-PT\",\"@id\":\"https:\/\/atyges.es\/pt\/#\/schema\/logo\/image\/\",\"url\":\"https:\/\/atyges.es\/wp-content\/uploads\/2022\/01\/Logo_ATyges_Store.png\",\"contentUrl\":\"https:\/\/atyges.es\/wp-content\/uploads\/2022\/01\/Logo_ATyges_Store.png\",\"width\":1228,\"height\":200,\"caption\":\"Atyges\"},\"image\":{\"@id\":\"https:\/\/atyges.es\/pt\/#\/schema\/logo\/image\/\"}}]}<\/script>\n<!-- \/ Yoast SEO plugin. -->","yoast_head_json":{"title":"ATygeo Thermal M4T | Convertendo para TIFF DJI Matrice 4T | ATyges \u00ae","description":"ATygeo Thermal. \u2b50 ATyges, Especialistas em drones. \u2705\u3010Distribuidores Oficiales de DJI\u3011\u2705.","robots":{"index":"index","follow":"follow","max-snippet":"max-snippet:-1","max-image-preview":"max-image-preview:large","max-video-preview":"max-video-preview:-1"},"canonical":"https:\/\/atyges.es\/pt\/tienda\/product\/atygeo-thermal-m4t\/","og_locale":"pt_PT","og_type":"article","og_title":"ATygeo Thermal M4T | Convertendo para TIFF DJI Matrice 4T | ATyges \u00ae","og_description":"ATygeo Thermal. \u2b50 ATyges, Especialistas em drones. \u2705\u3010Distribuidores Oficiales de DJI\u3011\u2705.","og_url":"https:\/\/atyges.es\/pt\/tienda\/product\/atygeo-thermal-m4t\/","og_site_name":"ATyges","article_modified_time":"2025-04-01T23:07:48+00:00","og_image":[{"width":764,"height":668,"url":"https:\/\/atyges.es\/wp-content\/uploads\/2025\/04\/ATYGEO-THERMAL-M4T.png","type":"image\/png"}],"twitter_card":"summary_large_image","schema":{"@context":"https:\/\/schema.org","@graph":[{"@type":"WebPage","@id":"https:\/\/atyges.es\/pt\/tienda\/product\/atygeo-thermal-m4t\/","url":"https:\/\/atyges.es\/pt\/tienda\/product\/atygeo-thermal-m4t\/","name":"ATygeo Thermal M4T | Convertendo para TIFF DJI Matrice 4T | ATyges \u00ae","isPartOf":{"@id":"https:\/\/atyges.es\/pt\/#website"},"primaryImageOfPage":{"@id":"https:\/\/atyges.es\/pt\/tienda\/product\/atygeo-thermal-m4t\/#primaryimage"},"image":{"@id":"https:\/\/atyges.es\/pt\/tienda\/product\/atygeo-thermal-m4t\/#primaryimage"},"thumbnailUrl":"https:\/\/atyges.es\/wp-content\/uploads\/2025\/04\/ATYGEO-THERMAL-M4T.png","datePublished":"2025-04-01T22:54:50+00:00","dateModified":"2025-04-01T23:07:48+00:00","description":"ATygeo Thermal. \u2b50 ATyges, Especialistas em drones. \u2705\u3010Distribuidores Oficiales de DJI\u3011\u2705.","breadcrumb":{"@id":"https:\/\/atyges.es\/pt\/tienda\/product\/atygeo-thermal-m4t\/#breadcrumb"},"inLanguage":"pt-PT","potentialAction":[{"@type":"ReadAction","target":["https:\/\/atyges.es\/pt\/tienda\/product\/atygeo-thermal-m4t\/"]}]},{"@type":"ImageObject","inLanguage":"pt-PT","@id":"https:\/\/atyges.es\/pt\/tienda\/product\/atygeo-thermal-m4t\/#primaryimage","url":"https:\/\/atyges.es\/wp-content\/uploads\/2025\/04\/ATYGEO-THERMAL-M4T.png","contentUrl":"https:\/\/atyges.es\/wp-content\/uploads\/2025\/04\/ATYGEO-THERMAL-M4T.png","width":764,"height":668,"caption":"ATygeo Thermal Matrice 4T"},{"@type":"BreadcrumbList","@id":"https:\/\/atyges.es\/pt\/tienda\/product\/atygeo-thermal-m4t\/#breadcrumb","itemListElement":[{"@type":"ListItem","position":1,"name":"Portada","item":"https:\/\/atyges.es\/pt\/"},{"@type":"ListItem","position":2,"name":"Produtos","item":"https:\/\/atyges.es\/pt\/shop\/"},{"@type":"ListItem","position":3,"name":"ATygeo Thermal M4T"}]},{"@type":"WebSite","@id":"https:\/\/atyges.es\/pt\/#website","url":"https:\/\/atyges.es\/pt\/","name":"ATyges","description":"","publisher":{"@id":"https:\/\/atyges.es\/pt\/#organization"},"potentialAction":[{"@type":"SearchAction","target":{"@type":"EntryPoint","urlTemplate":"https:\/\/atyges.es\/pt\/?s={search_term_string}"},"query-input":{"@type":"PropertyValueSpecification","valueRequired":true,"valueName":"search_term_string"}}],"inLanguage":"pt-PT"},{"@type":"Organization","@id":"https:\/\/atyges.es\/pt\/#organization","name":"Atyges","url":"https:\/\/atyges.es\/pt\/","logo":{"@type":"ImageObject","inLanguage":"pt-PT","@id":"https:\/\/atyges.es\/pt\/#\/schema\/logo\/image\/","url":"https:\/\/atyges.es\/wp-content\/uploads\/2022\/01\/Logo_ATyges_Store.png","contentUrl":"https:\/\/atyges.es\/wp-content\/uploads\/2022\/01\/Logo_ATyges_Store.png","width":1228,"height":200,"caption":"Atyges"},"image":{"@id":"https:\/\/atyges.es\/pt\/#\/schema\/logo\/image\/"}}]}},"jetpack_sharing_enabled":true,"_links":{"self":[{"href":"https:\/\/atyges.es\/pt\/wp-json\/wp\/v2\/product\/40328","targetHints":{"allow":["GET"]}}],"collection":[{"href":"https:\/\/atyges.es\/pt\/wp-json\/wp\/v2\/product"}],"about":[{"href":"https:\/\/atyges.es\/pt\/wp-json\/wp\/v2\/types\/product"}],"wp:featuredmedia":[{"embeddable":true,"href":"https:\/\/atyges.es\/pt\/wp-json\/wp\/v2\/media\/40332"}],"wp:attachment":[{"href":"https:\/\/atyges.es\/pt\/wp-json\/wp\/v2\/media?parent=40328"}],"wp:term":[{"taxonomy":"product_brand","embeddable":true,"href":"https:\/\/atyges.es\/pt\/wp-json\/wp\/v2\/product_brand?post=40328"},{"taxonomy":"product_cat","embeddable":true,"href":"https:\/\/atyges.es\/pt\/wp-json\/wp\/v2\/product_cat?post=40328"},{"taxonomy":"product_tag","embeddable":true,"href":"https:\/\/atyges.es\/pt\/wp-json\/wp\/v2\/product_tag?post=40328"}],"curies":[{"name":"wp","href":"https:\/\/api.w.org\/{rel}","templated":true}]}}