{"id":40061,"date":"2025-01-31T17:43:00","date_gmt":"2025-01-31T16:43:00","guid":{"rendered":"https:\/\/atyges.es\/product\/kit-c5-kronos-matrice-4\/"},"modified":"2025-03-02T13:58:43","modified_gmt":"2025-03-02T12:58:43","slug":"kit-c5-kronos-matrice-4","status":"publish","type":"product","link":"https:\/\/atyges.es\/pt\/tienda\/product\/kit-c5-kronos-matrice-4\/","title":{"rendered":"KIT C5 KRONOS MATRICE 4"},"content":{"rendered":"\n\n<div class=\"kk-star-ratings kksr-auto kksr-align-center kksr-valign-bottom\"\n    data-payload='{&quot;align&quot;:&quot;center&quot;,&quot;id&quot;:&quot;40061&quot;,&quot;slug&quot;:&quot;default&quot;,&quot;valign&quot;:&quot;bottom&quot;,&quot;ignore&quot;:&quot;&quot;,&quot;reference&quot;:&quot;auto&quot;,&quot;class&quot;:&quot;&quot;,&quot;count&quot;:&quot;0&quot;,&quot;legendonly&quot;:&quot;&quot;,&quot;readonly&quot;:&quot;&quot;,&quot;score&quot;:&quot;0&quot;,&quot;starsonly&quot;:&quot;&quot;,&quot;best&quot;:&quot;5&quot;,&quot;gap&quot;:&quot;5&quot;,&quot;greet&quot;:&quot;Val\u00f3ranos&quot;,&quot;legend&quot;:&quot;0\\\/5 - (0 votes)&quot;,&quot;size&quot;:&quot;24&quot;,&quot;title&quot;:&quot;KIT C5 KRONOS MATRICE 4&quot;,&quot;width&quot;:&quot;0&quot;,&quot;_legend&quot;:&quot;{score}\\\/{best} - ({count} {votes})&quot;,&quot;font_factor&quot;:&quot;1.25&quot;}'>\n            \n<div class=\"kksr-stars\">\n    \n<div class=\"kksr-stars-inactive\">\n            <div class=\"kksr-star\" data-star=\"1\" style=\"padding-right: 5px\">\n            \n\n<div class=\"kksr-icon\" style=\"width: 24px; height: 24px;\"><\/div>\n        <\/div>\n            <div class=\"kksr-star\" data-star=\"2\" style=\"padding-right: 5px\">\n            \n\n<div class=\"kksr-icon\" style=\"width: 24px; height: 24px;\"><\/div>\n        <\/div>\n            <div class=\"kksr-star\" data-star=\"3\" style=\"padding-right: 5px\">\n            \n\n<div class=\"kksr-icon\" style=\"width: 24px; height: 24px;\"><\/div>\n        <\/div>\n            <div class=\"kksr-star\" data-star=\"4\" style=\"padding-right: 5px\">\n            \n\n<div class=\"kksr-icon\" style=\"width: 24px; height: 24px;\"><\/div>\n        <\/div>\n            <div class=\"kksr-star\" data-star=\"5\" style=\"padding-right: 5px\">\n            \n\n<div class=\"kksr-icon\" style=\"width: 24px; height: 24px;\"><\/div>\n        <\/div>\n    <\/div>\n    \n<div class=\"kksr-stars-active\" style=\"width: 0px;\">\n            <div class=\"kksr-star\" style=\"padding-right: 5px\">\n            \n\n<div class=\"kksr-icon\" style=\"width: 24px; height: 24px;\"><\/div>\n        <\/div>\n            <div class=\"kksr-star\" style=\"padding-right: 5px\">\n            \n\n<div class=\"kksr-icon\" style=\"width: 24px; height: 24px;\"><\/div>\n        <\/div>\n            <div class=\"kksr-star\" style=\"padding-right: 5px\">\n            \n\n<div class=\"kksr-icon\" style=\"width: 24px; height: 24px;\"><\/div>\n        <\/div>\n            <div class=\"kksr-star\" style=\"padding-right: 5px\">\n            \n\n<div class=\"kksr-icon\" style=\"width: 24px; height: 24px;\"><\/div>\n        <\/div>\n            <div class=\"kksr-star\" style=\"padding-right: 5px\">\n            \n\n<div class=\"kksr-icon\" style=\"width: 24px; height: 24px;\"><\/div>\n        <\/div>\n    <\/div>\n<\/div>\n                \n\n<div class=\"kksr-legend\" style=\"font-size: 19.2px;\">\n            <span class=\"kksr-muted\">Val\u00f3ranos<\/span>\n    <\/div>\n    <\/div>\n","protected":false},"excerpt":{"rendered":"<h1>KIT C5 KRONOS MATRICE 4 &#8211; Kronos M4<\/h1>\n<p><span class=\"HwtZe\" jsname=\"jqKxS\" jsaction=\"mouseup:Sxi9L,BR6jm; mousedown:qjlr0e\" lang=\"pt-PT\"><span jsname=\"txFAF\" class=\"jCAhz ChMk0b\" jsaction=\"agoMJf:PFBcW;MZfLnc:P7O7bd;nt4Alf:pvnm0e,pfE8Hb,PFBcW;B01qod:dJXsye;H1e5u:iXtTIf;lYIUJf:hij5Wb\" jscontroller=\"BiTO4b\"><span class=\"ryNqvb\" jsname=\"W297wb\" jsaction=\"click:PDNqTc,GFf3ac,qlVvte;contextmenu:Nqw7Te,QP7LD; mouseout:Nqw7Te; mouseover:PDNqTc,c2aHje\">Obtenha a classe C5 e o MOC2512(M2)*MOC2511 para o seu drone DJI Matrice s\u00e9rie 4: <a href=\"https:\/\/atyges.es\/pt\/tienda\/product\/matrice-4e-worry-free-combo\/\">DJI Matrice 4E<\/a> e <a href=\"https:\/\/atyges.es\/pt\/tienda\/product\/matrice-4t-worry-free-combo\/\">DJI Matrice 4T<\/a>.<\/span><\/span><\/span><\/p>\n[embed]https:\/\/youtu.be\/nZgmbScaSt4?si=7s_2sm4mVWH-TJDN[\/embed]\n<p>Descarga cat\u00e1logo: <a href=\"https:\/\/atyges.es\/wp-content\/uploads\/2025\/01\/Brochure-Kronos-M4-Matrice-4.pdf\">Brochure Kronos M4 &#8211; Matrice 4<\/a><\/p>\n<h3><span class=\"HwtZe\" jsname=\"jqKxS\" jsaction=\"mouseup:Sxi9L,BR6jm; mousedown:qjlr0e\" lang=\"pt-PT\"><span jsname=\"txFAF\" class=\"jCAhz ChMk0b\" jsaction=\"agoMJf:PFBcW;MZfLnc:P7O7bd;nt4Alf:pvnm0e,pfE8Hb,PFBcW;B01qod:dJXsye;H1e5u:iXtTIf;lYIUJf:hij5Wb\" jscontroller=\"BiTO4b\"><span class=\"ryNqvb\" jsname=\"W297wb\" jsaction=\"click:PDNqTc,GFf3ac,qlVvte;contextmenu:Nqw7Te,QP7LD; mouseout:Nqw7Te; mouseover:PDNqTc,c2aHje\">Esteja pronto para voar r\u00e1pido<\/span><\/span><\/span><\/h3>\n<p><img loading=\"lazy\" decoding=\"async\" class=\"aligncenter wp-image-39525 size-woocommerce_single\" src=\"https:\/\/atyges.es\/wp-content\/uploads\/2025\/01\/Kronos_M4_1-600x444.png\" alt=\"Kronos M4 \" width=\"600\" height=\"444\" srcset=\"https:\/\/atyges.es\/wp-content\/uploads\/2025\/01\/Kronos_M4_1-600x444.png 600w, https:\/\/atyges.es\/wp-content\/uploads\/2025\/01\/Kronos_M4_1-300x222.png 300w, https:\/\/atyges.es\/wp-content\/uploads\/2025\/01\/Kronos_M4_1-173x128.png 173w, https:\/\/atyges.es\/wp-content\/uploads\/2025\/01\/Kronos_M4_1.png 659w\" sizes=\"auto, (max-width: 600px) 100vw, 600px\" \/><\/p>\n<p>O Sistema de Recupera\u00e7\u00e3o de Paraquedas (PRS) <strong>Kronos M4<\/strong> pode ser instalado e desinstalado em menos de 2 minutos. Disponibilizamos tutoriais de instala\u00e7\u00e3o feitos pela Dronavia, bem como um manual de utilizador e instru\u00e7\u00f5es para tornar tudo mais f\u00e1cil.<\/p>\n<h3><span class=\"HwtZe\" jsname=\"jqKxS\" jsaction=\"mouseup:Sxi9L,BR6jm; mousedown:qjlr0e\" lang=\"pt-PT\"><span jsname=\"txFAF\" class=\"jCAhz ChMk0b\" jsaction=\"agoMJf:PFBcW;MZfLnc:P7O7bd;nt4Alf:pvnm0e,pfE8Hb,PFBcW;B01qod:dJXsye;H1e5u:iXtTIf;lYIUJf:hij5Wb\" jscontroller=\"BiTO4b\"><span class=\"ryNqvb\" jsname=\"W297wb\" jsaction=\"click:PDNqTc,GFf3ac,qlVvte;contextmenu:Nqw7Te,QP7LD; mouseout:Nqw7Te; mouseover:PDNqTc,c2aHje\">Concentre-se apenas no seu trabalho<\/span><\/span><\/span><\/h3>\n<p><img loading=\"lazy\" decoding=\"async\" class=\"aligncenter wp-image-39528 size-woocommerce_single\" src=\"https:\/\/atyges.es\/wp-content\/uploads\/2025\/01\/Kronos_M4_2-600x446.png\" alt=\"Kronos M4\" width=\"600\" height=\"446\" srcset=\"https:\/\/atyges.es\/wp-content\/uploads\/2025\/01\/Kronos_M4_2-600x446.png 600w, https:\/\/atyges.es\/wp-content\/uploads\/2025\/01\/Kronos_M4_2-300x223.png 300w, https:\/\/atyges.es\/wp-content\/uploads\/2025\/01\/Kronos_M4_2-173x129.png 173w, https:\/\/atyges.es\/wp-content\/uploads\/2025\/01\/Kronos_M4_2.png 659w\" sizes=\"auto, (max-width: 600px) 100vw, 600px\" \/><\/p>\n<p>Para reduzir o tempo de ativa\u00e7\u00e3o e aumentar as hip\u00f3teses de evitar um acidente, o Sistema de Recupera\u00e7\u00e3o de Paraquedas (PRS) <strong>Kronos M4<\/strong> incorpora tecnologia de implanta\u00e7\u00e3o aut\u00f3noma. Este m\u00f3dulo ativa o paraquedas em menos de 0,27 segundos, um tempo de rea\u00e7\u00e3o muito mais curto do que os 3 segundos que um ser humano demora a ativar um paraquedas manualmente. Esteja sempre um passo \u00e0 frente e concentre-se apenas em executar o seu trabalho ou miss\u00e3o de voo.<\/p>\n<h3><span class=\"HwtZe\" jsname=\"jqKxS\" jsaction=\"mouseup:Sxi9L,BR6jm; mousedown:qjlr0e\" lang=\"pt-PT\"><span jsname=\"txFAF\" class=\"jCAhz ChMk0b\" jsaction=\"agoMJf:PFBcW;MZfLnc:P7O7bd;nt4Alf:pvnm0e,pfE8Hb,PFBcW;B01qod:dJXsye;H1e5u:iXtTIf;lYIUJf:hij5Wb\" jscontroller=\"BiTO4b\"><span class=\"ryNqvb\" jsname=\"W297wb\" jsaction=\"click:PDNqTc,GFf3ac,qlVvte;contextmenu:Nqw7Te,QP7LD; mouseout:Nqw7Te; mouseover:PDNqTc,c2aHje\">Manter a carga \u00fatil do drone<\/span><\/span><\/span><\/h3>\n<p><strong><img loading=\"lazy\" decoding=\"async\" class=\"size-woocommerce_single wp-image-39531 aligncenter\" src=\"https:\/\/atyges.es\/wp-content\/uploads\/2025\/01\/Kronos_M4_3-600x450.png\" alt=\"Kronos M4 \" width=\"600\" height=\"450\" srcset=\"https:\/\/atyges.es\/wp-content\/uploads\/2025\/01\/Kronos_M4_3-600x450.png 600w, https:\/\/atyges.es\/wp-content\/uploads\/2025\/01\/Kronos_M4_3-300x225.png 300w, https:\/\/atyges.es\/wp-content\/uploads\/2025\/01\/Kronos_M4_3-173x130.png 173w, https:\/\/atyges.es\/wp-content\/uploads\/2025\/01\/Kronos_M4_3.png 682w\" sizes=\"auto, (max-width: 600px) 100vw, 600px\" \/><\/strong><\/p>\n<p>O Sistema de Recupera\u00e7\u00e3o de Paraquedas (PRS)<strong> Kronos M4<\/strong> foi concebido para permitir que os pilotos beneficiem dos acess\u00f3rios do drone e n\u00e3o limitar a utiliza\u00e7\u00e3o destes acess\u00f3rios utilizando o sistema de prote\u00e7\u00e3o PRS.<\/p>\n<p>&nbsp;<\/p>\n","protected":false},"featured_media":39524,"template":"","meta":[],"product_brand":[],"product_cat":[1874],"product_tag":[1963,1962,1965,1964,1966],"class_list":{"0":"post-40061","1":"product","2":"type-product","3":"status-publish","4":"has-post-thumbnail","6":"product_cat-matrice-4-pt","7":"product_tag-dronavia-pt","8":"product_tag-kronos-pt","9":"product_tag-matrice-4-c5-pt","10":"product_tag-paraquedas","11":"product_tag-sts01-pt","12":"product_shipping_class-envio-gratuito-para-los-dji-consumer-pt","14":"first","15":"instock","16":"taxable","17":"shipping-taxable","18":"purchasable","19":"product-type-simple"},"yoast_head":"<!-- This site is optimized with the Yoast SEO plugin v27.2 - https:\/\/yoast.com\/product\/yoast-seo-wordpress\/ -->\n<title>KIT C5 KRONOS MATRICE 4<\/title>\n<meta name=\"description\" content=\"KIT C5 KRONOS MATRIZ 4 | Transforme o seu drone DJI Matrice 4E\/T num C5 para voar em STS-01 (ambientes urbanos) | ATyges Distribuidor Oficial DJI e Dronavia\" \/>\n<meta name=\"robots\" content=\"index, follow, max-snippet:-1, max-image-preview:large, max-video-preview:-1\" \/>\n<link rel=\"canonical\" href=\"https:\/\/atyges.es\/pt\/tienda\/product\/kit-c5-kronos-matrice-4\/\" \/>\n<meta property=\"og:locale\" content=\"pt_PT\" \/>\n<meta property=\"og:type\" content=\"article\" \/>\n<meta property=\"og:title\" content=\"KIT C5 KRONOS MATRICE 4\" \/>\n<meta property=\"og:description\" content=\"KIT C5 KRONOS MATRIZ 4 | Transforme o seu drone DJI Matrice 4E\/T num C5 para voar em STS-01 (ambientes urbanos) | ATyges Distribuidor Oficial DJI e Dronavia\" \/>\n<meta property=\"og:url\" content=\"https:\/\/atyges.es\/pt\/tienda\/product\/kit-c5-kronos-matrice-4\/\" \/>\n<meta property=\"og:site_name\" content=\"ATyges\" \/>\n<meta property=\"article:modified_time\" content=\"2025-03-02T12:58:43+00:00\" \/>\n<meta property=\"og:image\" content=\"https:\/\/atyges.es\/wp-content\/uploads\/2025\/01\/Kronos_M4.png\" \/>\n\t<meta property=\"og:image:width\" content=\"631\" \/>\n\t<meta property=\"og:image:height\" content=\"404\" \/>\n\t<meta property=\"og:image:type\" content=\"image\/png\" \/>\n<meta name=\"twitter:card\" content=\"summary_large_image\" \/>\n<script type=\"application\/ld+json\" class=\"yoast-schema-graph\">{\"@context\":\"https:\/\/schema.org\",\"@graph\":[{\"@type\":\"WebPage\",\"@id\":\"https:\/\/atyges.es\/pt\/tienda\/product\/kit-c5-kronos-matrice-4\/\",\"url\":\"https:\/\/atyges.es\/pt\/tienda\/product\/kit-c5-kronos-matrice-4\/\",\"name\":\"KIT C5 KRONOS MATRICE 4\",\"isPartOf\":{\"@id\":\"https:\/\/atyges.es\/pt\/#website\"},\"primaryImageOfPage\":{\"@id\":\"https:\/\/atyges.es\/pt\/tienda\/product\/kit-c5-kronos-matrice-4\/#primaryimage\"},\"image\":{\"@id\":\"https:\/\/atyges.es\/pt\/tienda\/product\/kit-c5-kronos-matrice-4\/#primaryimage\"},\"thumbnailUrl\":\"https:\/\/atyges.es\/wp-content\/uploads\/2025\/01\/Kronos_M4.png\",\"datePublished\":\"2025-01-31T16:43:00+00:00\",\"dateModified\":\"2025-03-02T12:58:43+00:00\",\"description\":\"KIT C5 KRONOS MATRIZ 4 | Transforme o seu drone DJI Matrice 4E\/T num C5 para voar em STS-01 (ambientes urbanos) | ATyges Distribuidor Oficial DJI e Dronavia\",\"breadcrumb\":{\"@id\":\"https:\/\/atyges.es\/pt\/tienda\/product\/kit-c5-kronos-matrice-4\/#breadcrumb\"},\"inLanguage\":\"pt-PT\",\"potentialAction\":[{\"@type\":\"ReadAction\",\"target\":[\"https:\/\/atyges.es\/pt\/tienda\/product\/kit-c5-kronos-matrice-4\/\"]}]},{\"@type\":\"ImageObject\",\"inLanguage\":\"pt-PT\",\"@id\":\"https:\/\/atyges.es\/pt\/tienda\/product\/kit-c5-kronos-matrice-4\/#primaryimage\",\"url\":\"https:\/\/atyges.es\/wp-content\/uploads\/2025\/01\/Kronos_M4.png\",\"contentUrl\":\"https:\/\/atyges.es\/wp-content\/uploads\/2025\/01\/Kronos_M4.png\",\"width\":631,\"height\":404,\"caption\":\"Kronos M4\"},{\"@type\":\"BreadcrumbList\",\"@id\":\"https:\/\/atyges.es\/pt\/tienda\/product\/kit-c5-kronos-matrice-4\/#breadcrumb\",\"itemListElement\":[{\"@type\":\"ListItem\",\"position\":1,\"name\":\"Portada\",\"item\":\"https:\/\/atyges.es\/pt\/\"},{\"@type\":\"ListItem\",\"position\":2,\"name\":\"Produtos\",\"item\":\"https:\/\/atyges.es\/pt\/shop\/\"},{\"@type\":\"ListItem\",\"position\":3,\"name\":\"KIT C5 KRONOS MATRICE 4\"}]},{\"@type\":\"WebSite\",\"@id\":\"https:\/\/atyges.es\/pt\/#website\",\"url\":\"https:\/\/atyges.es\/pt\/\",\"name\":\"ATyges\",\"description\":\"\",\"publisher\":{\"@id\":\"https:\/\/atyges.es\/pt\/#organization\"},\"potentialAction\":[{\"@type\":\"SearchAction\",\"target\":{\"@type\":\"EntryPoint\",\"urlTemplate\":\"https:\/\/atyges.es\/pt\/?s={search_term_string}\"},\"query-input\":{\"@type\":\"PropertyValueSpecification\",\"valueRequired\":true,\"valueName\":\"search_term_string\"}}],\"inLanguage\":\"pt-PT\"},{\"@type\":\"Organization\",\"@id\":\"https:\/\/atyges.es\/pt\/#organization\",\"name\":\"Atyges\",\"url\":\"https:\/\/atyges.es\/pt\/\",\"logo\":{\"@type\":\"ImageObject\",\"inLanguage\":\"pt-PT\",\"@id\":\"https:\/\/atyges.es\/pt\/#\/schema\/logo\/image\/\",\"url\":\"https:\/\/atyges.es\/wp-content\/uploads\/2022\/01\/Logo_ATyges_Store.png\",\"contentUrl\":\"https:\/\/atyges.es\/wp-content\/uploads\/2022\/01\/Logo_ATyges_Store.png\",\"width\":1228,\"height\":200,\"caption\":\"Atyges\"},\"image\":{\"@id\":\"https:\/\/atyges.es\/pt\/#\/schema\/logo\/image\/\"}}]}<\/script>\n<!-- \/ Yoast SEO plugin. -->","yoast_head_json":{"title":"KIT C5 KRONOS MATRICE 4","description":"KIT C5 KRONOS MATRIZ 4 | Transforme o seu drone DJI Matrice 4E\/T num C5 para voar em STS-01 (ambientes urbanos) | ATyges Distribuidor Oficial DJI e Dronavia","robots":{"index":"index","follow":"follow","max-snippet":"max-snippet:-1","max-image-preview":"max-image-preview:large","max-video-preview":"max-video-preview:-1"},"canonical":"https:\/\/atyges.es\/pt\/tienda\/product\/kit-c5-kronos-matrice-4\/","og_locale":"pt_PT","og_type":"article","og_title":"KIT C5 KRONOS MATRICE 4","og_description":"KIT C5 KRONOS MATRIZ 4 | Transforme o seu drone DJI Matrice 4E\/T num C5 para voar em STS-01 (ambientes urbanos) | ATyges Distribuidor Oficial DJI e Dronavia","og_url":"https:\/\/atyges.es\/pt\/tienda\/product\/kit-c5-kronos-matrice-4\/","og_site_name":"ATyges","article_modified_time":"2025-03-02T12:58:43+00:00","og_image":[{"width":631,"height":404,"url":"https:\/\/atyges.es\/wp-content\/uploads\/2025\/01\/Kronos_M4.png","type":"image\/png"}],"twitter_card":"summary_large_image","schema":{"@context":"https:\/\/schema.org","@graph":[{"@type":"WebPage","@id":"https:\/\/atyges.es\/pt\/tienda\/product\/kit-c5-kronos-matrice-4\/","url":"https:\/\/atyges.es\/pt\/tienda\/product\/kit-c5-kronos-matrice-4\/","name":"KIT C5 KRONOS MATRICE 4","isPartOf":{"@id":"https:\/\/atyges.es\/pt\/#website"},"primaryImageOfPage":{"@id":"https:\/\/atyges.es\/pt\/tienda\/product\/kit-c5-kronos-matrice-4\/#primaryimage"},"image":{"@id":"https:\/\/atyges.es\/pt\/tienda\/product\/kit-c5-kronos-matrice-4\/#primaryimage"},"thumbnailUrl":"https:\/\/atyges.es\/wp-content\/uploads\/2025\/01\/Kronos_M4.png","datePublished":"2025-01-31T16:43:00+00:00","dateModified":"2025-03-02T12:58:43+00:00","description":"KIT C5 KRONOS MATRIZ 4 | Transforme o seu drone DJI Matrice 4E\/T num C5 para voar em STS-01 (ambientes urbanos) | ATyges Distribuidor Oficial DJI e Dronavia","breadcrumb":{"@id":"https:\/\/atyges.es\/pt\/tienda\/product\/kit-c5-kronos-matrice-4\/#breadcrumb"},"inLanguage":"pt-PT","potentialAction":[{"@type":"ReadAction","target":["https:\/\/atyges.es\/pt\/tienda\/product\/kit-c5-kronos-matrice-4\/"]}]},{"@type":"ImageObject","inLanguage":"pt-PT","@id":"https:\/\/atyges.es\/pt\/tienda\/product\/kit-c5-kronos-matrice-4\/#primaryimage","url":"https:\/\/atyges.es\/wp-content\/uploads\/2025\/01\/Kronos_M4.png","contentUrl":"https:\/\/atyges.es\/wp-content\/uploads\/2025\/01\/Kronos_M4.png","width":631,"height":404,"caption":"Kronos M4"},{"@type":"BreadcrumbList","@id":"https:\/\/atyges.es\/pt\/tienda\/product\/kit-c5-kronos-matrice-4\/#breadcrumb","itemListElement":[{"@type":"ListItem","position":1,"name":"Portada","item":"https:\/\/atyges.es\/pt\/"},{"@type":"ListItem","position":2,"name":"Produtos","item":"https:\/\/atyges.es\/pt\/shop\/"},{"@type":"ListItem","position":3,"name":"KIT C5 KRONOS MATRICE 4"}]},{"@type":"WebSite","@id":"https:\/\/atyges.es\/pt\/#website","url":"https:\/\/atyges.es\/pt\/","name":"ATyges","description":"","publisher":{"@id":"https:\/\/atyges.es\/pt\/#organization"},"potentialAction":[{"@type":"SearchAction","target":{"@type":"EntryPoint","urlTemplate":"https:\/\/atyges.es\/pt\/?s={search_term_string}"},"query-input":{"@type":"PropertyValueSpecification","valueRequired":true,"valueName":"search_term_string"}}],"inLanguage":"pt-PT"},{"@type":"Organization","@id":"https:\/\/atyges.es\/pt\/#organization","name":"Atyges","url":"https:\/\/atyges.es\/pt\/","logo":{"@type":"ImageObject","inLanguage":"pt-PT","@id":"https:\/\/atyges.es\/pt\/#\/schema\/logo\/image\/","url":"https:\/\/atyges.es\/wp-content\/uploads\/2022\/01\/Logo_ATyges_Store.png","contentUrl":"https:\/\/atyges.es\/wp-content\/uploads\/2022\/01\/Logo_ATyges_Store.png","width":1228,"height":200,"caption":"Atyges"},"image":{"@id":"https:\/\/atyges.es\/pt\/#\/schema\/logo\/image\/"}}]}},"jetpack_sharing_enabled":true,"_links":{"self":[{"href":"https:\/\/atyges.es\/pt\/wp-json\/wp\/v2\/product\/40061","targetHints":{"allow":["GET"]}}],"collection":[{"href":"https:\/\/atyges.es\/pt\/wp-json\/wp\/v2\/product"}],"about":[{"href":"https:\/\/atyges.es\/pt\/wp-json\/wp\/v2\/types\/product"}],"wp:featuredmedia":[{"embeddable":true,"href":"https:\/\/atyges.es\/pt\/wp-json\/wp\/v2\/media\/39524"}],"wp:attachment":[{"href":"https:\/\/atyges.es\/pt\/wp-json\/wp\/v2\/media?parent=40061"}],"wp:term":[{"taxonomy":"product_brand","embeddable":true,"href":"https:\/\/atyges.es\/pt\/wp-json\/wp\/v2\/product_brand?post=40061"},{"taxonomy":"product_cat","embeddable":true,"href":"https:\/\/atyges.es\/pt\/wp-json\/wp\/v2\/product_cat?post=40061"},{"taxonomy":"product_tag","embeddable":true,"href":"https:\/\/atyges.es\/pt\/wp-json\/wp\/v2\/product_tag?post=40061"}],"curies":[{"name":"wp","href":"https:\/\/api.w.org\/{rel}","templated":true}]}}