{"id":40045,"date":"2025-03-01T14:23:32","date_gmt":"2025-03-01T13:23:32","guid":{"rendered":"https:\/\/atyges.es\/product\/dji-flighthub-2\/"},"modified":"2025-03-02T12:26:54","modified_gmt":"2025-03-02T11:26:54","slug":"dji-flighthub-2","status":"publish","type":"product","link":"https:\/\/atyges.es\/pt\/tienda\/product\/dji-flighthub-2\/","title":{"rendered":"DJI FlightHub 2"},"content":{"rendered":"\n\n<div class=\"kk-star-ratings kksr-auto kksr-align-center kksr-valign-bottom\"\n    data-payload='{&quot;align&quot;:&quot;center&quot;,&quot;id&quot;:&quot;40045&quot;,&quot;slug&quot;:&quot;default&quot;,&quot;valign&quot;:&quot;bottom&quot;,&quot;ignore&quot;:&quot;&quot;,&quot;reference&quot;:&quot;auto&quot;,&quot;class&quot;:&quot;&quot;,&quot;count&quot;:&quot;0&quot;,&quot;legendonly&quot;:&quot;&quot;,&quot;readonly&quot;:&quot;&quot;,&quot;score&quot;:&quot;0&quot;,&quot;starsonly&quot;:&quot;&quot;,&quot;best&quot;:&quot;5&quot;,&quot;gap&quot;:&quot;5&quot;,&quot;greet&quot;:&quot;Val\u00f3ranos&quot;,&quot;legend&quot;:&quot;0\\\/5 - (0 votes)&quot;,&quot;size&quot;:&quot;24&quot;,&quot;title&quot;:&quot;DJI FlightHub 2&quot;,&quot;width&quot;:&quot;0&quot;,&quot;_legend&quot;:&quot;{score}\\\/{best} - ({count} {votes})&quot;,&quot;font_factor&quot;:&quot;1.25&quot;}'>\n            \n<div class=\"kksr-stars\">\n    \n<div class=\"kksr-stars-inactive\">\n            <div class=\"kksr-star\" data-star=\"1\" style=\"padding-right: 5px\">\n            \n\n<div class=\"kksr-icon\" style=\"width: 24px; height: 24px;\"><\/div>\n        <\/div>\n            <div class=\"kksr-star\" data-star=\"2\" style=\"padding-right: 5px\">\n            \n\n<div class=\"kksr-icon\" style=\"width: 24px; height: 24px;\"><\/div>\n        <\/div>\n            <div class=\"kksr-star\" data-star=\"3\" style=\"padding-right: 5px\">\n            \n\n<div class=\"kksr-icon\" style=\"width: 24px; height: 24px;\"><\/div>\n        <\/div>\n            <div class=\"kksr-star\" data-star=\"4\" style=\"padding-right: 5px\">\n            \n\n<div class=\"kksr-icon\" style=\"width: 24px; height: 24px;\"><\/div>\n        <\/div>\n            <div class=\"kksr-star\" data-star=\"5\" style=\"padding-right: 5px\">\n            \n\n<div class=\"kksr-icon\" style=\"width: 24px; height: 24px;\"><\/div>\n        <\/div>\n    <\/div>\n    \n<div class=\"kksr-stars-active\" style=\"width: 0px;\">\n            <div class=\"kksr-star\" style=\"padding-right: 5px\">\n            \n\n<div class=\"kksr-icon\" style=\"width: 24px; height: 24px;\"><\/div>\n        <\/div>\n            <div class=\"kksr-star\" style=\"padding-right: 5px\">\n            \n\n<div class=\"kksr-icon\" style=\"width: 24px; height: 24px;\"><\/div>\n        <\/div>\n            <div class=\"kksr-star\" style=\"padding-right: 5px\">\n            \n\n<div class=\"kksr-icon\" style=\"width: 24px; height: 24px;\"><\/div>\n        <\/div>\n            <div class=\"kksr-star\" style=\"padding-right: 5px\">\n            \n\n<div class=\"kksr-icon\" style=\"width: 24px; height: 24px;\"><\/div>\n        <\/div>\n            <div class=\"kksr-star\" style=\"padding-right: 5px\">\n            \n\n<div class=\"kksr-icon\" style=\"width: 24px; height: 24px;\"><\/div>\n        <\/div>\n    <\/div>\n<\/div>\n                \n\n<div class=\"kksr-legend\" style=\"font-size: 19.2px;\">\n            <span class=\"kksr-muted\">Val\u00f3ranos<\/span>\n    <\/div>\n    <\/div>\n","protected":false},"excerpt":{"rendered":"<p>O <strong>DJI FlightHub 2<\/strong> \u00e9 uma plataforma de gest\u00e3o de opera\u00e7\u00f5es de drones multifuncional baseada na nuvem que o ajuda a obter uma consci\u00eancia situacional abrangente em tempo real. Aceda a todas as informa\u00e7\u00f5es necess\u00e1rias para planear miss\u00f5es com drones, monitorizar a sua frota e gerir os dados que cria, agora num ambiente seguro baseado na cloud.<\/p>\n<ul>\n<li>O<strong> FlightHub 2<\/strong> apresenta um mapa base global 2.5D; permite visualizar transmiss\u00f5es em direto de miss\u00f5es e fotos panor\u00e2micas em tempo real na nuvem; e pode gerar mapas ortomosaicos RGB ou infravermelhos, fornecendo-lhe um conhecimento detalhado do ambiente da sua miss\u00e3o sempre que precisar.<\/li>\n<li>O <strong>FlightHub 2<\/strong> permite anotar dados de v\u00e1rios dispositivos e sincroniz\u00e1-los em tempo real, para destacar objetos, planear rotas de voo e muito mais. Tamb\u00e9m pode sincronizar posi\u00e7\u00f5es de equipa, detalhes de miss\u00f5es e informa\u00e7\u00f5es de mapas em tempo real, tornando a colabora\u00e7\u00e3o em equipa mais f\u00e1cil do que nunca.<\/li>\n<li>Crie uma s\u00e9rie de miss\u00f5es de voo directamente do seu computador com o mapa base 2.5D. Visualize os resultados esperados para cada ponto da miss\u00e3o para garantir a seguran\u00e7a da trajet\u00f3ria de voo e a qualidade dos dados. Sincronize as miss\u00f5es com os pilotos para uma execu\u00e7\u00e3o eficiente e conveniente.<\/li>\n<li>Reveja os resultados da opera\u00e7\u00e3o na nuvem. Abra qualquer fotografia, v\u00eddeo ou panorama captado e este ser\u00e1 apresentado no mapa base 2.5D, juntamente com as informa\u00e7\u00f5es de coordenadas correspondentes.<\/li>\n<li>Quando utilizado com o DJI Dock 3, o <strong>FlightHub 2<\/strong> permite opera\u00e7\u00f5es remotas de drones, incluindo a programa\u00e7\u00e3o de voos, a execu\u00e7\u00e3o autom\u00e1tica de tarefas e o upload e armazenamento de resultados. Permite tamb\u00e9m a opera\u00e7\u00e3o e manuten\u00e7\u00e3o centralizadas de equipamentos, incluindo alertas de avarias e manuten\u00e7\u00e3o remota.<\/li>\n<\/ul>\n","protected":false},"featured_media":39970,"template":"","meta":[],"product_brand":[],"product_cat":[1959],"product_tag":[],"class_list":{"0":"post-40045","1":"product","2":"type-product","3":"status-publish","4":"has-post-thumbnail","6":"product_cat-dji-software-pt","8":"first","9":"instock","10":"taxable","11":"shipping-taxable","12":"purchasable","13":"product-type-variable","14":"has-default-attributes"},"yoast_head":"<!-- This site is optimized with the Yoast SEO plugin v27.4 - https:\/\/yoast.com\/product\/yoast-seo-wordpress\/ -->\n<title>DJI FlightHub 2 | Gest\u00e3o de frotas de drones e streaming em tempo real | ATyges<\/title>\n<meta name=\"description\" content=\"DJI FlightHub 2 \u2b50 O software de gest\u00e3o de frotas e transmiss\u00e3o em tempo real \u2705\u3010ATyges Distribuidores oficiais DJI\u3011\u2705.\" \/>\n<meta name=\"robots\" content=\"index, follow, max-snippet:-1, max-image-preview:large, max-video-preview:-1\" \/>\n<link rel=\"canonical\" href=\"https:\/\/atyges.es\/pt\/tienda\/product\/dji-flighthub-2\/\" \/>\n<meta property=\"og:locale\" content=\"pt_PT\" \/>\n<meta property=\"og:type\" content=\"article\" \/>\n<meta property=\"og:title\" content=\"DJI FlightHub 2 | Gest\u00e3o de frotas de drones e streaming em tempo real | ATyges\" \/>\n<meta property=\"og:description\" content=\"DJI FlightHub 2 \u2b50 O software de gest\u00e3o de frotas e transmiss\u00e3o em tempo real \u2705\u3010ATyges Distribuidores oficiais DJI\u3011\u2705.\" \/>\n<meta property=\"og:url\" content=\"https:\/\/atyges.es\/pt\/tienda\/product\/dji-flighthub-2\/\" \/>\n<meta property=\"og:site_name\" content=\"ATyges\" \/>\n<meta property=\"article:modified_time\" content=\"2025-03-02T11:26:54+00:00\" \/>\n<meta property=\"og:image\" content=\"https:\/\/atyges.es\/wp-content\/uploads\/2025\/03\/FLIGHTHUB2.png\" \/>\n\t<meta property=\"og:image:width\" content=\"800\" \/>\n\t<meta property=\"og:image:height\" content=\"800\" \/>\n\t<meta property=\"og:image:type\" content=\"image\/png\" \/>\n<meta name=\"twitter:card\" content=\"summary_large_image\" \/>\n<script type=\"application\/ld+json\" class=\"yoast-schema-graph\">{\"@context\":\"https:\\\/\\\/schema.org\",\"@graph\":[{\"@type\":\"WebPage\",\"@id\":\"https:\\\/\\\/atyges.es\\\/pt\\\/tienda\\\/product\\\/dji-flighthub-2\\\/\",\"url\":\"https:\\\/\\\/atyges.es\\\/pt\\\/tienda\\\/product\\\/dji-flighthub-2\\\/\",\"name\":\"DJI FlightHub 2 | Gest\u00e3o de frotas de drones e streaming em tempo real | ATyges\",\"isPartOf\":{\"@id\":\"https:\\\/\\\/atyges.es\\\/pt\\\/#website\"},\"primaryImageOfPage\":{\"@id\":\"https:\\\/\\\/atyges.es\\\/pt\\\/tienda\\\/product\\\/dji-flighthub-2\\\/#primaryimage\"},\"image\":{\"@id\":\"https:\\\/\\\/atyges.es\\\/pt\\\/tienda\\\/product\\\/dji-flighthub-2\\\/#primaryimage\"},\"thumbnailUrl\":\"https:\\\/\\\/atyges.es\\\/wp-content\\\/uploads\\\/2025\\\/03\\\/FLIGHTHUB2.png\",\"datePublished\":\"2025-03-01T13:23:32+00:00\",\"dateModified\":\"2025-03-02T11:26:54+00:00\",\"description\":\"DJI FlightHub 2 \u2b50 O software de gest\u00e3o de frotas e transmiss\u00e3o em tempo real \u2705\u3010ATyges Distribuidores oficiais DJI\u3011\u2705.\",\"breadcrumb\":{\"@id\":\"https:\\\/\\\/atyges.es\\\/pt\\\/tienda\\\/product\\\/dji-flighthub-2\\\/#breadcrumb\"},\"inLanguage\":\"pt-PT\",\"potentialAction\":[{\"@type\":\"ReadAction\",\"target\":[\"https:\\\/\\\/atyges.es\\\/pt\\\/tienda\\\/product\\\/dji-flighthub-2\\\/\"]}]},{\"@type\":\"ImageObject\",\"inLanguage\":\"pt-PT\",\"@id\":\"https:\\\/\\\/atyges.es\\\/pt\\\/tienda\\\/product\\\/dji-flighthub-2\\\/#primaryimage\",\"url\":\"https:\\\/\\\/atyges.es\\\/wp-content\\\/uploads\\\/2025\\\/03\\\/FLIGHTHUB2.png\",\"contentUrl\":\"https:\\\/\\\/atyges.es\\\/wp-content\\\/uploads\\\/2025\\\/03\\\/FLIGHTHUB2.png\",\"width\":800,\"height\":800,\"caption\":\"FLIGHTHUB2\"},{\"@type\":\"BreadcrumbList\",\"@id\":\"https:\\\/\\\/atyges.es\\\/pt\\\/tienda\\\/product\\\/dji-flighthub-2\\\/#breadcrumb\",\"itemListElement\":[{\"@type\":\"ListItem\",\"position\":1,\"name\":\"Portada\",\"item\":\"https:\\\/\\\/atyges.es\\\/pt\\\/\"},{\"@type\":\"ListItem\",\"position\":2,\"name\":\"Produtos\",\"item\":\"https:\\\/\\\/atyges.es\\\/pt\\\/shop\\\/\"},{\"@type\":\"ListItem\",\"position\":3,\"name\":\"DJI FlightHub 2\"}]},{\"@type\":\"WebSite\",\"@id\":\"https:\\\/\\\/atyges.es\\\/pt\\\/#website\",\"url\":\"https:\\\/\\\/atyges.es\\\/pt\\\/\",\"name\":\"ATyges\",\"description\":\"\",\"publisher\":{\"@id\":\"https:\\\/\\\/atyges.es\\\/pt\\\/#organization\"},\"potentialAction\":[{\"@type\":\"SearchAction\",\"target\":{\"@type\":\"EntryPoint\",\"urlTemplate\":\"https:\\\/\\\/atyges.es\\\/pt\\\/?s={search_term_string}\"},\"query-input\":{\"@type\":\"PropertyValueSpecification\",\"valueRequired\":true,\"valueName\":\"search_term_string\"}}],\"inLanguage\":\"pt-PT\"},{\"@type\":\"Organization\",\"@id\":\"https:\\\/\\\/atyges.es\\\/pt\\\/#organization\",\"name\":\"Atyges\",\"url\":\"https:\\\/\\\/atyges.es\\\/pt\\\/\",\"logo\":{\"@type\":\"ImageObject\",\"inLanguage\":\"pt-PT\",\"@id\":\"https:\\\/\\\/atyges.es\\\/pt\\\/#\\\/schema\\\/logo\\\/image\\\/\",\"url\":\"https:\\\/\\\/atyges.es\\\/wp-content\\\/uploads\\\/2022\\\/01\\\/Logo_ATyges_Store.png\",\"contentUrl\":\"https:\\\/\\\/atyges.es\\\/wp-content\\\/uploads\\\/2022\\\/01\\\/Logo_ATyges_Store.png\",\"width\":1228,\"height\":200,\"caption\":\"Atyges\"},\"image\":{\"@id\":\"https:\\\/\\\/atyges.es\\\/pt\\\/#\\\/schema\\\/logo\\\/image\\\/\"}}]}<\/script>\n<!-- \/ Yoast SEO plugin. -->","yoast_head_json":{"title":"DJI FlightHub 2 | Gest\u00e3o de frotas de drones e streaming em tempo real | ATyges","description":"DJI FlightHub 2 \u2b50 O software de gest\u00e3o de frotas e transmiss\u00e3o em tempo real \u2705\u3010ATyges Distribuidores oficiais DJI\u3011\u2705.","robots":{"index":"index","follow":"follow","max-snippet":"max-snippet:-1","max-image-preview":"max-image-preview:large","max-video-preview":"max-video-preview:-1"},"canonical":"https:\/\/atyges.es\/pt\/tienda\/product\/dji-flighthub-2\/","og_locale":"pt_PT","og_type":"article","og_title":"DJI FlightHub 2 | Gest\u00e3o de frotas de drones e streaming em tempo real | ATyges","og_description":"DJI FlightHub 2 \u2b50 O software de gest\u00e3o de frotas e transmiss\u00e3o em tempo real \u2705\u3010ATyges Distribuidores oficiais DJI\u3011\u2705.","og_url":"https:\/\/atyges.es\/pt\/tienda\/product\/dji-flighthub-2\/","og_site_name":"ATyges","article_modified_time":"2025-03-02T11:26:54+00:00","og_image":[{"width":800,"height":800,"url":"https:\/\/atyges.es\/wp-content\/uploads\/2025\/03\/FLIGHTHUB2.png","type":"image\/png"}],"twitter_card":"summary_large_image","schema":{"@context":"https:\/\/schema.org","@graph":[{"@type":"WebPage","@id":"https:\/\/atyges.es\/pt\/tienda\/product\/dji-flighthub-2\/","url":"https:\/\/atyges.es\/pt\/tienda\/product\/dji-flighthub-2\/","name":"DJI FlightHub 2 | Gest\u00e3o de frotas de drones e streaming em tempo real | ATyges","isPartOf":{"@id":"https:\/\/atyges.es\/pt\/#website"},"primaryImageOfPage":{"@id":"https:\/\/atyges.es\/pt\/tienda\/product\/dji-flighthub-2\/#primaryimage"},"image":{"@id":"https:\/\/atyges.es\/pt\/tienda\/product\/dji-flighthub-2\/#primaryimage"},"thumbnailUrl":"https:\/\/atyges.es\/wp-content\/uploads\/2025\/03\/FLIGHTHUB2.png","datePublished":"2025-03-01T13:23:32+00:00","dateModified":"2025-03-02T11:26:54+00:00","description":"DJI FlightHub 2 \u2b50 O software de gest\u00e3o de frotas e transmiss\u00e3o em tempo real \u2705\u3010ATyges Distribuidores oficiais DJI\u3011\u2705.","breadcrumb":{"@id":"https:\/\/atyges.es\/pt\/tienda\/product\/dji-flighthub-2\/#breadcrumb"},"inLanguage":"pt-PT","potentialAction":[{"@type":"ReadAction","target":["https:\/\/atyges.es\/pt\/tienda\/product\/dji-flighthub-2\/"]}]},{"@type":"ImageObject","inLanguage":"pt-PT","@id":"https:\/\/atyges.es\/pt\/tienda\/product\/dji-flighthub-2\/#primaryimage","url":"https:\/\/atyges.es\/wp-content\/uploads\/2025\/03\/FLIGHTHUB2.png","contentUrl":"https:\/\/atyges.es\/wp-content\/uploads\/2025\/03\/FLIGHTHUB2.png","width":800,"height":800,"caption":"FLIGHTHUB2"},{"@type":"BreadcrumbList","@id":"https:\/\/atyges.es\/pt\/tienda\/product\/dji-flighthub-2\/#breadcrumb","itemListElement":[{"@type":"ListItem","position":1,"name":"Portada","item":"https:\/\/atyges.es\/pt\/"},{"@type":"ListItem","position":2,"name":"Produtos","item":"https:\/\/atyges.es\/pt\/shop\/"},{"@type":"ListItem","position":3,"name":"DJI FlightHub 2"}]},{"@type":"WebSite","@id":"https:\/\/atyges.es\/pt\/#website","url":"https:\/\/atyges.es\/pt\/","name":"ATyges","description":"","publisher":{"@id":"https:\/\/atyges.es\/pt\/#organization"},"potentialAction":[{"@type":"SearchAction","target":{"@type":"EntryPoint","urlTemplate":"https:\/\/atyges.es\/pt\/?s={search_term_string}"},"query-input":{"@type":"PropertyValueSpecification","valueRequired":true,"valueName":"search_term_string"}}],"inLanguage":"pt-PT"},{"@type":"Organization","@id":"https:\/\/atyges.es\/pt\/#organization","name":"Atyges","url":"https:\/\/atyges.es\/pt\/","logo":{"@type":"ImageObject","inLanguage":"pt-PT","@id":"https:\/\/atyges.es\/pt\/#\/schema\/logo\/image\/","url":"https:\/\/atyges.es\/wp-content\/uploads\/2022\/01\/Logo_ATyges_Store.png","contentUrl":"https:\/\/atyges.es\/wp-content\/uploads\/2022\/01\/Logo_ATyges_Store.png","width":1228,"height":200,"caption":"Atyges"},"image":{"@id":"https:\/\/atyges.es\/pt\/#\/schema\/logo\/image\/"}}]}},"jetpack_sharing_enabled":true,"_links":{"self":[{"href":"https:\/\/atyges.es\/pt\/wp-json\/wp\/v2\/product\/40045","targetHints":{"allow":["GET"]}}],"collection":[{"href":"https:\/\/atyges.es\/pt\/wp-json\/wp\/v2\/product"}],"about":[{"href":"https:\/\/atyges.es\/pt\/wp-json\/wp\/v2\/types\/product"}],"wp:featuredmedia":[{"embeddable":true,"href":"https:\/\/atyges.es\/pt\/wp-json\/wp\/v2\/media\/39970"}],"wp:attachment":[{"href":"https:\/\/atyges.es\/pt\/wp-json\/wp\/v2\/media?parent=40045"}],"wp:term":[{"taxonomy":"product_brand","embeddable":true,"href":"https:\/\/atyges.es\/pt\/wp-json\/wp\/v2\/product_brand?post=40045"},{"taxonomy":"product_cat","embeddable":true,"href":"https:\/\/atyges.es\/pt\/wp-json\/wp\/v2\/product_cat?post=40045"},{"taxonomy":"product_tag","embeddable":true,"href":"https:\/\/atyges.es\/pt\/wp-json\/wp\/v2\/product_tag?post=40045"}],"curies":[{"name":"wp","href":"https:\/\/api.w.org\/{rel}","templated":true}]}}