{"id":40039,"date":"2025-03-01T21:44:35","date_gmt":"2025-03-01T20:44:35","guid":{"rendered":"https:\/\/atyges.es\/product\/dji-modify\/"},"modified":"2025-03-02T12:17:36","modified_gmt":"2025-03-02T11:17:36","slug":"dji-modify","status":"publish","type":"product","link":"https:\/\/atyges.es\/pt\/tienda\/product\/dji-modify\/","title":{"rendered":"DJI Modify"},"content":{"rendered":"\n\n<div class=\"kk-star-ratings kksr-auto kksr-align-center kksr-valign-bottom\"\n    data-payload='{&quot;align&quot;:&quot;center&quot;,&quot;id&quot;:&quot;40039&quot;,&quot;slug&quot;:&quot;default&quot;,&quot;valign&quot;:&quot;bottom&quot;,&quot;ignore&quot;:&quot;&quot;,&quot;reference&quot;:&quot;auto&quot;,&quot;class&quot;:&quot;&quot;,&quot;count&quot;:&quot;0&quot;,&quot;legendonly&quot;:&quot;&quot;,&quot;readonly&quot;:&quot;&quot;,&quot;score&quot;:&quot;0&quot;,&quot;starsonly&quot;:&quot;&quot;,&quot;best&quot;:&quot;5&quot;,&quot;gap&quot;:&quot;5&quot;,&quot;greet&quot;:&quot;Val\u00f3ranos&quot;,&quot;legend&quot;:&quot;0\\\/5 - (0 votes)&quot;,&quot;size&quot;:&quot;24&quot;,&quot;title&quot;:&quot;DJI Modify&quot;,&quot;width&quot;:&quot;0&quot;,&quot;_legend&quot;:&quot;{score}\\\/{best} - ({count} {votes})&quot;,&quot;font_factor&quot;:&quot;1.25&quot;}'>\n            \n<div class=\"kksr-stars\">\n    \n<div class=\"kksr-stars-inactive\">\n            <div class=\"kksr-star\" data-star=\"1\" style=\"padding-right: 5px\">\n            \n\n<div class=\"kksr-icon\" style=\"width: 24px; height: 24px;\"><\/div>\n        <\/div>\n            <div class=\"kksr-star\" data-star=\"2\" style=\"padding-right: 5px\">\n            \n\n<div class=\"kksr-icon\" style=\"width: 24px; height: 24px;\"><\/div>\n        <\/div>\n            <div class=\"kksr-star\" data-star=\"3\" style=\"padding-right: 5px\">\n            \n\n<div class=\"kksr-icon\" style=\"width: 24px; height: 24px;\"><\/div>\n        <\/div>\n            <div class=\"kksr-star\" data-star=\"4\" style=\"padding-right: 5px\">\n            \n\n<div class=\"kksr-icon\" style=\"width: 24px; height: 24px;\"><\/div>\n        <\/div>\n            <div class=\"kksr-star\" data-star=\"5\" style=\"padding-right: 5px\">\n            \n\n<div class=\"kksr-icon\" style=\"width: 24px; height: 24px;\"><\/div>\n        <\/div>\n    <\/div>\n    \n<div class=\"kksr-stars-active\" style=\"width: 0px;\">\n            <div class=\"kksr-star\" style=\"padding-right: 5px\">\n            \n\n<div class=\"kksr-icon\" style=\"width: 24px; height: 24px;\"><\/div>\n        <\/div>\n            <div class=\"kksr-star\" style=\"padding-right: 5px\">\n            \n\n<div class=\"kksr-icon\" style=\"width: 24px; height: 24px;\"><\/div>\n        <\/div>\n            <div class=\"kksr-star\" style=\"padding-right: 5px\">\n            \n\n<div class=\"kksr-icon\" style=\"width: 24px; height: 24px;\"><\/div>\n        <\/div>\n            <div class=\"kksr-star\" style=\"padding-right: 5px\">\n            \n\n<div class=\"kksr-icon\" style=\"width: 24px; height: 24px;\"><\/div>\n        <\/div>\n            <div class=\"kksr-star\" style=\"padding-right: 5px\">\n            \n\n<div class=\"kksr-icon\" style=\"width: 24px; height: 24px;\"><\/div>\n        <\/div>\n    <\/div>\n<\/div>\n                \n\n<div class=\"kksr-legend\" style=\"font-size: 19.2px;\">\n            <span class=\"kksr-muted\">Val\u00f3ranos<\/span>\n    <\/div>\n    <\/div>\n","protected":false},"excerpt":{"rendered":"<h1>DJI Modify: moldar o mundo<\/h1>\n<p><strong>DJI Modify<\/strong> \u00e9 o primeiro software inteligente da DJI para edi\u00e7\u00e3o de modelos 3D. Possui uma interface simplificada e intuitiva que permite editar modelos de forma f\u00e1cil e eficiente. Combinado com um drone DJI Enterprise e <a href=\"https:\/\/atyges.es\/pt\/tienda\/product\/dji-terra\/\">DJI Terra<\/a>, fornece uma solu\u00e7\u00e3o abrangente para inspe\u00e7\u00f5es a\u00e9reas e cria\u00e7\u00e3o e edi\u00e7\u00e3o de modelos, que podem ser facilmente partilhadas para satisfazer as necessidades operacionais em inspe\u00e7\u00e3o e mapeamento, combate a inc\u00eandios, resposta a emerg\u00eancias e transporte.<\/p>\n<h3>Principais benef\u00edcios:<\/h3>\n<ul>\n<li>Intera\u00e7\u00e3o otimizada.<\/li>\n<li>Reconhecimento inteligente de padr\u00f5es.<\/li>\n<li>Repara\u00e7\u00e3o autom\u00e1tica e <span class=\"nowrap\">repara\u00e7\u00e3o em lote<\/span>.<\/li>\n<li>Ferramenta de edi\u00e7\u00e3o de texturas integrada.<\/li>\n<li>Partilha de nuvem.<\/li>\n<\/ul>\n<h3>Fluxo de trabalho eficiente entre DJI Terra e DJI Modify<\/h3>\n<p>Num projeto de modela\u00e7\u00e3o 3D <a href=\"https:\/\/atyges.es\/pt\/tienda\/product\/dji-terra\/\">DJI Terra<\/a>, pode iniciar o <strong>DJI Modify<\/strong> com apenas um clique para editar modelos, obtendo um fluxo de trabalho eficiente e uma solu\u00e7\u00e3o durante todo o processo, desde a cria\u00e7\u00e3o do modelo at\u00e9 \u00e0 edi\u00e7\u00e3o. No <a href=\"https:\/\/atyges.es\/pt\/tienda\/product\/dji-terra\/\">DJI Terra<\/a>, ative o bot\u00e3o <strong>DJI Modify<\/strong> para gerar automaticamente ficheiros de edi\u00e7\u00e3o de modelo, que incluem objetos pr\u00e9-identificados e pr\u00e9-processamento de modelo, para que possa editar o modelo de forma eficiente.<\/p>\n","protected":false},"featured_media":39990,"template":"","meta":[],"product_brand":[],"product_cat":[1959],"product_tag":[],"class_list":{"0":"post-40039","1":"product","2":"type-product","3":"status-publish","4":"has-post-thumbnail","6":"product_cat-dji-software-pt","8":"first","9":"instock","10":"taxable","11":"shipping-taxable","12":"purchasable","13":"product-type-variable"},"yoast_head":"<!-- This site is optimized with the Yoast SEO plugin v27.2 - https:\/\/yoast.com\/product\/yoast-seo-wordpress\/ -->\n<title>DJI Modify | Moldar o mundo | ATyges<\/title>\n<meta name=\"description\" content=\"DJI Modify \u2b50 O software para editar modelos 3D e nuvens de pontos \u2705\u3010ATyges Distribuidores oficiais DJI\u3011\u2705\" \/>\n<meta name=\"robots\" content=\"index, follow, max-snippet:-1, max-image-preview:large, max-video-preview:-1\" \/>\n<link rel=\"canonical\" href=\"https:\/\/atyges.es\/pt\/tienda\/product\/dji-modify\/\" \/>\n<meta property=\"og:locale\" content=\"pt_PT\" \/>\n<meta property=\"og:type\" content=\"article\" \/>\n<meta property=\"og:title\" content=\"DJI Modify | Moldar o mundo | ATyges\" \/>\n<meta property=\"og:description\" content=\"DJI Modify \u2b50 O software para editar modelos 3D e nuvens de pontos \u2705\u3010ATyges Distribuidores oficiais DJI\u3011\u2705\" \/>\n<meta property=\"og:url\" content=\"https:\/\/atyges.es\/pt\/tienda\/product\/dji-modify\/\" \/>\n<meta property=\"og:site_name\" content=\"ATyges\" \/>\n<meta property=\"article:modified_time\" content=\"2025-03-02T11:17:36+00:00\" \/>\n<meta property=\"og:image\" content=\"https:\/\/atyges.es\/wp-content\/uploads\/2025\/03\/DJI_MODIFY.jpg\" \/>\n\t<meta property=\"og:image:width\" content=\"750\" \/>\n\t<meta property=\"og:image:height\" content=\"750\" \/>\n\t<meta property=\"og:image:type\" content=\"image\/jpeg\" \/>\n<meta name=\"twitter:card\" content=\"summary_large_image\" \/>\n<script type=\"application\/ld+json\" class=\"yoast-schema-graph\">{\"@context\":\"https:\/\/schema.org\",\"@graph\":[{\"@type\":\"WebPage\",\"@id\":\"https:\/\/atyges.es\/pt\/tienda\/product\/dji-modify\/\",\"url\":\"https:\/\/atyges.es\/pt\/tienda\/product\/dji-modify\/\",\"name\":\"DJI Modify | Moldar o mundo | ATyges\",\"isPartOf\":{\"@id\":\"https:\/\/atyges.es\/pt\/#website\"},\"primaryImageOfPage\":{\"@id\":\"https:\/\/atyges.es\/pt\/tienda\/product\/dji-modify\/#primaryimage\"},\"image\":{\"@id\":\"https:\/\/atyges.es\/pt\/tienda\/product\/dji-modify\/#primaryimage\"},\"thumbnailUrl\":\"https:\/\/atyges.es\/wp-content\/uploads\/2025\/03\/DJI_MODIFY.jpg\",\"datePublished\":\"2025-03-01T20:44:35+00:00\",\"dateModified\":\"2025-03-02T11:17:36+00:00\",\"description\":\"DJI Modify \u2b50 O software para editar modelos 3D e nuvens de pontos \u2705\u3010ATyges Distribuidores oficiais DJI\u3011\u2705\",\"breadcrumb\":{\"@id\":\"https:\/\/atyges.es\/pt\/tienda\/product\/dji-modify\/#breadcrumb\"},\"inLanguage\":\"pt-PT\",\"potentialAction\":[{\"@type\":\"ReadAction\",\"target\":[\"https:\/\/atyges.es\/pt\/tienda\/product\/dji-modify\/\"]}]},{\"@type\":\"ImageObject\",\"inLanguage\":\"pt-PT\",\"@id\":\"https:\/\/atyges.es\/pt\/tienda\/product\/dji-modify\/#primaryimage\",\"url\":\"https:\/\/atyges.es\/wp-content\/uploads\/2025\/03\/DJI_MODIFY.jpg\",\"contentUrl\":\"https:\/\/atyges.es\/wp-content\/uploads\/2025\/03\/DJI_MODIFY.jpg\",\"width\":750,\"height\":750,\"caption\":\"DJI Modify\"},{\"@type\":\"BreadcrumbList\",\"@id\":\"https:\/\/atyges.es\/pt\/tienda\/product\/dji-modify\/#breadcrumb\",\"itemListElement\":[{\"@type\":\"ListItem\",\"position\":1,\"name\":\"Portada\",\"item\":\"https:\/\/atyges.es\/pt\/\"},{\"@type\":\"ListItem\",\"position\":2,\"name\":\"Produtos\",\"item\":\"https:\/\/atyges.es\/pt\/shop\/\"},{\"@type\":\"ListItem\",\"position\":3,\"name\":\"DJI Modify\"}]},{\"@type\":\"WebSite\",\"@id\":\"https:\/\/atyges.es\/pt\/#website\",\"url\":\"https:\/\/atyges.es\/pt\/\",\"name\":\"ATyges\",\"description\":\"\",\"publisher\":{\"@id\":\"https:\/\/atyges.es\/pt\/#organization\"},\"potentialAction\":[{\"@type\":\"SearchAction\",\"target\":{\"@type\":\"EntryPoint\",\"urlTemplate\":\"https:\/\/atyges.es\/pt\/?s={search_term_string}\"},\"query-input\":{\"@type\":\"PropertyValueSpecification\",\"valueRequired\":true,\"valueName\":\"search_term_string\"}}],\"inLanguage\":\"pt-PT\"},{\"@type\":\"Organization\",\"@id\":\"https:\/\/atyges.es\/pt\/#organization\",\"name\":\"Atyges\",\"url\":\"https:\/\/atyges.es\/pt\/\",\"logo\":{\"@type\":\"ImageObject\",\"inLanguage\":\"pt-PT\",\"@id\":\"https:\/\/atyges.es\/pt\/#\/schema\/logo\/image\/\",\"url\":\"https:\/\/atyges.es\/wp-content\/uploads\/2022\/01\/Logo_ATyges_Store.png\",\"contentUrl\":\"https:\/\/atyges.es\/wp-content\/uploads\/2022\/01\/Logo_ATyges_Store.png\",\"width\":1228,\"height\":200,\"caption\":\"Atyges\"},\"image\":{\"@id\":\"https:\/\/atyges.es\/pt\/#\/schema\/logo\/image\/\"}}]}<\/script>\n<!-- \/ Yoast SEO plugin. -->","yoast_head_json":{"title":"DJI Modify | Moldar o mundo | ATyges","description":"DJI Modify \u2b50 O software para editar modelos 3D e nuvens de pontos \u2705\u3010ATyges Distribuidores oficiais DJI\u3011\u2705","robots":{"index":"index","follow":"follow","max-snippet":"max-snippet:-1","max-image-preview":"max-image-preview:large","max-video-preview":"max-video-preview:-1"},"canonical":"https:\/\/atyges.es\/pt\/tienda\/product\/dji-modify\/","og_locale":"pt_PT","og_type":"article","og_title":"DJI Modify | Moldar o mundo | ATyges","og_description":"DJI Modify \u2b50 O software para editar modelos 3D e nuvens de pontos \u2705\u3010ATyges Distribuidores oficiais DJI\u3011\u2705","og_url":"https:\/\/atyges.es\/pt\/tienda\/product\/dji-modify\/","og_site_name":"ATyges","article_modified_time":"2025-03-02T11:17:36+00:00","og_image":[{"width":750,"height":750,"url":"https:\/\/atyges.es\/wp-content\/uploads\/2025\/03\/DJI_MODIFY.jpg","type":"image\/jpeg"}],"twitter_card":"summary_large_image","schema":{"@context":"https:\/\/schema.org","@graph":[{"@type":"WebPage","@id":"https:\/\/atyges.es\/pt\/tienda\/product\/dji-modify\/","url":"https:\/\/atyges.es\/pt\/tienda\/product\/dji-modify\/","name":"DJI Modify | Moldar o mundo | ATyges","isPartOf":{"@id":"https:\/\/atyges.es\/pt\/#website"},"primaryImageOfPage":{"@id":"https:\/\/atyges.es\/pt\/tienda\/product\/dji-modify\/#primaryimage"},"image":{"@id":"https:\/\/atyges.es\/pt\/tienda\/product\/dji-modify\/#primaryimage"},"thumbnailUrl":"https:\/\/atyges.es\/wp-content\/uploads\/2025\/03\/DJI_MODIFY.jpg","datePublished":"2025-03-01T20:44:35+00:00","dateModified":"2025-03-02T11:17:36+00:00","description":"DJI Modify \u2b50 O software para editar modelos 3D e nuvens de pontos \u2705\u3010ATyges Distribuidores oficiais DJI\u3011\u2705","breadcrumb":{"@id":"https:\/\/atyges.es\/pt\/tienda\/product\/dji-modify\/#breadcrumb"},"inLanguage":"pt-PT","potentialAction":[{"@type":"ReadAction","target":["https:\/\/atyges.es\/pt\/tienda\/product\/dji-modify\/"]}]},{"@type":"ImageObject","inLanguage":"pt-PT","@id":"https:\/\/atyges.es\/pt\/tienda\/product\/dji-modify\/#primaryimage","url":"https:\/\/atyges.es\/wp-content\/uploads\/2025\/03\/DJI_MODIFY.jpg","contentUrl":"https:\/\/atyges.es\/wp-content\/uploads\/2025\/03\/DJI_MODIFY.jpg","width":750,"height":750,"caption":"DJI Modify"},{"@type":"BreadcrumbList","@id":"https:\/\/atyges.es\/pt\/tienda\/product\/dji-modify\/#breadcrumb","itemListElement":[{"@type":"ListItem","position":1,"name":"Portada","item":"https:\/\/atyges.es\/pt\/"},{"@type":"ListItem","position":2,"name":"Produtos","item":"https:\/\/atyges.es\/pt\/shop\/"},{"@type":"ListItem","position":3,"name":"DJI Modify"}]},{"@type":"WebSite","@id":"https:\/\/atyges.es\/pt\/#website","url":"https:\/\/atyges.es\/pt\/","name":"ATyges","description":"","publisher":{"@id":"https:\/\/atyges.es\/pt\/#organization"},"potentialAction":[{"@type":"SearchAction","target":{"@type":"EntryPoint","urlTemplate":"https:\/\/atyges.es\/pt\/?s={search_term_string}"},"query-input":{"@type":"PropertyValueSpecification","valueRequired":true,"valueName":"search_term_string"}}],"inLanguage":"pt-PT"},{"@type":"Organization","@id":"https:\/\/atyges.es\/pt\/#organization","name":"Atyges","url":"https:\/\/atyges.es\/pt\/","logo":{"@type":"ImageObject","inLanguage":"pt-PT","@id":"https:\/\/atyges.es\/pt\/#\/schema\/logo\/image\/","url":"https:\/\/atyges.es\/wp-content\/uploads\/2022\/01\/Logo_ATyges_Store.png","contentUrl":"https:\/\/atyges.es\/wp-content\/uploads\/2022\/01\/Logo_ATyges_Store.png","width":1228,"height":200,"caption":"Atyges"},"image":{"@id":"https:\/\/atyges.es\/pt\/#\/schema\/logo\/image\/"}}]}},"jetpack_sharing_enabled":true,"_links":{"self":[{"href":"https:\/\/atyges.es\/pt\/wp-json\/wp\/v2\/product\/40039","targetHints":{"allow":["GET"]}}],"collection":[{"href":"https:\/\/atyges.es\/pt\/wp-json\/wp\/v2\/product"}],"about":[{"href":"https:\/\/atyges.es\/pt\/wp-json\/wp\/v2\/types\/product"}],"wp:featuredmedia":[{"embeddable":true,"href":"https:\/\/atyges.es\/pt\/wp-json\/wp\/v2\/media\/39990"}],"wp:attachment":[{"href":"https:\/\/atyges.es\/pt\/wp-json\/wp\/v2\/media?parent=40039"}],"wp:term":[{"taxonomy":"product_brand","embeddable":true,"href":"https:\/\/atyges.es\/pt\/wp-json\/wp\/v2\/product_brand?post=40039"},{"taxonomy":"product_cat","embeddable":true,"href":"https:\/\/atyges.es\/pt\/wp-json\/wp\/v2\/product_cat?post=40039"},{"taxonomy":"product_tag","embeddable":true,"href":"https:\/\/atyges.es\/pt\/wp-json\/wp\/v2\/product_tag?post=40039"}],"curies":[{"name":"wp","href":"https:\/\/api.w.org\/{rel}","templated":true}]}}