{"id":39350,"date":"2025-01-08T19:17:49","date_gmt":"2025-01-08T18:17:49","guid":{"rendered":"https:\/\/atyges.es\/product\/speaker-dji-as1\/"},"modified":"2025-01-10T13:36:51","modified_gmt":"2025-01-10T12:36:51","slug":"speaker-dji-as1","status":"publish","type":"product","link":"https:\/\/atyges.es\/pt\/tienda\/product\/speaker-dji-as1\/","title":{"rendered":"Speaker DJI AS1"},"content":{"rendered":"\n\n<div class=\"kk-star-ratings kksr-auto kksr-align-center kksr-valign-bottom\"\n    data-payload='{&quot;align&quot;:&quot;center&quot;,&quot;id&quot;:&quot;39350&quot;,&quot;slug&quot;:&quot;default&quot;,&quot;valign&quot;:&quot;bottom&quot;,&quot;ignore&quot;:&quot;&quot;,&quot;reference&quot;:&quot;auto&quot;,&quot;class&quot;:&quot;&quot;,&quot;count&quot;:&quot;0&quot;,&quot;legendonly&quot;:&quot;&quot;,&quot;readonly&quot;:&quot;&quot;,&quot;score&quot;:&quot;0&quot;,&quot;starsonly&quot;:&quot;&quot;,&quot;best&quot;:&quot;5&quot;,&quot;gap&quot;:&quot;5&quot;,&quot;greet&quot;:&quot;Val\u00f3ranos&quot;,&quot;legend&quot;:&quot;0\\\/5 - (0 votes)&quot;,&quot;size&quot;:&quot;24&quot;,&quot;title&quot;:&quot;Speaker DJI AS1&quot;,&quot;width&quot;:&quot;0&quot;,&quot;_legend&quot;:&quot;{score}\\\/{best} - ({count} {votes})&quot;,&quot;font_factor&quot;:&quot;1.25&quot;}'>\n            \n<div class=\"kksr-stars\">\n    \n<div class=\"kksr-stars-inactive\">\n            <div class=\"kksr-star\" data-star=\"1\" style=\"padding-right: 5px\">\n            \n\n<div class=\"kksr-icon\" style=\"width: 24px; height: 24px;\"><\/div>\n        <\/div>\n            <div class=\"kksr-star\" data-star=\"2\" style=\"padding-right: 5px\">\n            \n\n<div class=\"kksr-icon\" style=\"width: 24px; height: 24px;\"><\/div>\n        <\/div>\n            <div class=\"kksr-star\" data-star=\"3\" style=\"padding-right: 5px\">\n            \n\n<div class=\"kksr-icon\" style=\"width: 24px; height: 24px;\"><\/div>\n        <\/div>\n            <div class=\"kksr-star\" data-star=\"4\" style=\"padding-right: 5px\">\n            \n\n<div class=\"kksr-icon\" style=\"width: 24px; height: 24px;\"><\/div>\n        <\/div>\n            <div class=\"kksr-star\" data-star=\"5\" style=\"padding-right: 5px\">\n            \n\n<div class=\"kksr-icon\" style=\"width: 24px; height: 24px;\"><\/div>\n        <\/div>\n    <\/div>\n    \n<div class=\"kksr-stars-active\" style=\"width: 0px;\">\n            <div class=\"kksr-star\" style=\"padding-right: 5px\">\n            \n\n<div class=\"kksr-icon\" style=\"width: 24px; height: 24px;\"><\/div>\n        <\/div>\n            <div class=\"kksr-star\" style=\"padding-right: 5px\">\n            \n\n<div class=\"kksr-icon\" style=\"width: 24px; height: 24px;\"><\/div>\n        <\/div>\n            <div class=\"kksr-star\" style=\"padding-right: 5px\">\n            \n\n<div class=\"kksr-icon\" style=\"width: 24px; height: 24px;\"><\/div>\n        <\/div>\n            <div class=\"kksr-star\" style=\"padding-right: 5px\">\n            \n\n<div class=\"kksr-icon\" style=\"width: 24px; height: 24px;\"><\/div>\n        <\/div>\n            <div class=\"kksr-star\" style=\"padding-right: 5px\">\n            \n\n<div class=\"kksr-icon\" style=\"width: 24px; height: 24px;\"><\/div>\n        <\/div>\n    <\/div>\n<\/div>\n                \n\n<div class=\"kksr-legend\" style=\"font-size: 19.2px;\">\n            <span class=\"kksr-muted\">Val\u00f3ranos<\/span>\n    <\/div>\n    <\/div>\n","protected":false},"excerpt":{"rendered":"<h1 class=\"style__product-title___-SIrA\">Speaker DJI AS1<\/h1>\n<p>Maior volume, maior alcance. O altifalante DJI AS1 pode atingir 114 decib\u00e9is a 1 metro, com um alcance de emiss\u00e3o de at\u00e9 300 metros. [1] Suporta mensagens gravadas, importa\u00e7\u00f5es de media e convers\u00e3o de texto em voz [2]. Possui tamb\u00e9m transmiss\u00e3o em tempo real e supress\u00e3o de eco. [3] O holofote e o altifalante podem ser utilizados de forma independente ou em combina\u00e7\u00e3o, atendendo \u00e0s necessidades de mais cen\u00e1rios operacionais.<\/p>\n<div class=\"style__temp-specs-tr___FKseD\">\n<h3 class=\"style__name___56hU3\"><span class=\"HwtZe\" jsaction=\"mouseup:Sxi9L,BR6jm; mousedown:qjlr0e\" jsname=\"jqKxS\" lang=\"pt-PT\"><span jsaction=\"agoMJf:PFBcW;MZfLnc:P7O7bd;nt4Alf:pvnm0e,pfE8Hb,PFBcW;B01qod:dJXsye;H1e5u:iXtTIf;lYIUJf:hij5Wb\" jsname=\"txFAF\" class=\"jCAhz ChMk0b\" jscontroller=\"BiTO4b\"><span class=\"ryNqvb\" jsname=\"W297wb\" jsaction=\"click:PDNqTc,GFf3ac,qlVvte;contextmenu:Nqw7Te,QP7LD; mouseout:Nqw7Te; mouseover:PDNqTc,c2aHje\">Pontas<\/span><\/span><\/span><\/h3>\n<div class=\"style__value___QYH7G\">\n<ol>\n<li>Aperte os parafusos para garantir uma instala\u00e7\u00e3o segura. Ao instalar na aeronave para utiliza\u00e7\u00e3o a longo prazo, utilize a chave Allen inclu\u00edda para voltar a apertar os parafusos ap\u00f3s a instala\u00e7\u00e3o.<\/li>\n<li>Ao utilizar o altifalante e o holofote em conjunto, remova o suporte adaptador do altifalante.<\/li>\n<li>Ative o altifalante e calibre a b\u00fassola da aeronave seguindo as instru\u00e7\u00f5es na aplica\u00e7\u00e3o ap\u00f3s a instala\u00e7\u00e3o. Se estiver dispon\u00edvel uma atualiza\u00e7\u00e3o de firmware, atualize para a vers\u00e3o mais recente o mais rapidamente poss\u00edvel.<\/li>\n<li>N\u00c3O utilize o altifalante perto de pessoas ou em zonas urbanas onde exista concentra\u00e7\u00e3o de estruturas sens\u00edveis ao ru\u00eddo, pois o volume pode provocar acidentes ou ferimentos.<\/li>\n<li>Para evitar danos irrevers\u00edveis no altifalante, n\u00e3o \u00e9 recomendado reproduzir sons de frequ\u00eancia \u00fanica.<\/li>\n<\/ol>\n<\/div>\n<\/div>\n<div class=\"style__temp-specs-tr___FKseD\">\n<h3 class=\"style__name___56hU3\">Conte\u00fado da embalagem<\/h3>\n<div class=\"style__value___QYH7G\">\n<ul>\n<li>1x Altifalante<\/li>\n<li>1x Suporte para adaptador de substitui\u00e7\u00e3o<\/li>\n<li>1x Chave Allen<\/li>\n<\/ul>\n<\/div>\n<\/div>\n<div class=\"style__temp-specs-tr___FKseD\">\n<h3 class=\"style__name___56hU3\">Especifica\u00e7\u00f5es<\/h3>\n<div class=\"style__value___QYH7G\">\n<ul>\n<li>Peso: 92,5 g (incluindo suporte).73 \u00d7 70 \u00d7 52 mm (C \u00d7 L \u00d7 A, incluindo suporte).<\/li>\n<li>73 \u00d7 70 \u00d7 47 mm (C \u00d7 L \u00d7 A, sem suporte).<\/li>\n<li>Pot\u00eancia m\u00e1xima: 15 W.<\/li>\n<li>Volume m\u00e1ximo: [1] A 1 metro, pode atingir 114 decib\u00e9is (114 dB a 1 m).<\/li>\n<li>Alcance de emiss\u00e3o efetivo: [1] 300 m.<\/li>\n<li>Modo de transmiss\u00e3o: transmiss\u00e3o em tempo real (suporta supress\u00e3o de eco [3]), transmiss\u00e3o gravada, importa\u00e7\u00e3o de media (suporta streaming e reprodu\u00e7\u00e3o simult\u00e2neos), texto para voz [2]<\/li>\n<li>Temperatura de funcionamento: \u221220 a 50 \u00b0C.<\/li>\n<li>M\u00e9todo de montagem: Parafusos de aperto r\u00e1pido apertados manualmente.<\/li>\n<\/ul>\n<\/div>\n<\/div>\n<div class=\"style__temp-specs-tr___FKseD\">\n<h3 class=\"style__name___56hU3\">Compatibilidade<\/h3>\n<div class=\"style__value___QYH7G\">\n<ul>\n<li>Compatibilidade com aeronaves DJI Matrice S\u00e9rie 4: <a href=\"https:\/\/atyges.es\/pt\/tienda\/product\/matrice-4e-worry-free-combo\/\">Matrice 4E<\/a> y <a href=\"https:\/\/atyges.es\/pt\/tienda\/product\/matrice-4t-worry-free-combo\/\">Matrice 4T<\/a>.<\/li>\n<\/ul>\n<\/div>\n<\/div>\n","protected":false},"featured_media":39255,"template":"","meta":[],"product_brand":[],"product_cat":[1874],"product_tag":[1944,1942,1943],"class_list":{"0":"post-39350","1":"product","2":"type-product","3":"status-publish","4":"has-post-thumbnail","6":"product_cat-matrice-4-pt","7":"product_tag-sar-drones-pt","8":"product_tag-speaker","9":"product_tag-speaker-matrice-4","10":"product_shipping_class-envio-gratuito-para-los-dji-consumer-pt","12":"first","13":"instock","14":"taxable","15":"shipping-taxable","16":"purchasable","17":"product-type-simple"},"yoast_head":"<!-- This site is optimized with the Yoast SEO plugin v27.2 - https:\/\/yoast.com\/product\/yoast-seo-wordpress\/ -->\n<title>Speaker DJI AS1 | Altifalante para DJI Matrice 4<\/title>\n<meta name=\"description\" content=\"Speaker DJI AS1 | Altifalante para DJI Matrice 4 compat\u00edvel com o holofote DJI AL1 | [ ATyges, Distribuidores oficiais DJI ]\" \/>\n<meta name=\"robots\" content=\"index, follow, max-snippet:-1, max-image-preview:large, max-video-preview:-1\" \/>\n<link rel=\"canonical\" href=\"https:\/\/atyges.es\/pt\/tienda\/product\/speaker-dji-as1\/\" \/>\n<meta property=\"og:locale\" content=\"pt_PT\" \/>\n<meta property=\"og:type\" content=\"article\" \/>\n<meta property=\"og:title\" content=\"Speaker DJI AS1 | Altifalante para DJI Matrice 4\" \/>\n<meta property=\"og:description\" content=\"Speaker DJI AS1 | Altifalante para DJI Matrice 4 compat\u00edvel com o holofote DJI AL1 | [ ATyges, Distribuidores oficiais DJI ]\" \/>\n<meta property=\"og:url\" content=\"https:\/\/atyges.es\/pt\/tienda\/product\/speaker-dji-as1\/\" \/>\n<meta property=\"og:site_name\" content=\"ATyges\" \/>\n<meta property=\"article:modified_time\" content=\"2025-01-10T12:36:51+00:00\" \/>\n<meta property=\"og:image\" content=\"https:\/\/atyges.es\/wp-content\/uploads\/2025\/01\/Altavoz_-AS1_02.jpg\" \/>\n\t<meta property=\"og:image:width\" content=\"1200\" \/>\n\t<meta property=\"og:image:height\" content=\"800\" \/>\n\t<meta property=\"og:image:type\" content=\"image\/jpeg\" \/>\n<meta name=\"twitter:card\" content=\"summary_large_image\" \/>\n<script type=\"application\/ld+json\" class=\"yoast-schema-graph\">{\"@context\":\"https:\/\/schema.org\",\"@graph\":[{\"@type\":\"WebPage\",\"@id\":\"https:\/\/atyges.es\/pt\/tienda\/product\/speaker-dji-as1\/\",\"url\":\"https:\/\/atyges.es\/pt\/tienda\/product\/speaker-dji-as1\/\",\"name\":\"Speaker DJI AS1 | Altifalante para DJI Matrice 4\",\"isPartOf\":{\"@id\":\"https:\/\/atyges.es\/pt\/#website\"},\"primaryImageOfPage\":{\"@id\":\"https:\/\/atyges.es\/pt\/tienda\/product\/speaker-dji-as1\/#primaryimage\"},\"image\":{\"@id\":\"https:\/\/atyges.es\/pt\/tienda\/product\/speaker-dji-as1\/#primaryimage\"},\"thumbnailUrl\":\"https:\/\/atyges.es\/wp-content\/uploads\/2025\/01\/Altavoz_-AS1_02.jpg\",\"datePublished\":\"2025-01-08T18:17:49+00:00\",\"dateModified\":\"2025-01-10T12:36:51+00:00\",\"description\":\"Speaker DJI AS1 | Altifalante para DJI Matrice 4 compat\u00edvel com o holofote DJI AL1 | [ ATyges, Distribuidores oficiais DJI ]\",\"breadcrumb\":{\"@id\":\"https:\/\/atyges.es\/pt\/tienda\/product\/speaker-dji-as1\/#breadcrumb\"},\"inLanguage\":\"pt-PT\",\"potentialAction\":[{\"@type\":\"ReadAction\",\"target\":[\"https:\/\/atyges.es\/pt\/tienda\/product\/speaker-dji-as1\/\"]}]},{\"@type\":\"ImageObject\",\"inLanguage\":\"pt-PT\",\"@id\":\"https:\/\/atyges.es\/pt\/tienda\/product\/speaker-dji-as1\/#primaryimage\",\"url\":\"https:\/\/atyges.es\/wp-content\/uploads\/2025\/01\/Altavoz_-AS1_02.jpg\",\"contentUrl\":\"https:\/\/atyges.es\/wp-content\/uploads\/2025\/01\/Altavoz_-AS1_02.jpg\",\"width\":1200,\"height\":800,\"caption\":\"Alto-falante Matrice 4\"},{\"@type\":\"BreadcrumbList\",\"@id\":\"https:\/\/atyges.es\/pt\/tienda\/product\/speaker-dji-as1\/#breadcrumb\",\"itemListElement\":[{\"@type\":\"ListItem\",\"position\":1,\"name\":\"Portada\",\"item\":\"https:\/\/atyges.es\/pt\/\"},{\"@type\":\"ListItem\",\"position\":2,\"name\":\"Produtos\",\"item\":\"https:\/\/atyges.es\/pt\/shop\/\"},{\"@type\":\"ListItem\",\"position\":3,\"name\":\"Speaker DJI AS1\"}]},{\"@type\":\"WebSite\",\"@id\":\"https:\/\/atyges.es\/pt\/#website\",\"url\":\"https:\/\/atyges.es\/pt\/\",\"name\":\"ATyges\",\"description\":\"\",\"publisher\":{\"@id\":\"https:\/\/atyges.es\/pt\/#organization\"},\"potentialAction\":[{\"@type\":\"SearchAction\",\"target\":{\"@type\":\"EntryPoint\",\"urlTemplate\":\"https:\/\/atyges.es\/pt\/?s={search_term_string}\"},\"query-input\":{\"@type\":\"PropertyValueSpecification\",\"valueRequired\":true,\"valueName\":\"search_term_string\"}}],\"inLanguage\":\"pt-PT\"},{\"@type\":\"Organization\",\"@id\":\"https:\/\/atyges.es\/pt\/#organization\",\"name\":\"Atyges\",\"url\":\"https:\/\/atyges.es\/pt\/\",\"logo\":{\"@type\":\"ImageObject\",\"inLanguage\":\"pt-PT\",\"@id\":\"https:\/\/atyges.es\/pt\/#\/schema\/logo\/image\/\",\"url\":\"https:\/\/atyges.es\/wp-content\/uploads\/2022\/01\/Logo_ATyges_Store.png\",\"contentUrl\":\"https:\/\/atyges.es\/wp-content\/uploads\/2022\/01\/Logo_ATyges_Store.png\",\"width\":1228,\"height\":200,\"caption\":\"Atyges\"},\"image\":{\"@id\":\"https:\/\/atyges.es\/pt\/#\/schema\/logo\/image\/\"}}]}<\/script>\n<!-- \/ Yoast SEO plugin. -->","yoast_head_json":{"title":"Speaker DJI AS1 | Altifalante para DJI Matrice 4","description":"Speaker DJI AS1 | Altifalante para DJI Matrice 4 compat\u00edvel com o holofote DJI AL1 | [ ATyges, Distribuidores oficiais DJI ]","robots":{"index":"index","follow":"follow","max-snippet":"max-snippet:-1","max-image-preview":"max-image-preview:large","max-video-preview":"max-video-preview:-1"},"canonical":"https:\/\/atyges.es\/pt\/tienda\/product\/speaker-dji-as1\/","og_locale":"pt_PT","og_type":"article","og_title":"Speaker DJI AS1 | Altifalante para DJI Matrice 4","og_description":"Speaker DJI AS1 | Altifalante para DJI Matrice 4 compat\u00edvel com o holofote DJI AL1 | [ ATyges, Distribuidores oficiais DJI ]","og_url":"https:\/\/atyges.es\/pt\/tienda\/product\/speaker-dji-as1\/","og_site_name":"ATyges","article_modified_time":"2025-01-10T12:36:51+00:00","og_image":[{"width":1200,"height":800,"url":"https:\/\/atyges.es\/wp-content\/uploads\/2025\/01\/Altavoz_-AS1_02.jpg","type":"image\/jpeg"}],"twitter_card":"summary_large_image","schema":{"@context":"https:\/\/schema.org","@graph":[{"@type":"WebPage","@id":"https:\/\/atyges.es\/pt\/tienda\/product\/speaker-dji-as1\/","url":"https:\/\/atyges.es\/pt\/tienda\/product\/speaker-dji-as1\/","name":"Speaker DJI AS1 | Altifalante para DJI Matrice 4","isPartOf":{"@id":"https:\/\/atyges.es\/pt\/#website"},"primaryImageOfPage":{"@id":"https:\/\/atyges.es\/pt\/tienda\/product\/speaker-dji-as1\/#primaryimage"},"image":{"@id":"https:\/\/atyges.es\/pt\/tienda\/product\/speaker-dji-as1\/#primaryimage"},"thumbnailUrl":"https:\/\/atyges.es\/wp-content\/uploads\/2025\/01\/Altavoz_-AS1_02.jpg","datePublished":"2025-01-08T18:17:49+00:00","dateModified":"2025-01-10T12:36:51+00:00","description":"Speaker DJI AS1 | Altifalante para DJI Matrice 4 compat\u00edvel com o holofote DJI AL1 | [ ATyges, Distribuidores oficiais DJI ]","breadcrumb":{"@id":"https:\/\/atyges.es\/pt\/tienda\/product\/speaker-dji-as1\/#breadcrumb"},"inLanguage":"pt-PT","potentialAction":[{"@type":"ReadAction","target":["https:\/\/atyges.es\/pt\/tienda\/product\/speaker-dji-as1\/"]}]},{"@type":"ImageObject","inLanguage":"pt-PT","@id":"https:\/\/atyges.es\/pt\/tienda\/product\/speaker-dji-as1\/#primaryimage","url":"https:\/\/atyges.es\/wp-content\/uploads\/2025\/01\/Altavoz_-AS1_02.jpg","contentUrl":"https:\/\/atyges.es\/wp-content\/uploads\/2025\/01\/Altavoz_-AS1_02.jpg","width":1200,"height":800,"caption":"Alto-falante Matrice 4"},{"@type":"BreadcrumbList","@id":"https:\/\/atyges.es\/pt\/tienda\/product\/speaker-dji-as1\/#breadcrumb","itemListElement":[{"@type":"ListItem","position":1,"name":"Portada","item":"https:\/\/atyges.es\/pt\/"},{"@type":"ListItem","position":2,"name":"Produtos","item":"https:\/\/atyges.es\/pt\/shop\/"},{"@type":"ListItem","position":3,"name":"Speaker DJI AS1"}]},{"@type":"WebSite","@id":"https:\/\/atyges.es\/pt\/#website","url":"https:\/\/atyges.es\/pt\/","name":"ATyges","description":"","publisher":{"@id":"https:\/\/atyges.es\/pt\/#organization"},"potentialAction":[{"@type":"SearchAction","target":{"@type":"EntryPoint","urlTemplate":"https:\/\/atyges.es\/pt\/?s={search_term_string}"},"query-input":{"@type":"PropertyValueSpecification","valueRequired":true,"valueName":"search_term_string"}}],"inLanguage":"pt-PT"},{"@type":"Organization","@id":"https:\/\/atyges.es\/pt\/#organization","name":"Atyges","url":"https:\/\/atyges.es\/pt\/","logo":{"@type":"ImageObject","inLanguage":"pt-PT","@id":"https:\/\/atyges.es\/pt\/#\/schema\/logo\/image\/","url":"https:\/\/atyges.es\/wp-content\/uploads\/2022\/01\/Logo_ATyges_Store.png","contentUrl":"https:\/\/atyges.es\/wp-content\/uploads\/2022\/01\/Logo_ATyges_Store.png","width":1228,"height":200,"caption":"Atyges"},"image":{"@id":"https:\/\/atyges.es\/pt\/#\/schema\/logo\/image\/"}}]}},"jetpack_sharing_enabled":true,"_links":{"self":[{"href":"https:\/\/atyges.es\/pt\/wp-json\/wp\/v2\/product\/39350","targetHints":{"allow":["GET"]}}],"collection":[{"href":"https:\/\/atyges.es\/pt\/wp-json\/wp\/v2\/product"}],"about":[{"href":"https:\/\/atyges.es\/pt\/wp-json\/wp\/v2\/types\/product"}],"wp:featuredmedia":[{"embeddable":true,"href":"https:\/\/atyges.es\/pt\/wp-json\/wp\/v2\/media\/39255"}],"wp:attachment":[{"href":"https:\/\/atyges.es\/pt\/wp-json\/wp\/v2\/media?parent=39350"}],"wp:term":[{"taxonomy":"product_brand","embeddable":true,"href":"https:\/\/atyges.es\/pt\/wp-json\/wp\/v2\/product_brand?post=39350"},{"taxonomy":"product_cat","embeddable":true,"href":"https:\/\/atyges.es\/pt\/wp-json\/wp\/v2\/product_cat?post=39350"},{"taxonomy":"product_tag","embeddable":true,"href":"https:\/\/atyges.es\/pt\/wp-json\/wp\/v2\/product_tag?post=39350"}],"curies":[{"name":"wp","href":"https:\/\/api.w.org\/{rel}","templated":true}]}}