{"id":39338,"date":"2025-01-08T18:39:39","date_gmt":"2025-01-08T17:39:39","guid":{"rendered":"https:\/\/atyges.es\/product\/foco-dji-al1\/"},"modified":"2025-01-10T11:35:11","modified_gmt":"2025-01-10T10:35:11","slug":"foco-dji-al1","status":"publish","type":"product","link":"https:\/\/atyges.es\/pt\/tienda\/product\/foco-dji-al1\/","title":{"rendered":"Foco DJI AL1"},"content":{"rendered":"\n\n<div class=\"kk-star-ratings kksr-auto kksr-align-center kksr-valign-bottom\"\n    data-payload='{&quot;align&quot;:&quot;center&quot;,&quot;id&quot;:&quot;39338&quot;,&quot;slug&quot;:&quot;default&quot;,&quot;valign&quot;:&quot;bottom&quot;,&quot;ignore&quot;:&quot;&quot;,&quot;reference&quot;:&quot;auto&quot;,&quot;class&quot;:&quot;&quot;,&quot;count&quot;:&quot;0&quot;,&quot;legendonly&quot;:&quot;&quot;,&quot;readonly&quot;:&quot;&quot;,&quot;score&quot;:&quot;0&quot;,&quot;starsonly&quot;:&quot;&quot;,&quot;best&quot;:&quot;5&quot;,&quot;gap&quot;:&quot;5&quot;,&quot;greet&quot;:&quot;Val\u00f3ranos&quot;,&quot;legend&quot;:&quot;0\\\/5 - (0 votes)&quot;,&quot;size&quot;:&quot;24&quot;,&quot;title&quot;:&quot;Foco DJI AL1&quot;,&quot;width&quot;:&quot;0&quot;,&quot;_legend&quot;:&quot;{score}\\\/{best} - ({count} {votes})&quot;,&quot;font_factor&quot;:&quot;1.25&quot;}'>\n            \n<div class=\"kksr-stars\">\n    \n<div class=\"kksr-stars-inactive\">\n            <div class=\"kksr-star\" data-star=\"1\" style=\"padding-right: 5px\">\n            \n\n<div class=\"kksr-icon\" style=\"width: 24px; height: 24px;\"><\/div>\n        <\/div>\n            <div class=\"kksr-star\" data-star=\"2\" style=\"padding-right: 5px\">\n            \n\n<div class=\"kksr-icon\" style=\"width: 24px; height: 24px;\"><\/div>\n        <\/div>\n            <div class=\"kksr-star\" data-star=\"3\" style=\"padding-right: 5px\">\n            \n\n<div class=\"kksr-icon\" style=\"width: 24px; height: 24px;\"><\/div>\n        <\/div>\n            <div class=\"kksr-star\" data-star=\"4\" style=\"padding-right: 5px\">\n            \n\n<div class=\"kksr-icon\" style=\"width: 24px; height: 24px;\"><\/div>\n        <\/div>\n            <div class=\"kksr-star\" data-star=\"5\" style=\"padding-right: 5px\">\n            \n\n<div class=\"kksr-icon\" style=\"width: 24px; height: 24px;\"><\/div>\n        <\/div>\n    <\/div>\n    \n<div class=\"kksr-stars-active\" style=\"width: 0px;\">\n            <div class=\"kksr-star\" style=\"padding-right: 5px\">\n            \n\n<div class=\"kksr-icon\" style=\"width: 24px; height: 24px;\"><\/div>\n        <\/div>\n            <div class=\"kksr-star\" style=\"padding-right: 5px\">\n            \n\n<div class=\"kksr-icon\" style=\"width: 24px; height: 24px;\"><\/div>\n        <\/div>\n            <div class=\"kksr-star\" style=\"padding-right: 5px\">\n            \n\n<div class=\"kksr-icon\" style=\"width: 24px; height: 24px;\"><\/div>\n        <\/div>\n            <div class=\"kksr-star\" style=\"padding-right: 5px\">\n            \n\n<div class=\"kksr-icon\" style=\"width: 24px; height: 24px;\"><\/div>\n        <\/div>\n            <div class=\"kksr-star\" style=\"padding-right: 5px\">\n            \n\n<div class=\"kksr-icon\" style=\"width: 24px; height: 24px;\"><\/div>\n        <\/div>\n    <\/div>\n<\/div>\n                \n\n<div class=\"kksr-legend\" style=\"font-size: 19.2px;\">\n            <span class=\"kksr-muted\">Val\u00f3ranos<\/span>\n    <\/div>\n    <\/div>\n","protected":false},"excerpt":{"rendered":"<div class=\"info-container style__info-view___rU00G\" role=\"presentation\">\n<div class=\"new-info-view-contaniner style__new-info-view-contaniner___JAIln\">\n<section id=\"anchorVersion\" class=\"info-section\">\n<h1 class=\"style__product-title___ItCPV style__product-title___Wu1tx\">Foco DJI AL1<\/h1>\n<p>O DJI AL1 Spotlight oferece dois modos de funcionamento: modo sempre ligado e modo estrobosc\u00f3pico. Consegue iluminar alvos claramente, mesmo a uma dist\u00e2ncia de 100 metros. [1] Al\u00e9m disso, pode ser ligado de forma inteligente ao estabilizador, que segue os movimentos da c\u00e2mara para garantir que a \u00e1rea iluminada corresponde \u00e0 vis\u00e3o da c\u00e2mara. Oferece tamb\u00e9m um modo de ilumina\u00e7\u00e3o de amplo campo de vis\u00e3o, que pode iluminar uma \u00e1rea maior no modo grande angular. O holofote e o altifalante podem ser utilizados de forma independente ou em combina\u00e7\u00e3o, atendendo \u00e0s necessidades de mais cen\u00e1rios operacionais.<\/p>\n<h3>Pontas<\/h3>\n<div class=\"temp-specs-td value\">\n<ol>\n<li>Aperte os parafusos para garantir uma instala\u00e7\u00e3o segura. Ao instalar na aeronave para utiliza\u00e7\u00e3o a longo prazo, utilize a chave Allen inclu\u00edda para voltar a apertar os parafusos ap\u00f3s a instala\u00e7\u00e3o.<\/li>\n<li>Ative o holofote seguindo as instru\u00e7\u00f5es da aplica\u00e7\u00e3o ap\u00f3s a instala\u00e7\u00e3o. Se estiver dispon\u00edvel uma atualiza\u00e7\u00e3o de firmware, atualize para a vers\u00e3o mais recente o mais rapidamente poss\u00edvel.<\/li>\n<li>O desempenho do sistema de vis\u00e3o e propuls\u00e3o da aeronave Matrice S\u00e9rie 4 ser\u00e1 afetado quando o holofote for montado. Voe com cuidado.<\/li>\n<li>N\u00c3O aponte o holofote diretamente para os olhos das pessoas.<br \/>\nO holofote pode ficar quente ap\u00f3s uma opera\u00e7\u00e3o prolongada.<\/li>\n<li>Tenha cuidado para evitar queimaduras.<\/li>\n<\/ol>\n<p><strong>Conte\u00fado da embalagem<\/strong><\/p>\n<div class=\"temp-specs-td value\">\n<ul>\n<li>1x Foco.<\/li>\n<li>2x Parafusos sobressalentes.<\/li>\n<li>1x Chave Allen.<\/li>\n<\/ul>\n<p><strong>Especifica\u00e7\u00f5es<\/strong><\/p>\n<div class=\"temp-specs-td value\">\n<ul>\n<li>Peso: 99g (incluindo suporte).<\/li>\n<li>95 \u00d7 164 \u00d7 30 mm (C \u00d7 L \u00d7 A, incluindo suporte)<br \/>\n79 \u00d7 164 \u00d7 28 mm (C \u00d7 L \u00d7 A, sem suporte)<\/li>\n<li>Pot\u00eancia m\u00e1xima: 32W<\/li>\n<li>Ilumin\u00e2ncia: 4,3\u00b10,2 lux a 100 metros, 17\u00b10,2 lux a 50 metros<\/li>\n<li>\u00c2ngulo de ilumina\u00e7\u00e3o efetivo: 23\u00b0 (ilumin\u00e2ncia relativa 10%)<\/li>\n<li>\u00c1rea de ilumina\u00e7\u00e3o efetiva: 1300 metros quadrados a 100 metros (ilumin\u00e2ncia relativa de 10%, modo normal)<br \/>\n2200 metros quadrados a 100 metros (ilumin\u00e2ncia relativa de 10%, modo de amplo campo de vis\u00e3o)<\/li>\n<li>Modos: Sempre ligado e estrobosc\u00f3pico<\/li>\n<li>Alcance mec\u00e2nico do estabilizador (inclina\u00e7\u00e3o): De -135\u00b0 a 45\u00b0<\/li>\n<li>Gama de controlo do estabilizador (inclina\u00e7\u00e3o): -90\u00b0 a 35\u00b0<\/li>\n<li>Velocidade m\u00e1xima de controlo (inclina\u00e7\u00e3o): 120\u00b0\/s<\/li>\n<li>Precis\u00e3o do alinhamento do estabilizador: \u00b10,1\u00b0<\/li>\n<li>Temperatura de funcionamento: \u221220 a 50\u00b0C (\u22124 a 122\u00b0F)<\/li>\n<li>M\u00e9todo de montagem: Parafusos de aperto r\u00e1pido apertados manualmente<\/li>\n<\/ul>\n<h3>Compatibilidade<\/h3>\n<ul>\n<li>Compatibilidade com aeronaves DJI Matrice 4 Series: <a href=\"https:\/\/atyges.es\/pt\/tienda\/product\/matrice-4e-worry-free-combo\/\">Matrice 4E<\/a> e <a href=\"https:\/\/atyges.es\/pt\/tienda\/product\/matrice-4t-worry-free-combo\/\">Matrice 4T<\/a>.<\/li>\n<\/ul>\n<\/div>\n<\/div>\n<p>&nbsp;<\/p>\n<\/div>\n<\/section>\n<\/div>\n<\/div>\n","protected":false},"featured_media":39245,"template":"","meta":[],"product_brand":[],"product_cat":[1874],"product_tag":[1940,1939,1941],"class_list":{"0":"post-39338","1":"product","2":"type-product","3":"status-publish","4":"has-post-thumbnail","6":"product_cat-matrice-4-pt","7":"product_tag-foco-dji-al1","8":"product_tag-foco-matrice-4-pt","9":"product_tag-foco-sar-pt","10":"product_shipping_class-envio-gratuito-para-los-dji-consumer-pt","12":"first","13":"instock","14":"taxable","15":"shipping-taxable","16":"purchasable","17":"product-type-simple"},"yoast_head":"<!-- This site is optimized with the Yoast SEO plugin v27.2 - https:\/\/yoast.com\/product\/yoast-seo-wordpress\/ -->\n<title>DJI AL1 Foco | Holofote de ilumina\u00e7\u00e3o para drones DJI Matrice 4<\/title>\n<meta name=\"description\" content=\"DJI AL1 Foco | Destaque de ilumina\u00e7\u00e3o para drones DJI Matrice 4 para busca e salvamento | Inspe\u00e7\u00e3o noturna | [ ATyges, distribuidor oficial da DJI ]\" \/>\n<meta name=\"robots\" content=\"index, follow, max-snippet:-1, max-image-preview:large, max-video-preview:-1\" \/>\n<link rel=\"canonical\" href=\"https:\/\/atyges.es\/pt\/tienda\/product\/foco-dji-al1\/\" \/>\n<meta property=\"og:locale\" content=\"pt_PT\" \/>\n<meta property=\"og:type\" content=\"article\" \/>\n<meta property=\"og:title\" content=\"DJI AL1 Foco | Holofote de ilumina\u00e7\u00e3o para drones DJI Matrice 4\" \/>\n<meta property=\"og:description\" content=\"DJI AL1 Foco | Destaque de ilumina\u00e7\u00e3o para drones DJI Matrice 4 para busca e salvamento | Inspe\u00e7\u00e3o noturna | [ ATyges, distribuidor oficial da DJI ]\" \/>\n<meta property=\"og:url\" content=\"https:\/\/atyges.es\/pt\/tienda\/product\/foco-dji-al1\/\" \/>\n<meta property=\"og:site_name\" content=\"ATyges\" \/>\n<meta property=\"article:modified_time\" content=\"2025-01-10T10:35:11+00:00\" \/>\n<meta property=\"og:image\" content=\"https:\/\/atyges.es\/wp-content\/uploads\/2025\/01\/FOCO_AL1_01.webp\" \/>\n\t<meta property=\"og:image:width\" content=\"1200\" \/>\n\t<meta property=\"og:image:height\" content=\"800\" \/>\n\t<meta property=\"og:image:type\" content=\"image\/webp\" \/>\n<meta name=\"twitter:card\" content=\"summary_large_image\" \/>\n<script type=\"application\/ld+json\" class=\"yoast-schema-graph\">{\"@context\":\"https:\/\/schema.org\",\"@graph\":[{\"@type\":\"WebPage\",\"@id\":\"https:\/\/atyges.es\/pt\/tienda\/product\/foco-dji-al1\/\",\"url\":\"https:\/\/atyges.es\/pt\/tienda\/product\/foco-dji-al1\/\",\"name\":\"DJI AL1 Foco | Holofote de ilumina\u00e7\u00e3o para drones DJI Matrice 4\",\"isPartOf\":{\"@id\":\"https:\/\/atyges.es\/pt\/#website\"},\"primaryImageOfPage\":{\"@id\":\"https:\/\/atyges.es\/pt\/tienda\/product\/foco-dji-al1\/#primaryimage\"},\"image\":{\"@id\":\"https:\/\/atyges.es\/pt\/tienda\/product\/foco-dji-al1\/#primaryimage\"},\"thumbnailUrl\":\"https:\/\/atyges.es\/wp-content\/uploads\/2025\/01\/FOCO_AL1_01.webp\",\"datePublished\":\"2025-01-08T17:39:39+00:00\",\"dateModified\":\"2025-01-10T10:35:11+00:00\",\"description\":\"DJI AL1 Foco | Destaque de ilumina\u00e7\u00e3o para drones DJI Matrice 4 para busca e salvamento | Inspe\u00e7\u00e3o noturna | [ ATyges, distribuidor oficial da DJI ]\",\"breadcrumb\":{\"@id\":\"https:\/\/atyges.es\/pt\/tienda\/product\/foco-dji-al1\/#breadcrumb\"},\"inLanguage\":\"pt-PT\",\"potentialAction\":[{\"@type\":\"ReadAction\",\"target\":[\"https:\/\/atyges.es\/pt\/tienda\/product\/foco-dji-al1\/\"]}]},{\"@type\":\"ImageObject\",\"inLanguage\":\"pt-PT\",\"@id\":\"https:\/\/atyges.es\/pt\/tienda\/product\/foco-dji-al1\/#primaryimage\",\"url\":\"https:\/\/atyges.es\/wp-content\/uploads\/2025\/01\/FOCO_AL1_01.webp\",\"contentUrl\":\"https:\/\/atyges.es\/wp-content\/uploads\/2025\/01\/FOCO_AL1_01.webp\",\"width\":1200,\"height\":800,\"caption\":\"Foco DJI AL1\"},{\"@type\":\"BreadcrumbList\",\"@id\":\"https:\/\/atyges.es\/pt\/tienda\/product\/foco-dji-al1\/#breadcrumb\",\"itemListElement\":[{\"@type\":\"ListItem\",\"position\":1,\"name\":\"Portada\",\"item\":\"https:\/\/atyges.es\/pt\/\"},{\"@type\":\"ListItem\",\"position\":2,\"name\":\"Produtos\",\"item\":\"https:\/\/atyges.es\/pt\/shop\/\"},{\"@type\":\"ListItem\",\"position\":3,\"name\":\"Foco DJI AL1\"}]},{\"@type\":\"WebSite\",\"@id\":\"https:\/\/atyges.es\/pt\/#website\",\"url\":\"https:\/\/atyges.es\/pt\/\",\"name\":\"ATyges\",\"description\":\"\",\"publisher\":{\"@id\":\"https:\/\/atyges.es\/pt\/#organization\"},\"potentialAction\":[{\"@type\":\"SearchAction\",\"target\":{\"@type\":\"EntryPoint\",\"urlTemplate\":\"https:\/\/atyges.es\/pt\/?s={search_term_string}\"},\"query-input\":{\"@type\":\"PropertyValueSpecification\",\"valueRequired\":true,\"valueName\":\"search_term_string\"}}],\"inLanguage\":\"pt-PT\"},{\"@type\":\"Organization\",\"@id\":\"https:\/\/atyges.es\/pt\/#organization\",\"name\":\"Atyges\",\"url\":\"https:\/\/atyges.es\/pt\/\",\"logo\":{\"@type\":\"ImageObject\",\"inLanguage\":\"pt-PT\",\"@id\":\"https:\/\/atyges.es\/pt\/#\/schema\/logo\/image\/\",\"url\":\"https:\/\/atyges.es\/wp-content\/uploads\/2022\/01\/Logo_ATyges_Store.png\",\"contentUrl\":\"https:\/\/atyges.es\/wp-content\/uploads\/2022\/01\/Logo_ATyges_Store.png\",\"width\":1228,\"height\":200,\"caption\":\"Atyges\"},\"image\":{\"@id\":\"https:\/\/atyges.es\/pt\/#\/schema\/logo\/image\/\"}}]}<\/script>\n<!-- \/ Yoast SEO plugin. -->","yoast_head_json":{"title":"DJI AL1 Foco | Holofote de ilumina\u00e7\u00e3o para drones DJI Matrice 4","description":"DJI AL1 Foco | Destaque de ilumina\u00e7\u00e3o para drones DJI Matrice 4 para busca e salvamento | Inspe\u00e7\u00e3o noturna | [ ATyges, distribuidor oficial da DJI ]","robots":{"index":"index","follow":"follow","max-snippet":"max-snippet:-1","max-image-preview":"max-image-preview:large","max-video-preview":"max-video-preview:-1"},"canonical":"https:\/\/atyges.es\/pt\/tienda\/product\/foco-dji-al1\/","og_locale":"pt_PT","og_type":"article","og_title":"DJI AL1 Foco | Holofote de ilumina\u00e7\u00e3o para drones DJI Matrice 4","og_description":"DJI AL1 Foco | Destaque de ilumina\u00e7\u00e3o para drones DJI Matrice 4 para busca e salvamento | Inspe\u00e7\u00e3o noturna | [ ATyges, distribuidor oficial da DJI ]","og_url":"https:\/\/atyges.es\/pt\/tienda\/product\/foco-dji-al1\/","og_site_name":"ATyges","article_modified_time":"2025-01-10T10:35:11+00:00","og_image":[{"width":1200,"height":800,"url":"https:\/\/atyges.es\/wp-content\/uploads\/2025\/01\/FOCO_AL1_01.webp","type":"image\/webp"}],"twitter_card":"summary_large_image","schema":{"@context":"https:\/\/schema.org","@graph":[{"@type":"WebPage","@id":"https:\/\/atyges.es\/pt\/tienda\/product\/foco-dji-al1\/","url":"https:\/\/atyges.es\/pt\/tienda\/product\/foco-dji-al1\/","name":"DJI AL1 Foco | Holofote de ilumina\u00e7\u00e3o para drones DJI Matrice 4","isPartOf":{"@id":"https:\/\/atyges.es\/pt\/#website"},"primaryImageOfPage":{"@id":"https:\/\/atyges.es\/pt\/tienda\/product\/foco-dji-al1\/#primaryimage"},"image":{"@id":"https:\/\/atyges.es\/pt\/tienda\/product\/foco-dji-al1\/#primaryimage"},"thumbnailUrl":"https:\/\/atyges.es\/wp-content\/uploads\/2025\/01\/FOCO_AL1_01.webp","datePublished":"2025-01-08T17:39:39+00:00","dateModified":"2025-01-10T10:35:11+00:00","description":"DJI AL1 Foco | Destaque de ilumina\u00e7\u00e3o para drones DJI Matrice 4 para busca e salvamento | Inspe\u00e7\u00e3o noturna | [ ATyges, distribuidor oficial da DJI ]","breadcrumb":{"@id":"https:\/\/atyges.es\/pt\/tienda\/product\/foco-dji-al1\/#breadcrumb"},"inLanguage":"pt-PT","potentialAction":[{"@type":"ReadAction","target":["https:\/\/atyges.es\/pt\/tienda\/product\/foco-dji-al1\/"]}]},{"@type":"ImageObject","inLanguage":"pt-PT","@id":"https:\/\/atyges.es\/pt\/tienda\/product\/foco-dji-al1\/#primaryimage","url":"https:\/\/atyges.es\/wp-content\/uploads\/2025\/01\/FOCO_AL1_01.webp","contentUrl":"https:\/\/atyges.es\/wp-content\/uploads\/2025\/01\/FOCO_AL1_01.webp","width":1200,"height":800,"caption":"Foco DJI AL1"},{"@type":"BreadcrumbList","@id":"https:\/\/atyges.es\/pt\/tienda\/product\/foco-dji-al1\/#breadcrumb","itemListElement":[{"@type":"ListItem","position":1,"name":"Portada","item":"https:\/\/atyges.es\/pt\/"},{"@type":"ListItem","position":2,"name":"Produtos","item":"https:\/\/atyges.es\/pt\/shop\/"},{"@type":"ListItem","position":3,"name":"Foco DJI AL1"}]},{"@type":"WebSite","@id":"https:\/\/atyges.es\/pt\/#website","url":"https:\/\/atyges.es\/pt\/","name":"ATyges","description":"","publisher":{"@id":"https:\/\/atyges.es\/pt\/#organization"},"potentialAction":[{"@type":"SearchAction","target":{"@type":"EntryPoint","urlTemplate":"https:\/\/atyges.es\/pt\/?s={search_term_string}"},"query-input":{"@type":"PropertyValueSpecification","valueRequired":true,"valueName":"search_term_string"}}],"inLanguage":"pt-PT"},{"@type":"Organization","@id":"https:\/\/atyges.es\/pt\/#organization","name":"Atyges","url":"https:\/\/atyges.es\/pt\/","logo":{"@type":"ImageObject","inLanguage":"pt-PT","@id":"https:\/\/atyges.es\/pt\/#\/schema\/logo\/image\/","url":"https:\/\/atyges.es\/wp-content\/uploads\/2022\/01\/Logo_ATyges_Store.png","contentUrl":"https:\/\/atyges.es\/wp-content\/uploads\/2022\/01\/Logo_ATyges_Store.png","width":1228,"height":200,"caption":"Atyges"},"image":{"@id":"https:\/\/atyges.es\/pt\/#\/schema\/logo\/image\/"}}]}},"jetpack_sharing_enabled":true,"_links":{"self":[{"href":"https:\/\/atyges.es\/pt\/wp-json\/wp\/v2\/product\/39338","targetHints":{"allow":["GET"]}}],"collection":[{"href":"https:\/\/atyges.es\/pt\/wp-json\/wp\/v2\/product"}],"about":[{"href":"https:\/\/atyges.es\/pt\/wp-json\/wp\/v2\/types\/product"}],"wp:featuredmedia":[{"embeddable":true,"href":"https:\/\/atyges.es\/pt\/wp-json\/wp\/v2\/media\/39245"}],"wp:attachment":[{"href":"https:\/\/atyges.es\/pt\/wp-json\/wp\/v2\/media?parent=39338"}],"wp:term":[{"taxonomy":"product_brand","embeddable":true,"href":"https:\/\/atyges.es\/pt\/wp-json\/wp\/v2\/product_brand?post=39338"},{"taxonomy":"product_cat","embeddable":true,"href":"https:\/\/atyges.es\/pt\/wp-json\/wp\/v2\/product_cat?post=39338"},{"taxonomy":"product_tag","embeddable":true,"href":"https:\/\/atyges.es\/pt\/wp-json\/wp\/v2\/product_tag?post=39338"}],"curies":[{"name":"wp","href":"https:\/\/api.w.org\/{rel}","templated":true}]}}