{"id":39336,"date":"2025-01-08T18:21:49","date_gmt":"2025-01-08T17:21:49","guid":{"rendered":"https:\/\/atyges.es\/product\/bateria-dji-matrice-4-series\/"},"modified":"2025-01-10T10:36:48","modified_gmt":"2025-01-10T09:36:48","slug":"bateria-dji-matrice-4-series","status":"publish","type":"product","link":"https:\/\/atyges.es\/pt\/tienda\/product\/bateria-dji-matrice-4-series\/","title":{"rendered":"Bateria DJI Matrice 4 Series"},"content":{"rendered":"\n\n<div class=\"kk-star-ratings kksr-auto kksr-align-center kksr-valign-bottom\"\n    data-payload='{&quot;align&quot;:&quot;center&quot;,&quot;id&quot;:&quot;39336&quot;,&quot;slug&quot;:&quot;default&quot;,&quot;valign&quot;:&quot;bottom&quot;,&quot;ignore&quot;:&quot;&quot;,&quot;reference&quot;:&quot;auto&quot;,&quot;class&quot;:&quot;&quot;,&quot;count&quot;:&quot;0&quot;,&quot;legendonly&quot;:&quot;&quot;,&quot;readonly&quot;:&quot;&quot;,&quot;score&quot;:&quot;0&quot;,&quot;starsonly&quot;:&quot;&quot;,&quot;best&quot;:&quot;5&quot;,&quot;gap&quot;:&quot;5&quot;,&quot;greet&quot;:&quot;Val\u00f3ranos&quot;,&quot;legend&quot;:&quot;0\\\/5 - (0 votes)&quot;,&quot;size&quot;:&quot;24&quot;,&quot;title&quot;:&quot;Bateria DJI Matrice 4 Series&quot;,&quot;width&quot;:&quot;0&quot;,&quot;_legend&quot;:&quot;{score}\\\/{best} - ({count} {votes})&quot;,&quot;font_factor&quot;:&quot;1.25&quot;}'>\n            \n<div class=\"kksr-stars\">\n    \n<div class=\"kksr-stars-inactive\">\n            <div class=\"kksr-star\" data-star=\"1\" style=\"padding-right: 5px\">\n            \n\n<div class=\"kksr-icon\" style=\"width: 24px; height: 24px;\"><\/div>\n        <\/div>\n            <div class=\"kksr-star\" data-star=\"2\" style=\"padding-right: 5px\">\n            \n\n<div class=\"kksr-icon\" style=\"width: 24px; height: 24px;\"><\/div>\n        <\/div>\n            <div class=\"kksr-star\" data-star=\"3\" style=\"padding-right: 5px\">\n            \n\n<div class=\"kksr-icon\" style=\"width: 24px; height: 24px;\"><\/div>\n        <\/div>\n            <div class=\"kksr-star\" data-star=\"4\" style=\"padding-right: 5px\">\n            \n\n<div class=\"kksr-icon\" style=\"width: 24px; height: 24px;\"><\/div>\n        <\/div>\n            <div class=\"kksr-star\" data-star=\"5\" style=\"padding-right: 5px\">\n            \n\n<div class=\"kksr-icon\" style=\"width: 24px; height: 24px;\"><\/div>\n        <\/div>\n    <\/div>\n    \n<div class=\"kksr-stars-active\" style=\"width: 0px;\">\n            <div class=\"kksr-star\" style=\"padding-right: 5px\">\n            \n\n<div class=\"kksr-icon\" style=\"width: 24px; height: 24px;\"><\/div>\n        <\/div>\n            <div class=\"kksr-star\" style=\"padding-right: 5px\">\n            \n\n<div class=\"kksr-icon\" style=\"width: 24px; height: 24px;\"><\/div>\n        <\/div>\n            <div class=\"kksr-star\" style=\"padding-right: 5px\">\n            \n\n<div class=\"kksr-icon\" style=\"width: 24px; height: 24px;\"><\/div>\n        <\/div>\n            <div class=\"kksr-star\" style=\"padding-right: 5px\">\n            \n\n<div class=\"kksr-icon\" style=\"width: 24px; height: 24px;\"><\/div>\n        <\/div>\n            <div class=\"kksr-star\" style=\"padding-right: 5px\">\n            \n\n<div class=\"kksr-icon\" style=\"width: 24px; height: 24px;\"><\/div>\n        <\/div>\n    <\/div>\n<\/div>\n                \n\n<div class=\"kksr-legend\" style=\"font-size: 19.2px;\">\n            <span class=\"kksr-muted\">Val\u00f3ranos<\/span>\n    <\/div>\n    <\/div>\n","protected":false},"excerpt":{"rendered":"<h1>Bateria DJI Matrice 4 Series<\/h1>\n<p>A bateria de alta capacidade de 99 Wh proporciona at\u00e9 49 minutos de voo ou 42 minutos de voo pairado para os drones DJI Matrice S\u00e9rie 4.<\/p>\n<h3>Pontas:<\/h3>\n<div class=\"temp-specs-td value\">\n<ol>\n<li>Utilize o cubo de carregamento DJI Matrice 4 Series para carregar a bateria.<\/li>\n<li>Condi\u00e7\u00f5es de teste de dura\u00e7\u00e3o da bateria: Realizado num ambiente sem vento com sistema anticolis\u00e3o, RTK, melhoramento do sistema GNSS, posicionamento visual, reconhecimento de IA, captura de imagem auxiliar e fun\u00e7\u00f5es de alcance laser desativadas. A c\u00e2mara foi configurada para o modo de acionamento 3\u00d7 com as fun\u00e7\u00f5es de grava\u00e7\u00e3o de v\u00eddeo, modo de cena noturna, super resolu\u00e7\u00e3o infravermelha e desembaciamento eletr\u00f3nico desativadas. O tempo m\u00e1ximo de voo foi medido ao n\u00edvel do mar, voando para a frente a 9 m\/s at\u00e9 a bateria atingir os 0%. Este valor \u00e9 apenas para refer\u00eancia. Preste sempre aten\u00e7\u00e3o aos lembretes da aplica\u00e7\u00e3o durante a opera\u00e7\u00e3o real.<\/li>\n<\/ol>\n<h3 class=\"temp-specs-td name\">Conte\u00fado da embalagem:<\/h3>\n<div>\n<div class=\"temp-specs-td value\">\n<ul>\n<li>1x Bateria inteligente<\/li>\n<\/ul>\n<h3>Especifica\u00e7\u00f5es:<\/h3>\n<div class=\"temp-specs-td value\">\n<ul>\n<li>Modelo: BPX345-6741-14.76<\/li>\n<li>Capacidade: 6741 mAh<\/li>\n<li>Tipo de bateria: Li-ion 4S<\/li>\n<li>Sistema qu\u00edmico: LiNiMnCoO2<\/li>\n<li>Temperatura de carregamento: 5 a 40\u00b0C (41 a 104\u00b0F)<\/li>\n<li>Pot\u00eancia m\u00e1xima de carga: 207W<\/li>\n<\/ul>\n<\/div>\n<\/div>\n<\/div>\n<h3>Compatibilidade:<\/h3>\n<div>\n<div class=\"temp-specs-td value\">\n<ul>\n<li>Serie DJI\u00a0Matrice\u00a04<\/li>\n<\/ul>\n<\/div>\n<\/div>\n<\/div>\n<p>&nbsp;<\/p>\n","protected":false},"featured_media":39238,"template":"","meta":[],"product_brand":[],"product_cat":[1874],"product_tag":[1936,1937,1938],"class_list":{"0":"post-39336","1":"product","2":"type-product","3":"status-publish","4":"has-post-thumbnail","6":"product_cat-matrice-4-pt","7":"product_tag-bateria-m4-pt","8":"product_tag-bateria-m4e-pt","9":"product_tag-bateria-m4t-pt","10":"product_shipping_class-envio-gratuito-para-los-dji-consumer-pt","12":"first","13":"instock","14":"taxable","15":"shipping-taxable","16":"purchasable","17":"product-type-simple"},"yoast_head":"<!-- This site is optimized with the Yoast SEO plugin v27.2 - https:\/\/yoast.com\/product\/yoast-seo-wordpress\/ -->\n<title>Bateria Matrice 4 | Bateria de voo inteligente para DJI Matrice 4: M4E e M4T<\/title>\n<meta name=\"description\" content=\"Bateria Matrice 4 | Bateria de voo para drones DJI Matrice 4 | [ATyges, Distribuidores oficiais da DJI]\" \/>\n<meta name=\"robots\" content=\"index, follow, max-snippet:-1, max-image-preview:large, max-video-preview:-1\" \/>\n<link rel=\"canonical\" href=\"https:\/\/atyges.es\/pt\/tienda\/product\/bateria-dji-matrice-4-series\/\" \/>\n<meta property=\"og:locale\" content=\"pt_PT\" \/>\n<meta property=\"og:type\" content=\"article\" \/>\n<meta property=\"og:title\" content=\"Bateria Matrice 4 | Bateria de voo inteligente para DJI Matrice 4: M4E e M4T\" \/>\n<meta property=\"og:description\" content=\"Bateria Matrice 4 | Bateria de voo para drones DJI Matrice 4 | [ATyges, Distribuidores oficiais da DJI]\" \/>\n<meta property=\"og:url\" content=\"https:\/\/atyges.es\/pt\/tienda\/product\/bateria-dji-matrice-4-series\/\" \/>\n<meta property=\"og:site_name\" content=\"ATyges\" \/>\n<meta property=\"article:modified_time\" content=\"2025-01-10T09:36:48+00:00\" \/>\n<meta property=\"og:image\" content=\"https:\/\/atyges.es\/wp-content\/uploads\/2025\/01\/BAT_M4E_01.webp\" \/>\n\t<meta property=\"og:image:width\" content=\"1200\" \/>\n\t<meta property=\"og:image:height\" content=\"800\" \/>\n\t<meta property=\"og:image:type\" content=\"image\/webp\" \/>\n<meta name=\"twitter:card\" content=\"summary_large_image\" \/>\n<script type=\"application\/ld+json\" class=\"yoast-schema-graph\">{\"@context\":\"https:\/\/schema.org\",\"@graph\":[{\"@type\":\"WebPage\",\"@id\":\"https:\/\/atyges.es\/pt\/tienda\/product\/bateria-dji-matrice-4-series\/\",\"url\":\"https:\/\/atyges.es\/pt\/tienda\/product\/bateria-dji-matrice-4-series\/\",\"name\":\"Bateria Matrice 4 | Bateria de voo inteligente para DJI Matrice 4: M4E e M4T\",\"isPartOf\":{\"@id\":\"https:\/\/atyges.es\/pt\/#website\"},\"primaryImageOfPage\":{\"@id\":\"https:\/\/atyges.es\/pt\/tienda\/product\/bateria-dji-matrice-4-series\/#primaryimage\"},\"image\":{\"@id\":\"https:\/\/atyges.es\/pt\/tienda\/product\/bateria-dji-matrice-4-series\/#primaryimage\"},\"thumbnailUrl\":\"https:\/\/atyges.es\/wp-content\/uploads\/2025\/01\/BAT_M4E_01.webp\",\"datePublished\":\"2025-01-08T17:21:49+00:00\",\"dateModified\":\"2025-01-10T09:36:48+00:00\",\"description\":\"Bateria Matrice 4 | Bateria de voo para drones DJI Matrice 4 | [ATyges, Distribuidores oficiais da DJI]\",\"breadcrumb\":{\"@id\":\"https:\/\/atyges.es\/pt\/tienda\/product\/bateria-dji-matrice-4-series\/#breadcrumb\"},\"inLanguage\":\"pt-PT\",\"potentialAction\":[{\"@type\":\"ReadAction\",\"target\":[\"https:\/\/atyges.es\/pt\/tienda\/product\/bateria-dji-matrice-4-series\/\"]}]},{\"@type\":\"ImageObject\",\"inLanguage\":\"pt-PT\",\"@id\":\"https:\/\/atyges.es\/pt\/tienda\/product\/bateria-dji-matrice-4-series\/#primaryimage\",\"url\":\"https:\/\/atyges.es\/wp-content\/uploads\/2025\/01\/BAT_M4E_01.webp\",\"contentUrl\":\"https:\/\/atyges.es\/wp-content\/uploads\/2025\/01\/BAT_M4E_01.webp\",\"width\":1200,\"height\":800,\"caption\":\"Bateria DJI Matrice 4 Series\"},{\"@type\":\"BreadcrumbList\",\"@id\":\"https:\/\/atyges.es\/pt\/tienda\/product\/bateria-dji-matrice-4-series\/#breadcrumb\",\"itemListElement\":[{\"@type\":\"ListItem\",\"position\":1,\"name\":\"Portada\",\"item\":\"https:\/\/atyges.es\/pt\/\"},{\"@type\":\"ListItem\",\"position\":2,\"name\":\"Produtos\",\"item\":\"https:\/\/atyges.es\/pt\/shop\/\"},{\"@type\":\"ListItem\",\"position\":3,\"name\":\"Bateria DJI Matrice 4 Series\"}]},{\"@type\":\"WebSite\",\"@id\":\"https:\/\/atyges.es\/pt\/#website\",\"url\":\"https:\/\/atyges.es\/pt\/\",\"name\":\"ATyges\",\"description\":\"\",\"publisher\":{\"@id\":\"https:\/\/atyges.es\/pt\/#organization\"},\"potentialAction\":[{\"@type\":\"SearchAction\",\"target\":{\"@type\":\"EntryPoint\",\"urlTemplate\":\"https:\/\/atyges.es\/pt\/?s={search_term_string}\"},\"query-input\":{\"@type\":\"PropertyValueSpecification\",\"valueRequired\":true,\"valueName\":\"search_term_string\"}}],\"inLanguage\":\"pt-PT\"},{\"@type\":\"Organization\",\"@id\":\"https:\/\/atyges.es\/pt\/#organization\",\"name\":\"Atyges\",\"url\":\"https:\/\/atyges.es\/pt\/\",\"logo\":{\"@type\":\"ImageObject\",\"inLanguage\":\"pt-PT\",\"@id\":\"https:\/\/atyges.es\/pt\/#\/schema\/logo\/image\/\",\"url\":\"https:\/\/atyges.es\/wp-content\/uploads\/2022\/01\/Logo_ATyges_Store.png\",\"contentUrl\":\"https:\/\/atyges.es\/wp-content\/uploads\/2022\/01\/Logo_ATyges_Store.png\",\"width\":1228,\"height\":200,\"caption\":\"Atyges\"},\"image\":{\"@id\":\"https:\/\/atyges.es\/pt\/#\/schema\/logo\/image\/\"}}]}<\/script>\n<!-- \/ Yoast SEO plugin. -->","yoast_head_json":{"title":"Bateria Matrice 4 | Bateria de voo inteligente para DJI Matrice 4: M4E e M4T","description":"Bateria Matrice 4 | Bateria de voo para drones DJI Matrice 4 | [ATyges, Distribuidores oficiais da DJI]","robots":{"index":"index","follow":"follow","max-snippet":"max-snippet:-1","max-image-preview":"max-image-preview:large","max-video-preview":"max-video-preview:-1"},"canonical":"https:\/\/atyges.es\/pt\/tienda\/product\/bateria-dji-matrice-4-series\/","og_locale":"pt_PT","og_type":"article","og_title":"Bateria Matrice 4 | Bateria de voo inteligente para DJI Matrice 4: M4E e M4T","og_description":"Bateria Matrice 4 | Bateria de voo para drones DJI Matrice 4 | [ATyges, Distribuidores oficiais da DJI]","og_url":"https:\/\/atyges.es\/pt\/tienda\/product\/bateria-dji-matrice-4-series\/","og_site_name":"ATyges","article_modified_time":"2025-01-10T09:36:48+00:00","og_image":[{"width":1200,"height":800,"url":"https:\/\/atyges.es\/wp-content\/uploads\/2025\/01\/BAT_M4E_01.webp","type":"image\/webp"}],"twitter_card":"summary_large_image","schema":{"@context":"https:\/\/schema.org","@graph":[{"@type":"WebPage","@id":"https:\/\/atyges.es\/pt\/tienda\/product\/bateria-dji-matrice-4-series\/","url":"https:\/\/atyges.es\/pt\/tienda\/product\/bateria-dji-matrice-4-series\/","name":"Bateria Matrice 4 | Bateria de voo inteligente para DJI Matrice 4: M4E e M4T","isPartOf":{"@id":"https:\/\/atyges.es\/pt\/#website"},"primaryImageOfPage":{"@id":"https:\/\/atyges.es\/pt\/tienda\/product\/bateria-dji-matrice-4-series\/#primaryimage"},"image":{"@id":"https:\/\/atyges.es\/pt\/tienda\/product\/bateria-dji-matrice-4-series\/#primaryimage"},"thumbnailUrl":"https:\/\/atyges.es\/wp-content\/uploads\/2025\/01\/BAT_M4E_01.webp","datePublished":"2025-01-08T17:21:49+00:00","dateModified":"2025-01-10T09:36:48+00:00","description":"Bateria Matrice 4 | Bateria de voo para drones DJI Matrice 4 | [ATyges, Distribuidores oficiais da DJI]","breadcrumb":{"@id":"https:\/\/atyges.es\/pt\/tienda\/product\/bateria-dji-matrice-4-series\/#breadcrumb"},"inLanguage":"pt-PT","potentialAction":[{"@type":"ReadAction","target":["https:\/\/atyges.es\/pt\/tienda\/product\/bateria-dji-matrice-4-series\/"]}]},{"@type":"ImageObject","inLanguage":"pt-PT","@id":"https:\/\/atyges.es\/pt\/tienda\/product\/bateria-dji-matrice-4-series\/#primaryimage","url":"https:\/\/atyges.es\/wp-content\/uploads\/2025\/01\/BAT_M4E_01.webp","contentUrl":"https:\/\/atyges.es\/wp-content\/uploads\/2025\/01\/BAT_M4E_01.webp","width":1200,"height":800,"caption":"Bateria DJI Matrice 4 Series"},{"@type":"BreadcrumbList","@id":"https:\/\/atyges.es\/pt\/tienda\/product\/bateria-dji-matrice-4-series\/#breadcrumb","itemListElement":[{"@type":"ListItem","position":1,"name":"Portada","item":"https:\/\/atyges.es\/pt\/"},{"@type":"ListItem","position":2,"name":"Produtos","item":"https:\/\/atyges.es\/pt\/shop\/"},{"@type":"ListItem","position":3,"name":"Bateria DJI Matrice 4 Series"}]},{"@type":"WebSite","@id":"https:\/\/atyges.es\/pt\/#website","url":"https:\/\/atyges.es\/pt\/","name":"ATyges","description":"","publisher":{"@id":"https:\/\/atyges.es\/pt\/#organization"},"potentialAction":[{"@type":"SearchAction","target":{"@type":"EntryPoint","urlTemplate":"https:\/\/atyges.es\/pt\/?s={search_term_string}"},"query-input":{"@type":"PropertyValueSpecification","valueRequired":true,"valueName":"search_term_string"}}],"inLanguage":"pt-PT"},{"@type":"Organization","@id":"https:\/\/atyges.es\/pt\/#organization","name":"Atyges","url":"https:\/\/atyges.es\/pt\/","logo":{"@type":"ImageObject","inLanguage":"pt-PT","@id":"https:\/\/atyges.es\/pt\/#\/schema\/logo\/image\/","url":"https:\/\/atyges.es\/wp-content\/uploads\/2022\/01\/Logo_ATyges_Store.png","contentUrl":"https:\/\/atyges.es\/wp-content\/uploads\/2022\/01\/Logo_ATyges_Store.png","width":1228,"height":200,"caption":"Atyges"},"image":{"@id":"https:\/\/atyges.es\/pt\/#\/schema\/logo\/image\/"}}]}},"jetpack_sharing_enabled":true,"_links":{"self":[{"href":"https:\/\/atyges.es\/pt\/wp-json\/wp\/v2\/product\/39336","targetHints":{"allow":["GET"]}}],"collection":[{"href":"https:\/\/atyges.es\/pt\/wp-json\/wp\/v2\/product"}],"about":[{"href":"https:\/\/atyges.es\/pt\/wp-json\/wp\/v2\/types\/product"}],"wp:featuredmedia":[{"embeddable":true,"href":"https:\/\/atyges.es\/pt\/wp-json\/wp\/v2\/media\/39238"}],"wp:attachment":[{"href":"https:\/\/atyges.es\/pt\/wp-json\/wp\/v2\/media?parent=39336"}],"wp:term":[{"taxonomy":"product_brand","embeddable":true,"href":"https:\/\/atyges.es\/pt\/wp-json\/wp\/v2\/product_brand?post=39336"},{"taxonomy":"product_cat","embeddable":true,"href":"https:\/\/atyges.es\/pt\/wp-json\/wp\/v2\/product_cat?post=39336"},{"taxonomy":"product_tag","embeddable":true,"href":"https:\/\/atyges.es\/pt\/wp-json\/wp\/v2\/product_tag?post=39336"}],"curies":[{"name":"wp","href":"https:\/\/api.w.org\/{rel}","templated":true}]}}