{"id":39333,"date":"2025-01-08T18:08:18","date_gmt":"2025-01-08T17:08:18","guid":{"rendered":"https:\/\/atyges.es\/product\/kit-de-poste-e-tripe-de-topografico-d-rtk-3\/"},"modified":"2025-01-10T10:11:29","modified_gmt":"2025-01-10T09:11:29","slug":"kit-de-poste-e-tripe-de-topografico-d-rtk-3","status":"publish","type":"product","link":"https:\/\/atyges.es\/pt\/tienda\/product\/kit-de-poste-e-tripe-de-topografico-d-rtk-3\/","title":{"rendered":"Kit de poste e trip\u00e9 topogr\u00e1fico D-RTK 3"},"content":{"rendered":"\n\n<div class=\"kk-star-ratings kksr-auto kksr-align-center kksr-valign-bottom\"\n    data-payload='{&quot;align&quot;:&quot;center&quot;,&quot;id&quot;:&quot;39333&quot;,&quot;slug&quot;:&quot;default&quot;,&quot;valign&quot;:&quot;bottom&quot;,&quot;ignore&quot;:&quot;&quot;,&quot;reference&quot;:&quot;auto&quot;,&quot;class&quot;:&quot;&quot;,&quot;count&quot;:&quot;0&quot;,&quot;legendonly&quot;:&quot;&quot;,&quot;readonly&quot;:&quot;&quot;,&quot;score&quot;:&quot;0&quot;,&quot;starsonly&quot;:&quot;&quot;,&quot;best&quot;:&quot;5&quot;,&quot;gap&quot;:&quot;5&quot;,&quot;greet&quot;:&quot;Val\u00f3ranos&quot;,&quot;legend&quot;:&quot;0\\\/5 - (0 votes)&quot;,&quot;size&quot;:&quot;24&quot;,&quot;title&quot;:&quot;Kit de poste e trip\u00e9 topogr\u00e1fico D-RTK 3&quot;,&quot;width&quot;:&quot;0&quot;,&quot;_legend&quot;:&quot;{score}\\\/{best} - ({count} {votes})&quot;,&quot;font_factor&quot;:&quot;1.25&quot;}'>\n            \n<div class=\"kksr-stars\">\n    \n<div class=\"kksr-stars-inactive\">\n            <div class=\"kksr-star\" data-star=\"1\" style=\"padding-right: 5px\">\n            \n\n<div class=\"kksr-icon\" style=\"width: 24px; height: 24px;\"><\/div>\n        <\/div>\n            <div class=\"kksr-star\" data-star=\"2\" style=\"padding-right: 5px\">\n            \n\n<div class=\"kksr-icon\" style=\"width: 24px; height: 24px;\"><\/div>\n        <\/div>\n            <div class=\"kksr-star\" data-star=\"3\" style=\"padding-right: 5px\">\n            \n\n<div class=\"kksr-icon\" style=\"width: 24px; height: 24px;\"><\/div>\n        <\/div>\n            <div class=\"kksr-star\" data-star=\"4\" style=\"padding-right: 5px\">\n            \n\n<div class=\"kksr-icon\" style=\"width: 24px; height: 24px;\"><\/div>\n        <\/div>\n            <div class=\"kksr-star\" data-star=\"5\" style=\"padding-right: 5px\">\n            \n\n<div class=\"kksr-icon\" style=\"width: 24px; height: 24px;\"><\/div>\n        <\/div>\n    <\/div>\n    \n<div class=\"kksr-stars-active\" style=\"width: 0px;\">\n            <div class=\"kksr-star\" style=\"padding-right: 5px\">\n            \n\n<div class=\"kksr-icon\" style=\"width: 24px; height: 24px;\"><\/div>\n        <\/div>\n            <div class=\"kksr-star\" style=\"padding-right: 5px\">\n            \n\n<div class=\"kksr-icon\" style=\"width: 24px; height: 24px;\"><\/div>\n        <\/div>\n            <div class=\"kksr-star\" style=\"padding-right: 5px\">\n            \n\n<div class=\"kksr-icon\" style=\"width: 24px; height: 24px;\"><\/div>\n        <\/div>\n            <div class=\"kksr-star\" style=\"padding-right: 5px\">\n            \n\n<div class=\"kksr-icon\" style=\"width: 24px; height: 24px;\"><\/div>\n        <\/div>\n            <div class=\"kksr-star\" style=\"padding-right: 5px\">\n            \n\n<div class=\"kksr-icon\" style=\"width: 24px; height: 24px;\"><\/div>\n        <\/div>\n    <\/div>\n<\/div>\n                \n\n<div class=\"kksr-legend\" style=\"font-size: 19.2px;\">\n            <span class=\"kksr-muted\">Val\u00f3ranos<\/span>\n    <\/div>\n    <\/div>\n","protected":false},"excerpt":{"rendered":"<h1>Kit de poste e trip\u00e9 topogr\u00e1fico D-RTK 3<\/h1>\n<p><span class=\"HwtZe\" jsaction=\"mouseup:Sxi9L,BR6jm; mousedown:qjlr0e\" jsname=\"jqKxS\" lang=\"pt-PT\"><span jsaction=\"agoMJf:PFBcW;MZfLnc:P7O7bd;nt4Alf:pvnm0e,pfE8Hb,PFBcW;B01qod:dJXsye;H1e5u:iXtTIf;lYIUJf:hij5Wb\" jsname=\"txFAF\" class=\"jCAhz ChMk0b\" jscontroller=\"BiTO4b\"><span class=\"ryNqvb\" jsname=\"W297wb\" jsaction=\"click:PDNqTc,GFf3ac,qlVvte;contextmenu:Nqw7Te,QP7LD; mouseout:Nqw7Te; mouseover:PDNqTc,c2aHje\">O novo kit de trip\u00e9 e bast\u00e3o de levantamento D-RTK 3 apresenta um bast\u00e3o com bloqueio autom\u00e1tico e um ajuste de altura f\u00e1cil, bem como um trip\u00e9 com bloqueio duplo para um f\u00e1cil nivelamento.<\/span><\/span><\/span><\/p>\n<p><span class=\"HwtZe\" jsaction=\"mouseup:Sxi9L,BR6jm; mousedown:qjlr0e\" jsname=\"jqKxS\" lang=\"pt-PT\"><span jsaction=\"agoMJf:PFBcW;MZfLnc:P7O7bd;nt4Alf:pvnm0e,pfE8Hb,PFBcW;B01qod:dJXsye;H1e5u:iXtTIf;lYIUJf:hij5Wb\" jsname=\"txFAF\" class=\"jCAhz ChMk0b\" jscontroller=\"BiTO4b\"><span class=\"ryNqvb\" jsname=\"W297wb\" jsaction=\"click:PDNqTc,GFf3ac,qlVvte;contextmenu:Nqw7Te,QP7LD; mouseout:Nqw7Te; mouseover:PDNqTc,c2aHje\">O bast\u00e3o de eleva\u00e7\u00e3o e o trip\u00e9 foram concebidos para funcionar perfeitamente com a <a href=\"https:\/\/atyges.es\/pt\/tienda\/product\/estacao-multifuncoes-d-rtk-3\/\">esta\u00e7\u00e3o multifuncional D-RTK 3<\/a>, permitindo uma configura\u00e7\u00e3o flex\u00edvel em diferentes situa\u00e7\u00f5es.<\/span><\/span><\/span><\/p>\n<ul>\n<li>No modo de esta\u00e7\u00e3o base, fornece uma configura\u00e7\u00e3o est\u00e1vel para miss\u00f5es de drones de alta precis\u00e3o.<\/li>\n<li>No modo rover, o bast\u00e3o de pesquisa pode ser utilizado sozinho para recolher dados de verifica\u00e7\u00e3o e pontos de verifica\u00e7\u00e3o.<\/li>\n<\/ul>\n<h3>Conte\u00fado da embalagem<\/h3>\n<ul>\n<li>1x <span class=\"HwtZe\" jsaction=\"mouseup:Sxi9L,BR6jm; mousedown:qjlr0e\" jsname=\"jqKxS\" lang=\"pt-PT\"><span jsaction=\"agoMJf:PFBcW;MZfLnc:P7O7bd;nt4Alf:pvnm0e,pfE8Hb,PFBcW;B01qod:dJXsye;H1e5u:iXtTIf;lYIUJf:hij5Wb\" jsname=\"txFAF\" class=\"jCAhz ChMk0b\" jscontroller=\"BiTO4b\"><span class=\"ryNqvb\" jsname=\"W297wb\" jsaction=\"click:PDNqTc,GFf3ac,qlVvte;contextmenu:Nqw7Te,QP7LD; mouseout:Nqw7Te; mouseover:PDNqTc,c2aHje\">bast\u00e3o <\/span><\/span><\/span>topogr\u00e1fico autoblocante.<\/li>\n<li>1x trip\u00e9 com fecho duplo.<\/li>\n<\/ul>\n<h3>Especifica\u00e7\u00f5es:<\/h3>\n<ul>\n<li>Dimens\u00f5es da embalagem: 245 \u00d7 245 \u00d7 1398 mm (C. \u00d7 L. \u00d7 A.)<\/li>\n<li>Peso da embalagem: 4,96 kg<\/li>\n<li>Poste de topografia: Altura: 125 a 200 cm (sem rosca de 5\/8&#8243;)<\/li>\n<li>Peso: 900 g<\/li>\n<li>Trip\u00e9: Altura: 92 cm<\/li>\n<li>Peso: 2800 g<\/li>\n<\/ul>\n<h3>Compatibilidade::<\/h3>\n<ul>\n<li><a href=\"https:\/\/atyges.es\/tienda\/estacion-multifuncion-d-rtk-3\/\"><span class=\"HwtZe\" jsaction=\"mouseup:Sxi9L,BR6jm; mousedown:qjlr0e\" jsname=\"jqKxS\" lang=\"pt-PT\"><span jsaction=\"agoMJf:PFBcW;MZfLnc:P7O7bd;nt4Alf:pvnm0e,pfE8Hb,PFBcW;B01qod:dJXsye;H1e5u:iXtTIf;lYIUJf:hij5Wb\" jsname=\"txFAF\" class=\"jCAhz ChMk0b\" jscontroller=\"BiTO4b\"><span class=\"ryNqvb\" jsname=\"W297wb\" jsaction=\"click:PDNqTc,GFf3ac,qlVvte;contextmenu:Nqw7Te,QP7LD; mouseout:Nqw7Te; mouseover:PDNqTc,c2aHje\"><a href=\"https:\/\/atyges.es\/pt\/tienda\/product\/estacao-multifuncoes-d-rtk-3\/\">Esta\u00e7\u00e3o multifuncional D-RTK 3<\/a><\/span><\/span><\/span><\/a><\/li>\n<li>D-RTK 3 AG<\/li>\n<\/ul>\n","protected":false},"featured_media":39233,"template":"","meta":[],"product_brand":[],"product_cat":[1470,1577,1874,1518,1547],"product_tag":[1928,1935,1934],"class_list":{"0":"post-39333","1":"product","2":"type-product","3":"status-publish","4":"has-post-thumbnail","6":"product_cat-matrice-30-pt","7":"product_cat-matrice-350-rtk-pt","8":"product_cat-matrice-4-pt","9":"product_cat-mavic-3-enterprise-pt","10":"product_cat-mavic-3-multiespectral-pt","11":"product_tag-drtk-3-pt","12":"product_tag-poste-topografico-dji","13":"product_tag-tripe-dji","14":"product_shipping_class-envio-gratuito-para-los-dji-consumer-pt","16":"first","17":"instock","18":"taxable","19":"shipping-taxable","20":"purchasable","21":"product-type-simple"},"yoast_head":"<!-- This site is optimized with the Yoast SEO plugin v27.2 - https:\/\/yoast.com\/product\/yoast-seo-wordpress\/ -->\n<title>Kit de trip\u00e9 e poste topogr\u00e1fico D-RTK 3 | Trip\u00e9 e poste topogr\u00e1fico D-RTK3<\/title>\n<meta name=\"description\" content=\"Kit composto por um poste topogr\u00e1fico e trip\u00e9 para utiliza\u00e7\u00e3o com a esta\u00e7\u00e3o multifuncional D-RTK3 | Para medi\u00e7\u00f5es de campo | [ATyges Distribuidor oficial da DJI]\" \/>\n<meta name=\"robots\" content=\"index, follow, max-snippet:-1, max-image-preview:large, max-video-preview:-1\" \/>\n<link rel=\"canonical\" href=\"https:\/\/atyges.es\/pt\/tienda\/product\/kit-de-poste-e-tripe-de-topografico-d-rtk-3\/\" \/>\n<meta property=\"og:locale\" content=\"pt_PT\" \/>\n<meta property=\"og:type\" content=\"article\" \/>\n<meta property=\"og:title\" content=\"Kit de trip\u00e9 e poste topogr\u00e1fico D-RTK 3 | Trip\u00e9 e poste topogr\u00e1fico D-RTK3\" \/>\n<meta property=\"og:description\" content=\"Kit composto por um poste topogr\u00e1fico e trip\u00e9 para utiliza\u00e7\u00e3o com a esta\u00e7\u00e3o multifuncional D-RTK3 | Para medi\u00e7\u00f5es de campo | [ATyges Distribuidor oficial da DJI]\" \/>\n<meta property=\"og:url\" content=\"https:\/\/atyges.es\/pt\/tienda\/product\/kit-de-poste-e-tripe-de-topografico-d-rtk-3\/\" \/>\n<meta property=\"og:site_name\" content=\"ATyges\" \/>\n<meta property=\"article:modified_time\" content=\"2025-01-10T09:11:29+00:00\" \/>\n<meta property=\"og:image\" content=\"https:\/\/atyges.es\/wp-content\/uploads\/2025\/01\/Kit-Tripode_DRTK_3_02.jpg\" \/>\n\t<meta property=\"og:image:width\" content=\"1200\" \/>\n\t<meta property=\"og:image:height\" content=\"800\" \/>\n\t<meta property=\"og:image:type\" content=\"image\/jpeg\" \/>\n<meta name=\"twitter:card\" content=\"summary_large_image\" \/>\n<script type=\"application\/ld+json\" class=\"yoast-schema-graph\">{\"@context\":\"https:\/\/schema.org\",\"@graph\":[{\"@type\":\"WebPage\",\"@id\":\"https:\/\/atyges.es\/pt\/tienda\/product\/kit-de-poste-e-tripe-de-topografico-d-rtk-3\/\",\"url\":\"https:\/\/atyges.es\/pt\/tienda\/product\/kit-de-poste-e-tripe-de-topografico-d-rtk-3\/\",\"name\":\"Kit de trip\u00e9 e poste topogr\u00e1fico D-RTK 3 | Trip\u00e9 e poste topogr\u00e1fico D-RTK3\",\"isPartOf\":{\"@id\":\"https:\/\/atyges.es\/pt\/#website\"},\"primaryImageOfPage\":{\"@id\":\"https:\/\/atyges.es\/pt\/tienda\/product\/kit-de-poste-e-tripe-de-topografico-d-rtk-3\/#primaryimage\"},\"image\":{\"@id\":\"https:\/\/atyges.es\/pt\/tienda\/product\/kit-de-poste-e-tripe-de-topografico-d-rtk-3\/#primaryimage\"},\"thumbnailUrl\":\"https:\/\/atyges.es\/wp-content\/uploads\/2025\/01\/Kit-Tripode_DRTK_3_02.jpg\",\"datePublished\":\"2025-01-08T17:08:18+00:00\",\"dateModified\":\"2025-01-10T09:11:29+00:00\",\"description\":\"Kit composto por um poste topogr\u00e1fico e trip\u00e9 para utiliza\u00e7\u00e3o com a esta\u00e7\u00e3o multifuncional D-RTK3 | Para medi\u00e7\u00f5es de campo | [ATyges Distribuidor oficial da DJI]\",\"breadcrumb\":{\"@id\":\"https:\/\/atyges.es\/pt\/tienda\/product\/kit-de-poste-e-tripe-de-topografico-d-rtk-3\/#breadcrumb\"},\"inLanguage\":\"pt-PT\",\"potentialAction\":[{\"@type\":\"ReadAction\",\"target\":[\"https:\/\/atyges.es\/pt\/tienda\/product\/kit-de-poste-e-tripe-de-topografico-d-rtk-3\/\"]}]},{\"@type\":\"ImageObject\",\"inLanguage\":\"pt-PT\",\"@id\":\"https:\/\/atyges.es\/pt\/tienda\/product\/kit-de-poste-e-tripe-de-topografico-d-rtk-3\/#primaryimage\",\"url\":\"https:\/\/atyges.es\/wp-content\/uploads\/2025\/01\/Kit-Tripode_DRTK_3_02.jpg\",\"contentUrl\":\"https:\/\/atyges.es\/wp-content\/uploads\/2025\/01\/Kit-Tripode_DRTK_3_02.jpg\",\"width\":1200,\"height\":800,\"caption\":\"Kit de trip\u00e9 e mastro para D-RTK 3\"},{\"@type\":\"BreadcrumbList\",\"@id\":\"https:\/\/atyges.es\/pt\/tienda\/product\/kit-de-poste-e-tripe-de-topografico-d-rtk-3\/#breadcrumb\",\"itemListElement\":[{\"@type\":\"ListItem\",\"position\":1,\"name\":\"Portada\",\"item\":\"https:\/\/atyges.es\/pt\/\"},{\"@type\":\"ListItem\",\"position\":2,\"name\":\"Produtos\",\"item\":\"https:\/\/atyges.es\/pt\/shop\/\"},{\"@type\":\"ListItem\",\"position\":3,\"name\":\"Kit de poste e trip\u00e9 topogr\u00e1fico D-RTK 3\"}]},{\"@type\":\"WebSite\",\"@id\":\"https:\/\/atyges.es\/pt\/#website\",\"url\":\"https:\/\/atyges.es\/pt\/\",\"name\":\"ATyges\",\"description\":\"\",\"publisher\":{\"@id\":\"https:\/\/atyges.es\/pt\/#organization\"},\"potentialAction\":[{\"@type\":\"SearchAction\",\"target\":{\"@type\":\"EntryPoint\",\"urlTemplate\":\"https:\/\/atyges.es\/pt\/?s={search_term_string}\"},\"query-input\":{\"@type\":\"PropertyValueSpecification\",\"valueRequired\":true,\"valueName\":\"search_term_string\"}}],\"inLanguage\":\"pt-PT\"},{\"@type\":\"Organization\",\"@id\":\"https:\/\/atyges.es\/pt\/#organization\",\"name\":\"Atyges\",\"url\":\"https:\/\/atyges.es\/pt\/\",\"logo\":{\"@type\":\"ImageObject\",\"inLanguage\":\"pt-PT\",\"@id\":\"https:\/\/atyges.es\/pt\/#\/schema\/logo\/image\/\",\"url\":\"https:\/\/atyges.es\/wp-content\/uploads\/2022\/01\/Logo_ATyges_Store.png\",\"contentUrl\":\"https:\/\/atyges.es\/wp-content\/uploads\/2022\/01\/Logo_ATyges_Store.png\",\"width\":1228,\"height\":200,\"caption\":\"Atyges\"},\"image\":{\"@id\":\"https:\/\/atyges.es\/pt\/#\/schema\/logo\/image\/\"}}]}<\/script>\n<!-- \/ Yoast SEO plugin. -->","yoast_head_json":{"title":"Kit de trip\u00e9 e poste topogr\u00e1fico D-RTK 3 | Trip\u00e9 e poste topogr\u00e1fico D-RTK3","description":"Kit composto por um poste topogr\u00e1fico e trip\u00e9 para utiliza\u00e7\u00e3o com a esta\u00e7\u00e3o multifuncional D-RTK3 | Para medi\u00e7\u00f5es de campo | [ATyges Distribuidor oficial da DJI]","robots":{"index":"index","follow":"follow","max-snippet":"max-snippet:-1","max-image-preview":"max-image-preview:large","max-video-preview":"max-video-preview:-1"},"canonical":"https:\/\/atyges.es\/pt\/tienda\/product\/kit-de-poste-e-tripe-de-topografico-d-rtk-3\/","og_locale":"pt_PT","og_type":"article","og_title":"Kit de trip\u00e9 e poste topogr\u00e1fico D-RTK 3 | Trip\u00e9 e poste topogr\u00e1fico D-RTK3","og_description":"Kit composto por um poste topogr\u00e1fico e trip\u00e9 para utiliza\u00e7\u00e3o com a esta\u00e7\u00e3o multifuncional D-RTK3 | Para medi\u00e7\u00f5es de campo | [ATyges Distribuidor oficial da DJI]","og_url":"https:\/\/atyges.es\/pt\/tienda\/product\/kit-de-poste-e-tripe-de-topografico-d-rtk-3\/","og_site_name":"ATyges","article_modified_time":"2025-01-10T09:11:29+00:00","og_image":[{"width":1200,"height":800,"url":"https:\/\/atyges.es\/wp-content\/uploads\/2025\/01\/Kit-Tripode_DRTK_3_02.jpg","type":"image\/jpeg"}],"twitter_card":"summary_large_image","schema":{"@context":"https:\/\/schema.org","@graph":[{"@type":"WebPage","@id":"https:\/\/atyges.es\/pt\/tienda\/product\/kit-de-poste-e-tripe-de-topografico-d-rtk-3\/","url":"https:\/\/atyges.es\/pt\/tienda\/product\/kit-de-poste-e-tripe-de-topografico-d-rtk-3\/","name":"Kit de trip\u00e9 e poste topogr\u00e1fico D-RTK 3 | Trip\u00e9 e poste topogr\u00e1fico D-RTK3","isPartOf":{"@id":"https:\/\/atyges.es\/pt\/#website"},"primaryImageOfPage":{"@id":"https:\/\/atyges.es\/pt\/tienda\/product\/kit-de-poste-e-tripe-de-topografico-d-rtk-3\/#primaryimage"},"image":{"@id":"https:\/\/atyges.es\/pt\/tienda\/product\/kit-de-poste-e-tripe-de-topografico-d-rtk-3\/#primaryimage"},"thumbnailUrl":"https:\/\/atyges.es\/wp-content\/uploads\/2025\/01\/Kit-Tripode_DRTK_3_02.jpg","datePublished":"2025-01-08T17:08:18+00:00","dateModified":"2025-01-10T09:11:29+00:00","description":"Kit composto por um poste topogr\u00e1fico e trip\u00e9 para utiliza\u00e7\u00e3o com a esta\u00e7\u00e3o multifuncional D-RTK3 | Para medi\u00e7\u00f5es de campo | [ATyges Distribuidor oficial da DJI]","breadcrumb":{"@id":"https:\/\/atyges.es\/pt\/tienda\/product\/kit-de-poste-e-tripe-de-topografico-d-rtk-3\/#breadcrumb"},"inLanguage":"pt-PT","potentialAction":[{"@type":"ReadAction","target":["https:\/\/atyges.es\/pt\/tienda\/product\/kit-de-poste-e-tripe-de-topografico-d-rtk-3\/"]}]},{"@type":"ImageObject","inLanguage":"pt-PT","@id":"https:\/\/atyges.es\/pt\/tienda\/product\/kit-de-poste-e-tripe-de-topografico-d-rtk-3\/#primaryimage","url":"https:\/\/atyges.es\/wp-content\/uploads\/2025\/01\/Kit-Tripode_DRTK_3_02.jpg","contentUrl":"https:\/\/atyges.es\/wp-content\/uploads\/2025\/01\/Kit-Tripode_DRTK_3_02.jpg","width":1200,"height":800,"caption":"Kit de trip\u00e9 e mastro para D-RTK 3"},{"@type":"BreadcrumbList","@id":"https:\/\/atyges.es\/pt\/tienda\/product\/kit-de-poste-e-tripe-de-topografico-d-rtk-3\/#breadcrumb","itemListElement":[{"@type":"ListItem","position":1,"name":"Portada","item":"https:\/\/atyges.es\/pt\/"},{"@type":"ListItem","position":2,"name":"Produtos","item":"https:\/\/atyges.es\/pt\/shop\/"},{"@type":"ListItem","position":3,"name":"Kit de poste e trip\u00e9 topogr\u00e1fico D-RTK 3"}]},{"@type":"WebSite","@id":"https:\/\/atyges.es\/pt\/#website","url":"https:\/\/atyges.es\/pt\/","name":"ATyges","description":"","publisher":{"@id":"https:\/\/atyges.es\/pt\/#organization"},"potentialAction":[{"@type":"SearchAction","target":{"@type":"EntryPoint","urlTemplate":"https:\/\/atyges.es\/pt\/?s={search_term_string}"},"query-input":{"@type":"PropertyValueSpecification","valueRequired":true,"valueName":"search_term_string"}}],"inLanguage":"pt-PT"},{"@type":"Organization","@id":"https:\/\/atyges.es\/pt\/#organization","name":"Atyges","url":"https:\/\/atyges.es\/pt\/","logo":{"@type":"ImageObject","inLanguage":"pt-PT","@id":"https:\/\/atyges.es\/pt\/#\/schema\/logo\/image\/","url":"https:\/\/atyges.es\/wp-content\/uploads\/2022\/01\/Logo_ATyges_Store.png","contentUrl":"https:\/\/atyges.es\/wp-content\/uploads\/2022\/01\/Logo_ATyges_Store.png","width":1228,"height":200,"caption":"Atyges"},"image":{"@id":"https:\/\/atyges.es\/pt\/#\/schema\/logo\/image\/"}}]}},"jetpack_sharing_enabled":true,"_links":{"self":[{"href":"https:\/\/atyges.es\/pt\/wp-json\/wp\/v2\/product\/39333","targetHints":{"allow":["GET"]}}],"collection":[{"href":"https:\/\/atyges.es\/pt\/wp-json\/wp\/v2\/product"}],"about":[{"href":"https:\/\/atyges.es\/pt\/wp-json\/wp\/v2\/types\/product"}],"wp:featuredmedia":[{"embeddable":true,"href":"https:\/\/atyges.es\/pt\/wp-json\/wp\/v2\/media\/39233"}],"wp:attachment":[{"href":"https:\/\/atyges.es\/pt\/wp-json\/wp\/v2\/media?parent=39333"}],"wp:term":[{"taxonomy":"product_brand","embeddable":true,"href":"https:\/\/atyges.es\/pt\/wp-json\/wp\/v2\/product_brand?post=39333"},{"taxonomy":"product_cat","embeddable":true,"href":"https:\/\/atyges.es\/pt\/wp-json\/wp\/v2\/product_cat?post=39333"},{"taxonomy":"product_tag","embeddable":true,"href":"https:\/\/atyges.es\/pt\/wp-json\/wp\/v2\/product_tag?post=39333"}],"curies":[{"name":"wp","href":"https:\/\/api.w.org\/{rel}","templated":true}]}}