{"id":39330,"date":"2025-01-08T17:46:16","date_gmt":"2025-01-08T16:46:16","guid":{"rendered":"https:\/\/atyges.es\/product\/estacao-multifuncoes-d-rtk-3\/"},"modified":"2025-01-10T09:51:28","modified_gmt":"2025-01-10T08:51:28","slug":"estacao-multifuncoes-d-rtk-3","status":"publish","type":"product","link":"https:\/\/atyges.es\/pt\/tienda\/product\/estacao-multifuncoes-d-rtk-3\/","title":{"rendered":"Esta\u00e7\u00e3o multifun\u00e7\u00f5es D-RTK 3"},"content":{"rendered":"\n\n<div class=\"kk-star-ratings kksr-auto kksr-align-center kksr-valign-bottom\"\n    data-payload='{&quot;align&quot;:&quot;center&quot;,&quot;id&quot;:&quot;39330&quot;,&quot;slug&quot;:&quot;default&quot;,&quot;valign&quot;:&quot;bottom&quot;,&quot;ignore&quot;:&quot;&quot;,&quot;reference&quot;:&quot;auto&quot;,&quot;class&quot;:&quot;&quot;,&quot;count&quot;:&quot;0&quot;,&quot;legendonly&quot;:&quot;&quot;,&quot;readonly&quot;:&quot;&quot;,&quot;score&quot;:&quot;0&quot;,&quot;starsonly&quot;:&quot;&quot;,&quot;best&quot;:&quot;5&quot;,&quot;gap&quot;:&quot;5&quot;,&quot;greet&quot;:&quot;Val\u00f3ranos&quot;,&quot;legend&quot;:&quot;0\\\/5 - (0 votes)&quot;,&quot;size&quot;:&quot;24&quot;,&quot;title&quot;:&quot;Esta\u00e7\u00e3o multifun\u00e7\u00f5es D-RTK 3&quot;,&quot;width&quot;:&quot;0&quot;,&quot;_legend&quot;:&quot;{score}\\\/{best} - ({count} {votes})&quot;,&quot;font_factor&quot;:&quot;1.25&quot;}'>\n            \n<div class=\"kksr-stars\">\n    \n<div class=\"kksr-stars-inactive\">\n            <div class=\"kksr-star\" data-star=\"1\" style=\"padding-right: 5px\">\n            \n\n<div class=\"kksr-icon\" style=\"width: 24px; height: 24px;\"><\/div>\n        <\/div>\n            <div class=\"kksr-star\" data-star=\"2\" style=\"padding-right: 5px\">\n            \n\n<div class=\"kksr-icon\" style=\"width: 24px; height: 24px;\"><\/div>\n        <\/div>\n            <div class=\"kksr-star\" data-star=\"3\" style=\"padding-right: 5px\">\n            \n\n<div class=\"kksr-icon\" style=\"width: 24px; height: 24px;\"><\/div>\n        <\/div>\n            <div class=\"kksr-star\" data-star=\"4\" style=\"padding-right: 5px\">\n            \n\n<div class=\"kksr-icon\" style=\"width: 24px; height: 24px;\"><\/div>\n        <\/div>\n            <div class=\"kksr-star\" data-star=\"5\" style=\"padding-right: 5px\">\n            \n\n<div class=\"kksr-icon\" style=\"width: 24px; height: 24px;\"><\/div>\n        <\/div>\n    <\/div>\n    \n<div class=\"kksr-stars-active\" style=\"width: 0px;\">\n            <div class=\"kksr-star\" style=\"padding-right: 5px\">\n            \n\n<div class=\"kksr-icon\" style=\"width: 24px; height: 24px;\"><\/div>\n        <\/div>\n            <div class=\"kksr-star\" style=\"padding-right: 5px\">\n            \n\n<div class=\"kksr-icon\" style=\"width: 24px; height: 24px;\"><\/div>\n        <\/div>\n            <div class=\"kksr-star\" style=\"padding-right: 5px\">\n            \n\n<div class=\"kksr-icon\" style=\"width: 24px; height: 24px;\"><\/div>\n        <\/div>\n            <div class=\"kksr-star\" style=\"padding-right: 5px\">\n            \n\n<div class=\"kksr-icon\" style=\"width: 24px; height: 24px;\"><\/div>\n        <\/div>\n            <div class=\"kksr-star\" style=\"padding-right: 5px\">\n            \n\n<div class=\"kksr-icon\" style=\"width: 24px; height: 24px;\"><\/div>\n        <\/div>\n    <\/div>\n<\/div>\n                \n\n<div class=\"kksr-legend\" style=\"font-size: 19.2px;\">\n            <span class=\"kksr-muted\">Val\u00f3ranos<\/span>\n    <\/div>\n    <\/div>\n","protected":false},"excerpt":{"rendered":"<h1>Esta\u00e7\u00e3o multifun\u00e7\u00f5es D-RTK 3<\/h1>\n<p>Serve como esta\u00e7\u00e3o base para o posicionamento preciso de v\u00e1rios drones ou como esta\u00e7\u00e3o de retransmiss\u00e3o para estender o alcance do drone.<\/p>\n<h3>Conte\u00fado da embalagem:<\/h3>\n<ul>\n<li>1x Esta\u00e7\u00e3o multifun\u00e7\u00f5es D-RTK 3.<\/li>\n<li>4x Antenas direcionais de substitui\u00e7\u00e3o OcuSync.<\/li>\n<li>1x Cabo USB-A para USB-C.<\/li>\n<\/ul>\n<p>A nova esta\u00e7\u00e3o multifuncional D-RTK 3 integra antenas de alto desempenho e m\u00f3dulos recetores, capazes de rastrear e resolver dados dos principais sistemas de navega\u00e7\u00e3o por sat\u00e9lite do mundo. Suporta m\u00faltiplas liga\u00e7\u00f5es de transmiss\u00e3o de dados e pode analisar a posi\u00e7\u00e3o e a orienta\u00e7\u00e3o do dispositivo atrav\u00e9s da sua unidade de medi\u00e7\u00e3o inercial de alto desempenho integrada.<\/p>\n<p>Gra\u00e7as a estas caracter\u00edsticas extraordin\u00e1rias, pode servir como esta\u00e7\u00e3o base para fornecer um posicionamento com precis\u00e3o centim\u00e9trica para v\u00e1rios drones em simult\u00e2neo ou estender o alcance operacional dos drones no modo de esta\u00e7\u00e3o de retransmiss\u00e3o.<\/p>\n<p>Al\u00e9m disso, o novo modo Scan Station, combinado com a aplica\u00e7\u00e3o DJI ENTERPRISE e o DJI Terra, oferece uma solu\u00e7\u00e3o abrangente para aplica\u00e7\u00f5es de inspe\u00e7\u00e3o a\u00e9rea de alta precis\u00e3o.<\/p>\n<p>Nota: a esta\u00e7\u00e3o multifuncional n\u00e3o inclui trip\u00e9 ou bast\u00e3o de topografia. Se desejar, pode adquirir um kit DJI para este fim: Kit de trip\u00e9 e mastro topogr\u00e1fico D-RTK 3<\/p>\n<h3>Especifica\u00e7\u00f5es:<\/h3>\n<p>Frequ\u00eancias GNSS<\/p>\n<p style=\"padding-left: 40px;\">GPS: L1C\/A, L2C, L5<br \/>\nBDS: B1I, B2I, B3I, B1C, B2a, B2b<br \/>\nGalileu: E1, E5a, E5b, E6<br \/>\nGLONASS: L1, L2<br \/>\nQZSS: L1C\/A, L2C, L5<br \/>\nBanda L<\/p>\n<p>Precis\u00e3o do modo Scan Station<\/p>\n<p style=\"padding-left: 40px;\">Medi\u00e7\u00e3o est\u00e1tica<\/p>\n<p style=\"padding-left: 80px;\">Horizontal: 0,8 cm + 1 ppm (RMS)<br \/>\nVertical: 1,5 cm + 1 ppm (RMS)<\/p>\n<p style=\"padding-left: 40px;\">Medi\u00e7\u00e3o de inclina\u00e7\u00e3o<\/p>\n<p style=\"padding-left: 80px;\">Intervalo de \u00e2ngulo: 0\u00b0 a 60\u00b0<br \/>\nHorizontal: 8 mm + 0,7 mm\/inclina\u00e7\u00e3o (precis\u00e3o &lt;2 cm a 30\u00b0)<\/p>\n<p>Alcance de transmiss\u00e3o (em modo de esta\u00e7\u00e3o de retransmiss\u00e3o, desobstru\u00eddo, sem interfer\u00eancias)<\/p>\n<p style=\"padding-left: 40px;\">FCC:<br \/>\n15 km entre a aeronave e a esta\u00e7\u00e3o retransmissora.<br \/>\n1 km entre a esta\u00e7\u00e3o de retransmiss\u00e3o e o comando \u00e0 dist\u00e2ncia.<\/p>\n<p style=\"padding-left: 40px;\">\nSRRC:<br \/>\n12 km entre a aeronave e a esta\u00e7\u00e3o retransmissora.<br \/>\n1 km entre a esta\u00e7\u00e3o de retransmiss\u00e3o e o comando \u00e0 dist\u00e2ncia.<\/p>\n<p style=\"padding-left: 40px;\">\nCE:<br \/>\n8 km entre a aeronave e a esta\u00e7\u00e3o retransmissora.<br \/>\n300 m entre a esta\u00e7\u00e3o de retransmiss\u00e3o e o comando \u00e0 dist\u00e2ncia.<\/p>\n<p>\u00cdndice de prote\u00e7\u00e3o: IP67 (apenas esta\u00e7\u00e3o)<\/p>\n<p>Di\u00e2metro: 163 \u00d7 89 mm (sem antenas direcionais OcuSync)<\/p>\n<p>Peso: 1,26 kg<\/p>\n","protected":false},"featured_media":39222,"template":"","meta":[],"product_brand":[],"product_cat":[1287,1470,1577,1874,1518,1547],"product_tag":[1929,1928,1931,1930,1933,1932],"class_list":{"0":"post-39330","1":"product","2":"type-product","3":"status-publish","4":"has-post-thumbnail","6":"product_cat-drones-para-levantamento","7":"product_cat-matrice-30-pt","8":"product_cat-matrice-350-rtk-pt","9":"product_cat-matrice-4-pt","10":"product_cat-mavic-3-enterprise-pt","11":"product_cat-mavic-3-multiespectral-pt","12":"product_tag-drtk-2-pt","13":"product_tag-drtk-3-pt","14":"product_tag-estacao-de-referencia-dji","15":"product_tag-estacao-gps-dji","16":"product_tag-gps-dji-pt","17":"product_tag-rover-dji-pt","18":"product_shipping_class-mrw-24-48-h-pt","20":"first","21":"instock","22":"taxable","23":"shipping-taxable","24":"purchasable","25":"product-type-simple"},"yoast_head":"<!-- This site is optimized with the Yoast SEO plugin v27.2 - https:\/\/yoast.com\/product\/yoast-seo-wordpress\/ -->\n<title>Esta\u00e7\u00e3o multifun\u00e7\u00f5es D-RTK 3 | Precis\u00e3o m\u00e1xima, alcance alargado<\/title>\n<meta name=\"description\" content=\"DJI D-RTK 3, a esta\u00e7\u00e3o multifuncional para drones DJI Enterprise. \u2b50 Modo Base\/Rover\/Rel\u00e9 \u2705\u3010ATyges Distribuidores oficiais DJI\u3011\u2705.\" \/>\n<meta name=\"robots\" content=\"index, follow, max-snippet:-1, max-image-preview:large, max-video-preview:-1\" \/>\n<link rel=\"canonical\" href=\"https:\/\/atyges.es\/pt\/tienda\/product\/estacao-multifuncoes-d-rtk-3\/\" \/>\n<meta property=\"og:locale\" content=\"pt_PT\" \/>\n<meta property=\"og:type\" content=\"article\" \/>\n<meta property=\"og:title\" content=\"Esta\u00e7\u00e3o multifun\u00e7\u00f5es D-RTK 3 | Precis\u00e3o m\u00e1xima, alcance alargado\" \/>\n<meta property=\"og:description\" content=\"DJI D-RTK 3, a esta\u00e7\u00e3o multifuncional para drones DJI Enterprise. \u2b50 Modo Base\/Rover\/Rel\u00e9 \u2705\u3010ATyges Distribuidores oficiais DJI\u3011\u2705.\" \/>\n<meta property=\"og:url\" content=\"https:\/\/atyges.es\/pt\/tienda\/product\/estacao-multifuncoes-d-rtk-3\/\" \/>\n<meta property=\"og:site_name\" content=\"ATyges\" \/>\n<meta property=\"article:modified_time\" content=\"2025-01-10T08:51:28+00:00\" \/>\n<meta property=\"og:image\" content=\"https:\/\/atyges.es\/wp-content\/uploads\/2025\/01\/DRTK_3_01.webp\" \/>\n\t<meta property=\"og:image:width\" content=\"1200\" \/>\n\t<meta property=\"og:image:height\" content=\"800\" \/>\n\t<meta property=\"og:image:type\" content=\"image\/webp\" \/>\n<meta name=\"twitter:card\" content=\"summary_large_image\" \/>\n<script type=\"application\/ld+json\" class=\"yoast-schema-graph\">{\"@context\":\"https:\/\/schema.org\",\"@graph\":[{\"@type\":\"WebPage\",\"@id\":\"https:\/\/atyges.es\/pt\/tienda\/product\/estacao-multifuncoes-d-rtk-3\/\",\"url\":\"https:\/\/atyges.es\/pt\/tienda\/product\/estacao-multifuncoes-d-rtk-3\/\",\"name\":\"Esta\u00e7\u00e3o multifun\u00e7\u00f5es D-RTK 3 | Precis\u00e3o m\u00e1xima, alcance alargado\",\"isPartOf\":{\"@id\":\"https:\/\/atyges.es\/pt\/#website\"},\"primaryImageOfPage\":{\"@id\":\"https:\/\/atyges.es\/pt\/tienda\/product\/estacao-multifuncoes-d-rtk-3\/#primaryimage\"},\"image\":{\"@id\":\"https:\/\/atyges.es\/pt\/tienda\/product\/estacao-multifuncoes-d-rtk-3\/#primaryimage\"},\"thumbnailUrl\":\"https:\/\/atyges.es\/wp-content\/uploads\/2025\/01\/DRTK_3_01.webp\",\"datePublished\":\"2025-01-08T16:46:16+00:00\",\"dateModified\":\"2025-01-10T08:51:28+00:00\",\"description\":\"DJI D-RTK 3, a esta\u00e7\u00e3o multifuncional para drones DJI Enterprise. \u2b50 Modo Base\/Rover\/Rel\u00e9 \u2705\u3010ATyges Distribuidores oficiais DJI\u3011\u2705.\",\"breadcrumb\":{\"@id\":\"https:\/\/atyges.es\/pt\/tienda\/product\/estacao-multifuncoes-d-rtk-3\/#breadcrumb\"},\"inLanguage\":\"pt-PT\",\"potentialAction\":[{\"@type\":\"ReadAction\",\"target\":[\"https:\/\/atyges.es\/pt\/tienda\/product\/estacao-multifuncoes-d-rtk-3\/\"]}]},{\"@type\":\"ImageObject\",\"inLanguage\":\"pt-PT\",\"@id\":\"https:\/\/atyges.es\/pt\/tienda\/product\/estacao-multifuncoes-d-rtk-3\/#primaryimage\",\"url\":\"https:\/\/atyges.es\/wp-content\/uploads\/2025\/01\/DRTK_3_01.webp\",\"contentUrl\":\"https:\/\/atyges.es\/wp-content\/uploads\/2025\/01\/DRTK_3_01.webp\",\"width\":1200,\"height\":800,\"caption\":\"Esta\u00e7\u00e3o multifun\u00e7\u00f5es D-RTK 3\"},{\"@type\":\"BreadcrumbList\",\"@id\":\"https:\/\/atyges.es\/pt\/tienda\/product\/estacao-multifuncoes-d-rtk-3\/#breadcrumb\",\"itemListElement\":[{\"@type\":\"ListItem\",\"position\":1,\"name\":\"Portada\",\"item\":\"https:\/\/atyges.es\/pt\/\"},{\"@type\":\"ListItem\",\"position\":2,\"name\":\"Produtos\",\"item\":\"https:\/\/atyges.es\/pt\/shop\/\"},{\"@type\":\"ListItem\",\"position\":3,\"name\":\"Esta\u00e7\u00e3o multifun\u00e7\u00f5es D-RTK 3\"}]},{\"@type\":\"WebSite\",\"@id\":\"https:\/\/atyges.es\/pt\/#website\",\"url\":\"https:\/\/atyges.es\/pt\/\",\"name\":\"ATyges\",\"description\":\"\",\"publisher\":{\"@id\":\"https:\/\/atyges.es\/pt\/#organization\"},\"potentialAction\":[{\"@type\":\"SearchAction\",\"target\":{\"@type\":\"EntryPoint\",\"urlTemplate\":\"https:\/\/atyges.es\/pt\/?s={search_term_string}\"},\"query-input\":{\"@type\":\"PropertyValueSpecification\",\"valueRequired\":true,\"valueName\":\"search_term_string\"}}],\"inLanguage\":\"pt-PT\"},{\"@type\":\"Organization\",\"@id\":\"https:\/\/atyges.es\/pt\/#organization\",\"name\":\"Atyges\",\"url\":\"https:\/\/atyges.es\/pt\/\",\"logo\":{\"@type\":\"ImageObject\",\"inLanguage\":\"pt-PT\",\"@id\":\"https:\/\/atyges.es\/pt\/#\/schema\/logo\/image\/\",\"url\":\"https:\/\/atyges.es\/wp-content\/uploads\/2022\/01\/Logo_ATyges_Store.png\",\"contentUrl\":\"https:\/\/atyges.es\/wp-content\/uploads\/2022\/01\/Logo_ATyges_Store.png\",\"width\":1228,\"height\":200,\"caption\":\"Atyges\"},\"image\":{\"@id\":\"https:\/\/atyges.es\/pt\/#\/schema\/logo\/image\/\"}}]}<\/script>\n<!-- \/ Yoast SEO plugin. -->","yoast_head_json":{"title":"Esta\u00e7\u00e3o multifun\u00e7\u00f5es D-RTK 3 | Precis\u00e3o m\u00e1xima, alcance alargado","description":"DJI D-RTK 3, a esta\u00e7\u00e3o multifuncional para drones DJI Enterprise. \u2b50 Modo Base\/Rover\/Rel\u00e9 \u2705\u3010ATyges Distribuidores oficiais DJI\u3011\u2705.","robots":{"index":"index","follow":"follow","max-snippet":"max-snippet:-1","max-image-preview":"max-image-preview:large","max-video-preview":"max-video-preview:-1"},"canonical":"https:\/\/atyges.es\/pt\/tienda\/product\/estacao-multifuncoes-d-rtk-3\/","og_locale":"pt_PT","og_type":"article","og_title":"Esta\u00e7\u00e3o multifun\u00e7\u00f5es D-RTK 3 | Precis\u00e3o m\u00e1xima, alcance alargado","og_description":"DJI D-RTK 3, a esta\u00e7\u00e3o multifuncional para drones DJI Enterprise. \u2b50 Modo Base\/Rover\/Rel\u00e9 \u2705\u3010ATyges Distribuidores oficiais DJI\u3011\u2705.","og_url":"https:\/\/atyges.es\/pt\/tienda\/product\/estacao-multifuncoes-d-rtk-3\/","og_site_name":"ATyges","article_modified_time":"2025-01-10T08:51:28+00:00","og_image":[{"width":1200,"height":800,"url":"https:\/\/atyges.es\/wp-content\/uploads\/2025\/01\/DRTK_3_01.webp","type":"image\/webp"}],"twitter_card":"summary_large_image","schema":{"@context":"https:\/\/schema.org","@graph":[{"@type":"WebPage","@id":"https:\/\/atyges.es\/pt\/tienda\/product\/estacao-multifuncoes-d-rtk-3\/","url":"https:\/\/atyges.es\/pt\/tienda\/product\/estacao-multifuncoes-d-rtk-3\/","name":"Esta\u00e7\u00e3o multifun\u00e7\u00f5es D-RTK 3 | Precis\u00e3o m\u00e1xima, alcance alargado","isPartOf":{"@id":"https:\/\/atyges.es\/pt\/#website"},"primaryImageOfPage":{"@id":"https:\/\/atyges.es\/pt\/tienda\/product\/estacao-multifuncoes-d-rtk-3\/#primaryimage"},"image":{"@id":"https:\/\/atyges.es\/pt\/tienda\/product\/estacao-multifuncoes-d-rtk-3\/#primaryimage"},"thumbnailUrl":"https:\/\/atyges.es\/wp-content\/uploads\/2025\/01\/DRTK_3_01.webp","datePublished":"2025-01-08T16:46:16+00:00","dateModified":"2025-01-10T08:51:28+00:00","description":"DJI D-RTK 3, a esta\u00e7\u00e3o multifuncional para drones DJI Enterprise. \u2b50 Modo Base\/Rover\/Rel\u00e9 \u2705\u3010ATyges Distribuidores oficiais DJI\u3011\u2705.","breadcrumb":{"@id":"https:\/\/atyges.es\/pt\/tienda\/product\/estacao-multifuncoes-d-rtk-3\/#breadcrumb"},"inLanguage":"pt-PT","potentialAction":[{"@type":"ReadAction","target":["https:\/\/atyges.es\/pt\/tienda\/product\/estacao-multifuncoes-d-rtk-3\/"]}]},{"@type":"ImageObject","inLanguage":"pt-PT","@id":"https:\/\/atyges.es\/pt\/tienda\/product\/estacao-multifuncoes-d-rtk-3\/#primaryimage","url":"https:\/\/atyges.es\/wp-content\/uploads\/2025\/01\/DRTK_3_01.webp","contentUrl":"https:\/\/atyges.es\/wp-content\/uploads\/2025\/01\/DRTK_3_01.webp","width":1200,"height":800,"caption":"Esta\u00e7\u00e3o multifun\u00e7\u00f5es D-RTK 3"},{"@type":"BreadcrumbList","@id":"https:\/\/atyges.es\/pt\/tienda\/product\/estacao-multifuncoes-d-rtk-3\/#breadcrumb","itemListElement":[{"@type":"ListItem","position":1,"name":"Portada","item":"https:\/\/atyges.es\/pt\/"},{"@type":"ListItem","position":2,"name":"Produtos","item":"https:\/\/atyges.es\/pt\/shop\/"},{"@type":"ListItem","position":3,"name":"Esta\u00e7\u00e3o multifun\u00e7\u00f5es D-RTK 3"}]},{"@type":"WebSite","@id":"https:\/\/atyges.es\/pt\/#website","url":"https:\/\/atyges.es\/pt\/","name":"ATyges","description":"","publisher":{"@id":"https:\/\/atyges.es\/pt\/#organization"},"potentialAction":[{"@type":"SearchAction","target":{"@type":"EntryPoint","urlTemplate":"https:\/\/atyges.es\/pt\/?s={search_term_string}"},"query-input":{"@type":"PropertyValueSpecification","valueRequired":true,"valueName":"search_term_string"}}],"inLanguage":"pt-PT"},{"@type":"Organization","@id":"https:\/\/atyges.es\/pt\/#organization","name":"Atyges","url":"https:\/\/atyges.es\/pt\/","logo":{"@type":"ImageObject","inLanguage":"pt-PT","@id":"https:\/\/atyges.es\/pt\/#\/schema\/logo\/image\/","url":"https:\/\/atyges.es\/wp-content\/uploads\/2022\/01\/Logo_ATyges_Store.png","contentUrl":"https:\/\/atyges.es\/wp-content\/uploads\/2022\/01\/Logo_ATyges_Store.png","width":1228,"height":200,"caption":"Atyges"},"image":{"@id":"https:\/\/atyges.es\/pt\/#\/schema\/logo\/image\/"}}]}},"jetpack_sharing_enabled":true,"_links":{"self":[{"href":"https:\/\/atyges.es\/pt\/wp-json\/wp\/v2\/product\/39330","targetHints":{"allow":["GET"]}}],"collection":[{"href":"https:\/\/atyges.es\/pt\/wp-json\/wp\/v2\/product"}],"about":[{"href":"https:\/\/atyges.es\/pt\/wp-json\/wp\/v2\/types\/product"}],"wp:featuredmedia":[{"embeddable":true,"href":"https:\/\/atyges.es\/pt\/wp-json\/wp\/v2\/media\/39222"}],"wp:attachment":[{"href":"https:\/\/atyges.es\/pt\/wp-json\/wp\/v2\/media?parent=39330"}],"wp:term":[{"taxonomy":"product_brand","embeddable":true,"href":"https:\/\/atyges.es\/pt\/wp-json\/wp\/v2\/product_brand?post=39330"},{"taxonomy":"product_cat","embeddable":true,"href":"https:\/\/atyges.es\/pt\/wp-json\/wp\/v2\/product_cat?post=39330"},{"taxonomy":"product_tag","embeddable":true,"href":"https:\/\/atyges.es\/pt\/wp-json\/wp\/v2\/product_tag?post=39330"}],"curies":[{"name":"wp","href":"https:\/\/api.w.org\/{rel}","templated":true}]}}