{"id":39328,"date":"2025-01-08T15:20:05","date_gmt":"2025-01-08T14:20:05","guid":{"rendered":"https:\/\/atyges.es\/product\/matrice-4e-worry-free-combo\/"},"modified":"2025-03-02T14:00:27","modified_gmt":"2025-03-02T13:00:27","slug":"matrice-4e-worry-free-combo","status":"publish","type":"product","link":"https:\/\/atyges.es\/pt\/tienda\/product\/matrice-4e-worry-free-combo\/","title":{"rendered":"Matrice 4E &#8211; Worry Free Combo"},"content":{"rendered":"\n\n<div class=\"kk-star-ratings kksr-auto kksr-align-center kksr-valign-bottom\"\n    data-payload='{&quot;align&quot;:&quot;center&quot;,&quot;id&quot;:&quot;39328&quot;,&quot;slug&quot;:&quot;default&quot;,&quot;valign&quot;:&quot;bottom&quot;,&quot;ignore&quot;:&quot;&quot;,&quot;reference&quot;:&quot;auto&quot;,&quot;class&quot;:&quot;&quot;,&quot;count&quot;:&quot;0&quot;,&quot;legendonly&quot;:&quot;&quot;,&quot;readonly&quot;:&quot;&quot;,&quot;score&quot;:&quot;0&quot;,&quot;starsonly&quot;:&quot;&quot;,&quot;best&quot;:&quot;5&quot;,&quot;gap&quot;:&quot;5&quot;,&quot;greet&quot;:&quot;Val\u00f3ranos&quot;,&quot;legend&quot;:&quot;0\\\/5 - (0 votes)&quot;,&quot;size&quot;:&quot;24&quot;,&quot;title&quot;:&quot;Matrice 4E - Worry Free Combo&quot;,&quot;width&quot;:&quot;0&quot;,&quot;_legend&quot;:&quot;{score}\\\/{best} - ({count} {votes})&quot;,&quot;font_factor&quot;:&quot;1.25&quot;}'>\n            \n<div class=\"kksr-stars\">\n    \n<div class=\"kksr-stars-inactive\">\n            <div class=\"kksr-star\" data-star=\"1\" style=\"padding-right: 5px\">\n            \n\n<div class=\"kksr-icon\" style=\"width: 24px; height: 24px;\"><\/div>\n        <\/div>\n            <div class=\"kksr-star\" data-star=\"2\" style=\"padding-right: 5px\">\n            \n\n<div class=\"kksr-icon\" style=\"width: 24px; height: 24px;\"><\/div>\n        <\/div>\n            <div class=\"kksr-star\" data-star=\"3\" style=\"padding-right: 5px\">\n            \n\n<div class=\"kksr-icon\" style=\"width: 24px; height: 24px;\"><\/div>\n        <\/div>\n            <div class=\"kksr-star\" data-star=\"4\" style=\"padding-right: 5px\">\n            \n\n<div class=\"kksr-icon\" style=\"width: 24px; height: 24px;\"><\/div>\n        <\/div>\n            <div class=\"kksr-star\" data-star=\"5\" style=\"padding-right: 5px\">\n            \n\n<div class=\"kksr-icon\" style=\"width: 24px; height: 24px;\"><\/div>\n        <\/div>\n    <\/div>\n    \n<div class=\"kksr-stars-active\" style=\"width: 0px;\">\n            <div class=\"kksr-star\" style=\"padding-right: 5px\">\n            \n\n<div class=\"kksr-icon\" style=\"width: 24px; height: 24px;\"><\/div>\n        <\/div>\n            <div class=\"kksr-star\" style=\"padding-right: 5px\">\n            \n\n<div class=\"kksr-icon\" style=\"width: 24px; height: 24px;\"><\/div>\n        <\/div>\n            <div class=\"kksr-star\" style=\"padding-right: 5px\">\n            \n\n<div class=\"kksr-icon\" style=\"width: 24px; height: 24px;\"><\/div>\n        <\/div>\n            <div class=\"kksr-star\" style=\"padding-right: 5px\">\n            \n\n<div class=\"kksr-icon\" style=\"width: 24px; height: 24px;\"><\/div>\n        <\/div>\n            <div class=\"kksr-star\" style=\"padding-right: 5px\">\n            \n\n<div class=\"kksr-icon\" style=\"width: 24px; height: 24px;\"><\/div>\n        <\/div>\n    <\/div>\n<\/div>\n                \n\n<div class=\"kksr-legend\" style=\"font-size: 19.2px;\">\n            <span class=\"kksr-muted\">Val\u00f3ranos<\/span>\n    <\/div>\n    <\/div>\n","protected":false},"excerpt":{"rendered":"<h1>Matrice 4E<\/h1>\n<p>Equipado com uma c\u00e2mara grande angular CMOS de 4\/3&#8243;, uma telec\u00e2mara de 48MPx e uma telec\u00e2mara m\u00e9dia, com servi\u00e7o de repara\u00e7\u00e3o gratuito gra\u00e7as ao seguro DJI Care Plus inclu\u00eddo de s\u00e9rie.<\/p>\n<p>A Matriz 4E inclui:<\/p>\n<ul>\n<li>1x aeronave DJI Matrice 4E (com RTK integrado).<\/li>\n<li>1x bateria DJI Matrice S\u00e9rie 4.<\/li>\n<li>1x DJI RC Plus 2 Enterprise.<\/li>\n<li>1x Adaptador de alimenta\u00e7\u00e3o DJI USB-C de 100 W.<\/li>\n<li>1x cubo de carregamento DJI Matrice S\u00e9rie 4.<\/li>\n<li>1x cart\u00e3o microSD de 64 GB.<\/li>\n<li>1x protetor estabilizador DJI Matrice 4E.<\/li>\n<li>1x barra para adaptador de 2 c\u00e9lulas DJI.<\/li>\n<li>3x pares de h\u00e9lices DJI Matrice S\u00e9rie 4.<\/li>\n<li>1x cabo adaptador de alimenta\u00e7\u00e3o CA de 100 W.<\/li>\n<li>1x cabo de dados USB-C para USB-C.<\/li>\n<li>1x cabo de dados USB-A para USB-C.<\/li>\n<li>1x Estojo de transporte DJI Matrice S\u00e9rie 4.<\/li>\n<li>1x pega para mala de transporte DJI Matrice S\u00e9rie 4.<\/li>\n<li>1x DJI Terra Pro (licen\u00e7a de 12 meses para processar imagens do seu Matrice 4E).<\/li>\n<li>1x Licen\u00e7a permanente ATygeo PPK M4E para executar cinem\u00e1tica de p\u00f3s-processamento (PPK).<\/li>\n<li>1x Seguro Care Enterprise Plus de 12 meses com repara\u00e7\u00f5es ilimitadas de equipamentos sem franquia.<\/li>\n<\/ul>\n","protected":false},"featured_media":39213,"template":"","meta":[],"product_brand":[],"product_cat":[1287,1874],"product_tag":[1920,1530,1921],"class_list":{"0":"post-39328","1":"product","2":"type-product","3":"status-publish","4":"has-post-thumbnail","6":"product_cat-drones-para-levantamento","7":"product_cat-matrice-4-pt","8":"product_tag-dji-matrice-4e-pt","9":"product_tag-drone-topografico","10":"product_tag-m4e-pt","11":"product_shipping_class-envio-gratuito-para-los-dji-consumer-pt","13":"first","14":"instock","15":"featured","16":"taxable","17":"shipping-taxable","18":"purchasable","19":"product-type-simple"},"yoast_head":"<!-- This site is optimized with the Yoast SEO plugin v27.2 - https:\/\/yoast.com\/product\/yoast-seo-wordpress\/ -->\n<title>DJI Matrice 4E | Levantamento e inspe\u00e7\u00f5es com drones | ATyges \u00ae<\/title>\n<meta name=\"description\" content=\"Matrice 4E \u2b50 Drone compacto da DJI Enterprise para levantamento, mapeamento e inspe\u00e7\u00f5es \u2705\u3010Distribuidores oficiais DJI ATyges\u3011\u2705.\" \/>\n<meta name=\"robots\" content=\"index, follow, max-snippet:-1, max-image-preview:large, max-video-preview:-1\" \/>\n<link rel=\"canonical\" href=\"https:\/\/atyges.es\/pt\/tienda\/product\/matrice-4e-worry-free-combo\/\" \/>\n<meta property=\"og:locale\" content=\"pt_PT\" \/>\n<meta property=\"og:type\" content=\"article\" \/>\n<meta property=\"og:title\" content=\"DJI Matrice 4E | Levantamento e inspe\u00e7\u00f5es com drones | ATyges \u00ae\" \/>\n<meta property=\"og:description\" content=\"Matrice 4E \u2b50 Drone compacto da DJI Enterprise para levantamento, mapeamento e inspe\u00e7\u00f5es \u2705\u3010Distribuidores oficiais DJI ATyges\u3011\u2705.\" \/>\n<meta property=\"og:url\" content=\"https:\/\/atyges.es\/pt\/tienda\/product\/matrice-4e-worry-free-combo\/\" \/>\n<meta property=\"og:site_name\" content=\"ATyges\" \/>\n<meta property=\"article:modified_time\" content=\"2025-03-02T13:00:27+00:00\" \/>\n<meta property=\"og:image\" content=\"https:\/\/atyges.es\/wp-content\/uploads\/2025\/01\/M4E_PRES.webp\" \/>\n\t<meta property=\"og:image:width\" content=\"1280\" \/>\n\t<meta property=\"og:image:height\" content=\"1280\" \/>\n\t<meta property=\"og:image:type\" content=\"image\/webp\" \/>\n<meta name=\"twitter:card\" content=\"summary_large_image\" \/>\n<script type=\"application\/ld+json\" class=\"yoast-schema-graph\">{\"@context\":\"https:\/\/schema.org\",\"@graph\":[{\"@type\":\"WebPage\",\"@id\":\"https:\/\/atyges.es\/pt\/tienda\/product\/matrice-4e-worry-free-combo\/\",\"url\":\"https:\/\/atyges.es\/pt\/tienda\/product\/matrice-4e-worry-free-combo\/\",\"name\":\"DJI Matrice 4E | Levantamento e inspe\u00e7\u00f5es com drones | ATyges \u00ae\",\"isPartOf\":{\"@id\":\"https:\/\/atyges.es\/pt\/#website\"},\"primaryImageOfPage\":{\"@id\":\"https:\/\/atyges.es\/pt\/tienda\/product\/matrice-4e-worry-free-combo\/#primaryimage\"},\"image\":{\"@id\":\"https:\/\/atyges.es\/pt\/tienda\/product\/matrice-4e-worry-free-combo\/#primaryimage\"},\"thumbnailUrl\":\"https:\/\/atyges.es\/wp-content\/uploads\/2025\/01\/M4E_PRES.webp\",\"datePublished\":\"2025-01-08T14:20:05+00:00\",\"dateModified\":\"2025-03-02T13:00:27+00:00\",\"description\":\"Matrice 4E \u2b50 Drone compacto da DJI Enterprise para levantamento, mapeamento e inspe\u00e7\u00f5es \u2705\u3010Distribuidores oficiais DJI ATyges\u3011\u2705.\",\"breadcrumb\":{\"@id\":\"https:\/\/atyges.es\/pt\/tienda\/product\/matrice-4e-worry-free-combo\/#breadcrumb\"},\"inLanguage\":\"pt-PT\",\"potentialAction\":[{\"@type\":\"ReadAction\",\"target\":[\"https:\/\/atyges.es\/pt\/tienda\/product\/matrice-4e-worry-free-combo\/\"]}]},{\"@type\":\"ImageObject\",\"inLanguage\":\"pt-PT\",\"@id\":\"https:\/\/atyges.es\/pt\/tienda\/product\/matrice-4e-worry-free-combo\/#primaryimage\",\"url\":\"https:\/\/atyges.es\/wp-content\/uploads\/2025\/01\/M4E_PRES.webp\",\"contentUrl\":\"https:\/\/atyges.es\/wp-content\/uploads\/2025\/01\/M4E_PRES.webp\",\"width\":1280,\"height\":1280,\"caption\":\"DJI Matrice 4E - Worry Free Combo\"},{\"@type\":\"BreadcrumbList\",\"@id\":\"https:\/\/atyges.es\/pt\/tienda\/product\/matrice-4e-worry-free-combo\/#breadcrumb\",\"itemListElement\":[{\"@type\":\"ListItem\",\"position\":1,\"name\":\"Portada\",\"item\":\"https:\/\/atyges.es\/pt\/\"},{\"@type\":\"ListItem\",\"position\":2,\"name\":\"Produtos\",\"item\":\"https:\/\/atyges.es\/pt\/shop\/\"},{\"@type\":\"ListItem\",\"position\":3,\"name\":\"Matrice 4E &#8211; Worry Free Combo\"}]},{\"@type\":\"WebSite\",\"@id\":\"https:\/\/atyges.es\/pt\/#website\",\"url\":\"https:\/\/atyges.es\/pt\/\",\"name\":\"ATyges\",\"description\":\"\",\"publisher\":{\"@id\":\"https:\/\/atyges.es\/pt\/#organization\"},\"potentialAction\":[{\"@type\":\"SearchAction\",\"target\":{\"@type\":\"EntryPoint\",\"urlTemplate\":\"https:\/\/atyges.es\/pt\/?s={search_term_string}\"},\"query-input\":{\"@type\":\"PropertyValueSpecification\",\"valueRequired\":true,\"valueName\":\"search_term_string\"}}],\"inLanguage\":\"pt-PT\"},{\"@type\":\"Organization\",\"@id\":\"https:\/\/atyges.es\/pt\/#organization\",\"name\":\"Atyges\",\"url\":\"https:\/\/atyges.es\/pt\/\",\"logo\":{\"@type\":\"ImageObject\",\"inLanguage\":\"pt-PT\",\"@id\":\"https:\/\/atyges.es\/pt\/#\/schema\/logo\/image\/\",\"url\":\"https:\/\/atyges.es\/wp-content\/uploads\/2022\/01\/Logo_ATyges_Store.png\",\"contentUrl\":\"https:\/\/atyges.es\/wp-content\/uploads\/2022\/01\/Logo_ATyges_Store.png\",\"width\":1228,\"height\":200,\"caption\":\"Atyges\"},\"image\":{\"@id\":\"https:\/\/atyges.es\/pt\/#\/schema\/logo\/image\/\"}}]}<\/script>\n<!-- \/ Yoast SEO plugin. -->","yoast_head_json":{"title":"DJI Matrice 4E | Levantamento e inspe\u00e7\u00f5es com drones | ATyges \u00ae","description":"Matrice 4E \u2b50 Drone compacto da DJI Enterprise para levantamento, mapeamento e inspe\u00e7\u00f5es \u2705\u3010Distribuidores oficiais DJI ATyges\u3011\u2705.","robots":{"index":"index","follow":"follow","max-snippet":"max-snippet:-1","max-image-preview":"max-image-preview:large","max-video-preview":"max-video-preview:-1"},"canonical":"https:\/\/atyges.es\/pt\/tienda\/product\/matrice-4e-worry-free-combo\/","og_locale":"pt_PT","og_type":"article","og_title":"DJI Matrice 4E | Levantamento e inspe\u00e7\u00f5es com drones | ATyges \u00ae","og_description":"Matrice 4E \u2b50 Drone compacto da DJI Enterprise para levantamento, mapeamento e inspe\u00e7\u00f5es \u2705\u3010Distribuidores oficiais DJI ATyges\u3011\u2705.","og_url":"https:\/\/atyges.es\/pt\/tienda\/product\/matrice-4e-worry-free-combo\/","og_site_name":"ATyges","article_modified_time":"2025-03-02T13:00:27+00:00","og_image":[{"width":1280,"height":1280,"url":"https:\/\/atyges.es\/wp-content\/uploads\/2025\/01\/M4E_PRES.webp","type":"image\/webp"}],"twitter_card":"summary_large_image","schema":{"@context":"https:\/\/schema.org","@graph":[{"@type":"WebPage","@id":"https:\/\/atyges.es\/pt\/tienda\/product\/matrice-4e-worry-free-combo\/","url":"https:\/\/atyges.es\/pt\/tienda\/product\/matrice-4e-worry-free-combo\/","name":"DJI Matrice 4E | Levantamento e inspe\u00e7\u00f5es com drones | ATyges \u00ae","isPartOf":{"@id":"https:\/\/atyges.es\/pt\/#website"},"primaryImageOfPage":{"@id":"https:\/\/atyges.es\/pt\/tienda\/product\/matrice-4e-worry-free-combo\/#primaryimage"},"image":{"@id":"https:\/\/atyges.es\/pt\/tienda\/product\/matrice-4e-worry-free-combo\/#primaryimage"},"thumbnailUrl":"https:\/\/atyges.es\/wp-content\/uploads\/2025\/01\/M4E_PRES.webp","datePublished":"2025-01-08T14:20:05+00:00","dateModified":"2025-03-02T13:00:27+00:00","description":"Matrice 4E \u2b50 Drone compacto da DJI Enterprise para levantamento, mapeamento e inspe\u00e7\u00f5es \u2705\u3010Distribuidores oficiais DJI ATyges\u3011\u2705.","breadcrumb":{"@id":"https:\/\/atyges.es\/pt\/tienda\/product\/matrice-4e-worry-free-combo\/#breadcrumb"},"inLanguage":"pt-PT","potentialAction":[{"@type":"ReadAction","target":["https:\/\/atyges.es\/pt\/tienda\/product\/matrice-4e-worry-free-combo\/"]}]},{"@type":"ImageObject","inLanguage":"pt-PT","@id":"https:\/\/atyges.es\/pt\/tienda\/product\/matrice-4e-worry-free-combo\/#primaryimage","url":"https:\/\/atyges.es\/wp-content\/uploads\/2025\/01\/M4E_PRES.webp","contentUrl":"https:\/\/atyges.es\/wp-content\/uploads\/2025\/01\/M4E_PRES.webp","width":1280,"height":1280,"caption":"DJI Matrice 4E - Worry Free Combo"},{"@type":"BreadcrumbList","@id":"https:\/\/atyges.es\/pt\/tienda\/product\/matrice-4e-worry-free-combo\/#breadcrumb","itemListElement":[{"@type":"ListItem","position":1,"name":"Portada","item":"https:\/\/atyges.es\/pt\/"},{"@type":"ListItem","position":2,"name":"Produtos","item":"https:\/\/atyges.es\/pt\/shop\/"},{"@type":"ListItem","position":3,"name":"Matrice 4E &#8211; Worry Free Combo"}]},{"@type":"WebSite","@id":"https:\/\/atyges.es\/pt\/#website","url":"https:\/\/atyges.es\/pt\/","name":"ATyges","description":"","publisher":{"@id":"https:\/\/atyges.es\/pt\/#organization"},"potentialAction":[{"@type":"SearchAction","target":{"@type":"EntryPoint","urlTemplate":"https:\/\/atyges.es\/pt\/?s={search_term_string}"},"query-input":{"@type":"PropertyValueSpecification","valueRequired":true,"valueName":"search_term_string"}}],"inLanguage":"pt-PT"},{"@type":"Organization","@id":"https:\/\/atyges.es\/pt\/#organization","name":"Atyges","url":"https:\/\/atyges.es\/pt\/","logo":{"@type":"ImageObject","inLanguage":"pt-PT","@id":"https:\/\/atyges.es\/pt\/#\/schema\/logo\/image\/","url":"https:\/\/atyges.es\/wp-content\/uploads\/2022\/01\/Logo_ATyges_Store.png","contentUrl":"https:\/\/atyges.es\/wp-content\/uploads\/2022\/01\/Logo_ATyges_Store.png","width":1228,"height":200,"caption":"Atyges"},"image":{"@id":"https:\/\/atyges.es\/pt\/#\/schema\/logo\/image\/"}}]}},"jetpack_sharing_enabled":true,"_links":{"self":[{"href":"https:\/\/atyges.es\/pt\/wp-json\/wp\/v2\/product\/39328","targetHints":{"allow":["GET"]}}],"collection":[{"href":"https:\/\/atyges.es\/pt\/wp-json\/wp\/v2\/product"}],"about":[{"href":"https:\/\/atyges.es\/pt\/wp-json\/wp\/v2\/types\/product"}],"wp:featuredmedia":[{"embeddable":true,"href":"https:\/\/atyges.es\/pt\/wp-json\/wp\/v2\/media\/39213"}],"wp:attachment":[{"href":"https:\/\/atyges.es\/pt\/wp-json\/wp\/v2\/media?parent=39328"}],"wp:term":[{"taxonomy":"product_brand","embeddable":true,"href":"https:\/\/atyges.es\/pt\/wp-json\/wp\/v2\/product_brand?post=39328"},{"taxonomy":"product_cat","embeddable":true,"href":"https:\/\/atyges.es\/pt\/wp-json\/wp\/v2\/product_cat?post=39328"},{"taxonomy":"product_tag","embeddable":true,"href":"https:\/\/atyges.es\/pt\/wp-json\/wp\/v2\/product_tag?post=39328"}],"curies":[{"name":"wp","href":"https:\/\/api.w.org\/{rel}","templated":true}]}}