{"id":38650,"date":"2024-11-24T22:32:01","date_gmt":"2024-11-24T21:32:01","guid":{"rendered":"https:\/\/atyges.es\/?post_type=product&#038;p=38650"},"modified":"2024-12-13T22:45:19","modified_gmt":"2024-12-13T21:45:19","slug":"dji-mavic-3t-inspecoes-tecnicas-do-pacote-copy","status":"publish","type":"product","link":"https:\/\/atyges.es\/pt\/tienda\/product\/dji-mavic-3t-pack-inspecoes\/","title":{"rendered":"DJI Mavic 3T &#8211; Pack Inspe\u00e7\u00f5es"},"content":{"rendered":"\n\n<div class=\"kk-star-ratings kksr-auto kksr-align-center kksr-valign-bottom\"\n    data-payload='{&quot;align&quot;:&quot;center&quot;,&quot;id&quot;:&quot;38650&quot;,&quot;slug&quot;:&quot;default&quot;,&quot;valign&quot;:&quot;bottom&quot;,&quot;ignore&quot;:&quot;&quot;,&quot;reference&quot;:&quot;auto&quot;,&quot;class&quot;:&quot;&quot;,&quot;count&quot;:&quot;0&quot;,&quot;legendonly&quot;:&quot;&quot;,&quot;readonly&quot;:&quot;&quot;,&quot;score&quot;:&quot;0&quot;,&quot;starsonly&quot;:&quot;&quot;,&quot;best&quot;:&quot;5&quot;,&quot;gap&quot;:&quot;5&quot;,&quot;greet&quot;:&quot;Val\u00f3ranos&quot;,&quot;legend&quot;:&quot;0\\\/5 - (0 votes)&quot;,&quot;size&quot;:&quot;24&quot;,&quot;title&quot;:&quot;DJI Mavic 3T - Pack Inspe\u00e7\u00f5es&quot;,&quot;width&quot;:&quot;0&quot;,&quot;_legend&quot;:&quot;{score}\\\/{best} - ({count} {votes})&quot;,&quot;font_factor&quot;:&quot;1.25&quot;}'>\n            \n<div class=\"kksr-stars\">\n    \n<div class=\"kksr-stars-inactive\">\n            <div class=\"kksr-star\" data-star=\"1\" style=\"padding-right: 5px\">\n            \n\n<div class=\"kksr-icon\" style=\"width: 24px; height: 24px;\"><\/div>\n        <\/div>\n            <div class=\"kksr-star\" data-star=\"2\" style=\"padding-right: 5px\">\n            \n\n<div class=\"kksr-icon\" style=\"width: 24px; height: 24px;\"><\/div>\n        <\/div>\n            <div class=\"kksr-star\" data-star=\"3\" style=\"padding-right: 5px\">\n            \n\n<div class=\"kksr-icon\" style=\"width: 24px; height: 24px;\"><\/div>\n        <\/div>\n            <div class=\"kksr-star\" data-star=\"4\" style=\"padding-right: 5px\">\n            \n\n<div class=\"kksr-icon\" style=\"width: 24px; height: 24px;\"><\/div>\n        <\/div>\n            <div class=\"kksr-star\" data-star=\"5\" style=\"padding-right: 5px\">\n            \n\n<div class=\"kksr-icon\" style=\"width: 24px; height: 24px;\"><\/div>\n        <\/div>\n    <\/div>\n    \n<div class=\"kksr-stars-active\" style=\"width: 0px;\">\n            <div class=\"kksr-star\" style=\"padding-right: 5px\">\n            \n\n<div class=\"kksr-icon\" style=\"width: 24px; height: 24px;\"><\/div>\n        <\/div>\n            <div class=\"kksr-star\" style=\"padding-right: 5px\">\n            \n\n<div class=\"kksr-icon\" style=\"width: 24px; height: 24px;\"><\/div>\n        <\/div>\n            <div class=\"kksr-star\" style=\"padding-right: 5px\">\n            \n\n<div class=\"kksr-icon\" style=\"width: 24px; height: 24px;\"><\/div>\n        <\/div>\n            <div class=\"kksr-star\" style=\"padding-right: 5px\">\n            \n\n<div class=\"kksr-icon\" style=\"width: 24px; height: 24px;\"><\/div>\n        <\/div>\n            <div class=\"kksr-star\" style=\"padding-right: 5px\">\n            \n\n<div class=\"kksr-icon\" style=\"width: 24px; height: 24px;\"><\/div>\n        <\/div>\n    <\/div>\n<\/div>\n                \n\n<div class=\"kksr-legend\" style=\"font-size: 19.2px;\">\n            <span class=\"kksr-muted\">Val\u00f3ranos<\/span>\n    <\/div>\n    <\/div>\n","protected":false},"excerpt":{"rendered":"<h1>DJI Mavic 3T &#8211; Pack inspe\u00e7\u00f5es<\/h1>\n<p>O kit completo para realizar an\u00e1lises de campos solares e outras instala\u00e7\u00f5es gra\u00e7as ao seu sensor duplo RGB e t\u00e9rmico que permite realizar levantamentos e digitalizados t\u00e9rmicos para comprovar a sa\u00fade das instala\u00e7\u00f5es e a dete\u00e7\u00e3o de pontos quentes que incluem os seguintes elementos:<\/p>\n<ul>\n<li>1 Drone <a href=\"https:\/\/atyges.es\/pt\/product\/dji-mavic-3t-pacote-basico\/\">DJI Mavic 3T<\/a>.<\/li>\n<li>1 <a href=\"https:\/\/atyges.es\/pt\/product\/kit-de-bateria-dji-mavic-3-enterprise-series\/\">Kit de baterias Mavic 3E<\/a>, que inclui tr\u00eas baterias e um centro de carregamento de baterias de 100W.<\/li>\n<li>1 licen\u00e7a permanente de <a href=\"https:\/\/atyges.es\/pt\/produto\/atygeo-thermal-m3t-pt\/\">ATygeo Thermal M3T<\/a> para facilitar a gera\u00e7\u00e3o de ortomosaicos t\u00e9rmicos radiom\u00e9tricos.<\/li>\n<li>1 curso de forma\u00e7\u00e3o personalizado de todas as ferramentas de hardware e software que comp\u00f5em o pacote.<\/li>\n<\/ul>\n","protected":false},"featured_media":38934,"template":"","meta":[],"product_brand":[],"product_cat":[1288,1518,1283],"product_tag":[1528,1479,1488,1529,1527,1406],"class_list":{"0":"post-38650","1":"product","2":"type-product","3":"status-publish","4":"has-post-thumbnail","6":"product_cat-drones-para-inspecoes-tecnicas","7":"product_cat-mavic-3-enterprise-pt","8":"product_cat-promocoes-e-ofertas","9":"product_tag-drone-de-resgate","10":"product_tag-drone-de-seguranca","11":"product_tag-drone-de-termografia","12":"product_tag-drone-industrial","13":"product_tag-m3t-pt","14":"product_tag-rtk-pt","15":"product_shipping_class-envio-gratuito-para-los-dji-consumer-pt","17":"first","18":"outofstock","19":"sale","20":"taxable","21":"shipping-taxable","22":"purchasable","23":"product-type-simple"},"yoast_head":"<!-- This site is optimized with the Yoast SEO plugin v27.2 - https:\/\/yoast.com\/product\/yoast-seo-wordpress\/ -->\n<title>Mavic 3T | Pacote para inspe\u00e7\u00f5es | ATyges\u00ae<\/title>\n<meta name=\"description\" content=\"Promo\u00e7\u00e3o especial - Kit completo para an\u00e1lise de campos solares e instala\u00e7\u00f5es com imagens RGB e t\u00e9rmicas com dron \u2b50 DJI Mavic 3T + ATygeo Therml M3T + Forma\u00e7\u00e3o \u2705\u3010ATyges Distribuidores Oficiales DJI ]\u2705\" \/>\n<meta name=\"robots\" content=\"index, follow, max-snippet:-1, max-image-preview:large, max-video-preview:-1\" \/>\n<link rel=\"canonical\" href=\"https:\/\/atyges.es\/pt\/tienda\/product\/dji-mavic-3t-pack-inspecoes\/\" \/>\n<meta property=\"og:locale\" content=\"pt_PT\" \/>\n<meta property=\"og:type\" content=\"article\" \/>\n<meta property=\"og:title\" content=\"Mavic 3T | Pacote para inspe\u00e7\u00f5es | ATyges\u00ae\" \/>\n<meta property=\"og:description\" content=\"Promo\u00e7\u00e3o especial - Kit completo para an\u00e1lise de campos solares e instala\u00e7\u00f5es com imagens RGB e t\u00e9rmicas com dron \u2b50 DJI Mavic 3T + ATygeo Therml M3T + Forma\u00e7\u00e3o \u2705\u3010ATyges Distribuidores Oficiales DJI ]\u2705\" \/>\n<meta property=\"og:url\" content=\"https:\/\/atyges.es\/pt\/tienda\/product\/dji-mavic-3t-pack-inspecoes\/\" \/>\n<meta property=\"og:site_name\" content=\"ATyges\" \/>\n<meta property=\"article:modified_time\" content=\"2024-12-13T21:45:19+00:00\" \/>\n<meta property=\"og:image\" content=\"https:\/\/atyges.es\/wp-content\/uploads\/2024\/11\/KIT-M3TAT.jpg\" \/>\n\t<meta property=\"og:image:width\" content=\"400\" \/>\n\t<meta property=\"og:image:height\" content=\"400\" \/>\n\t<meta property=\"og:image:type\" content=\"image\/jpeg\" \/>\n<meta name=\"twitter:card\" content=\"summary_large_image\" \/>\n<script type=\"application\/ld+json\" class=\"yoast-schema-graph\">{\"@context\":\"https:\/\/schema.org\",\"@graph\":[{\"@type\":\"WebPage\",\"@id\":\"https:\/\/atyges.es\/pt\/tienda\/product\/dji-mavic-3t-pack-inspecoes\/\",\"url\":\"https:\/\/atyges.es\/pt\/tienda\/product\/dji-mavic-3t-pack-inspecoes\/\",\"name\":\"Mavic 3T | Pacote para inspe\u00e7\u00f5es | ATyges\u00ae\",\"isPartOf\":{\"@id\":\"https:\/\/atyges.es\/pt\/#website\"},\"primaryImageOfPage\":{\"@id\":\"https:\/\/atyges.es\/pt\/tienda\/product\/dji-mavic-3t-pack-inspecoes\/#primaryimage\"},\"image\":{\"@id\":\"https:\/\/atyges.es\/pt\/tienda\/product\/dji-mavic-3t-pack-inspecoes\/#primaryimage\"},\"thumbnailUrl\":\"https:\/\/atyges.es\/wp-content\/uploads\/2024\/11\/KIT-M3TAT.jpg\",\"datePublished\":\"2024-11-24T21:32:01+00:00\",\"dateModified\":\"2024-12-13T21:45:19+00:00\",\"description\":\"Promo\u00e7\u00e3o especial - Kit completo para an\u00e1lise de campos solares e instala\u00e7\u00f5es com imagens RGB e t\u00e9rmicas com dron \u2b50 DJI Mavic 3T + ATygeo Therml M3T + Forma\u00e7\u00e3o \u2705\u3010ATyges Distribuidores Oficiales DJI ]\u2705\",\"breadcrumb\":{\"@id\":\"https:\/\/atyges.es\/pt\/tienda\/product\/dji-mavic-3t-pack-inspecoes\/#breadcrumb\"},\"inLanguage\":\"pt-PT\",\"potentialAction\":[{\"@type\":\"ReadAction\",\"target\":[\"https:\/\/atyges.es\/pt\/tienda\/product\/dji-mavic-3t-pack-inspecoes\/\"]}]},{\"@type\":\"ImageObject\",\"inLanguage\":\"pt-PT\",\"@id\":\"https:\/\/atyges.es\/pt\/tienda\/product\/dji-mavic-3t-pack-inspecoes\/#primaryimage\",\"url\":\"https:\/\/atyges.es\/wp-content\/uploads\/2024\/11\/KIT-M3TAT.jpg\",\"contentUrl\":\"https:\/\/atyges.es\/wp-content\/uploads\/2024\/11\/KIT-M3TAT.jpg\",\"width\":400,\"height\":400,\"caption\":\"Mavic 3T -Inspecciones - Promo\"},{\"@type\":\"BreadcrumbList\",\"@id\":\"https:\/\/atyges.es\/pt\/tienda\/product\/dji-mavic-3t-pack-inspecoes\/#breadcrumb\",\"itemListElement\":[{\"@type\":\"ListItem\",\"position\":1,\"name\":\"Portada\",\"item\":\"https:\/\/atyges.es\/pt\/\"},{\"@type\":\"ListItem\",\"position\":2,\"name\":\"Produtos\",\"item\":\"https:\/\/atyges.es\/pt\/shop\/\"},{\"@type\":\"ListItem\",\"position\":3,\"name\":\"DJI Mavic 3T &#8211; Pack Inspe\u00e7\u00f5es\"}]},{\"@type\":\"WebSite\",\"@id\":\"https:\/\/atyges.es\/pt\/#website\",\"url\":\"https:\/\/atyges.es\/pt\/\",\"name\":\"ATyges\",\"description\":\"\",\"publisher\":{\"@id\":\"https:\/\/atyges.es\/pt\/#organization\"},\"potentialAction\":[{\"@type\":\"SearchAction\",\"target\":{\"@type\":\"EntryPoint\",\"urlTemplate\":\"https:\/\/atyges.es\/pt\/?s={search_term_string}\"},\"query-input\":{\"@type\":\"PropertyValueSpecification\",\"valueRequired\":true,\"valueName\":\"search_term_string\"}}],\"inLanguage\":\"pt-PT\"},{\"@type\":\"Organization\",\"@id\":\"https:\/\/atyges.es\/pt\/#organization\",\"name\":\"Atyges\",\"url\":\"https:\/\/atyges.es\/pt\/\",\"logo\":{\"@type\":\"ImageObject\",\"inLanguage\":\"pt-PT\",\"@id\":\"https:\/\/atyges.es\/pt\/#\/schema\/logo\/image\/\",\"url\":\"https:\/\/atyges.es\/wp-content\/uploads\/2022\/01\/Logo_ATyges_Store.png\",\"contentUrl\":\"https:\/\/atyges.es\/wp-content\/uploads\/2022\/01\/Logo_ATyges_Store.png\",\"width\":1228,\"height\":200,\"caption\":\"Atyges\"},\"image\":{\"@id\":\"https:\/\/atyges.es\/pt\/#\/schema\/logo\/image\/\"}}]}<\/script>\n<!-- \/ Yoast SEO plugin. -->","yoast_head_json":{"title":"Mavic 3T | Pacote para inspe\u00e7\u00f5es | ATyges\u00ae","description":"Promo\u00e7\u00e3o especial - Kit completo para an\u00e1lise de campos solares e instala\u00e7\u00f5es com imagens RGB e t\u00e9rmicas com dron \u2b50 DJI Mavic 3T + ATygeo Therml M3T + Forma\u00e7\u00e3o \u2705\u3010ATyges Distribuidores Oficiales DJI ]\u2705","robots":{"index":"index","follow":"follow","max-snippet":"max-snippet:-1","max-image-preview":"max-image-preview:large","max-video-preview":"max-video-preview:-1"},"canonical":"https:\/\/atyges.es\/pt\/tienda\/product\/dji-mavic-3t-pack-inspecoes\/","og_locale":"pt_PT","og_type":"article","og_title":"Mavic 3T | Pacote para inspe\u00e7\u00f5es | ATyges\u00ae","og_description":"Promo\u00e7\u00e3o especial - Kit completo para an\u00e1lise de campos solares e instala\u00e7\u00f5es com imagens RGB e t\u00e9rmicas com dron \u2b50 DJI Mavic 3T + ATygeo Therml M3T + Forma\u00e7\u00e3o \u2705\u3010ATyges Distribuidores Oficiales DJI ]\u2705","og_url":"https:\/\/atyges.es\/pt\/tienda\/product\/dji-mavic-3t-pack-inspecoes\/","og_site_name":"ATyges","article_modified_time":"2024-12-13T21:45:19+00:00","og_image":[{"width":400,"height":400,"url":"https:\/\/atyges.es\/wp-content\/uploads\/2024\/11\/KIT-M3TAT.jpg","type":"image\/jpeg"}],"twitter_card":"summary_large_image","schema":{"@context":"https:\/\/schema.org","@graph":[{"@type":"WebPage","@id":"https:\/\/atyges.es\/pt\/tienda\/product\/dji-mavic-3t-pack-inspecoes\/","url":"https:\/\/atyges.es\/pt\/tienda\/product\/dji-mavic-3t-pack-inspecoes\/","name":"Mavic 3T | Pacote para inspe\u00e7\u00f5es | ATyges\u00ae","isPartOf":{"@id":"https:\/\/atyges.es\/pt\/#website"},"primaryImageOfPage":{"@id":"https:\/\/atyges.es\/pt\/tienda\/product\/dji-mavic-3t-pack-inspecoes\/#primaryimage"},"image":{"@id":"https:\/\/atyges.es\/pt\/tienda\/product\/dji-mavic-3t-pack-inspecoes\/#primaryimage"},"thumbnailUrl":"https:\/\/atyges.es\/wp-content\/uploads\/2024\/11\/KIT-M3TAT.jpg","datePublished":"2024-11-24T21:32:01+00:00","dateModified":"2024-12-13T21:45:19+00:00","description":"Promo\u00e7\u00e3o especial - Kit completo para an\u00e1lise de campos solares e instala\u00e7\u00f5es com imagens RGB e t\u00e9rmicas com dron \u2b50 DJI Mavic 3T + ATygeo Therml M3T + Forma\u00e7\u00e3o \u2705\u3010ATyges Distribuidores Oficiales DJI ]\u2705","breadcrumb":{"@id":"https:\/\/atyges.es\/pt\/tienda\/product\/dji-mavic-3t-pack-inspecoes\/#breadcrumb"},"inLanguage":"pt-PT","potentialAction":[{"@type":"ReadAction","target":["https:\/\/atyges.es\/pt\/tienda\/product\/dji-mavic-3t-pack-inspecoes\/"]}]},{"@type":"ImageObject","inLanguage":"pt-PT","@id":"https:\/\/atyges.es\/pt\/tienda\/product\/dji-mavic-3t-pack-inspecoes\/#primaryimage","url":"https:\/\/atyges.es\/wp-content\/uploads\/2024\/11\/KIT-M3TAT.jpg","contentUrl":"https:\/\/atyges.es\/wp-content\/uploads\/2024\/11\/KIT-M3TAT.jpg","width":400,"height":400,"caption":"Mavic 3T -Inspecciones - Promo"},{"@type":"BreadcrumbList","@id":"https:\/\/atyges.es\/pt\/tienda\/product\/dji-mavic-3t-pack-inspecoes\/#breadcrumb","itemListElement":[{"@type":"ListItem","position":1,"name":"Portada","item":"https:\/\/atyges.es\/pt\/"},{"@type":"ListItem","position":2,"name":"Produtos","item":"https:\/\/atyges.es\/pt\/shop\/"},{"@type":"ListItem","position":3,"name":"DJI Mavic 3T &#8211; Pack Inspe\u00e7\u00f5es"}]},{"@type":"WebSite","@id":"https:\/\/atyges.es\/pt\/#website","url":"https:\/\/atyges.es\/pt\/","name":"ATyges","description":"","publisher":{"@id":"https:\/\/atyges.es\/pt\/#organization"},"potentialAction":[{"@type":"SearchAction","target":{"@type":"EntryPoint","urlTemplate":"https:\/\/atyges.es\/pt\/?s={search_term_string}"},"query-input":{"@type":"PropertyValueSpecification","valueRequired":true,"valueName":"search_term_string"}}],"inLanguage":"pt-PT"},{"@type":"Organization","@id":"https:\/\/atyges.es\/pt\/#organization","name":"Atyges","url":"https:\/\/atyges.es\/pt\/","logo":{"@type":"ImageObject","inLanguage":"pt-PT","@id":"https:\/\/atyges.es\/pt\/#\/schema\/logo\/image\/","url":"https:\/\/atyges.es\/wp-content\/uploads\/2022\/01\/Logo_ATyges_Store.png","contentUrl":"https:\/\/atyges.es\/wp-content\/uploads\/2022\/01\/Logo_ATyges_Store.png","width":1228,"height":200,"caption":"Atyges"},"image":{"@id":"https:\/\/atyges.es\/pt\/#\/schema\/logo\/image\/"}}]}},"jetpack_sharing_enabled":true,"_links":{"self":[{"href":"https:\/\/atyges.es\/pt\/wp-json\/wp\/v2\/product\/38650","targetHints":{"allow":["GET"]}}],"collection":[{"href":"https:\/\/atyges.es\/pt\/wp-json\/wp\/v2\/product"}],"about":[{"href":"https:\/\/atyges.es\/pt\/wp-json\/wp\/v2\/types\/product"}],"wp:featuredmedia":[{"embeddable":true,"href":"https:\/\/atyges.es\/pt\/wp-json\/wp\/v2\/media\/38934"}],"wp:attachment":[{"href":"https:\/\/atyges.es\/pt\/wp-json\/wp\/v2\/media?parent=38650"}],"wp:term":[{"taxonomy":"product_brand","embeddable":true,"href":"https:\/\/atyges.es\/pt\/wp-json\/wp\/v2\/product_brand?post=38650"},{"taxonomy":"product_cat","embeddable":true,"href":"https:\/\/atyges.es\/pt\/wp-json\/wp\/v2\/product_cat?post=38650"},{"taxonomy":"product_tag","embeddable":true,"href":"https:\/\/atyges.es\/pt\/wp-json\/wp\/v2\/product_tag?post=38650"}],"curies":[{"name":"wp","href":"https:\/\/api.w.org\/{rel}","templated":true}]}}