{"id":38645,"date":"2024-11-24T21:34:42","date_gmt":"2024-11-24T20:34:42","guid":{"rendered":"https:\/\/atyges.es\/product\/dji-mavic-3m-pack-agro-gps\/"},"modified":"2024-12-13T22:52:48","modified_gmt":"2024-12-13T21:52:48","slug":"dji-mavic-3m-pack-agro-gps","status":"publish","type":"product","link":"https:\/\/atyges.es\/pt\/tienda\/product\/dji-mavic-3m-pack-agro-gps\/","title":{"rendered":"DJI Mavic 3M &#8211; Pack Agro GPS"},"content":{"rendered":"\n\n<div class=\"kk-star-ratings kksr-auto kksr-align-center kksr-valign-bottom\"\n    data-payload='{&quot;align&quot;:&quot;center&quot;,&quot;id&quot;:&quot;38645&quot;,&quot;slug&quot;:&quot;default&quot;,&quot;valign&quot;:&quot;bottom&quot;,&quot;ignore&quot;:&quot;&quot;,&quot;reference&quot;:&quot;auto&quot;,&quot;class&quot;:&quot;&quot;,&quot;count&quot;:&quot;0&quot;,&quot;legendonly&quot;:&quot;&quot;,&quot;readonly&quot;:&quot;&quot;,&quot;score&quot;:&quot;0&quot;,&quot;starsonly&quot;:&quot;&quot;,&quot;best&quot;:&quot;5&quot;,&quot;gap&quot;:&quot;5&quot;,&quot;greet&quot;:&quot;Val\u00f3ranos&quot;,&quot;legend&quot;:&quot;0\\\/5 - (0 votes)&quot;,&quot;size&quot;:&quot;24&quot;,&quot;title&quot;:&quot;DJI Mavic 3M - Pack Agro GPS&quot;,&quot;width&quot;:&quot;0&quot;,&quot;_legend&quot;:&quot;{score}\\\/{best} - ({count} {votes})&quot;,&quot;font_factor&quot;:&quot;1.25&quot;}'>\n            \n<div class=\"kksr-stars\">\n    \n<div class=\"kksr-stars-inactive\">\n            <div class=\"kksr-star\" data-star=\"1\" style=\"padding-right: 5px\">\n            \n\n<div class=\"kksr-icon\" style=\"width: 24px; height: 24px;\"><\/div>\n        <\/div>\n            <div class=\"kksr-star\" data-star=\"2\" style=\"padding-right: 5px\">\n            \n\n<div class=\"kksr-icon\" style=\"width: 24px; height: 24px;\"><\/div>\n        <\/div>\n            <div class=\"kksr-star\" data-star=\"3\" style=\"padding-right: 5px\">\n            \n\n<div class=\"kksr-icon\" style=\"width: 24px; height: 24px;\"><\/div>\n        <\/div>\n            <div class=\"kksr-star\" data-star=\"4\" style=\"padding-right: 5px\">\n            \n\n<div class=\"kksr-icon\" style=\"width: 24px; height: 24px;\"><\/div>\n        <\/div>\n            <div class=\"kksr-star\" data-star=\"5\" style=\"padding-right: 5px\">\n            \n\n<div class=\"kksr-icon\" style=\"width: 24px; height: 24px;\"><\/div>\n        <\/div>\n    <\/div>\n    \n<div class=\"kksr-stars-active\" style=\"width: 0px;\">\n            <div class=\"kksr-star\" style=\"padding-right: 5px\">\n            \n\n<div class=\"kksr-icon\" style=\"width: 24px; height: 24px;\"><\/div>\n        <\/div>\n            <div class=\"kksr-star\" style=\"padding-right: 5px\">\n            \n\n<div class=\"kksr-icon\" style=\"width: 24px; height: 24px;\"><\/div>\n        <\/div>\n            <div class=\"kksr-star\" style=\"padding-right: 5px\">\n            \n\n<div class=\"kksr-icon\" style=\"width: 24px; height: 24px;\"><\/div>\n        <\/div>\n            <div class=\"kksr-star\" style=\"padding-right: 5px\">\n            \n\n<div class=\"kksr-icon\" style=\"width: 24px; height: 24px;\"><\/div>\n        <\/div>\n            <div class=\"kksr-star\" style=\"padding-right: 5px\">\n            \n\n<div class=\"kksr-icon\" style=\"width: 24px; height: 24px;\"><\/div>\n        <\/div>\n    <\/div>\n<\/div>\n                \n\n<div class=\"kksr-legend\" style=\"font-size: 19.2px;\">\n            <span class=\"kksr-muted\">Val\u00f3ranos<\/span>\n    <\/div>\n    <\/div>\n","protected":false},"excerpt":{"rendered":"<h1>DJI Mavic 3M &#8211; Pack Agro GPS<\/h1>\n<p>O kit completo para realizar an\u00e1lises de campo gra\u00e7as ao seu duplo sensor RGB e multiespectral que permite levantamentos topogr\u00e1ficos e gera\u00e7\u00e3o de \u00edndices agron\u00f3micos para controlar profissionalmente a sa\u00fade das culturas com um drone que inclui os seguintes elementos:<\/p>\n<ul>\n<li><span class=\"HwtZe\" jsaction=\"mouseup:Sxi9L,BR6jm; mousedown:qjlr0e\" jsname=\"jqKxS\" lang=\"pt-PT\"><span jsaction=\"agoMJf:PFBcW;MZfLnc:P7O7bd;nt4Alf:pvnm0e,pfE8Hb,PFBcW;B01qod:dJXsye;H1e5u:iXtTIf;lYIUJf:hij5Wb\" jsname=\"txFAF\" class=\"jCAhz ChMk0b\" jscontroller=\"BiTO4b\"><span class=\"ryNqvb\" jsname=\"W297wb\" jsaction=\"click:PDNqTc,GFf3ac,qlVvte;contextmenu:Nqw7Te,QP7LD; mouseout:Nqw7Te; mouseover:PDNqTc,c2aHje\">1 drone <a href=\"https:\/\/atyges.es\/pt\/product\/dji-mavic-3m\/\">DJI Mavic 3M<\/a> com m\u00f3dulo RTK inclu\u00eddo. <\/span><\/span><\/span><\/li>\n<li><span class=\"HwtZe\" jsaction=\"mouseup:Sxi9L,BR6jm; mousedown:qjlr0e\" jsname=\"jqKxS\" lang=\"pt-PT\"><span jsaction=\"agoMJf:PFBcW;MZfLnc:P7O7bd;nt4Alf:pvnm0e,pfE8Hb,PFBcW;B01qod:dJXsye;H1e5u:iXtTIf;lYIUJf:hij5Wb\" jsname=\"txFAF\" class=\"jCAhz ChMk0b\" jscontroller=\"BiTO4b\"><span class=\"ryNqvb\" jsname=\"W297wb\" jsaction=\"click:PDNqTc,GFf3ac,qlVvte;contextmenu:Nqw7Te,QP7LD; mouseout:Nqw7Te; mouseover:PDNqTc,c2aHje\">1 <a href=\"https:\/\/atyges.es\/pt\/product\/kit-de-bateria-dji-mavic-3-enterprise-series\/\">Kit de bateria Mavic 3E<\/a>, que inclui tr\u00eas baterias e um centro de carregamento de bateria de 100 W. <\/span><\/span><\/span><\/li>\n<li><span class=\"HwtZe\" jsaction=\"mouseup:Sxi9L,BR6jm; mousedown:qjlr0e\" jsname=\"jqKxS\" lang=\"pt-PT\"><span jsaction=\"agoMJf:PFBcW;MZfLnc:P7O7bd;nt4Alf:pvnm0e,pfE8Hb,PFBcW;B01qod:dJXsye;H1e5u:iXtTIf;lYIUJf:hij5Wb\" jsname=\"txFAF\" class=\"jCAhz ChMk0b\" jscontroller=\"BiTO4b\"><span class=\"ryNqvb\" jsname=\"W297wb\" jsaction=\"click:PDNqTc,GFf3ac,qlVvte;contextmenu:Nqw7Te,QP7LD; mouseout:Nqw7Te; mouseover:PDNqTc,c2aHje\">1 Receptor <a href=\"https:\/\/atyges.es\/pt\/tienda\/product\/gps-emlid-reach-rs3\/\">GPS GNSS Reach RS3<\/a> com inclin\u00f3metro integrado que pode utilizar: <\/span><\/span><\/span>\n<ul>\n<li><span class=\"HwtZe\" jsaction=\"mouseup:Sxi9L,BR6jm; mousedown:qjlr0e\" jsname=\"jqKxS\" lang=\"pt-PT\"><span jsaction=\"agoMJf:PFBcW;MZfLnc:P7O7bd;nt4Alf:pvnm0e,pfE8Hb,PFBcW;B01qod:dJXsye;H1e5u:iXtTIf;lYIUJf:hij5Wb\" jsname=\"txFAF\" class=\"jCAhz\" jscontroller=\"BiTO4b\"><span class=\"ryNqvb\" jsname=\"W297wb\" jsaction=\"click:PDNqTc,GFf3ac,qlVvte;contextmenu:Nqw7Te,QP7LD; mouseout:Nqw7Te; mouseover:PDNqTc,c2aHje\">Como esta\u00e7\u00e3o de refer\u00eancia drone (para trabalhar em modo RTK ou modo PPK) em \u00e1reas com baixa cobertura de sinal telef\u00f3nico ou sem cobertura de esta\u00e7\u00f5es de refer\u00eancia externas. <\/span><\/span><\/span><\/li>\n<li><span class=\"HwtZe\" jsaction=\"mouseup:Sxi9L,BR6jm; mousedown:qjlr0e\" jsname=\"jqKxS\" lang=\"pt-PT\"><span jsaction=\"agoMJf:PFBcW;MZfLnc:P7O7bd;nt4Alf:pvnm0e,pfE8Hb,PFBcW;B01qod:dJXsye;H1e5u:iXtTIf;lYIUJf:hij5Wb\" jsname=\"txFAF\" class=\"jCAhz\" jscontroller=\"BiTO4b\"><span class=\"ryNqvb\" jsname=\"W297wb\" jsaction=\"click:PDNqTc,GFf3ac,qlVvte;contextmenu:Nqw7Te,QP7LD; mouseout:Nqw7Te; mouseover:PDNqTc,c2aHje\">Como GPS topogr\u00e1fico para tomar pontos de controlo e\/ou apoio no terreno. <\/span><\/span><\/span><\/li>\n<li><span class=\"HwtZe\" jsaction=\"mouseup:Sxi9L,BR6jm; mousedown:qjlr0e\" jsname=\"jqKxS\" lang=\"pt-PT\"><span jsaction=\"agoMJf:PFBcW;MZfLnc:P7O7bd;nt4Alf:pvnm0e,pfE8Hb,PFBcW;B01qod:dJXsye;H1e5u:iXtTIf;lYIUJf:hij5Wb\" jsname=\"txFAF\" class=\"jCAhz\" jscontroller=\"BiTO4b\"><span class=\"ryNqvb\" jsname=\"W297wb\" jsaction=\"click:PDNqTc,GFf3ac,qlVvte;contextmenu:Nqw7Te,QP7LD; mouseout:Nqw7Te; mouseover:PDNqTc,c2aHje\">Como GPS topogr\u00e1fico com precis\u00e3o centim\u00e9trica para realizar medi\u00e7\u00f5es, levantamentos e tra\u00e7ados. <\/span><\/span><\/span><\/li>\n<\/ul>\n<\/li>\n<li><span class=\"HwtZe\" jsaction=\"mouseup:Sxi9L,BR6jm; mousedown:qjlr0e\" jsname=\"jqKxS\" lang=\"pt-PT\"><span jsaction=\"agoMJf:PFBcW;MZfLnc:P7O7bd;nt4Alf:pvnm0e,pfE8Hb,PFBcW;B01qod:dJXsye;H1e5u:iXtTIf;lYIUJf:hij5Wb\" jsname=\"txFAF\" class=\"jCAhz ChMk0b\" jscontroller=\"BiTO4b\"><span class=\"ryNqvb\" jsname=\"W297wb\" jsaction=\"click:PDNqTc,GFf3ac,qlVvte;contextmenu:Nqw7Te,QP7LD; mouseout:Nqw7Te; mouseover:PDNqTc,c2aHje\">1 <a href=\"https:\/\/atyges.es\/pt\/tienda\/product\/tripe-de-aluminio-para-gps-topografico\/\">trip\u00e9 leve em alum\u00ednio<\/a> para utilizar o receptor GPS Reach RS3 GNSS como base. <\/span><\/span><\/span><\/li>\n<li><span class=\"HwtZe\" jsaction=\"mouseup:Sxi9L,BR6jm; mousedown:qjlr0e\" jsname=\"jqKxS\" lang=\"pt-PT\"><span jsaction=\"agoMJf:PFBcW;MZfLnc:P7O7bd;nt4Alf:pvnm0e,pfE8Hb,PFBcW;B01qod:dJXsye;H1e5u:iXtTIf;lYIUJf:hij5Wb\" jsname=\"txFAF\" class=\"jCAhz ChMk0b\" jscontroller=\"BiTO4b\"><span class=\"ryNqvb\" jsname=\"W297wb\" jsaction=\"click:PDNqTc,GFf3ac,qlVvte;contextmenu:Nqw7Te,QP7LD; mouseout:Nqw7Te; mouseover:PDNqTc,c2aHje\">1 curso de forma\u00e7\u00e3o personalizado para todas as ferramentas de hardware e software que comp\u00f5em o pack.<\/span><\/span><\/span><\/li>\n<\/ul>\n","protected":false},"featured_media":38938,"template":"","meta":[],"product_brand":[],"product_cat":[1336,1547,1283],"product_tag":[1864,1868,1866,1863,1867,1865],"class_list":{"0":"post-38645","1":"product","2":"type-product","3":"status-publish","4":"has-post-thumbnail","6":"product_cat-drones-para-agricultura-pt","7":"product_cat-mavic-3-multiespectral-pt","8":"product_cat-promocoes-e-ofertas","9":"product_tag-agricultura-de-precisao","10":"product_tag-gps-rs3-pt","11":"product_tag-mavic-3m-pt","12":"product_tag-multiespectral-pt","13":"product_tag-ndvi-pt","14":"product_tag-topografia-pt","15":"product_shipping_class-mrw-24-48-h-pt","17":"first","18":"instock","19":"sale","20":"taxable","21":"shipping-taxable","22":"purchasable","23":"product-type-simple"},"yoast_head":"<!-- This site is optimized with the Yoast SEO plugin v27.2 - https:\/\/yoast.com\/product\/yoast-seo-wordpress\/ -->\n<title>DJI Mavic 3M - Pack Agro GPS | ATyges<\/title>\n<meta name=\"description\" content=\"Promo\u00e7\u00e3o Especial - Kit completo para an\u00e1lise de campo com imagens RGB e multiespectrais com drone \u2b50 DJI Mavic 3M + Emlid Reach RS3 GPS Topogr\u00e1fico + Forma\u00e7\u00e3o \u2705\u3010ATyges Distribuidores Oficiais DJI e EMLID\u3011\u2705\" \/>\n<meta name=\"robots\" content=\"index, follow, max-snippet:-1, max-image-preview:large, max-video-preview:-1\" \/>\n<link rel=\"canonical\" href=\"https:\/\/atyges.es\/pt\/tienda\/product\/dji-mavic-3m-pack-agro-gps\/\" \/>\n<meta property=\"og:locale\" content=\"pt_PT\" \/>\n<meta property=\"og:type\" content=\"article\" \/>\n<meta property=\"og:title\" content=\"DJI Mavic 3M - Pack Agro GPS | ATyges\" \/>\n<meta property=\"og:description\" content=\"Promo\u00e7\u00e3o Especial - Kit completo para an\u00e1lise de campo com imagens RGB e multiespectrais com drone \u2b50 DJI Mavic 3M + Emlid Reach RS3 GPS Topogr\u00e1fico + Forma\u00e7\u00e3o \u2705\u3010ATyges Distribuidores Oficiais DJI e EMLID\u3011\u2705\" \/>\n<meta property=\"og:url\" content=\"https:\/\/atyges.es\/pt\/tienda\/product\/dji-mavic-3m-pack-agro-gps\/\" \/>\n<meta property=\"og:site_name\" content=\"ATyges\" \/>\n<meta property=\"article:modified_time\" content=\"2024-12-13T21:52:48+00:00\" \/>\n<meta property=\"og:image\" content=\"https:\/\/atyges.es\/wp-content\/uploads\/2024\/11\/KIT-M3MRS3.jpg\" \/>\n\t<meta property=\"og:image:width\" content=\"400\" \/>\n\t<meta property=\"og:image:height\" content=\"400\" \/>\n\t<meta property=\"og:image:type\" content=\"image\/jpeg\" \/>\n<meta name=\"twitter:card\" content=\"summary_large_image\" \/>\n<script type=\"application\/ld+json\" class=\"yoast-schema-graph\">{\"@context\":\"https:\/\/schema.org\",\"@graph\":[{\"@type\":\"WebPage\",\"@id\":\"https:\/\/atyges.es\/pt\/tienda\/product\/dji-mavic-3m-pack-agro-gps\/\",\"url\":\"https:\/\/atyges.es\/pt\/tienda\/product\/dji-mavic-3m-pack-agro-gps\/\",\"name\":\"DJI Mavic 3M - Pack Agro GPS | ATyges\",\"isPartOf\":{\"@id\":\"https:\/\/atyges.es\/pt\/#website\"},\"primaryImageOfPage\":{\"@id\":\"https:\/\/atyges.es\/pt\/tienda\/product\/dji-mavic-3m-pack-agro-gps\/#primaryimage\"},\"image\":{\"@id\":\"https:\/\/atyges.es\/pt\/tienda\/product\/dji-mavic-3m-pack-agro-gps\/#primaryimage\"},\"thumbnailUrl\":\"https:\/\/atyges.es\/wp-content\/uploads\/2024\/11\/KIT-M3MRS3.jpg\",\"datePublished\":\"2024-11-24T20:34:42+00:00\",\"dateModified\":\"2024-12-13T21:52:48+00:00\",\"description\":\"Promo\u00e7\u00e3o Especial - Kit completo para an\u00e1lise de campo com imagens RGB e multiespectrais com drone \u2b50 DJI Mavic 3M + Emlid Reach RS3 GPS Topogr\u00e1fico + Forma\u00e7\u00e3o \u2705\u3010ATyges Distribuidores Oficiais DJI e EMLID\u3011\u2705\",\"breadcrumb\":{\"@id\":\"https:\/\/atyges.es\/pt\/tienda\/product\/dji-mavic-3m-pack-agro-gps\/#breadcrumb\"},\"inLanguage\":\"pt-PT\",\"potentialAction\":[{\"@type\":\"ReadAction\",\"target\":[\"https:\/\/atyges.es\/pt\/tienda\/product\/dji-mavic-3m-pack-agro-gps\/\"]}]},{\"@type\":\"ImageObject\",\"inLanguage\":\"pt-PT\",\"@id\":\"https:\/\/atyges.es\/pt\/tienda\/product\/dji-mavic-3m-pack-agro-gps\/#primaryimage\",\"url\":\"https:\/\/atyges.es\/wp-content\/uploads\/2024\/11\/KIT-M3MRS3.jpg\",\"contentUrl\":\"https:\/\/atyges.es\/wp-content\/uploads\/2024\/11\/KIT-M3MRS3.jpg\",\"width\":400,\"height\":400,\"caption\":\"Kit Mavic 3M Agro & Reach RS3 - Promo\"},{\"@type\":\"BreadcrumbList\",\"@id\":\"https:\/\/atyges.es\/pt\/tienda\/product\/dji-mavic-3m-pack-agro-gps\/#breadcrumb\",\"itemListElement\":[{\"@type\":\"ListItem\",\"position\":1,\"name\":\"Portada\",\"item\":\"https:\/\/atyges.es\/pt\/\"},{\"@type\":\"ListItem\",\"position\":2,\"name\":\"Produtos\",\"item\":\"https:\/\/atyges.es\/pt\/shop\/\"},{\"@type\":\"ListItem\",\"position\":3,\"name\":\"DJI Mavic 3M &#8211; Pack Agro GPS\"}]},{\"@type\":\"WebSite\",\"@id\":\"https:\/\/atyges.es\/pt\/#website\",\"url\":\"https:\/\/atyges.es\/pt\/\",\"name\":\"ATyges\",\"description\":\"\",\"publisher\":{\"@id\":\"https:\/\/atyges.es\/pt\/#organization\"},\"potentialAction\":[{\"@type\":\"SearchAction\",\"target\":{\"@type\":\"EntryPoint\",\"urlTemplate\":\"https:\/\/atyges.es\/pt\/?s={search_term_string}\"},\"query-input\":{\"@type\":\"PropertyValueSpecification\",\"valueRequired\":true,\"valueName\":\"search_term_string\"}}],\"inLanguage\":\"pt-PT\"},{\"@type\":\"Organization\",\"@id\":\"https:\/\/atyges.es\/pt\/#organization\",\"name\":\"Atyges\",\"url\":\"https:\/\/atyges.es\/pt\/\",\"logo\":{\"@type\":\"ImageObject\",\"inLanguage\":\"pt-PT\",\"@id\":\"https:\/\/atyges.es\/pt\/#\/schema\/logo\/image\/\",\"url\":\"https:\/\/atyges.es\/wp-content\/uploads\/2022\/01\/Logo_ATyges_Store.png\",\"contentUrl\":\"https:\/\/atyges.es\/wp-content\/uploads\/2022\/01\/Logo_ATyges_Store.png\",\"width\":1228,\"height\":200,\"caption\":\"Atyges\"},\"image\":{\"@id\":\"https:\/\/atyges.es\/pt\/#\/schema\/logo\/image\/\"}}]}<\/script>\n<!-- \/ Yoast SEO plugin. -->","yoast_head_json":{"title":"DJI Mavic 3M - Pack Agro GPS | ATyges","description":"Promo\u00e7\u00e3o Especial - Kit completo para an\u00e1lise de campo com imagens RGB e multiespectrais com drone \u2b50 DJI Mavic 3M + Emlid Reach RS3 GPS Topogr\u00e1fico + Forma\u00e7\u00e3o \u2705\u3010ATyges Distribuidores Oficiais DJI e EMLID\u3011\u2705","robots":{"index":"index","follow":"follow","max-snippet":"max-snippet:-1","max-image-preview":"max-image-preview:large","max-video-preview":"max-video-preview:-1"},"canonical":"https:\/\/atyges.es\/pt\/tienda\/product\/dji-mavic-3m-pack-agro-gps\/","og_locale":"pt_PT","og_type":"article","og_title":"DJI Mavic 3M - Pack Agro GPS | ATyges","og_description":"Promo\u00e7\u00e3o Especial - Kit completo para an\u00e1lise de campo com imagens RGB e multiespectrais com drone \u2b50 DJI Mavic 3M + Emlid Reach RS3 GPS Topogr\u00e1fico + Forma\u00e7\u00e3o \u2705\u3010ATyges Distribuidores Oficiais DJI e EMLID\u3011\u2705","og_url":"https:\/\/atyges.es\/pt\/tienda\/product\/dji-mavic-3m-pack-agro-gps\/","og_site_name":"ATyges","article_modified_time":"2024-12-13T21:52:48+00:00","og_image":[{"width":400,"height":400,"url":"https:\/\/atyges.es\/wp-content\/uploads\/2024\/11\/KIT-M3MRS3.jpg","type":"image\/jpeg"}],"twitter_card":"summary_large_image","schema":{"@context":"https:\/\/schema.org","@graph":[{"@type":"WebPage","@id":"https:\/\/atyges.es\/pt\/tienda\/product\/dji-mavic-3m-pack-agro-gps\/","url":"https:\/\/atyges.es\/pt\/tienda\/product\/dji-mavic-3m-pack-agro-gps\/","name":"DJI Mavic 3M - Pack Agro GPS | ATyges","isPartOf":{"@id":"https:\/\/atyges.es\/pt\/#website"},"primaryImageOfPage":{"@id":"https:\/\/atyges.es\/pt\/tienda\/product\/dji-mavic-3m-pack-agro-gps\/#primaryimage"},"image":{"@id":"https:\/\/atyges.es\/pt\/tienda\/product\/dji-mavic-3m-pack-agro-gps\/#primaryimage"},"thumbnailUrl":"https:\/\/atyges.es\/wp-content\/uploads\/2024\/11\/KIT-M3MRS3.jpg","datePublished":"2024-11-24T20:34:42+00:00","dateModified":"2024-12-13T21:52:48+00:00","description":"Promo\u00e7\u00e3o Especial - Kit completo para an\u00e1lise de campo com imagens RGB e multiespectrais com drone \u2b50 DJI Mavic 3M + Emlid Reach RS3 GPS Topogr\u00e1fico + Forma\u00e7\u00e3o \u2705\u3010ATyges Distribuidores Oficiais DJI e EMLID\u3011\u2705","breadcrumb":{"@id":"https:\/\/atyges.es\/pt\/tienda\/product\/dji-mavic-3m-pack-agro-gps\/#breadcrumb"},"inLanguage":"pt-PT","potentialAction":[{"@type":"ReadAction","target":["https:\/\/atyges.es\/pt\/tienda\/product\/dji-mavic-3m-pack-agro-gps\/"]}]},{"@type":"ImageObject","inLanguage":"pt-PT","@id":"https:\/\/atyges.es\/pt\/tienda\/product\/dji-mavic-3m-pack-agro-gps\/#primaryimage","url":"https:\/\/atyges.es\/wp-content\/uploads\/2024\/11\/KIT-M3MRS3.jpg","contentUrl":"https:\/\/atyges.es\/wp-content\/uploads\/2024\/11\/KIT-M3MRS3.jpg","width":400,"height":400,"caption":"Kit Mavic 3M Agro & Reach RS3 - Promo"},{"@type":"BreadcrumbList","@id":"https:\/\/atyges.es\/pt\/tienda\/product\/dji-mavic-3m-pack-agro-gps\/#breadcrumb","itemListElement":[{"@type":"ListItem","position":1,"name":"Portada","item":"https:\/\/atyges.es\/pt\/"},{"@type":"ListItem","position":2,"name":"Produtos","item":"https:\/\/atyges.es\/pt\/shop\/"},{"@type":"ListItem","position":3,"name":"DJI Mavic 3M &#8211; Pack Agro GPS"}]},{"@type":"WebSite","@id":"https:\/\/atyges.es\/pt\/#website","url":"https:\/\/atyges.es\/pt\/","name":"ATyges","description":"","publisher":{"@id":"https:\/\/atyges.es\/pt\/#organization"},"potentialAction":[{"@type":"SearchAction","target":{"@type":"EntryPoint","urlTemplate":"https:\/\/atyges.es\/pt\/?s={search_term_string}"},"query-input":{"@type":"PropertyValueSpecification","valueRequired":true,"valueName":"search_term_string"}}],"inLanguage":"pt-PT"},{"@type":"Organization","@id":"https:\/\/atyges.es\/pt\/#organization","name":"Atyges","url":"https:\/\/atyges.es\/pt\/","logo":{"@type":"ImageObject","inLanguage":"pt-PT","@id":"https:\/\/atyges.es\/pt\/#\/schema\/logo\/image\/","url":"https:\/\/atyges.es\/wp-content\/uploads\/2022\/01\/Logo_ATyges_Store.png","contentUrl":"https:\/\/atyges.es\/wp-content\/uploads\/2022\/01\/Logo_ATyges_Store.png","width":1228,"height":200,"caption":"Atyges"},"image":{"@id":"https:\/\/atyges.es\/pt\/#\/schema\/logo\/image\/"}}]}},"jetpack_sharing_enabled":true,"_links":{"self":[{"href":"https:\/\/atyges.es\/pt\/wp-json\/wp\/v2\/product\/38645","targetHints":{"allow":["GET"]}}],"collection":[{"href":"https:\/\/atyges.es\/pt\/wp-json\/wp\/v2\/product"}],"about":[{"href":"https:\/\/atyges.es\/pt\/wp-json\/wp\/v2\/types\/product"}],"wp:featuredmedia":[{"embeddable":true,"href":"https:\/\/atyges.es\/pt\/wp-json\/wp\/v2\/media\/38938"}],"wp:attachment":[{"href":"https:\/\/atyges.es\/pt\/wp-json\/wp\/v2\/media?parent=38645"}],"wp:term":[{"taxonomy":"product_brand","embeddable":true,"href":"https:\/\/atyges.es\/pt\/wp-json\/wp\/v2\/product_brand?post=38645"},{"taxonomy":"product_cat","embeddable":true,"href":"https:\/\/atyges.es\/pt\/wp-json\/wp\/v2\/product_cat?post=38645"},{"taxonomy":"product_tag","embeddable":true,"href":"https:\/\/atyges.es\/pt\/wp-json\/wp\/v2\/product_tag?post=38645"}],"curies":[{"name":"wp","href":"https:\/\/api.w.org\/{rel}","templated":true}]}}