{"id":38628,"date":"2024-11-24T14:51:07","date_gmt":"2024-11-24T14:30:19","guid":{"rendered":"https:\/\/atyges.es\/?post_type=product&#038;p=38628"},"modified":"2024-12-13T22:57:37","modified_gmt":"2024-12-13T21:57:37","slug":"scanning-kit-emlid-pix4d","status":"publish","type":"product","link":"https:\/\/atyges.es\/pt\/tienda\/product\/scanning-kit-emlid-pix4d\/","title":{"rendered":"SCANNING KIT EMLID &#038; PIX4D"},"content":{"rendered":"\n\n<div class=\"kk-star-ratings kksr-auto kksr-align-center kksr-valign-bottom\"\n    data-payload='{&quot;align&quot;:&quot;center&quot;,&quot;id&quot;:&quot;38628&quot;,&quot;slug&quot;:&quot;default&quot;,&quot;valign&quot;:&quot;bottom&quot;,&quot;ignore&quot;:&quot;&quot;,&quot;reference&quot;:&quot;auto&quot;,&quot;class&quot;:&quot;&quot;,&quot;count&quot;:&quot;0&quot;,&quot;legendonly&quot;:&quot;&quot;,&quot;readonly&quot;:&quot;&quot;,&quot;score&quot;:&quot;0&quot;,&quot;starsonly&quot;:&quot;&quot;,&quot;best&quot;:&quot;5&quot;,&quot;gap&quot;:&quot;5&quot;,&quot;greet&quot;:&quot;Val\u00f3ranos&quot;,&quot;legend&quot;:&quot;0\\\/5 - (0 votes)&quot;,&quot;size&quot;:&quot;24&quot;,&quot;title&quot;:&quot;SCANNING KIT EMLID \\u0026amp; PIX4D&quot;,&quot;width&quot;:&quot;0&quot;,&quot;_legend&quot;:&quot;{score}\\\/{best} - ({count} {votes})&quot;,&quot;font_factor&quot;:&quot;1.25&quot;}'>\n            \n<div class=\"kksr-stars\">\n    \n<div class=\"kksr-stars-inactive\">\n            <div class=\"kksr-star\" data-star=\"1\" style=\"padding-right: 5px\">\n            \n\n<div class=\"kksr-icon\" style=\"width: 24px; height: 24px;\"><\/div>\n        <\/div>\n            <div class=\"kksr-star\" data-star=\"2\" style=\"padding-right: 5px\">\n            \n\n<div class=\"kksr-icon\" style=\"width: 24px; height: 24px;\"><\/div>\n        <\/div>\n            <div class=\"kksr-star\" data-star=\"3\" style=\"padding-right: 5px\">\n            \n\n<div class=\"kksr-icon\" style=\"width: 24px; height: 24px;\"><\/div>\n        <\/div>\n            <div class=\"kksr-star\" data-star=\"4\" style=\"padding-right: 5px\">\n            \n\n<div class=\"kksr-icon\" style=\"width: 24px; height: 24px;\"><\/div>\n        <\/div>\n            <div class=\"kksr-star\" data-star=\"5\" style=\"padding-right: 5px\">\n            \n\n<div class=\"kksr-icon\" style=\"width: 24px; height: 24px;\"><\/div>\n        <\/div>\n    <\/div>\n    \n<div class=\"kksr-stars-active\" style=\"width: 0px;\">\n            <div class=\"kksr-star\" style=\"padding-right: 5px\">\n            \n\n<div class=\"kksr-icon\" style=\"width: 24px; height: 24px;\"><\/div>\n        <\/div>\n            <div class=\"kksr-star\" style=\"padding-right: 5px\">\n            \n\n<div class=\"kksr-icon\" style=\"width: 24px; height: 24px;\"><\/div>\n        <\/div>\n            <div class=\"kksr-star\" style=\"padding-right: 5px\">\n            \n\n<div class=\"kksr-icon\" style=\"width: 24px; height: 24px;\"><\/div>\n        <\/div>\n            <div class=\"kksr-star\" style=\"padding-right: 5px\">\n            \n\n<div class=\"kksr-icon\" style=\"width: 24px; height: 24px;\"><\/div>\n        <\/div>\n            <div class=\"kksr-star\" style=\"padding-right: 5px\">\n            \n\n<div class=\"kksr-icon\" style=\"width: 24px; height: 24px;\"><\/div>\n        <\/div>\n    <\/div>\n<\/div>\n                \n\n<div class=\"kksr-legend\" style=\"font-size: 19.2px;\">\n            <span class=\"kksr-muted\">Val\u00f3ranos<\/span>\n    <\/div>\n    <\/div>\n","protected":false},"excerpt":{"rendered":"<h1>SCANNING KIT EMLID &amp; PIX4D<\/h1>\n<p>O kit de digitaliza\u00e7\u00e3o port\u00e1til que inclui os seguintes artigos para realizar digitaliza\u00e7\u00f5es:<\/p>\n<ul>\n<li>1 unidade receptor GPS GNSS Reach RX.<\/li>\n<li>1 unidade Suporte port\u00e1til com pega para digitaliza\u00e7\u00e3o.<\/li>\n<li>1 unidade de capa para iPhone.<\/li>\n<li>5 etiquetas para georreferencia\u00e7\u00e3o autom\u00e1tica de pontos (Tags).<\/li>\n<li>Chave Allen de 3mm.<\/li>\n<li>Estojo de transporte.<\/li>\n<li>Licen\u00e7a anual PIX4Dcatch Pro.<\/li>\n<li>Licen\u00e7a anual PIX4Dcloud.<\/li>\n<li>Curso online PIX4Dcatch.<\/li>\n<\/ul>\n","protected":false},"featured_media":38943,"template":"","meta":[],"product_brand":[],"product_cat":[1834,1282,1283],"product_tag":[1491],"class_list":{"0":"post-38628","1":"product","2":"type-product","3":"status-publish","4":"has-post-thumbnail","6":"product_cat-kit-gps-emlid-pt","7":"product_cat-pix4d-pt","8":"product_cat-promocoes-e-ofertas","9":"product_tag-reach-rx-pt","10":"product_shipping_class-emlid-pt","12":"first","13":"instock","14":"taxable","15":"shipping-taxable","16":"purchasable","17":"product-type-simple"},"yoast_head":"<!-- This site is optimized with the Yoast SEO plugin v27.2 - https:\/\/yoast.com\/product\/yoast-seo-wordpress\/ -->\n<title>Kit de digitaliza\u00e7\u00e3o EMLID e PIX4D com GPS Reach RX | ATyges<\/title>\n<meta name=\"description\" content=\"Promo\u00e7\u00e3o especial - Kit de digitaliza\u00e7\u00e3o EMLID e PIX4D \u2b50 GPS Reach RX + Suite PIX4D \u2705\u3010ATyges Distribuidores Oficiais de EMLID &amp; PIX4D\u3011\u2705\" \/>\n<meta name=\"robots\" content=\"index, follow, max-snippet:-1, max-image-preview:large, max-video-preview:-1\" \/>\n<link rel=\"canonical\" href=\"https:\/\/atyges.es\/pt\/tienda\/product\/scanning-kit-emlid-pix4d\/\" \/>\n<meta property=\"og:locale\" content=\"pt_PT\" \/>\n<meta property=\"og:type\" content=\"article\" \/>\n<meta property=\"og:title\" content=\"Kit de digitaliza\u00e7\u00e3o EMLID e PIX4D com GPS Reach RX | ATyges\" \/>\n<meta property=\"og:description\" content=\"Promo\u00e7\u00e3o especial - Kit de digitaliza\u00e7\u00e3o EMLID e PIX4D \u2b50 GPS Reach RX + Suite PIX4D \u2705\u3010ATyges Distribuidores Oficiais de EMLID &amp; PIX4D\u3011\u2705\" \/>\n<meta property=\"og:url\" content=\"https:\/\/atyges.es\/pt\/tienda\/product\/scanning-kit-emlid-pix4d\/\" \/>\n<meta property=\"og:site_name\" content=\"ATyges\" \/>\n<meta property=\"article:modified_time\" content=\"2024-12-13T21:57:37+00:00\" \/>\n<meta property=\"og:image\" content=\"https:\/\/atyges.es\/wp-content\/uploads\/2024\/11\/KIT-REACH-RXPIX4D.jpg\" \/>\n\t<meta property=\"og:image:width\" content=\"400\" \/>\n\t<meta property=\"og:image:height\" content=\"400\" \/>\n\t<meta property=\"og:image:type\" content=\"image\/jpeg\" \/>\n<meta name=\"twitter:card\" content=\"summary_large_image\" \/>\n<script type=\"application\/ld+json\" class=\"yoast-schema-graph\">{\"@context\":\"https:\/\/schema.org\",\"@graph\":[{\"@type\":\"WebPage\",\"@id\":\"https:\/\/atyges.es\/pt\/tienda\/product\/scanning-kit-emlid-pix4d\/\",\"url\":\"https:\/\/atyges.es\/pt\/tienda\/product\/scanning-kit-emlid-pix4d\/\",\"name\":\"Kit de digitaliza\u00e7\u00e3o EMLID e PIX4D com GPS Reach RX | ATyges\",\"isPartOf\":{\"@id\":\"https:\/\/atyges.es\/pt\/#website\"},\"primaryImageOfPage\":{\"@id\":\"https:\/\/atyges.es\/pt\/tienda\/product\/scanning-kit-emlid-pix4d\/#primaryimage\"},\"image\":{\"@id\":\"https:\/\/atyges.es\/pt\/tienda\/product\/scanning-kit-emlid-pix4d\/#primaryimage\"},\"thumbnailUrl\":\"https:\/\/atyges.es\/wp-content\/uploads\/2024\/11\/KIT-REACH-RXPIX4D.jpg\",\"datePublished\":\"2024-11-24T14:30:19+00:00\",\"dateModified\":\"2024-12-13T21:57:37+00:00\",\"description\":\"Promo\u00e7\u00e3o especial - Kit de digitaliza\u00e7\u00e3o EMLID e PIX4D \u2b50 GPS Reach RX + Suite PIX4D \u2705\u3010ATyges Distribuidores Oficiais de EMLID & PIX4D\u3011\u2705\",\"breadcrumb\":{\"@id\":\"https:\/\/atyges.es\/pt\/tienda\/product\/scanning-kit-emlid-pix4d\/#breadcrumb\"},\"inLanguage\":\"pt-PT\",\"potentialAction\":[{\"@type\":\"ReadAction\",\"target\":[\"https:\/\/atyges.es\/pt\/tienda\/product\/scanning-kit-emlid-pix4d\/\"]}]},{\"@type\":\"ImageObject\",\"inLanguage\":\"pt-PT\",\"@id\":\"https:\/\/atyges.es\/pt\/tienda\/product\/scanning-kit-emlid-pix4d\/#primaryimage\",\"url\":\"https:\/\/atyges.es\/wp-content\/uploads\/2024\/11\/KIT-REACH-RXPIX4D.jpg\",\"contentUrl\":\"https:\/\/atyges.es\/wp-content\/uploads\/2024\/11\/KIT-REACH-RXPIX4D.jpg\",\"width\":400,\"height\":400,\"caption\":\"PIX4D & EMLID Scanning kit- Promo\"},{\"@type\":\"BreadcrumbList\",\"@id\":\"https:\/\/atyges.es\/pt\/tienda\/product\/scanning-kit-emlid-pix4d\/#breadcrumb\",\"itemListElement\":[{\"@type\":\"ListItem\",\"position\":1,\"name\":\"Portada\",\"item\":\"https:\/\/atyges.es\/pt\/\"},{\"@type\":\"ListItem\",\"position\":2,\"name\":\"Produtos\",\"item\":\"https:\/\/atyges.es\/pt\/shop\/\"},{\"@type\":\"ListItem\",\"position\":3,\"name\":\"SCANNING KIT EMLID &#038; PIX4D\"}]},{\"@type\":\"WebSite\",\"@id\":\"https:\/\/atyges.es\/pt\/#website\",\"url\":\"https:\/\/atyges.es\/pt\/\",\"name\":\"ATyges\",\"description\":\"\",\"publisher\":{\"@id\":\"https:\/\/atyges.es\/pt\/#organization\"},\"potentialAction\":[{\"@type\":\"SearchAction\",\"target\":{\"@type\":\"EntryPoint\",\"urlTemplate\":\"https:\/\/atyges.es\/pt\/?s={search_term_string}\"},\"query-input\":{\"@type\":\"PropertyValueSpecification\",\"valueRequired\":true,\"valueName\":\"search_term_string\"}}],\"inLanguage\":\"pt-PT\"},{\"@type\":\"Organization\",\"@id\":\"https:\/\/atyges.es\/pt\/#organization\",\"name\":\"Atyges\",\"url\":\"https:\/\/atyges.es\/pt\/\",\"logo\":{\"@type\":\"ImageObject\",\"inLanguage\":\"pt-PT\",\"@id\":\"https:\/\/atyges.es\/pt\/#\/schema\/logo\/image\/\",\"url\":\"https:\/\/atyges.es\/wp-content\/uploads\/2022\/01\/Logo_ATyges_Store.png\",\"contentUrl\":\"https:\/\/atyges.es\/wp-content\/uploads\/2022\/01\/Logo_ATyges_Store.png\",\"width\":1228,\"height\":200,\"caption\":\"Atyges\"},\"image\":{\"@id\":\"https:\/\/atyges.es\/pt\/#\/schema\/logo\/image\/\"}}]}<\/script>\n<!-- \/ Yoast SEO plugin. -->","yoast_head_json":{"title":"Kit de digitaliza\u00e7\u00e3o EMLID e PIX4D com GPS Reach RX | ATyges","description":"Promo\u00e7\u00e3o especial - Kit de digitaliza\u00e7\u00e3o EMLID e PIX4D \u2b50 GPS Reach RX + Suite PIX4D \u2705\u3010ATyges Distribuidores Oficiais de EMLID & PIX4D\u3011\u2705","robots":{"index":"index","follow":"follow","max-snippet":"max-snippet:-1","max-image-preview":"max-image-preview:large","max-video-preview":"max-video-preview:-1"},"canonical":"https:\/\/atyges.es\/pt\/tienda\/product\/scanning-kit-emlid-pix4d\/","og_locale":"pt_PT","og_type":"article","og_title":"Kit de digitaliza\u00e7\u00e3o EMLID e PIX4D com GPS Reach RX | ATyges","og_description":"Promo\u00e7\u00e3o especial - Kit de digitaliza\u00e7\u00e3o EMLID e PIX4D \u2b50 GPS Reach RX + Suite PIX4D \u2705\u3010ATyges Distribuidores Oficiais de EMLID & PIX4D\u3011\u2705","og_url":"https:\/\/atyges.es\/pt\/tienda\/product\/scanning-kit-emlid-pix4d\/","og_site_name":"ATyges","article_modified_time":"2024-12-13T21:57:37+00:00","og_image":[{"width":400,"height":400,"url":"https:\/\/atyges.es\/wp-content\/uploads\/2024\/11\/KIT-REACH-RXPIX4D.jpg","type":"image\/jpeg"}],"twitter_card":"summary_large_image","schema":{"@context":"https:\/\/schema.org","@graph":[{"@type":"WebPage","@id":"https:\/\/atyges.es\/pt\/tienda\/product\/scanning-kit-emlid-pix4d\/","url":"https:\/\/atyges.es\/pt\/tienda\/product\/scanning-kit-emlid-pix4d\/","name":"Kit de digitaliza\u00e7\u00e3o EMLID e PIX4D com GPS Reach RX | ATyges","isPartOf":{"@id":"https:\/\/atyges.es\/pt\/#website"},"primaryImageOfPage":{"@id":"https:\/\/atyges.es\/pt\/tienda\/product\/scanning-kit-emlid-pix4d\/#primaryimage"},"image":{"@id":"https:\/\/atyges.es\/pt\/tienda\/product\/scanning-kit-emlid-pix4d\/#primaryimage"},"thumbnailUrl":"https:\/\/atyges.es\/wp-content\/uploads\/2024\/11\/KIT-REACH-RXPIX4D.jpg","datePublished":"2024-11-24T14:30:19+00:00","dateModified":"2024-12-13T21:57:37+00:00","description":"Promo\u00e7\u00e3o especial - Kit de digitaliza\u00e7\u00e3o EMLID e PIX4D \u2b50 GPS Reach RX + Suite PIX4D \u2705\u3010ATyges Distribuidores Oficiais de EMLID & PIX4D\u3011\u2705","breadcrumb":{"@id":"https:\/\/atyges.es\/pt\/tienda\/product\/scanning-kit-emlid-pix4d\/#breadcrumb"},"inLanguage":"pt-PT","potentialAction":[{"@type":"ReadAction","target":["https:\/\/atyges.es\/pt\/tienda\/product\/scanning-kit-emlid-pix4d\/"]}]},{"@type":"ImageObject","inLanguage":"pt-PT","@id":"https:\/\/atyges.es\/pt\/tienda\/product\/scanning-kit-emlid-pix4d\/#primaryimage","url":"https:\/\/atyges.es\/wp-content\/uploads\/2024\/11\/KIT-REACH-RXPIX4D.jpg","contentUrl":"https:\/\/atyges.es\/wp-content\/uploads\/2024\/11\/KIT-REACH-RXPIX4D.jpg","width":400,"height":400,"caption":"PIX4D & EMLID Scanning kit- Promo"},{"@type":"BreadcrumbList","@id":"https:\/\/atyges.es\/pt\/tienda\/product\/scanning-kit-emlid-pix4d\/#breadcrumb","itemListElement":[{"@type":"ListItem","position":1,"name":"Portada","item":"https:\/\/atyges.es\/pt\/"},{"@type":"ListItem","position":2,"name":"Produtos","item":"https:\/\/atyges.es\/pt\/shop\/"},{"@type":"ListItem","position":3,"name":"SCANNING KIT EMLID &#038; PIX4D"}]},{"@type":"WebSite","@id":"https:\/\/atyges.es\/pt\/#website","url":"https:\/\/atyges.es\/pt\/","name":"ATyges","description":"","publisher":{"@id":"https:\/\/atyges.es\/pt\/#organization"},"potentialAction":[{"@type":"SearchAction","target":{"@type":"EntryPoint","urlTemplate":"https:\/\/atyges.es\/pt\/?s={search_term_string}"},"query-input":{"@type":"PropertyValueSpecification","valueRequired":true,"valueName":"search_term_string"}}],"inLanguage":"pt-PT"},{"@type":"Organization","@id":"https:\/\/atyges.es\/pt\/#organization","name":"Atyges","url":"https:\/\/atyges.es\/pt\/","logo":{"@type":"ImageObject","inLanguage":"pt-PT","@id":"https:\/\/atyges.es\/pt\/#\/schema\/logo\/image\/","url":"https:\/\/atyges.es\/wp-content\/uploads\/2022\/01\/Logo_ATyges_Store.png","contentUrl":"https:\/\/atyges.es\/wp-content\/uploads\/2022\/01\/Logo_ATyges_Store.png","width":1228,"height":200,"caption":"Atyges"},"image":{"@id":"https:\/\/atyges.es\/pt\/#\/schema\/logo\/image\/"}}]}},"jetpack_sharing_enabled":true,"_links":{"self":[{"href":"https:\/\/atyges.es\/pt\/wp-json\/wp\/v2\/product\/38628","targetHints":{"allow":["GET"]}}],"collection":[{"href":"https:\/\/atyges.es\/pt\/wp-json\/wp\/v2\/product"}],"about":[{"href":"https:\/\/atyges.es\/pt\/wp-json\/wp\/v2\/types\/product"}],"wp:featuredmedia":[{"embeddable":true,"href":"https:\/\/atyges.es\/pt\/wp-json\/wp\/v2\/media\/38943"}],"wp:attachment":[{"href":"https:\/\/atyges.es\/pt\/wp-json\/wp\/v2\/media?parent=38628"}],"wp:term":[{"taxonomy":"product_brand","embeddable":true,"href":"https:\/\/atyges.es\/pt\/wp-json\/wp\/v2\/product_brand?post=38628"},{"taxonomy":"product_cat","embeddable":true,"href":"https:\/\/atyges.es\/pt\/wp-json\/wp\/v2\/product_cat?post=38628"},{"taxonomy":"product_tag","embeddable":true,"href":"https:\/\/atyges.es\/pt\/wp-json\/wp\/v2\/product_tag?post=38628"}],"curies":[{"name":"wp","href":"https:\/\/api.w.org\/{rel}","templated":true}]}}