{"id":38578,"date":"2024-11-23T13:05:34","date_gmt":"2024-11-23T12:05:34","guid":{"rendered":"https:\/\/atyges.es\/product\/pack-pix4dmatic-pix4dfields\/"},"modified":"2024-11-23T19:05:41","modified_gmt":"2024-11-23T18:05:41","slug":"pack-pix4dmatic-pix4dfields","status":"publish","type":"product","link":"https:\/\/atyges.es\/pt\/tienda\/product\/pack-pix4dmatic-pix4dfields\/","title":{"rendered":"Pack PIX4Dmatic &#038; PIX4dFields"},"content":{"rendered":"\n\n<div class=\"kk-star-ratings kksr-auto kksr-align-center kksr-valign-bottom\"\n    data-payload='{&quot;align&quot;:&quot;center&quot;,&quot;id&quot;:&quot;38578&quot;,&quot;slug&quot;:&quot;default&quot;,&quot;valign&quot;:&quot;bottom&quot;,&quot;ignore&quot;:&quot;&quot;,&quot;reference&quot;:&quot;auto&quot;,&quot;class&quot;:&quot;&quot;,&quot;count&quot;:&quot;0&quot;,&quot;legendonly&quot;:&quot;&quot;,&quot;readonly&quot;:&quot;&quot;,&quot;score&quot;:&quot;0&quot;,&quot;starsonly&quot;:&quot;&quot;,&quot;best&quot;:&quot;5&quot;,&quot;gap&quot;:&quot;5&quot;,&quot;greet&quot;:&quot;Val\u00f3ranos&quot;,&quot;legend&quot;:&quot;0\\\/5 - (0 votes)&quot;,&quot;size&quot;:&quot;24&quot;,&quot;title&quot;:&quot;Pack PIX4Dmatic \\u0026amp; PIX4dFields&quot;,&quot;width&quot;:&quot;0&quot;,&quot;_legend&quot;:&quot;{score}\\\/{best} - ({count} {votes})&quot;,&quot;font_factor&quot;:&quot;1.25&quot;}'>\n            \n<div class=\"kksr-stars\">\n    \n<div class=\"kksr-stars-inactive\">\n            <div class=\"kksr-star\" data-star=\"1\" style=\"padding-right: 5px\">\n            \n\n<div class=\"kksr-icon\" style=\"width: 24px; height: 24px;\"><\/div>\n        <\/div>\n            <div class=\"kksr-star\" data-star=\"2\" style=\"padding-right: 5px\">\n            \n\n<div class=\"kksr-icon\" style=\"width: 24px; height: 24px;\"><\/div>\n        <\/div>\n            <div class=\"kksr-star\" data-star=\"3\" style=\"padding-right: 5px\">\n            \n\n<div class=\"kksr-icon\" style=\"width: 24px; height: 24px;\"><\/div>\n        <\/div>\n            <div class=\"kksr-star\" data-star=\"4\" style=\"padding-right: 5px\">\n            \n\n<div class=\"kksr-icon\" style=\"width: 24px; height: 24px;\"><\/div>\n        <\/div>\n            <div class=\"kksr-star\" data-star=\"5\" style=\"padding-right: 5px\">\n            \n\n<div class=\"kksr-icon\" style=\"width: 24px; height: 24px;\"><\/div>\n        <\/div>\n    <\/div>\n    \n<div class=\"kksr-stars-active\" style=\"width: 0px;\">\n            <div class=\"kksr-star\" style=\"padding-right: 5px\">\n            \n\n<div class=\"kksr-icon\" style=\"width: 24px; height: 24px;\"><\/div>\n        <\/div>\n            <div class=\"kksr-star\" style=\"padding-right: 5px\">\n            \n\n<div class=\"kksr-icon\" style=\"width: 24px; height: 24px;\"><\/div>\n        <\/div>\n            <div class=\"kksr-star\" style=\"padding-right: 5px\">\n            \n\n<div class=\"kksr-icon\" style=\"width: 24px; height: 24px;\"><\/div>\n        <\/div>\n            <div class=\"kksr-star\" style=\"padding-right: 5px\">\n            \n\n<div class=\"kksr-icon\" style=\"width: 24px; height: 24px;\"><\/div>\n        <\/div>\n            <div class=\"kksr-star\" style=\"padding-right: 5px\">\n            \n\n<div class=\"kksr-icon\" style=\"width: 24px; height: 24px;\"><\/div>\n        <\/div>\n    <\/div>\n<\/div>\n                \n\n<div class=\"kksr-legend\" style=\"font-size: 19.2px;\">\n            <span class=\"kksr-muted\">Val\u00f3ranos<\/span>\n    <\/div>\n    <\/div>\n","protected":false},"excerpt":{"rendered":"<h4>Pacote PIX4Dmatic + PIX4Dfields<\/h4>\n<p><strong>Poupe mais de 20% na compra da sua licen\u00e7a<\/strong><\/p>\n<p>O PIX4Dfields oferece um conjunto completo de ferramentas para a agricultura de precis\u00e3o, enquanto o PIX4Dmatic permite criar mapas de grande escala e de alta precis\u00e3o. Maximize a produtividade com an\u00e1lises e decis\u00f5es de campo baseadas em dados PIX4Dfields. Obtenha informa\u00e7\u00f5es agr\u00edcolas abrangentes e mapas de precis\u00e3o para melhorar o seu fluxo de trabalho com tecnologia l\u00edder de mercado.<\/p>\n","protected":false},"featured_media":38514,"template":"","meta":[],"product_brand":[],"product_cat":[1282,1283],"product_tag":[1826],"class_list":{"0":"post-38578","1":"product","2":"type-product","3":"status-publish","4":"has-post-thumbnail","6":"product_cat-pix4d-pt","7":"product_cat-promocoes-e-ofertas","8":"product_tag-pix4matic-pt","10":"first","11":"instock","12":"sale","13":"taxable","14":"shipping-taxable","15":"purchasable","16":"product-type-variable","17":"has-default-attributes"},"yoast_head":"<!-- This site is optimized with the Yoast SEO plugin v27.2 - https:\/\/yoast.com\/product\/yoast-seo-wordpress\/ -->\n<title>Pack PIX4Dmatic+ PIX4Dfields | ATyges<\/title>\n<meta name=\"description\" content=\"Pack PIX4Dmatic + PIX4Dfields ao melhor pre\u00e7o - Promo\u00e7\u00e3o de Inverno \u2b50 Software de processamento l\u00edder de mercado. \u2705\u3010Distribuidores oficiais PiX4D\u3011\u2705\" \/>\n<meta name=\"robots\" content=\"index, follow, max-snippet:-1, max-image-preview:large, max-video-preview:-1\" \/>\n<link rel=\"canonical\" href=\"https:\/\/atyges.es\/pt\/tienda\/product\/pack-pix4dmatic-pix4dfields\/\" \/>\n<meta property=\"og:locale\" content=\"pt_PT\" \/>\n<meta property=\"og:type\" content=\"article\" \/>\n<meta property=\"og:title\" content=\"Pack PIX4Dmatic+ PIX4Dfields | ATyges\" \/>\n<meta property=\"og:description\" content=\"Pack PIX4Dmatic + PIX4Dfields ao melhor pre\u00e7o - Promo\u00e7\u00e3o de Inverno \u2b50 Software de processamento l\u00edder de mercado. \u2705\u3010Distribuidores oficiais PiX4D\u3011\u2705\" \/>\n<meta property=\"og:url\" content=\"https:\/\/atyges.es\/pt\/tienda\/product\/pack-pix4dmatic-pix4dfields\/\" \/>\n<meta property=\"og:site_name\" content=\"ATyges\" \/>\n<meta property=\"article:modified_time\" content=\"2024-11-23T18:05:41+00:00\" \/>\n<meta property=\"og:image\" content=\"https:\/\/atyges.es\/wp-content\/uploads\/2024\/11\/Pix4dmatic-Pix4Dfields.png\" \/>\n\t<meta property=\"og:image:width\" content=\"400\" \/>\n\t<meta property=\"og:image:height\" content=\"400\" \/>\n\t<meta property=\"og:image:type\" content=\"image\/png\" \/>\n<meta name=\"twitter:card\" content=\"summary_large_image\" \/>\n<script type=\"application\/ld+json\" class=\"yoast-schema-graph\">{\"@context\":\"https:\/\/schema.org\",\"@graph\":[{\"@type\":\"WebPage\",\"@id\":\"https:\/\/atyges.es\/pt\/tienda\/product\/pack-pix4dmatic-pix4dfields\/\",\"url\":\"https:\/\/atyges.es\/pt\/tienda\/product\/pack-pix4dmatic-pix4dfields\/\",\"name\":\"Pack PIX4Dmatic+ PIX4Dfields | ATyges\",\"isPartOf\":{\"@id\":\"https:\/\/atyges.es\/pt\/#website\"},\"primaryImageOfPage\":{\"@id\":\"https:\/\/atyges.es\/pt\/tienda\/product\/pack-pix4dmatic-pix4dfields\/#primaryimage\"},\"image\":{\"@id\":\"https:\/\/atyges.es\/pt\/tienda\/product\/pack-pix4dmatic-pix4dfields\/#primaryimage\"},\"thumbnailUrl\":\"https:\/\/atyges.es\/wp-content\/uploads\/2024\/11\/Pix4dmatic-Pix4Dfields.png\",\"datePublished\":\"2024-11-23T12:05:34+00:00\",\"dateModified\":\"2024-11-23T18:05:41+00:00\",\"description\":\"Pack PIX4Dmatic + PIX4Dfields ao melhor pre\u00e7o - Promo\u00e7\u00e3o de Inverno \u2b50 Software de processamento l\u00edder de mercado. \u2705\u3010Distribuidores oficiais PiX4D\u3011\u2705\",\"breadcrumb\":{\"@id\":\"https:\/\/atyges.es\/pt\/tienda\/product\/pack-pix4dmatic-pix4dfields\/#breadcrumb\"},\"inLanguage\":\"pt-PT\",\"potentialAction\":[{\"@type\":\"ReadAction\",\"target\":[\"https:\/\/atyges.es\/pt\/tienda\/product\/pack-pix4dmatic-pix4dfields\/\"]}]},{\"@type\":\"ImageObject\",\"inLanguage\":\"pt-PT\",\"@id\":\"https:\/\/atyges.es\/pt\/tienda\/product\/pack-pix4dmatic-pix4dfields\/#primaryimage\",\"url\":\"https:\/\/atyges.es\/wp-content\/uploads\/2024\/11\/Pix4dmatic-Pix4Dfields.png\",\"contentUrl\":\"https:\/\/atyges.es\/wp-content\/uploads\/2024\/11\/Pix4dmatic-Pix4Dfields.png\",\"width\":400,\"height\":400,\"caption\":\"Paquete Pix4Dmatic + Pix4Dfields\"},{\"@type\":\"BreadcrumbList\",\"@id\":\"https:\/\/atyges.es\/pt\/tienda\/product\/pack-pix4dmatic-pix4dfields\/#breadcrumb\",\"itemListElement\":[{\"@type\":\"ListItem\",\"position\":1,\"name\":\"Portada\",\"item\":\"https:\/\/atyges.es\/pt\/\"},{\"@type\":\"ListItem\",\"position\":2,\"name\":\"Produtos\",\"item\":\"https:\/\/atyges.es\/pt\/shop\/\"},{\"@type\":\"ListItem\",\"position\":3,\"name\":\"Pack PIX4Dmatic &#038; PIX4dFields\"}]},{\"@type\":\"WebSite\",\"@id\":\"https:\/\/atyges.es\/pt\/#website\",\"url\":\"https:\/\/atyges.es\/pt\/\",\"name\":\"ATyges\",\"description\":\"\",\"publisher\":{\"@id\":\"https:\/\/atyges.es\/pt\/#organization\"},\"potentialAction\":[{\"@type\":\"SearchAction\",\"target\":{\"@type\":\"EntryPoint\",\"urlTemplate\":\"https:\/\/atyges.es\/pt\/?s={search_term_string}\"},\"query-input\":{\"@type\":\"PropertyValueSpecification\",\"valueRequired\":true,\"valueName\":\"search_term_string\"}}],\"inLanguage\":\"pt-PT\"},{\"@type\":\"Organization\",\"@id\":\"https:\/\/atyges.es\/pt\/#organization\",\"name\":\"Atyges\",\"url\":\"https:\/\/atyges.es\/pt\/\",\"logo\":{\"@type\":\"ImageObject\",\"inLanguage\":\"pt-PT\",\"@id\":\"https:\/\/atyges.es\/pt\/#\/schema\/logo\/image\/\",\"url\":\"https:\/\/atyges.es\/wp-content\/uploads\/2022\/01\/Logo_ATyges_Store.png\",\"contentUrl\":\"https:\/\/atyges.es\/wp-content\/uploads\/2022\/01\/Logo_ATyges_Store.png\",\"width\":1228,\"height\":200,\"caption\":\"Atyges\"},\"image\":{\"@id\":\"https:\/\/atyges.es\/pt\/#\/schema\/logo\/image\/\"}}]}<\/script>\n<!-- \/ Yoast SEO plugin. -->","yoast_head_json":{"title":"Pack PIX4Dmatic+ PIX4Dfields | ATyges","description":"Pack PIX4Dmatic + PIX4Dfields ao melhor pre\u00e7o - Promo\u00e7\u00e3o de Inverno \u2b50 Software de processamento l\u00edder de mercado. \u2705\u3010Distribuidores oficiais PiX4D\u3011\u2705","robots":{"index":"index","follow":"follow","max-snippet":"max-snippet:-1","max-image-preview":"max-image-preview:large","max-video-preview":"max-video-preview:-1"},"canonical":"https:\/\/atyges.es\/pt\/tienda\/product\/pack-pix4dmatic-pix4dfields\/","og_locale":"pt_PT","og_type":"article","og_title":"Pack PIX4Dmatic+ PIX4Dfields | ATyges","og_description":"Pack PIX4Dmatic + PIX4Dfields ao melhor pre\u00e7o - Promo\u00e7\u00e3o de Inverno \u2b50 Software de processamento l\u00edder de mercado. \u2705\u3010Distribuidores oficiais PiX4D\u3011\u2705","og_url":"https:\/\/atyges.es\/pt\/tienda\/product\/pack-pix4dmatic-pix4dfields\/","og_site_name":"ATyges","article_modified_time":"2024-11-23T18:05:41+00:00","og_image":[{"width":400,"height":400,"url":"https:\/\/atyges.es\/wp-content\/uploads\/2024\/11\/Pix4dmatic-Pix4Dfields.png","type":"image\/png"}],"twitter_card":"summary_large_image","schema":{"@context":"https:\/\/schema.org","@graph":[{"@type":"WebPage","@id":"https:\/\/atyges.es\/pt\/tienda\/product\/pack-pix4dmatic-pix4dfields\/","url":"https:\/\/atyges.es\/pt\/tienda\/product\/pack-pix4dmatic-pix4dfields\/","name":"Pack PIX4Dmatic+ PIX4Dfields | ATyges","isPartOf":{"@id":"https:\/\/atyges.es\/pt\/#website"},"primaryImageOfPage":{"@id":"https:\/\/atyges.es\/pt\/tienda\/product\/pack-pix4dmatic-pix4dfields\/#primaryimage"},"image":{"@id":"https:\/\/atyges.es\/pt\/tienda\/product\/pack-pix4dmatic-pix4dfields\/#primaryimage"},"thumbnailUrl":"https:\/\/atyges.es\/wp-content\/uploads\/2024\/11\/Pix4dmatic-Pix4Dfields.png","datePublished":"2024-11-23T12:05:34+00:00","dateModified":"2024-11-23T18:05:41+00:00","description":"Pack PIX4Dmatic + PIX4Dfields ao melhor pre\u00e7o - Promo\u00e7\u00e3o de Inverno \u2b50 Software de processamento l\u00edder de mercado. \u2705\u3010Distribuidores oficiais PiX4D\u3011\u2705","breadcrumb":{"@id":"https:\/\/atyges.es\/pt\/tienda\/product\/pack-pix4dmatic-pix4dfields\/#breadcrumb"},"inLanguage":"pt-PT","potentialAction":[{"@type":"ReadAction","target":["https:\/\/atyges.es\/pt\/tienda\/product\/pack-pix4dmatic-pix4dfields\/"]}]},{"@type":"ImageObject","inLanguage":"pt-PT","@id":"https:\/\/atyges.es\/pt\/tienda\/product\/pack-pix4dmatic-pix4dfields\/#primaryimage","url":"https:\/\/atyges.es\/wp-content\/uploads\/2024\/11\/Pix4dmatic-Pix4Dfields.png","contentUrl":"https:\/\/atyges.es\/wp-content\/uploads\/2024\/11\/Pix4dmatic-Pix4Dfields.png","width":400,"height":400,"caption":"Paquete Pix4Dmatic + Pix4Dfields"},{"@type":"BreadcrumbList","@id":"https:\/\/atyges.es\/pt\/tienda\/product\/pack-pix4dmatic-pix4dfields\/#breadcrumb","itemListElement":[{"@type":"ListItem","position":1,"name":"Portada","item":"https:\/\/atyges.es\/pt\/"},{"@type":"ListItem","position":2,"name":"Produtos","item":"https:\/\/atyges.es\/pt\/shop\/"},{"@type":"ListItem","position":3,"name":"Pack PIX4Dmatic &#038; PIX4dFields"}]},{"@type":"WebSite","@id":"https:\/\/atyges.es\/pt\/#website","url":"https:\/\/atyges.es\/pt\/","name":"ATyges","description":"","publisher":{"@id":"https:\/\/atyges.es\/pt\/#organization"},"potentialAction":[{"@type":"SearchAction","target":{"@type":"EntryPoint","urlTemplate":"https:\/\/atyges.es\/pt\/?s={search_term_string}"},"query-input":{"@type":"PropertyValueSpecification","valueRequired":true,"valueName":"search_term_string"}}],"inLanguage":"pt-PT"},{"@type":"Organization","@id":"https:\/\/atyges.es\/pt\/#organization","name":"Atyges","url":"https:\/\/atyges.es\/pt\/","logo":{"@type":"ImageObject","inLanguage":"pt-PT","@id":"https:\/\/atyges.es\/pt\/#\/schema\/logo\/image\/","url":"https:\/\/atyges.es\/wp-content\/uploads\/2022\/01\/Logo_ATyges_Store.png","contentUrl":"https:\/\/atyges.es\/wp-content\/uploads\/2022\/01\/Logo_ATyges_Store.png","width":1228,"height":200,"caption":"Atyges"},"image":{"@id":"https:\/\/atyges.es\/pt\/#\/schema\/logo\/image\/"}}]}},"jetpack_sharing_enabled":true,"_links":{"self":[{"href":"https:\/\/atyges.es\/pt\/wp-json\/wp\/v2\/product\/38578","targetHints":{"allow":["GET"]}}],"collection":[{"href":"https:\/\/atyges.es\/pt\/wp-json\/wp\/v2\/product"}],"about":[{"href":"https:\/\/atyges.es\/pt\/wp-json\/wp\/v2\/types\/product"}],"wp:featuredmedia":[{"embeddable":true,"href":"https:\/\/atyges.es\/pt\/wp-json\/wp\/v2\/media\/38514"}],"wp:attachment":[{"href":"https:\/\/atyges.es\/pt\/wp-json\/wp\/v2\/media?parent=38578"}],"wp:term":[{"taxonomy":"product_brand","embeddable":true,"href":"https:\/\/atyges.es\/pt\/wp-json\/wp\/v2\/product_brand?post=38578"},{"taxonomy":"product_cat","embeddable":true,"href":"https:\/\/atyges.es\/pt\/wp-json\/wp\/v2\/product_cat?post=38578"},{"taxonomy":"product_tag","embeddable":true,"href":"https:\/\/atyges.es\/pt\/wp-json\/wp\/v2\/product_tag?post=38578"}],"curies":[{"name":"wp","href":"https:\/\/api.w.org\/{rel}","templated":true}]}}