{"id":38109,"date":"2024-10-16T21:48:34","date_gmt":"2024-10-16T20:48:34","guid":{"rendered":"https:\/\/atyges.es\/product\/zwcad-2025-version-profesional\/"},"modified":"2024-10-17T16:39:00","modified_gmt":"2024-10-17T15:39:00","slug":"zwcad-2025-version-profesional","status":"publish","type":"product","link":"https:\/\/atyges.es\/pt\/tienda\/zwcad-2025-version-profesional\/","title":{"rendered":"ZWCAD 2025 Profissional"},"content":{"rendered":"<div class=\"n2-ss-layer n2-ow n2-ss-layer--block n2-ss-has-self-align n-uc-112697f05022a\" data-pm=\"normal\" data-sstype=\"row\">\n<div class=\"n2-ss-layer-row n2-ss-layer-with-background n-uc-112697f05022a-inner\">\n<div class=\"n2-ss-layer-row-inner \">\n<div class=\"n2-ss-layer n2-ow n-uc-1e1d6d787b2d9\" data-pm=\"default\" data-sstype=\"col\">\n<div class=\"n2-ss-layer-col n2-ss-layer-with-background n2-ss-layer-content n-uc-1e1d6d787b2d9-inner\">\n<div class=\"n2-ss-layer n2-ow n-uc-4Md9v6mbnmfF\" data-pm=\"normal\" data-hidemobileportrait=\"1\" data-sstype=\"layer\">\n<div class=\"n2-ss-item-content n2-ss-text n2-ow-all\">\n<div class=\"\">\n<div class=\"n2-ss-layer n2-ow n-uc-188a96f7c0306\" data-pm=\"normal\" data-sstype=\"layer\">\n<p><strong>Desenhe com efici\u00eancia:<\/strong><\/p>\n<ul>\n<li>Nuvem de pontos.<\/li>\n<li>Gestor de conjunto de planos.<\/li>\n<li>Subjac\u00eancia de PDF.<\/li>\n<li>Textos anotativos.<\/li>\n<li>Extra\u00e7\u00e3o de atributos de bloco.<\/li>\n<li>Propriedades de correspond\u00eancia.<\/li>\n<li>Importe DGN, PDF, IFC, STEP.<\/li>\n<li>Compara\u00e7\u00e3o de ficheiros.<\/li>\n<li>Sele\u00e7\u00e3o r\u00e1pida.<\/li>\n<li>Bloqueio de desenho.<\/li>\n<li>Remo\u00e7\u00e3o de duplicados OverKill.<\/li>\n<\/ul>\n<p><strong>Licen\u00e7as permanentes<\/strong><\/p>\n<p>N\u00e3o obrigamos ningu\u00e9m a pagar para sempre.<\/p>\n<p><strong>Licen\u00e7a Perp\u00e9tua<\/strong><\/p>\n<p>Com apenas uma licen\u00e7a, pode possuir o ZWCAD para sempre. N\u00e3o se preocupe mais com taxas de subscri\u00e7\u00e3o caras e repetitivas.<\/p>\n<p><strong>Licenciamento Flex\u00edvel<\/strong><\/p>\n<p>Escolha entre licen\u00e7as de utilizador \u00fanico ou de rede. Temos a op\u00e7\u00e3o certa para a sua necessidade e da sua empresa.<\/p>\n<p><strong>Atualiza\u00e7\u00e3o flex\u00edvel<\/strong><\/p>\n<p>Atualize para a vers\u00e3o mais recente a qualquer momento para tirar partido das funcionalidades e melhorias mais recentes.<\/p>\n<p><strong>O ZWCAD tamb\u00e9m \u00e9 suportado ao n\u00edvel API<\/strong><\/p>\n<p>A migra\u00e7\u00e3o das aplica\u00e7\u00f5es existentes para o ZWCAD \u00e9 imediata.<br \/>\nAdicione v\u00e1rias aplica\u00e7\u00f5es de terceiros, como TcpMDT, TopoCal, CADprofi, Spatial Manager, Cadprofi, TopoCal, Protopo, Urbicad ou GAIN Collaboration, entre muitas outras.<\/p>\n<p><strong>Aproveite as suas automa\u00e7\u00f5es.<\/strong><\/p>\n<p>Um bom software n\u00e3o o deixar\u00e1 \u00e0 espera. O ZWCAD oferece uma experi\u00eancia tranquila do in\u00edcio ao fim, aproveitando ao m\u00e1ximo os CPUs multi-core. Desde a abertura de ficheiros \u00e0 sele\u00e7\u00e3o, movimenta\u00e7\u00e3o, panor\u00e2mica e zoom, as nossas opera\u00e7\u00f5es comuns s\u00e3o realizadas com uma velocidade incompar\u00e1vel.<\/p>\n<p><img loading=\"lazy\" decoding=\"async\" class=\"aligncenter size-full wp-image-38084\" src=\"https:\/\/atyges.es\/wp-content\/uploads\/2024\/10\/ico07.gif\" alt=\"ZWCAD VS AUTOCAD\" width=\"583\" height=\"277\" \/><\/p>\n<\/div>\n<\/div>\n<\/div>\n<\/div>\n<\/div>\n<\/div>\n<\/div>\n<\/div>\n<\/div>\n\n\n<div class=\"kk-star-ratings kksr-auto kksr-align-center kksr-valign-bottom\"\n    data-payload='{&quot;align&quot;:&quot;center&quot;,&quot;id&quot;:&quot;38109&quot;,&quot;slug&quot;:&quot;default&quot;,&quot;valign&quot;:&quot;bottom&quot;,&quot;ignore&quot;:&quot;&quot;,&quot;reference&quot;:&quot;auto&quot;,&quot;class&quot;:&quot;&quot;,&quot;count&quot;:&quot;1&quot;,&quot;legendonly&quot;:&quot;&quot;,&quot;readonly&quot;:&quot;&quot;,&quot;score&quot;:&quot;5&quot;,&quot;starsonly&quot;:&quot;&quot;,&quot;best&quot;:&quot;5&quot;,&quot;gap&quot;:&quot;5&quot;,&quot;greet&quot;:&quot;Val\u00f3ranos&quot;,&quot;legend&quot;:&quot;5\\\/5 - (1 vote)&quot;,&quot;size&quot;:&quot;24&quot;,&quot;title&quot;:&quot;ZWCAD 2025 Profissional&quot;,&quot;width&quot;:&quot;142.5&quot;,&quot;_legend&quot;:&quot;{score}\\\/{best} - ({count} {votes})&quot;,&quot;font_factor&quot;:&quot;1.25&quot;}'>\n            \n<div class=\"kksr-stars\">\n    \n<div class=\"kksr-stars-inactive\">\n            <div class=\"kksr-star\" data-star=\"1\" style=\"padding-right: 5px\">\n            \n\n<div class=\"kksr-icon\" style=\"width: 24px; height: 24px;\"><\/div>\n        <\/div>\n            <div class=\"kksr-star\" data-star=\"2\" style=\"padding-right: 5px\">\n            \n\n<div class=\"kksr-icon\" style=\"width: 24px; height: 24px;\"><\/div>\n        <\/div>\n            <div class=\"kksr-star\" data-star=\"3\" style=\"padding-right: 5px\">\n            \n\n<div class=\"kksr-icon\" style=\"width: 24px; height: 24px;\"><\/div>\n        <\/div>\n            <div class=\"kksr-star\" data-star=\"4\" style=\"padding-right: 5px\">\n            \n\n<div class=\"kksr-icon\" style=\"width: 24px; height: 24px;\"><\/div>\n        <\/div>\n            <div class=\"kksr-star\" data-star=\"5\" style=\"padding-right: 5px\">\n            \n\n<div class=\"kksr-icon\" style=\"width: 24px; height: 24px;\"><\/div>\n        <\/div>\n    <\/div>\n    \n<div class=\"kksr-stars-active\" style=\"width: 142.5px;\">\n            <div class=\"kksr-star\" style=\"padding-right: 5px\">\n            \n\n<div class=\"kksr-icon\" style=\"width: 24px; height: 24px;\"><\/div>\n        <\/div>\n            <div class=\"kksr-star\" style=\"padding-right: 5px\">\n            \n\n<div class=\"kksr-icon\" style=\"width: 24px; height: 24px;\"><\/div>\n        <\/div>\n            <div class=\"kksr-star\" style=\"padding-right: 5px\">\n            \n\n<div class=\"kksr-icon\" style=\"width: 24px; height: 24px;\"><\/div>\n        <\/div>\n            <div class=\"kksr-star\" style=\"padding-right: 5px\">\n            \n\n<div class=\"kksr-icon\" style=\"width: 24px; height: 24px;\"><\/div>\n        <\/div>\n            <div class=\"kksr-star\" style=\"padding-right: 5px\">\n            \n\n<div class=\"kksr-icon\" style=\"width: 24px; height: 24px;\"><\/div>\n        <\/div>\n    <\/div>\n<\/div>\n                \n\n<div class=\"kksr-legend\" style=\"font-size: 19.2px;\">\n            5\/5 - (1 vote)    <\/div>\n    <\/div>\n","protected":false},"excerpt":{"rendered":"<h1>ZWCAD 2025<\/h1>\n<p>O ZWCAD \u00e9 uma solu\u00e7\u00e3o CAD 2D e 3D r\u00e1pida e poderosa que oferece suporte completo para o formato de ficheiro DWG padr\u00e3o da ind\u00fastria. Permite que arquitetos, engenheiros e designers nas ind\u00fastrias de AEC e de fabrico d\u00eaem vida \u00e0s suas vis\u00f5es criativas sem esfor\u00e7o.<\/p>\n<p><a href=\"https:\/\/www.zwsoft.com\/es\/product\/zwcad?wvideo=v7rg70up9t\"><img loading=\"lazy\" decoding=\"async\" class=\"alignnone\" src=\"https:\/\/embed-ssl.wistia.com\/deliveries\/9f836a0646197608ded6d19933394958.jpg?wistia-v7rg70up9t-1-v7rg70up9t-video-thumbnail=1&amp;image_play_button_size=2x&amp;image_crop_resized=960x540&amp;image_play_button=1&amp;image_play_button_color=174bd2e0\" alt=\"\" width=\"400\" height=\"225\" \/><\/a><\/p>\n<p><a href=\"https:\/\/atyges.es\/wp-content\/uploads\/2024\/10\/Comparativa-ZWCAD-2025-vs-Autocad.pdf\">Descargar: Comparativa ZWCAD 2025 vs Autocad<\/a><\/p>\n<p><strong>Compatibilidade<\/strong><\/p>\n<p>Totalmente compat\u00edvel com DWG, DXF, DWT e outros formatos de ficheiros comuns.<\/p>\n<p><strong>Interface familiar<\/strong><\/p>\n<p>A interface e os comandos ser-lhe-\u00e3o familiares. Escolha entre cl\u00e1ssico ou fita, escuro ou claro.<\/p>\n<p><strong>Personaliz\u00e1vel<\/strong><\/p>\n<p>Desenvolva ou migre facilmente aplica\u00e7\u00f5es de terceiros com APIs como LISP, VBA, ZRX e .NET.<\/p>\n<p><strong>Migra\u00e7\u00e3o de projeto numa etapa<\/strong><\/p>\n<p>Migre facilmente as suas impressoras, modelos, tipos de letra, aliases de comando e padr\u00f5es raster.<\/p>\n","protected":false},"featured_media":38089,"template":"","meta":[],"product_brand":[],"product_cat":[1445,1292],"product_tag":[1794,1795,1796],"class_list":{"0":"post-38109","1":"product","2":"type-product","3":"status-publish","4":"has-post-thumbnail","6":"product_cat-dispositivos-e-softwares-de-topografia","7":"product_cat-topografia-e-software-de-engenharia","8":"product_tag-autocad-pt","9":"product_tag-cad-pt","10":"product_tag-zwcad-pt","12":"first","13":"instock","14":"taxable","15":"shipping-taxable","16":"purchasable","17":"product-type-variable","18":"has-default-attributes"},"yoast_head":"<!-- This site is optimized with the Yoast SEO plugin v27.4 - https:\/\/yoast.com\/product\/yoast-seo-wordpress\/ -->\n<title>ZWCAD 2025 | Software CAD 2D e 3D | Revendedor autorizado ATyges<\/title>\n<meta name=\"description\" content=\"O ZWCAD 2025 \u00e9 uma solu\u00e7\u00e3o CAD 2D e 3D r\u00e1pida e poderosa que oferece suporte completo para o formato de ficheiro DWG padr\u00e3o da ind\u00fastria. | Revendedor autorizado ATyges ZWCAD\" \/>\n<meta name=\"robots\" content=\"index, follow, max-snippet:-1, max-image-preview:large, max-video-preview:-1\" \/>\n<link rel=\"canonical\" href=\"https:\/\/atyges.es\/pt\/tienda\/zwcad-2025-version-profesional\/\" \/>\n<meta property=\"og:locale\" content=\"pt_PT\" \/>\n<meta property=\"og:type\" content=\"article\" \/>\n<meta property=\"og:title\" content=\"ZWCAD 2025 | Software CAD 2D e 3D | Revendedor autorizado ATyges\" \/>\n<meta property=\"og:description\" content=\"O ZWCAD 2025 \u00e9 uma solu\u00e7\u00e3o CAD 2D e 3D r\u00e1pida e poderosa que oferece suporte completo para o formato de ficheiro DWG padr\u00e3o da ind\u00fastria. | Revendedor autorizado ATyges ZWCAD\" \/>\n<meta property=\"og:url\" content=\"https:\/\/atyges.es\/pt\/tienda\/zwcad-2025-version-profesional\/\" \/>\n<meta property=\"og:site_name\" content=\"ATyges\" \/>\n<meta property=\"article:modified_time\" content=\"2024-10-17T15:39:00+00:00\" \/>\n<meta property=\"og:image\" content=\"https:\/\/atyges.es\/wp-content\/uploads\/2024\/10\/ZWCAD_PRO_2025.jpeg\" \/>\n\t<meta property=\"og:image:width\" content=\"225\" \/>\n\t<meta property=\"og:image:height\" content=\"225\" \/>\n\t<meta property=\"og:image:type\" content=\"image\/jpeg\" \/>\n<meta name=\"twitter:card\" content=\"summary_large_image\" \/>\n<meta name=\"twitter:label1\" content=\"Tempo estimado de leitura\" \/>\n\t<meta name=\"twitter:data1\" content=\"1 minuto\" \/>\n<script type=\"application\/ld+json\" class=\"yoast-schema-graph\">{\"@context\":\"https:\\\/\\\/schema.org\",\"@graph\":[{\"@type\":\"WebPage\",\"@id\":\"https:\\\/\\\/atyges.es\\\/pt\\\/tienda\\\/zwcad-2025-version-profesional\\\/\",\"url\":\"https:\\\/\\\/atyges.es\\\/pt\\\/tienda\\\/zwcad-2025-version-profesional\\\/\",\"name\":\"ZWCAD 2025 | Software CAD 2D e 3D | Revendedor autorizado ATyges\",\"isPartOf\":{\"@id\":\"https:\\\/\\\/atyges.es\\\/pt\\\/#website\"},\"primaryImageOfPage\":{\"@id\":\"https:\\\/\\\/atyges.es\\\/pt\\\/tienda\\\/zwcad-2025-version-profesional\\\/#primaryimage\"},\"image\":{\"@id\":\"https:\\\/\\\/atyges.es\\\/pt\\\/tienda\\\/zwcad-2025-version-profesional\\\/#primaryimage\"},\"thumbnailUrl\":\"https:\\\/\\\/atyges.es\\\/wp-content\\\/uploads\\\/2024\\\/10\\\/ZWCAD_PRO_2025.jpeg\",\"datePublished\":\"2024-10-16T20:48:34+00:00\",\"dateModified\":\"2024-10-17T15:39:00+00:00\",\"description\":\"O ZWCAD 2025 \u00e9 uma solu\u00e7\u00e3o CAD 2D e 3D r\u00e1pida e poderosa que oferece suporte completo para o formato de ficheiro DWG padr\u00e3o da ind\u00fastria. | Revendedor autorizado ATyges ZWCAD\",\"breadcrumb\":{\"@id\":\"https:\\\/\\\/atyges.es\\\/pt\\\/tienda\\\/zwcad-2025-version-profesional\\\/#breadcrumb\"},\"inLanguage\":\"pt-PT\",\"potentialAction\":[{\"@type\":\"ReadAction\",\"target\":[\"https:\\\/\\\/atyges.es\\\/pt\\\/tienda\\\/zwcad-2025-version-profesional\\\/\"]}]},{\"@type\":\"ImageObject\",\"inLanguage\":\"pt-PT\",\"@id\":\"https:\\\/\\\/atyges.es\\\/pt\\\/tienda\\\/zwcad-2025-version-profesional\\\/#primaryimage\",\"url\":\"https:\\\/\\\/atyges.es\\\/wp-content\\\/uploads\\\/2024\\\/10\\\/ZWCAD_PRO_2025.jpeg\",\"contentUrl\":\"https:\\\/\\\/atyges.es\\\/wp-content\\\/uploads\\\/2024\\\/10\\\/ZWCAD_PRO_2025.jpeg\",\"width\":225,\"height\":225,\"caption\":\"ZWCAD_PRO_2025\"},{\"@type\":\"BreadcrumbList\",\"@id\":\"https:\\\/\\\/atyges.es\\\/pt\\\/tienda\\\/zwcad-2025-version-profesional\\\/#breadcrumb\",\"itemListElement\":[{\"@type\":\"ListItem\",\"position\":1,\"name\":\"Portada\",\"item\":\"https:\\\/\\\/atyges.es\\\/pt\\\/\"},{\"@type\":\"ListItem\",\"position\":2,\"name\":\"Produtos\",\"item\":\"https:\\\/\\\/atyges.es\\\/pt\\\/shop\\\/\"},{\"@type\":\"ListItem\",\"position\":3,\"name\":\"ZWCAD 2025 Profissional\"}]},{\"@type\":\"WebSite\",\"@id\":\"https:\\\/\\\/atyges.es\\\/pt\\\/#website\",\"url\":\"https:\\\/\\\/atyges.es\\\/pt\\\/\",\"name\":\"ATyges\",\"description\":\"\",\"publisher\":{\"@id\":\"https:\\\/\\\/atyges.es\\\/pt\\\/#organization\"},\"potentialAction\":[{\"@type\":\"SearchAction\",\"target\":{\"@type\":\"EntryPoint\",\"urlTemplate\":\"https:\\\/\\\/atyges.es\\\/pt\\\/?s={search_term_string}\"},\"query-input\":{\"@type\":\"PropertyValueSpecification\",\"valueRequired\":true,\"valueName\":\"search_term_string\"}}],\"inLanguage\":\"pt-PT\"},{\"@type\":\"Organization\",\"@id\":\"https:\\\/\\\/atyges.es\\\/pt\\\/#organization\",\"name\":\"Atyges\",\"url\":\"https:\\\/\\\/atyges.es\\\/pt\\\/\",\"logo\":{\"@type\":\"ImageObject\",\"inLanguage\":\"pt-PT\",\"@id\":\"https:\\\/\\\/atyges.es\\\/pt\\\/#\\\/schema\\\/logo\\\/image\\\/\",\"url\":\"https:\\\/\\\/atyges.es\\\/wp-content\\\/uploads\\\/2022\\\/01\\\/Logo_ATyges_Store.png\",\"contentUrl\":\"https:\\\/\\\/atyges.es\\\/wp-content\\\/uploads\\\/2022\\\/01\\\/Logo_ATyges_Store.png\",\"width\":1228,\"height\":200,\"caption\":\"Atyges\"},\"image\":{\"@id\":\"https:\\\/\\\/atyges.es\\\/pt\\\/#\\\/schema\\\/logo\\\/image\\\/\"}}]}<\/script>\n<!-- \/ Yoast SEO plugin. -->","yoast_head_json":{"title":"ZWCAD 2025 | Software CAD 2D e 3D | Revendedor autorizado ATyges","description":"O ZWCAD 2025 \u00e9 uma solu\u00e7\u00e3o CAD 2D e 3D r\u00e1pida e poderosa que oferece suporte completo para o formato de ficheiro DWG padr\u00e3o da ind\u00fastria. | Revendedor autorizado ATyges ZWCAD","robots":{"index":"index","follow":"follow","max-snippet":"max-snippet:-1","max-image-preview":"max-image-preview:large","max-video-preview":"max-video-preview:-1"},"canonical":"https:\/\/atyges.es\/pt\/tienda\/zwcad-2025-version-profesional\/","og_locale":"pt_PT","og_type":"article","og_title":"ZWCAD 2025 | Software CAD 2D e 3D | Revendedor autorizado ATyges","og_description":"O ZWCAD 2025 \u00e9 uma solu\u00e7\u00e3o CAD 2D e 3D r\u00e1pida e poderosa que oferece suporte completo para o formato de ficheiro DWG padr\u00e3o da ind\u00fastria. | Revendedor autorizado ATyges ZWCAD","og_url":"https:\/\/atyges.es\/pt\/tienda\/zwcad-2025-version-profesional\/","og_site_name":"ATyges","article_modified_time":"2024-10-17T15:39:00+00:00","og_image":[{"width":225,"height":225,"url":"https:\/\/atyges.es\/wp-content\/uploads\/2024\/10\/ZWCAD_PRO_2025.jpeg","type":"image\/jpeg"}],"twitter_card":"summary_large_image","twitter_misc":{"Tempo estimado de leitura":"1 minuto"},"schema":{"@context":"https:\/\/schema.org","@graph":[{"@type":"WebPage","@id":"https:\/\/atyges.es\/pt\/tienda\/zwcad-2025-version-profesional\/","url":"https:\/\/atyges.es\/pt\/tienda\/zwcad-2025-version-profesional\/","name":"ZWCAD 2025 | Software CAD 2D e 3D | Revendedor autorizado ATyges","isPartOf":{"@id":"https:\/\/atyges.es\/pt\/#website"},"primaryImageOfPage":{"@id":"https:\/\/atyges.es\/pt\/tienda\/zwcad-2025-version-profesional\/#primaryimage"},"image":{"@id":"https:\/\/atyges.es\/pt\/tienda\/zwcad-2025-version-profesional\/#primaryimage"},"thumbnailUrl":"https:\/\/atyges.es\/wp-content\/uploads\/2024\/10\/ZWCAD_PRO_2025.jpeg","datePublished":"2024-10-16T20:48:34+00:00","dateModified":"2024-10-17T15:39:00+00:00","description":"O ZWCAD 2025 \u00e9 uma solu\u00e7\u00e3o CAD 2D e 3D r\u00e1pida e poderosa que oferece suporte completo para o formato de ficheiro DWG padr\u00e3o da ind\u00fastria. | Revendedor autorizado ATyges ZWCAD","breadcrumb":{"@id":"https:\/\/atyges.es\/pt\/tienda\/zwcad-2025-version-profesional\/#breadcrumb"},"inLanguage":"pt-PT","potentialAction":[{"@type":"ReadAction","target":["https:\/\/atyges.es\/pt\/tienda\/zwcad-2025-version-profesional\/"]}]},{"@type":"ImageObject","inLanguage":"pt-PT","@id":"https:\/\/atyges.es\/pt\/tienda\/zwcad-2025-version-profesional\/#primaryimage","url":"https:\/\/atyges.es\/wp-content\/uploads\/2024\/10\/ZWCAD_PRO_2025.jpeg","contentUrl":"https:\/\/atyges.es\/wp-content\/uploads\/2024\/10\/ZWCAD_PRO_2025.jpeg","width":225,"height":225,"caption":"ZWCAD_PRO_2025"},{"@type":"BreadcrumbList","@id":"https:\/\/atyges.es\/pt\/tienda\/zwcad-2025-version-profesional\/#breadcrumb","itemListElement":[{"@type":"ListItem","position":1,"name":"Portada","item":"https:\/\/atyges.es\/pt\/"},{"@type":"ListItem","position":2,"name":"Produtos","item":"https:\/\/atyges.es\/pt\/shop\/"},{"@type":"ListItem","position":3,"name":"ZWCAD 2025 Profissional"}]},{"@type":"WebSite","@id":"https:\/\/atyges.es\/pt\/#website","url":"https:\/\/atyges.es\/pt\/","name":"ATyges","description":"","publisher":{"@id":"https:\/\/atyges.es\/pt\/#organization"},"potentialAction":[{"@type":"SearchAction","target":{"@type":"EntryPoint","urlTemplate":"https:\/\/atyges.es\/pt\/?s={search_term_string}"},"query-input":{"@type":"PropertyValueSpecification","valueRequired":true,"valueName":"search_term_string"}}],"inLanguage":"pt-PT"},{"@type":"Organization","@id":"https:\/\/atyges.es\/pt\/#organization","name":"Atyges","url":"https:\/\/atyges.es\/pt\/","logo":{"@type":"ImageObject","inLanguage":"pt-PT","@id":"https:\/\/atyges.es\/pt\/#\/schema\/logo\/image\/","url":"https:\/\/atyges.es\/wp-content\/uploads\/2022\/01\/Logo_ATyges_Store.png","contentUrl":"https:\/\/atyges.es\/wp-content\/uploads\/2022\/01\/Logo_ATyges_Store.png","width":1228,"height":200,"caption":"Atyges"},"image":{"@id":"https:\/\/atyges.es\/pt\/#\/schema\/logo\/image\/"}}]}},"jetpack_sharing_enabled":true,"_links":{"self":[{"href":"https:\/\/atyges.es\/pt\/wp-json\/wp\/v2\/product\/38109","targetHints":{"allow":["GET"]}}],"collection":[{"href":"https:\/\/atyges.es\/pt\/wp-json\/wp\/v2\/product"}],"about":[{"href":"https:\/\/atyges.es\/pt\/wp-json\/wp\/v2\/types\/product"}],"wp:featuredmedia":[{"embeddable":true,"href":"https:\/\/atyges.es\/pt\/wp-json\/wp\/v2\/media\/38089"}],"wp:attachment":[{"href":"https:\/\/atyges.es\/pt\/wp-json\/wp\/v2\/media?parent=38109"}],"wp:term":[{"taxonomy":"product_brand","embeddable":true,"href":"https:\/\/atyges.es\/pt\/wp-json\/wp\/v2\/product_brand?post=38109"},{"taxonomy":"product_cat","embeddable":true,"href":"https:\/\/atyges.es\/pt\/wp-json\/wp\/v2\/product_cat?post=38109"},{"taxonomy":"product_tag","embeddable":true,"href":"https:\/\/atyges.es\/pt\/wp-json\/wp\/v2\/product_tag?post=38109"}],"curies":[{"name":"wp","href":"https:\/\/api.w.org\/{rel}","templated":true}]}}