{"id":38073,"date":"2024-10-16T19:17:57","date_gmt":"2024-10-16T18:17:58","guid":{"rendered":"https:\/\/atyges.es\/?post_type=product&#038;p=38073"},"modified":"2024-10-16T19:42:15","modified_gmt":"2024-10-16T18:42:15","slug":"kit-standard-de-digitalizacao-pix4d-e-emlid-copia-2","status":"publish","type":"product","link":"https:\/\/atyges.es\/pt\/tienda\/product\/kit-de-digitalizacao-emlid\/","title":{"rendered":"Kit de digitaliza\u00e7\u00e3o Emlid"},"content":{"rendered":"\n\n<div class=\"kk-star-ratings kksr-auto kksr-align-center kksr-valign-bottom\"\n    data-payload='{&quot;align&quot;:&quot;center&quot;,&quot;id&quot;:&quot;38073&quot;,&quot;slug&quot;:&quot;default&quot;,&quot;valign&quot;:&quot;bottom&quot;,&quot;ignore&quot;:&quot;&quot;,&quot;reference&quot;:&quot;auto&quot;,&quot;class&quot;:&quot;&quot;,&quot;count&quot;:&quot;0&quot;,&quot;legendonly&quot;:&quot;&quot;,&quot;readonly&quot;:&quot;&quot;,&quot;score&quot;:&quot;0&quot;,&quot;starsonly&quot;:&quot;&quot;,&quot;best&quot;:&quot;5&quot;,&quot;gap&quot;:&quot;5&quot;,&quot;greet&quot;:&quot;Val\u00f3ranos&quot;,&quot;legend&quot;:&quot;0\\\/5 - (0 votes)&quot;,&quot;size&quot;:&quot;24&quot;,&quot;title&quot;:&quot;Kit de digitaliza\u00e7\u00e3o Emlid&quot;,&quot;width&quot;:&quot;0&quot;,&quot;_legend&quot;:&quot;{score}\\\/{best} - ({count} {votes})&quot;,&quot;font_factor&quot;:&quot;1.25&quot;}'>\n            \n<div class=\"kksr-stars\">\n    \n<div class=\"kksr-stars-inactive\">\n            <div class=\"kksr-star\" data-star=\"1\" style=\"padding-right: 5px\">\n            \n\n<div class=\"kksr-icon\" style=\"width: 24px; height: 24px;\"><\/div>\n        <\/div>\n            <div class=\"kksr-star\" data-star=\"2\" style=\"padding-right: 5px\">\n            \n\n<div class=\"kksr-icon\" style=\"width: 24px; height: 24px;\"><\/div>\n        <\/div>\n            <div class=\"kksr-star\" data-star=\"3\" style=\"padding-right: 5px\">\n            \n\n<div class=\"kksr-icon\" style=\"width: 24px; height: 24px;\"><\/div>\n        <\/div>\n            <div class=\"kksr-star\" data-star=\"4\" style=\"padding-right: 5px\">\n            \n\n<div class=\"kksr-icon\" style=\"width: 24px; height: 24px;\"><\/div>\n        <\/div>\n            <div class=\"kksr-star\" data-star=\"5\" style=\"padding-right: 5px\">\n            \n\n<div class=\"kksr-icon\" style=\"width: 24px; height: 24px;\"><\/div>\n        <\/div>\n    <\/div>\n    \n<div class=\"kksr-stars-active\" style=\"width: 0px;\">\n            <div class=\"kksr-star\" style=\"padding-right: 5px\">\n            \n\n<div class=\"kksr-icon\" style=\"width: 24px; height: 24px;\"><\/div>\n        <\/div>\n            <div class=\"kksr-star\" style=\"padding-right: 5px\">\n            \n\n<div class=\"kksr-icon\" style=\"width: 24px; height: 24px;\"><\/div>\n        <\/div>\n            <div class=\"kksr-star\" style=\"padding-right: 5px\">\n            \n\n<div class=\"kksr-icon\" style=\"width: 24px; height: 24px;\"><\/div>\n        <\/div>\n            <div class=\"kksr-star\" style=\"padding-right: 5px\">\n            \n\n<div class=\"kksr-icon\" style=\"width: 24px; height: 24px;\"><\/div>\n        <\/div>\n            <div class=\"kksr-star\" style=\"padding-right: 5px\">\n            \n\n<div class=\"kksr-icon\" style=\"width: 24px; height: 24px;\"><\/div>\n        <\/div>\n    <\/div>\n<\/div>\n                \n\n<div class=\"kksr-legend\" style=\"font-size: 19.2px;\">\n            <span class=\"kksr-muted\">Val\u00f3ranos<\/span>\n    <\/div>\n    <\/div>\n","protected":false},"excerpt":{"rendered":"<h3>O kit inclui uma solu\u00e7\u00e3o de hardware para os utilizadores existentes do Reach RX e PIX4Dcatch.<\/h3>\n<p>O kit inclui:<\/p>\n<ul>\n<li>Suporte port\u00e1til com pega para digitaliza\u00e7\u00e3o.<\/li>\n<li>5 etiquetas para georreferencia\u00e7\u00e3o autom\u00e1tica de pontos (Tags).<\/li>\n<li>Chave Allen de 3mm.<\/li>\n<li>Estojo de transporte.<\/li>\n<\/ul>\n<p><span style=\"color: #004e9b;\"><strong>Importante: Este produto n\u00e3o inclui licen\u00e7as de software para o PIX4Dcatch ou para o receptor GPS Reach RX.<\/strong><\/span><\/p>\n","protected":false},"featured_media":38079,"template":"","meta":[],"product_brand":[],"product_cat":[1444,1445,1282],"product_tag":[1407,1404,1491,1492,1406],"class_list":{"0":"post-38073","1":"product","2":"type-product","3":"status-publish","4":"has-post-thumbnail","6":"product_cat-acessorios-gps","7":"product_cat-dispositivos-e-softwares-de-topografia","8":"product_cat-pix4d-pt","9":"product_tag-gnss-pt","10":"product_tag-gps-pt","11":"product_tag-reach-rx-pt","12":"product_tag-rover-pt","13":"product_tag-rtk-pt","14":"product_shipping_class-mrw-24-48-h-pt","16":"first","17":"instock","18":"taxable","19":"shipping-taxable","20":"purchasable","21":"product-type-simple"},"yoast_head":"<!-- This site is optimized with the Yoast SEO plugin v27.2 - https:\/\/yoast.com\/product\/yoast-seo-wordpress\/ -->\n<title>Kit de escaneado Emlid | Distribuidor Oficial | ATyges \u00ae<\/title>\n<meta name=\"description\" content=\"Kit de escaneado Emlid\u2b50 Escanea con precisi\u00f3n centim\u00e9trica \u2b50 Precisi\u00f3n y Calidad \u2705\u30101er Distribuidor Oficial Emlid &amp; Pix4D\u3011\u2705\" \/>\n<meta name=\"robots\" content=\"index, follow, max-snippet:-1, max-image-preview:large, max-video-preview:-1\" \/>\n<link rel=\"canonical\" href=\"https:\/\/atyges.es\/pt\/tienda\/product\/kit-de-digitalizacao-emlid\/\" \/>\n<meta property=\"og:locale\" content=\"pt_PT\" \/>\n<meta property=\"og:type\" content=\"article\" \/>\n<meta property=\"og:title\" content=\"Kit de escaneado Emlid | Distribuidor Oficial | ATyges \u00ae\" \/>\n<meta property=\"og:description\" content=\"Kit de escaneado Emlid\u2b50 Escanea con precisi\u00f3n centim\u00e9trica \u2b50 Precisi\u00f3n y Calidad \u2705\u30101er Distribuidor Oficial Emlid &amp; Pix4D\u3011\u2705\" \/>\n<meta property=\"og:url\" content=\"https:\/\/atyges.es\/pt\/tienda\/product\/kit-de-digitalizacao-emlid\/\" \/>\n<meta property=\"og:site_name\" content=\"ATyges\" \/>\n<meta property=\"article:modified_time\" content=\"2024-10-16T18:42:15+00:00\" \/>\n<meta property=\"og:image\" content=\"https:\/\/atyges.es\/wp-content\/uploads\/2024\/10\/EMLID_PIX4D_ACT_ATyges.jpg\" \/>\n\t<meta property=\"og:image:width\" content=\"1200\" \/>\n\t<meta property=\"og:image:height\" content=\"1200\" \/>\n\t<meta property=\"og:image:type\" content=\"image\/jpeg\" \/>\n<meta name=\"twitter:card\" content=\"summary_large_image\" \/>\n<script type=\"application\/ld+json\" class=\"yoast-schema-graph\">{\"@context\":\"https:\/\/schema.org\",\"@graph\":[{\"@type\":\"WebPage\",\"@id\":\"https:\/\/atyges.es\/pt\/tienda\/product\/kit-de-digitalizacao-emlid\/\",\"url\":\"https:\/\/atyges.es\/pt\/tienda\/product\/kit-de-digitalizacao-emlid\/\",\"name\":\"Kit de escaneado Emlid | Distribuidor Oficial | ATyges \u00ae\",\"isPartOf\":{\"@id\":\"https:\/\/atyges.es\/pt\/#website\"},\"primaryImageOfPage\":{\"@id\":\"https:\/\/atyges.es\/pt\/tienda\/product\/kit-de-digitalizacao-emlid\/#primaryimage\"},\"image\":{\"@id\":\"https:\/\/atyges.es\/pt\/tienda\/product\/kit-de-digitalizacao-emlid\/#primaryimage\"},\"thumbnailUrl\":\"https:\/\/atyges.es\/wp-content\/uploads\/2024\/10\/EMLID_PIX4D_ACT_ATyges.jpg\",\"datePublished\":\"2024-10-16T18:17:58+00:00\",\"dateModified\":\"2024-10-16T18:42:15+00:00\",\"description\":\"Kit de escaneado Emlid\u2b50 Escanea con precisi\u00f3n centim\u00e9trica \u2b50 Precisi\u00f3n y Calidad \u2705\u30101er Distribuidor Oficial Emlid & Pix4D\u3011\u2705\",\"breadcrumb\":{\"@id\":\"https:\/\/atyges.es\/pt\/tienda\/product\/kit-de-digitalizacao-emlid\/#breadcrumb\"},\"inLanguage\":\"pt-PT\",\"potentialAction\":[{\"@type\":\"ReadAction\",\"target\":[\"https:\/\/atyges.es\/pt\/tienda\/product\/kit-de-digitalizacao-emlid\/\"]}]},{\"@type\":\"ImageObject\",\"inLanguage\":\"pt-PT\",\"@id\":\"https:\/\/atyges.es\/pt\/tienda\/product\/kit-de-digitalizacao-emlid\/#primaryimage\",\"url\":\"https:\/\/atyges.es\/wp-content\/uploads\/2024\/10\/EMLID_PIX4D_ACT_ATyges.jpg\",\"contentUrl\":\"https:\/\/atyges.es\/wp-content\/uploads\/2024\/10\/EMLID_PIX4D_ACT_ATyges.jpg\",\"width\":1200,\"height\":1200,\"caption\":\"Kit de escaneo Emlid\"},{\"@type\":\"BreadcrumbList\",\"@id\":\"https:\/\/atyges.es\/pt\/tienda\/product\/kit-de-digitalizacao-emlid\/#breadcrumb\",\"itemListElement\":[{\"@type\":\"ListItem\",\"position\":1,\"name\":\"Portada\",\"item\":\"https:\/\/atyges.es\/pt\/\"},{\"@type\":\"ListItem\",\"position\":2,\"name\":\"Produtos\",\"item\":\"https:\/\/atyges.es\/pt\/shop\/\"},{\"@type\":\"ListItem\",\"position\":3,\"name\":\"Kit de digitaliza\u00e7\u00e3o Emlid\"}]},{\"@type\":\"WebSite\",\"@id\":\"https:\/\/atyges.es\/pt\/#website\",\"url\":\"https:\/\/atyges.es\/pt\/\",\"name\":\"ATyges\",\"description\":\"\",\"publisher\":{\"@id\":\"https:\/\/atyges.es\/pt\/#organization\"},\"potentialAction\":[{\"@type\":\"SearchAction\",\"target\":{\"@type\":\"EntryPoint\",\"urlTemplate\":\"https:\/\/atyges.es\/pt\/?s={search_term_string}\"},\"query-input\":{\"@type\":\"PropertyValueSpecification\",\"valueRequired\":true,\"valueName\":\"search_term_string\"}}],\"inLanguage\":\"pt-PT\"},{\"@type\":\"Organization\",\"@id\":\"https:\/\/atyges.es\/pt\/#organization\",\"name\":\"Atyges\",\"url\":\"https:\/\/atyges.es\/pt\/\",\"logo\":{\"@type\":\"ImageObject\",\"inLanguage\":\"pt-PT\",\"@id\":\"https:\/\/atyges.es\/pt\/#\/schema\/logo\/image\/\",\"url\":\"https:\/\/atyges.es\/wp-content\/uploads\/2022\/01\/Logo_ATyges_Store.png\",\"contentUrl\":\"https:\/\/atyges.es\/wp-content\/uploads\/2022\/01\/Logo_ATyges_Store.png\",\"width\":1228,\"height\":200,\"caption\":\"Atyges\"},\"image\":{\"@id\":\"https:\/\/atyges.es\/pt\/#\/schema\/logo\/image\/\"}}]}<\/script>\n<!-- \/ Yoast SEO plugin. -->","yoast_head_json":{"title":"Kit de escaneado Emlid | Distribuidor Oficial | ATyges \u00ae","description":"Kit de escaneado Emlid\u2b50 Escanea con precisi\u00f3n centim\u00e9trica \u2b50 Precisi\u00f3n y Calidad \u2705\u30101er Distribuidor Oficial Emlid & Pix4D\u3011\u2705","robots":{"index":"index","follow":"follow","max-snippet":"max-snippet:-1","max-image-preview":"max-image-preview:large","max-video-preview":"max-video-preview:-1"},"canonical":"https:\/\/atyges.es\/pt\/tienda\/product\/kit-de-digitalizacao-emlid\/","og_locale":"pt_PT","og_type":"article","og_title":"Kit de escaneado Emlid | Distribuidor Oficial | ATyges \u00ae","og_description":"Kit de escaneado Emlid\u2b50 Escanea con precisi\u00f3n centim\u00e9trica \u2b50 Precisi\u00f3n y Calidad \u2705\u30101er Distribuidor Oficial Emlid & Pix4D\u3011\u2705","og_url":"https:\/\/atyges.es\/pt\/tienda\/product\/kit-de-digitalizacao-emlid\/","og_site_name":"ATyges","article_modified_time":"2024-10-16T18:42:15+00:00","og_image":[{"width":1200,"height":1200,"url":"https:\/\/atyges.es\/wp-content\/uploads\/2024\/10\/EMLID_PIX4D_ACT_ATyges.jpg","type":"image\/jpeg"}],"twitter_card":"summary_large_image","schema":{"@context":"https:\/\/schema.org","@graph":[{"@type":"WebPage","@id":"https:\/\/atyges.es\/pt\/tienda\/product\/kit-de-digitalizacao-emlid\/","url":"https:\/\/atyges.es\/pt\/tienda\/product\/kit-de-digitalizacao-emlid\/","name":"Kit de escaneado Emlid | Distribuidor Oficial | ATyges \u00ae","isPartOf":{"@id":"https:\/\/atyges.es\/pt\/#website"},"primaryImageOfPage":{"@id":"https:\/\/atyges.es\/pt\/tienda\/product\/kit-de-digitalizacao-emlid\/#primaryimage"},"image":{"@id":"https:\/\/atyges.es\/pt\/tienda\/product\/kit-de-digitalizacao-emlid\/#primaryimage"},"thumbnailUrl":"https:\/\/atyges.es\/wp-content\/uploads\/2024\/10\/EMLID_PIX4D_ACT_ATyges.jpg","datePublished":"2024-10-16T18:17:58+00:00","dateModified":"2024-10-16T18:42:15+00:00","description":"Kit de escaneado Emlid\u2b50 Escanea con precisi\u00f3n centim\u00e9trica \u2b50 Precisi\u00f3n y Calidad \u2705\u30101er Distribuidor Oficial Emlid & Pix4D\u3011\u2705","breadcrumb":{"@id":"https:\/\/atyges.es\/pt\/tienda\/product\/kit-de-digitalizacao-emlid\/#breadcrumb"},"inLanguage":"pt-PT","potentialAction":[{"@type":"ReadAction","target":["https:\/\/atyges.es\/pt\/tienda\/product\/kit-de-digitalizacao-emlid\/"]}]},{"@type":"ImageObject","inLanguage":"pt-PT","@id":"https:\/\/atyges.es\/pt\/tienda\/product\/kit-de-digitalizacao-emlid\/#primaryimage","url":"https:\/\/atyges.es\/wp-content\/uploads\/2024\/10\/EMLID_PIX4D_ACT_ATyges.jpg","contentUrl":"https:\/\/atyges.es\/wp-content\/uploads\/2024\/10\/EMLID_PIX4D_ACT_ATyges.jpg","width":1200,"height":1200,"caption":"Kit de escaneo Emlid"},{"@type":"BreadcrumbList","@id":"https:\/\/atyges.es\/pt\/tienda\/product\/kit-de-digitalizacao-emlid\/#breadcrumb","itemListElement":[{"@type":"ListItem","position":1,"name":"Portada","item":"https:\/\/atyges.es\/pt\/"},{"@type":"ListItem","position":2,"name":"Produtos","item":"https:\/\/atyges.es\/pt\/shop\/"},{"@type":"ListItem","position":3,"name":"Kit de digitaliza\u00e7\u00e3o Emlid"}]},{"@type":"WebSite","@id":"https:\/\/atyges.es\/pt\/#website","url":"https:\/\/atyges.es\/pt\/","name":"ATyges","description":"","publisher":{"@id":"https:\/\/atyges.es\/pt\/#organization"},"potentialAction":[{"@type":"SearchAction","target":{"@type":"EntryPoint","urlTemplate":"https:\/\/atyges.es\/pt\/?s={search_term_string}"},"query-input":{"@type":"PropertyValueSpecification","valueRequired":true,"valueName":"search_term_string"}}],"inLanguage":"pt-PT"},{"@type":"Organization","@id":"https:\/\/atyges.es\/pt\/#organization","name":"Atyges","url":"https:\/\/atyges.es\/pt\/","logo":{"@type":"ImageObject","inLanguage":"pt-PT","@id":"https:\/\/atyges.es\/pt\/#\/schema\/logo\/image\/","url":"https:\/\/atyges.es\/wp-content\/uploads\/2022\/01\/Logo_ATyges_Store.png","contentUrl":"https:\/\/atyges.es\/wp-content\/uploads\/2022\/01\/Logo_ATyges_Store.png","width":1228,"height":200,"caption":"Atyges"},"image":{"@id":"https:\/\/atyges.es\/pt\/#\/schema\/logo\/image\/"}}]}},"jetpack_sharing_enabled":true,"_links":{"self":[{"href":"https:\/\/atyges.es\/pt\/wp-json\/wp\/v2\/product\/38073","targetHints":{"allow":["GET"]}}],"collection":[{"href":"https:\/\/atyges.es\/pt\/wp-json\/wp\/v2\/product"}],"about":[{"href":"https:\/\/atyges.es\/pt\/wp-json\/wp\/v2\/types\/product"}],"wp:featuredmedia":[{"embeddable":true,"href":"https:\/\/atyges.es\/pt\/wp-json\/wp\/v2\/media\/38079"}],"wp:attachment":[{"href":"https:\/\/atyges.es\/pt\/wp-json\/wp\/v2\/media?parent=38073"}],"wp:term":[{"taxonomy":"product_brand","embeddable":true,"href":"https:\/\/atyges.es\/pt\/wp-json\/wp\/v2\/product_brand?post=38073"},{"taxonomy":"product_cat","embeddable":true,"href":"https:\/\/atyges.es\/pt\/wp-json\/wp\/v2\/product_cat?post=38073"},{"taxonomy":"product_tag","embeddable":true,"href":"https:\/\/atyges.es\/pt\/wp-json\/wp\/v2\/product_tag?post=38073"}],"curies":[{"name":"wp","href":"https:\/\/api.w.org\/{rel}","templated":true}]}}