{"id":38060,"date":"2024-10-16T18:32:55","date_gmt":"2024-10-16T17:32:55","guid":{"rendered":"https:\/\/atyges.es\/?post_type=product&#038;p=38060"},"modified":"2024-10-16T18:54:19","modified_gmt":"2024-10-16T17:54:19","slug":"kit-standard-de-digitalizacao-pix4d-e-emlid-desktop","status":"publish","type":"product","link":"https:\/\/atyges.es\/pt\/tienda\/product\/kit-standard-de-digitalizacao-pix4d-e-emlid-desktop\/","title":{"rendered":"Kit desktop de digitaliza\u00e7\u00e3o Pix4D e Emlid"},"content":{"rendered":"<h1>Kit DESKTOP GPS Emlid Reach RX &amp; PIX4D<\/h1>\n<p>Com o <strong>Kit GPS Emlid Reach RX e PIX4D<\/strong> obter\u00e1 uma poderosa ferramenta multifuncional que pode ser utilizada como equipamento GPS de topografia cl\u00e1ssico e tamb\u00e9m adicionando um telefone iPhone com tecnologia LIDAR poder\u00e1 obter nuvens de pontos e g\u00e9meos digitais de forma \u00e1gil, r\u00e1pida, simples e extremamente preciso.<\/p>\n<p>O kit EMLID e PIX4D combina a tecnologia GPS RTK com fotogrametria de grande plano realizada atrav\u00e9s de um telem\u00f3vel para gerar digitaliza\u00e7\u00f5es de alta qualidade em tempo recorde.<\/p>\n<div style=\"width: 1440px;\" class=\"wp-video\"><video class=\"wp-video-shortcode\" id=\"video-38060-1\" width=\"1440\" height=\"810\" preload=\"metadata\" controls=\"controls\"><source type=\"video\/mp4\" src=\"https:\/\/atyges.es\/wp-content\/uploads\/2024\/05\/Video_PIX4D_EMLID.mp4?_=1\" \/><a href=\"https:\/\/atyges.es\/wp-content\/uploads\/2024\/05\/Video_PIX4D_EMLID.mp4\">https:\/\/atyges.es\/wp-content\/uploads\/2024\/05\/Video_PIX4D_EMLID.mp4<\/a><\/video><\/div>\n<h2>Reach RX: equipamento GPS GNSS Rover com precis\u00e3o centim\u00e9trica<\/h2>\n<p>Equipamento pequeno e leve para recolha de dados com precis\u00e3o centim\u00e9trica. Funciona com corre\u00e7\u00f5es de rede (NTRIP).<\/p>\n<p><img loading=\"lazy\" decoding=\"async\" class=\"aligncenter size-shop_single wp-image-26423\" src=\"https:\/\/atyges.es\/wp-content\/uploads\/2022\/08\/Reach-RX_Atyges6-600x331.jpg\" alt=\"Reach RX -photo\" width=\"600\" height=\"331\" srcset=\"https:\/\/atyges.es\/wp-content\/uploads\/2022\/08\/Reach-RX_Atyges6-600x331.jpg 600w, https:\/\/atyges.es\/wp-content\/uploads\/2022\/08\/Reach-RX_Atyges6-300x165.jpg 300w, https:\/\/atyges.es\/wp-content\/uploads\/2022\/08\/Reach-RX_Atyges6-1024x564.jpg 1024w, https:\/\/atyges.es\/wp-content\/uploads\/2022\/08\/Reach-RX_Atyges6-173x95.jpg 173w, https:\/\/atyges.es\/wp-content\/uploads\/2022\/08\/Reach-RX_Atyges6.jpg 1920w\" sizes=\"auto, (max-width: 600px) 100vw, 600px\" \/><\/p>\n<p><span class=\"VIiyi\" lang=\"es\"><span class=\"JLqJ4b\" data-language-for-alternatives=\"es\" data-language-to-translate-into=\"en\" data-phrase-index=\"0\" data-number-of-phrases=\"1\"><span class=\"Q4iAWc\">Funciona com a aplica\u00e7\u00e3o Emlid Flow 360 e \u00e9 compat\u00edvel com aplica\u00e7\u00f5es de terceiros, como o TCP-GPS.<\/span><\/span><\/span><\/p>\n<h3>F\u00e1cil de come\u00e7ar, sem necessidade de configura\u00e7\u00e3o<\/h3>\n<p>O Reach RX utiliza Bluetooth Low Energy (BLE), que lhe permite ligar e come\u00e7ar a medir com o seu smartphone ou tablet em segundos. Active o Bluetooth no seu dispositivo iOS ou Android, encontre o seu Reach RX no Emlid Flow, adicione credenciais de corre\u00e7\u00e3o de rede e obtenha o seu primeiro ponto. N\u00e3o h\u00e1 configura\u00e7\u00e3o para correr mal.<\/p>\n<p style=\"text-align: center;\"><strong>N\u00e3o podia ser mais simples!<\/strong><\/p>\n<h3>Resultados precisos ao cent\u00edmetro<\/h3>\n<p>O <strong>Reach RX<\/strong> rastreia o GPS\/QZSS, Galileo, Glonass e Beidou e obt\u00e9m uma solu\u00e7\u00e3o em menos de 5 segundos, mesmo em condi\u00e7\u00f5es dif\u00edceis.<\/p>\n<p>&nbsp;<\/p>\n<p><img loading=\"lazy\" decoding=\"async\" class=\"aligncenter size-shop_single wp-image-26429\" src=\"https:\/\/atyges.es\/wp-content\/uploads\/2022\/08\/Reach-RX_Atyges7-600x418.jpg\" alt=\"Reach RX - Estructura\" width=\"600\" height=\"418\" srcset=\"https:\/\/atyges.es\/wp-content\/uploads\/2022\/08\/Reach-RX_Atyges7-600x418.jpg 600w, https:\/\/atyges.es\/wp-content\/uploads\/2022\/08\/Reach-RX_Atyges7-300x209.jpg 300w, https:\/\/atyges.es\/wp-content\/uploads\/2022\/08\/Reach-RX_Atyges7-1024x713.jpg 1024w, https:\/\/atyges.es\/wp-content\/uploads\/2022\/08\/Reach-RX_Atyges7-173x120.jpg 173w, https:\/\/atyges.es\/wp-content\/uploads\/2022\/08\/Reach-RX_Atyges7.jpg 1920w\" sizes=\"auto, (max-width: 600px) 100vw, 600px\" \/><\/p>\n<h3><span class=\"VIiyi\" lang=\"es\"><span class=\"JLqJ4b\" data-language-for-alternatives=\"es\" data-language-to-translate-into=\"en\" data-phrase-index=\"0\" data-number-of-phrases=\"1\"><span class=\"Q4iAWc\">De bolso e leve<\/span><\/span><\/span><\/h3>\n<p>O peso do Reach RX \u00e9 de apenas 250 gramas. Leve-o para todo o lado: pesa menos do que uma lata de refrigerante e cabe em qualquer porta-luvas ou bolso de mochila.<\/p>\n<p><span class=\"VIiyi\" lang=\"es\"><span class=\"JLqJ4b\" data-language-for-alternatives=\"es\" data-language-to-translate-into=\"en\" data-phrase-index=\"0\" data-number-of-phrases=\"1\"><span class=\"Q4iAWc\">\u00a0<\/span><\/span><\/span><\/p>\n<p><img loading=\"lazy\" decoding=\"async\" class=\"aligncenter size-shop_single wp-image-26420\" src=\"https:\/\/atyges.es\/wp-content\/uploads\/2022\/08\/Reach-RX_Atyges8-600x800.jpg\" alt=\"Reach RX - peso - atyges\" width=\"600\" height=\"800\" srcset=\"https:\/\/atyges.es\/wp-content\/uploads\/2022\/08\/Reach-RX_Atyges8-600x800.jpg 600w, https:\/\/atyges.es\/wp-content\/uploads\/2022\/08\/Reach-RX_Atyges8-225x300.jpg 225w, https:\/\/atyges.es\/wp-content\/uploads\/2022\/08\/Reach-RX_Atyges8-768x1024.jpg 768w, https:\/\/atyges.es\/wp-content\/uploads\/2022\/08\/Reach-RX_Atyges8-130x173.jpg 130w, https:\/\/atyges.es\/wp-content\/uploads\/2022\/08\/Reach-RX_Atyges8.jpg 1512w\" sizes=\"auto, (max-width: 600px) 100vw, 600px\" \/><\/p>\n<h2>PIX4Dcatch: Transforme a sua realidade em modelos 3D precisos com o PIX4Dcatch<\/h2>\n<p><span class=\"VIiyi\" lang=\"es\"><span class=\"JLqJ4b\" data-language-for-alternatives=\"es\" data-language-to-translate-into=\"en\" data-phrase-index=\"0\" data-number-of-phrases=\"1\"><span class=\"Q4iAWc\">O PIX4Dcatch pode criar modelos 3D detalhados e georreferenciados utilizando fotogrametria e tecnologia LiDAR do seu smartphone.<br \/>\n<\/span><\/span><\/span><\/p>\n<div style=\"width: 1440px;\" class=\"wp-video\"><video class=\"wp-video-shortcode\" id=\"video-38060-2\" width=\"1440\" height=\"480\" preload=\"metadata\" controls=\"controls\"><source type=\"video\/mp4\" src=\"https:\/\/atyges.es\/wp-content\/uploads\/2024\/05\/Video_PIX4D_EMLID_2.mp4?_=2\" \/><a href=\"https:\/\/atyges.es\/wp-content\/uploads\/2024\/05\/Video_PIX4D_EMLID_2.mp4\">https:\/\/atyges.es\/wp-content\/uploads\/2024\/05\/Video_PIX4D_EMLID_2.mp4<\/a><\/video><\/div>\n<div>\n<div class=\"flex_generic_content\">\n<div class=\"container\">\n<div class=\"row\">\n<div class=\"col-xs-12 col-sm-12 col-md-12\">\n<h4><\/h4>\n<\/div>\n<\/div>\n<\/div>\n<\/div>\n<div class=\"flex_table default\">\n<div class=\"container\">\n<div class=\"row\">\n<div class=\"col-xs-12 col-sm-12 col-md-12\">\n<table>\n<tbody>\n<tr>\n<td width=\"40%\">\n<h3>Digitaliza\u00e7\u00e3o 3D georreferenciada<\/h3>\n<p>O PIX4Dcatch pode criar modelos 3D detalhados e georreferenciados utilizando fotogrametria e tecnologia LiDAR do seu smartphone.<\/td>\n<td width=\"40%\">\n<div class=\"wp-video\">\n<div id=\"mep_0\" class=\"mejs-container mejs-container-keyboard-inactive wp-video-shortcode mejs-video\" tabindex=\"0\" role=\"application\" aria-label=\"Reproductor de v\u00eddeo\">\n<div class=\"mejs-inner\">\n<div class=\"mejs-mediaelement\"><img loading=\"lazy\" decoding=\"async\" class=\"aligncenter size-full wp-image-34054\" src=\"https:\/\/atyges.es\/wp-content\/uploads\/2024\/05\/Rectangle_27.png\" alt=\"\" width=\"360\" height=\"392\" srcset=\"https:\/\/atyges.es\/wp-content\/uploads\/2024\/05\/Rectangle_27.png 360w, https:\/\/atyges.es\/wp-content\/uploads\/2024\/05\/Rectangle_27-276x300.png 276w, https:\/\/atyges.es\/wp-content\/uploads\/2024\/05\/Rectangle_27-159x173.png 159w\" sizes=\"auto, (max-width: 360px) 100vw, 360px\" \/><\/div>\n<div class=\"mejs-layers\">\n<div class=\"mejs-overlay mejs-layer mejs-overlay-play\">\n<div class=\"mejs-overlay-button\" tabindex=\"0\" role=\"button\" aria-label=\"Reproducir\" aria-pressed=\"false\"><\/div>\n<\/div>\n<\/div>\n<\/div>\n<\/div>\n<\/div>\n<\/td>\n<\/tr>\n<\/tbody>\n<\/table>\n<\/div>\n<\/div>\n<\/div>\n<\/div>\n<div class=\"mejs-button mejs-fullscreen-button\">\n<div class=\"flex_table default\">\n<div class=\"container\">\n<div class=\"row\">\n<div class=\"col-xs-12 col-sm-12 col-md-12\"><\/div>\n<\/div>\n<\/div>\n<\/div>\n<\/div>\n<\/div>\n<p><img loading=\"lazy\" decoding=\"async\" class=\"aligncenter size-full wp-image-34057\" src=\"https:\/\/atyges.es\/wp-content\/uploads\/2024\/05\/Versatile_processing_options.png\" alt=\"\" width=\"360\" height=\"392\" srcset=\"https:\/\/atyges.es\/wp-content\/uploads\/2024\/05\/Versatile_processing_options.png 360w, https:\/\/atyges.es\/wp-content\/uploads\/2024\/05\/Versatile_processing_options-276x300.png 276w, https:\/\/atyges.es\/wp-content\/uploads\/2024\/05\/Versatile_processing_options-159x173.png 159w\" sizes=\"auto, (max-width: 360px) 100vw, 360px\" \/><\/p>\n<h3 class=\"wp-video\">Op\u00e7\u00f5es de processamento vers\u00e1til<\/h3>\n<div class=\"wp-video\">Solu\u00e7\u00f5es flex\u00edveis para processamento, incluindo upload direto para PIX4Dcloud para f\u00e1cil processamento e\/ou exporta\u00e7\u00e3o para PIX4Dmatic para controlo avan\u00e7ado.<\/div>\n<table>\n<tbody>\n<tr>\n<td width=\"40%\">\n<h3>Suporte RTK com Emlid Reach RX<\/h3>\n<p>Obtenha uma precis\u00e3o centim\u00e9trica absoluta nos seus modelos 3D com o PIX4Dcatch e o EMLID Reach RX.<\/td>\n<td width=\"40%\">\n<div class=\"wp-video\"><img loading=\"lazy\" decoding=\"async\" class=\"aligncenter size-full wp-image-34060\" src=\"https:\/\/atyges.es\/wp-content\/uploads\/2024\/05\/Pause_and_restart.png\" alt=\"\" width=\"593\" height=\"320\" srcset=\"https:\/\/atyges.es\/wp-content\/uploads\/2024\/05\/Pause_and_restart.png 593w, https:\/\/atyges.es\/wp-content\/uploads\/2024\/05\/Pause_and_restart-300x162.png 300w, https:\/\/atyges.es\/wp-content\/uploads\/2024\/05\/Pause_and_restart-173x93.png 173w\" sizes=\"auto, (max-width: 593px) 100vw, 593px\" \/><\/div>\n<\/td>\n<\/tr>\n<\/tbody>\n<\/table>\n<table width=\"882\">\n<tbody>\n<tr>\n<td width=\"40%\"><img loading=\"lazy\" decoding=\"async\" class=\"aligncenter size-full wp-image-34063\" src=\"https:\/\/atyges.es\/wp-content\/uploads\/2024\/05\/AR_features.png\" alt=\"\" width=\"361\" height=\"392\" srcset=\"https:\/\/atyges.es\/wp-content\/uploads\/2024\/05\/AR_features.png 361w, https:\/\/atyges.es\/wp-content\/uploads\/2024\/05\/AR_features-276x300.png 276w, https:\/\/atyges.es\/wp-content\/uploads\/2024\/05\/AR_features-159x173.png 159w\" sizes=\"auto, (max-width: 361px) 100vw, 361px\" \/><\/td>\n<td width=\"40%\">\n<div class=\"wp-video\">\n<div class=\"News-title\"><\/div>\n<h3>Recursos inovadores de RA<\/h3>\n<div>Utilize AR para detetar facilmente o GCP e visualizar CAD e sobreposi\u00e7\u00f5es de projeto as-built para an\u00e1lise de constru\u00e7\u00e3o.<\/div>\n<p>&nbsp;<\/p>\n<\/div>\n<\/td>\n<\/tr>\n<\/tbody>\n<\/table>\n<div><\/div>\n\n\n<div class=\"kk-star-ratings kksr-auto kksr-align-center kksr-valign-bottom\"\n    data-payload='{&quot;align&quot;:&quot;center&quot;,&quot;id&quot;:&quot;38060&quot;,&quot;slug&quot;:&quot;default&quot;,&quot;valign&quot;:&quot;bottom&quot;,&quot;ignore&quot;:&quot;&quot;,&quot;reference&quot;:&quot;auto&quot;,&quot;class&quot;:&quot;&quot;,&quot;count&quot;:&quot;0&quot;,&quot;legendonly&quot;:&quot;&quot;,&quot;readonly&quot;:&quot;&quot;,&quot;score&quot;:&quot;0&quot;,&quot;starsonly&quot;:&quot;&quot;,&quot;best&quot;:&quot;5&quot;,&quot;gap&quot;:&quot;5&quot;,&quot;greet&quot;:&quot;Val\u00f3ranos&quot;,&quot;legend&quot;:&quot;0\\\/5 - (0 votes)&quot;,&quot;size&quot;:&quot;24&quot;,&quot;title&quot;:&quot;Kit desktop de digitaliza\u00e7\u00e3o Pix4D e Emlid&quot;,&quot;width&quot;:&quot;0&quot;,&quot;_legend&quot;:&quot;{score}\\\/{best} - ({count} {votes})&quot;,&quot;font_factor&quot;:&quot;1.25&quot;}'>\n            \n<div class=\"kksr-stars\">\n    \n<div class=\"kksr-stars-inactive\">\n            <div class=\"kksr-star\" data-star=\"1\" style=\"padding-right: 5px\">\n            \n\n<div class=\"kksr-icon\" style=\"width: 24px; height: 24px;\"><\/div>\n        <\/div>\n            <div class=\"kksr-star\" data-star=\"2\" style=\"padding-right: 5px\">\n            \n\n<div class=\"kksr-icon\" style=\"width: 24px; height: 24px;\"><\/div>\n        <\/div>\n            <div class=\"kksr-star\" data-star=\"3\" style=\"padding-right: 5px\">\n            \n\n<div class=\"kksr-icon\" style=\"width: 24px; height: 24px;\"><\/div>\n        <\/div>\n            <div class=\"kksr-star\" data-star=\"4\" style=\"padding-right: 5px\">\n            \n\n<div class=\"kksr-icon\" style=\"width: 24px; height: 24px;\"><\/div>\n        <\/div>\n            <div class=\"kksr-star\" data-star=\"5\" style=\"padding-right: 5px\">\n            \n\n<div class=\"kksr-icon\" style=\"width: 24px; height: 24px;\"><\/div>\n        <\/div>\n    <\/div>\n    \n<div class=\"kksr-stars-active\" style=\"width: 0px;\">\n            <div class=\"kksr-star\" style=\"padding-right: 5px\">\n            \n\n<div class=\"kksr-icon\" style=\"width: 24px; height: 24px;\"><\/div>\n        <\/div>\n            <div class=\"kksr-star\" style=\"padding-right: 5px\">\n            \n\n<div class=\"kksr-icon\" style=\"width: 24px; height: 24px;\"><\/div>\n        <\/div>\n            <div class=\"kksr-star\" style=\"padding-right: 5px\">\n            \n\n<div class=\"kksr-icon\" style=\"width: 24px; height: 24px;\"><\/div>\n        <\/div>\n            <div class=\"kksr-star\" style=\"padding-right: 5px\">\n            \n\n<div class=\"kksr-icon\" style=\"width: 24px; height: 24px;\"><\/div>\n        <\/div>\n            <div class=\"kksr-star\" style=\"padding-right: 5px\">\n            \n\n<div class=\"kksr-icon\" style=\"width: 24px; height: 24px;\"><\/div>\n        <\/div>\n    <\/div>\n<\/div>\n                \n\n<div class=\"kksr-legend\" style=\"font-size: 19.2px;\">\n            <span class=\"kksr-muted\">Val\u00f3ranos<\/span>\n    <\/div>\n    <\/div>\n","protected":false},"excerpt":{"rendered":"<h3>Solu\u00e7\u00e3o m\u00f3vel de digitaliza\u00e7\u00e3o terrestre com precis\u00e3o RTK<\/h3>\n<p>Solu\u00e7\u00e3o integrada Emlid e Pix4D para a obten\u00e7\u00e3o de modelos digitais em minutos com precis\u00e3o topogr\u00e1fica. Digitalize os seus ativos com o seu telem\u00f3vel, guarde-os online, anote, me\u00e7a e partilhe-os com as partes interessadas. Verifique as posi\u00e7\u00f5es geolocalizadas e visualize o projeto em Realidade Aumentada.<\/p>\n[video width=\"1920\" height=\"1080\" mp4=\"https:\/\/atyges.es\/wp-content\/uploads\/2024\/05\/Video_PIX4D_EMLID.mp4\" autoplay=\"true\"][\/video]\n<h3>O kit \u00e9 composto por uma solu\u00e7\u00e3o completa de hardware e software, incluindo:<\/h3>\n<ul>\n<li><strong>Licen\u00e7a de captura de dados e processamento desktop (PC):<\/strong>\n<ul>\n<li>Licen\u00e7a anual PIX4Dcatch Pro.<\/li>\n<li>Licen\u00e7a anual PIX4Dmatic.<\/li>\n<li>Licen\u00e7a anual PIX4Dsurvey.<\/li>\n<li>Treinamento PIX4Dcatch.<\/li>\n<\/ul>\n<\/li>\n<li><strong>Receptor GPS com acess\u00f3rios de digitaliza\u00e7\u00e3o:<\/strong>\n<ul>\n<li>Receptor GPS GNSS Reach RX com cabo USB tipo C.<\/li>\n<li>Suporte port\u00e1til com pega para digitaliza\u00e7\u00e3o.<\/li>\n<li>5 etiquetas para georreferencia\u00e7\u00e3o autom\u00e1tica de pontos (Tags).<\/li>\n<li>Chave Allen de 3mm.<\/li>\n<li>Estojo de transporte.<\/li>\n<\/ul>\n<\/li>\n<\/ul>\n","protected":false},"featured_media":38054,"template":"","meta":[],"product_brand":[],"product_cat":[1445,1282,1447],"product_tag":[1407,1404,1491,1492,1406],"class_list":{"0":"post-38060","1":"product","2":"type-product","3":"status-publish","4":"has-post-thumbnail","6":"product_cat-dispositivos-e-softwares-de-topografia","7":"product_cat-pix4d-pt","8":"product_cat-emlid-pt","9":"product_tag-gnss-pt","10":"product_tag-gps-pt","11":"product_tag-reach-rx-pt","12":"product_tag-rover-pt","13":"product_tag-rtk-pt","14":"product_shipping_class-envio-gratuito-es-pt","16":"first","17":"instock","18":"taxable","19":"shipping-taxable","20":"purchasable","21":"product-type-simple"},"yoast_head":"<!-- This site is optimized with the Yoast SEO plugin v27.2 - https:\/\/yoast.com\/product\/yoast-seo-wordpress\/ -->\n<title>Kit desktop de digitaliza\u00e7\u00e3o Pix4D e Emlid | Distribuidor Oficial | ATyges\u00ae<\/title>\n<meta name=\"description\" content=\"Kit de digitaliza\u00e7\u00e3o Pix4D e Emlid\u2b50 Digitalize com precis\u00e3o centim\u00e9trica \u2b50 Precis\u00e3o e qualidade \u2705\u30101\u00ba Distribuidor Oficial Emlid e Pix4D\u3011\u2705\" \/>\n<meta name=\"robots\" content=\"index, follow, max-snippet:-1, max-image-preview:large, max-video-preview:-1\" \/>\n<link rel=\"canonical\" href=\"https:\/\/atyges.es\/pt\/tienda\/product\/kit-standard-de-digitalizacao-pix4d-e-emlid-desktop\/\" \/>\n<meta property=\"og:locale\" content=\"pt_PT\" \/>\n<meta property=\"og:type\" content=\"article\" \/>\n<meta property=\"og:title\" content=\"Kit desktop de digitaliza\u00e7\u00e3o Pix4D e Emlid | Distribuidor Oficial | ATyges\u00ae\" \/>\n<meta property=\"og:description\" content=\"Kit de digitaliza\u00e7\u00e3o Pix4D e Emlid\u2b50 Digitalize com precis\u00e3o centim\u00e9trica \u2b50 Precis\u00e3o e qualidade \u2705\u30101\u00ba Distribuidor Oficial Emlid e Pix4D\u3011\u2705\" \/>\n<meta property=\"og:url\" content=\"https:\/\/atyges.es\/pt\/tienda\/product\/kit-standard-de-digitalizacao-pix4d-e-emlid-desktop\/\" \/>\n<meta property=\"og:site_name\" content=\"ATyges\" \/>\n<meta property=\"article:modified_time\" content=\"2024-10-16T17:54:19+00:00\" \/>\n<meta property=\"og:image\" content=\"https:\/\/atyges.es\/wp-content\/uploads\/2024\/05\/EMLID_PIX4D_DESKTOP_ATyges.jpg\" \/>\n\t<meta property=\"og:image:width\" content=\"500\" \/>\n\t<meta property=\"og:image:height\" content=\"500\" \/>\n\t<meta property=\"og:image:type\" content=\"image\/jpeg\" \/>\n<meta name=\"twitter:card\" content=\"summary_large_image\" \/>\n<meta name=\"twitter:label1\" content=\"Tempo estimado de leitura\" \/>\n\t<meta name=\"twitter:data1\" content=\"2 minutos\" \/>\n<script type=\"application\/ld+json\" class=\"yoast-schema-graph\">{\"@context\":\"https:\/\/schema.org\",\"@graph\":[{\"@type\":\"WebPage\",\"@id\":\"https:\/\/atyges.es\/pt\/tienda\/product\/kit-standard-de-digitalizacao-pix4d-e-emlid-desktop\/\",\"url\":\"https:\/\/atyges.es\/pt\/tienda\/product\/kit-standard-de-digitalizacao-pix4d-e-emlid-desktop\/\",\"name\":\"Kit desktop de digitaliza\u00e7\u00e3o Pix4D e Emlid | Distribuidor Oficial | ATyges\u00ae\",\"isPartOf\":{\"@id\":\"https:\/\/atyges.es\/pt\/#website\"},\"primaryImageOfPage\":{\"@id\":\"https:\/\/atyges.es\/pt\/tienda\/product\/kit-standard-de-digitalizacao-pix4d-e-emlid-desktop\/#primaryimage\"},\"image\":{\"@id\":\"https:\/\/atyges.es\/pt\/tienda\/product\/kit-standard-de-digitalizacao-pix4d-e-emlid-desktop\/#primaryimage\"},\"thumbnailUrl\":\"https:\/\/atyges.es\/wp-content\/uploads\/2024\/05\/EMLID_PIX4D_DESKTOP_ATyges.jpg\",\"datePublished\":\"2024-10-16T17:32:55+00:00\",\"dateModified\":\"2024-10-16T17:54:19+00:00\",\"description\":\"Kit de digitaliza\u00e7\u00e3o Pix4D e Emlid\u2b50 Digitalize com precis\u00e3o centim\u00e9trica \u2b50 Precis\u00e3o e qualidade \u2705\u30101\u00ba Distribuidor Oficial Emlid e Pix4D\u3011\u2705\",\"breadcrumb\":{\"@id\":\"https:\/\/atyges.es\/pt\/tienda\/product\/kit-standard-de-digitalizacao-pix4d-e-emlid-desktop\/#breadcrumb\"},\"inLanguage\":\"pt-PT\",\"potentialAction\":[{\"@type\":\"ReadAction\",\"target\":[\"https:\/\/atyges.es\/pt\/tienda\/product\/kit-standard-de-digitalizacao-pix4d-e-emlid-desktop\/\"]}]},{\"@type\":\"ImageObject\",\"inLanguage\":\"pt-PT\",\"@id\":\"https:\/\/atyges.es\/pt\/tienda\/product\/kit-standard-de-digitalizacao-pix4d-e-emlid-desktop\/#primaryimage\",\"url\":\"https:\/\/atyges.es\/wp-content\/uploads\/2024\/05\/EMLID_PIX4D_DESKTOP_ATyges.jpg\",\"contentUrl\":\"https:\/\/atyges.es\/wp-content\/uploads\/2024\/05\/EMLID_PIX4D_DESKTOP_ATyges.jpg\",\"width\":500,\"height\":500,\"caption\":\"Pix4D & Emlid Scanning kit\"},{\"@type\":\"BreadcrumbList\",\"@id\":\"https:\/\/atyges.es\/pt\/tienda\/product\/kit-standard-de-digitalizacao-pix4d-e-emlid-desktop\/#breadcrumb\",\"itemListElement\":[{\"@type\":\"ListItem\",\"position\":1,\"name\":\"Portada\",\"item\":\"https:\/\/atyges.es\/pt\/\"},{\"@type\":\"ListItem\",\"position\":2,\"name\":\"Produtos\",\"item\":\"https:\/\/atyges.es\/pt\/shop\/\"},{\"@type\":\"ListItem\",\"position\":3,\"name\":\"Kit desktop de digitaliza\u00e7\u00e3o Pix4D e Emlid\"}]},{\"@type\":\"WebSite\",\"@id\":\"https:\/\/atyges.es\/pt\/#website\",\"url\":\"https:\/\/atyges.es\/pt\/\",\"name\":\"ATyges\",\"description\":\"\",\"publisher\":{\"@id\":\"https:\/\/atyges.es\/pt\/#organization\"},\"potentialAction\":[{\"@type\":\"SearchAction\",\"target\":{\"@type\":\"EntryPoint\",\"urlTemplate\":\"https:\/\/atyges.es\/pt\/?s={search_term_string}\"},\"query-input\":{\"@type\":\"PropertyValueSpecification\",\"valueRequired\":true,\"valueName\":\"search_term_string\"}}],\"inLanguage\":\"pt-PT\"},{\"@type\":\"Organization\",\"@id\":\"https:\/\/atyges.es\/pt\/#organization\",\"name\":\"Atyges\",\"url\":\"https:\/\/atyges.es\/pt\/\",\"logo\":{\"@type\":\"ImageObject\",\"inLanguage\":\"pt-PT\",\"@id\":\"https:\/\/atyges.es\/pt\/#\/schema\/logo\/image\/\",\"url\":\"https:\/\/atyges.es\/wp-content\/uploads\/2022\/01\/Logo_ATyges_Store.png\",\"contentUrl\":\"https:\/\/atyges.es\/wp-content\/uploads\/2022\/01\/Logo_ATyges_Store.png\",\"width\":1228,\"height\":200,\"caption\":\"Atyges\"},\"image\":{\"@id\":\"https:\/\/atyges.es\/pt\/#\/schema\/logo\/image\/\"}}]}<\/script>\n<!-- \/ Yoast SEO plugin. -->","yoast_head_json":{"title":"Kit desktop de digitaliza\u00e7\u00e3o Pix4D e Emlid | Distribuidor Oficial | ATyges\u00ae","description":"Kit de digitaliza\u00e7\u00e3o Pix4D e Emlid\u2b50 Digitalize com precis\u00e3o centim\u00e9trica \u2b50 Precis\u00e3o e qualidade \u2705\u30101\u00ba Distribuidor Oficial Emlid e Pix4D\u3011\u2705","robots":{"index":"index","follow":"follow","max-snippet":"max-snippet:-1","max-image-preview":"max-image-preview:large","max-video-preview":"max-video-preview:-1"},"canonical":"https:\/\/atyges.es\/pt\/tienda\/product\/kit-standard-de-digitalizacao-pix4d-e-emlid-desktop\/","og_locale":"pt_PT","og_type":"article","og_title":"Kit desktop de digitaliza\u00e7\u00e3o Pix4D e Emlid | Distribuidor Oficial | ATyges\u00ae","og_description":"Kit de digitaliza\u00e7\u00e3o Pix4D e Emlid\u2b50 Digitalize com precis\u00e3o centim\u00e9trica \u2b50 Precis\u00e3o e qualidade \u2705\u30101\u00ba Distribuidor Oficial Emlid e Pix4D\u3011\u2705","og_url":"https:\/\/atyges.es\/pt\/tienda\/product\/kit-standard-de-digitalizacao-pix4d-e-emlid-desktop\/","og_site_name":"ATyges","article_modified_time":"2024-10-16T17:54:19+00:00","og_image":[{"width":500,"height":500,"url":"https:\/\/atyges.es\/wp-content\/uploads\/2024\/05\/EMLID_PIX4D_DESKTOP_ATyges.jpg","type":"image\/jpeg"}],"twitter_card":"summary_large_image","twitter_misc":{"Tempo estimado de leitura":"2 minutos"},"schema":{"@context":"https:\/\/schema.org","@graph":[{"@type":"WebPage","@id":"https:\/\/atyges.es\/pt\/tienda\/product\/kit-standard-de-digitalizacao-pix4d-e-emlid-desktop\/","url":"https:\/\/atyges.es\/pt\/tienda\/product\/kit-standard-de-digitalizacao-pix4d-e-emlid-desktop\/","name":"Kit desktop de digitaliza\u00e7\u00e3o Pix4D e Emlid | Distribuidor Oficial | ATyges\u00ae","isPartOf":{"@id":"https:\/\/atyges.es\/pt\/#website"},"primaryImageOfPage":{"@id":"https:\/\/atyges.es\/pt\/tienda\/product\/kit-standard-de-digitalizacao-pix4d-e-emlid-desktop\/#primaryimage"},"image":{"@id":"https:\/\/atyges.es\/pt\/tienda\/product\/kit-standard-de-digitalizacao-pix4d-e-emlid-desktop\/#primaryimage"},"thumbnailUrl":"https:\/\/atyges.es\/wp-content\/uploads\/2024\/05\/EMLID_PIX4D_DESKTOP_ATyges.jpg","datePublished":"2024-10-16T17:32:55+00:00","dateModified":"2024-10-16T17:54:19+00:00","description":"Kit de digitaliza\u00e7\u00e3o Pix4D e Emlid\u2b50 Digitalize com precis\u00e3o centim\u00e9trica \u2b50 Precis\u00e3o e qualidade \u2705\u30101\u00ba Distribuidor Oficial Emlid e Pix4D\u3011\u2705","breadcrumb":{"@id":"https:\/\/atyges.es\/pt\/tienda\/product\/kit-standard-de-digitalizacao-pix4d-e-emlid-desktop\/#breadcrumb"},"inLanguage":"pt-PT","potentialAction":[{"@type":"ReadAction","target":["https:\/\/atyges.es\/pt\/tienda\/product\/kit-standard-de-digitalizacao-pix4d-e-emlid-desktop\/"]}]},{"@type":"ImageObject","inLanguage":"pt-PT","@id":"https:\/\/atyges.es\/pt\/tienda\/product\/kit-standard-de-digitalizacao-pix4d-e-emlid-desktop\/#primaryimage","url":"https:\/\/atyges.es\/wp-content\/uploads\/2024\/05\/EMLID_PIX4D_DESKTOP_ATyges.jpg","contentUrl":"https:\/\/atyges.es\/wp-content\/uploads\/2024\/05\/EMLID_PIX4D_DESKTOP_ATyges.jpg","width":500,"height":500,"caption":"Pix4D & Emlid Scanning kit"},{"@type":"BreadcrumbList","@id":"https:\/\/atyges.es\/pt\/tienda\/product\/kit-standard-de-digitalizacao-pix4d-e-emlid-desktop\/#breadcrumb","itemListElement":[{"@type":"ListItem","position":1,"name":"Portada","item":"https:\/\/atyges.es\/pt\/"},{"@type":"ListItem","position":2,"name":"Produtos","item":"https:\/\/atyges.es\/pt\/shop\/"},{"@type":"ListItem","position":3,"name":"Kit desktop de digitaliza\u00e7\u00e3o Pix4D e Emlid"}]},{"@type":"WebSite","@id":"https:\/\/atyges.es\/pt\/#website","url":"https:\/\/atyges.es\/pt\/","name":"ATyges","description":"","publisher":{"@id":"https:\/\/atyges.es\/pt\/#organization"},"potentialAction":[{"@type":"SearchAction","target":{"@type":"EntryPoint","urlTemplate":"https:\/\/atyges.es\/pt\/?s={search_term_string}"},"query-input":{"@type":"PropertyValueSpecification","valueRequired":true,"valueName":"search_term_string"}}],"inLanguage":"pt-PT"},{"@type":"Organization","@id":"https:\/\/atyges.es\/pt\/#organization","name":"Atyges","url":"https:\/\/atyges.es\/pt\/","logo":{"@type":"ImageObject","inLanguage":"pt-PT","@id":"https:\/\/atyges.es\/pt\/#\/schema\/logo\/image\/","url":"https:\/\/atyges.es\/wp-content\/uploads\/2022\/01\/Logo_ATyges_Store.png","contentUrl":"https:\/\/atyges.es\/wp-content\/uploads\/2022\/01\/Logo_ATyges_Store.png","width":1228,"height":200,"caption":"Atyges"},"image":{"@id":"https:\/\/atyges.es\/pt\/#\/schema\/logo\/image\/"}}]}},"jetpack_sharing_enabled":true,"_links":{"self":[{"href":"https:\/\/atyges.es\/pt\/wp-json\/wp\/v2\/product\/38060","targetHints":{"allow":["GET"]}}],"collection":[{"href":"https:\/\/atyges.es\/pt\/wp-json\/wp\/v2\/product"}],"about":[{"href":"https:\/\/atyges.es\/pt\/wp-json\/wp\/v2\/types\/product"}],"wp:featuredmedia":[{"embeddable":true,"href":"https:\/\/atyges.es\/pt\/wp-json\/wp\/v2\/media\/38054"}],"wp:attachment":[{"href":"https:\/\/atyges.es\/pt\/wp-json\/wp\/v2\/media?parent=38060"}],"wp:term":[{"taxonomy":"product_brand","embeddable":true,"href":"https:\/\/atyges.es\/pt\/wp-json\/wp\/v2\/product_brand?post=38060"},{"taxonomy":"product_cat","embeddable":true,"href":"https:\/\/atyges.es\/pt\/wp-json\/wp\/v2\/product_cat?post=38060"},{"taxonomy":"product_tag","embeddable":true,"href":"https:\/\/atyges.es\/pt\/wp-json\/wp\/v2\/product_tag?post=38060"}],"curies":[{"name":"wp","href":"https:\/\/api.w.org\/{rel}","templated":true}]}}