{"id":38042,"date":"2024-10-15T14:53:40","date_gmt":"2024-10-15T13:53:40","guid":{"rendered":"https:\/\/atyges.es\/product\/dji-air-3s-fly-more-combo-dji-rc-n3\/"},"modified":"2024-10-15T21:38:58","modified_gmt":"2024-10-15T20:38:58","slug":"dji-air-3s-fly-more-combo-dji-rc-n3","status":"publish","type":"product","link":"https:\/\/atyges.es\/pt\/tienda\/product\/dji-air-3s-fly-more-combo-dji-rc-n3\/","title":{"rendered":"DJI Air 3S Fly More Combo (DJI RC-N3)"},"content":{"rendered":"\n\n<div class=\"kk-star-ratings kksr-auto kksr-align-center kksr-valign-bottom\"\n    data-payload='{&quot;align&quot;:&quot;center&quot;,&quot;id&quot;:&quot;38042&quot;,&quot;slug&quot;:&quot;default&quot;,&quot;valign&quot;:&quot;bottom&quot;,&quot;ignore&quot;:&quot;&quot;,&quot;reference&quot;:&quot;auto&quot;,&quot;class&quot;:&quot;&quot;,&quot;count&quot;:&quot;0&quot;,&quot;legendonly&quot;:&quot;&quot;,&quot;readonly&quot;:&quot;&quot;,&quot;score&quot;:&quot;0&quot;,&quot;starsonly&quot;:&quot;&quot;,&quot;best&quot;:&quot;5&quot;,&quot;gap&quot;:&quot;5&quot;,&quot;greet&quot;:&quot;Val\u00f3ranos&quot;,&quot;legend&quot;:&quot;0\\\/5 - (0 votes)&quot;,&quot;size&quot;:&quot;24&quot;,&quot;title&quot;:&quot;DJI Air 3S Fly More Combo (DJI RC-N3)&quot;,&quot;width&quot;:&quot;0&quot;,&quot;_legend&quot;:&quot;{score}\\\/{best} - ({count} {votes})&quot;,&quot;font_factor&quot;:&quot;1.25&quot;}'>\n            \n<div class=\"kksr-stars\">\n    \n<div class=\"kksr-stars-inactive\">\n            <div class=\"kksr-star\" data-star=\"1\" style=\"padding-right: 5px\">\n            \n\n<div class=\"kksr-icon\" style=\"width: 24px; height: 24px;\"><\/div>\n        <\/div>\n            <div class=\"kksr-star\" data-star=\"2\" style=\"padding-right: 5px\">\n            \n\n<div class=\"kksr-icon\" style=\"width: 24px; height: 24px;\"><\/div>\n        <\/div>\n            <div class=\"kksr-star\" data-star=\"3\" style=\"padding-right: 5px\">\n            \n\n<div class=\"kksr-icon\" style=\"width: 24px; height: 24px;\"><\/div>\n        <\/div>\n            <div class=\"kksr-star\" data-star=\"4\" style=\"padding-right: 5px\">\n            \n\n<div class=\"kksr-icon\" style=\"width: 24px; height: 24px;\"><\/div>\n        <\/div>\n            <div class=\"kksr-star\" data-star=\"5\" style=\"padding-right: 5px\">\n            \n\n<div class=\"kksr-icon\" style=\"width: 24px; height: 24px;\"><\/div>\n        <\/div>\n    <\/div>\n    \n<div class=\"kksr-stars-active\" style=\"width: 0px;\">\n            <div class=\"kksr-star\" style=\"padding-right: 5px\">\n            \n\n<div class=\"kksr-icon\" style=\"width: 24px; height: 24px;\"><\/div>\n        <\/div>\n            <div class=\"kksr-star\" style=\"padding-right: 5px\">\n            \n\n<div class=\"kksr-icon\" style=\"width: 24px; height: 24px;\"><\/div>\n        <\/div>\n            <div class=\"kksr-star\" style=\"padding-right: 5px\">\n            \n\n<div class=\"kksr-icon\" style=\"width: 24px; height: 24px;\"><\/div>\n        <\/div>\n            <div class=\"kksr-star\" style=\"padding-right: 5px\">\n            \n\n<div class=\"kksr-icon\" style=\"width: 24px; height: 24px;\"><\/div>\n        <\/div>\n            <div class=\"kksr-star\" style=\"padding-right: 5px\">\n            \n\n<div class=\"kksr-icon\" style=\"width: 24px; height: 24px;\"><\/div>\n        <\/div>\n    <\/div>\n<\/div>\n                \n\n<div class=\"kksr-legend\" style=\"font-size: 19.2px;\">\n            <span class=\"kksr-muted\">Val\u00f3ranos<\/span>\n    <\/div>\n    <\/div>\n","protected":false},"excerpt":{"rendered":"<h1>DJI Air 3S Fly More Combo (DJI RC-N3)<\/h1>\n<p>O DJI Air 3S, um drone de c\u00e2mara dupla concebido para fotografia de viagem, integra uma gama de tecnologias avan\u00e7adas.<\/p>\n<p>Com uma c\u00e2mara principal com sensor CMOS de 1 polegada e uma telec\u00e2mara m\u00e9dia de 70 mm, cada uma com at\u00e9 14 stops de gama din\u00e2mica, o Air 3S capta paisagens, retratos e muito mais com um detalhe incr\u00edvel.<br \/>\nAmbas as c\u00e2maras incluem a nova fun\u00e7\u00e3o Free Panorama, que permite uma sele\u00e7\u00e3o flex\u00edvel do intervalo de disparo.<\/p>\n<p>Outros destaques incluem a dete\u00e7\u00e3o de obst\u00e1culos para cenas nocturnas e o Intelligent RPO de \u00faltima gera\u00e7\u00e3o para maior seguran\u00e7a durante a fotografia nocturna.<br \/>\nEm absolutamente todos os aspectos, o DJI Air 3S foi concebido para maximizar cada momento no ar.<\/p>\n<p><strong>Especifica\u00e7\u00f5es:<\/strong><\/p>\n<p>C\u00e2mara principal com CMOS de 1\u201d<br \/>\nV\u00eddeo HDR 4K\/60 fps com ambas as c\u00e2maras e 14 passos de gama din\u00e2mica<br \/>\nPanorama livre: espetacular e detalhado<br \/>\nDete\u00e7\u00e3o de obst\u00e1culos omnidirecional em cenas nocturnas<br \/>\nRPO inteligente de \u00faltima gera\u00e7\u00e3o com maior precis\u00e3o<br \/>\n45 min de tempo de voo, 20 km de transmiss\u00e3o de v\u00eddeo<\/p>\n<p><strong>Conte\u00fado:<\/strong><\/p>\n<ul>\n<li>1x DJI Air 3S<\/li>\n<li>1x DJI RC-N3<\/li>\n<li>1x Cable RC DJI RC-N3\/N2\/N1 (USB-C)<\/li>\n<li>1x Cable RC DJI RC-N3\/N2\/N1 (Lightning)<\/li>\n<li>3x DJI Air 3S Intelligent Flight Battery<\/li>\n<li>3x DJI Air 3 Series Low-Noise Propeller (pair)<\/li>\n<li>1x DJI Air 3S Gimbal Protection<\/li>\n<li>1x Cable PD type C &#8211; type C<\/li>\n<li>1x DJI Carrying Bag<\/li>\n<li>1x DJI Air 3S ND Filter Set (ND8\/32\/128)<\/li>\n<li>1x DJI Air 3 Charging Hub<\/li>\n<\/ul>\n","protected":false},"featured_media":37979,"template":"","meta":[],"product_brand":[],"product_cat":[1783],"product_tag":[1790,1789],"class_list":{"0":"post-38042","1":"product","2":"type-product","3":"status-publish","4":"has-post-thumbnail","6":"product_cat-air-3s-pt","7":"product_tag-air3s-pt","8":"product_tag-dji-air3s-pt","9":"product_shipping_class-mrw-24-48-h-pt","11":"first","12":"instock","13":"taxable","14":"shipping-taxable","15":"purchasable","16":"product-type-simple"},"yoast_head":"<!-- This site is optimized with the Yoast SEO plugin v27.4 - https:\/\/yoast.com\/product\/yoast-seo-wordpress\/ -->\n<title>DJI AIR 3S Voe mais com o controlador DJI RC-N3 | Distribuidor DJI | ATyges<\/title>\n<meta name=\"description\" content=\"Novo equipamento da s\u00e9rie Air 3S da DJI, com controlador DJI RC-N3 e kit voa mais | ATyges\" \/>\n<meta name=\"robots\" content=\"index, follow, max-snippet:-1, max-image-preview:large, max-video-preview:-1\" \/>\n<link rel=\"canonical\" href=\"https:\/\/atyges.es\/pt\/tienda\/product\/dji-air-3s-fly-more-combo-dji-rc-n3\/\" \/>\n<meta property=\"og:locale\" content=\"pt_PT\" \/>\n<meta property=\"og:type\" content=\"article\" \/>\n<meta property=\"og:title\" content=\"DJI AIR 3S Voe mais com o controlador DJI RC-N3 | Distribuidor DJI | ATyges\" \/>\n<meta property=\"og:description\" content=\"Novo equipamento da s\u00e9rie Air 3S da DJI, com controlador DJI RC-N3 e kit voa mais | ATyges\" \/>\n<meta property=\"og:url\" content=\"https:\/\/atyges.es\/pt\/tienda\/product\/dji-air-3s-fly-more-combo-dji-rc-n3\/\" \/>\n<meta property=\"og:site_name\" content=\"ATyges\" \/>\n<meta property=\"article:modified_time\" content=\"2024-10-15T20:38:58+00:00\" \/>\n<meta property=\"og:image\" content=\"https:\/\/atyges.es\/wp-content\/uploads\/2024\/10\/AIR3S_VM_RCN3_01.jpg\" \/>\n\t<meta property=\"og:image:width\" content=\"1280\" \/>\n\t<meta property=\"og:image:height\" content=\"1280\" \/>\n\t<meta property=\"og:image:type\" content=\"image\/jpeg\" \/>\n<meta name=\"twitter:card\" content=\"summary_large_image\" \/>\n<script type=\"application\/ld+json\" class=\"yoast-schema-graph\">{\"@context\":\"https:\\\/\\\/schema.org\",\"@graph\":[{\"@type\":\"WebPage\",\"@id\":\"https:\\\/\\\/atyges.es\\\/pt\\\/tienda\\\/product\\\/dji-air-3s-fly-more-combo-dji-rc-n3\\\/\",\"url\":\"https:\\\/\\\/atyges.es\\\/pt\\\/tienda\\\/product\\\/dji-air-3s-fly-more-combo-dji-rc-n3\\\/\",\"name\":\"DJI AIR 3S Voe mais com o controlador DJI RC-N3 | Distribuidor DJI | ATyges\",\"isPartOf\":{\"@id\":\"https:\\\/\\\/atyges.es\\\/pt\\\/#website\"},\"primaryImageOfPage\":{\"@id\":\"https:\\\/\\\/atyges.es\\\/pt\\\/tienda\\\/product\\\/dji-air-3s-fly-more-combo-dji-rc-n3\\\/#primaryimage\"},\"image\":{\"@id\":\"https:\\\/\\\/atyges.es\\\/pt\\\/tienda\\\/product\\\/dji-air-3s-fly-more-combo-dji-rc-n3\\\/#primaryimage\"},\"thumbnailUrl\":\"https:\\\/\\\/atyges.es\\\/wp-content\\\/uploads\\\/2024\\\/10\\\/AIR3S_VM_RCN3_01.jpg\",\"datePublished\":\"2024-10-15T13:53:40+00:00\",\"dateModified\":\"2024-10-15T20:38:58+00:00\",\"description\":\"Novo equipamento da s\u00e9rie Air 3S da DJI, com controlador DJI RC-N3 e kit voa mais | ATyges\",\"breadcrumb\":{\"@id\":\"https:\\\/\\\/atyges.es\\\/pt\\\/tienda\\\/product\\\/dji-air-3s-fly-more-combo-dji-rc-n3\\\/#breadcrumb\"},\"inLanguage\":\"pt-PT\",\"potentialAction\":[{\"@type\":\"ReadAction\",\"target\":[\"https:\\\/\\\/atyges.es\\\/pt\\\/tienda\\\/product\\\/dji-air-3s-fly-more-combo-dji-rc-n3\\\/\"]}]},{\"@type\":\"ImageObject\",\"inLanguage\":\"pt-PT\",\"@id\":\"https:\\\/\\\/atyges.es\\\/pt\\\/tienda\\\/product\\\/dji-air-3s-fly-more-combo-dji-rc-n3\\\/#primaryimage\",\"url\":\"https:\\\/\\\/atyges.es\\\/wp-content\\\/uploads\\\/2024\\\/10\\\/AIR3S_VM_RCN3_01.jpg\",\"contentUrl\":\"https:\\\/\\\/atyges.es\\\/wp-content\\\/uploads\\\/2024\\\/10\\\/AIR3S_VM_RCN3_01.jpg\",\"width\":1280,\"height\":1280,\"caption\":\"DJI AIR 3S Vuela Mas RC-N3\"},{\"@type\":\"BreadcrumbList\",\"@id\":\"https:\\\/\\\/atyges.es\\\/pt\\\/tienda\\\/product\\\/dji-air-3s-fly-more-combo-dji-rc-n3\\\/#breadcrumb\",\"itemListElement\":[{\"@type\":\"ListItem\",\"position\":1,\"name\":\"Portada\",\"item\":\"https:\\\/\\\/atyges.es\\\/pt\\\/\"},{\"@type\":\"ListItem\",\"position\":2,\"name\":\"Produtos\",\"item\":\"https:\\\/\\\/atyges.es\\\/pt\\\/shop\\\/\"},{\"@type\":\"ListItem\",\"position\":3,\"name\":\"DJI Air 3S Fly More Combo (DJI RC-N3)\"}]},{\"@type\":\"WebSite\",\"@id\":\"https:\\\/\\\/atyges.es\\\/pt\\\/#website\",\"url\":\"https:\\\/\\\/atyges.es\\\/pt\\\/\",\"name\":\"ATyges\",\"description\":\"\",\"publisher\":{\"@id\":\"https:\\\/\\\/atyges.es\\\/pt\\\/#organization\"},\"potentialAction\":[{\"@type\":\"SearchAction\",\"target\":{\"@type\":\"EntryPoint\",\"urlTemplate\":\"https:\\\/\\\/atyges.es\\\/pt\\\/?s={search_term_string}\"},\"query-input\":{\"@type\":\"PropertyValueSpecification\",\"valueRequired\":true,\"valueName\":\"search_term_string\"}}],\"inLanguage\":\"pt-PT\"},{\"@type\":\"Organization\",\"@id\":\"https:\\\/\\\/atyges.es\\\/pt\\\/#organization\",\"name\":\"Atyges\",\"url\":\"https:\\\/\\\/atyges.es\\\/pt\\\/\",\"logo\":{\"@type\":\"ImageObject\",\"inLanguage\":\"pt-PT\",\"@id\":\"https:\\\/\\\/atyges.es\\\/pt\\\/#\\\/schema\\\/logo\\\/image\\\/\",\"url\":\"https:\\\/\\\/atyges.es\\\/wp-content\\\/uploads\\\/2022\\\/01\\\/Logo_ATyges_Store.png\",\"contentUrl\":\"https:\\\/\\\/atyges.es\\\/wp-content\\\/uploads\\\/2022\\\/01\\\/Logo_ATyges_Store.png\",\"width\":1228,\"height\":200,\"caption\":\"Atyges\"},\"image\":{\"@id\":\"https:\\\/\\\/atyges.es\\\/pt\\\/#\\\/schema\\\/logo\\\/image\\\/\"}}]}<\/script>\n<!-- \/ Yoast SEO plugin. -->","yoast_head_json":{"title":"DJI AIR 3S Voe mais com o controlador DJI RC-N3 | Distribuidor DJI | ATyges","description":"Novo equipamento da s\u00e9rie Air 3S da DJI, com controlador DJI RC-N3 e kit voa mais | ATyges","robots":{"index":"index","follow":"follow","max-snippet":"max-snippet:-1","max-image-preview":"max-image-preview:large","max-video-preview":"max-video-preview:-1"},"canonical":"https:\/\/atyges.es\/pt\/tienda\/product\/dji-air-3s-fly-more-combo-dji-rc-n3\/","og_locale":"pt_PT","og_type":"article","og_title":"DJI AIR 3S Voe mais com o controlador DJI RC-N3 | Distribuidor DJI | ATyges","og_description":"Novo equipamento da s\u00e9rie Air 3S da DJI, com controlador DJI RC-N3 e kit voa mais | ATyges","og_url":"https:\/\/atyges.es\/pt\/tienda\/product\/dji-air-3s-fly-more-combo-dji-rc-n3\/","og_site_name":"ATyges","article_modified_time":"2024-10-15T20:38:58+00:00","og_image":[{"width":1280,"height":1280,"url":"https:\/\/atyges.es\/wp-content\/uploads\/2024\/10\/AIR3S_VM_RCN3_01.jpg","type":"image\/jpeg"}],"twitter_card":"summary_large_image","schema":{"@context":"https:\/\/schema.org","@graph":[{"@type":"WebPage","@id":"https:\/\/atyges.es\/pt\/tienda\/product\/dji-air-3s-fly-more-combo-dji-rc-n3\/","url":"https:\/\/atyges.es\/pt\/tienda\/product\/dji-air-3s-fly-more-combo-dji-rc-n3\/","name":"DJI AIR 3S Voe mais com o controlador DJI RC-N3 | Distribuidor DJI | ATyges","isPartOf":{"@id":"https:\/\/atyges.es\/pt\/#website"},"primaryImageOfPage":{"@id":"https:\/\/atyges.es\/pt\/tienda\/product\/dji-air-3s-fly-more-combo-dji-rc-n3\/#primaryimage"},"image":{"@id":"https:\/\/atyges.es\/pt\/tienda\/product\/dji-air-3s-fly-more-combo-dji-rc-n3\/#primaryimage"},"thumbnailUrl":"https:\/\/atyges.es\/wp-content\/uploads\/2024\/10\/AIR3S_VM_RCN3_01.jpg","datePublished":"2024-10-15T13:53:40+00:00","dateModified":"2024-10-15T20:38:58+00:00","description":"Novo equipamento da s\u00e9rie Air 3S da DJI, com controlador DJI RC-N3 e kit voa mais | ATyges","breadcrumb":{"@id":"https:\/\/atyges.es\/pt\/tienda\/product\/dji-air-3s-fly-more-combo-dji-rc-n3\/#breadcrumb"},"inLanguage":"pt-PT","potentialAction":[{"@type":"ReadAction","target":["https:\/\/atyges.es\/pt\/tienda\/product\/dji-air-3s-fly-more-combo-dji-rc-n3\/"]}]},{"@type":"ImageObject","inLanguage":"pt-PT","@id":"https:\/\/atyges.es\/pt\/tienda\/product\/dji-air-3s-fly-more-combo-dji-rc-n3\/#primaryimage","url":"https:\/\/atyges.es\/wp-content\/uploads\/2024\/10\/AIR3S_VM_RCN3_01.jpg","contentUrl":"https:\/\/atyges.es\/wp-content\/uploads\/2024\/10\/AIR3S_VM_RCN3_01.jpg","width":1280,"height":1280,"caption":"DJI AIR 3S Vuela Mas RC-N3"},{"@type":"BreadcrumbList","@id":"https:\/\/atyges.es\/pt\/tienda\/product\/dji-air-3s-fly-more-combo-dji-rc-n3\/#breadcrumb","itemListElement":[{"@type":"ListItem","position":1,"name":"Portada","item":"https:\/\/atyges.es\/pt\/"},{"@type":"ListItem","position":2,"name":"Produtos","item":"https:\/\/atyges.es\/pt\/shop\/"},{"@type":"ListItem","position":3,"name":"DJI Air 3S Fly More Combo (DJI RC-N3)"}]},{"@type":"WebSite","@id":"https:\/\/atyges.es\/pt\/#website","url":"https:\/\/atyges.es\/pt\/","name":"ATyges","description":"","publisher":{"@id":"https:\/\/atyges.es\/pt\/#organization"},"potentialAction":[{"@type":"SearchAction","target":{"@type":"EntryPoint","urlTemplate":"https:\/\/atyges.es\/pt\/?s={search_term_string}"},"query-input":{"@type":"PropertyValueSpecification","valueRequired":true,"valueName":"search_term_string"}}],"inLanguage":"pt-PT"},{"@type":"Organization","@id":"https:\/\/atyges.es\/pt\/#organization","name":"Atyges","url":"https:\/\/atyges.es\/pt\/","logo":{"@type":"ImageObject","inLanguage":"pt-PT","@id":"https:\/\/atyges.es\/pt\/#\/schema\/logo\/image\/","url":"https:\/\/atyges.es\/wp-content\/uploads\/2022\/01\/Logo_ATyges_Store.png","contentUrl":"https:\/\/atyges.es\/wp-content\/uploads\/2022\/01\/Logo_ATyges_Store.png","width":1228,"height":200,"caption":"Atyges"},"image":{"@id":"https:\/\/atyges.es\/pt\/#\/schema\/logo\/image\/"}}]}},"jetpack_sharing_enabled":true,"_links":{"self":[{"href":"https:\/\/atyges.es\/pt\/wp-json\/wp\/v2\/product\/38042","targetHints":{"allow":["GET"]}}],"collection":[{"href":"https:\/\/atyges.es\/pt\/wp-json\/wp\/v2\/product"}],"about":[{"href":"https:\/\/atyges.es\/pt\/wp-json\/wp\/v2\/types\/product"}],"wp:featuredmedia":[{"embeddable":true,"href":"https:\/\/atyges.es\/pt\/wp-json\/wp\/v2\/media\/37979"}],"wp:attachment":[{"href":"https:\/\/atyges.es\/pt\/wp-json\/wp\/v2\/media?parent=38042"}],"wp:term":[{"taxonomy":"product_brand","embeddable":true,"href":"https:\/\/atyges.es\/pt\/wp-json\/wp\/v2\/product_brand?post=38042"},{"taxonomy":"product_cat","embeddable":true,"href":"https:\/\/atyges.es\/pt\/wp-json\/wp\/v2\/product_cat?post=38042"},{"taxonomy":"product_tag","embeddable":true,"href":"https:\/\/atyges.es\/pt\/wp-json\/wp\/v2\/product_tag?post=38042"}],"curies":[{"name":"wp","href":"https:\/\/api.w.org\/{rel}","templated":true}]}}