{"id":37996,"date":"2024-10-15T17:23:34","date_gmt":"2024-10-15T16:23:34","guid":{"rendered":"https:\/\/atyges.es\/?post_type=product&#038;p=37996"},"modified":"2024-10-15T18:27:50","modified_gmt":"2024-10-15T17:27:50","slug":"dji-care-refresh-plano-de-1-ano-dji-air-3s","status":"publish","type":"product","link":"https:\/\/atyges.es\/pt\/tienda\/product\/dji-care-refresh-plano-de-1-ano-dji-air-3s\/","title":{"rendered":"DJI Care Refresh &#8211; Plano de 1 ano (DJI Air 3s)"},"content":{"rendered":"\n\n<div class=\"kk-star-ratings kksr-auto kksr-align-center kksr-valign-bottom\"\n    data-payload='{&quot;align&quot;:&quot;center&quot;,&quot;id&quot;:&quot;37996&quot;,&quot;slug&quot;:&quot;default&quot;,&quot;valign&quot;:&quot;bottom&quot;,&quot;ignore&quot;:&quot;&quot;,&quot;reference&quot;:&quot;auto&quot;,&quot;class&quot;:&quot;&quot;,&quot;count&quot;:&quot;0&quot;,&quot;legendonly&quot;:&quot;&quot;,&quot;readonly&quot;:&quot;&quot;,&quot;score&quot;:&quot;0&quot;,&quot;starsonly&quot;:&quot;&quot;,&quot;best&quot;:&quot;5&quot;,&quot;gap&quot;:&quot;5&quot;,&quot;greet&quot;:&quot;Val\u00f3ranos&quot;,&quot;legend&quot;:&quot;0\\\/5 - (0 votes)&quot;,&quot;size&quot;:&quot;24&quot;,&quot;title&quot;:&quot;DJI Care Refresh - Plano de 1 ano (DJI Air 3s)&quot;,&quot;width&quot;:&quot;0&quot;,&quot;_legend&quot;:&quot;{score}\\\/{best} - ({count} {votes})&quot;,&quot;font_factor&quot;:&quot;1.25&quot;}'>\n            \n<div class=\"kksr-stars\">\n    \n<div class=\"kksr-stars-inactive\">\n            <div class=\"kksr-star\" data-star=\"1\" style=\"padding-right: 5px\">\n            \n\n<div class=\"kksr-icon\" style=\"width: 24px; height: 24px;\"><\/div>\n        <\/div>\n            <div class=\"kksr-star\" data-star=\"2\" style=\"padding-right: 5px\">\n            \n\n<div class=\"kksr-icon\" style=\"width: 24px; height: 24px;\"><\/div>\n        <\/div>\n            <div class=\"kksr-star\" data-star=\"3\" style=\"padding-right: 5px\">\n            \n\n<div class=\"kksr-icon\" style=\"width: 24px; height: 24px;\"><\/div>\n        <\/div>\n            <div class=\"kksr-star\" data-star=\"4\" style=\"padding-right: 5px\">\n            \n\n<div class=\"kksr-icon\" style=\"width: 24px; height: 24px;\"><\/div>\n        <\/div>\n            <div class=\"kksr-star\" data-star=\"5\" style=\"padding-right: 5px\">\n            \n\n<div class=\"kksr-icon\" style=\"width: 24px; height: 24px;\"><\/div>\n        <\/div>\n    <\/div>\n    \n<div class=\"kksr-stars-active\" style=\"width: 0px;\">\n            <div class=\"kksr-star\" style=\"padding-right: 5px\">\n            \n\n<div class=\"kksr-icon\" style=\"width: 24px; height: 24px;\"><\/div>\n        <\/div>\n            <div class=\"kksr-star\" style=\"padding-right: 5px\">\n            \n\n<div class=\"kksr-icon\" style=\"width: 24px; height: 24px;\"><\/div>\n        <\/div>\n            <div class=\"kksr-star\" style=\"padding-right: 5px\">\n            \n\n<div class=\"kksr-icon\" style=\"width: 24px; height: 24px;\"><\/div>\n        <\/div>\n            <div class=\"kksr-star\" style=\"padding-right: 5px\">\n            \n\n<div class=\"kksr-icon\" style=\"width: 24px; height: 24px;\"><\/div>\n        <\/div>\n            <div class=\"kksr-star\" style=\"padding-right: 5px\">\n            \n\n<div class=\"kksr-icon\" style=\"width: 24px; height: 24px;\"><\/div>\n        <\/div>\n    <\/div>\n<\/div>\n                \n\n<div class=\"kksr-legend\" style=\"font-size: 19.2px;\">\n            <span class=\"kksr-muted\">Val\u00f3ranos<\/span>\n    <\/div>\n    <\/div>\n","protected":false},"excerpt":{"rendered":"<section class=\"index__specs___RwFnP\" data-test-locator=\"sectionProductSpecs\"><span class=\"HwtZe\" lang=\"pt\"><span class=\"jCAhz ChMk0b\"><span class=\"ryNqvb\">O Seguro DJI Care Refresh &#8211; Plano de um ano AIR 3s oferece benef\u00edcios adicionais \u00e0 garantia do equipamento para um voo mais tranquilo por 12 meses a partir da data de ativa\u00e7\u00e3o do produto.<\/span><\/span><\/span><\/p>\n<ul>\n<li><span class=\"HwtZe\" lang=\"pt\"><span class=\"jCAhz ChMk0b\"><span class=\"ryNqvb\">2 substitui\u00e7\u00f5es a pre\u00e7o reduzido.<\/span><\/span> <\/span><\/li>\n<li><span class=\"HwtZe\" lang=\"pt\"><span class=\"jCAhz ChMk0b\"><span class=\"ryNqvb\">Cobertura para perdas em voo, \u00e1gua e colis\u00e3o.<\/span><\/span> <\/span><\/li>\n<li><span class=\"HwtZe\" lang=\"pt\"><span class=\"jCAhz ChMk0b\"><span class=\"ryNqvb\">Tempo m\u00e9dio de substitui\u00e7\u00e3o de 3 dias.<\/span><\/span> <\/span><\/li>\n<li><span class=\"HwtZe\" lang=\"pt\"><span class=\"jCAhz ChMk0b\"><span class=\"ryNqvb\">Frete gr\u00e1tis de ida e volta para substitui\u00e7\u00e3o.<\/span><\/span><\/span><\/li>\n<\/ul>\n<\/section>\n","protected":false},"featured_media":38002,"template":"","meta":[],"product_brand":[],"product_cat":[1783],"product_tag":[1782,1784],"class_list":{"0":"post-37996","1":"product","2":"type-product","3":"status-publish","4":"has-post-thumbnail","6":"product_cat-air-3s-pt","7":"product_tag-care-air-3-pt","8":"product_tag-care-air-3s-pt","9":"product_shipping_class-envio-gratuito-para-los-dji-consumer-pt","11":"first","12":"instock","13":"virtual","14":"taxable","15":"purchasable","16":"product-type-simple"},"yoast_head":"<!-- This site is optimized with the Yoast SEO plugin v27.4 - https:\/\/yoast.com\/product\/yoast-seo-wordpress\/ -->\n<title>DJI Care Refresh - Plano de 1 ano (DJI Air 3) | DJI Air 3s | ATyges<\/title>\n<meta name=\"description\" content=\"O Seguro DJI Care Refresh - Plano de um ano AIR 3s oferece benef\u00edcios adicionais \u00e0 garantia do equipamento para um voo mais tranquilo por 12 meses a partir da data de ativa\u00e7\u00e3o do produto.\" \/>\n<meta name=\"robots\" content=\"index, follow, max-snippet:-1, max-image-preview:large, max-video-preview:-1\" \/>\n<link rel=\"canonical\" href=\"https:\/\/atyges.es\/pt\/tienda\/product\/dji-care-refresh-plano-de-1-ano-dji-air-3s\/\" \/>\n<meta property=\"og:locale\" content=\"pt_PT\" \/>\n<meta property=\"og:type\" content=\"article\" \/>\n<meta property=\"og:title\" content=\"DJI Care Refresh - Plano de 1 ano (DJI Air 3) | DJI Air 3s | ATyges\" \/>\n<meta property=\"og:description\" content=\"O Seguro DJI Care Refresh - Plano de um ano AIR 3s oferece benef\u00edcios adicionais \u00e0 garantia do equipamento para um voo mais tranquilo por 12 meses a partir da data de ativa\u00e7\u00e3o do produto.\" \/>\n<meta property=\"og:url\" content=\"https:\/\/atyges.es\/pt\/tienda\/product\/dji-care-refresh-plano-de-1-ano-dji-air-3s\/\" \/>\n<meta property=\"og:site_name\" content=\"ATyges\" \/>\n<meta property=\"article:modified_time\" content=\"2024-10-15T17:27:50+00:00\" \/>\n<meta property=\"og:image\" content=\"https:\/\/atyges.es\/wp-content\/uploads\/2024\/10\/care12-dji-air-3s_01.jpg\" \/>\n\t<meta property=\"og:image:width\" content=\"1100\" \/>\n\t<meta property=\"og:image:height\" content=\"1422\" \/>\n\t<meta property=\"og:image:type\" content=\"image\/jpeg\" \/>\n<meta name=\"twitter:card\" content=\"summary_large_image\" \/>\n<script type=\"application\/ld+json\" class=\"yoast-schema-graph\">{\"@context\":\"https:\\\/\\\/schema.org\",\"@graph\":[{\"@type\":\"WebPage\",\"@id\":\"https:\\\/\\\/atyges.es\\\/pt\\\/tienda\\\/product\\\/dji-care-refresh-plano-de-1-ano-dji-air-3s\\\/\",\"url\":\"https:\\\/\\\/atyges.es\\\/pt\\\/tienda\\\/product\\\/dji-care-refresh-plano-de-1-ano-dji-air-3s\\\/\",\"name\":\"DJI Care Refresh - Plano de 1 ano (DJI Air 3) | DJI Air 3s | ATyges\",\"isPartOf\":{\"@id\":\"https:\\\/\\\/atyges.es\\\/pt\\\/#website\"},\"primaryImageOfPage\":{\"@id\":\"https:\\\/\\\/atyges.es\\\/pt\\\/tienda\\\/product\\\/dji-care-refresh-plano-de-1-ano-dji-air-3s\\\/#primaryimage\"},\"image\":{\"@id\":\"https:\\\/\\\/atyges.es\\\/pt\\\/tienda\\\/product\\\/dji-care-refresh-plano-de-1-ano-dji-air-3s\\\/#primaryimage\"},\"thumbnailUrl\":\"https:\\\/\\\/atyges.es\\\/wp-content\\\/uploads\\\/2024\\\/10\\\/care12-dji-air-3s_01.jpg\",\"datePublished\":\"2024-10-15T16:23:34+00:00\",\"dateModified\":\"2024-10-15T17:27:50+00:00\",\"description\":\"O Seguro DJI Care Refresh - Plano de um ano AIR 3s oferece benef\u00edcios adicionais \u00e0 garantia do equipamento para um voo mais tranquilo por 12 meses a partir da data de ativa\u00e7\u00e3o do produto.\",\"breadcrumb\":{\"@id\":\"https:\\\/\\\/atyges.es\\\/pt\\\/tienda\\\/product\\\/dji-care-refresh-plano-de-1-ano-dji-air-3s\\\/#breadcrumb\"},\"inLanguage\":\"pt-PT\",\"potentialAction\":[{\"@type\":\"ReadAction\",\"target\":[\"https:\\\/\\\/atyges.es\\\/pt\\\/tienda\\\/product\\\/dji-care-refresh-plano-de-1-ano-dji-air-3s\\\/\"]}]},{\"@type\":\"ImageObject\",\"inLanguage\":\"pt-PT\",\"@id\":\"https:\\\/\\\/atyges.es\\\/pt\\\/tienda\\\/product\\\/dji-care-refresh-plano-de-1-ano-dji-air-3s\\\/#primaryimage\",\"url\":\"https:\\\/\\\/atyges.es\\\/wp-content\\\/uploads\\\/2024\\\/10\\\/care12-dji-air-3s_01.jpg\",\"contentUrl\":\"https:\\\/\\\/atyges.es\\\/wp-content\\\/uploads\\\/2024\\\/10\\\/care12-dji-air-3s_01.jpg\",\"width\":1100,\"height\":1422,\"caption\":\"DJI CARE AIR 3S\"},{\"@type\":\"BreadcrumbList\",\"@id\":\"https:\\\/\\\/atyges.es\\\/pt\\\/tienda\\\/product\\\/dji-care-refresh-plano-de-1-ano-dji-air-3s\\\/#breadcrumb\",\"itemListElement\":[{\"@type\":\"ListItem\",\"position\":1,\"name\":\"Portada\",\"item\":\"https:\\\/\\\/atyges.es\\\/pt\\\/\"},{\"@type\":\"ListItem\",\"position\":2,\"name\":\"Produtos\",\"item\":\"https:\\\/\\\/atyges.es\\\/pt\\\/shop\\\/\"},{\"@type\":\"ListItem\",\"position\":3,\"name\":\"DJI Care Refresh &#8211; Plano de 1 ano (DJI Air 3s)\"}]},{\"@type\":\"WebSite\",\"@id\":\"https:\\\/\\\/atyges.es\\\/pt\\\/#website\",\"url\":\"https:\\\/\\\/atyges.es\\\/pt\\\/\",\"name\":\"ATyges\",\"description\":\"\",\"publisher\":{\"@id\":\"https:\\\/\\\/atyges.es\\\/pt\\\/#organization\"},\"potentialAction\":[{\"@type\":\"SearchAction\",\"target\":{\"@type\":\"EntryPoint\",\"urlTemplate\":\"https:\\\/\\\/atyges.es\\\/pt\\\/?s={search_term_string}\"},\"query-input\":{\"@type\":\"PropertyValueSpecification\",\"valueRequired\":true,\"valueName\":\"search_term_string\"}}],\"inLanguage\":\"pt-PT\"},{\"@type\":\"Organization\",\"@id\":\"https:\\\/\\\/atyges.es\\\/pt\\\/#organization\",\"name\":\"Atyges\",\"url\":\"https:\\\/\\\/atyges.es\\\/pt\\\/\",\"logo\":{\"@type\":\"ImageObject\",\"inLanguage\":\"pt-PT\",\"@id\":\"https:\\\/\\\/atyges.es\\\/pt\\\/#\\\/schema\\\/logo\\\/image\\\/\",\"url\":\"https:\\\/\\\/atyges.es\\\/wp-content\\\/uploads\\\/2022\\\/01\\\/Logo_ATyges_Store.png\",\"contentUrl\":\"https:\\\/\\\/atyges.es\\\/wp-content\\\/uploads\\\/2022\\\/01\\\/Logo_ATyges_Store.png\",\"width\":1228,\"height\":200,\"caption\":\"Atyges\"},\"image\":{\"@id\":\"https:\\\/\\\/atyges.es\\\/pt\\\/#\\\/schema\\\/logo\\\/image\\\/\"}}]}<\/script>\n<!-- \/ Yoast SEO plugin. -->","yoast_head_json":{"title":"DJI Care Refresh - Plano de 1 ano (DJI Air 3) | DJI Air 3s | ATyges","description":"O Seguro DJI Care Refresh - Plano de um ano AIR 3s oferece benef\u00edcios adicionais \u00e0 garantia do equipamento para um voo mais tranquilo por 12 meses a partir da data de ativa\u00e7\u00e3o do produto.","robots":{"index":"index","follow":"follow","max-snippet":"max-snippet:-1","max-image-preview":"max-image-preview:large","max-video-preview":"max-video-preview:-1"},"canonical":"https:\/\/atyges.es\/pt\/tienda\/product\/dji-care-refresh-plano-de-1-ano-dji-air-3s\/","og_locale":"pt_PT","og_type":"article","og_title":"DJI Care Refresh - Plano de 1 ano (DJI Air 3) | DJI Air 3s | ATyges","og_description":"O Seguro DJI Care Refresh - Plano de um ano AIR 3s oferece benef\u00edcios adicionais \u00e0 garantia do equipamento para um voo mais tranquilo por 12 meses a partir da data de ativa\u00e7\u00e3o do produto.","og_url":"https:\/\/atyges.es\/pt\/tienda\/product\/dji-care-refresh-plano-de-1-ano-dji-air-3s\/","og_site_name":"ATyges","article_modified_time":"2024-10-15T17:27:50+00:00","og_image":[{"width":1100,"height":1422,"url":"https:\/\/atyges.es\/wp-content\/uploads\/2024\/10\/care12-dji-air-3s_01.jpg","type":"image\/jpeg"}],"twitter_card":"summary_large_image","schema":{"@context":"https:\/\/schema.org","@graph":[{"@type":"WebPage","@id":"https:\/\/atyges.es\/pt\/tienda\/product\/dji-care-refresh-plano-de-1-ano-dji-air-3s\/","url":"https:\/\/atyges.es\/pt\/tienda\/product\/dji-care-refresh-plano-de-1-ano-dji-air-3s\/","name":"DJI Care Refresh - Plano de 1 ano (DJI Air 3) | DJI Air 3s | ATyges","isPartOf":{"@id":"https:\/\/atyges.es\/pt\/#website"},"primaryImageOfPage":{"@id":"https:\/\/atyges.es\/pt\/tienda\/product\/dji-care-refresh-plano-de-1-ano-dji-air-3s\/#primaryimage"},"image":{"@id":"https:\/\/atyges.es\/pt\/tienda\/product\/dji-care-refresh-plano-de-1-ano-dji-air-3s\/#primaryimage"},"thumbnailUrl":"https:\/\/atyges.es\/wp-content\/uploads\/2024\/10\/care12-dji-air-3s_01.jpg","datePublished":"2024-10-15T16:23:34+00:00","dateModified":"2024-10-15T17:27:50+00:00","description":"O Seguro DJI Care Refresh - Plano de um ano AIR 3s oferece benef\u00edcios adicionais \u00e0 garantia do equipamento para um voo mais tranquilo por 12 meses a partir da data de ativa\u00e7\u00e3o do produto.","breadcrumb":{"@id":"https:\/\/atyges.es\/pt\/tienda\/product\/dji-care-refresh-plano-de-1-ano-dji-air-3s\/#breadcrumb"},"inLanguage":"pt-PT","potentialAction":[{"@type":"ReadAction","target":["https:\/\/atyges.es\/pt\/tienda\/product\/dji-care-refresh-plano-de-1-ano-dji-air-3s\/"]}]},{"@type":"ImageObject","inLanguage":"pt-PT","@id":"https:\/\/atyges.es\/pt\/tienda\/product\/dji-care-refresh-plano-de-1-ano-dji-air-3s\/#primaryimage","url":"https:\/\/atyges.es\/wp-content\/uploads\/2024\/10\/care12-dji-air-3s_01.jpg","contentUrl":"https:\/\/atyges.es\/wp-content\/uploads\/2024\/10\/care12-dji-air-3s_01.jpg","width":1100,"height":1422,"caption":"DJI CARE AIR 3S"},{"@type":"BreadcrumbList","@id":"https:\/\/atyges.es\/pt\/tienda\/product\/dji-care-refresh-plano-de-1-ano-dji-air-3s\/#breadcrumb","itemListElement":[{"@type":"ListItem","position":1,"name":"Portada","item":"https:\/\/atyges.es\/pt\/"},{"@type":"ListItem","position":2,"name":"Produtos","item":"https:\/\/atyges.es\/pt\/shop\/"},{"@type":"ListItem","position":3,"name":"DJI Care Refresh &#8211; Plano de 1 ano (DJI Air 3s)"}]},{"@type":"WebSite","@id":"https:\/\/atyges.es\/pt\/#website","url":"https:\/\/atyges.es\/pt\/","name":"ATyges","description":"","publisher":{"@id":"https:\/\/atyges.es\/pt\/#organization"},"potentialAction":[{"@type":"SearchAction","target":{"@type":"EntryPoint","urlTemplate":"https:\/\/atyges.es\/pt\/?s={search_term_string}"},"query-input":{"@type":"PropertyValueSpecification","valueRequired":true,"valueName":"search_term_string"}}],"inLanguage":"pt-PT"},{"@type":"Organization","@id":"https:\/\/atyges.es\/pt\/#organization","name":"Atyges","url":"https:\/\/atyges.es\/pt\/","logo":{"@type":"ImageObject","inLanguage":"pt-PT","@id":"https:\/\/atyges.es\/pt\/#\/schema\/logo\/image\/","url":"https:\/\/atyges.es\/wp-content\/uploads\/2022\/01\/Logo_ATyges_Store.png","contentUrl":"https:\/\/atyges.es\/wp-content\/uploads\/2022\/01\/Logo_ATyges_Store.png","width":1228,"height":200,"caption":"Atyges"},"image":{"@id":"https:\/\/atyges.es\/pt\/#\/schema\/logo\/image\/"}}]}},"jetpack_sharing_enabled":true,"_links":{"self":[{"href":"https:\/\/atyges.es\/pt\/wp-json\/wp\/v2\/product\/37996","targetHints":{"allow":["GET"]}}],"collection":[{"href":"https:\/\/atyges.es\/pt\/wp-json\/wp\/v2\/product"}],"about":[{"href":"https:\/\/atyges.es\/pt\/wp-json\/wp\/v2\/types\/product"}],"wp:featuredmedia":[{"embeddable":true,"href":"https:\/\/atyges.es\/pt\/wp-json\/wp\/v2\/media\/38002"}],"wp:attachment":[{"href":"https:\/\/atyges.es\/pt\/wp-json\/wp\/v2\/media?parent=37996"}],"wp:term":[{"taxonomy":"product_brand","embeddable":true,"href":"https:\/\/atyges.es\/pt\/wp-json\/wp\/v2\/product_brand?post=37996"},{"taxonomy":"product_cat","embeddable":true,"href":"https:\/\/atyges.es\/pt\/wp-json\/wp\/v2\/product_cat?post=37996"},{"taxonomy":"product_tag","embeddable":true,"href":"https:\/\/atyges.es\/pt\/wp-json\/wp\/v2\/product_tag?post=37996"}],"curies":[{"name":"wp","href":"https:\/\/api.w.org\/{rel}","templated":true}]}}