{"id":29643,"date":"2023-05-18T20:11:16","date_gmt":"2023-05-18T19:11:16","guid":{"rendered":"https:\/\/atyges.es\/?post_type=product&#038;p=29643"},"modified":"2023-05-18T20:43:32","modified_gmt":"2023-05-18T19:43:32","slug":"estacao-de-carga-dji-bs65-para-baterias-matrice-350","status":"publish","type":"product","link":"https:\/\/atyges.es\/pt\/tienda\/product\/estacao-de-carga-dji-bs65-para-baterias-matrice-350\/","title":{"rendered":"Esta\u00e7\u00e3o de carga DJI BS65 para baterias Matrice 350"},"content":{"rendered":"<h1>Esta\u00e7\u00e3o de carregamento DJI BS65 &#8211; para Matrice 350 RTK<\/h1>\n<p>A esta\u00e7\u00e3o de carregamento de baterias \u00e9 uma solu\u00e7\u00e3o completa para carregar, armazenar e transportar baterias.<\/p>\n<p>O novo modo de economia e o modo pronto para voar aumentam a efici\u00eancia de carregamento e prolongam a vida \u00fatil da bateria.<\/p>\n<p>As novas rodas de movimento de 360\u00b0 facilitam o transporte e a realoca\u00e7\u00e3o.<\/p>\n<p>A esta\u00e7\u00e3o de carregamento da bateria fornece:<\/p>\n<ul>\n<li>oito portas de bateria TB65.<\/li>\n<li>quatro portas de bateria WB37.<\/li>\n<li>uma porta de servi\u00e7o USB-C.<\/li>\n<li>uma porta de carregamento USB-C.<\/li>\n<li>uma porta de carregamento USB-A.<\/li>\n<\/ul>\n<p>Voc\u00ea pode carregar at\u00e9 duas baterias TB65 e uma bateria WB37 ao mesmo tempo.<\/p>\n<p><strong>V\u00e1rios modos de carregamento<\/strong><br \/>\nO modo de armazenamento cobra 50%, o que \u00e9 ideal para armazenamento de longo prazo. No modo pronto para voo, v\u00e1rias baterias carregam rapidamente at\u00e9 90% para opera\u00e7\u00f5es plug-and-play enquanto estendem a vida \u00fatil da bateria.<\/p>\n<p><strong>Gest\u00e3o inteligente<\/strong><br \/>\nQuando a esta\u00e7\u00e3o de carregamento da bateria estiver conectada ao DJI RC Plus, o aplicativo DJI Pilot 2 exibir\u00e1 o n\u00edvel da bateria e o status operacional. Al\u00e9m disso, o n\u00famero de dias de autodescarga pode ser definido, atualiza\u00e7\u00e3o de firmware, exporta\u00e7\u00e3o de log e outras etapas r\u00e1pidas de opera\u00e7\u00e3o podem ser acessadas com um toque.<\/p>\n<p><strong>Mover sem esfor\u00e7o<\/strong><br \/>\nA esta\u00e7\u00e3o de carregamento da bateria est\u00e1 equipada com rodas de 360\u00b0 para um transporte e mudan\u00e7a de posi\u00e7\u00e3o mais confort\u00e1veis.<\/p>\n<p>Pontas:<br \/>\n1. N\u00e3o feche a tampa protetora da esta\u00e7\u00e3o de carregamento da bateria durante o carregamento.<br \/>\n2. N\u00e3o tente tocar nos conectores de metal dos terminais da bateria.<\/p>\n\n\n<div class=\"kk-star-ratings kksr-auto kksr-align-center kksr-valign-bottom\"\n    data-payload='{&quot;align&quot;:&quot;center&quot;,&quot;id&quot;:&quot;29643&quot;,&quot;slug&quot;:&quot;default&quot;,&quot;valign&quot;:&quot;bottom&quot;,&quot;ignore&quot;:&quot;&quot;,&quot;reference&quot;:&quot;auto&quot;,&quot;class&quot;:&quot;&quot;,&quot;count&quot;:&quot;0&quot;,&quot;legendonly&quot;:&quot;&quot;,&quot;readonly&quot;:&quot;&quot;,&quot;score&quot;:&quot;0&quot;,&quot;starsonly&quot;:&quot;&quot;,&quot;best&quot;:&quot;5&quot;,&quot;gap&quot;:&quot;5&quot;,&quot;greet&quot;:&quot;Val\u00f3ranos&quot;,&quot;legend&quot;:&quot;0\\\/5 - (0 votes)&quot;,&quot;size&quot;:&quot;24&quot;,&quot;title&quot;:&quot;Esta\u00e7\u00e3o de carga DJI BS65 para baterias Matrice 350&quot;,&quot;width&quot;:&quot;0&quot;,&quot;_legend&quot;:&quot;{score}\\\/{best} - ({count} {votes})&quot;,&quot;font_factor&quot;:&quot;1.25&quot;}'>\n            \n<div class=\"kksr-stars\">\n    \n<div class=\"kksr-stars-inactive\">\n            <div class=\"kksr-star\" data-star=\"1\" style=\"padding-right: 5px\">\n            \n\n<div class=\"kksr-icon\" style=\"width: 24px; height: 24px;\"><\/div>\n        <\/div>\n            <div class=\"kksr-star\" data-star=\"2\" style=\"padding-right: 5px\">\n            \n\n<div class=\"kksr-icon\" style=\"width: 24px; height: 24px;\"><\/div>\n        <\/div>\n            <div class=\"kksr-star\" data-star=\"3\" style=\"padding-right: 5px\">\n            \n\n<div class=\"kksr-icon\" style=\"width: 24px; height: 24px;\"><\/div>\n        <\/div>\n            <div class=\"kksr-star\" data-star=\"4\" style=\"padding-right: 5px\">\n            \n\n<div class=\"kksr-icon\" style=\"width: 24px; height: 24px;\"><\/div>\n        <\/div>\n            <div class=\"kksr-star\" data-star=\"5\" style=\"padding-right: 5px\">\n            \n\n<div class=\"kksr-icon\" style=\"width: 24px; height: 24px;\"><\/div>\n        <\/div>\n    <\/div>\n    \n<div class=\"kksr-stars-active\" style=\"width: 0px;\">\n            <div class=\"kksr-star\" style=\"padding-right: 5px\">\n            \n\n<div class=\"kksr-icon\" style=\"width: 24px; height: 24px;\"><\/div>\n        <\/div>\n            <div class=\"kksr-star\" style=\"padding-right: 5px\">\n            \n\n<div class=\"kksr-icon\" style=\"width: 24px; height: 24px;\"><\/div>\n        <\/div>\n            <div class=\"kksr-star\" style=\"padding-right: 5px\">\n            \n\n<div class=\"kksr-icon\" style=\"width: 24px; height: 24px;\"><\/div>\n        <\/div>\n            <div class=\"kksr-star\" style=\"padding-right: 5px\">\n            \n\n<div class=\"kksr-icon\" style=\"width: 24px; height: 24px;\"><\/div>\n        <\/div>\n            <div class=\"kksr-star\" style=\"padding-right: 5px\">\n            \n\n<div class=\"kksr-icon\" style=\"width: 24px; height: 24px;\"><\/div>\n        <\/div>\n    <\/div>\n<\/div>\n                \n\n<div class=\"kksr-legend\" style=\"font-size: 19.2px;\">\n            <span class=\"kksr-muted\">Val\u00f3ranos<\/span>\n    <\/div>\n    <\/div>\n","protected":false},"excerpt":{"rendered":"<p>A esta\u00e7\u00e3o de carregamento DJI BS65 foi projetada para carregamento r\u00e1pido de baterias da s\u00e9rie Matrice 350 RTK. Ela pode armazenar at\u00e9 8 baterias de voo de drone e 4 baterias de controle remoto.<\/p>\n<p><strong>Especifica\u00e7\u00f5es<\/strong><br \/>\nDimens\u00f5es: 580 \u00d7 358 \u00d7 254 mm (C\u00d7L\u00d7A)<br \/>\nPeso L\u00edquido: Aproximadamente 9,03 kg<br \/>\nPot\u00eancia de sa\u00edda: 100 a 120 V (CA), 750 W; 220 a 240 V (CA), 992 W<br \/>\nPorta de carregamento USB-C: sa\u00edda de pot\u00eancia m\u00e1xima de 65 W<br \/>\nTemperatura de opera\u00e7\u00e3o: -20 a +40 \u00b0C<\/p>\n<p><strong>Compatibilidade<\/strong><br \/>\nMatrice 350 RTK<\/p>\n<p><strong>Conte\u00fado do produto:<\/strong><br \/>\n1 esta\u00e7\u00e3o de bateria BS65.<br \/>\n1 cabo USB-C para USB-C<br \/>\n1 cabo de alimenta\u00e7\u00e3o<\/p>\n","protected":false},"featured_media":29647,"template":"","meta":[],"product_brand":[],"product_cat":[1276,1577],"product_tag":[1256,1580,1581,1257,1578,1258,1579],"class_list":{"0":"post-29643","1":"product","2":"type-product","3":"status-publish","4":"has-post-thumbnail","6":"product_cat-drones-profissionais-pt","7":"product_cat-matrice-350-rtk-pt","8":"product_tag-bs60-pt-2","9":"product_tag-bs65-pt","10":"product_tag-estacao-de-carga","11":"product_tag-m300rtk-pt","12":"product_tag-m350rtk-pt","13":"product_tag-tb60-pt","14":"product_tag-tb65-pt","15":"product_shipping_class-envio-gratuito-es-pt","17":"first","18":"outofstock","19":"taxable","20":"shipping-taxable","21":"purchasable","22":"product-type-simple"},"yoast_head":"<!-- This site is optimized with the Yoast SEO plugin v27.4 - https:\/\/yoast.com\/product\/yoast-seo-wordpress\/ -->\n<title>Esta\u00e7\u00e3o de carga DJI BS65 | Bater\u00eda inteligente Matrice 350 | ATyges \u00ae<\/title>\n<meta name=\"description\" content=\"Esta\u00e7\u00e3o de carga DJI BS65 | Matrice 350 RTK | ATyges \u00ae\" \/>\n<meta name=\"robots\" content=\"index, follow, max-snippet:-1, max-image-preview:large, max-video-preview:-1\" \/>\n<link rel=\"canonical\" href=\"https:\/\/atyges.es\/pt\/tienda\/product\/estacao-de-carga-dji-bs65-para-baterias-matrice-350\/\" \/>\n<meta property=\"og:locale\" content=\"pt_PT\" \/>\n<meta property=\"og:type\" content=\"article\" \/>\n<meta property=\"og:title\" content=\"Esta\u00e7\u00e3o de carga DJI BS65 | Bater\u00eda inteligente Matrice 350 | ATyges \u00ae\" \/>\n<meta property=\"og:description\" content=\"Esta\u00e7\u00e3o de carga DJI BS65 | Matrice 350 RTK | ATyges \u00ae\" \/>\n<meta property=\"og:url\" content=\"https:\/\/atyges.es\/pt\/tienda\/product\/estacao-de-carga-dji-bs65-para-baterias-matrice-350\/\" \/>\n<meta property=\"og:site_name\" content=\"ATyges\" \/>\n<meta property=\"article:modified_time\" content=\"2023-05-18T19:43:32+00:00\" \/>\n<meta property=\"og:image\" content=\"https:\/\/atyges.es\/wp-content\/uploads\/2023\/05\/BS65_ATyges02.jpg\" \/>\n\t<meta property=\"og:image:width\" content=\"1000\" \/>\n\t<meta property=\"og:image:height\" content=\"720\" \/>\n\t<meta property=\"og:image:type\" content=\"image\/jpeg\" \/>\n<meta name=\"twitter:card\" content=\"summary_large_image\" \/>\n<meta name=\"twitter:label1\" content=\"Tempo estimado de leitura\" \/>\n\t<meta name=\"twitter:data1\" content=\"1 minuto\" \/>\n<script type=\"application\/ld+json\" class=\"yoast-schema-graph\">{\"@context\":\"https:\\\/\\\/schema.org\",\"@graph\":[{\"@type\":\"WebPage\",\"@id\":\"https:\\\/\\\/atyges.es\\\/pt\\\/tienda\\\/product\\\/estacao-de-carga-dji-bs65-para-baterias-matrice-350\\\/\",\"url\":\"https:\\\/\\\/atyges.es\\\/pt\\\/tienda\\\/product\\\/estacao-de-carga-dji-bs65-para-baterias-matrice-350\\\/\",\"name\":\"Esta\u00e7\u00e3o de carga DJI BS65 | Bater\u00eda inteligente Matrice 350 | ATyges \u00ae\",\"isPartOf\":{\"@id\":\"https:\\\/\\\/atyges.es\\\/pt\\\/#website\"},\"primaryImageOfPage\":{\"@id\":\"https:\\\/\\\/atyges.es\\\/pt\\\/tienda\\\/product\\\/estacao-de-carga-dji-bs65-para-baterias-matrice-350\\\/#primaryimage\"},\"image\":{\"@id\":\"https:\\\/\\\/atyges.es\\\/pt\\\/tienda\\\/product\\\/estacao-de-carga-dji-bs65-para-baterias-matrice-350\\\/#primaryimage\"},\"thumbnailUrl\":\"https:\\\/\\\/atyges.es\\\/wp-content\\\/uploads\\\/2023\\\/05\\\/BS65_ATyges02.jpg\",\"datePublished\":\"2023-05-18T19:11:16+00:00\",\"dateModified\":\"2023-05-18T19:43:32+00:00\",\"description\":\"Esta\u00e7\u00e3o de carga DJI BS65 | Matrice 350 RTK | ATyges \u00ae\",\"breadcrumb\":{\"@id\":\"https:\\\/\\\/atyges.es\\\/pt\\\/tienda\\\/product\\\/estacao-de-carga-dji-bs65-para-baterias-matrice-350\\\/#breadcrumb\"},\"inLanguage\":\"pt-PT\",\"potentialAction\":[{\"@type\":\"ReadAction\",\"target\":[\"https:\\\/\\\/atyges.es\\\/pt\\\/tienda\\\/product\\\/estacao-de-carga-dji-bs65-para-baterias-matrice-350\\\/\"]}]},{\"@type\":\"ImageObject\",\"inLanguage\":\"pt-PT\",\"@id\":\"https:\\\/\\\/atyges.es\\\/pt\\\/tienda\\\/product\\\/estacao-de-carga-dji-bs65-para-baterias-matrice-350\\\/#primaryimage\",\"url\":\"https:\\\/\\\/atyges.es\\\/wp-content\\\/uploads\\\/2023\\\/05\\\/BS65_ATyges02.jpg\",\"contentUrl\":\"https:\\\/\\\/atyges.es\\\/wp-content\\\/uploads\\\/2023\\\/05\\\/BS65_ATyges02.jpg\",\"width\":1000,\"height\":720,\"caption\":\"Estaci\u00f3n de carga de bater\u00edas BS65\"},{\"@type\":\"BreadcrumbList\",\"@id\":\"https:\\\/\\\/atyges.es\\\/pt\\\/tienda\\\/product\\\/estacao-de-carga-dji-bs65-para-baterias-matrice-350\\\/#breadcrumb\",\"itemListElement\":[{\"@type\":\"ListItem\",\"position\":1,\"name\":\"Portada\",\"item\":\"https:\\\/\\\/atyges.es\\\/pt\\\/\"},{\"@type\":\"ListItem\",\"position\":2,\"name\":\"Produtos\",\"item\":\"https:\\\/\\\/atyges.es\\\/pt\\\/shop\\\/\"},{\"@type\":\"ListItem\",\"position\":3,\"name\":\"Esta\u00e7\u00e3o de carga DJI BS65 para baterias Matrice 350\"}]},{\"@type\":\"WebSite\",\"@id\":\"https:\\\/\\\/atyges.es\\\/pt\\\/#website\",\"url\":\"https:\\\/\\\/atyges.es\\\/pt\\\/\",\"name\":\"ATyges\",\"description\":\"\",\"publisher\":{\"@id\":\"https:\\\/\\\/atyges.es\\\/pt\\\/#organization\"},\"potentialAction\":[{\"@type\":\"SearchAction\",\"target\":{\"@type\":\"EntryPoint\",\"urlTemplate\":\"https:\\\/\\\/atyges.es\\\/pt\\\/?s={search_term_string}\"},\"query-input\":{\"@type\":\"PropertyValueSpecification\",\"valueRequired\":true,\"valueName\":\"search_term_string\"}}],\"inLanguage\":\"pt-PT\"},{\"@type\":\"Organization\",\"@id\":\"https:\\\/\\\/atyges.es\\\/pt\\\/#organization\",\"name\":\"Atyges\",\"url\":\"https:\\\/\\\/atyges.es\\\/pt\\\/\",\"logo\":{\"@type\":\"ImageObject\",\"inLanguage\":\"pt-PT\",\"@id\":\"https:\\\/\\\/atyges.es\\\/pt\\\/#\\\/schema\\\/logo\\\/image\\\/\",\"url\":\"https:\\\/\\\/atyges.es\\\/wp-content\\\/uploads\\\/2022\\\/01\\\/Logo_ATyges_Store.png\",\"contentUrl\":\"https:\\\/\\\/atyges.es\\\/wp-content\\\/uploads\\\/2022\\\/01\\\/Logo_ATyges_Store.png\",\"width\":1228,\"height\":200,\"caption\":\"Atyges\"},\"image\":{\"@id\":\"https:\\\/\\\/atyges.es\\\/pt\\\/#\\\/schema\\\/logo\\\/image\\\/\"}}]}<\/script>\n<!-- \/ Yoast SEO plugin. -->","yoast_head_json":{"title":"Esta\u00e7\u00e3o de carga DJI BS65 | Bater\u00eda inteligente Matrice 350 | ATyges \u00ae","description":"Esta\u00e7\u00e3o de carga DJI BS65 | Matrice 350 RTK | ATyges \u00ae","robots":{"index":"index","follow":"follow","max-snippet":"max-snippet:-1","max-image-preview":"max-image-preview:large","max-video-preview":"max-video-preview:-1"},"canonical":"https:\/\/atyges.es\/pt\/tienda\/product\/estacao-de-carga-dji-bs65-para-baterias-matrice-350\/","og_locale":"pt_PT","og_type":"article","og_title":"Esta\u00e7\u00e3o de carga DJI BS65 | Bater\u00eda inteligente Matrice 350 | ATyges \u00ae","og_description":"Esta\u00e7\u00e3o de carga DJI BS65 | Matrice 350 RTK | ATyges \u00ae","og_url":"https:\/\/atyges.es\/pt\/tienda\/product\/estacao-de-carga-dji-bs65-para-baterias-matrice-350\/","og_site_name":"ATyges","article_modified_time":"2023-05-18T19:43:32+00:00","og_image":[{"width":1000,"height":720,"url":"https:\/\/atyges.es\/wp-content\/uploads\/2023\/05\/BS65_ATyges02.jpg","type":"image\/jpeg"}],"twitter_card":"summary_large_image","twitter_misc":{"Tempo estimado de leitura":"1 minuto"},"schema":{"@context":"https:\/\/schema.org","@graph":[{"@type":"WebPage","@id":"https:\/\/atyges.es\/pt\/tienda\/product\/estacao-de-carga-dji-bs65-para-baterias-matrice-350\/","url":"https:\/\/atyges.es\/pt\/tienda\/product\/estacao-de-carga-dji-bs65-para-baterias-matrice-350\/","name":"Esta\u00e7\u00e3o de carga DJI BS65 | Bater\u00eda inteligente Matrice 350 | ATyges \u00ae","isPartOf":{"@id":"https:\/\/atyges.es\/pt\/#website"},"primaryImageOfPage":{"@id":"https:\/\/atyges.es\/pt\/tienda\/product\/estacao-de-carga-dji-bs65-para-baterias-matrice-350\/#primaryimage"},"image":{"@id":"https:\/\/atyges.es\/pt\/tienda\/product\/estacao-de-carga-dji-bs65-para-baterias-matrice-350\/#primaryimage"},"thumbnailUrl":"https:\/\/atyges.es\/wp-content\/uploads\/2023\/05\/BS65_ATyges02.jpg","datePublished":"2023-05-18T19:11:16+00:00","dateModified":"2023-05-18T19:43:32+00:00","description":"Esta\u00e7\u00e3o de carga DJI BS65 | Matrice 350 RTK | ATyges \u00ae","breadcrumb":{"@id":"https:\/\/atyges.es\/pt\/tienda\/product\/estacao-de-carga-dji-bs65-para-baterias-matrice-350\/#breadcrumb"},"inLanguage":"pt-PT","potentialAction":[{"@type":"ReadAction","target":["https:\/\/atyges.es\/pt\/tienda\/product\/estacao-de-carga-dji-bs65-para-baterias-matrice-350\/"]}]},{"@type":"ImageObject","inLanguage":"pt-PT","@id":"https:\/\/atyges.es\/pt\/tienda\/product\/estacao-de-carga-dji-bs65-para-baterias-matrice-350\/#primaryimage","url":"https:\/\/atyges.es\/wp-content\/uploads\/2023\/05\/BS65_ATyges02.jpg","contentUrl":"https:\/\/atyges.es\/wp-content\/uploads\/2023\/05\/BS65_ATyges02.jpg","width":1000,"height":720,"caption":"Estaci\u00f3n de carga de bater\u00edas BS65"},{"@type":"BreadcrumbList","@id":"https:\/\/atyges.es\/pt\/tienda\/product\/estacao-de-carga-dji-bs65-para-baterias-matrice-350\/#breadcrumb","itemListElement":[{"@type":"ListItem","position":1,"name":"Portada","item":"https:\/\/atyges.es\/pt\/"},{"@type":"ListItem","position":2,"name":"Produtos","item":"https:\/\/atyges.es\/pt\/shop\/"},{"@type":"ListItem","position":3,"name":"Esta\u00e7\u00e3o de carga DJI BS65 para baterias Matrice 350"}]},{"@type":"WebSite","@id":"https:\/\/atyges.es\/pt\/#website","url":"https:\/\/atyges.es\/pt\/","name":"ATyges","description":"","publisher":{"@id":"https:\/\/atyges.es\/pt\/#organization"},"potentialAction":[{"@type":"SearchAction","target":{"@type":"EntryPoint","urlTemplate":"https:\/\/atyges.es\/pt\/?s={search_term_string}"},"query-input":{"@type":"PropertyValueSpecification","valueRequired":true,"valueName":"search_term_string"}}],"inLanguage":"pt-PT"},{"@type":"Organization","@id":"https:\/\/atyges.es\/pt\/#organization","name":"Atyges","url":"https:\/\/atyges.es\/pt\/","logo":{"@type":"ImageObject","inLanguage":"pt-PT","@id":"https:\/\/atyges.es\/pt\/#\/schema\/logo\/image\/","url":"https:\/\/atyges.es\/wp-content\/uploads\/2022\/01\/Logo_ATyges_Store.png","contentUrl":"https:\/\/atyges.es\/wp-content\/uploads\/2022\/01\/Logo_ATyges_Store.png","width":1228,"height":200,"caption":"Atyges"},"image":{"@id":"https:\/\/atyges.es\/pt\/#\/schema\/logo\/image\/"}}]}},"jetpack_sharing_enabled":true,"_links":{"self":[{"href":"https:\/\/atyges.es\/pt\/wp-json\/wp\/v2\/product\/29643","targetHints":{"allow":["GET"]}}],"collection":[{"href":"https:\/\/atyges.es\/pt\/wp-json\/wp\/v2\/product"}],"about":[{"href":"https:\/\/atyges.es\/pt\/wp-json\/wp\/v2\/types\/product"}],"wp:featuredmedia":[{"embeddable":true,"href":"https:\/\/atyges.es\/pt\/wp-json\/wp\/v2\/media\/29647"}],"wp:attachment":[{"href":"https:\/\/atyges.es\/pt\/wp-json\/wp\/v2\/media?parent=29643"}],"wp:term":[{"taxonomy":"product_brand","embeddable":true,"href":"https:\/\/atyges.es\/pt\/wp-json\/wp\/v2\/product_brand?post=29643"},{"taxonomy":"product_cat","embeddable":true,"href":"https:\/\/atyges.es\/pt\/wp-json\/wp\/v2\/product_cat?post=29643"},{"taxonomy":"product_tag","embeddable":true,"href":"https:\/\/atyges.es\/pt\/wp-json\/wp\/v2\/product_tag?post=29643"}],"curies":[{"name":"wp","href":"https:\/\/api.w.org\/{rel}","templated":true}]}}