{"id":29627,"date":"2023-05-18T19:57:51","date_gmt":"2023-05-18T18:57:51","guid":{"rendered":"https:\/\/atyges.es\/?post_type=product&#038;p=29627"},"modified":"2023-05-18T20:58:12","modified_gmt":"2023-05-18T19:58:12","slug":"bateria-tb65-matrice-300-rtk","status":"publish","type":"product","link":"https:\/\/atyges.es\/pt\/tienda\/product\/bateria-tb65-matrice-350-rtk\/","title":{"rendered":"Bater\u00eda TB65 &#8211; Matrice 350 RTK"},"content":{"rendered":"<h2>TB65- Bater\u00eda de voo inteligente<\/h2>\n<p>A bateria de voo inteligente TB65 hot-swappable de alta capacidade permite que os operadores troquem as baterias sem desligar, economizando tempo durante miss\u00f5es cr\u00edticas.<\/p>\n<p>A bateria TB65 \u00e9 exclusiva para os drones DJI Matrice 350 RTK e DJI Matrice 300 RTK, dando ao equipamento um tempo m\u00e1ximo de voo de 55 minutos.<\/p>\n<p>* Duas baterias TB65 s\u00e3o necess\u00e1rias para cada voo.<\/p>\n<p>* N\u00e3o voe com as baterias TB60 e TB65 ao mesmo tempo. Voc\u00ea deve sempre voar com um par de baterias do mesmo tipo (2 baterias TB60 ou 2 baterias TB65).<\/p>\n\n\n<div class=\"kk-star-ratings kksr-auto kksr-align-center kksr-valign-bottom\"\n    data-payload='{&quot;align&quot;:&quot;center&quot;,&quot;id&quot;:&quot;29627&quot;,&quot;slug&quot;:&quot;default&quot;,&quot;valign&quot;:&quot;bottom&quot;,&quot;ignore&quot;:&quot;&quot;,&quot;reference&quot;:&quot;auto&quot;,&quot;class&quot;:&quot;&quot;,&quot;count&quot;:&quot;0&quot;,&quot;legendonly&quot;:&quot;&quot;,&quot;readonly&quot;:&quot;&quot;,&quot;score&quot;:&quot;0&quot;,&quot;starsonly&quot;:&quot;&quot;,&quot;best&quot;:&quot;5&quot;,&quot;gap&quot;:&quot;5&quot;,&quot;greet&quot;:&quot;Val\u00f3ranos&quot;,&quot;legend&quot;:&quot;0\\\/5 - (0 votes)&quot;,&quot;size&quot;:&quot;24&quot;,&quot;title&quot;:&quot;Bater\u00eda TB65 - Matrice 350 RTK&quot;,&quot;width&quot;:&quot;0&quot;,&quot;_legend&quot;:&quot;{score}\\\/{best} - ({count} {votes})&quot;,&quot;font_factor&quot;:&quot;1.25&quot;}'>\n            \n<div class=\"kksr-stars\">\n    \n<div class=\"kksr-stars-inactive\">\n            <div class=\"kksr-star\" data-star=\"1\" style=\"padding-right: 5px\">\n            \n\n<div class=\"kksr-icon\" style=\"width: 24px; height: 24px;\"><\/div>\n        <\/div>\n            <div class=\"kksr-star\" data-star=\"2\" style=\"padding-right: 5px\">\n            \n\n<div class=\"kksr-icon\" style=\"width: 24px; height: 24px;\"><\/div>\n        <\/div>\n            <div class=\"kksr-star\" data-star=\"3\" style=\"padding-right: 5px\">\n            \n\n<div class=\"kksr-icon\" style=\"width: 24px; height: 24px;\"><\/div>\n        <\/div>\n            <div class=\"kksr-star\" data-star=\"4\" style=\"padding-right: 5px\">\n            \n\n<div class=\"kksr-icon\" style=\"width: 24px; height: 24px;\"><\/div>\n        <\/div>\n            <div class=\"kksr-star\" data-star=\"5\" style=\"padding-right: 5px\">\n            \n\n<div class=\"kksr-icon\" style=\"width: 24px; height: 24px;\"><\/div>\n        <\/div>\n    <\/div>\n    \n<div class=\"kksr-stars-active\" style=\"width: 0px;\">\n            <div class=\"kksr-star\" style=\"padding-right: 5px\">\n            \n\n<div class=\"kksr-icon\" style=\"width: 24px; height: 24px;\"><\/div>\n        <\/div>\n            <div class=\"kksr-star\" style=\"padding-right: 5px\">\n            \n\n<div class=\"kksr-icon\" style=\"width: 24px; height: 24px;\"><\/div>\n        <\/div>\n            <div class=\"kksr-star\" style=\"padding-right: 5px\">\n            \n\n<div class=\"kksr-icon\" style=\"width: 24px; height: 24px;\"><\/div>\n        <\/div>\n            <div class=\"kksr-star\" style=\"padding-right: 5px\">\n            \n\n<div class=\"kksr-icon\" style=\"width: 24px; height: 24px;\"><\/div>\n        <\/div>\n            <div class=\"kksr-star\" style=\"padding-right: 5px\">\n            \n\n<div class=\"kksr-icon\" style=\"width: 24px; height: 24px;\"><\/div>\n        <\/div>\n    <\/div>\n<\/div>\n                \n\n<div class=\"kksr-legend\" style=\"font-size: 19.2px;\">\n            <span class=\"kksr-muted\">Val\u00f3ranos<\/span>\n    <\/div>\n    <\/div>\n","protected":false},"excerpt":{"rendered":"<p>A Bateria de Voo Inteligente TB65 possui c\u00e9lulas de alta capacidade e pode ser carregada em at\u00e9 400 ciclos, reduzindo seu custo por voo. Ao mesmo tempo, melhora o desempenho da dissipa\u00e7\u00e3o de calor e o sistema de aquecimento autom\u00e1tico.<\/p>\n<p><strong>Especifica\u00e7\u00f5es:<\/strong><\/p>\n<ul>\n<li>Nome: TB65<\/li>\n<li>Capacidade: 5880mAh<\/li>\n<li>Tens\u00e3o: 44,76 V<\/li>\n<li>Energia: 263,2Wh<\/li>\n<li>Peso L\u00edquido: Aprox. 1,35 quilos<\/li>\n<\/ul>\n<p><strong>Compat\u00edvel com drones:<\/strong><\/p>\n<ul>\n<li>DJI Matrice 350 RTK<\/li>\n<li>DJI Matrice 300 RTK<\/li>\n<\/ul>\n","protected":false},"featured_media":29631,"template":"","meta":[],"product_brand":[],"product_cat":[1276,1234,1577],"product_tag":[1592,1591,1590,1579],"class_list":{"0":"post-29627","1":"product","2":"type-product","3":"status-publish","4":"has-post-thumbnail","6":"product_cat-drones-profissionais-pt","7":"product_cat-matrice-300-rtk-pt","8":"product_cat-matrice-350-rtk-pt","9":"product_tag-bateria-matrice-pt","10":"product_tag-bateria-matrice-350-rtk-pt","11":"product_tag-bateria-tb65-pt","12":"product_tag-tb65-pt","13":"product_shipping_class-envio-gratuito-es-pt","15":"first","16":"instock","17":"taxable","18":"shipping-taxable","19":"purchasable","20":"product-type-simple"},"yoast_head":"<!-- This site is optimized with the Yoast SEO plugin v27.2 - https:\/\/yoast.com\/product\/yoast-seo-wordpress\/ -->\n<title>Bater\u00eda TB65 | Bater\u00eda inteligente Matrice 350 | ATyges \u00ae<\/title>\n<meta name=\"description\" content=\"Bater\u00eda TB65 | Bater\u00eda inteligente Matrice 350 | ATyges \u00ae\" \/>\n<meta name=\"robots\" content=\"index, follow, max-snippet:-1, max-image-preview:large, max-video-preview:-1\" \/>\n<link rel=\"canonical\" href=\"https:\/\/atyges.es\/pt\/tienda\/product\/bateria-tb65-matrice-350-rtk\/\" \/>\n<meta property=\"og:locale\" content=\"pt_PT\" \/>\n<meta property=\"og:type\" content=\"article\" \/>\n<meta property=\"og:title\" content=\"Bater\u00eda TB65 | Bater\u00eda inteligente Matrice 350 | ATyges \u00ae\" \/>\n<meta property=\"og:description\" content=\"Bater\u00eda TB65 | Bater\u00eda inteligente Matrice 350 | ATyges \u00ae\" \/>\n<meta property=\"og:url\" content=\"https:\/\/atyges.es\/pt\/tienda\/product\/bateria-tb65-matrice-350-rtk\/\" \/>\n<meta property=\"og:site_name\" content=\"ATyges\" \/>\n<meta property=\"article:modified_time\" content=\"2023-05-18T19:58:12+00:00\" \/>\n<meta property=\"og:image\" content=\"https:\/\/atyges.es\/wp-content\/uploads\/2023\/05\/TB65_Atyges01.jpg\" \/>\n\t<meta property=\"og:image:width\" content=\"1000\" \/>\n\t<meta property=\"og:image:height\" content=\"720\" \/>\n\t<meta property=\"og:image:type\" content=\"image\/jpeg\" \/>\n<meta name=\"twitter:card\" content=\"summary_large_image\" \/>\n<script type=\"application\/ld+json\" class=\"yoast-schema-graph\">{\"@context\":\"https:\/\/schema.org\",\"@graph\":[{\"@type\":\"WebPage\",\"@id\":\"https:\/\/atyges.es\/pt\/tienda\/product\/bateria-tb65-matrice-350-rtk\/\",\"url\":\"https:\/\/atyges.es\/pt\/tienda\/product\/bateria-tb65-matrice-350-rtk\/\",\"name\":\"Bater\u00eda TB65 | Bater\u00eda inteligente Matrice 350 | ATyges \u00ae\",\"isPartOf\":{\"@id\":\"https:\/\/atyges.es\/pt\/#website\"},\"primaryImageOfPage\":{\"@id\":\"https:\/\/atyges.es\/pt\/tienda\/product\/bateria-tb65-matrice-350-rtk\/#primaryimage\"},\"image\":{\"@id\":\"https:\/\/atyges.es\/pt\/tienda\/product\/bateria-tb65-matrice-350-rtk\/#primaryimage\"},\"thumbnailUrl\":\"https:\/\/atyges.es\/wp-content\/uploads\/2023\/05\/TB65_Atyges01.jpg\",\"datePublished\":\"2023-05-18T18:57:51+00:00\",\"dateModified\":\"2023-05-18T19:58:12+00:00\",\"description\":\"Bater\u00eda TB65 | Bater\u00eda inteligente Matrice 350 | ATyges \u00ae\",\"breadcrumb\":{\"@id\":\"https:\/\/atyges.es\/pt\/tienda\/product\/bateria-tb65-matrice-350-rtk\/#breadcrumb\"},\"inLanguage\":\"pt-PT\",\"potentialAction\":[{\"@type\":\"ReadAction\",\"target\":[\"https:\/\/atyges.es\/pt\/tienda\/product\/bateria-tb65-matrice-350-rtk\/\"]}]},{\"@type\":\"ImageObject\",\"inLanguage\":\"pt-PT\",\"@id\":\"https:\/\/atyges.es\/pt\/tienda\/product\/bateria-tb65-matrice-350-rtk\/#primaryimage\",\"url\":\"https:\/\/atyges.es\/wp-content\/uploads\/2023\/05\/TB65_Atyges01.jpg\",\"contentUrl\":\"https:\/\/atyges.es\/wp-content\/uploads\/2023\/05\/TB65_Atyges01.jpg\",\"width\":1000,\"height\":720,\"caption\":\"Bater\u00eda de vuelo TB65\"},{\"@type\":\"BreadcrumbList\",\"@id\":\"https:\/\/atyges.es\/pt\/tienda\/product\/bateria-tb65-matrice-350-rtk\/#breadcrumb\",\"itemListElement\":[{\"@type\":\"ListItem\",\"position\":1,\"name\":\"Portada\",\"item\":\"https:\/\/atyges.es\/pt\/\"},{\"@type\":\"ListItem\",\"position\":2,\"name\":\"Produtos\",\"item\":\"https:\/\/atyges.es\/pt\/shop\/\"},{\"@type\":\"ListItem\",\"position\":3,\"name\":\"Bater\u00eda TB65 &#8211; Matrice 350 RTK\"}]},{\"@type\":\"WebSite\",\"@id\":\"https:\/\/atyges.es\/pt\/#website\",\"url\":\"https:\/\/atyges.es\/pt\/\",\"name\":\"ATyges\",\"description\":\"\",\"publisher\":{\"@id\":\"https:\/\/atyges.es\/pt\/#organization\"},\"potentialAction\":[{\"@type\":\"SearchAction\",\"target\":{\"@type\":\"EntryPoint\",\"urlTemplate\":\"https:\/\/atyges.es\/pt\/?s={search_term_string}\"},\"query-input\":{\"@type\":\"PropertyValueSpecification\",\"valueRequired\":true,\"valueName\":\"search_term_string\"}}],\"inLanguage\":\"pt-PT\"},{\"@type\":\"Organization\",\"@id\":\"https:\/\/atyges.es\/pt\/#organization\",\"name\":\"Atyges\",\"url\":\"https:\/\/atyges.es\/pt\/\",\"logo\":{\"@type\":\"ImageObject\",\"inLanguage\":\"pt-PT\",\"@id\":\"https:\/\/atyges.es\/pt\/#\/schema\/logo\/image\/\",\"url\":\"https:\/\/atyges.es\/wp-content\/uploads\/2022\/01\/Logo_ATyges_Store.png\",\"contentUrl\":\"https:\/\/atyges.es\/wp-content\/uploads\/2022\/01\/Logo_ATyges_Store.png\",\"width\":1228,\"height\":200,\"caption\":\"Atyges\"},\"image\":{\"@id\":\"https:\/\/atyges.es\/pt\/#\/schema\/logo\/image\/\"}}]}<\/script>\n<!-- \/ Yoast SEO plugin. -->","yoast_head_json":{"title":"Bater\u00eda TB65 | Bater\u00eda inteligente Matrice 350 | ATyges \u00ae","description":"Bater\u00eda TB65 | Bater\u00eda inteligente Matrice 350 | ATyges \u00ae","robots":{"index":"index","follow":"follow","max-snippet":"max-snippet:-1","max-image-preview":"max-image-preview:large","max-video-preview":"max-video-preview:-1"},"canonical":"https:\/\/atyges.es\/pt\/tienda\/product\/bateria-tb65-matrice-350-rtk\/","og_locale":"pt_PT","og_type":"article","og_title":"Bater\u00eda TB65 | Bater\u00eda inteligente Matrice 350 | ATyges \u00ae","og_description":"Bater\u00eda TB65 | Bater\u00eda inteligente Matrice 350 | ATyges \u00ae","og_url":"https:\/\/atyges.es\/pt\/tienda\/product\/bateria-tb65-matrice-350-rtk\/","og_site_name":"ATyges","article_modified_time":"2023-05-18T19:58:12+00:00","og_image":[{"width":1000,"height":720,"url":"https:\/\/atyges.es\/wp-content\/uploads\/2023\/05\/TB65_Atyges01.jpg","type":"image\/jpeg"}],"twitter_card":"summary_large_image","schema":{"@context":"https:\/\/schema.org","@graph":[{"@type":"WebPage","@id":"https:\/\/atyges.es\/pt\/tienda\/product\/bateria-tb65-matrice-350-rtk\/","url":"https:\/\/atyges.es\/pt\/tienda\/product\/bateria-tb65-matrice-350-rtk\/","name":"Bater\u00eda TB65 | Bater\u00eda inteligente Matrice 350 | ATyges \u00ae","isPartOf":{"@id":"https:\/\/atyges.es\/pt\/#website"},"primaryImageOfPage":{"@id":"https:\/\/atyges.es\/pt\/tienda\/product\/bateria-tb65-matrice-350-rtk\/#primaryimage"},"image":{"@id":"https:\/\/atyges.es\/pt\/tienda\/product\/bateria-tb65-matrice-350-rtk\/#primaryimage"},"thumbnailUrl":"https:\/\/atyges.es\/wp-content\/uploads\/2023\/05\/TB65_Atyges01.jpg","datePublished":"2023-05-18T18:57:51+00:00","dateModified":"2023-05-18T19:58:12+00:00","description":"Bater\u00eda TB65 | Bater\u00eda inteligente Matrice 350 | ATyges \u00ae","breadcrumb":{"@id":"https:\/\/atyges.es\/pt\/tienda\/product\/bateria-tb65-matrice-350-rtk\/#breadcrumb"},"inLanguage":"pt-PT","potentialAction":[{"@type":"ReadAction","target":["https:\/\/atyges.es\/pt\/tienda\/product\/bateria-tb65-matrice-350-rtk\/"]}]},{"@type":"ImageObject","inLanguage":"pt-PT","@id":"https:\/\/atyges.es\/pt\/tienda\/product\/bateria-tb65-matrice-350-rtk\/#primaryimage","url":"https:\/\/atyges.es\/wp-content\/uploads\/2023\/05\/TB65_Atyges01.jpg","contentUrl":"https:\/\/atyges.es\/wp-content\/uploads\/2023\/05\/TB65_Atyges01.jpg","width":1000,"height":720,"caption":"Bater\u00eda de vuelo TB65"},{"@type":"BreadcrumbList","@id":"https:\/\/atyges.es\/pt\/tienda\/product\/bateria-tb65-matrice-350-rtk\/#breadcrumb","itemListElement":[{"@type":"ListItem","position":1,"name":"Portada","item":"https:\/\/atyges.es\/pt\/"},{"@type":"ListItem","position":2,"name":"Produtos","item":"https:\/\/atyges.es\/pt\/shop\/"},{"@type":"ListItem","position":3,"name":"Bater\u00eda TB65 &#8211; Matrice 350 RTK"}]},{"@type":"WebSite","@id":"https:\/\/atyges.es\/pt\/#website","url":"https:\/\/atyges.es\/pt\/","name":"ATyges","description":"","publisher":{"@id":"https:\/\/atyges.es\/pt\/#organization"},"potentialAction":[{"@type":"SearchAction","target":{"@type":"EntryPoint","urlTemplate":"https:\/\/atyges.es\/pt\/?s={search_term_string}"},"query-input":{"@type":"PropertyValueSpecification","valueRequired":true,"valueName":"search_term_string"}}],"inLanguage":"pt-PT"},{"@type":"Organization","@id":"https:\/\/atyges.es\/pt\/#organization","name":"Atyges","url":"https:\/\/atyges.es\/pt\/","logo":{"@type":"ImageObject","inLanguage":"pt-PT","@id":"https:\/\/atyges.es\/pt\/#\/schema\/logo\/image\/","url":"https:\/\/atyges.es\/wp-content\/uploads\/2022\/01\/Logo_ATyges_Store.png","contentUrl":"https:\/\/atyges.es\/wp-content\/uploads\/2022\/01\/Logo_ATyges_Store.png","width":1228,"height":200,"caption":"Atyges"},"image":{"@id":"https:\/\/atyges.es\/pt\/#\/schema\/logo\/image\/"}}]}},"jetpack_sharing_enabled":true,"_links":{"self":[{"href":"https:\/\/atyges.es\/pt\/wp-json\/wp\/v2\/product\/29627","targetHints":{"allow":["GET"]}}],"collection":[{"href":"https:\/\/atyges.es\/pt\/wp-json\/wp\/v2\/product"}],"about":[{"href":"https:\/\/atyges.es\/pt\/wp-json\/wp\/v2\/types\/product"}],"wp:featuredmedia":[{"embeddable":true,"href":"https:\/\/atyges.es\/pt\/wp-json\/wp\/v2\/media\/29631"}],"wp:attachment":[{"href":"https:\/\/atyges.es\/pt\/wp-json\/wp\/v2\/media?parent=29627"}],"wp:term":[{"taxonomy":"product_brand","embeddable":true,"href":"https:\/\/atyges.es\/pt\/wp-json\/wp\/v2\/product_brand?post=29627"},{"taxonomy":"product_cat","embeddable":true,"href":"https:\/\/atyges.es\/pt\/wp-json\/wp\/v2\/product_cat?post=29627"},{"taxonomy":"product_tag","embeddable":true,"href":"https:\/\/atyges.es\/pt\/wp-json\/wp\/v2\/product_tag?post=29627"}],"curies":[{"name":"wp","href":"https:\/\/api.w.org\/{rel}","templated":true}]}}