{"id":29544,"date":"2023-05-17T19:16:06","date_gmt":"2023-05-17T18:16:07","guid":{"rendered":"https:\/\/atyges.es\/?post_type=product&#038;p=29544"},"modified":"2023-07-27T13:46:46","modified_gmt":"2023-07-27T12:46:46","slug":"dji-matrice-350-rtk","status":"publish","type":"product","link":"https:\/\/atyges.es\/pt\/tienda\/product\/dji-matrice-350-rtk\/","title":{"rendered":"DJI Matrice 350 RTK"},"content":{"rendered":"\n\n<div class=\"kk-star-ratings kksr-auto kksr-align-center kksr-valign-bottom\"\n    data-payload='{&quot;align&quot;:&quot;center&quot;,&quot;id&quot;:&quot;29544&quot;,&quot;slug&quot;:&quot;default&quot;,&quot;valign&quot;:&quot;bottom&quot;,&quot;ignore&quot;:&quot;&quot;,&quot;reference&quot;:&quot;auto&quot;,&quot;class&quot;:&quot;&quot;,&quot;count&quot;:&quot;0&quot;,&quot;legendonly&quot;:&quot;&quot;,&quot;readonly&quot;:&quot;&quot;,&quot;score&quot;:&quot;0&quot;,&quot;starsonly&quot;:&quot;&quot;,&quot;best&quot;:&quot;5&quot;,&quot;gap&quot;:&quot;5&quot;,&quot;greet&quot;:&quot;Val\u00f3ranos&quot;,&quot;legend&quot;:&quot;0\\\/5 - (0 votes)&quot;,&quot;size&quot;:&quot;24&quot;,&quot;title&quot;:&quot;DJI Matrice 350 RTK&quot;,&quot;width&quot;:&quot;0&quot;,&quot;_legend&quot;:&quot;{score}\\\/{best} - ({count} {votes})&quot;,&quot;font_factor&quot;:&quot;1.25&quot;}'>\n            \n<div class=\"kksr-stars\">\n    \n<div class=\"kksr-stars-inactive\">\n            <div class=\"kksr-star\" data-star=\"1\" style=\"padding-right: 5px\">\n            \n\n<div class=\"kksr-icon\" style=\"width: 24px; height: 24px;\"><\/div>\n        <\/div>\n            <div class=\"kksr-star\" data-star=\"2\" style=\"padding-right: 5px\">\n            \n\n<div class=\"kksr-icon\" style=\"width: 24px; height: 24px;\"><\/div>\n        <\/div>\n            <div class=\"kksr-star\" data-star=\"3\" style=\"padding-right: 5px\">\n            \n\n<div class=\"kksr-icon\" style=\"width: 24px; height: 24px;\"><\/div>\n        <\/div>\n            <div class=\"kksr-star\" data-star=\"4\" style=\"padding-right: 5px\">\n            \n\n<div class=\"kksr-icon\" style=\"width: 24px; height: 24px;\"><\/div>\n        <\/div>\n            <div class=\"kksr-star\" data-star=\"5\" style=\"padding-right: 5px\">\n            \n\n<div class=\"kksr-icon\" style=\"width: 24px; height: 24px;\"><\/div>\n        <\/div>\n    <\/div>\n    \n<div class=\"kksr-stars-active\" style=\"width: 0px;\">\n            <div class=\"kksr-star\" style=\"padding-right: 5px\">\n            \n\n<div class=\"kksr-icon\" style=\"width: 24px; height: 24px;\"><\/div>\n        <\/div>\n            <div class=\"kksr-star\" style=\"padding-right: 5px\">\n            \n\n<div class=\"kksr-icon\" style=\"width: 24px; height: 24px;\"><\/div>\n        <\/div>\n            <div class=\"kksr-star\" style=\"padding-right: 5px\">\n            \n\n<div class=\"kksr-icon\" style=\"width: 24px; height: 24px;\"><\/div>\n        <\/div>\n            <div class=\"kksr-star\" style=\"padding-right: 5px\">\n            \n\n<div class=\"kksr-icon\" style=\"width: 24px; height: 24px;\"><\/div>\n        <\/div>\n            <div class=\"kksr-star\" style=\"padding-right: 5px\">\n            \n\n<div class=\"kksr-icon\" style=\"width: 24px; height: 24px;\"><\/div>\n        <\/div>\n    <\/div>\n<\/div>\n                \n\n<div class=\"kksr-legend\" style=\"font-size: 19.2px;\">\n            <span class=\"kksr-muted\">Val\u00f3ranos<\/span>\n    <\/div>\n    <\/div>\n","protected":false},"excerpt":{"rendered":"<h2>Drone DJI Matrice 350 RTK<\/h2>\n<div>\n<p>DJI Matrice 350 RTK: o drone mais vers\u00e1til e seguro de sua categoria para aplica\u00e7\u00f5es profissionais<\/p>\n<p>O Matrice 350 RTK \u00e9 o novo carro chef da DJI, aumentando as comunica\u00e7\u00f5es do seu antecessor, o Matrice 300 RTK, com o novo sistema O3 Enterprise, com 4 antenas de comunica\u00e7\u00e3o e um sistema GNSS RTK aprimorado; Mantendo grande autonomia em rela\u00e7\u00e3o ao seu antecessor ao chegar a 55 minutos de voo. \u00c9 alimentado por duas baterias TB65 ao mesmo tempo, o que permite que seja trocado quente (retire uma delas para substituir sem desligar o equipamento nesse meio tempo). Tamb\u00e9m \u00e9 equipado com sensores anti-colis\u00e3o em seis lados, para que carregue 360 \u200b\u200bgraus durante a viagem.<\/p>\n<p>O Matrice 350 RTK \u00e9 totalmente compat\u00edvel com todas as cargas e sensores empresariais que podem ser usados \u200b\u200bcom o Matrice 300 RTK e tamb\u00e9m pode usar as baterias TB60 de seu antecessor.<\/p>\n<p>Este equipamento foi concebido para transportar v\u00e1rios sensores, destacando-os, consoante a sua utiliza\u00e7\u00e3o:<\/p>\n<p>Aplica\u00e7\u00f5es de mapeamento ou topografia: Zenmuse P1.<br \/>\nAplicativos de gera\u00e7\u00e3o de nuvem de pontos LiDAR e reconhecimento de ativos: Zenmuse L1 e Zenmuse P1.<br \/>\nAplica\u00e7\u00f5es de agricultura de precis\u00e3o: Micasense RedEdge P, Micasense Dual RedEdge-P, Micasense Altum-P.<br \/>\nAplica\u00e7\u00f5es de inspe\u00e7\u00e3o de instala\u00e7\u00e3o: Zenmuse H20T.<br \/>\nAplicativos de busca e resgate SAR: Zenmuse H20T e Zenmuse H20.<br \/>\nInspe\u00e7\u00e3o visual e aplica\u00e7\u00e3o de seguran\u00e7a: Zenmuse H20.<\/p>\n<p style=\"text-align: center;\"><a class=\"button\" href=\"https:\/\/atyges.es\/pt\/formulario-matrice-350-rtk-dji-enterprise\/\" rel=\"noopener noreferrer\"><span class=\"VIiyi\" lang=\"pt\"><span class=\"JLqJ4b ChMk0b\" data-language-for-alternatives=\"pt\" data-language-to-translate-into=\"es\" data-phrase-index=\"0\">Solicite um or\u00e7amento atrav\u00e9s deste formul\u00e1rio e n\u00f3s lhe enviaremos uma oferta personalizada<\/span><\/span><\/a><\/p>\n<p style=\"text-align: center;\"><strong>\u00a1<span class=\"VIiyi\" lang=\"pt\"><span class=\"JLqJ4b ChMk0b\" data-language-for-alternatives=\"pt\" data-language-to-translate-into=\"es\" data-phrase-index=\"0\">Melhoramos o seu or\u00e7amento: n\u00e3o hesite em nos contactar!<\/span><\/span><\/strong><\/p>\n<\/div>\n","protected":false},"featured_media":29557,"template":"","meta":[],"product_brand":[],"product_cat":[1232,1233,1336,1288,1287,1289,1276,1577],"product_tag":[1595,1578,1596],"class_list":{"0":"post-29544","1":"product","2":"type-product","3":"status-publish","4":"has-post-thumbnail","6":"product_cat-dji-pt","7":"product_cat-dji-enterprise-pt","8":"product_cat-drones-para-agricultura-pt","9":"product_cat-drones-para-inspecoes-tecnicas","10":"product_cat-drones-para-levantamento","11":"product_cat-drones-para-seguranca-e-vigilancia","12":"product_cat-drones-profissionais-pt","13":"product_cat-matrice-350-rtk-pt","14":"product_tag-m350-pt","15":"product_tag-m350rtk-pt","16":"product_tag-matrice-350-pt","17":"product_shipping_class-envio-gratuito-es-pt","19":"first","20":"instock","21":"featured","22":"taxable","23":"shipping-taxable","24":"purchasable","25":"product-type-variable","26":"has-default-attributes"},"yoast_head":"<!-- This site is optimized with the Yoast SEO plugin v27.2 - https:\/\/yoast.com\/product\/yoast-seo-wordpress\/ -->\n<title>Matrice 350 RTK | Drone profissional Matrice 300 RTK | ATyges \u00ae<\/title>\n<meta name=\"description\" content=\"DJI Matrice 350 RTK. \u2b50 ATyges, Loja Online Drone profissional. \u2705\u3010Distribuidores Oficiales de DJI\u3011\u2705.\" \/>\n<meta name=\"robots\" content=\"index, follow, max-snippet:-1, max-image-preview:large, max-video-preview:-1\" \/>\n<link rel=\"canonical\" href=\"https:\/\/atyges.es\/pt\/tienda\/product\/dji-matrice-350-rtk\/\" \/>\n<meta property=\"og:locale\" content=\"pt_PT\" \/>\n<meta property=\"og:type\" content=\"article\" \/>\n<meta property=\"og:title\" content=\"Matrice 350 RTK | Drone profissional Matrice 300 RTK | ATyges \u00ae\" \/>\n<meta property=\"og:description\" content=\"DJI Matrice 350 RTK. \u2b50 ATyges, Loja Online Drone profissional. \u2705\u3010Distribuidores Oficiales de DJI\u3011\u2705.\" \/>\n<meta property=\"og:url\" content=\"https:\/\/atyges.es\/pt\/tienda\/product\/dji-matrice-350-rtk\/\" \/>\n<meta property=\"og:site_name\" content=\"ATyges\" \/>\n<meta property=\"article:modified_time\" content=\"2023-07-27T12:46:46+00:00\" \/>\n<meta property=\"og:image\" content=\"https:\/\/atyges.es\/wp-content\/uploads\/2023\/05\/M350_ATYGES.jpg\" \/>\n\t<meta property=\"og:image:width\" content=\"1950\" \/>\n\t<meta property=\"og:image:height\" content=\"1950\" \/>\n\t<meta property=\"og:image:type\" content=\"image\/jpeg\" \/>\n<meta name=\"twitter:card\" content=\"summary_large_image\" \/>\n<meta name=\"twitter:label1\" content=\"Tempo estimado de leitura\" \/>\n\t<meta name=\"twitter:data1\" content=\"9 minutos\" \/>\n<script type=\"application\/ld+json\" class=\"yoast-schema-graph\">{\"@context\":\"https:\/\/schema.org\",\"@graph\":[{\"@type\":\"WebPage\",\"@id\":\"https:\/\/atyges.es\/pt\/tienda\/product\/dji-matrice-350-rtk\/\",\"url\":\"https:\/\/atyges.es\/pt\/tienda\/product\/dji-matrice-350-rtk\/\",\"name\":\"Matrice 350 RTK | Drone profissional Matrice 300 RTK | ATyges \u00ae\",\"isPartOf\":{\"@id\":\"https:\/\/atyges.es\/pt\/#website\"},\"primaryImageOfPage\":{\"@id\":\"https:\/\/atyges.es\/pt\/tienda\/product\/dji-matrice-350-rtk\/#primaryimage\"},\"image\":{\"@id\":\"https:\/\/atyges.es\/pt\/tienda\/product\/dji-matrice-350-rtk\/#primaryimage\"},\"thumbnailUrl\":\"https:\/\/atyges.es\/wp-content\/uploads\/2023\/05\/M350_ATYGES.jpg\",\"datePublished\":\"2023-05-17T18:16:07+00:00\",\"dateModified\":\"2023-07-27T12:46:46+00:00\",\"description\":\"DJI Matrice 350 RTK. \u2b50 ATyges, Loja Online Drone profissional. \u2705\u3010Distribuidores Oficiales de DJI\u3011\u2705.\",\"breadcrumb\":{\"@id\":\"https:\/\/atyges.es\/pt\/tienda\/product\/dji-matrice-350-rtk\/#breadcrumb\"},\"inLanguage\":\"pt-PT\",\"potentialAction\":[{\"@type\":\"ReadAction\",\"target\":[\"https:\/\/atyges.es\/pt\/tienda\/product\/dji-matrice-350-rtk\/\"]}]},{\"@type\":\"ImageObject\",\"inLanguage\":\"pt-PT\",\"@id\":\"https:\/\/atyges.es\/pt\/tienda\/product\/dji-matrice-350-rtk\/#primaryimage\",\"url\":\"https:\/\/atyges.es\/wp-content\/uploads\/2023\/05\/M350_ATYGES.jpg\",\"contentUrl\":\"https:\/\/atyges.es\/wp-content\/uploads\/2023\/05\/M350_ATYGES.jpg\",\"width\":1950,\"height\":1950,\"caption\":\"Matrice 350 RTK\"},{\"@type\":\"BreadcrumbList\",\"@id\":\"https:\/\/atyges.es\/pt\/tienda\/product\/dji-matrice-350-rtk\/#breadcrumb\",\"itemListElement\":[{\"@type\":\"ListItem\",\"position\":1,\"name\":\"Portada\",\"item\":\"https:\/\/atyges.es\/pt\/\"},{\"@type\":\"ListItem\",\"position\":2,\"name\":\"Produtos\",\"item\":\"https:\/\/atyges.es\/pt\/shop\/\"},{\"@type\":\"ListItem\",\"position\":3,\"name\":\"DJI Matrice 350 RTK\"}]},{\"@type\":\"WebSite\",\"@id\":\"https:\/\/atyges.es\/pt\/#website\",\"url\":\"https:\/\/atyges.es\/pt\/\",\"name\":\"ATyges\",\"description\":\"\",\"publisher\":{\"@id\":\"https:\/\/atyges.es\/pt\/#organization\"},\"potentialAction\":[{\"@type\":\"SearchAction\",\"target\":{\"@type\":\"EntryPoint\",\"urlTemplate\":\"https:\/\/atyges.es\/pt\/?s={search_term_string}\"},\"query-input\":{\"@type\":\"PropertyValueSpecification\",\"valueRequired\":true,\"valueName\":\"search_term_string\"}}],\"inLanguage\":\"pt-PT\"},{\"@type\":\"Organization\",\"@id\":\"https:\/\/atyges.es\/pt\/#organization\",\"name\":\"Atyges\",\"url\":\"https:\/\/atyges.es\/pt\/\",\"logo\":{\"@type\":\"ImageObject\",\"inLanguage\":\"pt-PT\",\"@id\":\"https:\/\/atyges.es\/pt\/#\/schema\/logo\/image\/\",\"url\":\"https:\/\/atyges.es\/wp-content\/uploads\/2022\/01\/Logo_ATyges_Store.png\",\"contentUrl\":\"https:\/\/atyges.es\/wp-content\/uploads\/2022\/01\/Logo_ATyges_Store.png\",\"width\":1228,\"height\":200,\"caption\":\"Atyges\"},\"image\":{\"@id\":\"https:\/\/atyges.es\/pt\/#\/schema\/logo\/image\/\"}}]}<\/script>\n<!-- \/ Yoast SEO plugin. -->","yoast_head_json":{"title":"Matrice 350 RTK | Drone profissional Matrice 300 RTK | ATyges \u00ae","description":"DJI Matrice 350 RTK. \u2b50 ATyges, Loja Online Drone profissional. \u2705\u3010Distribuidores Oficiales de DJI\u3011\u2705.","robots":{"index":"index","follow":"follow","max-snippet":"max-snippet:-1","max-image-preview":"max-image-preview:large","max-video-preview":"max-video-preview:-1"},"canonical":"https:\/\/atyges.es\/pt\/tienda\/product\/dji-matrice-350-rtk\/","og_locale":"pt_PT","og_type":"article","og_title":"Matrice 350 RTK | Drone profissional Matrice 300 RTK | ATyges \u00ae","og_description":"DJI Matrice 350 RTK. \u2b50 ATyges, Loja Online Drone profissional. \u2705\u3010Distribuidores Oficiales de DJI\u3011\u2705.","og_url":"https:\/\/atyges.es\/pt\/tienda\/product\/dji-matrice-350-rtk\/","og_site_name":"ATyges","article_modified_time":"2023-07-27T12:46:46+00:00","og_image":[{"width":1950,"height":1950,"url":"https:\/\/atyges.es\/wp-content\/uploads\/2023\/05\/M350_ATYGES.jpg","type":"image\/jpeg"}],"twitter_card":"summary_large_image","twitter_misc":{"Tempo estimado de leitura":"9 minutos"},"schema":{"@context":"https:\/\/schema.org","@graph":[{"@type":"WebPage","@id":"https:\/\/atyges.es\/pt\/tienda\/product\/dji-matrice-350-rtk\/","url":"https:\/\/atyges.es\/pt\/tienda\/product\/dji-matrice-350-rtk\/","name":"Matrice 350 RTK | Drone profissional Matrice 300 RTK | ATyges \u00ae","isPartOf":{"@id":"https:\/\/atyges.es\/pt\/#website"},"primaryImageOfPage":{"@id":"https:\/\/atyges.es\/pt\/tienda\/product\/dji-matrice-350-rtk\/#primaryimage"},"image":{"@id":"https:\/\/atyges.es\/pt\/tienda\/product\/dji-matrice-350-rtk\/#primaryimage"},"thumbnailUrl":"https:\/\/atyges.es\/wp-content\/uploads\/2023\/05\/M350_ATYGES.jpg","datePublished":"2023-05-17T18:16:07+00:00","dateModified":"2023-07-27T12:46:46+00:00","description":"DJI Matrice 350 RTK. \u2b50 ATyges, Loja Online Drone profissional. \u2705\u3010Distribuidores Oficiales de DJI\u3011\u2705.","breadcrumb":{"@id":"https:\/\/atyges.es\/pt\/tienda\/product\/dji-matrice-350-rtk\/#breadcrumb"},"inLanguage":"pt-PT","potentialAction":[{"@type":"ReadAction","target":["https:\/\/atyges.es\/pt\/tienda\/product\/dji-matrice-350-rtk\/"]}]},{"@type":"ImageObject","inLanguage":"pt-PT","@id":"https:\/\/atyges.es\/pt\/tienda\/product\/dji-matrice-350-rtk\/#primaryimage","url":"https:\/\/atyges.es\/wp-content\/uploads\/2023\/05\/M350_ATYGES.jpg","contentUrl":"https:\/\/atyges.es\/wp-content\/uploads\/2023\/05\/M350_ATYGES.jpg","width":1950,"height":1950,"caption":"Matrice 350 RTK"},{"@type":"BreadcrumbList","@id":"https:\/\/atyges.es\/pt\/tienda\/product\/dji-matrice-350-rtk\/#breadcrumb","itemListElement":[{"@type":"ListItem","position":1,"name":"Portada","item":"https:\/\/atyges.es\/pt\/"},{"@type":"ListItem","position":2,"name":"Produtos","item":"https:\/\/atyges.es\/pt\/shop\/"},{"@type":"ListItem","position":3,"name":"DJI Matrice 350 RTK"}]},{"@type":"WebSite","@id":"https:\/\/atyges.es\/pt\/#website","url":"https:\/\/atyges.es\/pt\/","name":"ATyges","description":"","publisher":{"@id":"https:\/\/atyges.es\/pt\/#organization"},"potentialAction":[{"@type":"SearchAction","target":{"@type":"EntryPoint","urlTemplate":"https:\/\/atyges.es\/pt\/?s={search_term_string}"},"query-input":{"@type":"PropertyValueSpecification","valueRequired":true,"valueName":"search_term_string"}}],"inLanguage":"pt-PT"},{"@type":"Organization","@id":"https:\/\/atyges.es\/pt\/#organization","name":"Atyges","url":"https:\/\/atyges.es\/pt\/","logo":{"@type":"ImageObject","inLanguage":"pt-PT","@id":"https:\/\/atyges.es\/pt\/#\/schema\/logo\/image\/","url":"https:\/\/atyges.es\/wp-content\/uploads\/2022\/01\/Logo_ATyges_Store.png","contentUrl":"https:\/\/atyges.es\/wp-content\/uploads\/2022\/01\/Logo_ATyges_Store.png","width":1228,"height":200,"caption":"Atyges"},"image":{"@id":"https:\/\/atyges.es\/pt\/#\/schema\/logo\/image\/"}}]}},"jetpack_sharing_enabled":true,"_links":{"self":[{"href":"https:\/\/atyges.es\/pt\/wp-json\/wp\/v2\/product\/29544","targetHints":{"allow":["GET"]}}],"collection":[{"href":"https:\/\/atyges.es\/pt\/wp-json\/wp\/v2\/product"}],"about":[{"href":"https:\/\/atyges.es\/pt\/wp-json\/wp\/v2\/types\/product"}],"wp:featuredmedia":[{"embeddable":true,"href":"https:\/\/atyges.es\/pt\/wp-json\/wp\/v2\/media\/29557"}],"wp:attachment":[{"href":"https:\/\/atyges.es\/pt\/wp-json\/wp\/v2\/media?parent=29544"}],"wp:term":[{"taxonomy":"product_brand","embeddable":true,"href":"https:\/\/atyges.es\/pt\/wp-json\/wp\/v2\/product_brand?post=29544"},{"taxonomy":"product_cat","embeddable":true,"href":"https:\/\/atyges.es\/pt\/wp-json\/wp\/v2\/product_cat?post=29544"},{"taxonomy":"product_tag","embeddable":true,"href":"https:\/\/atyges.es\/pt\/wp-json\/wp\/v2\/product_tag?post=29544"}],"curies":[{"name":"wp","href":"https:\/\/api.w.org\/{rel}","templated":true}]}}