{"id":28274,"date":"2022-12-21T19:11:23","date_gmt":"2022-12-21T18:11:23","guid":{"rendered":"https:\/\/atyges.es\/?post_type=product&#038;p=28274"},"modified":"2022-12-21T19:25:25","modified_gmt":"2022-12-21T18:25:25","slug":"dji-mavic-3m-24meses","status":"publish","type":"product","link":"https:\/\/atyges.es\/pt\/product\/dji-mavic-3m-24meses\/","title":{"rendered":"DJI Mavic 3M + Seguro 24 meses"},"content":{"rendered":"<h3>Em que consiste o pacote b\u00e1sico de tranquilidade inclu\u00eddo com este equipamento?<\/h3>\n<p>O pacote <strong>Basic Worry-Free<\/strong> da DJI Mavic 3 Enterprise Series cobre danos acidentais, como colis\u00f5es, danos causados \u200b\u200bpela \u00e1gua ou interfer\u00eancia de sinal. Al\u00e9m disso, tamb\u00e9m inclui um servi\u00e7o de manuten\u00e7\u00e3o padr\u00e3o.<\/p>\n<p>O <strong>Basic Worry-Free<\/strong> Pack oferece <strong><span class=\"HwtZe\" lang=\"pt\"><span class=\"jCAhz ChMk0b\"><span class=\"ryNqvb\">tr\u00eas<\/span><\/span><\/span> substitui\u00e7\u00f5es<\/strong> pagas dentro de <strong>24 meses<\/strong> ap\u00f3s a ativa\u00e7\u00e3o do produto.*<\/p>\n<p>* Os produtos de substitui\u00e7\u00e3o s\u00e3o novos ou equivalentes a novos produtos em desempenho e confiabilidade.<\/p>\n\n\n<div class=\"kk-star-ratings kksr-auto kksr-align-center kksr-valign-bottom\"\n    data-payload='{&quot;align&quot;:&quot;center&quot;,&quot;id&quot;:&quot;28274&quot;,&quot;slug&quot;:&quot;default&quot;,&quot;valign&quot;:&quot;bottom&quot;,&quot;ignore&quot;:&quot;&quot;,&quot;reference&quot;:&quot;auto&quot;,&quot;class&quot;:&quot;&quot;,&quot;count&quot;:&quot;0&quot;,&quot;legendonly&quot;:&quot;&quot;,&quot;readonly&quot;:&quot;&quot;,&quot;score&quot;:&quot;0&quot;,&quot;starsonly&quot;:&quot;&quot;,&quot;best&quot;:&quot;5&quot;,&quot;gap&quot;:&quot;5&quot;,&quot;greet&quot;:&quot;Val\u00f3ranos&quot;,&quot;legend&quot;:&quot;0\\\/5 - (0 votes)&quot;,&quot;size&quot;:&quot;24&quot;,&quot;title&quot;:&quot;DJI Mavic 3M + Seguro 24 meses&quot;,&quot;width&quot;:&quot;0&quot;,&quot;_legend&quot;:&quot;{score}\\\/{best} - ({count} {votes})&quot;,&quot;font_factor&quot;:&quot;1.25&quot;}'>\n            \n<div class=\"kksr-stars\">\n    \n<div class=\"kksr-stars-inactive\">\n            <div class=\"kksr-star\" data-star=\"1\" style=\"padding-right: 5px\">\n            \n\n<div class=\"kksr-icon\" style=\"width: 24px; height: 24px;\"><\/div>\n        <\/div>\n            <div class=\"kksr-star\" data-star=\"2\" style=\"padding-right: 5px\">\n            \n\n<div class=\"kksr-icon\" style=\"width: 24px; height: 24px;\"><\/div>\n        <\/div>\n            <div class=\"kksr-star\" data-star=\"3\" style=\"padding-right: 5px\">\n            \n\n<div class=\"kksr-icon\" style=\"width: 24px; height: 24px;\"><\/div>\n        <\/div>\n            <div class=\"kksr-star\" data-star=\"4\" style=\"padding-right: 5px\">\n            \n\n<div class=\"kksr-icon\" style=\"width: 24px; height: 24px;\"><\/div>\n        <\/div>\n            <div class=\"kksr-star\" data-star=\"5\" style=\"padding-right: 5px\">\n            \n\n<div class=\"kksr-icon\" style=\"width: 24px; height: 24px;\"><\/div>\n        <\/div>\n    <\/div>\n    \n<div class=\"kksr-stars-active\" style=\"width: 0px;\">\n            <div class=\"kksr-star\" style=\"padding-right: 5px\">\n            \n\n<div class=\"kksr-icon\" style=\"width: 24px; height: 24px;\"><\/div>\n        <\/div>\n            <div class=\"kksr-star\" style=\"padding-right: 5px\">\n            \n\n<div class=\"kksr-icon\" style=\"width: 24px; height: 24px;\"><\/div>\n        <\/div>\n            <div class=\"kksr-star\" style=\"padding-right: 5px\">\n            \n\n<div class=\"kksr-icon\" style=\"width: 24px; height: 24px;\"><\/div>\n        <\/div>\n            <div class=\"kksr-star\" style=\"padding-right: 5px\">\n            \n\n<div class=\"kksr-icon\" style=\"width: 24px; height: 24px;\"><\/div>\n        <\/div>\n            <div class=\"kksr-star\" style=\"padding-right: 5px\">\n            \n\n<div class=\"kksr-icon\" style=\"width: 24px; height: 24px;\"><\/div>\n        <\/div>\n    <\/div>\n<\/div>\n                \n\n<div class=\"kksr-legend\" style=\"font-size: 19.2px;\">\n            <span class=\"kksr-muted\">Val\u00f3ranos<\/span>\n    <\/div>\n    <\/div>\n","protected":false},"excerpt":{"rendered":"<h1>DJI Mavic 3M: Mavic 3 Multispectral + Seguro 24 meses Care Enterprise<\/h1>\n<p><img loading=\"lazy\" decoding=\"async\" class=\"wp-image-27956 size-full aligncenter\" src=\"https:\/\/atyges.es\/wp-content\/uploads\/2022\/11\/m3m_Atyges-1.png\" alt=\"Mavic 3 M Multiespectral\" width=\"768\" height=\"313\" srcset=\"https:\/\/atyges.es\/wp-content\/uploads\/2022\/11\/m3m_Atyges-1.png 768w, https:\/\/atyges.es\/wp-content\/uploads\/2022\/11\/m3m_Atyges-1-600x245.png 600w, https:\/\/atyges.es\/wp-content\/uploads\/2022\/11\/m3m_Atyges-1-300x122.png 300w, https:\/\/atyges.es\/wp-content\/uploads\/2022\/11\/m3m_Atyges-1-173x71.png 173w\" sizes=\"auto, (max-width: 768px) 100vw, 768px\" \/><\/p>\n<p>Profissionais de agricultura de precis\u00e3o em todo o mundo agora t\u00eam acesso a solu\u00e7\u00f5es de produtividade de ponta gra\u00e7as ao DJI Mavic 3 Multispectral.<\/p>\n<p>A DJI, l\u00edder mundial em tecnologia de drones, projetou este modelo empolgante que possui recursos revolucion\u00e1rios, como um sistema de imagem multiespectral que pode registrar instantaneamente os dados de crescimento das culturas para uma produ\u00e7\u00e3o agr\u00edcola mais eficiente.<\/p>\n<p>\u2713 Compacto e port\u00e1til; pesando apenas 951 gramas para dobrar facilmente e caber em uma bolsa normal.<br \/>\n\u2713 C\u00e2mera dois-em-um RGB e multiespectral para monitoramento e coleta de uma ampla gama de dados.<br \/>\n\u2713 Sensores de 4 x 5 MP que digitalizam nos comprimentos de onda verde, vermelho, borda vermelha e infravermelho pr\u00f3ximo.<br \/>\n\u2713 C\u00e2mera CMOS RGB de 4\/3 polegadas com sensor de imagem de 20 MP e obturador mec\u00e2nico de velocidade m\u00e1xima de 1\/2000<br \/>\n\u2713 Tempo total de voo de 43 minutos.<\/p>\n<p>O DJI Mavic 3 Multispectral \u00e9 um sistema de agricultura de precis\u00e3o pequeno e port\u00e1til que combina uma c\u00e2mera RGB com um sensor multiespectral para digitalizar e analisar o crescimento da cultura em detalhes.<\/p>\n<h2><strong>MAVIC 3M: O \u200b\u200bsistema de c\u00e2mera dois em um<\/strong><\/h2>\n<p><img loading=\"lazy\" decoding=\"async\" class=\"aligncenter wp-image-27935 size-large\" src=\"https:\/\/atyges.es\/wp-content\/uploads\/2022\/11\/camara_m3m_Atyges-1024x423.png\" alt=\"C\u00e1mara Mavic 3M\" width=\"1024\" height=\"423\" srcset=\"https:\/\/atyges.es\/wp-content\/uploads\/2022\/11\/camara_m3m_Atyges-1024x423.png 1024w, https:\/\/atyges.es\/wp-content\/uploads\/2022\/11\/camara_m3m_Atyges-600x248.png 600w, https:\/\/atyges.es\/wp-content\/uploads\/2022\/11\/camara_m3m_Atyges-300x124.png 300w, https:\/\/atyges.es\/wp-content\/uploads\/2022\/11\/camara_m3m_Atyges-173x71.png 173w, https:\/\/atyges.es\/wp-content\/uploads\/2022\/11\/camara_m3m_Atyges.png 1536w\" sizes=\"auto, (max-width: 1024px) 100vw, 1024px\" \/><\/p>\n<p>O Mavic 3 Multispectral \u00e9 um sistema de c\u00e2mera dois em um que combina um sistema de imagem multiespectral e RGB para examinar e coletar uma variedade de dados para produzir resultados em campo.<\/p>\n<p>A c\u00e2mera RGB est\u00e1 equipada com:<\/p>\n<ul>\n<li>um CMOS de 4\/3 polegadas<\/li>\n<li>um sensor de imagem de 20MP<\/li>\n<li>um obturador mec\u00e2nico com uma velocidade m\u00e1xima de 1\/2000<\/li>\n<\/ul>\n<p>Ele pode coletar instantaneamente dados de imagem e gerenciar grava\u00e7\u00e3o cont\u00ednua de alta velocidade no intervalo mais r\u00e1pido de 0,7 segundos, melhorando consideravelmente a efici\u00eancia das opera\u00e7\u00f5es nos campos.<\/p>\n<p>A c\u00e2mera multiespectral de quatro lentes oferece informa\u00e7\u00f5es direcionais mais precisas. Ao detectar sutilezas que o olho humano n\u00e3o consegue ver, esta c\u00e2mera ajuda os usu\u00e1rios a desenvolver uma compreens\u00e3o mais profunda das condi\u00e7\u00f5es de cultivo.<\/p>\n<p>Cada uma das quatro c\u00e2meras multiespectrais pode coletar 5 milh\u00f5es de pixels e pesquisar os comprimentos de onda listados abaixo:<\/p>\n<ul>\n<li>Verde (G): 560nm \u00b1 16nm<\/li>\n<li>Vermelho (R): 650nm \u00b1 20nm<\/li>\n<li>Borda vermelha (RE): 730 nm \u00b1 20 nm<\/li>\n<li>Infravermelho pr\u00f3ximo (NIR) 860nm \u00b1 26nm<\/li>\n<\/ul>\n<p>O Mavic 3M permite aplica\u00e7\u00f5es como levantamentos a\u00e9reos de alta precis\u00e3o, monitoramento de crescimento de culturas e avalia\u00e7\u00f5es de recursos naturais combinando essas duas c\u00e2meras.<\/p>\n<h2><strong>M\u00f3dulo RTK: Posicionamento no n\u00edvel do cent\u00edmetro<\/strong><\/h2>\n<p><img loading=\"lazy\" decoding=\"async\" class=\"aligncenter wp-image-27941 size-large\" src=\"https:\/\/atyges.es\/wp-content\/uploads\/2022\/11\/M3M_RTK_ATyges_04-1024x683.jpg\" alt=\"\" width=\"1024\" height=\"683\" srcset=\"https:\/\/atyges.es\/wp-content\/uploads\/2022\/11\/M3M_RTK_ATyges_04-1024x683.jpg 1024w, https:\/\/atyges.es\/wp-content\/uploads\/2022\/11\/M3M_RTK_ATyges_04-600x400.jpg 600w, https:\/\/atyges.es\/wp-content\/uploads\/2022\/11\/M3M_RTK_ATyges_04-300x200.jpg 300w, https:\/\/atyges.es\/wp-content\/uploads\/2022\/11\/M3M_RTK_ATyges_04-173x115.jpg 173w, https:\/\/atyges.es\/wp-content\/uploads\/2022\/11\/M3M_RTK_ATyges_04.jpg 1500w\" sizes=\"auto, (max-width: 1024px) 100vw, 1024px\" \/><\/p>\n<p>Para determinar com precis\u00e3o a localiza\u00e7\u00e3o do centro de imagem de cada c\u00e2mera, o drone, sua c\u00e2mera e o m\u00f3dulo RTK s\u00e3o sincronizados no n\u00edvel de microssegundos. Como resultado, o Mavic 3M pode realizar levantamentos a\u00e9reos de alta precis\u00e3o sem a necessidade de pontos de controle no solo.<\/p>\n<p>Com bateria de longa dura\u00e7\u00e3o de at\u00e9 43 minutos, o Mavic 3M pode pesquisar e mapear uma \u00e1rea de at\u00e9 2 quil\u00f4metros quadrados em um \u00fanico voo.<\/p>\n<h2><strong>Streaming de v\u00eddeo O3<\/strong><\/h2>\n<p>Projetado para uma opera\u00e7\u00e3o mais segura, a transmiss\u00e3o de v\u00eddeo O3 combina dois canais de transmiss\u00e3o e quatro canais de recep\u00e7\u00e3o com uma dist\u00e2ncia de transmiss\u00e3o ultralonga extra de 15 quil\u00f4metros. O Sensor de Obst\u00e1culos Omnidirecional no Mavic 3M ajuda voc\u00ea a evitar obst\u00e1culos com precis\u00e3o e os detecta em todas as dire\u00e7\u00f5es para maior seguran\u00e7a.<\/p>\n<h2><strong>Plataforma de nuvem de terceiros<\/strong><\/h2>\n<p>O Mavic 3M pode se conectar a v\u00e1rios ecossistemas para oferecer possibilidades ilimitadas de agricultura inteligente, ajudando profissionais e parceiros em v\u00e1rios campos.<\/p>\n<p>Os usu\u00e1rios podem vincular o Mavic 3M a uma plataforma de nuvem de terceiros diretamente por meio da DJI Cloud API integrada (baseada no protocolo MQTT no Pilot 2) para coletar dados, v\u00eddeo ao vivo, dados de fotos e outras informa\u00e7\u00f5es sem precisar criar um conta separada. aplicativo<\/p>\n<p>O Mavic 3M tamb\u00e9m suporta Mobile SDK 5 (MSDK5), que permite aos clientes criar facilmente aplicativos de controle personalizados para aplicativos como monitoramento inteligente.<\/p>\n<h2><strong><u>Plataforma DJI SmartFarm<\/u><\/strong><\/h2>\n<p><img loading=\"lazy\" decoding=\"async\" class=\"aligncenter wp-image-27944 size-large\" src=\"https:\/\/atyges.es\/wp-content\/uploads\/2022\/11\/software_m3m_atyges-1024x321.png\" alt=\"\" width=\"1024\" height=\"321\" srcset=\"https:\/\/atyges.es\/wp-content\/uploads\/2022\/11\/software_m3m_atyges-1024x321.png 1024w, https:\/\/atyges.es\/wp-content\/uploads\/2022\/11\/software_m3m_atyges-600x188.png 600w, https:\/\/atyges.es\/wp-content\/uploads\/2022\/11\/software_m3m_atyges-300x94.png 300w, https:\/\/atyges.es\/wp-content\/uploads\/2022\/11\/software_m3m_atyges-173x54.png 173w, https:\/\/atyges.es\/wp-content\/uploads\/2022\/11\/software_m3m_atyges.png 1536w\" sizes=\"auto, (max-width: 1024px) 100vw, 1024px\" \/><\/p>\n<p>A plataforma DJI SmartFarm gera um \u00edndice de vegeta\u00e7\u00e3o NDVI para fornecer dados para um tratamento de cultivo mais eficaz e direcionado. A varredura autom\u00e1tica de campo pode detectar anomalias nas culturas e realizar an\u00e1lises de intelig\u00eancia, permitindo que um \u00fanico trabalhador gerencie 70 hectares de terra<\/p>\n<h2>O Mavic 3M inclui + 24 meses:<\/h2>\n<ul>\n<li>Prote\u00e7\u00e3o de escudo por dois ano (B\u00e1sico).<\/li>\n<li>Uma licen\u00e7a tempor\u00e1ria de 30 dias do UgCS Expert + 10% de desconto na compra de qualquer licen\u00e7a UGCS (<a href=\"https:\/\/atyges.es\/tienda\/ugcs-software\/#\" target=\"_blank\" rel=\"noopener\">ver licen\u00e7as dispon\u00edveis<\/a>).<\/li>\n<li>Uma licen\u00e7a DJI Terra Full de tr\u00eas meses para um dispositivo.<\/li>\n<li>Um ano de acesso \u00e0 plataforma DJI SmartFarm.<\/li>\n<\/ul>\n","protected":false},"featured_media":27949,"template":"","meta":[],"product_brand":[],"product_cat":[1336,1547],"product_tag":[1550,1530,1551,1406],"class_list":{"0":"post-28274","1":"product","2":"type-product","3":"status-publish","4":"has-post-thumbnail","6":"product_cat-drones-para-agricultura-pt","7":"product_cat-mavic-3-multiespectral-pt","8":"product_tag-dron-multiespectral-pt","9":"product_tag-drone-topografico","10":"product_tag-m3m-pt","11":"product_tag-rtk-pt","12":"product_shipping_class-envio-gratuito-para-los-dji-consumer-pt","14":"first","15":"instock","16":"taxable","17":"shipping-taxable","18":"purchasable","19":"product-type-simple"},"yoast_head":"<!-- This site is optimized with the Yoast SEO plugin v27.2 - https:\/\/yoast.com\/product\/yoast-seo-wordpress\/ -->\n<title>Mavic 3 Multiespectral - M3M | Drone para an\u00e1lise de colheita | ATyges \u00ae<\/title>\n<meta name=\"description\" content=\"Mavic 3 Multiespectral - M3M \u2b50 ATyges, Loja Online de Drones Profissionais. \u2705\u3010Distribuidores DJI Oficiais\u3011\u2705.\" \/>\n<meta name=\"robots\" content=\"index, follow, max-snippet:-1, max-image-preview:large, max-video-preview:-1\" \/>\n<link rel=\"canonical\" href=\"https:\/\/atyges.es\/pt\/product\/dji-mavic-3m-24meses\/\" \/>\n<meta property=\"og:locale\" content=\"pt_PT\" \/>\n<meta property=\"og:type\" content=\"article\" \/>\n<meta property=\"og:title\" content=\"Mavic 3 Multiespectral - M3M | Drone para an\u00e1lise de colheita | ATyges \u00ae\" \/>\n<meta property=\"og:description\" content=\"Mavic 3 Multiespectral - M3M \u2b50 ATyges, Loja Online de Drones Profissionais. \u2705\u3010Distribuidores DJI Oficiais\u3011\u2705.\" \/>\n<meta property=\"og:url\" content=\"https:\/\/atyges.es\/pt\/product\/dji-mavic-3m-24meses\/\" \/>\n<meta property=\"og:site_name\" content=\"ATyges\" \/>\n<meta property=\"article:modified_time\" content=\"2022-12-21T18:25:25+00:00\" \/>\n<meta property=\"og:image\" content=\"https:\/\/atyges.es\/wp-content\/uploads\/2022\/11\/M3M_ATyges02.jpg\" \/>\n\t<meta property=\"og:image:width\" content=\"1500\" \/>\n\t<meta property=\"og:image:height\" content=\"1500\" \/>\n\t<meta property=\"og:image:type\" content=\"image\/jpeg\" \/>\n<meta name=\"twitter:card\" content=\"summary_large_image\" \/>\n<script type=\"application\/ld+json\" class=\"yoast-schema-graph\">{\"@context\":\"https:\/\/schema.org\",\"@graph\":[{\"@type\":\"WebPage\",\"@id\":\"https:\/\/atyges.es\/pt\/product\/dji-mavic-3m-24meses\/\",\"url\":\"https:\/\/atyges.es\/pt\/product\/dji-mavic-3m-24meses\/\",\"name\":\"Mavic 3 Multiespectral - M3M | Drone para an\u00e1lise de colheita | ATyges \u00ae\",\"isPartOf\":{\"@id\":\"https:\/\/atyges.es\/pt\/#website\"},\"primaryImageOfPage\":{\"@id\":\"https:\/\/atyges.es\/pt\/product\/dji-mavic-3m-24meses\/#primaryimage\"},\"image\":{\"@id\":\"https:\/\/atyges.es\/pt\/product\/dji-mavic-3m-24meses\/#primaryimage\"},\"thumbnailUrl\":\"https:\/\/atyges.es\/wp-content\/uploads\/2022\/11\/M3M_ATyges02.jpg\",\"datePublished\":\"2022-12-21T18:11:23+00:00\",\"dateModified\":\"2022-12-21T18:25:25+00:00\",\"description\":\"Mavic 3 Multiespectral - M3M \u2b50 ATyges, Loja Online de Drones Profissionais. \u2705\u3010Distribuidores DJI Oficiais\u3011\u2705.\",\"breadcrumb\":{\"@id\":\"https:\/\/atyges.es\/pt\/product\/dji-mavic-3m-24meses\/#breadcrumb\"},\"inLanguage\":\"pt-PT\",\"potentialAction\":[{\"@type\":\"ReadAction\",\"target\":[\"https:\/\/atyges.es\/pt\/product\/dji-mavic-3m-24meses\/\"]}]},{\"@type\":\"ImageObject\",\"inLanguage\":\"pt-PT\",\"@id\":\"https:\/\/atyges.es\/pt\/product\/dji-mavic-3m-24meses\/#primaryimage\",\"url\":\"https:\/\/atyges.es\/wp-content\/uploads\/2022\/11\/M3M_ATyges02.jpg\",\"contentUrl\":\"https:\/\/atyges.es\/wp-content\/uploads\/2022\/11\/M3M_ATyges02.jpg\",\"width\":1500,\"height\":1500},{\"@type\":\"BreadcrumbList\",\"@id\":\"https:\/\/atyges.es\/pt\/product\/dji-mavic-3m-24meses\/#breadcrumb\",\"itemListElement\":[{\"@type\":\"ListItem\",\"position\":1,\"name\":\"Portada\",\"item\":\"https:\/\/atyges.es\/pt\/\"},{\"@type\":\"ListItem\",\"position\":2,\"name\":\"Produtos\",\"item\":\"https:\/\/atyges.es\/pt\/shop\/\"},{\"@type\":\"ListItem\",\"position\":3,\"name\":\"DJI Mavic 3M + Seguro 24 meses\"}]},{\"@type\":\"WebSite\",\"@id\":\"https:\/\/atyges.es\/pt\/#website\",\"url\":\"https:\/\/atyges.es\/pt\/\",\"name\":\"ATyges\",\"description\":\"\",\"publisher\":{\"@id\":\"https:\/\/atyges.es\/pt\/#organization\"},\"potentialAction\":[{\"@type\":\"SearchAction\",\"target\":{\"@type\":\"EntryPoint\",\"urlTemplate\":\"https:\/\/atyges.es\/pt\/?s={search_term_string}\"},\"query-input\":{\"@type\":\"PropertyValueSpecification\",\"valueRequired\":true,\"valueName\":\"search_term_string\"}}],\"inLanguage\":\"pt-PT\"},{\"@type\":\"Organization\",\"@id\":\"https:\/\/atyges.es\/pt\/#organization\",\"name\":\"Atyges\",\"url\":\"https:\/\/atyges.es\/pt\/\",\"logo\":{\"@type\":\"ImageObject\",\"inLanguage\":\"pt-PT\",\"@id\":\"https:\/\/atyges.es\/pt\/#\/schema\/logo\/image\/\",\"url\":\"https:\/\/atyges.es\/wp-content\/uploads\/2022\/01\/Logo_ATyges_Store.png\",\"contentUrl\":\"https:\/\/atyges.es\/wp-content\/uploads\/2022\/01\/Logo_ATyges_Store.png\",\"width\":1228,\"height\":200,\"caption\":\"Atyges\"},\"image\":{\"@id\":\"https:\/\/atyges.es\/pt\/#\/schema\/logo\/image\/\"}}]}<\/script>\n<!-- \/ Yoast SEO plugin. -->","yoast_head_json":{"title":"Mavic 3 Multiespectral - M3M | Drone para an\u00e1lise de colheita | ATyges \u00ae","description":"Mavic 3 Multiespectral - M3M \u2b50 ATyges, Loja Online de Drones Profissionais. \u2705\u3010Distribuidores DJI Oficiais\u3011\u2705.","robots":{"index":"index","follow":"follow","max-snippet":"max-snippet:-1","max-image-preview":"max-image-preview:large","max-video-preview":"max-video-preview:-1"},"canonical":"https:\/\/atyges.es\/pt\/product\/dji-mavic-3m-24meses\/","og_locale":"pt_PT","og_type":"article","og_title":"Mavic 3 Multiespectral - M3M | Drone para an\u00e1lise de colheita | ATyges \u00ae","og_description":"Mavic 3 Multiespectral - M3M \u2b50 ATyges, Loja Online de Drones Profissionais. \u2705\u3010Distribuidores DJI Oficiais\u3011\u2705.","og_url":"https:\/\/atyges.es\/pt\/product\/dji-mavic-3m-24meses\/","og_site_name":"ATyges","article_modified_time":"2022-12-21T18:25:25+00:00","og_image":[{"width":1500,"height":1500,"url":"https:\/\/atyges.es\/wp-content\/uploads\/2022\/11\/M3M_ATyges02.jpg","type":"image\/jpeg"}],"twitter_card":"summary_large_image","schema":{"@context":"https:\/\/schema.org","@graph":[{"@type":"WebPage","@id":"https:\/\/atyges.es\/pt\/product\/dji-mavic-3m-24meses\/","url":"https:\/\/atyges.es\/pt\/product\/dji-mavic-3m-24meses\/","name":"Mavic 3 Multiespectral - M3M | Drone para an\u00e1lise de colheita | ATyges \u00ae","isPartOf":{"@id":"https:\/\/atyges.es\/pt\/#website"},"primaryImageOfPage":{"@id":"https:\/\/atyges.es\/pt\/product\/dji-mavic-3m-24meses\/#primaryimage"},"image":{"@id":"https:\/\/atyges.es\/pt\/product\/dji-mavic-3m-24meses\/#primaryimage"},"thumbnailUrl":"https:\/\/atyges.es\/wp-content\/uploads\/2022\/11\/M3M_ATyges02.jpg","datePublished":"2022-12-21T18:11:23+00:00","dateModified":"2022-12-21T18:25:25+00:00","description":"Mavic 3 Multiespectral - M3M \u2b50 ATyges, Loja Online de Drones Profissionais. \u2705\u3010Distribuidores DJI Oficiais\u3011\u2705.","breadcrumb":{"@id":"https:\/\/atyges.es\/pt\/product\/dji-mavic-3m-24meses\/#breadcrumb"},"inLanguage":"pt-PT","potentialAction":[{"@type":"ReadAction","target":["https:\/\/atyges.es\/pt\/product\/dji-mavic-3m-24meses\/"]}]},{"@type":"ImageObject","inLanguage":"pt-PT","@id":"https:\/\/atyges.es\/pt\/product\/dji-mavic-3m-24meses\/#primaryimage","url":"https:\/\/atyges.es\/wp-content\/uploads\/2022\/11\/M3M_ATyges02.jpg","contentUrl":"https:\/\/atyges.es\/wp-content\/uploads\/2022\/11\/M3M_ATyges02.jpg","width":1500,"height":1500},{"@type":"BreadcrumbList","@id":"https:\/\/atyges.es\/pt\/product\/dji-mavic-3m-24meses\/#breadcrumb","itemListElement":[{"@type":"ListItem","position":1,"name":"Portada","item":"https:\/\/atyges.es\/pt\/"},{"@type":"ListItem","position":2,"name":"Produtos","item":"https:\/\/atyges.es\/pt\/shop\/"},{"@type":"ListItem","position":3,"name":"DJI Mavic 3M + Seguro 24 meses"}]},{"@type":"WebSite","@id":"https:\/\/atyges.es\/pt\/#website","url":"https:\/\/atyges.es\/pt\/","name":"ATyges","description":"","publisher":{"@id":"https:\/\/atyges.es\/pt\/#organization"},"potentialAction":[{"@type":"SearchAction","target":{"@type":"EntryPoint","urlTemplate":"https:\/\/atyges.es\/pt\/?s={search_term_string}"},"query-input":{"@type":"PropertyValueSpecification","valueRequired":true,"valueName":"search_term_string"}}],"inLanguage":"pt-PT"},{"@type":"Organization","@id":"https:\/\/atyges.es\/pt\/#organization","name":"Atyges","url":"https:\/\/atyges.es\/pt\/","logo":{"@type":"ImageObject","inLanguage":"pt-PT","@id":"https:\/\/atyges.es\/pt\/#\/schema\/logo\/image\/","url":"https:\/\/atyges.es\/wp-content\/uploads\/2022\/01\/Logo_ATyges_Store.png","contentUrl":"https:\/\/atyges.es\/wp-content\/uploads\/2022\/01\/Logo_ATyges_Store.png","width":1228,"height":200,"caption":"Atyges"},"image":{"@id":"https:\/\/atyges.es\/pt\/#\/schema\/logo\/image\/"}}]}},"jetpack_sharing_enabled":true,"_links":{"self":[{"href":"https:\/\/atyges.es\/pt\/wp-json\/wp\/v2\/product\/28274","targetHints":{"allow":["GET"]}}],"collection":[{"href":"https:\/\/atyges.es\/pt\/wp-json\/wp\/v2\/product"}],"about":[{"href":"https:\/\/atyges.es\/pt\/wp-json\/wp\/v2\/types\/product"}],"wp:featuredmedia":[{"embeddable":true,"href":"https:\/\/atyges.es\/pt\/wp-json\/wp\/v2\/media\/27949"}],"wp:attachment":[{"href":"https:\/\/atyges.es\/pt\/wp-json\/wp\/v2\/media?parent=28274"}],"wp:term":[{"taxonomy":"product_brand","embeddable":true,"href":"https:\/\/atyges.es\/pt\/wp-json\/wp\/v2\/product_brand?post=28274"},{"taxonomy":"product_cat","embeddable":true,"href":"https:\/\/atyges.es\/pt\/wp-json\/wp\/v2\/product_cat?post=28274"},{"taxonomy":"product_tag","embeddable":true,"href":"https:\/\/atyges.es\/pt\/wp-json\/wp\/v2\/product_tag?post=28274"}],"curies":[{"name":"wp","href":"https:\/\/api.w.org\/{rel}","templated":true}]}}