{"id":28196,"date":"2022-12-14T14:50:56","date_gmt":"2022-12-14T13:50:56","guid":{"rendered":"https:\/\/atyges.es\/?post_type=product&#038;p=28196"},"modified":"2022-12-14T15:13:36","modified_gmt":"2022-12-14T14:13:36","slug":"poste-de-levantamento-emlid-copia","status":"publish","type":"product","link":"https:\/\/atyges.es\/pt\/product\/poste-de-levantamento-emlid-smartphone\/","title":{"rendered":"Bast\u00e3o telesc\u00f3pico Emlid com suporte para smartphone"},"content":{"rendered":"<p><iframe loading=\"lazy\" title=\"Emlid Survey Pole with a Phone Mount\" width=\"640\" height=\"360\" src=\"https:\/\/www.youtube.com\/embed\/iULXuzCSfJ4?feature=oembed&#038;enablejsapi=1&#038;origin=https:\/\/atyges.es\" frameborder=\"0\" allow=\"accelerometer; autoplay; clipboard-write; encrypted-media; gyroscope; picture-in-picture\" allowfullscreen><\/iframe><\/p>\n\n\n<div class=\"kk-star-ratings kksr-auto kksr-align-center kksr-valign-bottom\"\n    data-payload='{&quot;align&quot;:&quot;center&quot;,&quot;id&quot;:&quot;28196&quot;,&quot;slug&quot;:&quot;default&quot;,&quot;valign&quot;:&quot;bottom&quot;,&quot;ignore&quot;:&quot;&quot;,&quot;reference&quot;:&quot;auto&quot;,&quot;class&quot;:&quot;&quot;,&quot;count&quot;:&quot;0&quot;,&quot;legendonly&quot;:&quot;&quot;,&quot;readonly&quot;:&quot;&quot;,&quot;score&quot;:&quot;0&quot;,&quot;starsonly&quot;:&quot;&quot;,&quot;best&quot;:&quot;5&quot;,&quot;gap&quot;:&quot;5&quot;,&quot;greet&quot;:&quot;Val\u00f3ranos&quot;,&quot;legend&quot;:&quot;0\\\/5 - (0 votes)&quot;,&quot;size&quot;:&quot;24&quot;,&quot;title&quot;:&quot;Bast\u00e3o telesc\u00f3pico Emlid com suporte para smartphone&quot;,&quot;width&quot;:&quot;0&quot;,&quot;_legend&quot;:&quot;{score}\\\/{best} - ({count} {votes})&quot;,&quot;font_factor&quot;:&quot;1.25&quot;}'>\n            \n<div class=\"kksr-stars\">\n    \n<div class=\"kksr-stars-inactive\">\n            <div class=\"kksr-star\" data-star=\"1\" style=\"padding-right: 5px\">\n            \n\n<div class=\"kksr-icon\" style=\"width: 24px; height: 24px;\"><\/div>\n        <\/div>\n            <div class=\"kksr-star\" data-star=\"2\" style=\"padding-right: 5px\">\n            \n\n<div class=\"kksr-icon\" style=\"width: 24px; height: 24px;\"><\/div>\n        <\/div>\n            <div class=\"kksr-star\" data-star=\"3\" style=\"padding-right: 5px\">\n            \n\n<div class=\"kksr-icon\" style=\"width: 24px; height: 24px;\"><\/div>\n        <\/div>\n            <div class=\"kksr-star\" data-star=\"4\" style=\"padding-right: 5px\">\n            \n\n<div class=\"kksr-icon\" style=\"width: 24px; height: 24px;\"><\/div>\n        <\/div>\n            <div class=\"kksr-star\" data-star=\"5\" style=\"padding-right: 5px\">\n            \n\n<div class=\"kksr-icon\" style=\"width: 24px; height: 24px;\"><\/div>\n        <\/div>\n    <\/div>\n    \n<div class=\"kksr-stars-active\" style=\"width: 0px;\">\n            <div class=\"kksr-star\" style=\"padding-right: 5px\">\n            \n\n<div class=\"kksr-icon\" style=\"width: 24px; height: 24px;\"><\/div>\n        <\/div>\n            <div class=\"kksr-star\" style=\"padding-right: 5px\">\n            \n\n<div class=\"kksr-icon\" style=\"width: 24px; height: 24px;\"><\/div>\n        <\/div>\n            <div class=\"kksr-star\" style=\"padding-right: 5px\">\n            \n\n<div class=\"kksr-icon\" style=\"width: 24px; height: 24px;\"><\/div>\n        <\/div>\n            <div class=\"kksr-star\" style=\"padding-right: 5px\">\n            \n\n<div class=\"kksr-icon\" style=\"width: 24px; height: 24px;\"><\/div>\n        <\/div>\n            <div class=\"kksr-star\" style=\"padding-right: 5px\">\n            \n\n<div class=\"kksr-icon\" style=\"width: 24px; height: 24px;\"><\/div>\n        <\/div>\n    <\/div>\n<\/div>\n                \n\n<div class=\"kksr-legend\" style=\"font-size: 19.2px;\">\n            <span class=\"kksr-muted\">Val\u00f3ranos<\/span>\n    <\/div>\n    <\/div>\n","protected":false},"excerpt":{"rendered":"<p>A constru\u00e7\u00e3o de tr\u00eas se\u00e7\u00f5es oferece estabilidade confi\u00e1vel com a ajuda de travas s\u00f3lidas. Ele vem equipado com um suporte para smartphone que cabe na maioria dos dispositivos de controle e uma bolsa de transporte.<\/p>\n<p>A constru\u00e7\u00e3o em tr\u00eas se\u00e7\u00f5es oferece estabilidade fi\u00e1vel assim como s\u00f3lidos bloqueios nas medidas pretendidas.<\/p>\n<div id=\"tab-description\" class=\"woocommerce-Tabs-panel woocommerce-Tabs-panel--description panel entry-content wc-tab\" role=\"tabpanel\" aria-labelledby=\"tab-title-description\">\n<ul>\n<li>Comprimento totalmente fechado:\u00a0<strong>0,74 m<\/strong><\/li>\n<li>Comprimento total:\u00a0<strong>1,8 m<\/strong><\/li>\n<li>Fio:\u00a0<strong>5\/8&#8243; <\/strong>Compat\u00edvel com o Reach RS2, RS2+, RX e outros equipamentos GNSS<\/li>\n<li>Peso total: <strong>900g<\/strong><\/li>\n<\/ul>\n<p>Vem com uma bolsa de transporte.<\/p>\n<\/div>\n<p>&nbsp;<\/p>\n","protected":false},"featured_media":28199,"template":"","meta":[],"product_brand":[],"product_cat":[1444],"product_tag":[],"class_list":{"0":"post-28196","1":"product","2":"type-product","3":"status-publish","4":"has-post-thumbnail","6":"product_cat-acessorios-gps","7":"product_shipping_class-emlid-pt","9":"first","10":"instock","11":"taxable","12":"shipping-taxable","13":"purchasable","14":"product-type-simple"},"yoast_head":"<!-- This site is optimized with the Yoast SEO plugin v27.4 - https:\/\/yoast.com\/product\/yoast-seo-wordpress\/ -->\n<title>Bast\u00e3o de levantamento | Bast\u00e3o 1,80 m de Emlid<\/title>\n<meta name=\"description\" content=\"Bast\u00e3o de levantamento 1.8 m \u2b50 ATyges, EMLID Dealer \u2705.\" \/>\n<meta name=\"robots\" content=\"index, follow, max-snippet:-1, max-image-preview:large, max-video-preview:-1\" \/>\n<link rel=\"canonical\" href=\"https:\/\/atyges.es\/pt\/product\/poste-de-levantamento-emlid-smartphone\/\" \/>\n<meta property=\"og:locale\" content=\"pt_PT\" \/>\n<meta property=\"og:type\" content=\"article\" \/>\n<meta property=\"og:title\" content=\"Bast\u00e3o de levantamento | Bast\u00e3o 1,80 m de Emlid\" \/>\n<meta property=\"og:description\" content=\"Bast\u00e3o de levantamento 1.8 m \u2b50 ATyges, EMLID Dealer \u2705.\" \/>\n<meta property=\"og:url\" content=\"https:\/\/atyges.es\/pt\/product\/poste-de-levantamento-emlid-smartphone\/\" \/>\n<meta property=\"og:site_name\" content=\"ATyges\" \/>\n<meta property=\"article:modified_time\" content=\"2022-12-14T14:13:36+00:00\" \/>\n<meta property=\"og:image\" content=\"https:\/\/atyges.es\/wp-content\/uploads\/2022\/12\/pole-emlid-2_1.png\" \/>\n\t<meta property=\"og:image:width\" content=\"600\" \/>\n\t<meta property=\"og:image:height\" content=\"600\" \/>\n\t<meta property=\"og:image:type\" content=\"image\/png\" \/>\n<meta name=\"twitter:card\" content=\"summary_large_image\" \/>\n<script type=\"application\/ld+json\" class=\"yoast-schema-graph\">{\"@context\":\"https:\\\/\\\/schema.org\",\"@graph\":[{\"@type\":\"WebPage\",\"@id\":\"https:\\\/\\\/atyges.es\\\/pt\\\/product\\\/poste-de-levantamento-emlid-smartphone\\\/\",\"url\":\"https:\\\/\\\/atyges.es\\\/pt\\\/product\\\/poste-de-levantamento-emlid-smartphone\\\/\",\"name\":\"Bast\u00e3o de levantamento | Bast\u00e3o 1,80 m de Emlid\",\"isPartOf\":{\"@id\":\"https:\\\/\\\/atyges.es\\\/pt\\\/#website\"},\"primaryImageOfPage\":{\"@id\":\"https:\\\/\\\/atyges.es\\\/pt\\\/product\\\/poste-de-levantamento-emlid-smartphone\\\/#primaryimage\"},\"image\":{\"@id\":\"https:\\\/\\\/atyges.es\\\/pt\\\/product\\\/poste-de-levantamento-emlid-smartphone\\\/#primaryimage\"},\"thumbnailUrl\":\"https:\\\/\\\/atyges.es\\\/wp-content\\\/uploads\\\/2022\\\/12\\\/pole-emlid-2_1.png\",\"datePublished\":\"2022-12-14T13:50:56+00:00\",\"dateModified\":\"2022-12-14T14:13:36+00:00\",\"description\":\"Bast\u00e3o de levantamento 1.8 m \u2b50 ATyges, EMLID Dealer \u2705.\",\"breadcrumb\":{\"@id\":\"https:\\\/\\\/atyges.es\\\/pt\\\/product\\\/poste-de-levantamento-emlid-smartphone\\\/#breadcrumb\"},\"inLanguage\":\"pt-PT\",\"potentialAction\":[{\"@type\":\"ReadAction\",\"target\":[\"https:\\\/\\\/atyges.es\\\/pt\\\/product\\\/poste-de-levantamento-emlid-smartphone\\\/\"]}]},{\"@type\":\"ImageObject\",\"inLanguage\":\"pt-PT\",\"@id\":\"https:\\\/\\\/atyges.es\\\/pt\\\/product\\\/poste-de-levantamento-emlid-smartphone\\\/#primaryimage\",\"url\":\"https:\\\/\\\/atyges.es\\\/wp-content\\\/uploads\\\/2022\\\/12\\\/pole-emlid-2_1.png\",\"contentUrl\":\"https:\\\/\\\/atyges.es\\\/wp-content\\\/uploads\\\/2022\\\/12\\\/pole-emlid-2_1.png\",\"width\":600,\"height\":600,\"caption\":\"POLO EMLID COM SUPORTE PARA TELEFONE\"},{\"@type\":\"BreadcrumbList\",\"@id\":\"https:\\\/\\\/atyges.es\\\/pt\\\/product\\\/poste-de-levantamento-emlid-smartphone\\\/#breadcrumb\",\"itemListElement\":[{\"@type\":\"ListItem\",\"position\":1,\"name\":\"Portada\",\"item\":\"https:\\\/\\\/atyges.es\\\/pt\\\/\"},{\"@type\":\"ListItem\",\"position\":2,\"name\":\"Produtos\",\"item\":\"https:\\\/\\\/atyges.es\\\/pt\\\/shop\\\/\"},{\"@type\":\"ListItem\",\"position\":3,\"name\":\"Bast\u00e3o telesc\u00f3pico Emlid com suporte para smartphone\"}]},{\"@type\":\"WebSite\",\"@id\":\"https:\\\/\\\/atyges.es\\\/pt\\\/#website\",\"url\":\"https:\\\/\\\/atyges.es\\\/pt\\\/\",\"name\":\"ATyges\",\"description\":\"\",\"publisher\":{\"@id\":\"https:\\\/\\\/atyges.es\\\/pt\\\/#organization\"},\"potentialAction\":[{\"@type\":\"SearchAction\",\"target\":{\"@type\":\"EntryPoint\",\"urlTemplate\":\"https:\\\/\\\/atyges.es\\\/pt\\\/?s={search_term_string}\"},\"query-input\":{\"@type\":\"PropertyValueSpecification\",\"valueRequired\":true,\"valueName\":\"search_term_string\"}}],\"inLanguage\":\"pt-PT\"},{\"@type\":\"Organization\",\"@id\":\"https:\\\/\\\/atyges.es\\\/pt\\\/#organization\",\"name\":\"Atyges\",\"url\":\"https:\\\/\\\/atyges.es\\\/pt\\\/\",\"logo\":{\"@type\":\"ImageObject\",\"inLanguage\":\"pt-PT\",\"@id\":\"https:\\\/\\\/atyges.es\\\/pt\\\/#\\\/schema\\\/logo\\\/image\\\/\",\"url\":\"https:\\\/\\\/atyges.es\\\/wp-content\\\/uploads\\\/2022\\\/01\\\/Logo_ATyges_Store.png\",\"contentUrl\":\"https:\\\/\\\/atyges.es\\\/wp-content\\\/uploads\\\/2022\\\/01\\\/Logo_ATyges_Store.png\",\"width\":1228,\"height\":200,\"caption\":\"Atyges\"},\"image\":{\"@id\":\"https:\\\/\\\/atyges.es\\\/pt\\\/#\\\/schema\\\/logo\\\/image\\\/\"}}]}<\/script>\n<!-- \/ Yoast SEO plugin. -->","yoast_head_json":{"title":"Bast\u00e3o de levantamento | Bast\u00e3o 1,80 m de Emlid","description":"Bast\u00e3o de levantamento 1.8 m \u2b50 ATyges, EMLID Dealer \u2705.","robots":{"index":"index","follow":"follow","max-snippet":"max-snippet:-1","max-image-preview":"max-image-preview:large","max-video-preview":"max-video-preview:-1"},"canonical":"https:\/\/atyges.es\/pt\/product\/poste-de-levantamento-emlid-smartphone\/","og_locale":"pt_PT","og_type":"article","og_title":"Bast\u00e3o de levantamento | Bast\u00e3o 1,80 m de Emlid","og_description":"Bast\u00e3o de levantamento 1.8 m \u2b50 ATyges, EMLID Dealer \u2705.","og_url":"https:\/\/atyges.es\/pt\/product\/poste-de-levantamento-emlid-smartphone\/","og_site_name":"ATyges","article_modified_time":"2022-12-14T14:13:36+00:00","og_image":[{"width":600,"height":600,"url":"https:\/\/atyges.es\/wp-content\/uploads\/2022\/12\/pole-emlid-2_1.png","type":"image\/png"}],"twitter_card":"summary_large_image","schema":{"@context":"https:\/\/schema.org","@graph":[{"@type":"WebPage","@id":"https:\/\/atyges.es\/pt\/product\/poste-de-levantamento-emlid-smartphone\/","url":"https:\/\/atyges.es\/pt\/product\/poste-de-levantamento-emlid-smartphone\/","name":"Bast\u00e3o de levantamento | Bast\u00e3o 1,80 m de Emlid","isPartOf":{"@id":"https:\/\/atyges.es\/pt\/#website"},"primaryImageOfPage":{"@id":"https:\/\/atyges.es\/pt\/product\/poste-de-levantamento-emlid-smartphone\/#primaryimage"},"image":{"@id":"https:\/\/atyges.es\/pt\/product\/poste-de-levantamento-emlid-smartphone\/#primaryimage"},"thumbnailUrl":"https:\/\/atyges.es\/wp-content\/uploads\/2022\/12\/pole-emlid-2_1.png","datePublished":"2022-12-14T13:50:56+00:00","dateModified":"2022-12-14T14:13:36+00:00","description":"Bast\u00e3o de levantamento 1.8 m \u2b50 ATyges, EMLID Dealer \u2705.","breadcrumb":{"@id":"https:\/\/atyges.es\/pt\/product\/poste-de-levantamento-emlid-smartphone\/#breadcrumb"},"inLanguage":"pt-PT","potentialAction":[{"@type":"ReadAction","target":["https:\/\/atyges.es\/pt\/product\/poste-de-levantamento-emlid-smartphone\/"]}]},{"@type":"ImageObject","inLanguage":"pt-PT","@id":"https:\/\/atyges.es\/pt\/product\/poste-de-levantamento-emlid-smartphone\/#primaryimage","url":"https:\/\/atyges.es\/wp-content\/uploads\/2022\/12\/pole-emlid-2_1.png","contentUrl":"https:\/\/atyges.es\/wp-content\/uploads\/2022\/12\/pole-emlid-2_1.png","width":600,"height":600,"caption":"POLO EMLID COM SUPORTE PARA TELEFONE"},{"@type":"BreadcrumbList","@id":"https:\/\/atyges.es\/pt\/product\/poste-de-levantamento-emlid-smartphone\/#breadcrumb","itemListElement":[{"@type":"ListItem","position":1,"name":"Portada","item":"https:\/\/atyges.es\/pt\/"},{"@type":"ListItem","position":2,"name":"Produtos","item":"https:\/\/atyges.es\/pt\/shop\/"},{"@type":"ListItem","position":3,"name":"Bast\u00e3o telesc\u00f3pico Emlid com suporte para smartphone"}]},{"@type":"WebSite","@id":"https:\/\/atyges.es\/pt\/#website","url":"https:\/\/atyges.es\/pt\/","name":"ATyges","description":"","publisher":{"@id":"https:\/\/atyges.es\/pt\/#organization"},"potentialAction":[{"@type":"SearchAction","target":{"@type":"EntryPoint","urlTemplate":"https:\/\/atyges.es\/pt\/?s={search_term_string}"},"query-input":{"@type":"PropertyValueSpecification","valueRequired":true,"valueName":"search_term_string"}}],"inLanguage":"pt-PT"},{"@type":"Organization","@id":"https:\/\/atyges.es\/pt\/#organization","name":"Atyges","url":"https:\/\/atyges.es\/pt\/","logo":{"@type":"ImageObject","inLanguage":"pt-PT","@id":"https:\/\/atyges.es\/pt\/#\/schema\/logo\/image\/","url":"https:\/\/atyges.es\/wp-content\/uploads\/2022\/01\/Logo_ATyges_Store.png","contentUrl":"https:\/\/atyges.es\/wp-content\/uploads\/2022\/01\/Logo_ATyges_Store.png","width":1228,"height":200,"caption":"Atyges"},"image":{"@id":"https:\/\/atyges.es\/pt\/#\/schema\/logo\/image\/"}}]}},"jetpack_sharing_enabled":true,"_links":{"self":[{"href":"https:\/\/atyges.es\/pt\/wp-json\/wp\/v2\/product\/28196","targetHints":{"allow":["GET"]}}],"collection":[{"href":"https:\/\/atyges.es\/pt\/wp-json\/wp\/v2\/product"}],"about":[{"href":"https:\/\/atyges.es\/pt\/wp-json\/wp\/v2\/types\/product"}],"wp:featuredmedia":[{"embeddable":true,"href":"https:\/\/atyges.es\/pt\/wp-json\/wp\/v2\/media\/28199"}],"wp:attachment":[{"href":"https:\/\/atyges.es\/pt\/wp-json\/wp\/v2\/media?parent=28196"}],"wp:term":[{"taxonomy":"product_brand","embeddable":true,"href":"https:\/\/atyges.es\/pt\/wp-json\/wp\/v2\/product_brand?post=28196"},{"taxonomy":"product_cat","embeddable":true,"href":"https:\/\/atyges.es\/pt\/wp-json\/wp\/v2\/product_cat?post=28196"},{"taxonomy":"product_tag","embeddable":true,"href":"https:\/\/atyges.es\/pt\/wp-json\/wp\/v2\/product_tag?post=28196"}],"curies":[{"name":"wp","href":"https:\/\/api.w.org\/{rel}","templated":true}]}}