{"id":27383,"date":"2022-09-27T20:44:53","date_gmt":"2022-09-27T19:44:53","guid":{"rendered":"https:\/\/atyges.es\/product\/bateria-de-voo-inteligente-dji-mavic-3\/"},"modified":"2022-10-16T21:15:45","modified_gmt":"2022-10-16T20:15:45","slug":"bateria-de-voo-inteligente-dji-mavic-3","status":"publish","type":"product","link":"https:\/\/atyges.es\/pt\/product\/bateria-de-voo-inteligente-dji-mavic-3\/","title":{"rendered":"Bateria de voo inteligente DJI Mavic 3"},"content":{"rendered":"<h3>Pontas<\/h3>\n<p>Recomenda-se carregar as baterias com carregadores DJI.<\/p>\n\n\n<div class=\"kk-star-ratings kksr-auto kksr-align-center kksr-valign-bottom\"\n    data-payload='{&quot;align&quot;:&quot;center&quot;,&quot;id&quot;:&quot;27383&quot;,&quot;slug&quot;:&quot;default&quot;,&quot;valign&quot;:&quot;bottom&quot;,&quot;ignore&quot;:&quot;&quot;,&quot;reference&quot;:&quot;auto&quot;,&quot;class&quot;:&quot;&quot;,&quot;count&quot;:&quot;8&quot;,&quot;legendonly&quot;:&quot;&quot;,&quot;readonly&quot;:&quot;&quot;,&quot;score&quot;:&quot;1.4&quot;,&quot;starsonly&quot;:&quot;&quot;,&quot;best&quot;:&quot;5&quot;,&quot;gap&quot;:&quot;5&quot;,&quot;greet&quot;:&quot;Val\u00f3ranos&quot;,&quot;legend&quot;:&quot;1.4\\\/5 - (8 votes)&quot;,&quot;size&quot;:&quot;24&quot;,&quot;title&quot;:&quot;Bateria de voo inteligente DJI Mavic 3&quot;,&quot;width&quot;:&quot;38.1&quot;,&quot;_legend&quot;:&quot;{score}\\\/{best} - ({count} {votes})&quot;,&quot;font_factor&quot;:&quot;1.25&quot;}'>\n            \n<div class=\"kksr-stars\">\n    \n<div class=\"kksr-stars-inactive\">\n            <div class=\"kksr-star\" data-star=\"1\" style=\"padding-right: 5px\">\n            \n\n<div class=\"kksr-icon\" style=\"width: 24px; height: 24px;\"><\/div>\n        <\/div>\n            <div class=\"kksr-star\" data-star=\"2\" style=\"padding-right: 5px\">\n            \n\n<div class=\"kksr-icon\" style=\"width: 24px; height: 24px;\"><\/div>\n        <\/div>\n            <div class=\"kksr-star\" data-star=\"3\" style=\"padding-right: 5px\">\n            \n\n<div class=\"kksr-icon\" style=\"width: 24px; height: 24px;\"><\/div>\n        <\/div>\n            <div class=\"kksr-star\" data-star=\"4\" style=\"padding-right: 5px\">\n            \n\n<div class=\"kksr-icon\" style=\"width: 24px; height: 24px;\"><\/div>\n        <\/div>\n            <div class=\"kksr-star\" data-star=\"5\" style=\"padding-right: 5px\">\n            \n\n<div class=\"kksr-icon\" style=\"width: 24px; height: 24px;\"><\/div>\n        <\/div>\n    <\/div>\n    \n<div class=\"kksr-stars-active\" style=\"width: 38.1px;\">\n            <div class=\"kksr-star\" style=\"padding-right: 5px\">\n            \n\n<div class=\"kksr-icon\" style=\"width: 24px; height: 24px;\"><\/div>\n        <\/div>\n            <div class=\"kksr-star\" style=\"padding-right: 5px\">\n            \n\n<div class=\"kksr-icon\" style=\"width: 24px; height: 24px;\"><\/div>\n        <\/div>\n            <div class=\"kksr-star\" style=\"padding-right: 5px\">\n            \n\n<div class=\"kksr-icon\" style=\"width: 24px; height: 24px;\"><\/div>\n        <\/div>\n            <div class=\"kksr-star\" style=\"padding-right: 5px\">\n            \n\n<div class=\"kksr-icon\" style=\"width: 24px; height: 24px;\"><\/div>\n        <\/div>\n            <div class=\"kksr-star\" style=\"padding-right: 5px\">\n            \n\n<div class=\"kksr-icon\" style=\"width: 24px; height: 24px;\"><\/div>\n        <\/div>\n    <\/div>\n<\/div>\n                \n\n<div class=\"kksr-legend\" style=\"font-size: 19.2px;\">\n            1.4\/5 - (8 votes)    <\/div>\n    <\/div>\n","protected":false},"excerpt":{"rendered":"<h1 class=\"style__product-title___2DEfZ\">DJI Mavic 3 e Mavic 3 Enterprise Intelligent Flight Battery<\/h1>\n<p>Gra\u00e7as \u00e0s baterias de voo inteligentes de maior capacidade e um novo sistema de propuls\u00e3o, o Mavic 3 fornece um m\u00e1ximo. de voo de 46 minutos e um tempo m\u00e1x. 40 minutos de flutua\u00e7\u00e3o.<\/p>\n<h3>Conte\u00fado da embalagem<\/h3>\n<ul>\n<li class=\"temp-specs-td name\">Bateria de Voo Inteligente x 1<\/li>\n<\/ul>\n","protected":false},"featured_media":27047,"template":"","meta":[],"product_brand":[],"product_cat":[1276],"product_tag":[1536,1527,1406],"class_list":{"0":"post-27383","1":"product","2":"type-product","3":"status-publish","4":"has-post-thumbnail","6":"product_cat-drones-profissionais-pt","7":"product_tag-bateria-mavic-3-pt","8":"product_tag-m3t-pt","9":"product_tag-rtk-pt","10":"product_shipping_class-envio-gratuito-para-los-dji-consumer-pt","12":"first","13":"onbackorder","14":"taxable","15":"shipping-taxable","16":"purchasable","17":"product-type-simple"},"yoast_head":"<!-- This site is optimized with the Yoast SEO plugin v27.2 - https:\/\/yoast.com\/product\/yoast-seo-wordpress\/ -->\n<title>Bateria Inteligente Mavic 3 | Mavic 3 Empresa | ATyges\u00ae<\/title>\n<meta name=\"description\" content=\"Bateria Inteligente Mavic 3 \/ M3E \u2b50 ATyges, Loja Online de Drones Profissionais. \u2705\u3010Distribuidores oficiais da DJI\u3011\u2705.\" \/>\n<meta name=\"robots\" content=\"index, follow, max-snippet:-1, max-image-preview:large, max-video-preview:-1\" \/>\n<link rel=\"canonical\" href=\"https:\/\/atyges.es\/pt\/product\/bateria-de-voo-inteligente-dji-mavic-3\/\" \/>\n<meta property=\"og:locale\" content=\"pt_PT\" \/>\n<meta property=\"og:type\" content=\"article\" \/>\n<meta property=\"og:title\" content=\"Bateria Inteligente Mavic 3 | Mavic 3 Empresa | ATyges\u00ae\" \/>\n<meta property=\"og:description\" content=\"Bateria Inteligente Mavic 3 \/ M3E \u2b50 ATyges, Loja Online de Drones Profissionais. \u2705\u3010Distribuidores oficiais da DJI\u3011\u2705.\" \/>\n<meta property=\"og:url\" content=\"https:\/\/atyges.es\/pt\/product\/bateria-de-voo-inteligente-dji-mavic-3\/\" \/>\n<meta property=\"og:site_name\" content=\"ATyges\" \/>\n<meta property=\"article:modified_time\" content=\"2022-10-16T20:15:45+00:00\" \/>\n<meta property=\"og:image\" content=\"https:\/\/atyges.es\/wp-content\/uploads\/2022\/09\/bat-mv3.png\" \/>\n\t<meta property=\"og:image:width\" content=\"1000\" \/>\n\t<meta property=\"og:image:height\" content=\"1000\" \/>\n\t<meta property=\"og:image:type\" content=\"image\/png\" \/>\n<meta name=\"twitter:card\" content=\"summary_large_image\" \/>\n<script type=\"application\/ld+json\" class=\"yoast-schema-graph\">{\"@context\":\"https:\/\/schema.org\",\"@graph\":[{\"@type\":\"WebPage\",\"@id\":\"https:\/\/atyges.es\/pt\/product\/bateria-de-voo-inteligente-dji-mavic-3\/\",\"url\":\"https:\/\/atyges.es\/pt\/product\/bateria-de-voo-inteligente-dji-mavic-3\/\",\"name\":\"Bateria Inteligente Mavic 3 | Mavic 3 Empresa | ATyges\u00ae\",\"isPartOf\":{\"@id\":\"https:\/\/atyges.es\/pt\/#website\"},\"primaryImageOfPage\":{\"@id\":\"https:\/\/atyges.es\/pt\/product\/bateria-de-voo-inteligente-dji-mavic-3\/#primaryimage\"},\"image\":{\"@id\":\"https:\/\/atyges.es\/pt\/product\/bateria-de-voo-inteligente-dji-mavic-3\/#primaryimage\"},\"thumbnailUrl\":\"https:\/\/atyges.es\/wp-content\/uploads\/2022\/09\/bat-mv3.png\",\"datePublished\":\"2022-09-27T19:44:53+00:00\",\"dateModified\":\"2022-10-16T20:15:45+00:00\",\"description\":\"Bateria Inteligente Mavic 3 \/ M3E \u2b50 ATyges, Loja Online de Drones Profissionais. \u2705\u3010Distribuidores oficiais da DJI\u3011\u2705.\",\"breadcrumb\":{\"@id\":\"https:\/\/atyges.es\/pt\/product\/bateria-de-voo-inteligente-dji-mavic-3\/#breadcrumb\"},\"inLanguage\":\"pt-PT\",\"potentialAction\":[{\"@type\":\"ReadAction\",\"target\":[\"https:\/\/atyges.es\/pt\/product\/bateria-de-voo-inteligente-dji-mavic-3\/\"]}]},{\"@type\":\"ImageObject\",\"inLanguage\":\"pt-PT\",\"@id\":\"https:\/\/atyges.es\/pt\/product\/bateria-de-voo-inteligente-dji-mavic-3\/#primaryimage\",\"url\":\"https:\/\/atyges.es\/wp-content\/uploads\/2022\/09\/bat-mv3.png\",\"contentUrl\":\"https:\/\/atyges.es\/wp-content\/uploads\/2022\/09\/bat-mv3.png\",\"width\":1000,\"height\":1000,\"caption\":\"Bateria Serie Mavic 3\"},{\"@type\":\"BreadcrumbList\",\"@id\":\"https:\/\/atyges.es\/pt\/product\/bateria-de-voo-inteligente-dji-mavic-3\/#breadcrumb\",\"itemListElement\":[{\"@type\":\"ListItem\",\"position\":1,\"name\":\"Portada\",\"item\":\"https:\/\/atyges.es\/pt\/\"},{\"@type\":\"ListItem\",\"position\":2,\"name\":\"Produtos\",\"item\":\"https:\/\/atyges.es\/pt\/shop\/\"},{\"@type\":\"ListItem\",\"position\":3,\"name\":\"Bateria de voo inteligente DJI Mavic 3\"}]},{\"@type\":\"WebSite\",\"@id\":\"https:\/\/atyges.es\/pt\/#website\",\"url\":\"https:\/\/atyges.es\/pt\/\",\"name\":\"ATyges\",\"description\":\"\",\"publisher\":{\"@id\":\"https:\/\/atyges.es\/pt\/#organization\"},\"potentialAction\":[{\"@type\":\"SearchAction\",\"target\":{\"@type\":\"EntryPoint\",\"urlTemplate\":\"https:\/\/atyges.es\/pt\/?s={search_term_string}\"},\"query-input\":{\"@type\":\"PropertyValueSpecification\",\"valueRequired\":true,\"valueName\":\"search_term_string\"}}],\"inLanguage\":\"pt-PT\"},{\"@type\":\"Organization\",\"@id\":\"https:\/\/atyges.es\/pt\/#organization\",\"name\":\"Atyges\",\"url\":\"https:\/\/atyges.es\/pt\/\",\"logo\":{\"@type\":\"ImageObject\",\"inLanguage\":\"pt-PT\",\"@id\":\"https:\/\/atyges.es\/pt\/#\/schema\/logo\/image\/\",\"url\":\"https:\/\/atyges.es\/wp-content\/uploads\/2022\/01\/Logo_ATyges_Store.png\",\"contentUrl\":\"https:\/\/atyges.es\/wp-content\/uploads\/2022\/01\/Logo_ATyges_Store.png\",\"width\":1228,\"height\":200,\"caption\":\"Atyges\"},\"image\":{\"@id\":\"https:\/\/atyges.es\/pt\/#\/schema\/logo\/image\/\"}}]}<\/script>\n<!-- \/ Yoast SEO plugin. -->","yoast_head_json":{"title":"Bateria Inteligente Mavic 3 | Mavic 3 Empresa | ATyges\u00ae","description":"Bateria Inteligente Mavic 3 \/ M3E \u2b50 ATyges, Loja Online de Drones Profissionais. \u2705\u3010Distribuidores oficiais da DJI\u3011\u2705.","robots":{"index":"index","follow":"follow","max-snippet":"max-snippet:-1","max-image-preview":"max-image-preview:large","max-video-preview":"max-video-preview:-1"},"canonical":"https:\/\/atyges.es\/pt\/product\/bateria-de-voo-inteligente-dji-mavic-3\/","og_locale":"pt_PT","og_type":"article","og_title":"Bateria Inteligente Mavic 3 | Mavic 3 Empresa | ATyges\u00ae","og_description":"Bateria Inteligente Mavic 3 \/ M3E \u2b50 ATyges, Loja Online de Drones Profissionais. \u2705\u3010Distribuidores oficiais da DJI\u3011\u2705.","og_url":"https:\/\/atyges.es\/pt\/product\/bateria-de-voo-inteligente-dji-mavic-3\/","og_site_name":"ATyges","article_modified_time":"2022-10-16T20:15:45+00:00","og_image":[{"width":1000,"height":1000,"url":"https:\/\/atyges.es\/wp-content\/uploads\/2022\/09\/bat-mv3.png","type":"image\/png"}],"twitter_card":"summary_large_image","schema":{"@context":"https:\/\/schema.org","@graph":[{"@type":"WebPage","@id":"https:\/\/atyges.es\/pt\/product\/bateria-de-voo-inteligente-dji-mavic-3\/","url":"https:\/\/atyges.es\/pt\/product\/bateria-de-voo-inteligente-dji-mavic-3\/","name":"Bateria Inteligente Mavic 3 | Mavic 3 Empresa | ATyges\u00ae","isPartOf":{"@id":"https:\/\/atyges.es\/pt\/#website"},"primaryImageOfPage":{"@id":"https:\/\/atyges.es\/pt\/product\/bateria-de-voo-inteligente-dji-mavic-3\/#primaryimage"},"image":{"@id":"https:\/\/atyges.es\/pt\/product\/bateria-de-voo-inteligente-dji-mavic-3\/#primaryimage"},"thumbnailUrl":"https:\/\/atyges.es\/wp-content\/uploads\/2022\/09\/bat-mv3.png","datePublished":"2022-09-27T19:44:53+00:00","dateModified":"2022-10-16T20:15:45+00:00","description":"Bateria Inteligente Mavic 3 \/ M3E \u2b50 ATyges, Loja Online de Drones Profissionais. \u2705\u3010Distribuidores oficiais da DJI\u3011\u2705.","breadcrumb":{"@id":"https:\/\/atyges.es\/pt\/product\/bateria-de-voo-inteligente-dji-mavic-3\/#breadcrumb"},"inLanguage":"pt-PT","potentialAction":[{"@type":"ReadAction","target":["https:\/\/atyges.es\/pt\/product\/bateria-de-voo-inteligente-dji-mavic-3\/"]}]},{"@type":"ImageObject","inLanguage":"pt-PT","@id":"https:\/\/atyges.es\/pt\/product\/bateria-de-voo-inteligente-dji-mavic-3\/#primaryimage","url":"https:\/\/atyges.es\/wp-content\/uploads\/2022\/09\/bat-mv3.png","contentUrl":"https:\/\/atyges.es\/wp-content\/uploads\/2022\/09\/bat-mv3.png","width":1000,"height":1000,"caption":"Bateria Serie Mavic 3"},{"@type":"BreadcrumbList","@id":"https:\/\/atyges.es\/pt\/product\/bateria-de-voo-inteligente-dji-mavic-3\/#breadcrumb","itemListElement":[{"@type":"ListItem","position":1,"name":"Portada","item":"https:\/\/atyges.es\/pt\/"},{"@type":"ListItem","position":2,"name":"Produtos","item":"https:\/\/atyges.es\/pt\/shop\/"},{"@type":"ListItem","position":3,"name":"Bateria de voo inteligente DJI Mavic 3"}]},{"@type":"WebSite","@id":"https:\/\/atyges.es\/pt\/#website","url":"https:\/\/atyges.es\/pt\/","name":"ATyges","description":"","publisher":{"@id":"https:\/\/atyges.es\/pt\/#organization"},"potentialAction":[{"@type":"SearchAction","target":{"@type":"EntryPoint","urlTemplate":"https:\/\/atyges.es\/pt\/?s={search_term_string}"},"query-input":{"@type":"PropertyValueSpecification","valueRequired":true,"valueName":"search_term_string"}}],"inLanguage":"pt-PT"},{"@type":"Organization","@id":"https:\/\/atyges.es\/pt\/#organization","name":"Atyges","url":"https:\/\/atyges.es\/pt\/","logo":{"@type":"ImageObject","inLanguage":"pt-PT","@id":"https:\/\/atyges.es\/pt\/#\/schema\/logo\/image\/","url":"https:\/\/atyges.es\/wp-content\/uploads\/2022\/01\/Logo_ATyges_Store.png","contentUrl":"https:\/\/atyges.es\/wp-content\/uploads\/2022\/01\/Logo_ATyges_Store.png","width":1228,"height":200,"caption":"Atyges"},"image":{"@id":"https:\/\/atyges.es\/pt\/#\/schema\/logo\/image\/"}}]}},"jetpack_sharing_enabled":true,"_links":{"self":[{"href":"https:\/\/atyges.es\/pt\/wp-json\/wp\/v2\/product\/27383","targetHints":{"allow":["GET"]}}],"collection":[{"href":"https:\/\/atyges.es\/pt\/wp-json\/wp\/v2\/product"}],"about":[{"href":"https:\/\/atyges.es\/pt\/wp-json\/wp\/v2\/types\/product"}],"wp:featuredmedia":[{"embeddable":true,"href":"https:\/\/atyges.es\/pt\/wp-json\/wp\/v2\/media\/27047"}],"wp:attachment":[{"href":"https:\/\/atyges.es\/pt\/wp-json\/wp\/v2\/media?parent=27383"}],"wp:term":[{"taxonomy":"product_brand","embeddable":true,"href":"https:\/\/atyges.es\/pt\/wp-json\/wp\/v2\/product_brand?post=27383"},{"taxonomy":"product_cat","embeddable":true,"href":"https:\/\/atyges.es\/pt\/wp-json\/wp\/v2\/product_cat?post=27383"},{"taxonomy":"product_tag","embeddable":true,"href":"https:\/\/atyges.es\/pt\/wp-json\/wp\/v2\/product_tag?post=27383"}],"curies":[{"name":"wp","href":"https:\/\/api.w.org\/{rel}","templated":true}]}}