{"id":27381,"date":"2022-09-28T15:38:57","date_gmt":"2022-09-28T14:38:57","guid":{"rendered":"https:\/\/atyges.es\/product\/kit-de-bateria-dji-mavic-3-enterprise-series\/"},"modified":"2022-10-16T21:09:31","modified_gmt":"2022-10-16T20:09:31","slug":"kit-de-bateria-dji-mavic-3-enterprise-series","status":"publish","type":"product","link":"https:\/\/atyges.es\/pt\/product\/kit-de-bateria-dji-mavic-3-enterprise-series\/","title":{"rendered":"Kit de bateria &#8211; DJI Mavic 3 Enterprise Series"},"content":{"rendered":"<h3>Sugest\u00f5es:<\/h3>\n<div class=\"temp-specs-td value\">\n<p>1. Recomenda-se usar o adaptador de alimenta\u00e7\u00e3o DJI USB-C (100 W) para alimentar o hub de carregamento de bateria DJI Mavic 3 (100 W).<\/p>\n<p>2. O hub de carregamento \u00e9 compat\u00edvel apenas com as baterias de voo inteligente BWX260-5000-15.4. N\u00c3O tente usar o hub de carregamento com outros modelos de bateria.<\/p>\n<p>3. Coloque o centro de carregamento em uma superf\u00edcie lisa e est\u00e1vel ao us\u00e1-lo. Certifique-se de que o dispositivo est\u00e1 devidamente isolado para evitar o risco de inc\u00eandio.<\/p>\n<p>4. N\u00c3O tente tocar nos terminais de metal da caixa da bateria.<\/p>\n<p>5. Limpe os terminais de metal da caixa da bateria com um pano limpo e seco se houver sujeira vis\u00edvel<\/p>\n<\/div>\n\n\n<div class=\"kk-star-ratings kksr-auto kksr-align-center kksr-valign-bottom\"\n    data-payload='{&quot;align&quot;:&quot;center&quot;,&quot;id&quot;:&quot;27381&quot;,&quot;slug&quot;:&quot;default&quot;,&quot;valign&quot;:&quot;bottom&quot;,&quot;ignore&quot;:&quot;&quot;,&quot;reference&quot;:&quot;auto&quot;,&quot;class&quot;:&quot;&quot;,&quot;count&quot;:&quot;0&quot;,&quot;legendonly&quot;:&quot;&quot;,&quot;readonly&quot;:&quot;&quot;,&quot;score&quot;:&quot;0&quot;,&quot;starsonly&quot;:&quot;&quot;,&quot;best&quot;:&quot;5&quot;,&quot;gap&quot;:&quot;5&quot;,&quot;greet&quot;:&quot;Val\u00f3ranos&quot;,&quot;legend&quot;:&quot;0\\\/5 - (0 votes)&quot;,&quot;size&quot;:&quot;24&quot;,&quot;title&quot;:&quot;Kit de bateria - DJI Mavic 3 Enterprise Series&quot;,&quot;width&quot;:&quot;0&quot;,&quot;_legend&quot;:&quot;{score}\\\/{best} - ({count} {votes})&quot;,&quot;font_factor&quot;:&quot;1.25&quot;}'>\n            \n<div class=\"kksr-stars\">\n    \n<div class=\"kksr-stars-inactive\">\n            <div class=\"kksr-star\" data-star=\"1\" style=\"padding-right: 5px\">\n            \n\n<div class=\"kksr-icon\" style=\"width: 24px; height: 24px;\"><\/div>\n        <\/div>\n            <div class=\"kksr-star\" data-star=\"2\" style=\"padding-right: 5px\">\n            \n\n<div class=\"kksr-icon\" style=\"width: 24px; height: 24px;\"><\/div>\n        <\/div>\n            <div class=\"kksr-star\" data-star=\"3\" style=\"padding-right: 5px\">\n            \n\n<div class=\"kksr-icon\" style=\"width: 24px; height: 24px;\"><\/div>\n        <\/div>\n            <div class=\"kksr-star\" data-star=\"4\" style=\"padding-right: 5px\">\n            \n\n<div class=\"kksr-icon\" style=\"width: 24px; height: 24px;\"><\/div>\n        <\/div>\n            <div class=\"kksr-star\" data-star=\"5\" style=\"padding-right: 5px\">\n            \n\n<div class=\"kksr-icon\" style=\"width: 24px; height: 24px;\"><\/div>\n        <\/div>\n    <\/div>\n    \n<div class=\"kksr-stars-active\" style=\"width: 0px;\">\n            <div class=\"kksr-star\" style=\"padding-right: 5px\">\n            \n\n<div class=\"kksr-icon\" style=\"width: 24px; height: 24px;\"><\/div>\n        <\/div>\n            <div class=\"kksr-star\" style=\"padding-right: 5px\">\n            \n\n<div class=\"kksr-icon\" style=\"width: 24px; height: 24px;\"><\/div>\n        <\/div>\n            <div class=\"kksr-star\" style=\"padding-right: 5px\">\n            \n\n<div class=\"kksr-icon\" style=\"width: 24px; height: 24px;\"><\/div>\n        <\/div>\n            <div class=\"kksr-star\" style=\"padding-right: 5px\">\n            \n\n<div class=\"kksr-icon\" style=\"width: 24px; height: 24px;\"><\/div>\n        <\/div>\n            <div class=\"kksr-star\" style=\"padding-right: 5px\">\n            \n\n<div class=\"kksr-icon\" style=\"width: 24px; height: 24px;\"><\/div>\n        <\/div>\n    <\/div>\n<\/div>\n                \n\n<div class=\"kksr-legend\" style=\"font-size: 19.2px;\">\n            <span class=\"kksr-muted\">Val\u00f3ranos<\/span>\n    <\/div>\n    <\/div>\n","protected":false},"excerpt":{"rendered":"<h1 class=\"style__product-title___2DEfZ\">Kit de bateria DJI Mavic 3 Enterprise Series<\/h1>\n<div class=\"temp-specs-td value\">\n<p>O kit de bateria DJI Mavic 3 Enterprise Series inclui tr\u00eas baterias de voo inteligentes e um hub de carregamento de bateria DJI Mavic 3 (100 W) para atender \u00e0s necessidades de opera\u00e7\u00f5es de longo prazo.<\/p>\n<p><img loading=\"lazy\" decoding=\"async\" class=\"aligncenter size-shop_single wp-image-27053\" src=\"https:\/\/atyges.es\/wp-content\/uploads\/2022\/09\/KIT-BATERIAS-M3E_ATYGES03-600x400.jpg\" alt=\"Kit Baterias - Mavic 3 Enterprise\" width=\"600\" height=\"400\" srcset=\"https:\/\/atyges.es\/wp-content\/uploads\/2022\/09\/KIT-BATERIAS-M3E_ATYGES03-600x400.jpg 600w, https:\/\/atyges.es\/wp-content\/uploads\/2022\/09\/KIT-BATERIAS-M3E_ATYGES03-300x200.jpg 300w, https:\/\/atyges.es\/wp-content\/uploads\/2022\/09\/KIT-BATERIAS-M3E_ATYGES03-1024x683.jpg 1024w, https:\/\/atyges.es\/wp-content\/uploads\/2022\/09\/KIT-BATERIAS-M3E_ATYGES03-173x115.jpg 173w, https:\/\/atyges.es\/wp-content\/uploads\/2022\/09\/KIT-BATERIAS-M3E_ATYGES03.jpg 1200w\" sizes=\"auto, (max-width: 600px) 100vw, 600px\" \/><\/p>\n<\/div>\n<h3>Conte\u00fado da embalagem<\/h3>\n<ul>\n<li>Bateria de voo inteligente DJI Mavic 3\u00d73<\/li>\n<li>Centro de carregamento de bateria DJI Mavic 3 \u00d7 1 (100 W)<\/li>\n<\/ul>\n<p>&nbsp;<\/p>\n","protected":false},"featured_media":27061,"template":"","meta":[],"product_brand":[],"product_cat":[1518,1547],"product_tag":[1535,1527,1406],"class_list":{"0":"post-27381","1":"product","2":"type-product","3":"status-publish","4":"has-post-thumbnail","6":"product_cat-mavic-3-enterprise-pt","7":"product_cat-mavic-3-multiespectral-pt","8":"product_tag-baterias-mavic-3-enterprise-pt","9":"product_tag-m3t-pt","10":"product_tag-rtk-pt","11":"product_shipping_class-envio-gratuito-para-los-dji-consumer-pt","13":"first","14":"onbackorder","15":"taxable","16":"shipping-taxable","17":"purchasable","18":"product-type-simple"},"yoast_head":"<!-- This site is optimized with the Yoast SEO plugin v27.2 - https:\/\/yoast.com\/product\/yoast-seo-wordpress\/ -->\n<title>Kit de bateria - Mavic 3 Enterprise | DJI M3E e DJI M3T | ATyges<\/title>\n<meta name=\"description\" content=\"Kit de bateria - Mavic 3 Enterprise \u2b50 ATyges, Loja Online de Drones Profissionais. \u2705\u3010Distribuidores oficiais da DJI\u3011\u2705.\" \/>\n<meta name=\"robots\" content=\"index, follow, max-snippet:-1, max-image-preview:large, max-video-preview:-1\" \/>\n<link rel=\"canonical\" href=\"https:\/\/atyges.es\/pt\/product\/kit-de-bateria-dji-mavic-3-enterprise-series\/\" \/>\n<meta property=\"og:locale\" content=\"pt_PT\" \/>\n<meta property=\"og:type\" content=\"article\" \/>\n<meta property=\"og:title\" content=\"Kit de bateria - Mavic 3 Enterprise | DJI M3E e DJI M3T | ATyges\" \/>\n<meta property=\"og:description\" content=\"Kit de bateria - Mavic 3 Enterprise \u2b50 ATyges, Loja Online de Drones Profissionais. \u2705\u3010Distribuidores oficiais da DJI\u3011\u2705.\" \/>\n<meta property=\"og:url\" content=\"https:\/\/atyges.es\/pt\/product\/kit-de-bateria-dji-mavic-3-enterprise-series\/\" \/>\n<meta property=\"og:site_name\" content=\"ATyges\" \/>\n<meta property=\"article:modified_time\" content=\"2022-10-16T20:09:31+00:00\" \/>\n<meta property=\"og:image\" content=\"https:\/\/atyges.es\/wp-content\/uploads\/2022\/09\/KIT-BATERIAS-M3E_ATYGES02.png\" \/>\n\t<meta property=\"og:image:width\" content=\"1000\" \/>\n\t<meta property=\"og:image:height\" content=\"1000\" \/>\n\t<meta property=\"og:image:type\" content=\"image\/png\" \/>\n<meta name=\"twitter:card\" content=\"summary_large_image\" \/>\n<meta name=\"twitter:label1\" content=\"Tempo estimado de leitura\" \/>\n\t<meta name=\"twitter:data1\" content=\"1 minuto\" \/>\n<script type=\"application\/ld+json\" class=\"yoast-schema-graph\">{\"@context\":\"https:\/\/schema.org\",\"@graph\":[{\"@type\":\"WebPage\",\"@id\":\"https:\/\/atyges.es\/pt\/product\/kit-de-bateria-dji-mavic-3-enterprise-series\/\",\"url\":\"https:\/\/atyges.es\/pt\/product\/kit-de-bateria-dji-mavic-3-enterprise-series\/\",\"name\":\"Kit de bateria - Mavic 3 Enterprise | DJI M3E e DJI M3T | ATyges\",\"isPartOf\":{\"@id\":\"https:\/\/atyges.es\/pt\/#website\"},\"primaryImageOfPage\":{\"@id\":\"https:\/\/atyges.es\/pt\/product\/kit-de-bateria-dji-mavic-3-enterprise-series\/#primaryimage\"},\"image\":{\"@id\":\"https:\/\/atyges.es\/pt\/product\/kit-de-bateria-dji-mavic-3-enterprise-series\/#primaryimage\"},\"thumbnailUrl\":\"https:\/\/atyges.es\/wp-content\/uploads\/2022\/09\/KIT-BATERIAS-M3E_ATYGES02.png\",\"datePublished\":\"2022-09-28T14:38:57+00:00\",\"dateModified\":\"2022-10-16T20:09:31+00:00\",\"description\":\"Kit de bateria - Mavic 3 Enterprise \u2b50 ATyges, Loja Online de Drones Profissionais. \u2705\u3010Distribuidores oficiais da DJI\u3011\u2705.\",\"breadcrumb\":{\"@id\":\"https:\/\/atyges.es\/pt\/product\/kit-de-bateria-dji-mavic-3-enterprise-series\/#breadcrumb\"},\"inLanguage\":\"pt-PT\",\"potentialAction\":[{\"@type\":\"ReadAction\",\"target\":[\"https:\/\/atyges.es\/pt\/product\/kit-de-bateria-dji-mavic-3-enterprise-series\/\"]}]},{\"@type\":\"ImageObject\",\"inLanguage\":\"pt-PT\",\"@id\":\"https:\/\/atyges.es\/pt\/product\/kit-de-bateria-dji-mavic-3-enterprise-series\/#primaryimage\",\"url\":\"https:\/\/atyges.es\/wp-content\/uploads\/2022\/09\/KIT-BATERIAS-M3E_ATYGES02.png\",\"contentUrl\":\"https:\/\/atyges.es\/wp-content\/uploads\/2022\/09\/KIT-BATERIAS-M3E_ATYGES02.png\",\"width\":1000,\"height\":1000,\"caption\":\"Kit Baterias - Mavic 3 Enterprise\"},{\"@type\":\"BreadcrumbList\",\"@id\":\"https:\/\/atyges.es\/pt\/product\/kit-de-bateria-dji-mavic-3-enterprise-series\/#breadcrumb\",\"itemListElement\":[{\"@type\":\"ListItem\",\"position\":1,\"name\":\"Portada\",\"item\":\"https:\/\/atyges.es\/pt\/\"},{\"@type\":\"ListItem\",\"position\":2,\"name\":\"Produtos\",\"item\":\"https:\/\/atyges.es\/pt\/shop\/\"},{\"@type\":\"ListItem\",\"position\":3,\"name\":\"Kit de bateria &#8211; DJI Mavic 3 Enterprise Series\"}]},{\"@type\":\"WebSite\",\"@id\":\"https:\/\/atyges.es\/pt\/#website\",\"url\":\"https:\/\/atyges.es\/pt\/\",\"name\":\"ATyges\",\"description\":\"\",\"publisher\":{\"@id\":\"https:\/\/atyges.es\/pt\/#organization\"},\"potentialAction\":[{\"@type\":\"SearchAction\",\"target\":{\"@type\":\"EntryPoint\",\"urlTemplate\":\"https:\/\/atyges.es\/pt\/?s={search_term_string}\"},\"query-input\":{\"@type\":\"PropertyValueSpecification\",\"valueRequired\":true,\"valueName\":\"search_term_string\"}}],\"inLanguage\":\"pt-PT\"},{\"@type\":\"Organization\",\"@id\":\"https:\/\/atyges.es\/pt\/#organization\",\"name\":\"Atyges\",\"url\":\"https:\/\/atyges.es\/pt\/\",\"logo\":{\"@type\":\"ImageObject\",\"inLanguage\":\"pt-PT\",\"@id\":\"https:\/\/atyges.es\/pt\/#\/schema\/logo\/image\/\",\"url\":\"https:\/\/atyges.es\/wp-content\/uploads\/2022\/01\/Logo_ATyges_Store.png\",\"contentUrl\":\"https:\/\/atyges.es\/wp-content\/uploads\/2022\/01\/Logo_ATyges_Store.png\",\"width\":1228,\"height\":200,\"caption\":\"Atyges\"},\"image\":{\"@id\":\"https:\/\/atyges.es\/pt\/#\/schema\/logo\/image\/\"}}]}<\/script>\n<!-- \/ Yoast SEO plugin. -->","yoast_head_json":{"title":"Kit de bateria - Mavic 3 Enterprise | DJI M3E e DJI M3T | ATyges","description":"Kit de bateria - Mavic 3 Enterprise \u2b50 ATyges, Loja Online de Drones Profissionais. \u2705\u3010Distribuidores oficiais da DJI\u3011\u2705.","robots":{"index":"index","follow":"follow","max-snippet":"max-snippet:-1","max-image-preview":"max-image-preview:large","max-video-preview":"max-video-preview:-1"},"canonical":"https:\/\/atyges.es\/pt\/product\/kit-de-bateria-dji-mavic-3-enterprise-series\/","og_locale":"pt_PT","og_type":"article","og_title":"Kit de bateria - Mavic 3 Enterprise | DJI M3E e DJI M3T | ATyges","og_description":"Kit de bateria - Mavic 3 Enterprise \u2b50 ATyges, Loja Online de Drones Profissionais. \u2705\u3010Distribuidores oficiais da DJI\u3011\u2705.","og_url":"https:\/\/atyges.es\/pt\/product\/kit-de-bateria-dji-mavic-3-enterprise-series\/","og_site_name":"ATyges","article_modified_time":"2022-10-16T20:09:31+00:00","og_image":[{"width":1000,"height":1000,"url":"https:\/\/atyges.es\/wp-content\/uploads\/2022\/09\/KIT-BATERIAS-M3E_ATYGES02.png","type":"image\/png"}],"twitter_card":"summary_large_image","twitter_misc":{"Tempo estimado de leitura":"1 minuto"},"schema":{"@context":"https:\/\/schema.org","@graph":[{"@type":"WebPage","@id":"https:\/\/atyges.es\/pt\/product\/kit-de-bateria-dji-mavic-3-enterprise-series\/","url":"https:\/\/atyges.es\/pt\/product\/kit-de-bateria-dji-mavic-3-enterprise-series\/","name":"Kit de bateria - Mavic 3 Enterprise | DJI M3E e DJI M3T | ATyges","isPartOf":{"@id":"https:\/\/atyges.es\/pt\/#website"},"primaryImageOfPage":{"@id":"https:\/\/atyges.es\/pt\/product\/kit-de-bateria-dji-mavic-3-enterprise-series\/#primaryimage"},"image":{"@id":"https:\/\/atyges.es\/pt\/product\/kit-de-bateria-dji-mavic-3-enterprise-series\/#primaryimage"},"thumbnailUrl":"https:\/\/atyges.es\/wp-content\/uploads\/2022\/09\/KIT-BATERIAS-M3E_ATYGES02.png","datePublished":"2022-09-28T14:38:57+00:00","dateModified":"2022-10-16T20:09:31+00:00","description":"Kit de bateria - Mavic 3 Enterprise \u2b50 ATyges, Loja Online de Drones Profissionais. \u2705\u3010Distribuidores oficiais da DJI\u3011\u2705.","breadcrumb":{"@id":"https:\/\/atyges.es\/pt\/product\/kit-de-bateria-dji-mavic-3-enterprise-series\/#breadcrumb"},"inLanguage":"pt-PT","potentialAction":[{"@type":"ReadAction","target":["https:\/\/atyges.es\/pt\/product\/kit-de-bateria-dji-mavic-3-enterprise-series\/"]}]},{"@type":"ImageObject","inLanguage":"pt-PT","@id":"https:\/\/atyges.es\/pt\/product\/kit-de-bateria-dji-mavic-3-enterprise-series\/#primaryimage","url":"https:\/\/atyges.es\/wp-content\/uploads\/2022\/09\/KIT-BATERIAS-M3E_ATYGES02.png","contentUrl":"https:\/\/atyges.es\/wp-content\/uploads\/2022\/09\/KIT-BATERIAS-M3E_ATYGES02.png","width":1000,"height":1000,"caption":"Kit Baterias - Mavic 3 Enterprise"},{"@type":"BreadcrumbList","@id":"https:\/\/atyges.es\/pt\/product\/kit-de-bateria-dji-mavic-3-enterprise-series\/#breadcrumb","itemListElement":[{"@type":"ListItem","position":1,"name":"Portada","item":"https:\/\/atyges.es\/pt\/"},{"@type":"ListItem","position":2,"name":"Produtos","item":"https:\/\/atyges.es\/pt\/shop\/"},{"@type":"ListItem","position":3,"name":"Kit de bateria &#8211; DJI Mavic 3 Enterprise Series"}]},{"@type":"WebSite","@id":"https:\/\/atyges.es\/pt\/#website","url":"https:\/\/atyges.es\/pt\/","name":"ATyges","description":"","publisher":{"@id":"https:\/\/atyges.es\/pt\/#organization"},"potentialAction":[{"@type":"SearchAction","target":{"@type":"EntryPoint","urlTemplate":"https:\/\/atyges.es\/pt\/?s={search_term_string}"},"query-input":{"@type":"PropertyValueSpecification","valueRequired":true,"valueName":"search_term_string"}}],"inLanguage":"pt-PT"},{"@type":"Organization","@id":"https:\/\/atyges.es\/pt\/#organization","name":"Atyges","url":"https:\/\/atyges.es\/pt\/","logo":{"@type":"ImageObject","inLanguage":"pt-PT","@id":"https:\/\/atyges.es\/pt\/#\/schema\/logo\/image\/","url":"https:\/\/atyges.es\/wp-content\/uploads\/2022\/01\/Logo_ATyges_Store.png","contentUrl":"https:\/\/atyges.es\/wp-content\/uploads\/2022\/01\/Logo_ATyges_Store.png","width":1228,"height":200,"caption":"Atyges"},"image":{"@id":"https:\/\/atyges.es\/pt\/#\/schema\/logo\/image\/"}}]}},"jetpack_sharing_enabled":true,"_links":{"self":[{"href":"https:\/\/atyges.es\/pt\/wp-json\/wp\/v2\/product\/27381","targetHints":{"allow":["GET"]}}],"collection":[{"href":"https:\/\/atyges.es\/pt\/wp-json\/wp\/v2\/product"}],"about":[{"href":"https:\/\/atyges.es\/pt\/wp-json\/wp\/v2\/types\/product"}],"wp:featuredmedia":[{"embeddable":true,"href":"https:\/\/atyges.es\/pt\/wp-json\/wp\/v2\/media\/27061"}],"wp:attachment":[{"href":"https:\/\/atyges.es\/pt\/wp-json\/wp\/v2\/media?parent=27381"}],"wp:term":[{"taxonomy":"product_brand","embeddable":true,"href":"https:\/\/atyges.es\/pt\/wp-json\/wp\/v2\/product_brand?post=27381"},{"taxonomy":"product_cat","embeddable":true,"href":"https:\/\/atyges.es\/pt\/wp-json\/wp\/v2\/product_cat?post=27381"},{"taxonomy":"product_tag","embeddable":true,"href":"https:\/\/atyges.es\/pt\/wp-json\/wp\/v2\/product_tag?post=27381"}],"curies":[{"name":"wp","href":"https:\/\/api.w.org\/{rel}","templated":true}]}}