{"id":27379,"date":"2022-09-27T19:42:06","date_gmt":"2022-09-27T18:42:06","guid":{"rendered":"https:\/\/atyges.es\/product\/modulo-rtk-dji-mavic-3-enterprise\/"},"modified":"2022-10-16T21:04:00","modified_gmt":"2022-10-16T20:04:00","slug":"modulo-rtk-dji-mavic-3-enterprise","status":"publish","type":"product","link":"https:\/\/atyges.es\/pt\/product\/modulo-rtk-dji-mavic-3-enterprise\/","title":{"rendered":"M\u00f3dulo RTK DJI Mavic 3 Enterprise"},"content":{"rendered":"<div class=\"temp-specs-td value\">\n<p>O m\u00f3dulo RTK DJI Mavic 3 Enterprise Series \u00e9 compat\u00edvel com a aeronave DJI Mavic 3 Enterprise Series.<\/p>\n<p>Fornece posicionamento com precis\u00e3o de cent\u00edmetros quando usado com Servi\u00e7o de Rede RTK, Servi\u00e7o de Rede RTK Personalizado ou Esta\u00e7\u00e3o M\u00f3vel D-RTK 2.<\/p>\n<p>Tamb\u00e9m pode ser usado com receptores GPS <a href=\"https:\/\/atyges.es\/pt\/product\/gps-emlid-reach-rs2plus\/\">Reach RS2+<\/a>.<\/p>\n<\/div>\n\n\n<div class=\"kk-star-ratings kksr-auto kksr-align-center kksr-valign-bottom\"\n    data-payload='{&quot;align&quot;:&quot;center&quot;,&quot;id&quot;:&quot;27379&quot;,&quot;slug&quot;:&quot;default&quot;,&quot;valign&quot;:&quot;bottom&quot;,&quot;ignore&quot;:&quot;&quot;,&quot;reference&quot;:&quot;auto&quot;,&quot;class&quot;:&quot;&quot;,&quot;count&quot;:&quot;0&quot;,&quot;legendonly&quot;:&quot;&quot;,&quot;readonly&quot;:&quot;&quot;,&quot;score&quot;:&quot;0&quot;,&quot;starsonly&quot;:&quot;&quot;,&quot;best&quot;:&quot;5&quot;,&quot;gap&quot;:&quot;5&quot;,&quot;greet&quot;:&quot;Val\u00f3ranos&quot;,&quot;legend&quot;:&quot;0\\\/5 - (0 votes)&quot;,&quot;size&quot;:&quot;24&quot;,&quot;title&quot;:&quot;M\u00f3dulo RTK DJI Mavic 3 Enterprise&quot;,&quot;width&quot;:&quot;0&quot;,&quot;_legend&quot;:&quot;{score}\\\/{best} - ({count} {votes})&quot;,&quot;font_factor&quot;:&quot;1.25&quot;}'>\n            \n<div class=\"kksr-stars\">\n    \n<div class=\"kksr-stars-inactive\">\n            <div class=\"kksr-star\" data-star=\"1\" style=\"padding-right: 5px\">\n            \n\n<div class=\"kksr-icon\" style=\"width: 24px; height: 24px;\"><\/div>\n        <\/div>\n            <div class=\"kksr-star\" data-star=\"2\" style=\"padding-right: 5px\">\n            \n\n<div class=\"kksr-icon\" style=\"width: 24px; height: 24px;\"><\/div>\n        <\/div>\n            <div class=\"kksr-star\" data-star=\"3\" style=\"padding-right: 5px\">\n            \n\n<div class=\"kksr-icon\" style=\"width: 24px; height: 24px;\"><\/div>\n        <\/div>\n            <div class=\"kksr-star\" data-star=\"4\" style=\"padding-right: 5px\">\n            \n\n<div class=\"kksr-icon\" style=\"width: 24px; height: 24px;\"><\/div>\n        <\/div>\n            <div class=\"kksr-star\" data-star=\"5\" style=\"padding-right: 5px\">\n            \n\n<div class=\"kksr-icon\" style=\"width: 24px; height: 24px;\"><\/div>\n        <\/div>\n    <\/div>\n    \n<div class=\"kksr-stars-active\" style=\"width: 0px;\">\n            <div class=\"kksr-star\" style=\"padding-right: 5px\">\n            \n\n<div class=\"kksr-icon\" style=\"width: 24px; height: 24px;\"><\/div>\n        <\/div>\n            <div class=\"kksr-star\" style=\"padding-right: 5px\">\n            \n\n<div class=\"kksr-icon\" style=\"width: 24px; height: 24px;\"><\/div>\n        <\/div>\n            <div class=\"kksr-star\" style=\"padding-right: 5px\">\n            \n\n<div class=\"kksr-icon\" style=\"width: 24px; height: 24px;\"><\/div>\n        <\/div>\n            <div class=\"kksr-star\" style=\"padding-right: 5px\">\n            \n\n<div class=\"kksr-icon\" style=\"width: 24px; height: 24px;\"><\/div>\n        <\/div>\n            <div class=\"kksr-star\" style=\"padding-right: 5px\">\n            \n\n<div class=\"kksr-icon\" style=\"width: 24px; height: 24px;\"><\/div>\n        <\/div>\n    <\/div>\n<\/div>\n                \n\n<div class=\"kksr-legend\" style=\"font-size: 19.2px;\">\n            <span class=\"kksr-muted\">Val\u00f3ranos<\/span>\n    <\/div>\n    <\/div>\n","protected":false},"excerpt":{"rendered":"<h1 class=\"style__product-title___2DEfZ\">M\u00f3dulo RTK &#8211; Serie DJI Mavic 3 Enterprise<\/h1>\n<p>Acess\u00f3rio oficial compat\u00edvel com aeronaves DJI Mavic 3 Enterprise Series.<\/p>\n<p>Permite posicionamento centim\u00e9trico com baixo consumo de energia e desempenho poderoso.<\/p>\n<p><img loading=\"lazy\" decoding=\"async\" class=\"aligncenter size-shop_single wp-image-27041\" src=\"https:\/\/atyges.es\/wp-content\/uploads\/2022\/09\/RTK-Module_hover-600x400.jpg\" alt=\"M\u00f3dulo RTK - M3E\" width=\"600\" height=\"400\" srcset=\"https:\/\/atyges.es\/wp-content\/uploads\/2022\/09\/RTK-Module_hover-600x400.jpg 600w, https:\/\/atyges.es\/wp-content\/uploads\/2022\/09\/RTK-Module_hover-300x200.jpg 300w, https:\/\/atyges.es\/wp-content\/uploads\/2022\/09\/RTK-Module_hover-1024x683.jpg 1024w, https:\/\/atyges.es\/wp-content\/uploads\/2022\/09\/RTK-Module_hover-173x115.jpg 173w, https:\/\/atyges.es\/wp-content\/uploads\/2022\/09\/RTK-Module_hover.jpg 1920w\" sizes=\"auto, (max-width: 600px) 100vw, 600px\" \/><\/p>\n","protected":false},"featured_media":27040,"template":"","meta":[],"product_brand":[],"product_cat":[1518],"product_tag":[1528,1479,1488,1529,1527,1406],"class_list":{"0":"post-27379","1":"product","2":"type-product","3":"status-publish","4":"has-post-thumbnail","6":"product_cat-mavic-3-enterprise-pt","7":"product_tag-drone-de-resgate","8":"product_tag-drone-de-seguranca","9":"product_tag-drone-de-termografia","10":"product_tag-drone-industrial","11":"product_tag-m3t-pt","12":"product_tag-rtk-pt","13":"product_shipping_class-envio-gratuito-para-los-dji-consumer-pt","15":"first","16":"outofstock","17":"taxable","18":"shipping-taxable","19":"purchasable","20":"product-type-simple"},"yoast_head":"<!-- This site is optimized with the Yoast SEO plugin v27.2 - https:\/\/yoast.com\/product\/yoast-seo-wordpress\/ -->\n<title>M\u00f3dulo RTK - Mavic 3 Enterprise | Precis\u00e3o do cent\u00edmetro | ATyges\u00ae<\/title>\n<meta name=\"description\" content=\"M\u00f3dulo RTK - Mavic 3 Enterprise \u2b50 ATyges, Loja Online de Drones Profissionais. \u2705\u3010Distribuidores oficiais da DJI\u3011\u2705.\" \/>\n<meta name=\"robots\" content=\"index, follow, max-snippet:-1, max-image-preview:large, max-video-preview:-1\" \/>\n<link rel=\"canonical\" href=\"https:\/\/atyges.es\/pt\/product\/modulo-rtk-dji-mavic-3-enterprise\/\" \/>\n<meta property=\"og:locale\" content=\"pt_PT\" \/>\n<meta property=\"og:type\" content=\"article\" \/>\n<meta property=\"og:title\" content=\"M\u00f3dulo RTK - Mavic 3 Enterprise | Precis\u00e3o do cent\u00edmetro | ATyges\u00ae\" \/>\n<meta property=\"og:description\" content=\"M\u00f3dulo RTK - Mavic 3 Enterprise \u2b50 ATyges, Loja Online de Drones Profissionais. \u2705\u3010Distribuidores oficiais da DJI\u3011\u2705.\" \/>\n<meta property=\"og:url\" content=\"https:\/\/atyges.es\/pt\/product\/modulo-rtk-dji-mavic-3-enterprise\/\" \/>\n<meta property=\"og:site_name\" content=\"ATyges\" \/>\n<meta property=\"article:modified_time\" content=\"2022-10-16T20:04:00+00:00\" \/>\n<meta property=\"og:image\" content=\"https:\/\/atyges.es\/wp-content\/uploads\/2022\/09\/RTK-Module_ATYGES-1.png\" \/>\n\t<meta property=\"og:image:width\" content=\"4039\" \/>\n\t<meta property=\"og:image:height\" content=\"4038\" \/>\n\t<meta property=\"og:image:type\" content=\"image\/png\" \/>\n<meta name=\"twitter:card\" content=\"summary_large_image\" \/>\n<script type=\"application\/ld+json\" class=\"yoast-schema-graph\">{\"@context\":\"https:\/\/schema.org\",\"@graph\":[{\"@type\":\"WebPage\",\"@id\":\"https:\/\/atyges.es\/pt\/product\/modulo-rtk-dji-mavic-3-enterprise\/\",\"url\":\"https:\/\/atyges.es\/pt\/product\/modulo-rtk-dji-mavic-3-enterprise\/\",\"name\":\"M\u00f3dulo RTK - Mavic 3 Enterprise | Precis\u00e3o do cent\u00edmetro | ATyges\u00ae\",\"isPartOf\":{\"@id\":\"https:\/\/atyges.es\/pt\/#website\"},\"primaryImageOfPage\":{\"@id\":\"https:\/\/atyges.es\/pt\/product\/modulo-rtk-dji-mavic-3-enterprise\/#primaryimage\"},\"image\":{\"@id\":\"https:\/\/atyges.es\/pt\/product\/modulo-rtk-dji-mavic-3-enterprise\/#primaryimage\"},\"thumbnailUrl\":\"https:\/\/atyges.es\/wp-content\/uploads\/2022\/09\/RTK-Module_ATYGES-1.png\",\"datePublished\":\"2022-09-27T18:42:06+00:00\",\"dateModified\":\"2022-10-16T20:04:00+00:00\",\"description\":\"M\u00f3dulo RTK - Mavic 3 Enterprise \u2b50 ATyges, Loja Online de Drones Profissionais. \u2705\u3010Distribuidores oficiais da DJI\u3011\u2705.\",\"breadcrumb\":{\"@id\":\"https:\/\/atyges.es\/pt\/product\/modulo-rtk-dji-mavic-3-enterprise\/#breadcrumb\"},\"inLanguage\":\"pt-PT\",\"potentialAction\":[{\"@type\":\"ReadAction\",\"target\":[\"https:\/\/atyges.es\/pt\/product\/modulo-rtk-dji-mavic-3-enterprise\/\"]}]},{\"@type\":\"ImageObject\",\"inLanguage\":\"pt-PT\",\"@id\":\"https:\/\/atyges.es\/pt\/product\/modulo-rtk-dji-mavic-3-enterprise\/#primaryimage\",\"url\":\"https:\/\/atyges.es\/wp-content\/uploads\/2022\/09\/RTK-Module_ATYGES-1.png\",\"contentUrl\":\"https:\/\/atyges.es\/wp-content\/uploads\/2022\/09\/RTK-Module_ATYGES-1.png\",\"width\":4039,\"height\":4038,\"caption\":\"M\u00f3dulo RTK - Mavic 3 Enterprise\"},{\"@type\":\"BreadcrumbList\",\"@id\":\"https:\/\/atyges.es\/pt\/product\/modulo-rtk-dji-mavic-3-enterprise\/#breadcrumb\",\"itemListElement\":[{\"@type\":\"ListItem\",\"position\":1,\"name\":\"Portada\",\"item\":\"https:\/\/atyges.es\/pt\/\"},{\"@type\":\"ListItem\",\"position\":2,\"name\":\"Produtos\",\"item\":\"https:\/\/atyges.es\/pt\/shop\/\"},{\"@type\":\"ListItem\",\"position\":3,\"name\":\"M\u00f3dulo RTK DJI Mavic 3 Enterprise\"}]},{\"@type\":\"WebSite\",\"@id\":\"https:\/\/atyges.es\/pt\/#website\",\"url\":\"https:\/\/atyges.es\/pt\/\",\"name\":\"ATyges\",\"description\":\"\",\"publisher\":{\"@id\":\"https:\/\/atyges.es\/pt\/#organization\"},\"potentialAction\":[{\"@type\":\"SearchAction\",\"target\":{\"@type\":\"EntryPoint\",\"urlTemplate\":\"https:\/\/atyges.es\/pt\/?s={search_term_string}\"},\"query-input\":{\"@type\":\"PropertyValueSpecification\",\"valueRequired\":true,\"valueName\":\"search_term_string\"}}],\"inLanguage\":\"pt-PT\"},{\"@type\":\"Organization\",\"@id\":\"https:\/\/atyges.es\/pt\/#organization\",\"name\":\"Atyges\",\"url\":\"https:\/\/atyges.es\/pt\/\",\"logo\":{\"@type\":\"ImageObject\",\"inLanguage\":\"pt-PT\",\"@id\":\"https:\/\/atyges.es\/pt\/#\/schema\/logo\/image\/\",\"url\":\"https:\/\/atyges.es\/wp-content\/uploads\/2022\/01\/Logo_ATyges_Store.png\",\"contentUrl\":\"https:\/\/atyges.es\/wp-content\/uploads\/2022\/01\/Logo_ATyges_Store.png\",\"width\":1228,\"height\":200,\"caption\":\"Atyges\"},\"image\":{\"@id\":\"https:\/\/atyges.es\/pt\/#\/schema\/logo\/image\/\"}}]}<\/script>\n<!-- \/ Yoast SEO plugin. -->","yoast_head_json":{"title":"M\u00f3dulo RTK - Mavic 3 Enterprise | Precis\u00e3o do cent\u00edmetro | ATyges\u00ae","description":"M\u00f3dulo RTK - Mavic 3 Enterprise \u2b50 ATyges, Loja Online de Drones Profissionais. \u2705\u3010Distribuidores oficiais da DJI\u3011\u2705.","robots":{"index":"index","follow":"follow","max-snippet":"max-snippet:-1","max-image-preview":"max-image-preview:large","max-video-preview":"max-video-preview:-1"},"canonical":"https:\/\/atyges.es\/pt\/product\/modulo-rtk-dji-mavic-3-enterprise\/","og_locale":"pt_PT","og_type":"article","og_title":"M\u00f3dulo RTK - Mavic 3 Enterprise | Precis\u00e3o do cent\u00edmetro | ATyges\u00ae","og_description":"M\u00f3dulo RTK - Mavic 3 Enterprise \u2b50 ATyges, Loja Online de Drones Profissionais. \u2705\u3010Distribuidores oficiais da DJI\u3011\u2705.","og_url":"https:\/\/atyges.es\/pt\/product\/modulo-rtk-dji-mavic-3-enterprise\/","og_site_name":"ATyges","article_modified_time":"2022-10-16T20:04:00+00:00","og_image":[{"width":4039,"height":4038,"url":"https:\/\/atyges.es\/wp-content\/uploads\/2022\/09\/RTK-Module_ATYGES-1.png","type":"image\/png"}],"twitter_card":"summary_large_image","schema":{"@context":"https:\/\/schema.org","@graph":[{"@type":"WebPage","@id":"https:\/\/atyges.es\/pt\/product\/modulo-rtk-dji-mavic-3-enterprise\/","url":"https:\/\/atyges.es\/pt\/product\/modulo-rtk-dji-mavic-3-enterprise\/","name":"M\u00f3dulo RTK - Mavic 3 Enterprise | Precis\u00e3o do cent\u00edmetro | ATyges\u00ae","isPartOf":{"@id":"https:\/\/atyges.es\/pt\/#website"},"primaryImageOfPage":{"@id":"https:\/\/atyges.es\/pt\/product\/modulo-rtk-dji-mavic-3-enterprise\/#primaryimage"},"image":{"@id":"https:\/\/atyges.es\/pt\/product\/modulo-rtk-dji-mavic-3-enterprise\/#primaryimage"},"thumbnailUrl":"https:\/\/atyges.es\/wp-content\/uploads\/2022\/09\/RTK-Module_ATYGES-1.png","datePublished":"2022-09-27T18:42:06+00:00","dateModified":"2022-10-16T20:04:00+00:00","description":"M\u00f3dulo RTK - Mavic 3 Enterprise \u2b50 ATyges, Loja Online de Drones Profissionais. \u2705\u3010Distribuidores oficiais da DJI\u3011\u2705.","breadcrumb":{"@id":"https:\/\/atyges.es\/pt\/product\/modulo-rtk-dji-mavic-3-enterprise\/#breadcrumb"},"inLanguage":"pt-PT","potentialAction":[{"@type":"ReadAction","target":["https:\/\/atyges.es\/pt\/product\/modulo-rtk-dji-mavic-3-enterprise\/"]}]},{"@type":"ImageObject","inLanguage":"pt-PT","@id":"https:\/\/atyges.es\/pt\/product\/modulo-rtk-dji-mavic-3-enterprise\/#primaryimage","url":"https:\/\/atyges.es\/wp-content\/uploads\/2022\/09\/RTK-Module_ATYGES-1.png","contentUrl":"https:\/\/atyges.es\/wp-content\/uploads\/2022\/09\/RTK-Module_ATYGES-1.png","width":4039,"height":4038,"caption":"M\u00f3dulo RTK - Mavic 3 Enterprise"},{"@type":"BreadcrumbList","@id":"https:\/\/atyges.es\/pt\/product\/modulo-rtk-dji-mavic-3-enterprise\/#breadcrumb","itemListElement":[{"@type":"ListItem","position":1,"name":"Portada","item":"https:\/\/atyges.es\/pt\/"},{"@type":"ListItem","position":2,"name":"Produtos","item":"https:\/\/atyges.es\/pt\/shop\/"},{"@type":"ListItem","position":3,"name":"M\u00f3dulo RTK DJI Mavic 3 Enterprise"}]},{"@type":"WebSite","@id":"https:\/\/atyges.es\/pt\/#website","url":"https:\/\/atyges.es\/pt\/","name":"ATyges","description":"","publisher":{"@id":"https:\/\/atyges.es\/pt\/#organization"},"potentialAction":[{"@type":"SearchAction","target":{"@type":"EntryPoint","urlTemplate":"https:\/\/atyges.es\/pt\/?s={search_term_string}"},"query-input":{"@type":"PropertyValueSpecification","valueRequired":true,"valueName":"search_term_string"}}],"inLanguage":"pt-PT"},{"@type":"Organization","@id":"https:\/\/atyges.es\/pt\/#organization","name":"Atyges","url":"https:\/\/atyges.es\/pt\/","logo":{"@type":"ImageObject","inLanguage":"pt-PT","@id":"https:\/\/atyges.es\/pt\/#\/schema\/logo\/image\/","url":"https:\/\/atyges.es\/wp-content\/uploads\/2022\/01\/Logo_ATyges_Store.png","contentUrl":"https:\/\/atyges.es\/wp-content\/uploads\/2022\/01\/Logo_ATyges_Store.png","width":1228,"height":200,"caption":"Atyges"},"image":{"@id":"https:\/\/atyges.es\/pt\/#\/schema\/logo\/image\/"}}]}},"jetpack_sharing_enabled":true,"_links":{"self":[{"href":"https:\/\/atyges.es\/pt\/wp-json\/wp\/v2\/product\/27379","targetHints":{"allow":["GET"]}}],"collection":[{"href":"https:\/\/atyges.es\/pt\/wp-json\/wp\/v2\/product"}],"about":[{"href":"https:\/\/atyges.es\/pt\/wp-json\/wp\/v2\/types\/product"}],"wp:featuredmedia":[{"embeddable":true,"href":"https:\/\/atyges.es\/pt\/wp-json\/wp\/v2\/media\/27040"}],"wp:attachment":[{"href":"https:\/\/atyges.es\/pt\/wp-json\/wp\/v2\/media?parent=27379"}],"wp:term":[{"taxonomy":"product_brand","embeddable":true,"href":"https:\/\/atyges.es\/pt\/wp-json\/wp\/v2\/product_brand?post=27379"},{"taxonomy":"product_cat","embeddable":true,"href":"https:\/\/atyges.es\/pt\/wp-json\/wp\/v2\/product_cat?post=27379"},{"taxonomy":"product_tag","embeddable":true,"href":"https:\/\/atyges.es\/pt\/wp-json\/wp\/v2\/product_tag?post=27379"}],"curies":[{"name":"wp","href":"https:\/\/api.w.org\/{rel}","templated":true}]}}