{"id":27377,"date":"2022-10-16T10:26:03","date_gmt":"2022-10-16T09:26:03","guid":{"rendered":"https:\/\/atyges.es\/product\/dji-mavic-3e-pacote-de-topografia\/"},"modified":"2024-10-14T16:58:10","modified_gmt":"2024-10-14T15:58:10","slug":"dji-mavic-3e-pacote-de-topografia","status":"publish","type":"product","link":"https:\/\/atyges.es\/pt\/product\/dji-mavic-3e-pacote-de-topografia\/","title":{"rendered":"DJI Mavic 3E &#8211; Pacote de topografia"},"content":{"rendered":"<h3>Em que consiste o pacote b\u00e1sico de 1 anos de tranquilidade inclu\u00eddo com este equipamento?<\/h3>\n<p>O pacote <strong>Basic Worry-Free<\/strong> da DJI Mavic 3 Enterprise Series cobre danos acidentais, como colis\u00f5es, danos causados \u200b\u200bpela \u00e1gua ou interfer\u00eancia de sinal. Al\u00e9m disso, tamb\u00e9m inclui um servi\u00e7o de manuten\u00e7\u00e3o padr\u00e3o.<\/p>\n<p>O <strong>Basic Worry-Free<\/strong> Pack de 12 meses oferece dos substitui\u00e7\u00f5es pagas dentro de un ano ap\u00f3s a ativa\u00e7\u00e3o do produto.*<\/p>\n<p>* Os produtos de substitui\u00e7\u00e3o s\u00e3o novos ou equivalentes a novos produtos em desempenho e confiabilidade.<\/p>\n<p>** Para DJI Mavic 3E, a taxa para a primeira substitui\u00e7\u00e3o \u00e9 de \u20ac 169, a segunda \u00e9 de \u20ac 179.<\/p>\n<p>&nbsp;<\/p>\n<p>&nbsp;<\/p>\n\n\n<div class=\"kk-star-ratings kksr-auto kksr-align-center kksr-valign-bottom\"\n    data-payload='{&quot;align&quot;:&quot;center&quot;,&quot;id&quot;:&quot;27377&quot;,&quot;slug&quot;:&quot;default&quot;,&quot;valign&quot;:&quot;bottom&quot;,&quot;ignore&quot;:&quot;&quot;,&quot;reference&quot;:&quot;auto&quot;,&quot;class&quot;:&quot;&quot;,&quot;count&quot;:&quot;0&quot;,&quot;legendonly&quot;:&quot;&quot;,&quot;readonly&quot;:&quot;&quot;,&quot;score&quot;:&quot;0&quot;,&quot;starsonly&quot;:&quot;&quot;,&quot;best&quot;:&quot;5&quot;,&quot;gap&quot;:&quot;5&quot;,&quot;greet&quot;:&quot;Val\u00f3ranos&quot;,&quot;legend&quot;:&quot;0\\\/5 - (0 votes)&quot;,&quot;size&quot;:&quot;24&quot;,&quot;title&quot;:&quot;DJI Mavic 3E - Pacote de topografia&quot;,&quot;width&quot;:&quot;0&quot;,&quot;_legend&quot;:&quot;{score}\\\/{best} - ({count} {votes})&quot;,&quot;font_factor&quot;:&quot;1.25&quot;}'>\n            \n<div class=\"kksr-stars\">\n    \n<div class=\"kksr-stars-inactive\">\n            <div class=\"kksr-star\" data-star=\"1\" style=\"padding-right: 5px\">\n            \n\n<div class=\"kksr-icon\" style=\"width: 24px; height: 24px;\"><\/div>\n        <\/div>\n            <div class=\"kksr-star\" data-star=\"2\" style=\"padding-right: 5px\">\n            \n\n<div class=\"kksr-icon\" style=\"width: 24px; height: 24px;\"><\/div>\n        <\/div>\n            <div class=\"kksr-star\" data-star=\"3\" style=\"padding-right: 5px\">\n            \n\n<div class=\"kksr-icon\" style=\"width: 24px; height: 24px;\"><\/div>\n        <\/div>\n            <div class=\"kksr-star\" data-star=\"4\" style=\"padding-right: 5px\">\n            \n\n<div class=\"kksr-icon\" style=\"width: 24px; height: 24px;\"><\/div>\n        <\/div>\n            <div class=\"kksr-star\" data-star=\"5\" style=\"padding-right: 5px\">\n            \n\n<div class=\"kksr-icon\" style=\"width: 24px; height: 24px;\"><\/div>\n        <\/div>\n    <\/div>\n    \n<div class=\"kksr-stars-active\" style=\"width: 0px;\">\n            <div class=\"kksr-star\" style=\"padding-right: 5px\">\n            \n\n<div class=\"kksr-icon\" style=\"width: 24px; height: 24px;\"><\/div>\n        <\/div>\n            <div class=\"kksr-star\" style=\"padding-right: 5px\">\n            \n\n<div class=\"kksr-icon\" style=\"width: 24px; height: 24px;\"><\/div>\n        <\/div>\n            <div class=\"kksr-star\" style=\"padding-right: 5px\">\n            \n\n<div class=\"kksr-icon\" style=\"width: 24px; height: 24px;\"><\/div>\n        <\/div>\n            <div class=\"kksr-star\" style=\"padding-right: 5px\">\n            \n\n<div class=\"kksr-icon\" style=\"width: 24px; height: 24px;\"><\/div>\n        <\/div>\n            <div class=\"kksr-star\" style=\"padding-right: 5px\">\n            \n\n<div class=\"kksr-icon\" style=\"width: 24px; height: 24px;\"><\/div>\n        <\/div>\n    <\/div>\n<\/div>\n                \n\n<div class=\"kksr-legend\" style=\"font-size: 19.2px;\">\n            <span class=\"kksr-muted\">Val\u00f3ranos<\/span>\n    <\/div>\n    <\/div>\n","protected":false},"excerpt":{"rendered":"<h1>DJI Mavic 3E &#8211; Pacote de topografia<\/h1>\n<h2>O pacote de topografia, especialmente projetado para topografia e engenharia.<\/h2>\n<p><strong>O pacote de topografia inclui:<\/strong><\/p>\n<ul>\n<li>DJI Mavic 3 Enterprise com 4 baterias inteligentes e centro de carregamento de v\u00e1rias baterias.<\/li>\n<li>M\u00f3dulo RTK para Mavic 3 Enterprise.<\/li>\n<li>Licen\u00e7a permanente ATygeo PPK M3E para realizar cinem\u00e1tica de p\u00f3s-processamento (PPK).<\/li>\n<li>Seguro 12 meses Care Enterprise Basic.<\/li>\n<\/ul>\n<p>O Mavic 3 Enterprise redefine os padr\u00f5es da ind\u00fastria para pequenos drones comerciais.<\/p>\n<p>Com um obturador mec\u00e2nico, c\u00e2mera com zoom de 56x e um m\u00f3dulo RTK opcional para precis\u00e3o de cent\u00edmetros, o Mavic 3E leva a efici\u00eancia da miss\u00e3o a novos patamares.<\/p>\n[video width=\"1920\" height=\"1920\" mp4=\"https:\/\/atyges.es\/wp-content\/uploads\/2022\/09\/M244_WM265_Intro_ES_15s_V1_1920x1920.mp4\"][\/video]\n<p><img loading=\"lazy\" decoding=\"async\" class=\"aligncenter size-full wp-image-26983\" src=\"https:\/\/atyges.es\/wp-content\/uploads\/2022\/09\/M3E_02_atyges.png\" alt=\"Mavic 3 Enterprise - M3E\" width=\"500\" height=\"281\" srcset=\"https:\/\/atyges.es\/wp-content\/uploads\/2022\/09\/M3E_02_atyges.png 500w, https:\/\/atyges.es\/wp-content\/uploads\/2022\/09\/M3E_02_atyges-300x169.png 300w, https:\/\/atyges.es\/wp-content\/uploads\/2022\/09\/M3E_02_atyges-173x97.png 173w\" sizes=\"auto, (max-width: 500px) 100vw, 500px\" \/><\/p>\n<h2>Principais caracter\u00edsticas:<\/h2>\n<ul>\n<li>Grande angular: CMOS 4\/3, 20 MP, obturador mec\u00e2nico.<\/li>\n<li>Zoom: dist\u00e2ncia focal equivalente a 162 mm, 12 MP, zoom h\u00edbrido de 56 \u00d7.<\/li>\n<\/ul>\n<h2>Desempenho de c\u00e2mera incompar\u00e1vel<\/h2>\n<ul>\n<li>C\u00e2mera HD grande angular<\/li>\n<li>Foto inteligente com pouca luz<\/li>\n<\/ul>\n<h2>Compacto e port\u00e1til<\/h2>\n<ul>\n<li>920g aeroestrutura leve<\/li>\n<li>Corpo compacto que cabe na palma da sua m\u00e3o<\/li>\n<li>Perfeito para pilotos iniciantes e experientes<\/li>\n<\/ul>\n<h2>Vida \u00fatil da bateria ultra longa<\/h2>\n<ul>\n<li>45 min de tempo de voo m\u00e1x.<\/li>\n<li>Hub de carregamento de 100 W para carregamento r\u00e1pido da bateria<\/li>\n<li>Carregamento direto do drone a 88W<\/li>\n<\/ul>\n<h2>Seguran\u00e7a de voo de alto n\u00edvel<\/h2>\n<ul>\n<li>As lentes grande angulares permitem a detec\u00e7\u00e3o de obst\u00e1culos omnidirecional sem pontos cegos<br \/>\nRPO avan\u00e7ado<\/li>\n<li>APAS 5.0: redirecionamento autom\u00e1tico evitando obst\u00e1culos<\/li>\n<\/ul>\n<h2>V\u00e1rios acess\u00f3rios<\/h2>\n<p>Compat\u00edvel com os seguintes acess\u00f3rios que s\u00e3o vendidos separadamente:<\/p>\n<ul>\n<li>DJI RC Pro Enterprise<\/li>\n<li>Palestrante<\/li>\n<li>Esta\u00e7\u00e3o M\u00f3vel D-RTK 2<\/li>\n<\/ul>\n<p>&nbsp;<\/p>\n","protected":false},"featured_media":27334,"template":"","meta":[],"product_brand":[],"product_cat":[1287,1518],"product_tag":[1532,1531,1530,1527,1533,1406],"class_list":{"0":"post-27377","1":"product","2":"type-product","3":"status-publish","4":"has-post-thumbnail","6":"product_cat-drones-para-levantamento","7":"product_cat-mavic-3-enterprise-pt","8":"product_tag-atygeo-ppk-m3e-pt","9":"product_tag-care-enterprise-2-anos-pt","10":"product_tag-drone-topografico","11":"product_tag-m3t-pt","12":"product_tag-ppk-m3e-pt","13":"product_tag-rtk-pt","14":"product_shipping_class-envio-gratuito-es-pt","16":"first","17":"outofstock","18":"taxable","19":"shipping-taxable","20":"purchasable","21":"product-type-simple"},"yoast_head":"<!-- This site is optimized with the Yoast SEO plugin v27.2 - https:\/\/yoast.com\/product\/yoast-seo-wordpress\/ -->\n<title>DJI Mavic 3E - Pacote de Topografia | Para engenheiros e t\u00e9cnicos | ATyges\u00ae<\/title>\n<meta name=\"description\" content=\"Mavic 3 Enterprise - M3E Surveying \u2b50 ATyges, Loja Online de Drones Profissionais. \u2705\u3010Distribuidores oficiais da DJI\u3011\u2705.\" \/>\n<meta name=\"robots\" content=\"index, follow, max-snippet:-1, max-image-preview:large, max-video-preview:-1\" \/>\n<link rel=\"canonical\" href=\"https:\/\/atyges.es\/pt\/product\/dji-mavic-3e-pacote-de-topografia\/\" \/>\n<meta property=\"og:locale\" content=\"pt_PT\" \/>\n<meta property=\"og:type\" content=\"article\" \/>\n<meta property=\"og:title\" content=\"DJI Mavic 3E - Pacote de Topografia | Para engenheiros e t\u00e9cnicos | ATyges\u00ae\" \/>\n<meta property=\"og:description\" content=\"Mavic 3 Enterprise - M3E Surveying \u2b50 ATyges, Loja Online de Drones Profissionais. \u2705\u3010Distribuidores oficiais da DJI\u3011\u2705.\" \/>\n<meta property=\"og:url\" content=\"https:\/\/atyges.es\/pt\/product\/dji-mavic-3e-pacote-de-topografia\/\" \/>\n<meta property=\"og:site_name\" content=\"ATyges\" \/>\n<meta property=\"article:modified_time\" content=\"2024-10-14T15:58:10+00:00\" \/>\n<meta property=\"og:image\" content=\"https:\/\/atyges.es\/wp-content\/uploads\/2022\/10\/M3E_TOPO_ATyges.jpg\" \/>\n\t<meta property=\"og:image:width\" content=\"1000\" \/>\n\t<meta property=\"og:image:height\" content=\"1000\" \/>\n\t<meta property=\"og:image:type\" content=\"image\/jpeg\" \/>\n<meta name=\"twitter:card\" content=\"summary_large_image\" \/>\n<meta name=\"twitter:label1\" content=\"Tempo estimado de leitura\" \/>\n\t<meta name=\"twitter:data1\" content=\"1 minuto\" \/>\n<script type=\"application\/ld+json\" class=\"yoast-schema-graph\">{\"@context\":\"https:\/\/schema.org\",\"@graph\":[{\"@type\":\"WebPage\",\"@id\":\"https:\/\/atyges.es\/pt\/product\/dji-mavic-3e-pacote-de-topografia\/\",\"url\":\"https:\/\/atyges.es\/pt\/product\/dji-mavic-3e-pacote-de-topografia\/\",\"name\":\"DJI Mavic 3E - Pacote de Topografia | Para engenheiros e t\u00e9cnicos | ATyges\u00ae\",\"isPartOf\":{\"@id\":\"https:\/\/atyges.es\/pt\/#website\"},\"primaryImageOfPage\":{\"@id\":\"https:\/\/atyges.es\/pt\/product\/dji-mavic-3e-pacote-de-topografia\/#primaryimage\"},\"image\":{\"@id\":\"https:\/\/atyges.es\/pt\/product\/dji-mavic-3e-pacote-de-topografia\/#primaryimage\"},\"thumbnailUrl\":\"https:\/\/atyges.es\/wp-content\/uploads\/2022\/10\/M3E_TOPO_ATyges.jpg\",\"datePublished\":\"2022-10-16T09:26:03+00:00\",\"dateModified\":\"2024-10-14T15:58:10+00:00\",\"description\":\"Mavic 3 Enterprise - M3E Surveying \u2b50 ATyges, Loja Online de Drones Profissionais. \u2705\u3010Distribuidores oficiais da DJI\u3011\u2705.\",\"breadcrumb\":{\"@id\":\"https:\/\/atyges.es\/pt\/product\/dji-mavic-3e-pacote-de-topografia\/#breadcrumb\"},\"inLanguage\":\"pt-PT\",\"potentialAction\":[{\"@type\":\"ReadAction\",\"target\":[\"https:\/\/atyges.es\/pt\/product\/dji-mavic-3e-pacote-de-topografia\/\"]}]},{\"@type\":\"ImageObject\",\"inLanguage\":\"pt-PT\",\"@id\":\"https:\/\/atyges.es\/pt\/product\/dji-mavic-3e-pacote-de-topografia\/#primaryimage\",\"url\":\"https:\/\/atyges.es\/wp-content\/uploads\/2022\/10\/M3E_TOPO_ATyges.jpg\",\"contentUrl\":\"https:\/\/atyges.es\/wp-content\/uploads\/2022\/10\/M3E_TOPO_ATyges.jpg\",\"width\":1000,\"height\":1000,\"caption\":\"Mavic 3 Enterprise Pacote de topografia\"},{\"@type\":\"BreadcrumbList\",\"@id\":\"https:\/\/atyges.es\/pt\/product\/dji-mavic-3e-pacote-de-topografia\/#breadcrumb\",\"itemListElement\":[{\"@type\":\"ListItem\",\"position\":1,\"name\":\"Portada\",\"item\":\"https:\/\/atyges.es\/pt\/\"},{\"@type\":\"ListItem\",\"position\":2,\"name\":\"Produtos\",\"item\":\"https:\/\/atyges.es\/pt\/shop\/\"},{\"@type\":\"ListItem\",\"position\":3,\"name\":\"DJI Mavic 3E &#8211; Pacote de topografia\"}]},{\"@type\":\"WebSite\",\"@id\":\"https:\/\/atyges.es\/pt\/#website\",\"url\":\"https:\/\/atyges.es\/pt\/\",\"name\":\"ATyges\",\"description\":\"\",\"publisher\":{\"@id\":\"https:\/\/atyges.es\/pt\/#organization\"},\"potentialAction\":[{\"@type\":\"SearchAction\",\"target\":{\"@type\":\"EntryPoint\",\"urlTemplate\":\"https:\/\/atyges.es\/pt\/?s={search_term_string}\"},\"query-input\":{\"@type\":\"PropertyValueSpecification\",\"valueRequired\":true,\"valueName\":\"search_term_string\"}}],\"inLanguage\":\"pt-PT\"},{\"@type\":\"Organization\",\"@id\":\"https:\/\/atyges.es\/pt\/#organization\",\"name\":\"Atyges\",\"url\":\"https:\/\/atyges.es\/pt\/\",\"logo\":{\"@type\":\"ImageObject\",\"inLanguage\":\"pt-PT\",\"@id\":\"https:\/\/atyges.es\/pt\/#\/schema\/logo\/image\/\",\"url\":\"https:\/\/atyges.es\/wp-content\/uploads\/2022\/01\/Logo_ATyges_Store.png\",\"contentUrl\":\"https:\/\/atyges.es\/wp-content\/uploads\/2022\/01\/Logo_ATyges_Store.png\",\"width\":1228,\"height\":200,\"caption\":\"Atyges\"},\"image\":{\"@id\":\"https:\/\/atyges.es\/pt\/#\/schema\/logo\/image\/\"}}]}<\/script>\n<!-- \/ Yoast SEO plugin. -->","yoast_head_json":{"title":"DJI Mavic 3E - Pacote de Topografia | Para engenheiros e t\u00e9cnicos | ATyges\u00ae","description":"Mavic 3 Enterprise - M3E Surveying \u2b50 ATyges, Loja Online de Drones Profissionais. \u2705\u3010Distribuidores oficiais da DJI\u3011\u2705.","robots":{"index":"index","follow":"follow","max-snippet":"max-snippet:-1","max-image-preview":"max-image-preview:large","max-video-preview":"max-video-preview:-1"},"canonical":"https:\/\/atyges.es\/pt\/product\/dji-mavic-3e-pacote-de-topografia\/","og_locale":"pt_PT","og_type":"article","og_title":"DJI Mavic 3E - Pacote de Topografia | Para engenheiros e t\u00e9cnicos | ATyges\u00ae","og_description":"Mavic 3 Enterprise - M3E Surveying \u2b50 ATyges, Loja Online de Drones Profissionais. \u2705\u3010Distribuidores oficiais da DJI\u3011\u2705.","og_url":"https:\/\/atyges.es\/pt\/product\/dji-mavic-3e-pacote-de-topografia\/","og_site_name":"ATyges","article_modified_time":"2024-10-14T15:58:10+00:00","og_image":[{"width":1000,"height":1000,"url":"https:\/\/atyges.es\/wp-content\/uploads\/2022\/10\/M3E_TOPO_ATyges.jpg","type":"image\/jpeg"}],"twitter_card":"summary_large_image","twitter_misc":{"Tempo estimado de leitura":"1 minuto"},"schema":{"@context":"https:\/\/schema.org","@graph":[{"@type":"WebPage","@id":"https:\/\/atyges.es\/pt\/product\/dji-mavic-3e-pacote-de-topografia\/","url":"https:\/\/atyges.es\/pt\/product\/dji-mavic-3e-pacote-de-topografia\/","name":"DJI Mavic 3E - Pacote de Topografia | Para engenheiros e t\u00e9cnicos | ATyges\u00ae","isPartOf":{"@id":"https:\/\/atyges.es\/pt\/#website"},"primaryImageOfPage":{"@id":"https:\/\/atyges.es\/pt\/product\/dji-mavic-3e-pacote-de-topografia\/#primaryimage"},"image":{"@id":"https:\/\/atyges.es\/pt\/product\/dji-mavic-3e-pacote-de-topografia\/#primaryimage"},"thumbnailUrl":"https:\/\/atyges.es\/wp-content\/uploads\/2022\/10\/M3E_TOPO_ATyges.jpg","datePublished":"2022-10-16T09:26:03+00:00","dateModified":"2024-10-14T15:58:10+00:00","description":"Mavic 3 Enterprise - M3E Surveying \u2b50 ATyges, Loja Online de Drones Profissionais. \u2705\u3010Distribuidores oficiais da DJI\u3011\u2705.","breadcrumb":{"@id":"https:\/\/atyges.es\/pt\/product\/dji-mavic-3e-pacote-de-topografia\/#breadcrumb"},"inLanguage":"pt-PT","potentialAction":[{"@type":"ReadAction","target":["https:\/\/atyges.es\/pt\/product\/dji-mavic-3e-pacote-de-topografia\/"]}]},{"@type":"ImageObject","inLanguage":"pt-PT","@id":"https:\/\/atyges.es\/pt\/product\/dji-mavic-3e-pacote-de-topografia\/#primaryimage","url":"https:\/\/atyges.es\/wp-content\/uploads\/2022\/10\/M3E_TOPO_ATyges.jpg","contentUrl":"https:\/\/atyges.es\/wp-content\/uploads\/2022\/10\/M3E_TOPO_ATyges.jpg","width":1000,"height":1000,"caption":"Mavic 3 Enterprise Pacote de topografia"},{"@type":"BreadcrumbList","@id":"https:\/\/atyges.es\/pt\/product\/dji-mavic-3e-pacote-de-topografia\/#breadcrumb","itemListElement":[{"@type":"ListItem","position":1,"name":"Portada","item":"https:\/\/atyges.es\/pt\/"},{"@type":"ListItem","position":2,"name":"Produtos","item":"https:\/\/atyges.es\/pt\/shop\/"},{"@type":"ListItem","position":3,"name":"DJI Mavic 3E &#8211; Pacote de topografia"}]},{"@type":"WebSite","@id":"https:\/\/atyges.es\/pt\/#website","url":"https:\/\/atyges.es\/pt\/","name":"ATyges","description":"","publisher":{"@id":"https:\/\/atyges.es\/pt\/#organization"},"potentialAction":[{"@type":"SearchAction","target":{"@type":"EntryPoint","urlTemplate":"https:\/\/atyges.es\/pt\/?s={search_term_string}"},"query-input":{"@type":"PropertyValueSpecification","valueRequired":true,"valueName":"search_term_string"}}],"inLanguage":"pt-PT"},{"@type":"Organization","@id":"https:\/\/atyges.es\/pt\/#organization","name":"Atyges","url":"https:\/\/atyges.es\/pt\/","logo":{"@type":"ImageObject","inLanguage":"pt-PT","@id":"https:\/\/atyges.es\/pt\/#\/schema\/logo\/image\/","url":"https:\/\/atyges.es\/wp-content\/uploads\/2022\/01\/Logo_ATyges_Store.png","contentUrl":"https:\/\/atyges.es\/wp-content\/uploads\/2022\/01\/Logo_ATyges_Store.png","width":1228,"height":200,"caption":"Atyges"},"image":{"@id":"https:\/\/atyges.es\/pt\/#\/schema\/logo\/image\/"}}]}},"jetpack_sharing_enabled":true,"_links":{"self":[{"href":"https:\/\/atyges.es\/pt\/wp-json\/wp\/v2\/product\/27377","targetHints":{"allow":["GET"]}}],"collection":[{"href":"https:\/\/atyges.es\/pt\/wp-json\/wp\/v2\/product"}],"about":[{"href":"https:\/\/atyges.es\/pt\/wp-json\/wp\/v2\/types\/product"}],"wp:featuredmedia":[{"embeddable":true,"href":"https:\/\/atyges.es\/pt\/wp-json\/wp\/v2\/media\/27334"}],"wp:attachment":[{"href":"https:\/\/atyges.es\/pt\/wp-json\/wp\/v2\/media?parent=27377"}],"wp:term":[{"taxonomy":"product_brand","embeddable":true,"href":"https:\/\/atyges.es\/pt\/wp-json\/wp\/v2\/product_brand?post=27377"},{"taxonomy":"product_cat","embeddable":true,"href":"https:\/\/atyges.es\/pt\/wp-json\/wp\/v2\/product_cat?post=27377"},{"taxonomy":"product_tag","embeddable":true,"href":"https:\/\/atyges.es\/pt\/wp-json\/wp\/v2\/product_tag?post=27377"}],"curies":[{"name":"wp","href":"https:\/\/api.w.org\/{rel}","templated":true}]}}