{"id":26671,"date":"2021-01-05T13:41:28","date_gmt":"2021-01-05T12:41:28","guid":{"rendered":"https:\/\/atyges.es\/product\/ouster-os0-32-64-128-canales\/"},"modified":"2022-09-08T19:26:19","modified_gmt":"2022-09-08T18:26:19","slug":"ouster-os0-32-64-128-canales","status":"publish","type":"product","link":"https:\/\/atyges.es\/pt\/product\/ouster-os0-32-64-128-canales\/","title":{"rendered":"LiDAR OS0-32 canales"},"content":{"rendered":"<h2 class=\"index-module--title--2m1Ca\">Ouster OS0 en acci\u00f3n<\/h2>\n<ul class=\"index-module--list--21gNu\">\n<li>\u00a0Incluye IMU integrada para compatibilidad con algoritmos SLAM.<\/li>\n<li>Crea una nube de puntos uniformemente espaciada e im\u00e1genes de c\u00e1mara 2D alineadas con p\u00edxeles para un procesamiento de datos m\u00e1s eficiente, un etiquetado m\u00e1s r\u00e1pido y una aplicaci\u00f3n de algoritmos optimizada.<\/li>\n<\/ul>\n<p><iframe loading=\"lazy\" title=\"OS0-128 Urban Drive - February 2020\" width=\"640\" height=\"360\" src=\"https:\/\/www.youtube.com\/embed\/7bW4VJh6N84?feature=oembed\" frameborder=\"0\" allow=\"accelerometer; autoplay; clipboard-write; encrypted-media; gyroscope; picture-in-picture\" allowfullscreen><\/iframe><\/p>\n<h3 class=\"index-module--title--1MnBx\">Campo de visi\u00f3n vertical ultra WIDE<\/h3>\n<h4 class=\"index-module--label--lywcq\">El lidar que ve m\u00e1s<\/h4>\n<div class=\"index-module--title--1MnBx\">Mejore el conocimiento de la situaci\u00f3n con el campo de visi\u00f3n de 90\u00ba del OS0 y el rango de detecci\u00f3n m\u00ednimo de cero. <img loading=\"lazy\" decoding=\"async\" class=\"aligncenter\" src=\"https:\/\/images.ctfassets.net\/tjhl2s1515g8\/79iDqHLVRBhmZFwGonneNy\/64f984eff91a7d802b11b9077636c5ee\/OS0_infrared.jpg?w=950&amp;h=611&amp;q=100&amp;fm=webp&amp;bg=rgb%3A000000\" alt=\"\" width=\"246\" height=\"207\" \/><\/div>\n<h3 class=\"index-module--title--1MnBx\">Dise\u00f1o modular ligero<\/h3>\n<div>\n<h4 class=\"index-module--label--lywcq\">Opciones de integraci\u00f3n para cualquier necesidad<\/h4>\n<div class=\"index-module--description--kBknU\">Con un peso de solo 455 g y un dise\u00f1o de tapa modular, este sensor lidar se integra a la perfecci\u00f3n en su veh\u00edculo, dron o robot.<\/div>\n<div><img loading=\"lazy\" decoding=\"async\" class=\"aligncenter\" src=\"https:\/\/images.ctfassets.net\/tjhl2s1515g8\/Q4d1Wv9udf60jc94vfF5L\/e7f1a18a7c4fa469b00b973afa2de05e\/3_modular_1.png?w=950&amp;h=611&amp;q=100&amp;fm=webp&amp;bg=rgb%3A000000\" width=\"295\" height=\"249\" \/><\/div>\n<div>\n<h3 class=\"index-module--title--1MnBx\">Robusto y confiable<\/h3>\n<h4 class=\"index-module--label--lywcq\">Para cualquier clima y condiciones exigentes<\/h4>\n<div class=\"index-module--description--kBknU\">Los sensores LIDAR Ouster est\u00e1n dise\u00f1ados para 100.000 horas de uso continuo.\u00a0Resistente al agua, resistente a golpes y vibraciones, y temperatura nominal de -40 \u00baC a +55 \u00baC.<\/div>\n<div><img loading=\"lazy\" decoding=\"async\" class=\"aligncenter \" src=\"https:\/\/images.ctfassets.net\/tjhl2s1515g8\/5IVtdeECOe7pqBpuxyGHwY\/5bea5aa127e9cafc5f1dffaa4b5020e6\/rugged.jpg?w=950&amp;h=611&amp;q=100&amp;fm=webp&amp;bg=rgb%3A000000\" width=\"324\" height=\"273\" \/><\/div>\n<div>\n<h3><\/h3>\n<h3 class=\"index-module--title--1MnBx\">Calidad de los datos<\/h3>\n<h4 class=\"index-module--label--lywcq\">Algoritmo optimizado<\/h4>\n<div class=\"index-module--description--kBknU\">La salida de datos del lidar digital estructurados y la calidad inigualable. Los datos de intensidad de los sensores lidar Ouster mejoran la eficiencia y precisi\u00f3n del algoritmo.<\/div>\n<div><img loading=\"lazy\" decoding=\"async\" class=\"aligncenter \" src=\"https:\/\/images.ctfassets.net\/tjhl2s1515g8\/1sJjqHRTVSIys2lRtelRYo\/930d127372e77117b16b264e216c8901\/Ferrybuilding.png?w=950&amp;h=611&amp;q=100&amp;fm=webp&amp;bg=rgb%3A000000\" width=\"386\" height=\"271\" \/><\/div>\n<div>\n<h3><\/h3>\n<h3 class=\"index-module--title--1MnBx\">Firmware actualizable<\/h3>\n<h4 class=\"index-module--label--lywcq\">Un producto vivo buscando la mejora cont\u00ednua<\/h4>\n<div class=\"index-module--description--kBknU\">Las actualizaciones frecuentes de firmware agregan funciones y mejoran el rendimiento de los sensores, lo que lo ayuda a sacar m\u00e1s provecho de sus sensores.<\/div>\n<div><\/div>\n<div>\n<h2 class=\"index-module--title--3KTF3\">Configuraciones de haz lidar OS0-32<\/h2>\n<div class=\"index-module--subtitle--Fbypm\">Elija la configuraci\u00f3n adecuada para su implementaci\u00f3n:<\/div>\n<h5><\/h5>\n<figure style=\"width: 611px\" class=\"wp-caption aligncenter\"><img loading=\"lazy\" decoding=\"async\" class=\"size-medium\" src=\"https:\/\/images.ctfassets.net\/tjhl2s1515g8\/2PrV3vkKnirxmY1AsavxrG\/dfc9cfb77a79503af8a6659d2389be3f\/uniform.jpg?w=950&amp;h=611&amp;q=100&amp;fm=webp&amp;bg=rgb%3A000000\" width=\"611\" height=\"611\" \/><figcaption class=\"wp-caption-text\">Captura Modo Uniforme<\/figcaption><\/figure>\n<figure style=\"width: 611px\" class=\"wp-caption aligncenter\"><img loading=\"lazy\" decoding=\"async\" class=\"size-medium\" src=\"https:\/\/images.ctfassets.net\/tjhl2s1515g8\/4DCuecPjpSGz1iO0ynl53T\/986b3b6a1c07442dc3f38b76db770227\/gradient_no_angle__1_.jpg?w=950&amp;h=611&amp;q=100&amp;fm=webp&amp;bg=rgb%3A000000\" width=\"611\" height=\"611\" \/><figcaption class=\"wp-caption-text\">Captura Modo Gradiente<\/figcaption><\/figure>\n<figure style=\"width: 611px\" class=\"wp-caption aligncenter\"><img loading=\"lazy\" decoding=\"async\" class=\"size-medium\" src=\"https:\/\/images.ctfassets.net\/tjhl2s1515g8\/4dwwdJOC4rRgJCBTlcYUUp\/4e53580da332216fe333ad59464ed5a3\/belowhorizon.jpg?w=950&amp;h=611&amp;q=100&amp;fm=webp&amp;bg=rgb%3A000000\" width=\"611\" height=\"611\" \/><figcaption class=\"wp-caption-text\">Captura modo Above Horizon \/ Below Horizon<\/figcaption><\/figure>\n<div><\/div>\n<\/div>\n<\/div>\n<\/div>\n<\/div>\n<\/div>\n\n\n<div class=\"kk-star-ratings kksr-auto kksr-align-center kksr-valign-bottom\"\n    data-payload='{&quot;align&quot;:&quot;center&quot;,&quot;id&quot;:&quot;26671&quot;,&quot;slug&quot;:&quot;default&quot;,&quot;valign&quot;:&quot;bottom&quot;,&quot;ignore&quot;:&quot;&quot;,&quot;reference&quot;:&quot;auto&quot;,&quot;class&quot;:&quot;&quot;,&quot;count&quot;:&quot;0&quot;,&quot;legendonly&quot;:&quot;&quot;,&quot;readonly&quot;:&quot;&quot;,&quot;score&quot;:&quot;0&quot;,&quot;starsonly&quot;:&quot;&quot;,&quot;best&quot;:&quot;5&quot;,&quot;gap&quot;:&quot;5&quot;,&quot;greet&quot;:&quot;Val\u00f3ranos&quot;,&quot;legend&quot;:&quot;0\\\/5 - (0 votes)&quot;,&quot;size&quot;:&quot;24&quot;,&quot;title&quot;:&quot;LiDAR OS0-32 canales&quot;,&quot;width&quot;:&quot;0&quot;,&quot;_legend&quot;:&quot;{score}\\\/{best} - ({count} {votes})&quot;,&quot;font_factor&quot;:&quot;1.25&quot;}'>\n            \n<div class=\"kksr-stars\">\n    \n<div class=\"kksr-stars-inactive\">\n            <div class=\"kksr-star\" data-star=\"1\" style=\"padding-right: 5px\">\n            \n\n<div class=\"kksr-icon\" style=\"width: 24px; height: 24px;\"><\/div>\n        <\/div>\n            <div class=\"kksr-star\" data-star=\"2\" style=\"padding-right: 5px\">\n            \n\n<div class=\"kksr-icon\" style=\"width: 24px; height: 24px;\"><\/div>\n        <\/div>\n            <div class=\"kksr-star\" data-star=\"3\" style=\"padding-right: 5px\">\n            \n\n<div class=\"kksr-icon\" style=\"width: 24px; height: 24px;\"><\/div>\n        <\/div>\n            <div class=\"kksr-star\" data-star=\"4\" style=\"padding-right: 5px\">\n            \n\n<div class=\"kksr-icon\" style=\"width: 24px; height: 24px;\"><\/div>\n        <\/div>\n            <div class=\"kksr-star\" data-star=\"5\" style=\"padding-right: 5px\">\n            \n\n<div class=\"kksr-icon\" style=\"width: 24px; height: 24px;\"><\/div>\n        <\/div>\n    <\/div>\n    \n<div class=\"kksr-stars-active\" style=\"width: 0px;\">\n            <div class=\"kksr-star\" style=\"padding-right: 5px\">\n            \n\n<div class=\"kksr-icon\" style=\"width: 24px; height: 24px;\"><\/div>\n        <\/div>\n            <div class=\"kksr-star\" style=\"padding-right: 5px\">\n            \n\n<div class=\"kksr-icon\" style=\"width: 24px; height: 24px;\"><\/div>\n        <\/div>\n            <div class=\"kksr-star\" style=\"padding-right: 5px\">\n            \n\n<div class=\"kksr-icon\" style=\"width: 24px; height: 24px;\"><\/div>\n        <\/div>\n            <div class=\"kksr-star\" style=\"padding-right: 5px\">\n            \n\n<div class=\"kksr-icon\" style=\"width: 24px; height: 24px;\"><\/div>\n        <\/div>\n            <div class=\"kksr-star\" style=\"padding-right: 5px\">\n            \n\n<div class=\"kksr-icon\" style=\"width: 24px; height: 24px;\"><\/div>\n        <\/div>\n    <\/div>\n<\/div>\n                \n\n<div class=\"kksr-legend\" style=\"font-size: 19.2px;\">\n            <span class=\"kksr-muted\">Val\u00f3ranos<\/span>\n    <\/div>\n    <\/div>\n","protected":false},"excerpt":{"rendered":"<h2>OS0-32: Sensor lidar Digital de gran apertura (Ultra-wide) de 32 canales<\/h2>\n<p>Capture m\u00e1s datos gracias al campo de visi\u00f3n de 90\u00ba del sensor lidar digital y el rango m\u00ednimo de cero.<\/p>\n<p>M\u00faltiples configuraciones: Modo captura uniforme, Captura Gradiente, Captura Above Horizont y Captura Below Horizont.<\/p>\n<p>Ofrecemos precio diferenciados para Universidades y proyectos\/aplicaciones sin \u00e1nimos de lucro (Tarifa Non-Profit).<\/p>\n<p style=\"text-align: center;\"><a class=\"button\" href=\"https:\/\/atyges.es\/formulario-lidar-ouster\/\" target=\"_blank\" rel=\"noopener noreferrer\">Solicite presupuesto mediante este formulario. Descuentos especiales para uso no comercial<\/a><\/p>\n<p>&nbsp;<\/p>\n<p>&nbsp;<\/p>\n","protected":false},"featured_media":16352,"template":"","meta":[],"product_brand":[],"product_cat":[1339],"product_tag":[1305,1311,1322,1325],"class_list":{"0":"post-26671","1":"product","2":"type-product","3":"status-publish","4":"has-post-thumbnail","6":"product_cat-ouster-os0-pt-2","7":"product_tag-lidar-pt","8":"product_tag-ouster-pt","9":"product_tag-smartcities-pt","10":"product_tag-veiculo-autonomo","12":"first","13":"instock","14":"taxable","15":"shipping-taxable","16":"product-type-simple"},"yoast_head":"<!-- This site is optimized with the Yoast SEO plugin v27.2 - https:\/\/yoast.com\/product\/yoast-seo-wordpress\/ -->\n<title>Lidar digital Ouster OS0<\/title>\n<meta name=\"description\" content=\"Lidar digital de m\u00e1xima resoluci\u00f3n UltraWide | Reseller Oficial Ouster | ATyges\" \/>\n<meta name=\"robots\" content=\"index, follow, max-snippet:-1, max-image-preview:large, max-video-preview:-1\" \/>\n<link rel=\"canonical\" href=\"https:\/\/atyges.es\/pt\/product\/ouster-os0-32-64-128-canales\/\" \/>\n<meta property=\"og:locale\" content=\"pt_PT\" \/>\n<meta property=\"og:type\" content=\"article\" \/>\n<meta property=\"og:title\" content=\"Lidar digital Ouster OS0\" \/>\n<meta property=\"og:description\" content=\"Lidar digital de m\u00e1xima resoluci\u00f3n UltraWide | Reseller Oficial Ouster | ATyges\" \/>\n<meta property=\"og:url\" content=\"https:\/\/atyges.es\/pt\/product\/ouster-os0-32-64-128-canales\/\" \/>\n<meta property=\"og:site_name\" content=\"ATyges\" \/>\n<meta property=\"article:modified_time\" content=\"2022-09-08T18:26:19+00:00\" \/>\n<meta property=\"og:image\" content=\"https:\/\/atyges.es\/wp-content\/uploads\/2021\/01\/ouster-os0-atyges.png\" \/>\n\t<meta property=\"og:image:width\" content=\"600\" \/>\n\t<meta property=\"og:image:height\" content=\"600\" \/>\n\t<meta property=\"og:image:type\" content=\"image\/png\" \/>\n<meta name=\"twitter:card\" content=\"summary_large_image\" \/>\n<meta name=\"twitter:label1\" content=\"Tempo estimado de leitura\" \/>\n\t<meta name=\"twitter:data1\" content=\"3 minutos\" \/>\n<script type=\"application\/ld+json\" class=\"yoast-schema-graph\">{\"@context\":\"https:\/\/schema.org\",\"@graph\":[{\"@type\":\"WebPage\",\"@id\":\"https:\/\/atyges.es\/pt\/product\/ouster-os0-32-64-128-canales\/\",\"url\":\"https:\/\/atyges.es\/pt\/product\/ouster-os0-32-64-128-canales\/\",\"name\":\"Lidar digital Ouster OS0\",\"isPartOf\":{\"@id\":\"https:\/\/atyges.es\/pt\/#website\"},\"primaryImageOfPage\":{\"@id\":\"https:\/\/atyges.es\/pt\/product\/ouster-os0-32-64-128-canales\/#primaryimage\"},\"image\":{\"@id\":\"https:\/\/atyges.es\/pt\/product\/ouster-os0-32-64-128-canales\/#primaryimage\"},\"thumbnailUrl\":\"https:\/\/atyges.es\/wp-content\/uploads\/2021\/01\/ouster-os0-atyges.png\",\"datePublished\":\"2021-01-05T12:41:28+00:00\",\"dateModified\":\"2022-09-08T18:26:19+00:00\",\"description\":\"Lidar digital de m\u00e1xima resoluci\u00f3n UltraWide | Reseller Oficial Ouster | ATyges\",\"breadcrumb\":{\"@id\":\"https:\/\/atyges.es\/pt\/product\/ouster-os0-32-64-128-canales\/#breadcrumb\"},\"inLanguage\":\"pt-PT\",\"potentialAction\":[{\"@type\":\"ReadAction\",\"target\":[\"https:\/\/atyges.es\/pt\/product\/ouster-os0-32-64-128-canales\/\"]}]},{\"@type\":\"ImageObject\",\"inLanguage\":\"pt-PT\",\"@id\":\"https:\/\/atyges.es\/pt\/product\/ouster-os0-32-64-128-canales\/#primaryimage\",\"url\":\"https:\/\/atyges.es\/wp-content\/uploads\/2021\/01\/ouster-os0-atyges.png\",\"contentUrl\":\"https:\/\/atyges.es\/wp-content\/uploads\/2021\/01\/ouster-os0-atyges.png\",\"width\":600,\"height\":600,\"caption\":\"ouster-os0-atyges\"},{\"@type\":\"BreadcrumbList\",\"@id\":\"https:\/\/atyges.es\/pt\/product\/ouster-os0-32-64-128-canales\/#breadcrumb\",\"itemListElement\":[{\"@type\":\"ListItem\",\"position\":1,\"name\":\"Portada\",\"item\":\"https:\/\/atyges.es\/pt\/\"},{\"@type\":\"ListItem\",\"position\":2,\"name\":\"Produtos\",\"item\":\"https:\/\/atyges.es\/pt\/shop\/\"},{\"@type\":\"ListItem\",\"position\":3,\"name\":\"LiDAR OS0-32 canales\"}]},{\"@type\":\"WebSite\",\"@id\":\"https:\/\/atyges.es\/pt\/#website\",\"url\":\"https:\/\/atyges.es\/pt\/\",\"name\":\"ATyges\",\"description\":\"\",\"publisher\":{\"@id\":\"https:\/\/atyges.es\/pt\/#organization\"},\"potentialAction\":[{\"@type\":\"SearchAction\",\"target\":{\"@type\":\"EntryPoint\",\"urlTemplate\":\"https:\/\/atyges.es\/pt\/?s={search_term_string}\"},\"query-input\":{\"@type\":\"PropertyValueSpecification\",\"valueRequired\":true,\"valueName\":\"search_term_string\"}}],\"inLanguage\":\"pt-PT\"},{\"@type\":\"Organization\",\"@id\":\"https:\/\/atyges.es\/pt\/#organization\",\"name\":\"Atyges\",\"url\":\"https:\/\/atyges.es\/pt\/\",\"logo\":{\"@type\":\"ImageObject\",\"inLanguage\":\"pt-PT\",\"@id\":\"https:\/\/atyges.es\/pt\/#\/schema\/logo\/image\/\",\"url\":\"https:\/\/atyges.es\/wp-content\/uploads\/2022\/01\/Logo_ATyges_Store.png\",\"contentUrl\":\"https:\/\/atyges.es\/wp-content\/uploads\/2022\/01\/Logo_ATyges_Store.png\",\"width\":1228,\"height\":200,\"caption\":\"Atyges\"},\"image\":{\"@id\":\"https:\/\/atyges.es\/pt\/#\/schema\/logo\/image\/\"}}]}<\/script>\n<!-- \/ Yoast SEO plugin. -->","yoast_head_json":{"title":"Lidar digital Ouster OS0","description":"Lidar digital de m\u00e1xima resoluci\u00f3n UltraWide | Reseller Oficial Ouster | ATyges","robots":{"index":"index","follow":"follow","max-snippet":"max-snippet:-1","max-image-preview":"max-image-preview:large","max-video-preview":"max-video-preview:-1"},"canonical":"https:\/\/atyges.es\/pt\/product\/ouster-os0-32-64-128-canales\/","og_locale":"pt_PT","og_type":"article","og_title":"Lidar digital Ouster OS0","og_description":"Lidar digital de m\u00e1xima resoluci\u00f3n UltraWide | Reseller Oficial Ouster | ATyges","og_url":"https:\/\/atyges.es\/pt\/product\/ouster-os0-32-64-128-canales\/","og_site_name":"ATyges","article_modified_time":"2022-09-08T18:26:19+00:00","og_image":[{"width":600,"height":600,"url":"https:\/\/atyges.es\/wp-content\/uploads\/2021\/01\/ouster-os0-atyges.png","type":"image\/png"}],"twitter_card":"summary_large_image","twitter_misc":{"Tempo estimado de leitura":"3 minutos"},"schema":{"@context":"https:\/\/schema.org","@graph":[{"@type":"WebPage","@id":"https:\/\/atyges.es\/pt\/product\/ouster-os0-32-64-128-canales\/","url":"https:\/\/atyges.es\/pt\/product\/ouster-os0-32-64-128-canales\/","name":"Lidar digital Ouster OS0","isPartOf":{"@id":"https:\/\/atyges.es\/pt\/#website"},"primaryImageOfPage":{"@id":"https:\/\/atyges.es\/pt\/product\/ouster-os0-32-64-128-canales\/#primaryimage"},"image":{"@id":"https:\/\/atyges.es\/pt\/product\/ouster-os0-32-64-128-canales\/#primaryimage"},"thumbnailUrl":"https:\/\/atyges.es\/wp-content\/uploads\/2021\/01\/ouster-os0-atyges.png","datePublished":"2021-01-05T12:41:28+00:00","dateModified":"2022-09-08T18:26:19+00:00","description":"Lidar digital de m\u00e1xima resoluci\u00f3n UltraWide | Reseller Oficial Ouster | ATyges","breadcrumb":{"@id":"https:\/\/atyges.es\/pt\/product\/ouster-os0-32-64-128-canales\/#breadcrumb"},"inLanguage":"pt-PT","potentialAction":[{"@type":"ReadAction","target":["https:\/\/atyges.es\/pt\/product\/ouster-os0-32-64-128-canales\/"]}]},{"@type":"ImageObject","inLanguage":"pt-PT","@id":"https:\/\/atyges.es\/pt\/product\/ouster-os0-32-64-128-canales\/#primaryimage","url":"https:\/\/atyges.es\/wp-content\/uploads\/2021\/01\/ouster-os0-atyges.png","contentUrl":"https:\/\/atyges.es\/wp-content\/uploads\/2021\/01\/ouster-os0-atyges.png","width":600,"height":600,"caption":"ouster-os0-atyges"},{"@type":"BreadcrumbList","@id":"https:\/\/atyges.es\/pt\/product\/ouster-os0-32-64-128-canales\/#breadcrumb","itemListElement":[{"@type":"ListItem","position":1,"name":"Portada","item":"https:\/\/atyges.es\/pt\/"},{"@type":"ListItem","position":2,"name":"Produtos","item":"https:\/\/atyges.es\/pt\/shop\/"},{"@type":"ListItem","position":3,"name":"LiDAR OS0-32 canales"}]},{"@type":"WebSite","@id":"https:\/\/atyges.es\/pt\/#website","url":"https:\/\/atyges.es\/pt\/","name":"ATyges","description":"","publisher":{"@id":"https:\/\/atyges.es\/pt\/#organization"},"potentialAction":[{"@type":"SearchAction","target":{"@type":"EntryPoint","urlTemplate":"https:\/\/atyges.es\/pt\/?s={search_term_string}"},"query-input":{"@type":"PropertyValueSpecification","valueRequired":true,"valueName":"search_term_string"}}],"inLanguage":"pt-PT"},{"@type":"Organization","@id":"https:\/\/atyges.es\/pt\/#organization","name":"Atyges","url":"https:\/\/atyges.es\/pt\/","logo":{"@type":"ImageObject","inLanguage":"pt-PT","@id":"https:\/\/atyges.es\/pt\/#\/schema\/logo\/image\/","url":"https:\/\/atyges.es\/wp-content\/uploads\/2022\/01\/Logo_ATyges_Store.png","contentUrl":"https:\/\/atyges.es\/wp-content\/uploads\/2022\/01\/Logo_ATyges_Store.png","width":1228,"height":200,"caption":"Atyges"},"image":{"@id":"https:\/\/atyges.es\/pt\/#\/schema\/logo\/image\/"}}]}},"jetpack_sharing_enabled":true,"_links":{"self":[{"href":"https:\/\/atyges.es\/pt\/wp-json\/wp\/v2\/product\/26671","targetHints":{"allow":["GET"]}}],"collection":[{"href":"https:\/\/atyges.es\/pt\/wp-json\/wp\/v2\/product"}],"about":[{"href":"https:\/\/atyges.es\/pt\/wp-json\/wp\/v2\/types\/product"}],"wp:featuredmedia":[{"embeddable":true,"href":"https:\/\/atyges.es\/pt\/wp-json\/wp\/v2\/media\/16352"}],"wp:attachment":[{"href":"https:\/\/atyges.es\/pt\/wp-json\/wp\/v2\/media?parent=26671"}],"wp:term":[{"taxonomy":"product_brand","embeddable":true,"href":"https:\/\/atyges.es\/pt\/wp-json\/wp\/v2\/product_brand?post=26671"},{"taxonomy":"product_cat","embeddable":true,"href":"https:\/\/atyges.es\/pt\/wp-json\/wp\/v2\/product_cat?post=26671"},{"taxonomy":"product_tag","embeddable":true,"href":"https:\/\/atyges.es\/pt\/wp-json\/wp\/v2\/product_tag?post=26671"}],"curies":[{"name":"wp","href":"https:\/\/api.w.org\/{rel}","templated":true}]}}