{"id":26638,"date":"2021-01-05T17:22:36","date_gmt":"2021-01-05T16:22:36","guid":{"rendered":"https:\/\/atyges.es\/product\/lidar-os2-32-canales\/"},"modified":"2022-09-08T19:08:10","modified_gmt":"2022-09-08T18:08:10","slug":"lidar-os2-32-canales","status":"publish","type":"product","link":"https:\/\/atyges.es\/pt\/product\/lidar-os2-32-canales\/","title":{"rendered":"LiDAR OS2-32 canales"},"content":{"rendered":"<h2 class=\"index-module--title--2m1Ca\">Ouster OS2 en acci\u00f3n<\/h2>\n<ul class=\"index-module--list--21gNu\">\n<li>\u00a0Incluye IMU integrada para compatibilidad con algoritmos SLAM.<\/li>\n<li>Crea una nube de puntos uniformemente espaciada e im\u00e1genes de c\u00e1mara 2D alineadas con p\u00edxeles para un procesamiento de datos m\u00e1s eficiente, un etiquetado m\u00e1s r\u00e1pido y una aplicaci\u00f3n de algoritmos optimizada.<\/li>\n<\/ul>\n<p><iframe loading=\"lazy\" title=\"Introducing the OS2-128\" width=\"640\" height=\"360\" src=\"https:\/\/www.youtube.com\/embed\/frIiOauHjQU?feature=oembed\" frameborder=\"0\" allow=\"accelerometer; autoplay; clipboard-write; encrypted-media; gyroscope; picture-in-picture\" allowfullscreen><\/iframe><\/p>\n<h3 class=\"index-module--title--1MnBx\">m\u00e1s de 200 metros de alcance<\/h3>\n<h4 class=\"index-module--label--lywcq\">Visi\u00f3n de largo alcance<\/h4>\n<div class=\"index-module--title--1MnBx\">Vea m\u00e1s lejos con el sensor lidar OS2 de largo alcance.\u00a0Adecuado para la autonom\u00eda de la velocidad de la carretera y los drones de gran altitud.<\/div>\n<div><img loading=\"lazy\" decoding=\"async\" class=\"aligncenter size-medium\" src=\"https:\/\/images.ctfassets.net\/tjhl2s1515g8\/6PAlWgbnbsfx6vqJKc0OTN\/bf0acf2a51228ae6fd65608cd9ae3eee\/OS2_infrared.jpg?w=950&amp;h=611&amp;q=100&amp;fm=webp&amp;bg=rgb%3A000000\" width=\"725\" height=\"611\" \/><\/div>\n<h3 class=\"index-module--title--1MnBx\">Alta resoluci\u00f3n<\/h3>\n<div>\n<h4 class=\"index-module--label--lywcq\">Percepci\u00f3n mejorada<\/h4>\n<div class=\"index-module--description--kBknU\">Con 128 haces verticales, los sensores lidar Ouster ofrecen la resoluci\u00f3n m\u00e1s alta disponible para una identificaci\u00f3n de objetos superio<\/div>\n<div><img loading=\"lazy\" decoding=\"async\" class=\"aligncenter size-medium\" src=\"https:\/\/images.ctfassets.net\/tjhl2s1515g8\/5Atdue4qGBWX4yis3tkPWX\/08ef49661e4913722cc1b4e4f496685c\/OS2range.jpg?w=950&amp;h=611&amp;q=100&amp;fm=webp&amp;bg=rgb%3A000000\" width=\"764\" height=\"611\" \/><\/div>\n<div>\n<h3 class=\"index-module--title--1MnBx\">Robusto y confiable<\/h3>\n<h4 class=\"index-module--label--lywcq\">Para cualquier clima y condiciones exigentes<\/h4>\n<div class=\"index-module--description--kBknU\">Los sensores LIDAR Ouster est\u00e1n dise\u00f1ados para 100.000 horas de uso continuo.\u00a0Resistente al agua, resistente a golpes y vibraciones, y temperatura nominal de -40 \u00baC a +55 \u00baC.<\/div>\n<div><img loading=\"lazy\" decoding=\"async\" class=\"aligncenter size-medium\" src=\"https:\/\/images.ctfassets.net\/tjhl2s1515g8\/4jSAh9njzdxVCCXQ26SYTe\/95024e943e1065676c9f5749de4cbfe7\/rugged_temp.jpg?w=950&amp;h=611&amp;q=100&amp;fm=webp&amp;bg=rgb%3A000000\" width=\"725\" height=\"611\" \/><\/div>\n<div>\n<h3><\/h3>\n<h3 class=\"index-module--title--1MnBx\">Calidad de los datos<\/h3>\n<h4 class=\"index-module--label--lywcq\">Algoritmo optimizado<\/h4>\n<div class=\"index-module--description--kBknU\">La salida de datos del lidar digital estructurados y la calidad inigualable. Los datos de intensidad de los sensores lidar Ouster mejoran la eficiencia y precisi\u00f3n del algoritmo.<\/div>\n<div><\/div>\n<div>\n<h3 class=\"index-module--title--1MnBx\">Firmware actualizable<\/h3>\n<h4 class=\"index-module--label--lywcq\">Un producto vivo buscando la mejora cont\u00ednua<\/h4>\n<div class=\"index-module--description--kBknU\">Las actualizaciones frecuentes de firmware agregan funciones y mejoran el rendimiento de los sensores, lo que lo ayuda a sacar m\u00e1s provecho de sus sensores.<\/div>\n<div><\/div>\n<div>\n<h2 class=\"index-module--title--3KTF3\">Configuraciones de haz lidar OS2-32<\/h2>\n<div class=\"index-module--subtitle--Fbypm\">Elija la configuraci\u00f3n adecuada para su implementaci\u00f3n:<\/div>\n<figure style=\"width: 611px\" class=\"wp-caption aligncenter\"><img loading=\"lazy\" decoding=\"async\" class=\"size-medium\" src=\"https:\/\/images.ctfassets.net\/tjhl2s1515g8\/3iDvsqYF8MdyLtn1tubFmp\/ff30e0bb6192e84f661d4e612b31616a\/uniform.jpg?w=950&amp;h=611&amp;q=100&amp;fm=webp&amp;bg=rgb%3A000000\" width=\"611\" height=\"611\" \/><figcaption class=\"wp-caption-text\">Configuraci\u00f3n Modo Uniforme<\/figcaption><\/figure>\n<figure style=\"width: 611px\" class=\"wp-caption aligncenter\"><img loading=\"lazy\" decoding=\"async\" class=\"size-medium\" src=\"https:\/\/images.ctfassets.net\/tjhl2s1515g8\/3jVcqBWypmgX6g4huGtxev\/cfb57fe00c377ee4e1a4ee2a5c7fe3bb\/gradient_no_angle.jpg?w=950&amp;h=611&amp;q=100&amp;fm=webp&amp;bg=rgb%3A000000\" width=\"611\" height=\"611\" \/><figcaption class=\"wp-caption-text\">Configuraci\u00f3n Modo Gradiente<\/figcaption><\/figure>\n<figure style=\"width: 611px\" class=\"wp-caption alignnone\"><img loading=\"lazy\" decoding=\"async\" class=\"size-medium\" src=\"https:\/\/images.ctfassets.net\/tjhl2s1515g8\/1JSYOVl3KPvqa68RhdRX59\/3137ded235326a0c385b29577cee8238\/belowhorizon.jpg?w=950&amp;h=611&amp;q=100&amp;fm=webp&amp;bg=rgb%3A000000\" width=\"611\" height=\"611\" \/><figcaption class=\"wp-caption-text\">Configuraci\u00f3n Modo Above Horizon \/ Below Horizon<\/figcaption><\/figure>\n<div><\/div>\n<\/div>\n<\/div>\n<\/div>\n<\/div>\n<\/div>\n\n\n<div class=\"kk-star-ratings kksr-auto kksr-align-center kksr-valign-bottom\"\n    data-payload='{&quot;align&quot;:&quot;center&quot;,&quot;id&quot;:&quot;26638&quot;,&quot;slug&quot;:&quot;default&quot;,&quot;valign&quot;:&quot;bottom&quot;,&quot;ignore&quot;:&quot;&quot;,&quot;reference&quot;:&quot;auto&quot;,&quot;class&quot;:&quot;&quot;,&quot;count&quot;:&quot;0&quot;,&quot;legendonly&quot;:&quot;&quot;,&quot;readonly&quot;:&quot;&quot;,&quot;score&quot;:&quot;0&quot;,&quot;starsonly&quot;:&quot;&quot;,&quot;best&quot;:&quot;5&quot;,&quot;gap&quot;:&quot;5&quot;,&quot;greet&quot;:&quot;Val\u00f3ranos&quot;,&quot;legend&quot;:&quot;0\\\/5 - (0 votes)&quot;,&quot;size&quot;:&quot;24&quot;,&quot;title&quot;:&quot;LiDAR OS2-32 canales&quot;,&quot;width&quot;:&quot;0&quot;,&quot;_legend&quot;:&quot;{score}\\\/{best} - ({count} {votes})&quot;,&quot;font_factor&quot;:&quot;1.25&quot;}'>\n            \n<div class=\"kksr-stars\">\n    \n<div class=\"kksr-stars-inactive\">\n            <div class=\"kksr-star\" data-star=\"1\" style=\"padding-right: 5px\">\n            \n\n<div class=\"kksr-icon\" style=\"width: 24px; height: 24px;\"><\/div>\n        <\/div>\n            <div class=\"kksr-star\" data-star=\"2\" style=\"padding-right: 5px\">\n            \n\n<div class=\"kksr-icon\" style=\"width: 24px; height: 24px;\"><\/div>\n        <\/div>\n            <div class=\"kksr-star\" data-star=\"3\" style=\"padding-right: 5px\">\n            \n\n<div class=\"kksr-icon\" style=\"width: 24px; height: 24px;\"><\/div>\n        <\/div>\n            <div class=\"kksr-star\" data-star=\"4\" style=\"padding-right: 5px\">\n            \n\n<div class=\"kksr-icon\" style=\"width: 24px; height: 24px;\"><\/div>\n        <\/div>\n            <div class=\"kksr-star\" data-star=\"5\" style=\"padding-right: 5px\">\n            \n\n<div class=\"kksr-icon\" style=\"width: 24px; height: 24px;\"><\/div>\n        <\/div>\n    <\/div>\n    \n<div class=\"kksr-stars-active\" style=\"width: 0px;\">\n            <div class=\"kksr-star\" style=\"padding-right: 5px\">\n            \n\n<div class=\"kksr-icon\" style=\"width: 24px; height: 24px;\"><\/div>\n        <\/div>\n            <div class=\"kksr-star\" style=\"padding-right: 5px\">\n            \n\n<div class=\"kksr-icon\" style=\"width: 24px; height: 24px;\"><\/div>\n        <\/div>\n            <div class=\"kksr-star\" style=\"padding-right: 5px\">\n            \n\n<div class=\"kksr-icon\" style=\"width: 24px; height: 24px;\"><\/div>\n        <\/div>\n            <div class=\"kksr-star\" style=\"padding-right: 5px\">\n            \n\n<div class=\"kksr-icon\" style=\"width: 24px; height: 24px;\"><\/div>\n        <\/div>\n            <div class=\"kksr-star\" style=\"padding-right: 5px\">\n            \n\n<div class=\"kksr-icon\" style=\"width: 24px; height: 24px;\"><\/div>\n        <\/div>\n    <\/div>\n<\/div>\n                \n\n<div class=\"kksr-legend\" style=\"font-size: 19.2px;\">\n            <span class=\"kksr-muted\">Val\u00f3ranos<\/span>\n    <\/div>\n    <\/div>\n","protected":false},"excerpt":{"rendered":"<h2>OS2-32: Sensor lidar Digital de LARGO ALCANCE de 32 canales<\/h2>\n<p>El OS2 ofrece detecci\u00f3n 3D de alta resoluci\u00f3n y largo alcance.\u00a0Dise\u00f1ado para rendimiento y precio para implementaci\u00f3n comercial.<\/p>\n<p>M\u00faltiples configuraciones: Modo captura uniforme, Captura Gradiente, Captura Above Horizont y Captura Below Horizont.<\/p>\n<p style=\"text-align: center;\"><a class=\"button\" href=\"https:\/\/atyges.es\/formulario-lidar-ouster\/\" target=\"_blank\" rel=\"noopener noreferrer\">Solicite presupuesto mediante este formulario<\/a><\/p>\n","protected":false},"featured_media":16404,"template":"","meta":[],"product_brand":[],"product_cat":[1337],"product_tag":[1305,1311,1322,1325],"class_list":{"0":"post-26638","1":"product","2":"type-product","3":"status-publish","4":"has-post-thumbnail","6":"product_cat-ouster-os2-pt-2","7":"product_tag-lidar-pt","8":"product_tag-ouster-pt","9":"product_tag-smartcities-pt","10":"product_tag-veiculo-autonomo","12":"first","13":"instock","14":"taxable","15":"shipping-taxable","16":"product-type-simple"},"yoast_head":"<!-- This site is optimized with the Yoast SEO plugin v27.2 - https:\/\/yoast.com\/product\/yoast-seo-wordpress\/ -->\n<title>Lidar digital Ouster OS2<\/title>\n<meta name=\"description\" content=\"Lidar digital de m\u00e1xima resoluci\u00f3n y largo alcance | Reseller Oficial Ouster | ATyges\" \/>\n<meta name=\"robots\" content=\"index, follow, max-snippet:-1, max-image-preview:large, max-video-preview:-1\" \/>\n<link rel=\"canonical\" href=\"https:\/\/atyges.es\/pt\/product\/lidar-os2-32-canales\/\" \/>\n<meta property=\"og:locale\" content=\"pt_PT\" \/>\n<meta property=\"og:type\" content=\"article\" \/>\n<meta property=\"og:title\" content=\"Lidar digital Ouster OS2\" \/>\n<meta property=\"og:description\" content=\"Lidar digital de m\u00e1xima resoluci\u00f3n y largo alcance | Reseller Oficial Ouster | ATyges\" \/>\n<meta property=\"og:url\" content=\"https:\/\/atyges.es\/pt\/product\/lidar-os2-32-canales\/\" \/>\n<meta property=\"og:site_name\" content=\"ATyges\" \/>\n<meta property=\"article:modified_time\" content=\"2022-09-08T18:08:10+00:00\" \/>\n<meta property=\"og:image\" content=\"https:\/\/atyges.es\/wp-content\/uploads\/2021\/01\/OS2-atyges.jpg\" \/>\n\t<meta property=\"og:image:width\" content=\"2300\" \/>\n\t<meta property=\"og:image:height\" content=\"2300\" \/>\n\t<meta property=\"og:image:type\" content=\"image\/jpeg\" \/>\n<meta name=\"twitter:card\" content=\"summary_large_image\" \/>\n<meta name=\"twitter:label1\" content=\"Tempo estimado de leitura\" \/>\n\t<meta name=\"twitter:data1\" content=\"3 minutos\" \/>\n<script type=\"application\/ld+json\" class=\"yoast-schema-graph\">{\"@context\":\"https:\/\/schema.org\",\"@graph\":[{\"@type\":\"WebPage\",\"@id\":\"https:\/\/atyges.es\/pt\/product\/lidar-os2-32-canales\/\",\"url\":\"https:\/\/atyges.es\/pt\/product\/lidar-os2-32-canales\/\",\"name\":\"Lidar digital Ouster OS2\",\"isPartOf\":{\"@id\":\"https:\/\/atyges.es\/pt\/#website\"},\"primaryImageOfPage\":{\"@id\":\"https:\/\/atyges.es\/pt\/product\/lidar-os2-32-canales\/#primaryimage\"},\"image\":{\"@id\":\"https:\/\/atyges.es\/pt\/product\/lidar-os2-32-canales\/#primaryimage\"},\"thumbnailUrl\":\"https:\/\/atyges.es\/wp-content\/uploads\/2021\/01\/OS2-atyges.jpg\",\"datePublished\":\"2021-01-05T16:22:36+00:00\",\"dateModified\":\"2022-09-08T18:08:10+00:00\",\"description\":\"Lidar digital de m\u00e1xima resoluci\u00f3n y largo alcance | Reseller Oficial Ouster | ATyges\",\"breadcrumb\":{\"@id\":\"https:\/\/atyges.es\/pt\/product\/lidar-os2-32-canales\/#breadcrumb\"},\"inLanguage\":\"pt-PT\",\"potentialAction\":[{\"@type\":\"ReadAction\",\"target\":[\"https:\/\/atyges.es\/pt\/product\/lidar-os2-32-canales\/\"]}]},{\"@type\":\"ImageObject\",\"inLanguage\":\"pt-PT\",\"@id\":\"https:\/\/atyges.es\/pt\/product\/lidar-os2-32-canales\/#primaryimage\",\"url\":\"https:\/\/atyges.es\/wp-content\/uploads\/2021\/01\/OS2-atyges.jpg\",\"contentUrl\":\"https:\/\/atyges.es\/wp-content\/uploads\/2021\/01\/OS2-atyges.jpg\",\"width\":2300,\"height\":2300,\"caption\":\"OS2-atyges\"},{\"@type\":\"BreadcrumbList\",\"@id\":\"https:\/\/atyges.es\/pt\/product\/lidar-os2-32-canales\/#breadcrumb\",\"itemListElement\":[{\"@type\":\"ListItem\",\"position\":1,\"name\":\"Portada\",\"item\":\"https:\/\/atyges.es\/pt\/\"},{\"@type\":\"ListItem\",\"position\":2,\"name\":\"Produtos\",\"item\":\"https:\/\/atyges.es\/pt\/shop\/\"},{\"@type\":\"ListItem\",\"position\":3,\"name\":\"LiDAR OS2-32 canales\"}]},{\"@type\":\"WebSite\",\"@id\":\"https:\/\/atyges.es\/pt\/#website\",\"url\":\"https:\/\/atyges.es\/pt\/\",\"name\":\"ATyges\",\"description\":\"\",\"publisher\":{\"@id\":\"https:\/\/atyges.es\/pt\/#organization\"},\"potentialAction\":[{\"@type\":\"SearchAction\",\"target\":{\"@type\":\"EntryPoint\",\"urlTemplate\":\"https:\/\/atyges.es\/pt\/?s={search_term_string}\"},\"query-input\":{\"@type\":\"PropertyValueSpecification\",\"valueRequired\":true,\"valueName\":\"search_term_string\"}}],\"inLanguage\":\"pt-PT\"},{\"@type\":\"Organization\",\"@id\":\"https:\/\/atyges.es\/pt\/#organization\",\"name\":\"Atyges\",\"url\":\"https:\/\/atyges.es\/pt\/\",\"logo\":{\"@type\":\"ImageObject\",\"inLanguage\":\"pt-PT\",\"@id\":\"https:\/\/atyges.es\/pt\/#\/schema\/logo\/image\/\",\"url\":\"https:\/\/atyges.es\/wp-content\/uploads\/2022\/01\/Logo_ATyges_Store.png\",\"contentUrl\":\"https:\/\/atyges.es\/wp-content\/uploads\/2022\/01\/Logo_ATyges_Store.png\",\"width\":1228,\"height\":200,\"caption\":\"Atyges\"},\"image\":{\"@id\":\"https:\/\/atyges.es\/pt\/#\/schema\/logo\/image\/\"}}]}<\/script>\n<!-- \/ Yoast SEO plugin. -->","yoast_head_json":{"title":"Lidar digital Ouster OS2","description":"Lidar digital de m\u00e1xima resoluci\u00f3n y largo alcance | Reseller Oficial Ouster | ATyges","robots":{"index":"index","follow":"follow","max-snippet":"max-snippet:-1","max-image-preview":"max-image-preview:large","max-video-preview":"max-video-preview:-1"},"canonical":"https:\/\/atyges.es\/pt\/product\/lidar-os2-32-canales\/","og_locale":"pt_PT","og_type":"article","og_title":"Lidar digital Ouster OS2","og_description":"Lidar digital de m\u00e1xima resoluci\u00f3n y largo alcance | Reseller Oficial Ouster | ATyges","og_url":"https:\/\/atyges.es\/pt\/product\/lidar-os2-32-canales\/","og_site_name":"ATyges","article_modified_time":"2022-09-08T18:08:10+00:00","og_image":[{"width":2300,"height":2300,"url":"https:\/\/atyges.es\/wp-content\/uploads\/2021\/01\/OS2-atyges.jpg","type":"image\/jpeg"}],"twitter_card":"summary_large_image","twitter_misc":{"Tempo estimado de leitura":"3 minutos"},"schema":{"@context":"https:\/\/schema.org","@graph":[{"@type":"WebPage","@id":"https:\/\/atyges.es\/pt\/product\/lidar-os2-32-canales\/","url":"https:\/\/atyges.es\/pt\/product\/lidar-os2-32-canales\/","name":"Lidar digital Ouster OS2","isPartOf":{"@id":"https:\/\/atyges.es\/pt\/#website"},"primaryImageOfPage":{"@id":"https:\/\/atyges.es\/pt\/product\/lidar-os2-32-canales\/#primaryimage"},"image":{"@id":"https:\/\/atyges.es\/pt\/product\/lidar-os2-32-canales\/#primaryimage"},"thumbnailUrl":"https:\/\/atyges.es\/wp-content\/uploads\/2021\/01\/OS2-atyges.jpg","datePublished":"2021-01-05T16:22:36+00:00","dateModified":"2022-09-08T18:08:10+00:00","description":"Lidar digital de m\u00e1xima resoluci\u00f3n y largo alcance | Reseller Oficial Ouster | ATyges","breadcrumb":{"@id":"https:\/\/atyges.es\/pt\/product\/lidar-os2-32-canales\/#breadcrumb"},"inLanguage":"pt-PT","potentialAction":[{"@type":"ReadAction","target":["https:\/\/atyges.es\/pt\/product\/lidar-os2-32-canales\/"]}]},{"@type":"ImageObject","inLanguage":"pt-PT","@id":"https:\/\/atyges.es\/pt\/product\/lidar-os2-32-canales\/#primaryimage","url":"https:\/\/atyges.es\/wp-content\/uploads\/2021\/01\/OS2-atyges.jpg","contentUrl":"https:\/\/atyges.es\/wp-content\/uploads\/2021\/01\/OS2-atyges.jpg","width":2300,"height":2300,"caption":"OS2-atyges"},{"@type":"BreadcrumbList","@id":"https:\/\/atyges.es\/pt\/product\/lidar-os2-32-canales\/#breadcrumb","itemListElement":[{"@type":"ListItem","position":1,"name":"Portada","item":"https:\/\/atyges.es\/pt\/"},{"@type":"ListItem","position":2,"name":"Produtos","item":"https:\/\/atyges.es\/pt\/shop\/"},{"@type":"ListItem","position":3,"name":"LiDAR OS2-32 canales"}]},{"@type":"WebSite","@id":"https:\/\/atyges.es\/pt\/#website","url":"https:\/\/atyges.es\/pt\/","name":"ATyges","description":"","publisher":{"@id":"https:\/\/atyges.es\/pt\/#organization"},"potentialAction":[{"@type":"SearchAction","target":{"@type":"EntryPoint","urlTemplate":"https:\/\/atyges.es\/pt\/?s={search_term_string}"},"query-input":{"@type":"PropertyValueSpecification","valueRequired":true,"valueName":"search_term_string"}}],"inLanguage":"pt-PT"},{"@type":"Organization","@id":"https:\/\/atyges.es\/pt\/#organization","name":"Atyges","url":"https:\/\/atyges.es\/pt\/","logo":{"@type":"ImageObject","inLanguage":"pt-PT","@id":"https:\/\/atyges.es\/pt\/#\/schema\/logo\/image\/","url":"https:\/\/atyges.es\/wp-content\/uploads\/2022\/01\/Logo_ATyges_Store.png","contentUrl":"https:\/\/atyges.es\/wp-content\/uploads\/2022\/01\/Logo_ATyges_Store.png","width":1228,"height":200,"caption":"Atyges"},"image":{"@id":"https:\/\/atyges.es\/pt\/#\/schema\/logo\/image\/"}}]}},"jetpack_sharing_enabled":true,"_links":{"self":[{"href":"https:\/\/atyges.es\/pt\/wp-json\/wp\/v2\/product\/26638","targetHints":{"allow":["GET"]}}],"collection":[{"href":"https:\/\/atyges.es\/pt\/wp-json\/wp\/v2\/product"}],"about":[{"href":"https:\/\/atyges.es\/pt\/wp-json\/wp\/v2\/types\/product"}],"wp:featuredmedia":[{"embeddable":true,"href":"https:\/\/atyges.es\/pt\/wp-json\/wp\/v2\/media\/16404"}],"wp:attachment":[{"href":"https:\/\/atyges.es\/pt\/wp-json\/wp\/v2\/media?parent=26638"}],"wp:term":[{"taxonomy":"product_brand","embeddable":true,"href":"https:\/\/atyges.es\/pt\/wp-json\/wp\/v2\/product_brand?post=26638"},{"taxonomy":"product_cat","embeddable":true,"href":"https:\/\/atyges.es\/pt\/wp-json\/wp\/v2\/product_cat?post=26638"},{"taxonomy":"product_tag","embeddable":true,"href":"https:\/\/atyges.es\/pt\/wp-json\/wp\/v2\/product_tag?post=26638"}],"curies":[{"name":"wp","href":"https:\/\/api.w.org\/{rel}","templated":true}]}}