{"id":26450,"date":"2022-08-29T19:05:35","date_gmt":"2022-08-29T18:05:35","guid":{"rendered":"https:\/\/atyges.es\/product\/gps-emlid-reach-rx\/"},"modified":"2024-12-03T00:00:17","modified_gmt":"2024-12-02T23:00:17","slug":"gps-emlid-reach-rx","status":"publish","type":"product","link":"https:\/\/atyges.es\/pt\/product\/gps-emlid-reach-rx\/","title":{"rendered":"GPS Emlid Reach RX"},"content":{"rendered":"<h1>GPS Emlid Reach RX<\/h1>\n<h2>Equipamento GPS GNSS Rover com precis\u00e3o de cent\u00edmetros<\/h2>\n<p><span class=\"VIiyi\" lang=\"es\"><span class=\"JLqJ4b\" data-language-for-alternatives=\"es\" data-language-to-translate-into=\"en\" data-phrase-index=\"0\" data-number-of-phrases=\"1\"><span class=\"Q4iAWc\"><span class=\"VIiyi\" lang=\"pt\"><span class=\"JLqJ4b ChMk0b\" data-language-for-alternatives=\"pt\" data-language-to-translate-into=\"es\" data-phrase-index=\"0\" data-number-of-phrases=\"2\">Equipamentos pequenos e leves para coleta de dados com precis\u00e3o de cent\u00edmetros.<\/span> <span class=\"JLqJ4b ChMk0b\" data-language-for-alternatives=\"pt\" data-language-to-translate-into=\"es\" data-phrase-index=\"1\" data-number-of-phrases=\"2\">Trabalha com corre\u00e7\u00f5es de rede (NTRIP).<\/span><\/span><\/span><\/span><\/span><\/p>\n<p><img loading=\"lazy\" decoding=\"async\" class=\"aligncenter size-shop_single wp-image-26425\" src=\"https:\/\/atyges.es\/wp-content\/uploads\/2022\/08\/Reach-RX_Atyges6-600x331.jpg\" alt=\"Reach RX -photo\" width=\"600\" height=\"331\" srcset=\"https:\/\/atyges.es\/wp-content\/uploads\/2022\/08\/Reach-RX_Atyges6-600x331.jpg 600w, https:\/\/atyges.es\/wp-content\/uploads\/2022\/08\/Reach-RX_Atyges6-300x165.jpg 300w, https:\/\/atyges.es\/wp-content\/uploads\/2022\/08\/Reach-RX_Atyges6-1024x564.jpg 1024w, https:\/\/atyges.es\/wp-content\/uploads\/2022\/08\/Reach-RX_Atyges6-173x95.jpg 173w, https:\/\/atyges.es\/wp-content\/uploads\/2022\/08\/Reach-RX_Atyges6.jpg 1920w\" sizes=\"auto, (max-width: 600px) 100vw, 600px\" \/><\/p>\n<p><span class=\"VIiyi\" lang=\"es\"><span class=\"JLqJ4b\" data-language-for-alternatives=\"es\" data-language-to-translate-into=\"en\" data-phrase-index=\"0\" data-number-of-phrases=\"1\"><span class=\"Q4iAWc\">Funciona com o aplicativo <strong>ReachView 3<\/strong> e \u00e9 compat\u00edvel com aplicativos de terceiros.<\/span><\/span><\/span><\/p>\n<h2><span class=\"VIiyi\" lang=\"es\"><span class=\"JLqJ4b\" data-language-for-alternatives=\"es\" data-language-to-translate-into=\"en\" data-phrase-index=\"0\" data-number-of-phrases=\"1\"><span class=\"Q4iAWc\"><span class=\"VIiyi\" lang=\"pt\"><span class=\"JLqJ4b ChMk0b\" data-language-for-alternatives=\"pt\" data-language-to-translate-into=\"es\" data-phrase-index=\"0\" data-number-of-phrases=\"1\">F\u00e1cil de colocar em funcionamento, sem necessidade de configura\u00e7\u00e3o<\/span><\/span><\/span><\/span><\/span><\/h2>\n<p><span class=\"VIiyi\" lang=\"pt\"><span class=\"JLqJ4b ChMk0b\" data-language-for-alternatives=\"pt\" data-language-to-translate-into=\"es\" data-phrase-index=\"0\" data-number-of-phrases=\"5\"><span class=\"Q4iAWc\"><strong>Reach RX<\/strong> usa Bluetooth Low Energy (BLE) que permite conectar e come\u00e7ar a medir com seu smartphone ou tablet em segundos.<\/span><\/span> <span class=\"JLqJ4b ChMk0b\" data-language-for-alternatives=\"pt\" data-language-to-translate-into=\"es\" data-phrase-index=\"1\" data-number-of-phrases=\"5\"><span class=\"Q4iAWc\">Ative o Bluetooth em seu dispositivo iOS ou Android, encontre seu Reach RX no <strong>ReachView 3<\/strong>, adicione credenciais de corre\u00e7\u00e3o de rede e obtenha seu primeiro ponto.<\/span><\/span> <span class=\"JLqJ4b ChMk0b\" data-language-for-alternatives=\"pt\" data-language-to-translate-into=\"es\" data-phrase-index=\"2\" data-number-of-phrases=\"5\"><span class=\"Q4iAWc\">N\u00e3o h\u00e1 configura\u00e7\u00e3o para dar errado.<\/span><\/span> <\/span><\/p>\n<p style=\"text-align: center;\"><strong><span class=\"VIiyi\" lang=\"pt\"><span class=\"JLqJ4b ChMk0b\" data-language-for-alternatives=\"pt\" data-language-to-translate-into=\"es\" data-phrase-index=\"4\" data-number-of-phrases=\"5\"><span class=\"Q4iAWc\">Mais f\u00e1cil imposs\u00edvel!<\/span><\/span><\/span><\/strong><\/p>\n<div style=\"width: 608px;\" class=\"wp-video\"><video class=\"wp-video-shortcode\" id=\"video-26450-1\" width=\"608\" height=\"1080\" preload=\"metadata\" controls=\"controls\"><source type=\"video\/mp4\" src=\"https:\/\/atyges.es\/wp-content\/uploads\/2022\/08\/Reach-RX-power-on.mp4?_=1\" \/><a href=\"https:\/\/atyges.es\/wp-content\/uploads\/2022\/08\/Reach-RX-power-on.mp4\">https:\/\/atyges.es\/wp-content\/uploads\/2022\/08\/Reach-RX-power-on.mp4<\/a><\/video><\/div>\n<h2><span class=\"VIiyi\" lang=\"es\"><span class=\"JLqJ4b\" data-language-for-alternatives=\"es\" data-language-to-translate-into=\"en\" data-phrase-index=\"0\" data-number-of-phrases=\"1\"><span class=\"Q4iAWc\"><span class=\"VIiyi\" lang=\"pt\"><span class=\"JLqJ4b ChMk0b\" data-language-for-alternatives=\"pt\" data-language-to-translate-into=\"es\" data-phrase-index=\"0\" data-number-of-phrases=\"3\">Resultados precisos ao cent\u00edmetro<\/span><\/span><\/span><\/span><\/span><\/h2>\n<p><span class=\"VIiyi\" lang=\"es\"><span class=\"JLqJ4b\" data-language-for-alternatives=\"es\" data-language-to-translate-into=\"en\" data-phrase-index=\"0\" data-number-of-phrases=\"1\"><span class=\"Q4iAWc\"><span class=\"VIiyi\" lang=\"pt\"><span class=\"JLqJ4b ChMk0b\" data-language-for-alternatives=\"pt\" data-language-to-translate-into=\"es\" data-phrase-index=\"2\" data-number-of-phrases=\"3\"><strong>Reach RX<\/strong> rastreia GPS\/QZSS, Galileo, Glonass e Beidou e obt\u00e9m uma corre\u00e7\u00e3o em menos de 5 segundos, mesmo em condi\u00e7\u00f5es dif\u00edceis.<\/span><\/span><br \/>\n<\/span><\/span><\/span><\/p>\n<p><img loading=\"lazy\" decoding=\"async\" class=\"aligncenter size-shop_single wp-image-26431\" src=\"https:\/\/atyges.es\/wp-content\/uploads\/2022\/08\/Reach-RX_Atyges7-600x418.jpg\" alt=\"Reach RX - Estructura\" width=\"600\" height=\"418\" srcset=\"https:\/\/atyges.es\/wp-content\/uploads\/2022\/08\/Reach-RX_Atyges7-600x418.jpg 600w, https:\/\/atyges.es\/wp-content\/uploads\/2022\/08\/Reach-RX_Atyges7-300x209.jpg 300w, https:\/\/atyges.es\/wp-content\/uploads\/2022\/08\/Reach-RX_Atyges7-1024x713.jpg 1024w, https:\/\/atyges.es\/wp-content\/uploads\/2022\/08\/Reach-RX_Atyges7-173x120.jpg 173w, https:\/\/atyges.es\/wp-content\/uploads\/2022\/08\/Reach-RX_Atyges7.jpg 1920w\" sizes=\"auto, (max-width: 600px) 100vw, 600px\" \/><\/p>\n<h2><span class=\"VIiyi\" lang=\"es\"><span class=\"JLqJ4b\" data-language-for-alternatives=\"es\" data-language-to-translate-into=\"en\" data-phrase-index=\"0\" data-number-of-phrases=\"1\"><span class=\"Q4iAWc\"><span class=\"VIiyi\" lang=\"pt\"><span class=\"JLqJ4b ChMk0b\" data-language-for-alternatives=\"pt\" data-language-to-translate-into=\"es\" data-phrase-index=\"0\" data-number-of-phrases=\"4\">Bolso e luz<\/span><\/span><\/span><\/span><\/span><\/h2>\n<p><span class=\"VIiyi\" lang=\"es\"><span class=\"JLqJ4b\" data-language-for-alternatives=\"es\" data-language-to-translate-into=\"en\" data-phrase-index=\"0\" data-number-of-phrases=\"1\"><span class=\"Q4iAWc\"><span class=\"VIiyi\" lang=\"pt\"><span class=\"JLqJ4b ChMk0b\" data-language-for-alternatives=\"pt\" data-language-to-translate-into=\"es\" data-phrase-index=\"2\" data-number-of-phrases=\"4\">O peso do <strong>Reach RX<\/strong> \u00e9 de apenas 250 gramas.<\/span> <span class=\"JLqJ4b ChMk0b\" data-language-for-alternatives=\"pt\" data-language-to-translate-into=\"es\" data-phrase-index=\"3\" data-number-of-phrases=\"4\">Leve para qualquer lugar: pesa menos que uma lata de refrigerante e cabe em qualquer porta-luvas ou bolso de mochila.<\/span><\/span><\/span><\/span><\/span><\/p>\n<p><img loading=\"lazy\" decoding=\"async\" class=\"aligncenter size-shop_single wp-image-26422\" src=\"https:\/\/atyges.es\/wp-content\/uploads\/2022\/08\/Reach-RX_Atyges8-600x800.jpg\" alt=\"Reach RX - peso - atyges\" width=\"600\" height=\"800\" srcset=\"https:\/\/atyges.es\/wp-content\/uploads\/2022\/08\/Reach-RX_Atyges8-600x800.jpg 600w, https:\/\/atyges.es\/wp-content\/uploads\/2022\/08\/Reach-RX_Atyges8-225x300.jpg 225w, https:\/\/atyges.es\/wp-content\/uploads\/2022\/08\/Reach-RX_Atyges8-768x1024.jpg 768w, https:\/\/atyges.es\/wp-content\/uploads\/2022\/08\/Reach-RX_Atyges8-130x173.jpg 130w, https:\/\/atyges.es\/wp-content\/uploads\/2022\/08\/Reach-RX_Atyges8.jpg 1512w\" sizes=\"auto, (max-width: 600px) 100vw, 600px\" \/><\/p>\n<h2><span class=\"VIiyi\" lang=\"es\"><span class=\"JLqJ4b\" data-language-for-alternatives=\"es\" data-language-to-translate-into=\"en\" data-phrase-index=\"0\" data-number-of-phrases=\"1\"><span class=\"Q4iAWc\"><span class=\"VIiyi\" lang=\"pt\"><span class=\"JLqJ4b ChMk0b\" data-language-for-alternatives=\"pt\" data-language-to-translate-into=\"es\" data-phrase-index=\"0\" data-number-of-phrases=\"5\">N\u00e3o h\u00e1 necessidade de treinamento especial<\/span><\/span><\/span><\/span><\/span><\/h2>\n<p><span class=\"VIiyi\" lang=\"es\"><span class=\"JLqJ4b\" data-language-for-alternatives=\"es\" data-language-to-translate-into=\"en\" data-phrase-index=\"0\" data-number-of-phrases=\"1\"><span class=\"Q4iAWc\"><span class=\"VIiyi\" lang=\"pt\"><span class=\"JLqJ4b ChMk0b\" data-language-for-alternatives=\"pt\" data-language-to-translate-into=\"es\" data-phrase-index=\"2\" data-number-of-phrases=\"5\">Com o <strong>Reach RX<\/strong>, voc\u00ea pode esquecer de gastar tempo com treinamento e treinamento em sala de aula.<\/span> <span class=\"JLqJ4b ChMk0b\" data-language-for-alternatives=\"pt\" data-language-to-translate-into=\"es\" data-phrase-index=\"3\" data-number-of-phrases=\"5\">O <strong>Reach RX<\/strong> foi projetado para atender \u00e0s expectativas de profissionais experientes e n\u00e3o agrimensores que precisam de resultados altamente precisos.<\/span> <span class=\"JLqJ4b ChMk0b\" data-language-for-alternatives=\"pt\" data-language-to-translate-into=\"es\" data-phrase-index=\"4\" data-number-of-phrases=\"5\">Agora qualquer membro da equipe pode come\u00e7ar a usar o RTK.<\/span><\/span><\/span><\/span><\/span><\/p>\n<h2><span class=\"VIiyi\" lang=\"es\"><span class=\"JLqJ4b ChMk0b\" data-language-for-alternatives=\"es\" data-language-to-translate-into=\"en\" data-phrase-index=\"0\" data-number-of-phrases=\"16\"><span class=\"Q4iAWc\">Compacto e resistente<\/span><\/span> <\/span><\/h2>\n<ul>\n<li><span class=\"VIiyi\" lang=\"es\"><span class=\"JLqJ4b ChMk0b\" data-language-for-alternatives=\"es\" data-language-to-translate-into=\"en\" data-phrase-index=\"2\" data-number-of-phrases=\"16\"><span class=\"Q4iAWc\">250 gramas<\/span><\/span> <\/span><\/li>\n<li><span class=\"VIiyi\" lang=\"es\"><span class=\"JLqJ4b ChMk0b\" data-language-for-alternatives=\"es\" data-language-to-translate-into=\"en\" data-phrase-index=\"4\" data-number-of-phrases=\"16\"><span class=\"Q4iAWc\">172mm x 51mm x 39mm<\/span><\/span> <\/span><\/li>\n<li>IP68<\/li>\n<li>-20 a +65\u00baC<\/li>\n<\/ul>\n<p><span class=\"VIiyi\" lang=\"pt\"><span class=\"JLqJ4b ChMk0b\" data-language-for-alternatives=\"pt\" data-language-to-translate-into=\"es\" data-phrase-index=\"0\" data-number-of-phrases=\"6\"><span class=\"Q4iAWc\">Ele pesa como um controle remoto de TV e pode ser carregado no bolso.<\/span><\/span> <\/span><\/p>\n<p><span class=\"VIiyi\" lang=\"pt\"><span class=\"JLqJ4b ChMk0b\" data-language-for-alternatives=\"pt\" data-language-to-translate-into=\"es\" data-phrase-index=\"2\" data-number-of-phrases=\"6\"><span class=\"Q4iAWc\"><strong>Reach RX<\/strong> \u00e9 \u00e0 prova d&#8217;\u00e1gua at\u00e9 uma profundidade de 1,5 m.<\/span><\/span> <span class=\"JLqJ4b ChMk0b\" data-language-for-alternatives=\"pt\" data-language-to-translate-into=\"es\" data-phrase-index=\"3\" data-number-of-phrases=\"6\"><span class=\"Q4iAWc\">Todos os conectores s\u00e3o completamente vedados e protegidos contra \u00e1gua e poeira com plugues de silicone.<\/span><\/span> <\/span><\/p>\n<p><span class=\"VIiyi\" lang=\"pt\"><span class=\"JLqJ4b ChMk0b\" data-language-for-alternatives=\"pt\" data-language-to-translate-into=\"es\" data-phrase-index=\"5\" data-number-of-phrases=\"6\"><span class=\"Q4iAWc\">Testamos extensivamente o <strong>Reach RX<\/strong> em condi\u00e7\u00f5es que simulam os invernos mais frios e os ver\u00f5es mais quentes.<\/span><\/span><\/span><\/p>\n<h2>Bateria industrial<\/h2>\n<h3>Bateria de \u00edon de l\u00edtio<\/h3>\n<p>Bateria industrial que resiste bem a altas e baixas temperaturas.<\/p>\n<h3>16 horas de trabalho<\/h3>\n<p>Dia inteiro de trabalho para 1 hora de carga. Voc\u00ea pode carregar em qualquer lugar a partir de qualquer porta USB e powerbank com o cabo que acompanha o Reach RX.<\/p>\n<h3>Mais de 2.000 ciclos<\/h3>\n<p>carga e descarga mantendo a capacidade original.<\/p>\n\n\n<div class=\"kk-star-ratings kksr-auto kksr-align-center kksr-valign-bottom\"\n    data-payload='{&quot;align&quot;:&quot;center&quot;,&quot;id&quot;:&quot;26450&quot;,&quot;slug&quot;:&quot;default&quot;,&quot;valign&quot;:&quot;bottom&quot;,&quot;ignore&quot;:&quot;&quot;,&quot;reference&quot;:&quot;auto&quot;,&quot;class&quot;:&quot;&quot;,&quot;count&quot;:&quot;0&quot;,&quot;legendonly&quot;:&quot;&quot;,&quot;readonly&quot;:&quot;&quot;,&quot;score&quot;:&quot;0&quot;,&quot;starsonly&quot;:&quot;&quot;,&quot;best&quot;:&quot;5&quot;,&quot;gap&quot;:&quot;5&quot;,&quot;greet&quot;:&quot;Val\u00f3ranos&quot;,&quot;legend&quot;:&quot;0\\\/5 - (0 votes)&quot;,&quot;size&quot;:&quot;24&quot;,&quot;title&quot;:&quot;GPS Emlid Reach RX&quot;,&quot;width&quot;:&quot;0&quot;,&quot;_legend&quot;:&quot;{score}\\\/{best} - ({count} {votes})&quot;,&quot;font_factor&quot;:&quot;1.25&quot;}'>\n            \n<div class=\"kksr-stars\">\n    \n<div class=\"kksr-stars-inactive\">\n            <div class=\"kksr-star\" data-star=\"1\" style=\"padding-right: 5px\">\n            \n\n<div class=\"kksr-icon\" style=\"width: 24px; height: 24px;\"><\/div>\n        <\/div>\n            <div class=\"kksr-star\" data-star=\"2\" style=\"padding-right: 5px\">\n            \n\n<div class=\"kksr-icon\" style=\"width: 24px; height: 24px;\"><\/div>\n        <\/div>\n            <div class=\"kksr-star\" data-star=\"3\" style=\"padding-right: 5px\">\n            \n\n<div class=\"kksr-icon\" style=\"width: 24px; height: 24px;\"><\/div>\n        <\/div>\n            <div class=\"kksr-star\" data-star=\"4\" style=\"padding-right: 5px\">\n            \n\n<div class=\"kksr-icon\" style=\"width: 24px; height: 24px;\"><\/div>\n        <\/div>\n            <div class=\"kksr-star\" data-star=\"5\" style=\"padding-right: 5px\">\n            \n\n<div class=\"kksr-icon\" style=\"width: 24px; height: 24px;\"><\/div>\n        <\/div>\n    <\/div>\n    \n<div class=\"kksr-stars-active\" style=\"width: 0px;\">\n            <div class=\"kksr-star\" style=\"padding-right: 5px\">\n            \n\n<div class=\"kksr-icon\" style=\"width: 24px; height: 24px;\"><\/div>\n        <\/div>\n            <div class=\"kksr-star\" style=\"padding-right: 5px\">\n            \n\n<div class=\"kksr-icon\" style=\"width: 24px; height: 24px;\"><\/div>\n        <\/div>\n            <div class=\"kksr-star\" style=\"padding-right: 5px\">\n            \n\n<div class=\"kksr-icon\" style=\"width: 24px; height: 24px;\"><\/div>\n        <\/div>\n            <div class=\"kksr-star\" style=\"padding-right: 5px\">\n            \n\n<div class=\"kksr-icon\" style=\"width: 24px; height: 24px;\"><\/div>\n        <\/div>\n            <div class=\"kksr-star\" style=\"padding-right: 5px\">\n            \n\n<div class=\"kksr-icon\" style=\"width: 24px; height: 24px;\"><\/div>\n        <\/div>\n    <\/div>\n<\/div>\n                \n\n<div class=\"kksr-legend\" style=\"font-size: 19.2px;\">\n            <span class=\"kksr-muted\">Val\u00f3ranos<\/span>\n    <\/div>\n    <\/div>\n","protected":false},"excerpt":{"rendered":"<p>Receptor topogr\u00e1fico multifrequ\u00eancia <strong>GPS RTK Reach RX<\/strong> (Rover) com m\u00e1xima precis\u00e3o e leveza.<\/p>\n<p>Inclui o aplicativo de controle <strong>ReachView 3<\/strong> gratuito para levantamento e defini\u00e7\u00e3o de pontos.<\/p>\n<p>Trabalha com corre\u00e7\u00f5es de rede (NTRIP).<\/p>\n","protected":false},"featured_media":26443,"template":"","meta":[],"product_brand":[],"product_cat":[1849,1612],"product_tag":[1407,1404,1491,1492,1406],"class_list":{"0":"post-26450","1":"product","2":"type-product","3":"status-publish","4":"has-post-thumbnail","6":"product_cat-black-friday-pt","7":"product_cat-descontinuado-emlid-gps","8":"product_tag-gnss-pt","9":"product_tag-gps-pt","10":"product_tag-reach-rx-pt","11":"product_tag-rover-pt","12":"product_tag-rtk-pt","13":"product_shipping_class-emlid-pt","15":"first","16":"outofstock","17":"taxable","18":"shipping-taxable","19":"purchasable","20":"product-type-simple"},"yoast_head":"<!-- This site is optimized with the Yoast SEO plugin v27.2 - https:\/\/yoast.com\/product\/yoast-seo-wordpress\/ -->\n<title>GPS RTK Reach RX | Emlid Distribuidor Oficial | ATyges \u00ae<\/title>\n<meta name=\"description\" content=\"GPS GNSS Rover para Topografia e Mapeamento. \u2b50 Precis\u00e3o e Pre\u00e7o Imbat\u00edveis \u2705\u30101\u00ba Distribuidor Oficial Emlid\u3011\u2705.\" \/>\n<meta name=\"robots\" content=\"index, follow, max-snippet:-1, max-image-preview:large, max-video-preview:-1\" \/>\n<link rel=\"canonical\" href=\"https:\/\/atyges.es\/pt\/product\/gps-emlid-reach-rx\/\" \/>\n<meta property=\"og:locale\" content=\"pt_PT\" \/>\n<meta property=\"og:type\" content=\"article\" \/>\n<meta property=\"og:title\" content=\"GPS RTK Reach RX | Emlid Distribuidor Oficial | ATyges \u00ae\" \/>\n<meta property=\"og:description\" content=\"GPS GNSS Rover para Topografia e Mapeamento. \u2b50 Precis\u00e3o e Pre\u00e7o Imbat\u00edveis \u2705\u30101\u00ba Distribuidor Oficial Emlid\u3011\u2705.\" \/>\n<meta property=\"og:url\" content=\"https:\/\/atyges.es\/pt\/product\/gps-emlid-reach-rx\/\" \/>\n<meta property=\"og:site_name\" content=\"ATyges\" \/>\n<meta property=\"article:modified_time\" content=\"2024-12-02T23:00:17+00:00\" \/>\n<meta property=\"og:image\" content=\"https:\/\/atyges.es\/wp-content\/uploads\/2022\/08\/Reach-RX_Atyges.jpg\" \/>\n\t<meta property=\"og:image:width\" content=\"500\" \/>\n\t<meta property=\"og:image:height\" content=\"500\" \/>\n\t<meta property=\"og:image:type\" content=\"image\/jpeg\" \/>\n<meta name=\"twitter:card\" content=\"summary_large_image\" \/>\n<meta name=\"twitter:label1\" content=\"Tempo estimado de leitura\" \/>\n\t<meta name=\"twitter:data1\" content=\"2 minutos\" \/>\n<script type=\"application\/ld+json\" class=\"yoast-schema-graph\">{\"@context\":\"https:\/\/schema.org\",\"@graph\":[{\"@type\":\"WebPage\",\"@id\":\"https:\/\/atyges.es\/pt\/product\/gps-emlid-reach-rx\/\",\"url\":\"https:\/\/atyges.es\/pt\/product\/gps-emlid-reach-rx\/\",\"name\":\"GPS RTK Reach RX | Emlid Distribuidor Oficial | ATyges \u00ae\",\"isPartOf\":{\"@id\":\"https:\/\/atyges.es\/pt\/#website\"},\"primaryImageOfPage\":{\"@id\":\"https:\/\/atyges.es\/pt\/product\/gps-emlid-reach-rx\/#primaryimage\"},\"image\":{\"@id\":\"https:\/\/atyges.es\/pt\/product\/gps-emlid-reach-rx\/#primaryimage\"},\"thumbnailUrl\":\"https:\/\/atyges.es\/wp-content\/uploads\/2022\/08\/Reach-RX_Atyges.jpg\",\"datePublished\":\"2022-08-29T18:05:35+00:00\",\"dateModified\":\"2024-12-02T23:00:17+00:00\",\"description\":\"GPS GNSS Rover para Topografia e Mapeamento. \u2b50 Precis\u00e3o e Pre\u00e7o Imbat\u00edveis \u2705\u30101\u00ba Distribuidor Oficial Emlid\u3011\u2705.\",\"breadcrumb\":{\"@id\":\"https:\/\/atyges.es\/pt\/product\/gps-emlid-reach-rx\/#breadcrumb\"},\"inLanguage\":\"pt-PT\",\"potentialAction\":[{\"@type\":\"ReadAction\",\"target\":[\"https:\/\/atyges.es\/pt\/product\/gps-emlid-reach-rx\/\"]}]},{\"@type\":\"ImageObject\",\"inLanguage\":\"pt-PT\",\"@id\":\"https:\/\/atyges.es\/pt\/product\/gps-emlid-reach-rx\/#primaryimage\",\"url\":\"https:\/\/atyges.es\/wp-content\/uploads\/2022\/08\/Reach-RX_Atyges.jpg\",\"contentUrl\":\"https:\/\/atyges.es\/wp-content\/uploads\/2022\/08\/Reach-RX_Atyges.jpg\",\"width\":500,\"height\":500,\"caption\":\"GPS Reach RX ATyges\"},{\"@type\":\"BreadcrumbList\",\"@id\":\"https:\/\/atyges.es\/pt\/product\/gps-emlid-reach-rx\/#breadcrumb\",\"itemListElement\":[{\"@type\":\"ListItem\",\"position\":1,\"name\":\"Portada\",\"item\":\"https:\/\/atyges.es\/pt\/\"},{\"@type\":\"ListItem\",\"position\":2,\"name\":\"Produtos\",\"item\":\"https:\/\/atyges.es\/pt\/shop\/\"},{\"@type\":\"ListItem\",\"position\":3,\"name\":\"GPS Emlid Reach RX\"}]},{\"@type\":\"WebSite\",\"@id\":\"https:\/\/atyges.es\/pt\/#website\",\"url\":\"https:\/\/atyges.es\/pt\/\",\"name\":\"ATyges\",\"description\":\"\",\"publisher\":{\"@id\":\"https:\/\/atyges.es\/pt\/#organization\"},\"potentialAction\":[{\"@type\":\"SearchAction\",\"target\":{\"@type\":\"EntryPoint\",\"urlTemplate\":\"https:\/\/atyges.es\/pt\/?s={search_term_string}\"},\"query-input\":{\"@type\":\"PropertyValueSpecification\",\"valueRequired\":true,\"valueName\":\"search_term_string\"}}],\"inLanguage\":\"pt-PT\"},{\"@type\":\"Organization\",\"@id\":\"https:\/\/atyges.es\/pt\/#organization\",\"name\":\"Atyges\",\"url\":\"https:\/\/atyges.es\/pt\/\",\"logo\":{\"@type\":\"ImageObject\",\"inLanguage\":\"pt-PT\",\"@id\":\"https:\/\/atyges.es\/pt\/#\/schema\/logo\/image\/\",\"url\":\"https:\/\/atyges.es\/wp-content\/uploads\/2022\/01\/Logo_ATyges_Store.png\",\"contentUrl\":\"https:\/\/atyges.es\/wp-content\/uploads\/2022\/01\/Logo_ATyges_Store.png\",\"width\":1228,\"height\":200,\"caption\":\"Atyges\"},\"image\":{\"@id\":\"https:\/\/atyges.es\/pt\/#\/schema\/logo\/image\/\"}}]}<\/script>\n<!-- \/ Yoast SEO plugin. -->","yoast_head_json":{"title":"GPS RTK Reach RX | Emlid Distribuidor Oficial | ATyges \u00ae","description":"GPS GNSS Rover para Topografia e Mapeamento. \u2b50 Precis\u00e3o e Pre\u00e7o Imbat\u00edveis \u2705\u30101\u00ba Distribuidor Oficial Emlid\u3011\u2705.","robots":{"index":"index","follow":"follow","max-snippet":"max-snippet:-1","max-image-preview":"max-image-preview:large","max-video-preview":"max-video-preview:-1"},"canonical":"https:\/\/atyges.es\/pt\/product\/gps-emlid-reach-rx\/","og_locale":"pt_PT","og_type":"article","og_title":"GPS RTK Reach RX | Emlid Distribuidor Oficial | ATyges \u00ae","og_description":"GPS GNSS Rover para Topografia e Mapeamento. \u2b50 Precis\u00e3o e Pre\u00e7o Imbat\u00edveis \u2705\u30101\u00ba Distribuidor Oficial Emlid\u3011\u2705.","og_url":"https:\/\/atyges.es\/pt\/product\/gps-emlid-reach-rx\/","og_site_name":"ATyges","article_modified_time":"2024-12-02T23:00:17+00:00","og_image":[{"width":500,"height":500,"url":"https:\/\/atyges.es\/wp-content\/uploads\/2022\/08\/Reach-RX_Atyges.jpg","type":"image\/jpeg"}],"twitter_card":"summary_large_image","twitter_misc":{"Tempo estimado de leitura":"2 minutos"},"schema":{"@context":"https:\/\/schema.org","@graph":[{"@type":"WebPage","@id":"https:\/\/atyges.es\/pt\/product\/gps-emlid-reach-rx\/","url":"https:\/\/atyges.es\/pt\/product\/gps-emlid-reach-rx\/","name":"GPS RTK Reach RX | Emlid Distribuidor Oficial | ATyges \u00ae","isPartOf":{"@id":"https:\/\/atyges.es\/pt\/#website"},"primaryImageOfPage":{"@id":"https:\/\/atyges.es\/pt\/product\/gps-emlid-reach-rx\/#primaryimage"},"image":{"@id":"https:\/\/atyges.es\/pt\/product\/gps-emlid-reach-rx\/#primaryimage"},"thumbnailUrl":"https:\/\/atyges.es\/wp-content\/uploads\/2022\/08\/Reach-RX_Atyges.jpg","datePublished":"2022-08-29T18:05:35+00:00","dateModified":"2024-12-02T23:00:17+00:00","description":"GPS GNSS Rover para Topografia e Mapeamento. \u2b50 Precis\u00e3o e Pre\u00e7o Imbat\u00edveis \u2705\u30101\u00ba Distribuidor Oficial Emlid\u3011\u2705.","breadcrumb":{"@id":"https:\/\/atyges.es\/pt\/product\/gps-emlid-reach-rx\/#breadcrumb"},"inLanguage":"pt-PT","potentialAction":[{"@type":"ReadAction","target":["https:\/\/atyges.es\/pt\/product\/gps-emlid-reach-rx\/"]}]},{"@type":"ImageObject","inLanguage":"pt-PT","@id":"https:\/\/atyges.es\/pt\/product\/gps-emlid-reach-rx\/#primaryimage","url":"https:\/\/atyges.es\/wp-content\/uploads\/2022\/08\/Reach-RX_Atyges.jpg","contentUrl":"https:\/\/atyges.es\/wp-content\/uploads\/2022\/08\/Reach-RX_Atyges.jpg","width":500,"height":500,"caption":"GPS Reach RX ATyges"},{"@type":"BreadcrumbList","@id":"https:\/\/atyges.es\/pt\/product\/gps-emlid-reach-rx\/#breadcrumb","itemListElement":[{"@type":"ListItem","position":1,"name":"Portada","item":"https:\/\/atyges.es\/pt\/"},{"@type":"ListItem","position":2,"name":"Produtos","item":"https:\/\/atyges.es\/pt\/shop\/"},{"@type":"ListItem","position":3,"name":"GPS Emlid Reach RX"}]},{"@type":"WebSite","@id":"https:\/\/atyges.es\/pt\/#website","url":"https:\/\/atyges.es\/pt\/","name":"ATyges","description":"","publisher":{"@id":"https:\/\/atyges.es\/pt\/#organization"},"potentialAction":[{"@type":"SearchAction","target":{"@type":"EntryPoint","urlTemplate":"https:\/\/atyges.es\/pt\/?s={search_term_string}"},"query-input":{"@type":"PropertyValueSpecification","valueRequired":true,"valueName":"search_term_string"}}],"inLanguage":"pt-PT"},{"@type":"Organization","@id":"https:\/\/atyges.es\/pt\/#organization","name":"Atyges","url":"https:\/\/atyges.es\/pt\/","logo":{"@type":"ImageObject","inLanguage":"pt-PT","@id":"https:\/\/atyges.es\/pt\/#\/schema\/logo\/image\/","url":"https:\/\/atyges.es\/wp-content\/uploads\/2022\/01\/Logo_ATyges_Store.png","contentUrl":"https:\/\/atyges.es\/wp-content\/uploads\/2022\/01\/Logo_ATyges_Store.png","width":1228,"height":200,"caption":"Atyges"},"image":{"@id":"https:\/\/atyges.es\/pt\/#\/schema\/logo\/image\/"}}]}},"jetpack_sharing_enabled":true,"_links":{"self":[{"href":"https:\/\/atyges.es\/pt\/wp-json\/wp\/v2\/product\/26450","targetHints":{"allow":["GET"]}}],"collection":[{"href":"https:\/\/atyges.es\/pt\/wp-json\/wp\/v2\/product"}],"about":[{"href":"https:\/\/atyges.es\/pt\/wp-json\/wp\/v2\/types\/product"}],"wp:featuredmedia":[{"embeddable":true,"href":"https:\/\/atyges.es\/pt\/wp-json\/wp\/v2\/media\/26443"}],"wp:attachment":[{"href":"https:\/\/atyges.es\/pt\/wp-json\/wp\/v2\/media?parent=26450"}],"wp:term":[{"taxonomy":"product_brand","embeddable":true,"href":"https:\/\/atyges.es\/pt\/wp-json\/wp\/v2\/product_brand?post=26450"},{"taxonomy":"product_cat","embeddable":true,"href":"https:\/\/atyges.es\/pt\/wp-json\/wp\/v2\/product_cat?post=26450"},{"taxonomy":"product_tag","embeddable":true,"href":"https:\/\/atyges.es\/pt\/wp-json\/wp\/v2\/product_tag?post=26450"}],"curies":[{"name":"wp","href":"https:\/\/api.w.org\/{rel}","templated":true}]}}