{"id":26345,"date":"2022-04-26T06:23:53","date_gmt":"2022-04-26T05:23:53","guid":{"rendered":"https:\/\/atyges.es\/product\/atygeo-thermal-m2ea\/"},"modified":"2022-04-26T06:23:53","modified_gmt":"2022-04-26T05:23:53","slug":"atygeo-thermal-m2ea","status":"publish","type":"product","link":"https:\/\/atyges.es\/pt\/produto\/atygeo-thermal-m2ea\/","title":{"rendered":"ATygeo Thermal M2EA"},"content":{"rendered":"\n\n<div class=\"kk-star-ratings kksr-auto kksr-align-center kksr-valign-bottom\"\n    data-payload='{&quot;align&quot;:&quot;center&quot;,&quot;id&quot;:&quot;26345&quot;,&quot;slug&quot;:&quot;default&quot;,&quot;valign&quot;:&quot;bottom&quot;,&quot;ignore&quot;:&quot;&quot;,&quot;reference&quot;:&quot;auto&quot;,&quot;class&quot;:&quot;&quot;,&quot;count&quot;:&quot;0&quot;,&quot;legendonly&quot;:&quot;&quot;,&quot;readonly&quot;:&quot;&quot;,&quot;score&quot;:&quot;0&quot;,&quot;starsonly&quot;:&quot;&quot;,&quot;best&quot;:&quot;5&quot;,&quot;gap&quot;:&quot;5&quot;,&quot;greet&quot;:&quot;Val\u00f3ranos&quot;,&quot;legend&quot;:&quot;0\\\/5 - (0 votes)&quot;,&quot;size&quot;:&quot;24&quot;,&quot;title&quot;:&quot;ATygeo Thermal M2EA&quot;,&quot;width&quot;:&quot;0&quot;,&quot;_legend&quot;:&quot;{score}\\\/{best} - ({count} {votes})&quot;,&quot;font_factor&quot;:&quot;1.25&quot;}'>\n            \n<div class=\"kksr-stars\">\n    \n<div class=\"kksr-stars-inactive\">\n            <div class=\"kksr-star\" data-star=\"1\" style=\"padding-right: 5px\">\n            \n\n<div class=\"kksr-icon\" style=\"width: 24px; height: 24px;\"><\/div>\n        <\/div>\n            <div class=\"kksr-star\" data-star=\"2\" style=\"padding-right: 5px\">\n            \n\n<div class=\"kksr-icon\" style=\"width: 24px; height: 24px;\"><\/div>\n        <\/div>\n            <div class=\"kksr-star\" data-star=\"3\" style=\"padding-right: 5px\">\n            \n\n<div class=\"kksr-icon\" style=\"width: 24px; height: 24px;\"><\/div>\n        <\/div>\n            <div class=\"kksr-star\" data-star=\"4\" style=\"padding-right: 5px\">\n            \n\n<div class=\"kksr-icon\" style=\"width: 24px; height: 24px;\"><\/div>\n        <\/div>\n            <div class=\"kksr-star\" data-star=\"5\" style=\"padding-right: 5px\">\n            \n\n<div class=\"kksr-icon\" style=\"width: 24px; height: 24px;\"><\/div>\n        <\/div>\n    <\/div>\n    \n<div class=\"kksr-stars-active\" style=\"width: 0px;\">\n            <div class=\"kksr-star\" style=\"padding-right: 5px\">\n            \n\n<div class=\"kksr-icon\" style=\"width: 24px; height: 24px;\"><\/div>\n        <\/div>\n            <div class=\"kksr-star\" style=\"padding-right: 5px\">\n            \n\n<div class=\"kksr-icon\" style=\"width: 24px; height: 24px;\"><\/div>\n        <\/div>\n            <div class=\"kksr-star\" style=\"padding-right: 5px\">\n            \n\n<div class=\"kksr-icon\" style=\"width: 24px; height: 24px;\"><\/div>\n        <\/div>\n            <div class=\"kksr-star\" style=\"padding-right: 5px\">\n            \n\n<div class=\"kksr-icon\" style=\"width: 24px; height: 24px;\"><\/div>\n        <\/div>\n            <div class=\"kksr-star\" style=\"padding-right: 5px\">\n            \n\n<div class=\"kksr-icon\" style=\"width: 24px; height: 24px;\"><\/div>\n        <\/div>\n    <\/div>\n<\/div>\n                \n\n<div class=\"kksr-legend\" style=\"font-size: 19.2px;\">\n            <span class=\"kksr-muted\">Val\u00f3ranos<\/span>\n    <\/div>\n    <\/div>\n","protected":false},"excerpt":{"rendered":"<p><strong>ATygeo Thermal<\/strong> para generar TIFF radiom\u00e9tricos de alta precisi\u00f3n para poder realizar ortomosaicos t\u00e9rmicos radiom\u00e9tricos.<\/p>\n<p><strong>ATygeo Thermal<\/strong> convierte los termogramas creados por el sensor <a href=\"https:\/\/atyges.es\/tienda\/mavic-2-enterprise-advance\/\">DJI Mavic 2 Enterprise Advance<\/a> a formato TIFF radiom\u00e9trico, permitiendo procesar esas im\u00e1genes convertidas con <a href=\"https:\/\/atyges.es\/tienda\/pix4d-mapper\/\">PIX4Dmapper<\/a> para obtener ortomosaicos t\u00e9rmicos radiom\u00e9tricos.<\/p>\n[embed]https:\/\/youtu.be\/4TMUFLSxohQ[\/embed]\n","protected":false},"featured_media":21424,"template":"","meta":[],"product_brand":[],"product_cat":[1286,1288,1237,1292],"product_tag":[1450,1451,1295],"class_list":{"0":"post-26345","1":"product","2":"type-product","3":"status-publish","4":"has-post-thumbnail","6":"product_cat-cameras-termograficas-pt","7":"product_cat-drones-para-inspecoes-tecnicas","8":"product_cat-mavic-2-enterprise-pt","9":"product_cat-topografia-e-software-de-engenharia","10":"product_tag-m2ea-thermal-pt","11":"product_tag-m2ea-tiff-pt","12":"product_tag-zenmuse-h20t-pt","14":"first","15":"instock","16":"virtual","17":"taxable","18":"purchasable","19":"product-type-simple"},"yoast_head":"<!-- This site is optimized with the Yoast SEO plugin v27.2 - https:\/\/yoast.com\/product\/yoast-seo-wordpress\/ -->\n<title>ATygeo Thermal | Convertendo para TIFF Mavic 2 Enterprise | ATyges \u00ae<\/title>\n<meta name=\"description\" content=\"ATygeo Thermal. \u2b50 ATyges, Especialistas em drones. \u2705\u3010Distribuidores Oficiales de DJI\u3011\u2705.\" \/>\n<meta name=\"robots\" content=\"index, follow, max-snippet:-1, max-image-preview:large, max-video-preview:-1\" \/>\n<link rel=\"canonical\" href=\"https:\/\/atyges.es\/pt\/produto\/atygeo-thermal-m2ea\/\" \/>\n<meta property=\"og:locale\" content=\"pt_PT\" \/>\n<meta property=\"og:type\" content=\"article\" \/>\n<meta property=\"og:title\" content=\"ATygeo Thermal | Convertendo para TIFF Mavic 2 Enterprise | ATyges \u00ae\" \/>\n<meta property=\"og:description\" content=\"ATygeo Thermal. \u2b50 ATyges, Especialistas em drones. \u2705\u3010Distribuidores Oficiales de DJI\u3011\u2705.\" \/>\n<meta property=\"og:url\" content=\"https:\/\/atyges.es\/pt\/produto\/atygeo-thermal-m2ea\/\" \/>\n<meta property=\"og:site_name\" content=\"ATyges\" \/>\n<meta property=\"og:image\" content=\"https:\/\/atyges.es\/wp-content\/uploads\/2021\/11\/ATygeo-Thermal-e1637091620345.jpg\" \/>\n\t<meta property=\"og:image:width\" content=\"764\" \/>\n\t<meta property=\"og:image:height\" content=\"668\" \/>\n\t<meta property=\"og:image:type\" content=\"image\/jpeg\" \/>\n<meta name=\"twitter:card\" content=\"summary_large_image\" \/>\n<script type=\"application\/ld+json\" class=\"yoast-schema-graph\">{\"@context\":\"https:\/\/schema.org\",\"@graph\":[{\"@type\":\"WebPage\",\"@id\":\"https:\/\/atyges.es\/pt\/produto\/atygeo-thermal-m2ea\/\",\"url\":\"https:\/\/atyges.es\/pt\/produto\/atygeo-thermal-m2ea\/\",\"name\":\"ATygeo Thermal | Convertendo para TIFF Mavic 2 Enterprise | ATyges \u00ae\",\"isPartOf\":{\"@id\":\"https:\/\/atyges.es\/pt\/#website\"},\"primaryImageOfPage\":{\"@id\":\"https:\/\/atyges.es\/pt\/produto\/atygeo-thermal-m2ea\/#primaryimage\"},\"image\":{\"@id\":\"https:\/\/atyges.es\/pt\/produto\/atygeo-thermal-m2ea\/#primaryimage\"},\"thumbnailUrl\":\"https:\/\/atyges.es\/wp-content\/uploads\/2021\/11\/ATygeo-Thermal-e1637091620345.jpg\",\"datePublished\":\"2022-04-26T05:23:53+00:00\",\"description\":\"ATygeo Thermal. \u2b50 ATyges, Especialistas em drones. \u2705\u3010Distribuidores Oficiales de DJI\u3011\u2705.\",\"breadcrumb\":{\"@id\":\"https:\/\/atyges.es\/pt\/produto\/atygeo-thermal-m2ea\/#breadcrumb\"},\"inLanguage\":\"pt-PT\",\"potentialAction\":[{\"@type\":\"ReadAction\",\"target\":[\"https:\/\/atyges.es\/pt\/produto\/atygeo-thermal-m2ea\/\"]}]},{\"@type\":\"ImageObject\",\"inLanguage\":\"pt-PT\",\"@id\":\"https:\/\/atyges.es\/pt\/produto\/atygeo-thermal-m2ea\/#primaryimage\",\"url\":\"https:\/\/atyges.es\/wp-content\/uploads\/2021\/11\/ATygeo-Thermal-e1637091620345.jpg\",\"contentUrl\":\"https:\/\/atyges.es\/wp-content\/uploads\/2021\/11\/ATygeo-Thermal-e1637091620345.jpg\",\"width\":764,\"height\":668,\"caption\":\"ATygeo Thermal\"},{\"@type\":\"BreadcrumbList\",\"@id\":\"https:\/\/atyges.es\/pt\/produto\/atygeo-thermal-m2ea\/#breadcrumb\",\"itemListElement\":[{\"@type\":\"ListItem\",\"position\":1,\"name\":\"Portada\",\"item\":\"https:\/\/atyges.es\/pt\/\"},{\"@type\":\"ListItem\",\"position\":2,\"name\":\"Produtos\",\"item\":\"https:\/\/atyges.es\/pt\/shop\/\"},{\"@type\":\"ListItem\",\"position\":3,\"name\":\"ATygeo Thermal M2EA\"}]},{\"@type\":\"WebSite\",\"@id\":\"https:\/\/atyges.es\/pt\/#website\",\"url\":\"https:\/\/atyges.es\/pt\/\",\"name\":\"ATyges\",\"description\":\"\",\"publisher\":{\"@id\":\"https:\/\/atyges.es\/pt\/#organization\"},\"potentialAction\":[{\"@type\":\"SearchAction\",\"target\":{\"@type\":\"EntryPoint\",\"urlTemplate\":\"https:\/\/atyges.es\/pt\/?s={search_term_string}\"},\"query-input\":{\"@type\":\"PropertyValueSpecification\",\"valueRequired\":true,\"valueName\":\"search_term_string\"}}],\"inLanguage\":\"pt-PT\"},{\"@type\":\"Organization\",\"@id\":\"https:\/\/atyges.es\/pt\/#organization\",\"name\":\"Atyges\",\"url\":\"https:\/\/atyges.es\/pt\/\",\"logo\":{\"@type\":\"ImageObject\",\"inLanguage\":\"pt-PT\",\"@id\":\"https:\/\/atyges.es\/pt\/#\/schema\/logo\/image\/\",\"url\":\"https:\/\/atyges.es\/wp-content\/uploads\/2022\/01\/Logo_ATyges_Store.png\",\"contentUrl\":\"https:\/\/atyges.es\/wp-content\/uploads\/2022\/01\/Logo_ATyges_Store.png\",\"width\":1228,\"height\":200,\"caption\":\"Atyges\"},\"image\":{\"@id\":\"https:\/\/atyges.es\/pt\/#\/schema\/logo\/image\/\"}}]}<\/script>\n<!-- \/ Yoast SEO plugin. -->","yoast_head_json":{"title":"ATygeo Thermal | Convertendo para TIFF Mavic 2 Enterprise | ATyges \u00ae","description":"ATygeo Thermal. \u2b50 ATyges, Especialistas em drones. \u2705\u3010Distribuidores Oficiales de DJI\u3011\u2705.","robots":{"index":"index","follow":"follow","max-snippet":"max-snippet:-1","max-image-preview":"max-image-preview:large","max-video-preview":"max-video-preview:-1"},"canonical":"https:\/\/atyges.es\/pt\/produto\/atygeo-thermal-m2ea\/","og_locale":"pt_PT","og_type":"article","og_title":"ATygeo Thermal | Convertendo para TIFF Mavic 2 Enterprise | ATyges \u00ae","og_description":"ATygeo Thermal. \u2b50 ATyges, Especialistas em drones. \u2705\u3010Distribuidores Oficiales de DJI\u3011\u2705.","og_url":"https:\/\/atyges.es\/pt\/produto\/atygeo-thermal-m2ea\/","og_site_name":"ATyges","og_image":[{"width":764,"height":668,"url":"https:\/\/atyges.es\/wp-content\/uploads\/2021\/11\/ATygeo-Thermal-e1637091620345.jpg","type":"image\/jpeg"}],"twitter_card":"summary_large_image","schema":{"@context":"https:\/\/schema.org","@graph":[{"@type":"WebPage","@id":"https:\/\/atyges.es\/pt\/produto\/atygeo-thermal-m2ea\/","url":"https:\/\/atyges.es\/pt\/produto\/atygeo-thermal-m2ea\/","name":"ATygeo Thermal | Convertendo para TIFF Mavic 2 Enterprise | ATyges \u00ae","isPartOf":{"@id":"https:\/\/atyges.es\/pt\/#website"},"primaryImageOfPage":{"@id":"https:\/\/atyges.es\/pt\/produto\/atygeo-thermal-m2ea\/#primaryimage"},"image":{"@id":"https:\/\/atyges.es\/pt\/produto\/atygeo-thermal-m2ea\/#primaryimage"},"thumbnailUrl":"https:\/\/atyges.es\/wp-content\/uploads\/2021\/11\/ATygeo-Thermal-e1637091620345.jpg","datePublished":"2022-04-26T05:23:53+00:00","description":"ATygeo Thermal. \u2b50 ATyges, Especialistas em drones. \u2705\u3010Distribuidores Oficiales de DJI\u3011\u2705.","breadcrumb":{"@id":"https:\/\/atyges.es\/pt\/produto\/atygeo-thermal-m2ea\/#breadcrumb"},"inLanguage":"pt-PT","potentialAction":[{"@type":"ReadAction","target":["https:\/\/atyges.es\/pt\/produto\/atygeo-thermal-m2ea\/"]}]},{"@type":"ImageObject","inLanguage":"pt-PT","@id":"https:\/\/atyges.es\/pt\/produto\/atygeo-thermal-m2ea\/#primaryimage","url":"https:\/\/atyges.es\/wp-content\/uploads\/2021\/11\/ATygeo-Thermal-e1637091620345.jpg","contentUrl":"https:\/\/atyges.es\/wp-content\/uploads\/2021\/11\/ATygeo-Thermal-e1637091620345.jpg","width":764,"height":668,"caption":"ATygeo Thermal"},{"@type":"BreadcrumbList","@id":"https:\/\/atyges.es\/pt\/produto\/atygeo-thermal-m2ea\/#breadcrumb","itemListElement":[{"@type":"ListItem","position":1,"name":"Portada","item":"https:\/\/atyges.es\/pt\/"},{"@type":"ListItem","position":2,"name":"Produtos","item":"https:\/\/atyges.es\/pt\/shop\/"},{"@type":"ListItem","position":3,"name":"ATygeo Thermal M2EA"}]},{"@type":"WebSite","@id":"https:\/\/atyges.es\/pt\/#website","url":"https:\/\/atyges.es\/pt\/","name":"ATyges","description":"","publisher":{"@id":"https:\/\/atyges.es\/pt\/#organization"},"potentialAction":[{"@type":"SearchAction","target":{"@type":"EntryPoint","urlTemplate":"https:\/\/atyges.es\/pt\/?s={search_term_string}"},"query-input":{"@type":"PropertyValueSpecification","valueRequired":true,"valueName":"search_term_string"}}],"inLanguage":"pt-PT"},{"@type":"Organization","@id":"https:\/\/atyges.es\/pt\/#organization","name":"Atyges","url":"https:\/\/atyges.es\/pt\/","logo":{"@type":"ImageObject","inLanguage":"pt-PT","@id":"https:\/\/atyges.es\/pt\/#\/schema\/logo\/image\/","url":"https:\/\/atyges.es\/wp-content\/uploads\/2022\/01\/Logo_ATyges_Store.png","contentUrl":"https:\/\/atyges.es\/wp-content\/uploads\/2022\/01\/Logo_ATyges_Store.png","width":1228,"height":200,"caption":"Atyges"},"image":{"@id":"https:\/\/atyges.es\/pt\/#\/schema\/logo\/image\/"}}]}},"jetpack_sharing_enabled":true,"_links":{"self":[{"href":"https:\/\/atyges.es\/pt\/wp-json\/wp\/v2\/product\/26345","targetHints":{"allow":["GET"]}}],"collection":[{"href":"https:\/\/atyges.es\/pt\/wp-json\/wp\/v2\/product"}],"about":[{"href":"https:\/\/atyges.es\/pt\/wp-json\/wp\/v2\/types\/product"}],"wp:featuredmedia":[{"embeddable":true,"href":"https:\/\/atyges.es\/pt\/wp-json\/wp\/v2\/media\/21424"}],"wp:attachment":[{"href":"https:\/\/atyges.es\/pt\/wp-json\/wp\/v2\/media?parent=26345"}],"wp:term":[{"taxonomy":"product_brand","embeddable":true,"href":"https:\/\/atyges.es\/pt\/wp-json\/wp\/v2\/product_brand?post=26345"},{"taxonomy":"product_cat","embeddable":true,"href":"https:\/\/atyges.es\/pt\/wp-json\/wp\/v2\/product_cat?post=26345"},{"taxonomy":"product_tag","embeddable":true,"href":"https:\/\/atyges.es\/pt\/wp-json\/wp\/v2\/product_tag?post=26345"}],"curies":[{"name":"wp","href":"https:\/\/api.w.org\/{rel}","templated":true}]}}