{"id":26344,"date":"2022-07-26T17:05:36","date_gmt":"2022-07-26T16:05:36","guid":{"rendered":"https:\/\/atyges.es\/product\/atygeo-thermal-m30t\/"},"modified":"2022-07-26T17:05:36","modified_gmt":"2022-07-26T16:05:36","slug":"atygeo-thermal-m30t","status":"publish","type":"product","link":"https:\/\/atyges.es\/pt\/produto\/atygeo-thermal-m30t\/","title":{"rendered":"ATygeo Thermal M30T"},"content":{"rendered":"\n\n<div class=\"kk-star-ratings kksr-auto kksr-align-center kksr-valign-bottom\"\n    data-payload='{&quot;align&quot;:&quot;center&quot;,&quot;id&quot;:&quot;26344&quot;,&quot;slug&quot;:&quot;default&quot;,&quot;valign&quot;:&quot;bottom&quot;,&quot;ignore&quot;:&quot;&quot;,&quot;reference&quot;:&quot;auto&quot;,&quot;class&quot;:&quot;&quot;,&quot;count&quot;:&quot;0&quot;,&quot;legendonly&quot;:&quot;&quot;,&quot;readonly&quot;:&quot;&quot;,&quot;score&quot;:&quot;0&quot;,&quot;starsonly&quot;:&quot;&quot;,&quot;best&quot;:&quot;5&quot;,&quot;gap&quot;:&quot;5&quot;,&quot;greet&quot;:&quot;Val\u00f3ranos&quot;,&quot;legend&quot;:&quot;0\\\/5 - (0 votes)&quot;,&quot;size&quot;:&quot;24&quot;,&quot;title&quot;:&quot;ATygeo Thermal M30T&quot;,&quot;width&quot;:&quot;0&quot;,&quot;_legend&quot;:&quot;{score}\\\/{best} - ({count} {votes})&quot;,&quot;font_factor&quot;:&quot;1.25&quot;}'>\n            \n<div class=\"kksr-stars\">\n    \n<div class=\"kksr-stars-inactive\">\n            <div class=\"kksr-star\" data-star=\"1\" style=\"padding-right: 5px\">\n            \n\n<div class=\"kksr-icon\" style=\"width: 24px; height: 24px;\"><\/div>\n        <\/div>\n            <div class=\"kksr-star\" data-star=\"2\" style=\"padding-right: 5px\">\n            \n\n<div class=\"kksr-icon\" style=\"width: 24px; height: 24px;\"><\/div>\n        <\/div>\n            <div class=\"kksr-star\" data-star=\"3\" style=\"padding-right: 5px\">\n            \n\n<div class=\"kksr-icon\" style=\"width: 24px; height: 24px;\"><\/div>\n        <\/div>\n            <div class=\"kksr-star\" data-star=\"4\" style=\"padding-right: 5px\">\n            \n\n<div class=\"kksr-icon\" style=\"width: 24px; height: 24px;\"><\/div>\n        <\/div>\n            <div class=\"kksr-star\" data-star=\"5\" style=\"padding-right: 5px\">\n            \n\n<div class=\"kksr-icon\" style=\"width: 24px; height: 24px;\"><\/div>\n        <\/div>\n    <\/div>\n    \n<div class=\"kksr-stars-active\" style=\"width: 0px;\">\n            <div class=\"kksr-star\" style=\"padding-right: 5px\">\n            \n\n<div class=\"kksr-icon\" style=\"width: 24px; height: 24px;\"><\/div>\n        <\/div>\n            <div class=\"kksr-star\" style=\"padding-right: 5px\">\n            \n\n<div class=\"kksr-icon\" style=\"width: 24px; height: 24px;\"><\/div>\n        <\/div>\n            <div class=\"kksr-star\" style=\"padding-right: 5px\">\n            \n\n<div class=\"kksr-icon\" style=\"width: 24px; height: 24px;\"><\/div>\n        <\/div>\n            <div class=\"kksr-star\" style=\"padding-right: 5px\">\n            \n\n<div class=\"kksr-icon\" style=\"width: 24px; height: 24px;\"><\/div>\n        <\/div>\n            <div class=\"kksr-star\" style=\"padding-right: 5px\">\n            \n\n<div class=\"kksr-icon\" style=\"width: 24px; height: 24px;\"><\/div>\n        <\/div>\n    <\/div>\n<\/div>\n                \n\n<div class=\"kksr-legend\" style=\"font-size: 19.2px;\">\n            <span class=\"kksr-muted\">Val\u00f3ranos<\/span>\n    <\/div>\n    <\/div>\n","protected":false},"excerpt":{"rendered":"<p><strong>ATygeo Thermal M30T<\/strong> para generar TIFF radiom\u00e9tricos de alta precisi\u00f3n para poder realizar ortomosaicos t\u00e9rmicos radiom\u00e9tricos.<\/p>\n[twenty20 img1=\"25340\" img2=\"25343\" offset=\"0.3\" before=\"Ortomosaico RGB - DJI M30T\" after=\"Ortomosaico T\u00e9rmico - DJI M30T\"]\n<p><strong>ATygeo Thermal<\/strong> convierte los termogramas creados por el dron <a href=\"https:\/\/atyges.es\/tienda\/dji-matrice-30t\/\">DJI Matrice M30T<\/a> a formato TIFF radiom\u00e9trico, permitiendo procesar esas im\u00e1genes convertidas con <a href=\"https:\/\/atyges.es\/tienda\/pix4d-mapper\/\">PIX4Dmapper<\/a> para obtener ortomosaicos t\u00e9rmicos radiom\u00e9tricos.<\/p>\n<p>Nota: Este producto se vende de manera conjunta con el <a href=\"https:\/\/atyges.es\/tienda\/dji-matrice-30t\/\">DJI Matrice M30T<\/a> en Espa\u00f1a.<\/p>\n","protected":false},"featured_media":25350,"template":"","meta":[],"product_brand":[],"product_cat":[1286,1288,1470,1292],"product_tag":[1456,1472,1474,1471,1473],"class_list":{"0":"post-26344","1":"product","2":"type-product","3":"status-publish","4":"has-post-thumbnail","6":"product_cat-cameras-termograficas-pt","7":"product_cat-drones-para-inspecoes-tecnicas","8":"product_cat-matrice-30-pt","9":"product_cat-topografia-e-software-de-engenharia","10":"product_tag-dji-m30t-pt-2","11":"product_tag-m30t-ortofoto-pt","12":"product_tag-m30t-tiff-pt","13":"product_tag-matrice-m30t-pt","14":"product_tag-ortofoto-termica-m30t-pt","16":"first","17":"instock","18":"virtual","19":"taxable","20":"purchasable","21":"product-type-simple"},"yoast_head":"<!-- This site is optimized with the Yoast SEO plugin v27.2 - https:\/\/yoast.com\/product\/yoast-seo-wordpress\/ -->\n<title>ATygeo Thermal M30T | Convertendo para TIFF DJI Matrice M30T | ATyges \u00ae<\/title>\n<meta name=\"description\" content=\"ATygeo Thermal. \u2b50 ATyges, Especialistas em drones. \u2705\u3010Distribuidores Oficiales de DJI\u3011\u2705.\" \/>\n<meta name=\"robots\" content=\"index, follow, max-snippet:-1, max-image-preview:large, max-video-preview:-1\" \/>\n<link rel=\"canonical\" href=\"https:\/\/atyges.es\/pt\/produto\/atygeo-thermal-m30t\/\" \/>\n<meta property=\"og:locale\" content=\"pt_PT\" \/>\n<meta property=\"og:type\" content=\"article\" \/>\n<meta property=\"og:title\" content=\"ATygeo Thermal M30T | Convertendo para TIFF DJI Matrice M30T | ATyges \u00ae\" \/>\n<meta property=\"og:description\" content=\"ATygeo Thermal. \u2b50 ATyges, Especialistas em drones. \u2705\u3010Distribuidores Oficiales de DJI\u3011\u2705.\" \/>\n<meta property=\"og:url\" content=\"https:\/\/atyges.es\/pt\/produto\/atygeo-thermal-m30t\/\" \/>\n<meta property=\"og:site_name\" content=\"ATyges\" \/>\n<meta property=\"og:image\" content=\"https:\/\/atyges.es\/wp-content\/uploads\/2022\/07\/ATYGEO_M30T.png\" \/>\n\t<meta property=\"og:image:width\" content=\"764\" \/>\n\t<meta property=\"og:image:height\" content=\"668\" \/>\n\t<meta property=\"og:image:type\" content=\"image\/png\" \/>\n<meta name=\"twitter:card\" content=\"summary_large_image\" \/>\n<script type=\"application\/ld+json\" class=\"yoast-schema-graph\">{\"@context\":\"https:\/\/schema.org\",\"@graph\":[{\"@type\":\"WebPage\",\"@id\":\"https:\/\/atyges.es\/pt\/produto\/atygeo-thermal-m30t\/\",\"url\":\"https:\/\/atyges.es\/pt\/produto\/atygeo-thermal-m30t\/\",\"name\":\"ATygeo Thermal M30T | Convertendo para TIFF DJI Matrice M30T | ATyges \u00ae\",\"isPartOf\":{\"@id\":\"https:\/\/atyges.es\/pt\/#website\"},\"primaryImageOfPage\":{\"@id\":\"https:\/\/atyges.es\/pt\/produto\/atygeo-thermal-m30t\/#primaryimage\"},\"image\":{\"@id\":\"https:\/\/atyges.es\/pt\/produto\/atygeo-thermal-m30t\/#primaryimage\"},\"thumbnailUrl\":\"https:\/\/atyges.es\/wp-content\/uploads\/2022\/07\/ATYGEO_M30T.png\",\"datePublished\":\"2022-07-26T16:05:36+00:00\",\"description\":\"ATygeo Thermal. \u2b50 ATyges, Especialistas em drones. \u2705\u3010Distribuidores Oficiales de DJI\u3011\u2705.\",\"breadcrumb\":{\"@id\":\"https:\/\/atyges.es\/pt\/produto\/atygeo-thermal-m30t\/#breadcrumb\"},\"inLanguage\":\"pt-PT\",\"potentialAction\":[{\"@type\":\"ReadAction\",\"target\":[\"https:\/\/atyges.es\/pt\/produto\/atygeo-thermal-m30t\/\"]}]},{\"@type\":\"ImageObject\",\"inLanguage\":\"pt-PT\",\"@id\":\"https:\/\/atyges.es\/pt\/produto\/atygeo-thermal-m30t\/#primaryimage\",\"url\":\"https:\/\/atyges.es\/wp-content\/uploads\/2022\/07\/ATYGEO_M30T.png\",\"contentUrl\":\"https:\/\/atyges.es\/wp-content\/uploads\/2022\/07\/ATYGEO_M30T.png\",\"width\":764,\"height\":668,\"caption\":\"ATYGEO THERMAL M30T\"},{\"@type\":\"BreadcrumbList\",\"@id\":\"https:\/\/atyges.es\/pt\/produto\/atygeo-thermal-m30t\/#breadcrumb\",\"itemListElement\":[{\"@type\":\"ListItem\",\"position\":1,\"name\":\"Portada\",\"item\":\"https:\/\/atyges.es\/pt\/\"},{\"@type\":\"ListItem\",\"position\":2,\"name\":\"Produtos\",\"item\":\"https:\/\/atyges.es\/pt\/shop\/\"},{\"@type\":\"ListItem\",\"position\":3,\"name\":\"ATygeo Thermal M30T\"}]},{\"@type\":\"WebSite\",\"@id\":\"https:\/\/atyges.es\/pt\/#website\",\"url\":\"https:\/\/atyges.es\/pt\/\",\"name\":\"ATyges\",\"description\":\"\",\"publisher\":{\"@id\":\"https:\/\/atyges.es\/pt\/#organization\"},\"potentialAction\":[{\"@type\":\"SearchAction\",\"target\":{\"@type\":\"EntryPoint\",\"urlTemplate\":\"https:\/\/atyges.es\/pt\/?s={search_term_string}\"},\"query-input\":{\"@type\":\"PropertyValueSpecification\",\"valueRequired\":true,\"valueName\":\"search_term_string\"}}],\"inLanguage\":\"pt-PT\"},{\"@type\":\"Organization\",\"@id\":\"https:\/\/atyges.es\/pt\/#organization\",\"name\":\"Atyges\",\"url\":\"https:\/\/atyges.es\/pt\/\",\"logo\":{\"@type\":\"ImageObject\",\"inLanguage\":\"pt-PT\",\"@id\":\"https:\/\/atyges.es\/pt\/#\/schema\/logo\/image\/\",\"url\":\"https:\/\/atyges.es\/wp-content\/uploads\/2022\/01\/Logo_ATyges_Store.png\",\"contentUrl\":\"https:\/\/atyges.es\/wp-content\/uploads\/2022\/01\/Logo_ATyges_Store.png\",\"width\":1228,\"height\":200,\"caption\":\"Atyges\"},\"image\":{\"@id\":\"https:\/\/atyges.es\/pt\/#\/schema\/logo\/image\/\"}}]}<\/script>\n<!-- \/ Yoast SEO plugin. -->","yoast_head_json":{"title":"ATygeo Thermal M30T | Convertendo para TIFF DJI Matrice M30T | ATyges \u00ae","description":"ATygeo Thermal. \u2b50 ATyges, Especialistas em drones. \u2705\u3010Distribuidores Oficiales de DJI\u3011\u2705.","robots":{"index":"index","follow":"follow","max-snippet":"max-snippet:-1","max-image-preview":"max-image-preview:large","max-video-preview":"max-video-preview:-1"},"canonical":"https:\/\/atyges.es\/pt\/produto\/atygeo-thermal-m30t\/","og_locale":"pt_PT","og_type":"article","og_title":"ATygeo Thermal M30T | Convertendo para TIFF DJI Matrice M30T | ATyges \u00ae","og_description":"ATygeo Thermal. \u2b50 ATyges, Especialistas em drones. \u2705\u3010Distribuidores Oficiales de DJI\u3011\u2705.","og_url":"https:\/\/atyges.es\/pt\/produto\/atygeo-thermal-m30t\/","og_site_name":"ATyges","og_image":[{"width":764,"height":668,"url":"https:\/\/atyges.es\/wp-content\/uploads\/2022\/07\/ATYGEO_M30T.png","type":"image\/png"}],"twitter_card":"summary_large_image","schema":{"@context":"https:\/\/schema.org","@graph":[{"@type":"WebPage","@id":"https:\/\/atyges.es\/pt\/produto\/atygeo-thermal-m30t\/","url":"https:\/\/atyges.es\/pt\/produto\/atygeo-thermal-m30t\/","name":"ATygeo Thermal M30T | Convertendo para TIFF DJI Matrice M30T | ATyges \u00ae","isPartOf":{"@id":"https:\/\/atyges.es\/pt\/#website"},"primaryImageOfPage":{"@id":"https:\/\/atyges.es\/pt\/produto\/atygeo-thermal-m30t\/#primaryimage"},"image":{"@id":"https:\/\/atyges.es\/pt\/produto\/atygeo-thermal-m30t\/#primaryimage"},"thumbnailUrl":"https:\/\/atyges.es\/wp-content\/uploads\/2022\/07\/ATYGEO_M30T.png","datePublished":"2022-07-26T16:05:36+00:00","description":"ATygeo Thermal. \u2b50 ATyges, Especialistas em drones. \u2705\u3010Distribuidores Oficiales de DJI\u3011\u2705.","breadcrumb":{"@id":"https:\/\/atyges.es\/pt\/produto\/atygeo-thermal-m30t\/#breadcrumb"},"inLanguage":"pt-PT","potentialAction":[{"@type":"ReadAction","target":["https:\/\/atyges.es\/pt\/produto\/atygeo-thermal-m30t\/"]}]},{"@type":"ImageObject","inLanguage":"pt-PT","@id":"https:\/\/atyges.es\/pt\/produto\/atygeo-thermal-m30t\/#primaryimage","url":"https:\/\/atyges.es\/wp-content\/uploads\/2022\/07\/ATYGEO_M30T.png","contentUrl":"https:\/\/atyges.es\/wp-content\/uploads\/2022\/07\/ATYGEO_M30T.png","width":764,"height":668,"caption":"ATYGEO THERMAL M30T"},{"@type":"BreadcrumbList","@id":"https:\/\/atyges.es\/pt\/produto\/atygeo-thermal-m30t\/#breadcrumb","itemListElement":[{"@type":"ListItem","position":1,"name":"Portada","item":"https:\/\/atyges.es\/pt\/"},{"@type":"ListItem","position":2,"name":"Produtos","item":"https:\/\/atyges.es\/pt\/shop\/"},{"@type":"ListItem","position":3,"name":"ATygeo Thermal M30T"}]},{"@type":"WebSite","@id":"https:\/\/atyges.es\/pt\/#website","url":"https:\/\/atyges.es\/pt\/","name":"ATyges","description":"","publisher":{"@id":"https:\/\/atyges.es\/pt\/#organization"},"potentialAction":[{"@type":"SearchAction","target":{"@type":"EntryPoint","urlTemplate":"https:\/\/atyges.es\/pt\/?s={search_term_string}"},"query-input":{"@type":"PropertyValueSpecification","valueRequired":true,"valueName":"search_term_string"}}],"inLanguage":"pt-PT"},{"@type":"Organization","@id":"https:\/\/atyges.es\/pt\/#organization","name":"Atyges","url":"https:\/\/atyges.es\/pt\/","logo":{"@type":"ImageObject","inLanguage":"pt-PT","@id":"https:\/\/atyges.es\/pt\/#\/schema\/logo\/image\/","url":"https:\/\/atyges.es\/wp-content\/uploads\/2022\/01\/Logo_ATyges_Store.png","contentUrl":"https:\/\/atyges.es\/wp-content\/uploads\/2022\/01\/Logo_ATyges_Store.png","width":1228,"height":200,"caption":"Atyges"},"image":{"@id":"https:\/\/atyges.es\/pt\/#\/schema\/logo\/image\/"}}]}},"jetpack_sharing_enabled":true,"_links":{"self":[{"href":"https:\/\/atyges.es\/pt\/wp-json\/wp\/v2\/product\/26344","targetHints":{"allow":["GET"]}}],"collection":[{"href":"https:\/\/atyges.es\/pt\/wp-json\/wp\/v2\/product"}],"about":[{"href":"https:\/\/atyges.es\/pt\/wp-json\/wp\/v2\/types\/product"}],"wp:featuredmedia":[{"embeddable":true,"href":"https:\/\/atyges.es\/pt\/wp-json\/wp\/v2\/media\/25350"}],"wp:attachment":[{"href":"https:\/\/atyges.es\/pt\/wp-json\/wp\/v2\/media?parent=26344"}],"wp:term":[{"taxonomy":"product_brand","embeddable":true,"href":"https:\/\/atyges.es\/pt\/wp-json\/wp\/v2\/product_brand?post=26344"},{"taxonomy":"product_cat","embeddable":true,"href":"https:\/\/atyges.es\/pt\/wp-json\/wp\/v2\/product_cat?post=26344"},{"taxonomy":"product_tag","embeddable":true,"href":"https:\/\/atyges.es\/pt\/wp-json\/wp\/v2\/product_tag?post=26344"}],"curies":[{"name":"wp","href":"https:\/\/api.w.org\/{rel}","templated":true}]}}