{"id":26338,"date":"2022-08-26T11:17:42","date_gmt":"2022-08-26T10:17:42","guid":{"rendered":"https:\/\/atyges.es\/product\/nautiz-x6\/"},"modified":"2022-08-29T21:28:46","modified_gmt":"2022-08-29T20:28:46","slug":"nautiz-x6","status":"publish","type":"product","link":"https:\/\/atyges.es\/pt\/product\/nautiz-x6\/","title":{"rendered":"Nautiz X6"},"content":{"rendered":"<h2>Nautiz X6<\/h2>\n<h3>O celular Android ultrarresistente<\/h3>\n<p><img loading=\"lazy\" decoding=\"async\" class=\"aligncenter size-shop_single wp-image-26267\" src=\"https:\/\/atyges.es\/wp-content\/uploads\/2022\/08\/Nautiz-X6-Atyg-600x296.jpg\" alt=\"Nautiz X6 - Controladora para RS2+\" width=\"600\" height=\"296\" srcset=\"https:\/\/atyges.es\/wp-content\/uploads\/2022\/08\/Nautiz-X6-Atyg-600x296.jpg 600w, https:\/\/atyges.es\/wp-content\/uploads\/2022\/08\/Nautiz-X6-Atyg-300x148.jpg 300w, https:\/\/atyges.es\/wp-content\/uploads\/2022\/08\/Nautiz-X6-Atyg-1024x505.jpg 1024w, https:\/\/atyges.es\/wp-content\/uploads\/2022\/08\/Nautiz-X6-Atyg-173x85.jpg 173w, https:\/\/atyges.es\/wp-content\/uploads\/2022\/08\/Nautiz-X6-Atyg.jpg 1771w\" sizes=\"auto, (max-width: 600px) 100vw, 600px\" \/><\/p>\n<p>Se voc\u00ea pudesse pegar a funcionalidade de alta visibilidade de um tablet e o desempenho em qualquer lugar de um PC robusto e combin\u00e1-los,<br \/>\nvoc\u00ea acabaria com um dispositivo que poderia levar no seu dia a dia com facilidade.<\/p>\n<p>Esse tipo de dispositivo \u00e9 conhecido como phablet, uma constru\u00e7\u00e3o das palavras inglesas phone e tablet. \u00c9 uma boa alternativa para ter que carregar seu celular e tablet com voc\u00ea.<\/p>\n<p>Felizmente para voc\u00ea, esta solu\u00e7\u00e3o de pr\u00f3xima gera\u00e7\u00e3o j\u00e1 existe: \u00e9 o Phablet Android ultra-robusto <strong>Nautiz X6<\/strong>.<\/p>\n<p><iframe loading=\"lazy\" title=\"Introducing the new Handheld NAUTIZ X6\" width=\"640\" height=\"360\" src=\"https:\/\/www.youtube.com\/embed\/qT1HTGVYCmo?feature=oembed&#038;enablejsapi=1&#038;origin=https:\/\/atyges.es\" frameborder=\"0\" allow=\"accelerometer; autoplay; clipboard-write; encrypted-media; gyroscope; picture-in-picture\" allowfullscreen><\/iframe><\/p>\n<h3><span class=\"VIiyi\" lang=\"es\"><span class=\"JLqJ4b\" data-language-for-alternatives=\"es\" data-language-to-translate-into=\"en\" data-phrase-index=\"0\" data-number-of-phrases=\"1\"><span class=\"Q4iAWc\">Perfil pequeno, grande impacto<\/span><\/span><\/span><\/h3>\n<p>O <strong>Nautiz X6<\/strong> traz o melhor de um tablet convencional e um port\u00e1til robusto tradicional em um \u00fanico dispositivo.<\/p>\n<p>Ele tem a rica funcionalidade de uma tela de tablet, com a robustez para trabalhar em qualquer lugar em um computador de m\u00e3o. Desfrute de uma tela sens\u00edvel ao toque expansiva de 6 polegadas, leg\u00edvel \u00e0 luz do sol e protegida por Gorilla Glass super-resistente.<\/p>\n<p>E essa combina\u00e7\u00e3o vencedora ainda \u00e9 leve e superfina, tornando-o um phablet robusto perfeito para levar facilmente a qualquer lugar.<\/p>\n<h3><span class=\"VIiyi\" lang=\"es\"><span class=\"JLqJ4b\" data-language-for-alternatives=\"es\" data-language-to-translate-into=\"en\" data-phrase-index=\"0\" data-number-of-phrases=\"1\"><span class=\"Q4iAWc\">Recursos do mundo real no mundo robusto<\/span><\/span><\/span><\/h3>\n<p>O phablet Android ultrarresistente <strong>Nautiz X6<\/strong> \u00e9 ideal para ambientes agressivos e para trabalhar com aplicativos de levantamento e GIS, com um Receptor GNSS para posi\u00e7\u00e3o e tempo precisos e informa\u00e7\u00f5es continuamente dispon\u00edveis.<\/p>\n<p>\u00c9 100% compat\u00edvel com os equipamentos <a href=\"https:\/\/atyges.es\/pt\/product\/gps-emlid-reach-rs2plus\/\">Emlid Reach RS2+<\/a> e <a href=\"https:\/\/atyges.es\/pt\/tienda\/product\/gps-gnss-emlid-reach-rs\/\">Reach RS+<\/a> GPS GNSS e com os aplicativos ReachView 3 e <a href=\"https:\/\/atyges.es\/pt\/tienda\/product\/software-topografico-tcpgps-para-gps\/\">TCP-GPS<\/a>.<\/p>\n<p>As c\u00e2meras frontal e traseira de alta resolu\u00e7\u00e3o capturam imagens detalhadas e uma s\u00e9rie de sensores carregam a carga para uma infinidade de tarefas.<\/p>\n<p>O <strong>Nautiz X6<\/strong> se encaixa perfeitamente em sua for\u00e7a de trabalho m\u00f3vel, seja em servi\u00e7os p\u00fablicos, servi\u00e7o de alimenta\u00e7\u00e3o, servi\u00e7o de campo, GIS, armazenamento ou log\u00edstica. Projetado especificamente para trabalho ao ar livre.<\/p>\n<p>Os trabalhadores de campo precisam de uma ferramenta que possa fazer o trabalho em qualquer lugar e durar tanto quanto o dia de trabalho. O ultra-robusto Nautiz X6 tem ambos cobertos. Atende a uma ampla gama de padr\u00f5es de teste MIL-STD-810G testados em temperaturas extremas, quedas, vibra\u00e7\u00f5es, umidade e altitude.<\/p>\n<p>Possui classifica\u00e7\u00e3o IP67, o que significa que o <strong>Nautiz X6<\/strong> \u00e9 totalmente resistente a poeira e \u00e1gua.<\/p>\n<p>A bateria substitu\u00edvel pelo usu\u00e1rio pode at\u00e9 executar v\u00e1rios turnos com uma \u00fanica carga.<\/p>\n<h3><span class=\"VIiyi\" lang=\"es\"><span class=\"JLqJ4b ChMk0b\" data-language-for-alternatives=\"es\" data-language-to-translate-into=\"en\" data-phrase-index=\"0\" data-number-of-phrases=\"23\"><span class=\"Q4iAWc\">Recomendado para Android 11 e Enterprise<\/span><\/span> <\/span><\/h3>\n<p>O <strong>Nautiz X6<\/strong> roda no Android 11, trazendo importantes benef\u00edcios de seguran\u00e7a e bateria.<\/p>\n<p>O <strong>Nautiz X6<\/strong> tamb\u00e9m \u00e9 recomendado pelo Android Enterprise (AER) e vem com o software MaxGo da Handheld para implanta\u00e7\u00f5es em grandes empresas.<\/p>\n<p>Como todos os laptops robustos, o <strong>Nautiz X6<\/strong> \u00e9 uma ferramenta de comunica\u00e7\u00e3o incrivelmente vers\u00e1til. Escolha entre um amplo espectro de tecnologias de comunica\u00e7\u00e3o, incluindo WLAN, Celular (WWAN), BT e NFC.<\/p>\n<p>Os funcion\u00e1rios podem se conectar uns com os outros ou com o back office, enviando, acessando e compartilhando dados e relat\u00f3rios de forma transparente ao longo do dia de trabalho.<\/p>\n\n\n<div class=\"kk-star-ratings kksr-auto kksr-align-center kksr-valign-bottom\"\n    data-payload='{&quot;align&quot;:&quot;center&quot;,&quot;id&quot;:&quot;26338&quot;,&quot;slug&quot;:&quot;default&quot;,&quot;valign&quot;:&quot;bottom&quot;,&quot;ignore&quot;:&quot;&quot;,&quot;reference&quot;:&quot;auto&quot;,&quot;class&quot;:&quot;&quot;,&quot;count&quot;:&quot;0&quot;,&quot;legendonly&quot;:&quot;&quot;,&quot;readonly&quot;:&quot;&quot;,&quot;score&quot;:&quot;0&quot;,&quot;starsonly&quot;:&quot;&quot;,&quot;best&quot;:&quot;5&quot;,&quot;gap&quot;:&quot;5&quot;,&quot;greet&quot;:&quot;Val\u00f3ranos&quot;,&quot;legend&quot;:&quot;0\\\/5 - (0 votes)&quot;,&quot;size&quot;:&quot;24&quot;,&quot;title&quot;:&quot;Nautiz X6&quot;,&quot;width&quot;:&quot;0&quot;,&quot;_legend&quot;:&quot;{score}\\\/{best} - ({count} {votes})&quot;,&quot;font_factor&quot;:&quot;1.25&quot;}'>\n            \n<div class=\"kksr-stars\">\n    \n<div class=\"kksr-stars-inactive\">\n            <div class=\"kksr-star\" data-star=\"1\" style=\"padding-right: 5px\">\n            \n\n<div class=\"kksr-icon\" style=\"width: 24px; height: 24px;\"><\/div>\n        <\/div>\n            <div class=\"kksr-star\" data-star=\"2\" style=\"padding-right: 5px\">\n            \n\n<div class=\"kksr-icon\" style=\"width: 24px; height: 24px;\"><\/div>\n        <\/div>\n            <div class=\"kksr-star\" data-star=\"3\" style=\"padding-right: 5px\">\n            \n\n<div class=\"kksr-icon\" style=\"width: 24px; height: 24px;\"><\/div>\n        <\/div>\n            <div class=\"kksr-star\" data-star=\"4\" style=\"padding-right: 5px\">\n            \n\n<div class=\"kksr-icon\" style=\"width: 24px; height: 24px;\"><\/div>\n        <\/div>\n            <div class=\"kksr-star\" data-star=\"5\" style=\"padding-right: 5px\">\n            \n\n<div class=\"kksr-icon\" style=\"width: 24px; height: 24px;\"><\/div>\n        <\/div>\n    <\/div>\n    \n<div class=\"kksr-stars-active\" style=\"width: 0px;\">\n            <div class=\"kksr-star\" style=\"padding-right: 5px\">\n            \n\n<div class=\"kksr-icon\" style=\"width: 24px; height: 24px;\"><\/div>\n        <\/div>\n            <div class=\"kksr-star\" style=\"padding-right: 5px\">\n            \n\n<div class=\"kksr-icon\" style=\"width: 24px; height: 24px;\"><\/div>\n        <\/div>\n            <div class=\"kksr-star\" style=\"padding-right: 5px\">\n            \n\n<div class=\"kksr-icon\" style=\"width: 24px; height: 24px;\"><\/div>\n        <\/div>\n            <div class=\"kksr-star\" style=\"padding-right: 5px\">\n            \n\n<div class=\"kksr-icon\" style=\"width: 24px; height: 24px;\"><\/div>\n        <\/div>\n            <div class=\"kksr-star\" style=\"padding-right: 5px\">\n            \n\n<div class=\"kksr-icon\" style=\"width: 24px; height: 24px;\"><\/div>\n        <\/div>\n    <\/div>\n<\/div>\n                \n\n<div class=\"kksr-legend\" style=\"font-size: 19.2px;\">\n            <span class=\"kksr-muted\">Val\u00f3ranos<\/span>\n    <\/div>\n    <\/div>\n","protected":false},"excerpt":{"rendered":"<h1>Nautiz X6 robusto de 6 polegadas<\/h1>\n<div class=\"DVHrxd\">\n<div id=\"ow71\" data-show-delay-ms=\"250\" data-append-to-body=\"true\" data-propagate-tooltip-mouseover-events=\"true\" data-anchor-corner=\"bottom-left\" data-enable-skip-handler=\"false\" data-popup-corner=\"top-left\"><\/div>\n<\/div>\n<div class=\"dePhmb\" aria-live=\"polite\">\n<div class=\"eyKpYb\" data-language=\"pt\" data-original-language=\"es\" data-result-index=\"0\">\n<div class=\"J0lOec\"><span class=\"VIiyi\" lang=\"pt\"><span class=\"JLqJ4b ChMk0b\" data-language-for-alternatives=\"pt\" data-language-to-translate-into=\"es\" data-phrase-index=\"0\" data-number-of-phrases=\"14\"><span class=\"Q4iAWc\">O <strong>Nautiz X6<\/strong> traz o melhor de um tablet convencional e um port\u00e1til robusto tradicional em um \u00fanico dispositivo.<\/span><\/span> <span class=\"JLqJ4b ChMk0b\" data-language-for-alternatives=\"pt\" data-language-to-translate-into=\"es\" data-phrase-index=\"1\" data-number-of-phrases=\"14\"><span class=\"Q4iAWc\">Tem a funcionalidade de tela grande de um tablet, com a robustez para trabalhar em qualquer lugar de um handheld.<\/span><\/span> <span class=\"JLqJ4b ChMk0b\" data-language-for-alternatives=\"pt\" data-language-to-translate-into=\"es\" data-phrase-index=\"2\" data-number-of-phrases=\"14\"><span class=\"Q4iAWc\">Desfrute de uma grande tela sens\u00edvel ao toque de 6 polegadas, leg\u00edvel \u00e0 luz solar, protegida por Gorilla Glass super-resistente.<\/span><\/span> <span class=\"JLqJ4b ChMk0b\" data-language-for-alternatives=\"pt\" data-language-to-translate-into=\"es\" data-phrase-index=\"3\" data-number-of-phrases=\"14\"><span class=\"Q4iAWc\">E essa combina\u00e7\u00e3o vencedora ainda \u00e9 leve e superfina, tornando-o um phablet robusto perfeito para levar facilmente a qualquer lugar.<\/span><\/span> <\/span><\/div>\n<div><\/div>\n<div class=\"J0lOec\"><span class=\"VIiyi\" lang=\"pt\"><span class=\"JLqJ4b ChMk0b\" data-language-for-alternatives=\"pt\" data-language-to-translate-into=\"es\" data-phrase-index=\"5\" data-number-of-phrases=\"14\"><span class=\"Q4iAWc\">Conte\u00fado do produto:<\/span><\/span> <\/span><\/div>\n<ul>\n<li class=\"J0lOec\"><span class=\"VIiyi\" lang=\"pt\"><span class=\"JLqJ4b ChMk0b\" data-language-for-alternatives=\"pt\" data-language-to-translate-into=\"es\" data-phrase-index=\"7\" data-number-of-phrases=\"14\"><span class=\"Q4iAWc\">1x dispositivo Nautiz X6.<\/span><\/span> <\/span><\/li>\n<li class=\"J0lOec\"><span class=\"VIiyi\" lang=\"pt\"><span class=\"JLqJ4b ChMk0b\" data-language-for-alternatives=\"pt\" data-language-to-translate-into=\"es\" data-phrase-index=\"9\" data-number-of-phrases=\"14\"><span class=\"Q4iAWc\">1 x bateria padr\u00e3o.<\/span><\/span><\/span><\/li>\n<li class=\"J0lOec\"><span class=\"VIiyi\" lang=\"pt\"><span class=\"JLqJ4b ChMk0b\" data-language-for-alternatives=\"pt\" data-language-to-translate-into=\"es\" data-phrase-index=\"11\" data-number-of-phrases=\"14\"><span class=\"Q4iAWc\"> 1x adaptador de carregamento com terminais conversores.<\/span><\/span> <\/span><\/li>\n<li class=\"J0lOec\"><span class=\"VIiyi\" lang=\"pt\"><span class=\"JLqJ4b ChMk0b\" data-language-for-alternatives=\"pt\" data-language-to-translate-into=\"es\" data-phrase-index=\"13\" data-number-of-phrases=\"14\"><span class=\"Q4iAWc\">1 x cabo USB tipo C.<\/span><\/span><\/span><\/li>\n<\/ul>\n<\/div>\n<\/div>\n","protected":false},"featured_media":26273,"template":"","meta":[],"product_brand":[],"product_cat":[1445,1214],"product_tag":[1458,1457,1459],"class_list":{"0":"post-26338","1":"product","2":"type-product","3":"status-publish","4":"has-post-thumbnail","6":"product_cat-dispositivos-e-softwares-de-topografia","7":"product_cat-emlid-gps","8":"product_tag-controlador-gps","9":"product_tag-nautiz-pt","10":"product_tag-phablet-pt","11":"product_shipping_class-emlid-pt","13":"first","14":"onbackorder","15":"taxable","16":"shipping-taxable","17":"purchasable","18":"product-type-simple"},"yoast_head":"<!-- This site is optimized with the Yoast SEO plugin v27.2 - https:\/\/yoast.com\/product\/yoast-seo-wordpress\/ -->\n<title>Nautiz X6 robusto de 6 polegadas | Revendedor Autorizado | ATyges\u00ae<\/title>\n<meta name=\"description\" content=\"Nautiz X6 \u2b50 Dispositivo robusto de 6&quot; para aplica\u00e7\u00f5es de Topografia e Mapeamento. \u2b50 Compat\u00edvel com EMLID \u2705\u30101\u00ba Distribuidor Oficial Emlid\u3011\u2705.\" \/>\n<meta name=\"robots\" content=\"index, follow, max-snippet:-1, max-image-preview:large, max-video-preview:-1\" \/>\n<link rel=\"canonical\" href=\"https:\/\/atyges.es\/pt\/product\/nautiz-x6\/\" \/>\n<meta property=\"og:locale\" content=\"pt_PT\" \/>\n<meta property=\"og:type\" content=\"article\" \/>\n<meta property=\"og:title\" content=\"Nautiz X6 robusto de 6 polegadas | Revendedor Autorizado | ATyges\u00ae\" \/>\n<meta property=\"og:description\" content=\"Nautiz X6 \u2b50 Dispositivo robusto de 6&quot; para aplica\u00e7\u00f5es de Topografia e Mapeamento. \u2b50 Compat\u00edvel com EMLID \u2705\u30101\u00ba Distribuidor Oficial Emlid\u3011\u2705.\" \/>\n<meta property=\"og:url\" content=\"https:\/\/atyges.es\/pt\/product\/nautiz-x6\/\" \/>\n<meta property=\"og:site_name\" content=\"ATyges\" \/>\n<meta property=\"article:modified_time\" content=\"2022-08-29T20:28:46+00:00\" \/>\n<meta property=\"og:image\" content=\"https:\/\/atyges.es\/wp-content\/uploads\/2022\/08\/nautiz-x6_2.png\" \/>\n\t<meta property=\"og:image:width\" content=\"600\" \/>\n\t<meta property=\"og:image:height\" content=\"600\" \/>\n\t<meta property=\"og:image:type\" content=\"image\/png\" \/>\n<meta name=\"twitter:card\" content=\"summary_large_image\" \/>\n<meta name=\"twitter:label1\" content=\"Tempo estimado de leitura\" \/>\n\t<meta name=\"twitter:data1\" content=\"3 minutos\" \/>\n<script type=\"application\/ld+json\" class=\"yoast-schema-graph\">{\"@context\":\"https:\/\/schema.org\",\"@graph\":[{\"@type\":\"WebPage\",\"@id\":\"https:\/\/atyges.es\/pt\/product\/nautiz-x6\/\",\"url\":\"https:\/\/atyges.es\/pt\/product\/nautiz-x6\/\",\"name\":\"Nautiz X6 robusto de 6 polegadas | Revendedor Autorizado | ATyges\u00ae\",\"isPartOf\":{\"@id\":\"https:\/\/atyges.es\/pt\/#website\"},\"primaryImageOfPage\":{\"@id\":\"https:\/\/atyges.es\/pt\/product\/nautiz-x6\/#primaryimage\"},\"image\":{\"@id\":\"https:\/\/atyges.es\/pt\/product\/nautiz-x6\/#primaryimage\"},\"thumbnailUrl\":\"https:\/\/atyges.es\/wp-content\/uploads\/2022\/08\/nautiz-x6_2.png\",\"datePublished\":\"2022-08-26T10:17:42+00:00\",\"dateModified\":\"2022-08-29T20:28:46+00:00\",\"description\":\"Nautiz X6 \u2b50 Dispositivo robusto de 6\\\" para aplica\u00e7\u00f5es de Topografia e Mapeamento. \u2b50 Compat\u00edvel com EMLID \u2705\u30101\u00ba Distribuidor Oficial Emlid\u3011\u2705.\",\"breadcrumb\":{\"@id\":\"https:\/\/atyges.es\/pt\/product\/nautiz-x6\/#breadcrumb\"},\"inLanguage\":\"pt-PT\",\"potentialAction\":[{\"@type\":\"ReadAction\",\"target\":[\"https:\/\/atyges.es\/pt\/product\/nautiz-x6\/\"]}]},{\"@type\":\"ImageObject\",\"inLanguage\":\"pt-PT\",\"@id\":\"https:\/\/atyges.es\/pt\/product\/nautiz-x6\/#primaryimage\",\"url\":\"https:\/\/atyges.es\/wp-content\/uploads\/2022\/08\/nautiz-x6_2.png\",\"contentUrl\":\"https:\/\/atyges.es\/wp-content\/uploads\/2022\/08\/nautiz-x6_2.png\",\"width\":600,\"height\":600,\"caption\":\"nautiz x6 - Controladora para GPS\"},{\"@type\":\"BreadcrumbList\",\"@id\":\"https:\/\/atyges.es\/pt\/product\/nautiz-x6\/#breadcrumb\",\"itemListElement\":[{\"@type\":\"ListItem\",\"position\":1,\"name\":\"Portada\",\"item\":\"https:\/\/atyges.es\/pt\/\"},{\"@type\":\"ListItem\",\"position\":2,\"name\":\"Produtos\",\"item\":\"https:\/\/atyges.es\/pt\/shop\/\"},{\"@type\":\"ListItem\",\"position\":3,\"name\":\"Nautiz X6\"}]},{\"@type\":\"WebSite\",\"@id\":\"https:\/\/atyges.es\/pt\/#website\",\"url\":\"https:\/\/atyges.es\/pt\/\",\"name\":\"ATyges\",\"description\":\"\",\"publisher\":{\"@id\":\"https:\/\/atyges.es\/pt\/#organization\"},\"potentialAction\":[{\"@type\":\"SearchAction\",\"target\":{\"@type\":\"EntryPoint\",\"urlTemplate\":\"https:\/\/atyges.es\/pt\/?s={search_term_string}\"},\"query-input\":{\"@type\":\"PropertyValueSpecification\",\"valueRequired\":true,\"valueName\":\"search_term_string\"}}],\"inLanguage\":\"pt-PT\"},{\"@type\":\"Organization\",\"@id\":\"https:\/\/atyges.es\/pt\/#organization\",\"name\":\"Atyges\",\"url\":\"https:\/\/atyges.es\/pt\/\",\"logo\":{\"@type\":\"ImageObject\",\"inLanguage\":\"pt-PT\",\"@id\":\"https:\/\/atyges.es\/pt\/#\/schema\/logo\/image\/\",\"url\":\"https:\/\/atyges.es\/wp-content\/uploads\/2022\/01\/Logo_ATyges_Store.png\",\"contentUrl\":\"https:\/\/atyges.es\/wp-content\/uploads\/2022\/01\/Logo_ATyges_Store.png\",\"width\":1228,\"height\":200,\"caption\":\"Atyges\"},\"image\":{\"@id\":\"https:\/\/atyges.es\/pt\/#\/schema\/logo\/image\/\"}}]}<\/script>\n<!-- \/ Yoast SEO plugin. -->","yoast_head_json":{"title":"Nautiz X6 robusto de 6 polegadas | Revendedor Autorizado | ATyges\u00ae","description":"Nautiz X6 \u2b50 Dispositivo robusto de 6\" para aplica\u00e7\u00f5es de Topografia e Mapeamento. \u2b50 Compat\u00edvel com EMLID \u2705\u30101\u00ba Distribuidor Oficial Emlid\u3011\u2705.","robots":{"index":"index","follow":"follow","max-snippet":"max-snippet:-1","max-image-preview":"max-image-preview:large","max-video-preview":"max-video-preview:-1"},"canonical":"https:\/\/atyges.es\/pt\/product\/nautiz-x6\/","og_locale":"pt_PT","og_type":"article","og_title":"Nautiz X6 robusto de 6 polegadas | Revendedor Autorizado | ATyges\u00ae","og_description":"Nautiz X6 \u2b50 Dispositivo robusto de 6\" para aplica\u00e7\u00f5es de Topografia e Mapeamento. \u2b50 Compat\u00edvel com EMLID \u2705\u30101\u00ba Distribuidor Oficial Emlid\u3011\u2705.","og_url":"https:\/\/atyges.es\/pt\/product\/nautiz-x6\/","og_site_name":"ATyges","article_modified_time":"2022-08-29T20:28:46+00:00","og_image":[{"width":600,"height":600,"url":"https:\/\/atyges.es\/wp-content\/uploads\/2022\/08\/nautiz-x6_2.png","type":"image\/png"}],"twitter_card":"summary_large_image","twitter_misc":{"Tempo estimado de leitura":"3 minutos"},"schema":{"@context":"https:\/\/schema.org","@graph":[{"@type":"WebPage","@id":"https:\/\/atyges.es\/pt\/product\/nautiz-x6\/","url":"https:\/\/atyges.es\/pt\/product\/nautiz-x6\/","name":"Nautiz X6 robusto de 6 polegadas | Revendedor Autorizado | ATyges\u00ae","isPartOf":{"@id":"https:\/\/atyges.es\/pt\/#website"},"primaryImageOfPage":{"@id":"https:\/\/atyges.es\/pt\/product\/nautiz-x6\/#primaryimage"},"image":{"@id":"https:\/\/atyges.es\/pt\/product\/nautiz-x6\/#primaryimage"},"thumbnailUrl":"https:\/\/atyges.es\/wp-content\/uploads\/2022\/08\/nautiz-x6_2.png","datePublished":"2022-08-26T10:17:42+00:00","dateModified":"2022-08-29T20:28:46+00:00","description":"Nautiz X6 \u2b50 Dispositivo robusto de 6\" para aplica\u00e7\u00f5es de Topografia e Mapeamento. \u2b50 Compat\u00edvel com EMLID \u2705\u30101\u00ba Distribuidor Oficial Emlid\u3011\u2705.","breadcrumb":{"@id":"https:\/\/atyges.es\/pt\/product\/nautiz-x6\/#breadcrumb"},"inLanguage":"pt-PT","potentialAction":[{"@type":"ReadAction","target":["https:\/\/atyges.es\/pt\/product\/nautiz-x6\/"]}]},{"@type":"ImageObject","inLanguage":"pt-PT","@id":"https:\/\/atyges.es\/pt\/product\/nautiz-x6\/#primaryimage","url":"https:\/\/atyges.es\/wp-content\/uploads\/2022\/08\/nautiz-x6_2.png","contentUrl":"https:\/\/atyges.es\/wp-content\/uploads\/2022\/08\/nautiz-x6_2.png","width":600,"height":600,"caption":"nautiz x6 - Controladora para GPS"},{"@type":"BreadcrumbList","@id":"https:\/\/atyges.es\/pt\/product\/nautiz-x6\/#breadcrumb","itemListElement":[{"@type":"ListItem","position":1,"name":"Portada","item":"https:\/\/atyges.es\/pt\/"},{"@type":"ListItem","position":2,"name":"Produtos","item":"https:\/\/atyges.es\/pt\/shop\/"},{"@type":"ListItem","position":3,"name":"Nautiz X6"}]},{"@type":"WebSite","@id":"https:\/\/atyges.es\/pt\/#website","url":"https:\/\/atyges.es\/pt\/","name":"ATyges","description":"","publisher":{"@id":"https:\/\/atyges.es\/pt\/#organization"},"potentialAction":[{"@type":"SearchAction","target":{"@type":"EntryPoint","urlTemplate":"https:\/\/atyges.es\/pt\/?s={search_term_string}"},"query-input":{"@type":"PropertyValueSpecification","valueRequired":true,"valueName":"search_term_string"}}],"inLanguage":"pt-PT"},{"@type":"Organization","@id":"https:\/\/atyges.es\/pt\/#organization","name":"Atyges","url":"https:\/\/atyges.es\/pt\/","logo":{"@type":"ImageObject","inLanguage":"pt-PT","@id":"https:\/\/atyges.es\/pt\/#\/schema\/logo\/image\/","url":"https:\/\/atyges.es\/wp-content\/uploads\/2022\/01\/Logo_ATyges_Store.png","contentUrl":"https:\/\/atyges.es\/wp-content\/uploads\/2022\/01\/Logo_ATyges_Store.png","width":1228,"height":200,"caption":"Atyges"},"image":{"@id":"https:\/\/atyges.es\/pt\/#\/schema\/logo\/image\/"}}]}},"jetpack_sharing_enabled":true,"_links":{"self":[{"href":"https:\/\/atyges.es\/pt\/wp-json\/wp\/v2\/product\/26338","targetHints":{"allow":["GET"]}}],"collection":[{"href":"https:\/\/atyges.es\/pt\/wp-json\/wp\/v2\/product"}],"about":[{"href":"https:\/\/atyges.es\/pt\/wp-json\/wp\/v2\/types\/product"}],"wp:featuredmedia":[{"embeddable":true,"href":"https:\/\/atyges.es\/pt\/wp-json\/wp\/v2\/media\/26273"}],"wp:attachment":[{"href":"https:\/\/atyges.es\/pt\/wp-json\/wp\/v2\/media?parent=26338"}],"wp:term":[{"taxonomy":"product_brand","embeddable":true,"href":"https:\/\/atyges.es\/pt\/wp-json\/wp\/v2\/product_brand?post=26338"},{"taxonomy":"product_cat","embeddable":true,"href":"https:\/\/atyges.es\/pt\/wp-json\/wp\/v2\/product_cat?post=26338"},{"taxonomy":"product_tag","embeddable":true,"href":"https:\/\/atyges.es\/pt\/wp-json\/wp\/v2\/product_tag?post=26338"}],"curies":[{"name":"wp","href":"https:\/\/api.w.org\/{rel}","templated":true}]}}