{"id":26335,"date":"2022-08-26T11:22:15","date_gmt":"2022-08-26T20:05:24","guid":{"rendered":"https:\/\/atyges.es\/?post_type=product&#038;p=26335"},"modified":"2022-08-29T21:28:17","modified_gmt":"2022-08-29T20:28:17","slug":"algiz-rt8","status":"publish","type":"product","link":"https:\/\/atyges.es\/pt\/tienda\/product\/algiz-rt8\/","title":{"rendered":"Algiz RT8"},"content":{"rendered":"<h1>ALGIZ RT8<\/h1>\n<h3>Tablet Android ultrarresistente<\/h3>\n<p>Imagine fazer o mesmo trabalho que voc\u00ea faz agora, mas fazendo melhor. O <strong>Algiz RT8<\/strong> \u00e9 um tablet Android exclusivo de 8 polegadas constru\u00eddo especificamente para aumentar a efici\u00eancia do trabalho de campo.<\/p>\n<p>Trabalhe mais r\u00e1pido, com mais foco e menos interrup\u00e7\u00f5es. O <strong>Algiz RT8<\/strong> \u00e9 ultra-robusto, com uma tela impressionante, design amig\u00e1vel, uma variedade de ferramentas integradas e acess\u00f3rios opcionais e at\u00e9 mesmo um pacote de software de gerenciamento de dispositivos m\u00f3veis gratuito.<\/p>\n<p>Dir\u00edamos que este tablet pode fazer tudo o que um tablet de consumidor pode fazer, mas isso n\u00e3o \u00e9 totalmente verdade: ele pode fazer muito mais.<\/p>\n<p><iframe loading=\"lazy\" title=\"Introducing the Handheld ALGIZ RT8\" width=\"640\" height=\"360\" src=\"https:\/\/www.youtube.com\/embed\/I4pNlTk6iQk?feature=oembed&#038;enablejsapi=1&#038;origin=https:\/\/atyges.es\" frameborder=\"0\" allow=\"accelerometer; autoplay; clipboard-write; encrypted-media; gyroscope; picture-in-picture\" allowfullscreen><\/iframe><\/p>\n<h3><span class=\"VIiyi\" lang=\"es\"><span class=\"JLqJ4b ChMk0b\" data-language-for-alternatives=\"es\" data-language-to-translate-into=\"en\" data-phrase-index=\"0\" data-number-of-phrases=\"6\"><span class=\"Q4iAWc\">Uma tela multitoque de 8 polegadas?<\/span><\/span> <\/span><\/h3>\n<p><span class=\"VIiyi\" lang=\"es\"><span class=\"JLqJ4b ChMk0b\" data-language-for-alternatives=\"es\" data-language-to-translate-into=\"en\" data-phrase-index=\"3\" data-number-of-phrases=\"6\"><span class=\"Q4iAWc\">Isso \u00e9 brilhante. Nem todos os espa\u00e7os de trabalho t\u00eam quatro paredes, ent\u00e3o vamos lhe dar uma imagem: voc\u00ea, visualizando e manipulando mapas, imagens, gr\u00e1ficos, relat\u00f3rios e planilhas diretamente de um tablet superport\u00e1til no meio do seu local de trabalho..<\/span><\/span> <\/span><\/p>\n<p><img loading=\"lazy\" decoding=\"async\" class=\"aligncenter size-shop_single wp-image-26286\" src=\"https:\/\/atyges.es\/wp-content\/uploads\/2022\/08\/Algiz-RT8_atyges2-600x336.jpg\" alt=\"ALGIZ RT8 - Tablet rugerizada 8 pulgadas para GPS\" width=\"600\" height=\"336\" srcset=\"https:\/\/atyges.es\/wp-content\/uploads\/2022\/08\/Algiz-RT8_atyges2-600x336.jpg 600w, https:\/\/atyges.es\/wp-content\/uploads\/2022\/08\/Algiz-RT8_atyges2-300x168.jpg 300w, https:\/\/atyges.es\/wp-content\/uploads\/2022\/08\/Algiz-RT8_atyges2-1024x573.jpg 1024w, https:\/\/atyges.es\/wp-content\/uploads\/2022\/08\/Algiz-RT8_atyges2-173x97.jpg 173w, https:\/\/atyges.es\/wp-content\/uploads\/2022\/08\/Algiz-RT8_atyges2.jpg 1664w\" sizes=\"auto, (max-width: 600px) 100vw, 600px\" \/> <img loading=\"lazy\" decoding=\"async\" class=\"aligncenter size-shop_single wp-image-26295\" src=\"https:\/\/atyges.es\/wp-content\/uploads\/2022\/08\/Algiz-RT8_atyges5-600x338.jpg\" alt=\"ALGIZ RT8 - Tablet rugerizada 8 pulgadas para GPS\" width=\"600\" height=\"338\" srcset=\"https:\/\/atyges.es\/wp-content\/uploads\/2022\/08\/Algiz-RT8_atyges5-600x338.jpg 600w, https:\/\/atyges.es\/wp-content\/uploads\/2022\/08\/Algiz-RT8_atyges5-300x169.jpg 300w, https:\/\/atyges.es\/wp-content\/uploads\/2022\/08\/Algiz-RT8_atyges5-1024x576.jpg 1024w, https:\/\/atyges.es\/wp-content\/uploads\/2022\/08\/Algiz-RT8_atyges5-173x97.jpg 173w, https:\/\/atyges.es\/wp-content\/uploads\/2022\/08\/Algiz-RT8_atyges5.jpg 1920w\" sizes=\"auto, (max-width: 600px) 100vw, 600px\" \/><\/p>\n<p><span class=\"VIiyi\" lang=\"pt\"><span class=\"JLqJ4b ChMk0b\" data-language-for-alternatives=\"pt\" data-language-to-translate-into=\"es\" data-phrase-index=\"0\" data-number-of-phrases=\"4\"><span class=\"Q4iAWc\">Seja seu &#8220;escrit\u00f3rio&#8221; um campo, uma floresta ou um armaz\u00e9m, o<strong> Algiz RT8<\/strong> oferece gr\u00e1ficos brilhantes e bonitos em sua tela capacitiva de 8 polegadas, projetada com multitoque de 10 pontos e refor\u00e7ada com Gorilla Glass.<\/span><\/span> <span class=\"JLqJ4b ChMk0b\" data-language-for-alternatives=\"pt\" data-language-to-translate-into=\"es\" data-phrase-index=\"1\" data-number-of-phrases=\"4\"><span class=\"Q4iAWc\">E se estiver chovendo ou frio, o <strong>Algiz RT8<\/strong> oferece modo chuva e modo luva.<\/span><\/span> <\/span><\/p>\n<p><span class=\"VIiyi\" lang=\"pt\"><span class=\"JLqJ4b ChMk0b\" data-language-for-alternatives=\"pt\" data-language-to-translate-into=\"es\" data-phrase-index=\"3\" data-number-of-phrases=\"4\"><span class=\"Q4iAWc\">\u00c9 100% compat\u00edvel com os equipamentos <a href=\"https:\/\/atyges.es\/pt\/product\/gps-emlid-reach-rs2plus\/\">Emlid Reach RS2+<\/a> e <a href=\"https:\/\/atyges.es\/pt\/tienda\/product\/gps-gnss-emlid-reach-rs\/\">Reach RS+<\/a> GPS GNSS e com os aplicativos ReachView 3 e <a href=\"https:\/\/atyges.es\/pt\/tienda\/product\/software-topografico-tcpgps-para-gps\/\">TCP-GPS<\/a>.<\/span><\/span><\/span><\/p>\n<p><img loading=\"lazy\" decoding=\"async\" class=\"aligncenter size-shop_single wp-image-26289\" src=\"https:\/\/atyges.es\/wp-content\/uploads\/2022\/08\/Algiz-RT8_atyges3-600x338.jpg\" alt=\"ALGIZ RT8 - Tablet rugerizada 8 pulgadas para GPS\" width=\"600\" height=\"338\" srcset=\"https:\/\/atyges.es\/wp-content\/uploads\/2022\/08\/Algiz-RT8_atyges3-600x338.jpg 600w, https:\/\/atyges.es\/wp-content\/uploads\/2022\/08\/Algiz-RT8_atyges3-300x169.jpg 300w, https:\/\/atyges.es\/wp-content\/uploads\/2022\/08\/Algiz-RT8_atyges3-1024x576.jpg 1024w, https:\/\/atyges.es\/wp-content\/uploads\/2022\/08\/Algiz-RT8_atyges3-173x97.jpg 173w, https:\/\/atyges.es\/wp-content\/uploads\/2022\/08\/Algiz-RT8_atyges3.jpg 1920w\" sizes=\"auto, (max-width: 600px) 100vw, 600px\" \/><\/p>\n<p>&nbsp;<\/p>\n\n\n<div class=\"kk-star-ratings kksr-auto kksr-align-center kksr-valign-bottom\"\n    data-payload='{&quot;align&quot;:&quot;center&quot;,&quot;id&quot;:&quot;26335&quot;,&quot;slug&quot;:&quot;default&quot;,&quot;valign&quot;:&quot;bottom&quot;,&quot;ignore&quot;:&quot;&quot;,&quot;reference&quot;:&quot;auto&quot;,&quot;class&quot;:&quot;&quot;,&quot;count&quot;:&quot;0&quot;,&quot;legendonly&quot;:&quot;&quot;,&quot;readonly&quot;:&quot;&quot;,&quot;score&quot;:&quot;0&quot;,&quot;starsonly&quot;:&quot;&quot;,&quot;best&quot;:&quot;5&quot;,&quot;gap&quot;:&quot;5&quot;,&quot;greet&quot;:&quot;Val\u00f3ranos&quot;,&quot;legend&quot;:&quot;0\\\/5 - (0 votes)&quot;,&quot;size&quot;:&quot;24&quot;,&quot;title&quot;:&quot;Algiz RT8&quot;,&quot;width&quot;:&quot;0&quot;,&quot;_legend&quot;:&quot;{score}\\\/{best} - ({count} {votes})&quot;,&quot;font_factor&quot;:&quot;1.25&quot;}'>\n            \n<div class=\"kksr-stars\">\n    \n<div class=\"kksr-stars-inactive\">\n            <div class=\"kksr-star\" data-star=\"1\" style=\"padding-right: 5px\">\n            \n\n<div class=\"kksr-icon\" style=\"width: 24px; height: 24px;\"><\/div>\n        <\/div>\n            <div class=\"kksr-star\" data-star=\"2\" style=\"padding-right: 5px\">\n            \n\n<div class=\"kksr-icon\" style=\"width: 24px; height: 24px;\"><\/div>\n        <\/div>\n            <div class=\"kksr-star\" data-star=\"3\" style=\"padding-right: 5px\">\n            \n\n<div class=\"kksr-icon\" style=\"width: 24px; height: 24px;\"><\/div>\n        <\/div>\n            <div class=\"kksr-star\" data-star=\"4\" style=\"padding-right: 5px\">\n            \n\n<div class=\"kksr-icon\" style=\"width: 24px; height: 24px;\"><\/div>\n        <\/div>\n            <div class=\"kksr-star\" data-star=\"5\" style=\"padding-right: 5px\">\n            \n\n<div class=\"kksr-icon\" style=\"width: 24px; height: 24px;\"><\/div>\n        <\/div>\n    <\/div>\n    \n<div class=\"kksr-stars-active\" style=\"width: 0px;\">\n            <div class=\"kksr-star\" style=\"padding-right: 5px\">\n            \n\n<div class=\"kksr-icon\" style=\"width: 24px; height: 24px;\"><\/div>\n        <\/div>\n            <div class=\"kksr-star\" style=\"padding-right: 5px\">\n            \n\n<div class=\"kksr-icon\" style=\"width: 24px; height: 24px;\"><\/div>\n        <\/div>\n            <div class=\"kksr-star\" style=\"padding-right: 5px\">\n            \n\n<div class=\"kksr-icon\" style=\"width: 24px; height: 24px;\"><\/div>\n        <\/div>\n            <div class=\"kksr-star\" style=\"padding-right: 5px\">\n            \n\n<div class=\"kksr-icon\" style=\"width: 24px; height: 24px;\"><\/div>\n        <\/div>\n            <div class=\"kksr-star\" style=\"padding-right: 5px\">\n            \n\n<div class=\"kksr-icon\" style=\"width: 24px; height: 24px;\"><\/div>\n        <\/div>\n    <\/div>\n<\/div>\n                \n\n<div class=\"kksr-legend\" style=\"font-size: 19.2px;\">\n            <span class=\"kksr-muted\">Val\u00f3ranos<\/span>\n    <\/div>\n    <\/div>\n","protected":false},"excerpt":{"rendered":"<h1>ALGIZ RT8 &#8211; tablet robusto de 8 polegadas<\/h1>\n<p><span class=\"VIiyi\" lang=\"es\"><span class=\"JLqJ4b\" data-language-for-alternatives=\"es\" data-language-to-translate-into=\"en\" data-phrase-index=\"0\" data-number-of-phrases=\"1\"><span class=\"Q4iAWc\">O <strong>ALGIZ RT8<\/strong> \u00e9 um poderoso tablet robusto de 8 polegadas. Desfrute de uma grande tela sens\u00edvel ao toque de 8 polegadas leg\u00edvel \u00e0 luz solar protegida por Gorilla Glass super-resistente. <\/span><\/span><\/span><\/p>\n<p><span class=\"VIiyi\" lang=\"es\"><span class=\"JLqJ4b\" data-language-for-alternatives=\"es\" data-language-to-translate-into=\"en\" data-phrase-index=\"0\" data-number-of-phrases=\"1\"><span class=\"Q4iAWc\">Conte\u00fado do produto: <\/span><\/span><\/span><\/p>\n<ul>\n<li><span class=\"VIiyi\" lang=\"es\"><span class=\"JLqJ4b\" data-language-for-alternatives=\"es\" data-language-to-translate-into=\"en\" data-phrase-index=\"0\" data-number-of-phrases=\"1\"><span class=\"Q4iAWc\">1x dispositivo Algiz RT8 <\/span><\/span><\/span><\/li>\n<li><span class=\"VIiyi\" lang=\"es\"><span class=\"JLqJ4b\" data-language-for-alternatives=\"es\" data-language-to-translate-into=\"en\" data-phrase-index=\"0\" data-number-of-phrases=\"1\"><span class=\"Q4iAWc\">1x bateria padr\u00e3o <\/span><\/span><\/span><\/li>\n<li><span class=\"VIiyi\" lang=\"es\"><span class=\"JLqJ4b\" data-language-for-alternatives=\"es\" data-language-to-translate-into=\"en\" data-phrase-index=\"0\" data-number-of-phrases=\"1\"><span class=\"Q4iAWc\">1x adaptador de carregamento com terminais conversores<br \/>\n<\/span><\/span><\/span><\/li>\n<li><span class=\"VIiyi\" lang=\"es\"><span class=\"JLqJ4b\" data-language-for-alternatives=\"es\" data-language-to-translate-into=\"en\" data-phrase-index=\"0\" data-number-of-phrases=\"1\"><span class=\"Q4iAWc\"> 1x cabo USB tipo C <\/span><\/span><\/span><\/li>\n<\/ul>\n<p><span class=\"VIiyi\" lang=\"es\"><span class=\"JLqJ4b\" data-language-for-alternatives=\"es\" data-language-to-translate-into=\"en\" data-phrase-index=\"0\" data-number-of-phrases=\"1\"><span class=\"Q4iAWc\"><span class=\"VIiyi\" lang=\"pt\"><span class=\"JLqJ4b ChMk0b\" data-language-for-alternatives=\"pt\" data-language-to-translate-into=\"es\" data-phrase-index=\"3\" data-number-of-phrases=\"4\">\u00c9 100% compat\u00edvel com os equipamentos <a href=\"https:\/\/atyges.es\/pt\/product\/gps-emlid-reach-rs2plus\/\">Emlid Reach RS2+<\/a> e <a href=\"https:\/\/atyges.es\/pt\/tienda\/product\/gps-gnss-emlid-reach-rs\/\">Reach RS+<\/a> GPS GNSS e com os aplicativos ReachView 3 e <a href=\"https:\/\/atyges.es\/pt\/tienda\/product\/software-topografico-tcpgps-para-gps\/\">TCP-GPS<\/a>.<\/span><\/span><\/span><\/span><\/span><\/p>\n","protected":false},"featured_media":26304,"template":"","meta":[],"product_brand":[],"product_cat":[1445,1214],"product_tag":[1460,1458,1462,1461],"class_list":{"0":"post-26335","1":"product","2":"type-product","3":"status-publish","4":"has-post-thumbnail","6":"product_cat-dispositivos-e-softwares-de-topografia","7":"product_cat-emlid-gps","8":"product_tag-algiz-pt","9":"product_tag-controlador-gps","10":"product_tag-robusto","11":"product_tag-tablet-robusto","12":"product_shipping_class-emlid-pt","14":"first","15":"onbackorder","16":"taxable","17":"shipping-taxable","18":"purchasable","19":"product-type-simple"},"yoast_head":"<!-- This site is optimized with the Yoast SEO plugin v27.2 - https:\/\/yoast.com\/product\/yoast-seo-wordpress\/ -->\n<title>ALGIZ RT8 - Tablet Robusto | Distribuidor Autorizado | ATyges\u00ae<\/title>\n<meta name=\"description\" content=\"ALGIZ RT8 \u2b50 Tablet robusto de 8&quot; para topografia e uso industrial. \u2b50 Compat\u00edvel com EMLID \u2705\u30101\u00ba Distribuidor Oficial Emlid\u3011\u2705\" \/>\n<meta name=\"robots\" content=\"index, follow, max-snippet:-1, max-image-preview:large, max-video-preview:-1\" \/>\n<link rel=\"canonical\" href=\"https:\/\/atyges.es\/pt\/tienda\/product\/algiz-rt8\/\" \/>\n<meta property=\"og:locale\" content=\"pt_PT\" \/>\n<meta property=\"og:type\" content=\"article\" \/>\n<meta property=\"og:title\" content=\"ALGIZ RT8 - Tablet Robusto | Distribuidor Autorizado | ATyges\u00ae\" \/>\n<meta property=\"og:description\" content=\"ALGIZ RT8 \u2b50 Tablet robusto de 8&quot; para topografia e uso industrial. \u2b50 Compat\u00edvel com EMLID \u2705\u30101\u00ba Distribuidor Oficial Emlid\u3011\u2705\" \/>\n<meta property=\"og:url\" content=\"https:\/\/atyges.es\/pt\/tienda\/product\/algiz-rt8\/\" \/>\n<meta property=\"og:site_name\" content=\"ATyges\" \/>\n<meta property=\"article:modified_time\" content=\"2022-08-29T20:28:17+00:00\" \/>\n<meta property=\"og:image\" content=\"https:\/\/atyges.es\/wp-content\/uploads\/2022\/08\/algiz-rt8_2.png\" \/>\n\t<meta property=\"og:image:width\" content=\"1536\" \/>\n\t<meta property=\"og:image:height\" content=\"1536\" \/>\n\t<meta property=\"og:image:type\" content=\"image\/png\" \/>\n<meta name=\"twitter:card\" content=\"summary_large_image\" \/>\n<meta name=\"twitter:label1\" content=\"Tempo estimado de leitura\" \/>\n\t<meta name=\"twitter:data1\" content=\"1 minuto\" \/>\n<script type=\"application\/ld+json\" class=\"yoast-schema-graph\">{\"@context\":\"https:\/\/schema.org\",\"@graph\":[{\"@type\":\"WebPage\",\"@id\":\"https:\/\/atyges.es\/pt\/tienda\/product\/algiz-rt8\/\",\"url\":\"https:\/\/atyges.es\/pt\/tienda\/product\/algiz-rt8\/\",\"name\":\"ALGIZ RT8 - Tablet Robusto | Distribuidor Autorizado | ATyges\u00ae\",\"isPartOf\":{\"@id\":\"https:\/\/atyges.es\/pt\/#website\"},\"primaryImageOfPage\":{\"@id\":\"https:\/\/atyges.es\/pt\/tienda\/product\/algiz-rt8\/#primaryimage\"},\"image\":{\"@id\":\"https:\/\/atyges.es\/pt\/tienda\/product\/algiz-rt8\/#primaryimage\"},\"thumbnailUrl\":\"https:\/\/atyges.es\/wp-content\/uploads\/2022\/08\/algiz-rt8_2.png\",\"datePublished\":\"2022-08-26T20:05:24+00:00\",\"dateModified\":\"2022-08-29T20:28:17+00:00\",\"description\":\"ALGIZ RT8 \u2b50 Tablet robusto de 8\\\" para topografia e uso industrial. \u2b50 Compat\u00edvel com EMLID \u2705\u30101\u00ba Distribuidor Oficial Emlid\u3011\u2705\",\"breadcrumb\":{\"@id\":\"https:\/\/atyges.es\/pt\/tienda\/product\/algiz-rt8\/#breadcrumb\"},\"inLanguage\":\"pt-PT\",\"potentialAction\":[{\"@type\":\"ReadAction\",\"target\":[\"https:\/\/atyges.es\/pt\/tienda\/product\/algiz-rt8\/\"]}]},{\"@type\":\"ImageObject\",\"inLanguage\":\"pt-PT\",\"@id\":\"https:\/\/atyges.es\/pt\/tienda\/product\/algiz-rt8\/#primaryimage\",\"url\":\"https:\/\/atyges.es\/wp-content\/uploads\/2022\/08\/algiz-rt8_2.png\",\"contentUrl\":\"https:\/\/atyges.es\/wp-content\/uploads\/2022\/08\/algiz-rt8_2.png\",\"width\":1536,\"height\":1536,\"caption\":\"ALGIZ RT8 - Tablet rugerizada 8 pulgadas para GPS\"},{\"@type\":\"BreadcrumbList\",\"@id\":\"https:\/\/atyges.es\/pt\/tienda\/product\/algiz-rt8\/#breadcrumb\",\"itemListElement\":[{\"@type\":\"ListItem\",\"position\":1,\"name\":\"Portada\",\"item\":\"https:\/\/atyges.es\/pt\/\"},{\"@type\":\"ListItem\",\"position\":2,\"name\":\"Produtos\",\"item\":\"https:\/\/atyges.es\/pt\/shop\/\"},{\"@type\":\"ListItem\",\"position\":3,\"name\":\"Algiz RT8\"}]},{\"@type\":\"WebSite\",\"@id\":\"https:\/\/atyges.es\/pt\/#website\",\"url\":\"https:\/\/atyges.es\/pt\/\",\"name\":\"ATyges\",\"description\":\"\",\"publisher\":{\"@id\":\"https:\/\/atyges.es\/pt\/#organization\"},\"potentialAction\":[{\"@type\":\"SearchAction\",\"target\":{\"@type\":\"EntryPoint\",\"urlTemplate\":\"https:\/\/atyges.es\/pt\/?s={search_term_string}\"},\"query-input\":{\"@type\":\"PropertyValueSpecification\",\"valueRequired\":true,\"valueName\":\"search_term_string\"}}],\"inLanguage\":\"pt-PT\"},{\"@type\":\"Organization\",\"@id\":\"https:\/\/atyges.es\/pt\/#organization\",\"name\":\"Atyges\",\"url\":\"https:\/\/atyges.es\/pt\/\",\"logo\":{\"@type\":\"ImageObject\",\"inLanguage\":\"pt-PT\",\"@id\":\"https:\/\/atyges.es\/pt\/#\/schema\/logo\/image\/\",\"url\":\"https:\/\/atyges.es\/wp-content\/uploads\/2022\/01\/Logo_ATyges_Store.png\",\"contentUrl\":\"https:\/\/atyges.es\/wp-content\/uploads\/2022\/01\/Logo_ATyges_Store.png\",\"width\":1228,\"height\":200,\"caption\":\"Atyges\"},\"image\":{\"@id\":\"https:\/\/atyges.es\/pt\/#\/schema\/logo\/image\/\"}}]}<\/script>\n<!-- \/ Yoast SEO plugin. -->","yoast_head_json":{"title":"ALGIZ RT8 - Tablet Robusto | Distribuidor Autorizado | ATyges\u00ae","description":"ALGIZ RT8 \u2b50 Tablet robusto de 8\" para topografia e uso industrial. \u2b50 Compat\u00edvel com EMLID \u2705\u30101\u00ba Distribuidor Oficial Emlid\u3011\u2705","robots":{"index":"index","follow":"follow","max-snippet":"max-snippet:-1","max-image-preview":"max-image-preview:large","max-video-preview":"max-video-preview:-1"},"canonical":"https:\/\/atyges.es\/pt\/tienda\/product\/algiz-rt8\/","og_locale":"pt_PT","og_type":"article","og_title":"ALGIZ RT8 - Tablet Robusto | Distribuidor Autorizado | ATyges\u00ae","og_description":"ALGIZ RT8 \u2b50 Tablet robusto de 8\" para topografia e uso industrial. \u2b50 Compat\u00edvel com EMLID \u2705\u30101\u00ba Distribuidor Oficial Emlid\u3011\u2705","og_url":"https:\/\/atyges.es\/pt\/tienda\/product\/algiz-rt8\/","og_site_name":"ATyges","article_modified_time":"2022-08-29T20:28:17+00:00","og_image":[{"width":1536,"height":1536,"url":"https:\/\/atyges.es\/wp-content\/uploads\/2022\/08\/algiz-rt8_2.png","type":"image\/png"}],"twitter_card":"summary_large_image","twitter_misc":{"Tempo estimado de leitura":"1 minuto"},"schema":{"@context":"https:\/\/schema.org","@graph":[{"@type":"WebPage","@id":"https:\/\/atyges.es\/pt\/tienda\/product\/algiz-rt8\/","url":"https:\/\/atyges.es\/pt\/tienda\/product\/algiz-rt8\/","name":"ALGIZ RT8 - Tablet Robusto | Distribuidor Autorizado | ATyges\u00ae","isPartOf":{"@id":"https:\/\/atyges.es\/pt\/#website"},"primaryImageOfPage":{"@id":"https:\/\/atyges.es\/pt\/tienda\/product\/algiz-rt8\/#primaryimage"},"image":{"@id":"https:\/\/atyges.es\/pt\/tienda\/product\/algiz-rt8\/#primaryimage"},"thumbnailUrl":"https:\/\/atyges.es\/wp-content\/uploads\/2022\/08\/algiz-rt8_2.png","datePublished":"2022-08-26T20:05:24+00:00","dateModified":"2022-08-29T20:28:17+00:00","description":"ALGIZ RT8 \u2b50 Tablet robusto de 8\" para topografia e uso industrial. \u2b50 Compat\u00edvel com EMLID \u2705\u30101\u00ba Distribuidor Oficial Emlid\u3011\u2705","breadcrumb":{"@id":"https:\/\/atyges.es\/pt\/tienda\/product\/algiz-rt8\/#breadcrumb"},"inLanguage":"pt-PT","potentialAction":[{"@type":"ReadAction","target":["https:\/\/atyges.es\/pt\/tienda\/product\/algiz-rt8\/"]}]},{"@type":"ImageObject","inLanguage":"pt-PT","@id":"https:\/\/atyges.es\/pt\/tienda\/product\/algiz-rt8\/#primaryimage","url":"https:\/\/atyges.es\/wp-content\/uploads\/2022\/08\/algiz-rt8_2.png","contentUrl":"https:\/\/atyges.es\/wp-content\/uploads\/2022\/08\/algiz-rt8_2.png","width":1536,"height":1536,"caption":"ALGIZ RT8 - Tablet rugerizada 8 pulgadas para GPS"},{"@type":"BreadcrumbList","@id":"https:\/\/atyges.es\/pt\/tienda\/product\/algiz-rt8\/#breadcrumb","itemListElement":[{"@type":"ListItem","position":1,"name":"Portada","item":"https:\/\/atyges.es\/pt\/"},{"@type":"ListItem","position":2,"name":"Produtos","item":"https:\/\/atyges.es\/pt\/shop\/"},{"@type":"ListItem","position":3,"name":"Algiz RT8"}]},{"@type":"WebSite","@id":"https:\/\/atyges.es\/pt\/#website","url":"https:\/\/atyges.es\/pt\/","name":"ATyges","description":"","publisher":{"@id":"https:\/\/atyges.es\/pt\/#organization"},"potentialAction":[{"@type":"SearchAction","target":{"@type":"EntryPoint","urlTemplate":"https:\/\/atyges.es\/pt\/?s={search_term_string}"},"query-input":{"@type":"PropertyValueSpecification","valueRequired":true,"valueName":"search_term_string"}}],"inLanguage":"pt-PT"},{"@type":"Organization","@id":"https:\/\/atyges.es\/pt\/#organization","name":"Atyges","url":"https:\/\/atyges.es\/pt\/","logo":{"@type":"ImageObject","inLanguage":"pt-PT","@id":"https:\/\/atyges.es\/pt\/#\/schema\/logo\/image\/","url":"https:\/\/atyges.es\/wp-content\/uploads\/2022\/01\/Logo_ATyges_Store.png","contentUrl":"https:\/\/atyges.es\/wp-content\/uploads\/2022\/01\/Logo_ATyges_Store.png","width":1228,"height":200,"caption":"Atyges"},"image":{"@id":"https:\/\/atyges.es\/pt\/#\/schema\/logo\/image\/"}}]}},"jetpack_sharing_enabled":true,"_links":{"self":[{"href":"https:\/\/atyges.es\/pt\/wp-json\/wp\/v2\/product\/26335","targetHints":{"allow":["GET"]}}],"collection":[{"href":"https:\/\/atyges.es\/pt\/wp-json\/wp\/v2\/product"}],"about":[{"href":"https:\/\/atyges.es\/pt\/wp-json\/wp\/v2\/types\/product"}],"wp:featuredmedia":[{"embeddable":true,"href":"https:\/\/atyges.es\/pt\/wp-json\/wp\/v2\/media\/26304"}],"wp:attachment":[{"href":"https:\/\/atyges.es\/pt\/wp-json\/wp\/v2\/media?parent=26335"}],"wp:term":[{"taxonomy":"product_brand","embeddable":true,"href":"https:\/\/atyges.es\/pt\/wp-json\/wp\/v2\/product_brand?post=26335"},{"taxonomy":"product_cat","embeddable":true,"href":"https:\/\/atyges.es\/pt\/wp-json\/wp\/v2\/product_cat?post=26335"},{"taxonomy":"product_tag","embeddable":true,"href":"https:\/\/atyges.es\/pt\/wp-json\/wp\/v2\/product_tag?post=26335"}],"curies":[{"name":"wp","href":"https:\/\/api.w.org\/{rel}","templated":true}]}}