{"id":22653,"date":"2022-03-21T18:21:24","date_gmt":"2022-03-21T17:21:24","guid":{"rendered":"https:\/\/atyges.es\/?post_type=product&#038;p=22653"},"modified":"2022-08-27T08:50:49","modified_gmt":"2022-08-27T07:50:49","slug":"dji-matrice-30-pt","status":"publish","type":"product","link":"https:\/\/atyges.es\/pt\/product\/dji-matrice-30-pt\/","title":{"rendered":"DJI Matrice 30"},"content":{"rendered":"<h2 class=\"title style-scope ytd-video-primary-info-renderer\">DJI Enterprise Product Launch Event &#8211; Matrice 30 Series<\/h2>\n<p><iframe loading=\"lazy\" title=\"2022 DJI Product Launch Event - Introducing Matrice 30 Series, DJI Dock, FlightHub 2 and H20N\" width=\"640\" height=\"360\" src=\"https:\/\/www.youtube.com\/embed\/Aqr_uS3UoNU?feature=oembed&#038;enablejsapi=1&#038;origin=https:\/\/atyges.es\" frameborder=\"0\" allow=\"accelerometer; autoplay; clipboard-write; encrypted-media; gyroscope; picture-in-picture\" allowfullscreen><\/iframe><\/p>\n<p>&nbsp;<\/p>\n\n\n<div class=\"kk-star-ratings kksr-auto kksr-align-center kksr-valign-bottom\"\n    data-payload='{&quot;align&quot;:&quot;center&quot;,&quot;id&quot;:&quot;22653&quot;,&quot;slug&quot;:&quot;default&quot;,&quot;valign&quot;:&quot;bottom&quot;,&quot;ignore&quot;:&quot;&quot;,&quot;reference&quot;:&quot;auto&quot;,&quot;class&quot;:&quot;&quot;,&quot;count&quot;:&quot;0&quot;,&quot;legendonly&quot;:&quot;&quot;,&quot;readonly&quot;:&quot;&quot;,&quot;score&quot;:&quot;0&quot;,&quot;starsonly&quot;:&quot;&quot;,&quot;best&quot;:&quot;5&quot;,&quot;gap&quot;:&quot;5&quot;,&quot;greet&quot;:&quot;Val\u00f3ranos&quot;,&quot;legend&quot;:&quot;0\\\/5 - (0 votes)&quot;,&quot;size&quot;:&quot;24&quot;,&quot;title&quot;:&quot;DJI Matrice 30&quot;,&quot;width&quot;:&quot;0&quot;,&quot;_legend&quot;:&quot;{score}\\\/{best} - ({count} {votes})&quot;,&quot;font_factor&quot;:&quot;1.25&quot;}'>\n            \n<div class=\"kksr-stars\">\n    \n<div class=\"kksr-stars-inactive\">\n            <div class=\"kksr-star\" data-star=\"1\" style=\"padding-right: 5px\">\n            \n\n<div class=\"kksr-icon\" style=\"width: 24px; height: 24px;\"><\/div>\n        <\/div>\n            <div class=\"kksr-star\" data-star=\"2\" style=\"padding-right: 5px\">\n            \n\n<div class=\"kksr-icon\" style=\"width: 24px; height: 24px;\"><\/div>\n        <\/div>\n            <div class=\"kksr-star\" data-star=\"3\" style=\"padding-right: 5px\">\n            \n\n<div class=\"kksr-icon\" style=\"width: 24px; height: 24px;\"><\/div>\n        <\/div>\n            <div class=\"kksr-star\" data-star=\"4\" style=\"padding-right: 5px\">\n            \n\n<div class=\"kksr-icon\" style=\"width: 24px; height: 24px;\"><\/div>\n        <\/div>\n            <div class=\"kksr-star\" data-star=\"5\" style=\"padding-right: 5px\">\n            \n\n<div class=\"kksr-icon\" style=\"width: 24px; height: 24px;\"><\/div>\n        <\/div>\n    <\/div>\n    \n<div class=\"kksr-stars-active\" style=\"width: 0px;\">\n            <div class=\"kksr-star\" style=\"padding-right: 5px\">\n            \n\n<div class=\"kksr-icon\" style=\"width: 24px; height: 24px;\"><\/div>\n        <\/div>\n            <div class=\"kksr-star\" style=\"padding-right: 5px\">\n            \n\n<div class=\"kksr-icon\" style=\"width: 24px; height: 24px;\"><\/div>\n        <\/div>\n            <div class=\"kksr-star\" style=\"padding-right: 5px\">\n            \n\n<div class=\"kksr-icon\" style=\"width: 24px; height: 24px;\"><\/div>\n        <\/div>\n            <div class=\"kksr-star\" style=\"padding-right: 5px\">\n            \n\n<div class=\"kksr-icon\" style=\"width: 24px; height: 24px;\"><\/div>\n        <\/div>\n            <div class=\"kksr-star\" style=\"padding-right: 5px\">\n            \n\n<div class=\"kksr-icon\" style=\"width: 24px; height: 24px;\"><\/div>\n        <\/div>\n    <\/div>\n<\/div>\n                \n\n<div class=\"kksr-legend\" style=\"font-size: 19.2px;\">\n            <span class=\"kksr-muted\">Val\u00f3ranos<\/span>\n    <\/div>\n    <\/div>\n","protected":false},"excerpt":{"rendered":"<h2 class=\"style__product-title___29kvi style__product-title___3Yzp_\">Matrice 30 Worry-Free Combo<\/h2>\n<p><strong>Matrice 30<\/strong> \u00e9 a mais recente plataforma comercial de drones da DJI, inspirando-se nos mais recentes sistemas de avi\u00f4nicos.<\/p>\n<p><img loading=\"lazy\" decoding=\"async\" class=\"aligncenter size-shop_single wp-image-22655\" src=\"https:\/\/atyges.es\/wp-content\/uploads\/2022\/03\/M30_atyges02-600x338.png\" alt=\"\" width=\"600\" height=\"338\" srcset=\"https:\/\/atyges.es\/wp-content\/uploads\/2022\/03\/M30_atyges02-600x338.png 600w, https:\/\/atyges.es\/wp-content\/uploads\/2022\/03\/M30_atyges02-300x169.png 300w, https:\/\/atyges.es\/wp-content\/uploads\/2022\/03\/M30_atyges02-173x97.png 173w, https:\/\/atyges.es\/wp-content\/uploads\/2022\/03\/M30_atyges02.png 640w\" sizes=\"auto, (max-width: 600px) 100vw, 600px\" \/><\/p>\n<p>&nbsp;<\/p>\n<p>Oferece um tempo m\u00e1ximo de voo de 41 minutos, tecnologia avan\u00e7ada de intelig\u00eancia artificial (IA) e um sistema completo de gerenciamento e check-up de drones.2<\/p>\n<p>A nova solu\u00e7\u00e3o da DJI para seguran\u00e7a privada e p\u00fablica. O verdadeiro aliado para resgate e patrulhas de resgate.<\/p>\n<p>Com o desempenho, portabilidade e facilidade de uso do novo DJI Matrice 30 e sua integra\u00e7\u00e3o perfeita com o software DJI FlightHub 2 e DJI Dock, a DJI se aprofunda em um conjunto de solu\u00e7\u00f5es de produtos de 360 \u200b\u200bgraus para uma variedade de campos, como inspe\u00e7\u00e3o de energia, emerg\u00eancia miss\u00f5es de resgate, seguran\u00e7a p\u00fablica e privada, prote\u00e7\u00e3o ambiental e digitaliza\u00e7\u00e3o. e preserva\u00e7\u00e3o do patrim\u00f4nio cultural.<\/p>\n<p>Inclu\u00eddo no Pacote:<\/p>\n<ul>\n<li>Matrice 30.<\/li>\n<li>Controlador DJI RC PLUS com DJI Pilot 2.<\/li>\n<li>2 baterias inteligentes TB30.<\/li>\n<li>1 estojo de carregamento de bateria BS30.<\/li>\n<li>3 meses de assinatura DJI FlightHUB 2.<\/li>\n<li>12 meses DJI Care Enterprise &#8211; B\u00e1sico.\n<ul>\n<li>Permite duas substitui\u00e7\u00f5es em 12 meses com uma franquia de 665\u20ac para a primeira e 750\u20ac para a segunda.<\/li>\n<li>Servi\u00e7o de manuten\u00e7\u00e3o padr\u00e3o inclu\u00eddo.<\/li>\n<\/ul>\n<\/li>\n<\/ul>\n","protected":false},"featured_media":22672,"template":"","meta":[],"product_brand":[],"product_cat":[1289,1276,1470],"product_tag":[],"class_list":{"0":"post-22653","1":"product","2":"type-product","3":"status-publish","4":"has-post-thumbnail","6":"product_cat-drones-para-seguranca-e-vigilancia","7":"product_cat-drones-profissionais-pt","8":"product_cat-matrice-30-pt","9":"product_shipping_class-envio-gratuito-es-pt","11":"first","12":"onbackorder","13":"taxable","14":"shipping-taxable","15":"purchasable","16":"product-type-simple"},"yoast_head":"<!-- This site is optimized with the Yoast SEO plugin v27.2 - https:\/\/yoast.com\/product\/yoast-seo-wordpress\/ -->\n<title>Matrice 30 | Drone S\u00e9rie DJI M30 | ATyges\u00ae<\/title>\n<meta name=\"description\" content=\"DJI Matrice 30. \u2b50 ATyges, Tienda Online de Drones Profesionales. \u2705\u3010Distribuidores Oficiales de DJI\u3011\u2705.\" \/>\n<meta name=\"robots\" content=\"index, follow, max-snippet:-1, max-image-preview:large, max-video-preview:-1\" \/>\n<link rel=\"canonical\" href=\"https:\/\/atyges.es\/pt\/product\/dji-matrice-30-pt\/\" \/>\n<meta property=\"og:locale\" content=\"pt_PT\" \/>\n<meta property=\"og:type\" content=\"article\" \/>\n<meta property=\"og:title\" content=\"Matrice 30 | Drone S\u00e9rie DJI M30 | ATyges\u00ae\" \/>\n<meta property=\"og:description\" content=\"DJI Matrice 30. \u2b50 ATyges, Tienda Online de Drones Profesionales. \u2705\u3010Distribuidores Oficiales de DJI\u3011\u2705.\" \/>\n<meta property=\"og:url\" content=\"https:\/\/atyges.es\/pt\/product\/dji-matrice-30-pt\/\" \/>\n<meta property=\"og:site_name\" content=\"ATyges\" \/>\n<meta property=\"article:modified_time\" content=\"2022-08-27T07:50:49+00:00\" \/>\n<meta property=\"og:image\" content=\"https:\/\/atyges.es\/wp-content\/uploads\/2022\/03\/M30_atyges01.png\" \/>\n\t<meta property=\"og:image:width\" content=\"400\" \/>\n\t<meta property=\"og:image:height\" content=\"400\" \/>\n\t<meta property=\"og:image:type\" content=\"image\/png\" \/>\n<meta name=\"twitter:card\" content=\"summary_large_image\" \/>\n<meta name=\"twitter:label1\" content=\"Tempo estimado de leitura\" \/>\n\t<meta name=\"twitter:data1\" content=\"9 minutos\" \/>\n<script type=\"application\/ld+json\" class=\"yoast-schema-graph\">{\"@context\":\"https:\/\/schema.org\",\"@graph\":[{\"@type\":\"WebPage\",\"@id\":\"https:\/\/atyges.es\/pt\/product\/dji-matrice-30-pt\/\",\"url\":\"https:\/\/atyges.es\/pt\/product\/dji-matrice-30-pt\/\",\"name\":\"Matrice 30 | Drone S\u00e9rie DJI M30 | ATyges\u00ae\",\"isPartOf\":{\"@id\":\"https:\/\/atyges.es\/pt\/#website\"},\"primaryImageOfPage\":{\"@id\":\"https:\/\/atyges.es\/pt\/product\/dji-matrice-30-pt\/#primaryimage\"},\"image\":{\"@id\":\"https:\/\/atyges.es\/pt\/product\/dji-matrice-30-pt\/#primaryimage\"},\"thumbnailUrl\":\"https:\/\/atyges.es\/wp-content\/uploads\/2022\/03\/M30_atyges01.png\",\"datePublished\":\"2022-03-21T17:21:24+00:00\",\"dateModified\":\"2022-08-27T07:50:49+00:00\",\"description\":\"DJI Matrice 30. \u2b50 ATyges, Tienda Online de Drones Profesionales. \u2705\u3010Distribuidores Oficiales de DJI\u3011\u2705.\",\"breadcrumb\":{\"@id\":\"https:\/\/atyges.es\/pt\/product\/dji-matrice-30-pt\/#breadcrumb\"},\"inLanguage\":\"pt-PT\",\"potentialAction\":[{\"@type\":\"ReadAction\",\"target\":[\"https:\/\/atyges.es\/pt\/product\/dji-matrice-30-pt\/\"]}]},{\"@type\":\"ImageObject\",\"inLanguage\":\"pt-PT\",\"@id\":\"https:\/\/atyges.es\/pt\/product\/dji-matrice-30-pt\/#primaryimage\",\"url\":\"https:\/\/atyges.es\/wp-content\/uploads\/2022\/03\/M30_atyges01.png\",\"contentUrl\":\"https:\/\/atyges.es\/wp-content\/uploads\/2022\/03\/M30_atyges01.png\",\"width\":400,\"height\":400},{\"@type\":\"BreadcrumbList\",\"@id\":\"https:\/\/atyges.es\/pt\/product\/dji-matrice-30-pt\/#breadcrumb\",\"itemListElement\":[{\"@type\":\"ListItem\",\"position\":1,\"name\":\"Portada\",\"item\":\"https:\/\/atyges.es\/pt\/\"},{\"@type\":\"ListItem\",\"position\":2,\"name\":\"Produtos\",\"item\":\"https:\/\/atyges.es\/pt\/shop\/\"},{\"@type\":\"ListItem\",\"position\":3,\"name\":\"DJI Matrice 30\"}]},{\"@type\":\"WebSite\",\"@id\":\"https:\/\/atyges.es\/pt\/#website\",\"url\":\"https:\/\/atyges.es\/pt\/\",\"name\":\"ATyges\",\"description\":\"\",\"publisher\":{\"@id\":\"https:\/\/atyges.es\/pt\/#organization\"},\"potentialAction\":[{\"@type\":\"SearchAction\",\"target\":{\"@type\":\"EntryPoint\",\"urlTemplate\":\"https:\/\/atyges.es\/pt\/?s={search_term_string}\"},\"query-input\":{\"@type\":\"PropertyValueSpecification\",\"valueRequired\":true,\"valueName\":\"search_term_string\"}}],\"inLanguage\":\"pt-PT\"},{\"@type\":\"Organization\",\"@id\":\"https:\/\/atyges.es\/pt\/#organization\",\"name\":\"Atyges\",\"url\":\"https:\/\/atyges.es\/pt\/\",\"logo\":{\"@type\":\"ImageObject\",\"inLanguage\":\"pt-PT\",\"@id\":\"https:\/\/atyges.es\/pt\/#\/schema\/logo\/image\/\",\"url\":\"https:\/\/atyges.es\/wp-content\/uploads\/2022\/01\/Logo_ATyges_Store.png\",\"contentUrl\":\"https:\/\/atyges.es\/wp-content\/uploads\/2022\/01\/Logo_ATyges_Store.png\",\"width\":1228,\"height\":200,\"caption\":\"Atyges\"},\"image\":{\"@id\":\"https:\/\/atyges.es\/pt\/#\/schema\/logo\/image\/\"}}]}<\/script>\n<!-- \/ Yoast SEO plugin. -->","yoast_head_json":{"title":"Matrice 30 | Drone S\u00e9rie DJI M30 | ATyges\u00ae","description":"DJI Matrice 30. \u2b50 ATyges, Tienda Online de Drones Profesionales. \u2705\u3010Distribuidores Oficiales de DJI\u3011\u2705.","robots":{"index":"index","follow":"follow","max-snippet":"max-snippet:-1","max-image-preview":"max-image-preview:large","max-video-preview":"max-video-preview:-1"},"canonical":"https:\/\/atyges.es\/pt\/product\/dji-matrice-30-pt\/","og_locale":"pt_PT","og_type":"article","og_title":"Matrice 30 | Drone S\u00e9rie DJI M30 | ATyges\u00ae","og_description":"DJI Matrice 30. \u2b50 ATyges, Tienda Online de Drones Profesionales. \u2705\u3010Distribuidores Oficiales de DJI\u3011\u2705.","og_url":"https:\/\/atyges.es\/pt\/product\/dji-matrice-30-pt\/","og_site_name":"ATyges","article_modified_time":"2022-08-27T07:50:49+00:00","og_image":[{"width":400,"height":400,"url":"https:\/\/atyges.es\/wp-content\/uploads\/2022\/03\/M30_atyges01.png","type":"image\/png"}],"twitter_card":"summary_large_image","twitter_misc":{"Tempo estimado de leitura":"9 minutos"},"schema":{"@context":"https:\/\/schema.org","@graph":[{"@type":"WebPage","@id":"https:\/\/atyges.es\/pt\/product\/dji-matrice-30-pt\/","url":"https:\/\/atyges.es\/pt\/product\/dji-matrice-30-pt\/","name":"Matrice 30 | Drone S\u00e9rie DJI M30 | ATyges\u00ae","isPartOf":{"@id":"https:\/\/atyges.es\/pt\/#website"},"primaryImageOfPage":{"@id":"https:\/\/atyges.es\/pt\/product\/dji-matrice-30-pt\/#primaryimage"},"image":{"@id":"https:\/\/atyges.es\/pt\/product\/dji-matrice-30-pt\/#primaryimage"},"thumbnailUrl":"https:\/\/atyges.es\/wp-content\/uploads\/2022\/03\/M30_atyges01.png","datePublished":"2022-03-21T17:21:24+00:00","dateModified":"2022-08-27T07:50:49+00:00","description":"DJI Matrice 30. \u2b50 ATyges, Tienda Online de Drones Profesionales. \u2705\u3010Distribuidores Oficiales de DJI\u3011\u2705.","breadcrumb":{"@id":"https:\/\/atyges.es\/pt\/product\/dji-matrice-30-pt\/#breadcrumb"},"inLanguage":"pt-PT","potentialAction":[{"@type":"ReadAction","target":["https:\/\/atyges.es\/pt\/product\/dji-matrice-30-pt\/"]}]},{"@type":"ImageObject","inLanguage":"pt-PT","@id":"https:\/\/atyges.es\/pt\/product\/dji-matrice-30-pt\/#primaryimage","url":"https:\/\/atyges.es\/wp-content\/uploads\/2022\/03\/M30_atyges01.png","contentUrl":"https:\/\/atyges.es\/wp-content\/uploads\/2022\/03\/M30_atyges01.png","width":400,"height":400},{"@type":"BreadcrumbList","@id":"https:\/\/atyges.es\/pt\/product\/dji-matrice-30-pt\/#breadcrumb","itemListElement":[{"@type":"ListItem","position":1,"name":"Portada","item":"https:\/\/atyges.es\/pt\/"},{"@type":"ListItem","position":2,"name":"Produtos","item":"https:\/\/atyges.es\/pt\/shop\/"},{"@type":"ListItem","position":3,"name":"DJI Matrice 30"}]},{"@type":"WebSite","@id":"https:\/\/atyges.es\/pt\/#website","url":"https:\/\/atyges.es\/pt\/","name":"ATyges","description":"","publisher":{"@id":"https:\/\/atyges.es\/pt\/#organization"},"potentialAction":[{"@type":"SearchAction","target":{"@type":"EntryPoint","urlTemplate":"https:\/\/atyges.es\/pt\/?s={search_term_string}"},"query-input":{"@type":"PropertyValueSpecification","valueRequired":true,"valueName":"search_term_string"}}],"inLanguage":"pt-PT"},{"@type":"Organization","@id":"https:\/\/atyges.es\/pt\/#organization","name":"Atyges","url":"https:\/\/atyges.es\/pt\/","logo":{"@type":"ImageObject","inLanguage":"pt-PT","@id":"https:\/\/atyges.es\/pt\/#\/schema\/logo\/image\/","url":"https:\/\/atyges.es\/wp-content\/uploads\/2022\/01\/Logo_ATyges_Store.png","contentUrl":"https:\/\/atyges.es\/wp-content\/uploads\/2022\/01\/Logo_ATyges_Store.png","width":1228,"height":200,"caption":"Atyges"},"image":{"@id":"https:\/\/atyges.es\/pt\/#\/schema\/logo\/image\/"}}]}},"jetpack_sharing_enabled":true,"_links":{"self":[{"href":"https:\/\/atyges.es\/pt\/wp-json\/wp\/v2\/product\/22653","targetHints":{"allow":["GET"]}}],"collection":[{"href":"https:\/\/atyges.es\/pt\/wp-json\/wp\/v2\/product"}],"about":[{"href":"https:\/\/atyges.es\/pt\/wp-json\/wp\/v2\/types\/product"}],"wp:featuredmedia":[{"embeddable":true,"href":"https:\/\/atyges.es\/pt\/wp-json\/wp\/v2\/media\/22672"}],"wp:attachment":[{"href":"https:\/\/atyges.es\/pt\/wp-json\/wp\/v2\/media?parent=22653"}],"wp:term":[{"taxonomy":"product_brand","embeddable":true,"href":"https:\/\/atyges.es\/pt\/wp-json\/wp\/v2\/product_brand?post=22653"},{"taxonomy":"product_cat","embeddable":true,"href":"https:\/\/atyges.es\/pt\/wp-json\/wp\/v2\/product_cat?post=22653"},{"taxonomy":"product_tag","embeddable":true,"href":"https:\/\/atyges.es\/pt\/wp-json\/wp\/v2\/product_tag?post=22653"}],"curies":[{"name":"wp","href":"https:\/\/api.w.org\/{rel}","templated":true}]}}