{"id":22372,"date":"2022-02-25T17:22:12","date_gmt":"2022-02-25T16:22:13","guid":{"rendered":"https:\/\/atyges.es\/?post_type=product&#038;p=22372"},"modified":"2025-04-20T23:42:36","modified_gmt":"2025-04-20T22:42:36","slug":"curso-matriz-300-rtk-zenmuse-h20t","status":"publish","type":"product","link":"https:\/\/atyges.es\/pt\/product\/curso-matriz-350-rtk-zenmuse-h30t\/","title":{"rendered":"Curso de Inspe\u00e7\u00e3o T\u00e9cnica &#8211; Matrice 350 RTK &#038; Zenmuse H30T"},"content":{"rendered":"<h2>Curso de forma\u00e7\u00e3o em sistema de TERMOGRAFIA &#8211; Matrice 350 RTK &amp; Zenmuse H30T<\/h2>\n<h3>Curso de forma\u00e7\u00e3o abrangente e personalizado para o sistema de fotogrametria e termografia a\u00e9rea <a href=\"https:\/\/atyges.es\/tienda\/zenmuse-h30t\/\">DJI Zenmuse H30T<\/a> com o drone <a href=\"https:\/\/atyges.es\/pt\/tienda\/product\/dji-matrice-350-rtk\/\">DJI Matrice 350 RTK<\/a>.<\/h3>\n<p>Programa de Estudos:<\/p>\n<ol>\n<li>Introdu\u00e7\u00e3o \u00e0 tecnologia de inspec\u00e7\u00e3o termogr\u00e1fica a\u00e9rea com o <a href=\"https:\/\/atyges.es\/tienda\/zenmuse-h30t\/\">DJI Zenmuse H30T<\/a>.<\/li>\n<li>Prepara\u00e7\u00e3o e pr\u00e9-voo do <a href=\"https:\/\/atyges.es\/pt\/tienda\/product\/dji-matrice-350-rtk\/\">Matrice 350 RTK.<\/a>\n<ul>\n<li>Verifica\u00e7\u00f5es iniciais, carregamento da bateria, atualiza\u00e7\u00f5es e manuten\u00e7\u00e3o b\u00e1sica.<\/li>\n<li>Configura\u00e7\u00e3o do controlador.<\/li>\n<li>Defini\u00e7\u00f5es RTK.<\/li>\n<\/ul>\n<\/li>\n<li>Planeamento de voo.\n<ul>\n<li>Planeamento de voo no DJI Pilot 2.<\/li>\n<li>Planeamento com aplica\u00e7\u00f5es de terceiros.<\/li>\n<\/ul>\n<\/li>\n<li>Voo real em campo.\n<ul>\n<li>Calibra\u00e7\u00f5es e verifica\u00e7\u00f5es de campo.<\/li>\n<li>Execu\u00e7\u00e3o de voo.<\/li>\n<li>Rastreio e controlo de dados em tempo real.<\/li>\n<\/ul>\n<\/li>\n<li>Download e tratamento de dados.\n<ul>\n<li>Descarregue quadros e termogramas.<\/li>\n<li>Processamento de termogramas com ATygeo Thermal. An\u00e1lise inicial e ajustes.<\/li>\n<li>Revis\u00e3o de termogramas individuais.<\/li>\n<li>Processamento em massa de termogramas para a gera\u00e7\u00e3o de ortomosaicos radiom\u00e9tricos.<\/li>\n<li>Filtragem de dados radiom\u00e9tricos e pesquisa defectol\u00f3gica geoposicionada.<\/li>\n<li>Software de terceiros para interpreta\u00e7\u00e3o e gest\u00e3o de resultados. Fam\u00edlia de produtos PIX4D.<\/li>\n<\/ul>\n<\/li>\n<li>Recursos adicionais.\n<ul>\n<li>Regulamentos europeus para voos com RPAS. Cen\u00e1rios e requisitos.<\/li>\n<li>Autonomia e melhores pr\u00e1ticas com o <a href=\"https:\/\/atyges.es\/pt\/tienda\/product\/dji-matrice-350-rtk\/\">Matrice 350 RTK.<\/a><\/li>\n<li>Guia de opera\u00e7\u00e3o e boas pr\u00e1ticas para <a href=\"https:\/\/atyges.es\/tienda\/zenmuse-h30t\/\">DJI Zenmuse H30T<\/a><\/li>\n<\/ul>\n<\/li>\n<\/ol>\n<p>Este curso \u00e9 ministrado por engenheiros previamente certificados pela DJI, utilizando programas de forma\u00e7\u00e3o espec\u00edficos que a DJI Enterprise oferece aos seus distribuidores oficiais para garantir a melhor experi\u00eancia do cliente final ao utilizar os seus produtos de linha profissional\/industrial.<\/p>\n<p>&nbsp;<\/p>\n\n\n<div class=\"kk-star-ratings kksr-auto kksr-align-center kksr-valign-bottom\"\n    data-payload='{&quot;align&quot;:&quot;center&quot;,&quot;id&quot;:&quot;22372&quot;,&quot;slug&quot;:&quot;default&quot;,&quot;valign&quot;:&quot;bottom&quot;,&quot;ignore&quot;:&quot;&quot;,&quot;reference&quot;:&quot;auto&quot;,&quot;class&quot;:&quot;&quot;,&quot;count&quot;:&quot;0&quot;,&quot;legendonly&quot;:&quot;&quot;,&quot;readonly&quot;:&quot;&quot;,&quot;score&quot;:&quot;0&quot;,&quot;starsonly&quot;:&quot;&quot;,&quot;best&quot;:&quot;5&quot;,&quot;gap&quot;:&quot;5&quot;,&quot;greet&quot;:&quot;Val\u00f3ranos&quot;,&quot;legend&quot;:&quot;0\\\/5 - (0 votes)&quot;,&quot;size&quot;:&quot;24&quot;,&quot;title&quot;:&quot;Curso de Inspe\u00e7\u00e3o T\u00e9cnica - Matrice 350 RTK \\u0026amp; Zenmuse H30T&quot;,&quot;width&quot;:&quot;0&quot;,&quot;_legend&quot;:&quot;{score}\\\/{best} - ({count} {votes})&quot;,&quot;font_factor&quot;:&quot;1.25&quot;}'>\n            \n<div class=\"kksr-stars\">\n    \n<div class=\"kksr-stars-inactive\">\n            <div class=\"kksr-star\" data-star=\"1\" style=\"padding-right: 5px\">\n            \n\n<div class=\"kksr-icon\" style=\"width: 24px; height: 24px;\"><\/div>\n        <\/div>\n            <div class=\"kksr-star\" data-star=\"2\" style=\"padding-right: 5px\">\n            \n\n<div class=\"kksr-icon\" style=\"width: 24px; height: 24px;\"><\/div>\n        <\/div>\n            <div class=\"kksr-star\" data-star=\"3\" style=\"padding-right: 5px\">\n            \n\n<div class=\"kksr-icon\" style=\"width: 24px; height: 24px;\"><\/div>\n        <\/div>\n            <div class=\"kksr-star\" data-star=\"4\" style=\"padding-right: 5px\">\n            \n\n<div class=\"kksr-icon\" style=\"width: 24px; height: 24px;\"><\/div>\n        <\/div>\n            <div class=\"kksr-star\" data-star=\"5\" style=\"padding-right: 5px\">\n            \n\n<div class=\"kksr-icon\" style=\"width: 24px; height: 24px;\"><\/div>\n        <\/div>\n    <\/div>\n    \n<div class=\"kksr-stars-active\" style=\"width: 0px;\">\n            <div class=\"kksr-star\" style=\"padding-right: 5px\">\n            \n\n<div class=\"kksr-icon\" style=\"width: 24px; height: 24px;\"><\/div>\n        <\/div>\n            <div class=\"kksr-star\" style=\"padding-right: 5px\">\n            \n\n<div class=\"kksr-icon\" style=\"width: 24px; height: 24px;\"><\/div>\n        <\/div>\n            <div class=\"kksr-star\" style=\"padding-right: 5px\">\n            \n\n<div class=\"kksr-icon\" style=\"width: 24px; height: 24px;\"><\/div>\n        <\/div>\n            <div class=\"kksr-star\" style=\"padding-right: 5px\">\n            \n\n<div class=\"kksr-icon\" style=\"width: 24px; height: 24px;\"><\/div>\n        <\/div>\n            <div class=\"kksr-star\" style=\"padding-right: 5px\">\n            \n\n<div class=\"kksr-icon\" style=\"width: 24px; height: 24px;\"><\/div>\n        <\/div>\n    <\/div>\n<\/div>\n                \n\n<div class=\"kksr-legend\" style=\"font-size: 19.2px;\">\n            <span class=\"kksr-muted\">Val\u00f3ranos<\/span>\n    <\/div>\n    <\/div>\n","protected":false},"excerpt":{"rendered":"<h3>Curso de forma\u00e7\u00e3o personalizado do Matrice 350 RTK com sensor Zenmuse H30T.<\/h3>\n<p>Com este curso, aprender\u00e1 a utilizar corretamente o drone <a href=\"https:\/\/atyges.es\/pt\/tienda\/product\/dji-matrice-350-rtk\/\">DJI Matrice 350 RTK<\/a> juntamente com o sensor <a href=\"https:\/\/atyges.es\/tienda\/zenmuse-h30t\/\">DJI Zenmuse H30T<\/a>.<\/p>\n<p>Ministrado por engenheiros previamente certificados pela DJI para entrega aos clientes finais da sua linha de produtos DJI Enterprise, e com orienta\u00e7\u00e3o pr\u00e1tica para clientes profissionais que compram esta poderosa ferramenta para realizar inspe\u00e7\u00f5es t\u00e9cnicas para revis\u00e3o de ativos industriais, procurando anomalias e defeitos utilizando termografia a\u00e9rea e inspe\u00e7\u00e3o visual.<\/p>\n<p>O curso abrange o planeamento inicial, a execu\u00e7\u00e3o do voo e o processamento de dados para obter imagens RGB e termogr\u00e1ficas e gerar ortomosaicos radiom\u00e9tricos que o sensor <a href=\"https:\/\/atyges.es\/tienda\/zenmuse-h30t\/\">DJI Zenmuse H30T<\/a> \u00e9 capaz de gerar.<\/p>\n<p>Aprender\u00e1 a utilizar corretamente o seu sistema <strong><a href=\"https:\/\/atyges.es\/pt\/tienda\/product\/dji-matrice-350-rtk\/\">DJI Matrice 350 RTK<\/a> com o <a href=\"https:\/\/atyges.es\/tienda\/zenmuse-h30t\/\">DJI Zenmuse H30T<\/a>\u00a0<\/strong>. Compreender os princ\u00edpios b\u00e1sicos das inspe\u00e7\u00f5es industriais que lhe permitir\u00e3o obter produtos de alta qualidade, bem como v\u00e1rias dicas para ajudar a manter o seu drone em boas condi\u00e7\u00f5es.<\/p>\n","protected":false},"featured_media":40537,"template":"","meta":[],"product_brand":[],"product_cat":[1277,1288,1577],"product_tag":[2011,1998,1999],"class_list":{"0":"post-22372","1":"product","2":"type-product","3":"status-publish","4":"has-post-thumbnail","6":"product_cat-cursos-de-drones-pt","7":"product_cat-drones-para-inspecoes-tecnicas","8":"product_cat-matrice-350-rtk-pt","9":"product_tag-curso-de-fotogrametria-termica","10":"product_tag-curso-lidar-pt","11":"product_tag-curso-zenmuse-l1-pt","12":"product_shipping_class-envio-gratuito-es-pt","14":"first","15":"instock","16":"taxable","17":"shipping-taxable","18":"product-type-simple"},"yoast_head":"<!-- This site is optimized with the Yoast SEO plugin v27.2 - https:\/\/yoast.com\/product\/yoast-seo-wordpress\/ -->\n<title>Curso de inspe\u00e7\u00f5es t\u00e9cnicas Zenmuse H30T | Matrice 350 RTK | ATyges\u00ae<\/title>\n<meta name=\"description\" content=\"Curso de inspe\u00e7\u00e3o Zenmuse H30T para Matrice 350 RTK. \u2b50 ATyges, Especialistas em Drones. \u2705\u3010Distribuidores oficiais da DJI\u3011\u2705.\" \/>\n<meta name=\"robots\" content=\"index, follow, max-snippet:-1, max-image-preview:large, max-video-preview:-1\" \/>\n<link rel=\"canonical\" href=\"https:\/\/atyges.es\/pt\/product\/curso-matriz-350-rtk-zenmuse-h30t\/\" \/>\n<meta property=\"og:locale\" content=\"pt_PT\" \/>\n<meta property=\"og:type\" content=\"article\" \/>\n<meta property=\"og:title\" content=\"Curso de inspe\u00e7\u00f5es t\u00e9cnicas Zenmuse H30T | Matrice 350 RTK | ATyges\u00ae\" \/>\n<meta property=\"og:description\" content=\"Curso de inspe\u00e7\u00e3o Zenmuse H30T para Matrice 350 RTK. \u2b50 ATyges, Especialistas em Drones. \u2705\u3010Distribuidores oficiais da DJI\u3011\u2705.\" \/>\n<meta property=\"og:url\" content=\"https:\/\/atyges.es\/pt\/product\/curso-matriz-350-rtk-zenmuse-h30t\/\" \/>\n<meta property=\"og:site_name\" content=\"ATyges\" \/>\n<meta property=\"article:modified_time\" content=\"2025-04-20T22:42:36+00:00\" \/>\n<meta property=\"og:image\" content=\"https:\/\/atyges.es\/wp-content\/uploads\/2022\/02\/curso-H30T.jpg\" \/>\n\t<meta property=\"og:image:width\" content=\"900\" \/>\n\t<meta property=\"og:image:height\" content=\"900\" \/>\n\t<meta property=\"og:image:type\" content=\"image\/jpeg\" \/>\n<meta name=\"twitter:card\" content=\"summary_large_image\" \/>\n<meta name=\"twitter:label1\" content=\"Tempo estimado de leitura\" \/>\n\t<meta name=\"twitter:data1\" content=\"5 minutos\" \/>\n<script type=\"application\/ld+json\" class=\"yoast-schema-graph\">{\"@context\":\"https:\/\/schema.org\",\"@graph\":[{\"@type\":\"WebPage\",\"@id\":\"https:\/\/atyges.es\/pt\/product\/curso-matriz-350-rtk-zenmuse-h30t\/\",\"url\":\"https:\/\/atyges.es\/pt\/product\/curso-matriz-350-rtk-zenmuse-h30t\/\",\"name\":\"Curso de inspe\u00e7\u00f5es t\u00e9cnicas Zenmuse H30T | Matrice 350 RTK | ATyges\u00ae\",\"isPartOf\":{\"@id\":\"https:\/\/atyges.es\/pt\/#website\"},\"primaryImageOfPage\":{\"@id\":\"https:\/\/atyges.es\/pt\/product\/curso-matriz-350-rtk-zenmuse-h30t\/#primaryimage\"},\"image\":{\"@id\":\"https:\/\/atyges.es\/pt\/product\/curso-matriz-350-rtk-zenmuse-h30t\/#primaryimage\"},\"thumbnailUrl\":\"https:\/\/atyges.es\/wp-content\/uploads\/2022\/02\/curso-H30T.jpg\",\"datePublished\":\"2022-02-25T16:22:13+00:00\",\"dateModified\":\"2025-04-20T22:42:36+00:00\",\"description\":\"Curso de inspe\u00e7\u00e3o Zenmuse H30T para Matrice 350 RTK. \u2b50 ATyges, Especialistas em Drones. \u2705\u3010Distribuidores oficiais da DJI\u3011\u2705.\",\"breadcrumb\":{\"@id\":\"https:\/\/atyges.es\/pt\/product\/curso-matriz-350-rtk-zenmuse-h30t\/#breadcrumb\"},\"inLanguage\":\"pt-PT\",\"potentialAction\":[{\"@type\":\"ReadAction\",\"target\":[\"https:\/\/atyges.es\/pt\/product\/curso-matriz-350-rtk-zenmuse-h30t\/\"]}]},{\"@type\":\"ImageObject\",\"inLanguage\":\"pt-PT\",\"@id\":\"https:\/\/atyges.es\/pt\/product\/curso-matriz-350-rtk-zenmuse-h30t\/#primaryimage\",\"url\":\"https:\/\/atyges.es\/wp-content\/uploads\/2022\/02\/curso-H30T.jpg\",\"contentUrl\":\"https:\/\/atyges.es\/wp-content\/uploads\/2022\/02\/curso-H30T.jpg\",\"width\":900,\"height\":900,\"caption\":\"Curso M350-H30T\"},{\"@type\":\"BreadcrumbList\",\"@id\":\"https:\/\/atyges.es\/pt\/product\/curso-matriz-350-rtk-zenmuse-h30t\/#breadcrumb\",\"itemListElement\":[{\"@type\":\"ListItem\",\"position\":1,\"name\":\"Portada\",\"item\":\"https:\/\/atyges.es\/pt\/\"},{\"@type\":\"ListItem\",\"position\":2,\"name\":\"Produtos\",\"item\":\"https:\/\/atyges.es\/pt\/shop\/\"},{\"@type\":\"ListItem\",\"position\":3,\"name\":\"Curso de Inspe\u00e7\u00e3o T\u00e9cnica &#8211; Matrice 350 RTK &#038; Zenmuse H30T\"}]},{\"@type\":\"WebSite\",\"@id\":\"https:\/\/atyges.es\/pt\/#website\",\"url\":\"https:\/\/atyges.es\/pt\/\",\"name\":\"ATyges\",\"description\":\"\",\"publisher\":{\"@id\":\"https:\/\/atyges.es\/pt\/#organization\"},\"potentialAction\":[{\"@type\":\"SearchAction\",\"target\":{\"@type\":\"EntryPoint\",\"urlTemplate\":\"https:\/\/atyges.es\/pt\/?s={search_term_string}\"},\"query-input\":{\"@type\":\"PropertyValueSpecification\",\"valueRequired\":true,\"valueName\":\"search_term_string\"}}],\"inLanguage\":\"pt-PT\"},{\"@type\":\"Organization\",\"@id\":\"https:\/\/atyges.es\/pt\/#organization\",\"name\":\"Atyges\",\"url\":\"https:\/\/atyges.es\/pt\/\",\"logo\":{\"@type\":\"ImageObject\",\"inLanguage\":\"pt-PT\",\"@id\":\"https:\/\/atyges.es\/pt\/#\/schema\/logo\/image\/\",\"url\":\"https:\/\/atyges.es\/wp-content\/uploads\/2022\/01\/Logo_ATyges_Store.png\",\"contentUrl\":\"https:\/\/atyges.es\/wp-content\/uploads\/2022\/01\/Logo_ATyges_Store.png\",\"width\":1228,\"height\":200,\"caption\":\"Atyges\"},\"image\":{\"@id\":\"https:\/\/atyges.es\/pt\/#\/schema\/logo\/image\/\"}}]}<\/script>\n<!-- \/ Yoast SEO plugin. -->","yoast_head_json":{"title":"Curso de inspe\u00e7\u00f5es t\u00e9cnicas Zenmuse H30T | Matrice 350 RTK | ATyges\u00ae","description":"Curso de inspe\u00e7\u00e3o Zenmuse H30T para Matrice 350 RTK. \u2b50 ATyges, Especialistas em Drones. \u2705\u3010Distribuidores oficiais da DJI\u3011\u2705.","robots":{"index":"index","follow":"follow","max-snippet":"max-snippet:-1","max-image-preview":"max-image-preview:large","max-video-preview":"max-video-preview:-1"},"canonical":"https:\/\/atyges.es\/pt\/product\/curso-matriz-350-rtk-zenmuse-h30t\/","og_locale":"pt_PT","og_type":"article","og_title":"Curso de inspe\u00e7\u00f5es t\u00e9cnicas Zenmuse H30T | Matrice 350 RTK | ATyges\u00ae","og_description":"Curso de inspe\u00e7\u00e3o Zenmuse H30T para Matrice 350 RTK. \u2b50 ATyges, Especialistas em Drones. \u2705\u3010Distribuidores oficiais da DJI\u3011\u2705.","og_url":"https:\/\/atyges.es\/pt\/product\/curso-matriz-350-rtk-zenmuse-h30t\/","og_site_name":"ATyges","article_modified_time":"2025-04-20T22:42:36+00:00","og_image":[{"width":900,"height":900,"url":"https:\/\/atyges.es\/wp-content\/uploads\/2022\/02\/curso-H30T.jpg","type":"image\/jpeg"}],"twitter_card":"summary_large_image","twitter_misc":{"Tempo estimado de leitura":"5 minutos"},"schema":{"@context":"https:\/\/schema.org","@graph":[{"@type":"WebPage","@id":"https:\/\/atyges.es\/pt\/product\/curso-matriz-350-rtk-zenmuse-h30t\/","url":"https:\/\/atyges.es\/pt\/product\/curso-matriz-350-rtk-zenmuse-h30t\/","name":"Curso de inspe\u00e7\u00f5es t\u00e9cnicas Zenmuse H30T | Matrice 350 RTK | ATyges\u00ae","isPartOf":{"@id":"https:\/\/atyges.es\/pt\/#website"},"primaryImageOfPage":{"@id":"https:\/\/atyges.es\/pt\/product\/curso-matriz-350-rtk-zenmuse-h30t\/#primaryimage"},"image":{"@id":"https:\/\/atyges.es\/pt\/product\/curso-matriz-350-rtk-zenmuse-h30t\/#primaryimage"},"thumbnailUrl":"https:\/\/atyges.es\/wp-content\/uploads\/2022\/02\/curso-H30T.jpg","datePublished":"2022-02-25T16:22:13+00:00","dateModified":"2025-04-20T22:42:36+00:00","description":"Curso de inspe\u00e7\u00e3o Zenmuse H30T para Matrice 350 RTK. \u2b50 ATyges, Especialistas em Drones. \u2705\u3010Distribuidores oficiais da DJI\u3011\u2705.","breadcrumb":{"@id":"https:\/\/atyges.es\/pt\/product\/curso-matriz-350-rtk-zenmuse-h30t\/#breadcrumb"},"inLanguage":"pt-PT","potentialAction":[{"@type":"ReadAction","target":["https:\/\/atyges.es\/pt\/product\/curso-matriz-350-rtk-zenmuse-h30t\/"]}]},{"@type":"ImageObject","inLanguage":"pt-PT","@id":"https:\/\/atyges.es\/pt\/product\/curso-matriz-350-rtk-zenmuse-h30t\/#primaryimage","url":"https:\/\/atyges.es\/wp-content\/uploads\/2022\/02\/curso-H30T.jpg","contentUrl":"https:\/\/atyges.es\/wp-content\/uploads\/2022\/02\/curso-H30T.jpg","width":900,"height":900,"caption":"Curso M350-H30T"},{"@type":"BreadcrumbList","@id":"https:\/\/atyges.es\/pt\/product\/curso-matriz-350-rtk-zenmuse-h30t\/#breadcrumb","itemListElement":[{"@type":"ListItem","position":1,"name":"Portada","item":"https:\/\/atyges.es\/pt\/"},{"@type":"ListItem","position":2,"name":"Produtos","item":"https:\/\/atyges.es\/pt\/shop\/"},{"@type":"ListItem","position":3,"name":"Curso de Inspe\u00e7\u00e3o T\u00e9cnica &#8211; Matrice 350 RTK &#038; Zenmuse H30T"}]},{"@type":"WebSite","@id":"https:\/\/atyges.es\/pt\/#website","url":"https:\/\/atyges.es\/pt\/","name":"ATyges","description":"","publisher":{"@id":"https:\/\/atyges.es\/pt\/#organization"},"potentialAction":[{"@type":"SearchAction","target":{"@type":"EntryPoint","urlTemplate":"https:\/\/atyges.es\/pt\/?s={search_term_string}"},"query-input":{"@type":"PropertyValueSpecification","valueRequired":true,"valueName":"search_term_string"}}],"inLanguage":"pt-PT"},{"@type":"Organization","@id":"https:\/\/atyges.es\/pt\/#organization","name":"Atyges","url":"https:\/\/atyges.es\/pt\/","logo":{"@type":"ImageObject","inLanguage":"pt-PT","@id":"https:\/\/atyges.es\/pt\/#\/schema\/logo\/image\/","url":"https:\/\/atyges.es\/wp-content\/uploads\/2022\/01\/Logo_ATyges_Store.png","contentUrl":"https:\/\/atyges.es\/wp-content\/uploads\/2022\/01\/Logo_ATyges_Store.png","width":1228,"height":200,"caption":"Atyges"},"image":{"@id":"https:\/\/atyges.es\/pt\/#\/schema\/logo\/image\/"}}]}},"jetpack_sharing_enabled":true,"_links":{"self":[{"href":"https:\/\/atyges.es\/pt\/wp-json\/wp\/v2\/product\/22372","targetHints":{"allow":["GET"]}}],"collection":[{"href":"https:\/\/atyges.es\/pt\/wp-json\/wp\/v2\/product"}],"about":[{"href":"https:\/\/atyges.es\/pt\/wp-json\/wp\/v2\/types\/product"}],"wp:featuredmedia":[{"embeddable":true,"href":"https:\/\/atyges.es\/pt\/wp-json\/wp\/v2\/media\/40537"}],"wp:attachment":[{"href":"https:\/\/atyges.es\/pt\/wp-json\/wp\/v2\/media?parent=22372"}],"wp:term":[{"taxonomy":"product_brand","embeddable":true,"href":"https:\/\/atyges.es\/pt\/wp-json\/wp\/v2\/product_brand?post=22372"},{"taxonomy":"product_cat","embeddable":true,"href":"https:\/\/atyges.es\/pt\/wp-json\/wp\/v2\/product_cat?post=22372"},{"taxonomy":"product_tag","embeddable":true,"href":"https:\/\/atyges.es\/pt\/wp-json\/wp\/v2\/product_tag?post=22372"}],"curies":[{"name":"wp","href":"https:\/\/api.w.org\/{rel}","templated":true}]}}