{"id":22215,"date":"2022-02-09T18:26:29","date_gmt":"2022-02-09T17:26:29","guid":{"rendered":"https:\/\/atyges.es\/?post_type=product&#038;p=22215"},"modified":"2025-04-20T23:40:40","modified_gmt":"2025-04-20T22:40:40","slug":"curso-de-formacion-sistema-lidar-matrice-350-rtk-zenmuse-l2","status":"publish","type":"product","link":"https:\/\/atyges.es\/pt\/tienda\/product\/curso-de-formacion-sistema-lidar-matrice-350-rtk-zenmuse-l2\/","title":{"rendered":"Curso LiDAR &#8211; Matrice 350 RTK &#038; Zenmuse L2"},"content":{"rendered":"<h2>Curso de forma\u00e7\u00e3o do sistema LiDAR &#8211; Matrice 350 RTK e Zenmuse L2<\/h2>\n<h3>Curso de forma\u00e7\u00e3o abrangente e personalizado para o sistema lidar <a href=\"https:\/\/atyges.es\/pt\/tienda\/zenmuse-l2\/\">DJI Zenmuse L2<\/a> com o drone <a href=\"https:\/\/atyges.es\/pt\/tienda\/product\/dji-matrice-350-rtk\/\">DJI Matrice 350 RTK<\/a>.<\/h3>\n<p>Programa de Estudos:<\/p>\n<ol>\n<li>Introdu\u00e7\u00e3o \u00e0 tecnologia LiDAR e fotogrametria com <a href=\"https:\/\/atyges.es\/pt\/tienda\/zenmuse-l2\/\">DJI Zenmuse L2<\/a>.<\/li>\n<li>Prepara\u00e7\u00e3o e pr\u00e9-voo do <a href=\"https:\/\/atyges.es\/pt\/tienda\/product\/dji-matrice-350-rtk\/\">DJI Matrice 350 RTK<\/a>.\n<ul>\n<li>Verifica\u00e7\u00f5es iniciais, carregamento da bateria, atualiza\u00e7\u00f5es e manuten\u00e7\u00e3o b\u00e1sica.<\/li>\n<li>Configura\u00e7\u00e3o do comando de controlo.<\/li>\n<li>Configura\u00e7\u00e3o RTK\/PPK.<\/li>\n<\/ul>\n<\/li>\n<li>Planeamento de voo.\n<ul>\n<li>Planeamento de voo do Lidar no DJI Pilot 2.<\/li>\n<li>Planeamento de voo fotogram\u00e9trico no DJI Pilot 2.<\/li>\n<li>Planeamento com aplica\u00e7\u00f5es de terceiros.<\/li>\n<\/ul>\n<\/li>\n<li>Voo real em campo.\n<ul>\n<li>Calibra\u00e7\u00f5es e verifica\u00e7\u00f5es de campo.<\/li>\n<li>Execu\u00e7\u00e3o de voo.<\/li>\n<li>Rastreio e controlo de dados em tempo real.<\/li>\n<\/ul>\n<\/li>\n<li>Download e tratamento de dados.\n<ul>\n<li>Descarregue dados e tramas LiDAR.<\/li>\n<li>Prepara\u00e7\u00e3o e processamento com DJI Terra.<\/li>\n<li>P\u00f3s-processamento cinem\u00e1tico PPK.<\/li>\n<li>Gerando resultados: nuvens de pontos e outros produtos.<\/li>\n<li>Software de terceiros para interpreta\u00e7\u00e3o e gest\u00e3o de resultados.<\/li>\n<\/ul>\n<\/li>\n<li>Recursos adicionais.\n<ul>\n<li>Regulamentos europeus para voos com RPAS. Cen\u00e1rios e requisitos.<\/li>\n<li>Autonomia e boas pr\u00e1ticas com <a href=\"https:\/\/atyges.es\/pt\/tienda\/product\/dji-matrice-350-rtk\/\">DJI Matrice 350 RTK<\/a>.<\/li>\n<li>Guia de opera\u00e7\u00e3o e melhores pr\u00e1ticas para <a href=\"https:\/\/atyges.es\/pt\/tienda\/zenmuse-l2\/\">DJI Zenmuse L2<\/a>.<\/li>\n<\/ul>\n<\/li>\n<\/ol>\n\n\n<div class=\"kk-star-ratings kksr-auto kksr-align-center kksr-valign-bottom\"\n    data-payload='{&quot;align&quot;:&quot;center&quot;,&quot;id&quot;:&quot;22215&quot;,&quot;slug&quot;:&quot;default&quot;,&quot;valign&quot;:&quot;bottom&quot;,&quot;ignore&quot;:&quot;&quot;,&quot;reference&quot;:&quot;auto&quot;,&quot;class&quot;:&quot;&quot;,&quot;count&quot;:&quot;0&quot;,&quot;legendonly&quot;:&quot;&quot;,&quot;readonly&quot;:&quot;&quot;,&quot;score&quot;:&quot;0&quot;,&quot;starsonly&quot;:&quot;&quot;,&quot;best&quot;:&quot;5&quot;,&quot;gap&quot;:&quot;5&quot;,&quot;greet&quot;:&quot;Val\u00f3ranos&quot;,&quot;legend&quot;:&quot;0\\\/5 - (0 votes)&quot;,&quot;size&quot;:&quot;24&quot;,&quot;title&quot;:&quot;Curso LiDAR - Matrice 350 RTK \\u0026amp; Zenmuse L2&quot;,&quot;width&quot;:&quot;0&quot;,&quot;_legend&quot;:&quot;{score}\\\/{best} - ({count} {votes})&quot;,&quot;font_factor&quot;:&quot;1.25&quot;}'>\n            \n<div class=\"kksr-stars\">\n    \n<div class=\"kksr-stars-inactive\">\n            <div class=\"kksr-star\" data-star=\"1\" style=\"padding-right: 5px\">\n            \n\n<div class=\"kksr-icon\" style=\"width: 24px; height: 24px;\"><\/div>\n        <\/div>\n            <div class=\"kksr-star\" data-star=\"2\" style=\"padding-right: 5px\">\n            \n\n<div class=\"kksr-icon\" style=\"width: 24px; height: 24px;\"><\/div>\n        <\/div>\n            <div class=\"kksr-star\" data-star=\"3\" style=\"padding-right: 5px\">\n            \n\n<div class=\"kksr-icon\" style=\"width: 24px; height: 24px;\"><\/div>\n        <\/div>\n            <div class=\"kksr-star\" data-star=\"4\" style=\"padding-right: 5px\">\n            \n\n<div class=\"kksr-icon\" style=\"width: 24px; height: 24px;\"><\/div>\n        <\/div>\n            <div class=\"kksr-star\" data-star=\"5\" style=\"padding-right: 5px\">\n            \n\n<div class=\"kksr-icon\" style=\"width: 24px; height: 24px;\"><\/div>\n        <\/div>\n    <\/div>\n    \n<div class=\"kksr-stars-active\" style=\"width: 0px;\">\n            <div class=\"kksr-star\" style=\"padding-right: 5px\">\n            \n\n<div class=\"kksr-icon\" style=\"width: 24px; height: 24px;\"><\/div>\n        <\/div>\n            <div class=\"kksr-star\" style=\"padding-right: 5px\">\n            \n\n<div class=\"kksr-icon\" style=\"width: 24px; height: 24px;\"><\/div>\n        <\/div>\n            <div class=\"kksr-star\" style=\"padding-right: 5px\">\n            \n\n<div class=\"kksr-icon\" style=\"width: 24px; height: 24px;\"><\/div>\n        <\/div>\n            <div class=\"kksr-star\" style=\"padding-right: 5px\">\n            \n\n<div class=\"kksr-icon\" style=\"width: 24px; height: 24px;\"><\/div>\n        <\/div>\n            <div class=\"kksr-star\" style=\"padding-right: 5px\">\n            \n\n<div class=\"kksr-icon\" style=\"width: 24px; height: 24px;\"><\/div>\n        <\/div>\n    <\/div>\n<\/div>\n                \n\n<div class=\"kksr-legend\" style=\"font-size: 19.2px;\">\n            <span class=\"kksr-muted\">Val\u00f3ranos<\/span>\n    <\/div>\n    <\/div>\n","protected":false},"excerpt":{"rendered":"<h1>Curso de forma\u00e7\u00e3o personalizado Matrice 350 RTK com sensor Zenmuse L2<\/h1>\n<p>Com este curso aprender\u00e1 a utilizar correctamente o drone <a href=\"https:\/\/atyges.es\/pt\/tienda\/product\/dji-matrice-350-rtk\/\">DJI Matrice 350 RTK<\/a> juntamente com o sensor lidar <a href=\"https:\/\/atyges.es\/pt\/tienda\/zenmuse-l2\/\">DJI Zenmuse L2<\/a>.<\/p>\n<p>Ministrado por engenheiros e com um foco pr\u00e1tico, este curso destina-se a clientes profissionais que adquirem esta poderosa ferramenta para a gera\u00e7\u00e3o de nuvens de pontos LiDAR e aerofotogrametria.<\/p>\n<p>O curso abrange o planeamento inicial, a execu\u00e7\u00e3o do voo e o processamento de dados para obter a nuvem de pontos e outros produtos fotogram\u00e9tricos que o sensor <a href=\"https:\/\/atyges.es\/pt\/tienda\/zenmuse-l2\/\">DJI Zenmuse L2<\/a> \u00e9 capaz de gerar.<\/p>\n<p>Aprender\u00e1 a utilizar correctamente o seu sistema <a href=\"https:\/\/atyges.es\/pt\/tienda\/product\/dji-matrice-350-rtk\/\"><strong>DJI Matrice 350 RTK<\/strong><\/a> <strong>com o <a href=\"https:\/\/atyges.es\/pt\/tienda\/zenmuse-l2\/\">DJI Zenmuse L2<\/a><a href=\"https:\/\/atyges.es\/pt\/product\/zenmuse-l1\/\">.<\/a><\/strong>, compreender os conceitos b\u00e1sicos do LiDAR que lhe permitir\u00e3o obter produtos de alta qualidade, bem como diferentes dicas para manter o seu drone em boas condi\u00e7\u00f5es.<\/p>\n<p>Este curso \u00e9 ministrado por engenheiros previamente certificados pela DJI, utilizando programas de forma\u00e7\u00e3o espec\u00edficos que a DJI Enterprise oferece aos seus distribuidores oficiais para garantir a melhor experi\u00eancia do cliente final ao utilizar os seus produtos de linha profissional\/industrial.<\/p>\n","protected":false},"featured_media":40548,"template":"","meta":[],"product_brand":[],"product_cat":[1277,1287,1577],"product_tag":[1998,1999,2000],"class_list":{"0":"post-22215","1":"product","2":"type-product","3":"status-publish","4":"has-post-thumbnail","6":"product_cat-cursos-de-drones-pt","7":"product_cat-drones-para-levantamento","8":"product_cat-matrice-350-rtk-pt","9":"product_tag-curso-lidar-pt","10":"product_tag-curso-zenmuse-l1-pt","11":"product_tag-curso-zenmuse-l2-pt","12":"product_shipping_class-envio-gratuito-es-pt","14":"first","15":"instock","16":"featured","17":"taxable","18":"shipping-taxable","19":"product-type-simple"},"yoast_head":"<!-- This site is optimized with the Yoast SEO plugin v27.2 - https:\/\/yoast.com\/product\/yoast-seo-wordpress\/ -->\n<title>Curso Lidar Zenmuse L2 | LIDAR para Matrice 350 RTK | ATyges \u00ae<\/title>\n<meta name=\"description\" content=\"Curso lidar Zenmuse L2 para Matrice 350 RTK. \u2b50 ATyges, especialistas em drones. \u2705\u3010Distribuidores oficiais da DJI\u3011\u2705.\" \/>\n<meta name=\"robots\" content=\"index, follow, max-snippet:-1, max-image-preview:large, max-video-preview:-1\" \/>\n<link rel=\"canonical\" href=\"https:\/\/atyges.es\/pt\/tienda\/product\/curso-de-formacion-sistema-lidar-matrice-350-rtk-zenmuse-l2\/\" \/>\n<meta property=\"og:locale\" content=\"pt_PT\" \/>\n<meta property=\"og:type\" content=\"article\" \/>\n<meta property=\"og:title\" content=\"Curso Lidar Zenmuse L2 | LIDAR para Matrice 350 RTK | ATyges \u00ae\" \/>\n<meta property=\"og:description\" content=\"Curso lidar Zenmuse L2 para Matrice 350 RTK. \u2b50 ATyges, especialistas em drones. \u2705\u3010Distribuidores oficiais da DJI\u3011\u2705.\" \/>\n<meta property=\"og:url\" content=\"https:\/\/atyges.es\/pt\/tienda\/product\/curso-de-formacion-sistema-lidar-matrice-350-rtk-zenmuse-l2\/\" \/>\n<meta property=\"og:site_name\" content=\"ATyges\" \/>\n<meta property=\"article:modified_time\" content=\"2025-04-20T22:40:40+00:00\" \/>\n<meta property=\"og:image\" content=\"https:\/\/atyges.es\/wp-content\/uploads\/2022\/02\/curso-lidar-L2.jpg\" \/>\n\t<meta property=\"og:image:width\" content=\"900\" \/>\n\t<meta property=\"og:image:height\" content=\"900\" \/>\n\t<meta property=\"og:image:type\" content=\"image\/jpeg\" \/>\n<meta name=\"twitter:card\" content=\"summary_large_image\" \/>\n<meta name=\"twitter:label1\" content=\"Tempo estimado de leitura\" \/>\n\t<meta name=\"twitter:data1\" content=\"5 minutos\" \/>\n<script type=\"application\/ld+json\" class=\"yoast-schema-graph\">{\"@context\":\"https:\/\/schema.org\",\"@graph\":[{\"@type\":\"WebPage\",\"@id\":\"https:\/\/atyges.es\/pt\/tienda\/product\/curso-de-formacion-sistema-lidar-matrice-350-rtk-zenmuse-l2\/\",\"url\":\"https:\/\/atyges.es\/pt\/tienda\/product\/curso-de-formacion-sistema-lidar-matrice-350-rtk-zenmuse-l2\/\",\"name\":\"Curso Lidar Zenmuse L2 | LIDAR para Matrice 350 RTK | ATyges \u00ae\",\"isPartOf\":{\"@id\":\"https:\/\/atyges.es\/pt\/#website\"},\"primaryImageOfPage\":{\"@id\":\"https:\/\/atyges.es\/pt\/tienda\/product\/curso-de-formacion-sistema-lidar-matrice-350-rtk-zenmuse-l2\/#primaryimage\"},\"image\":{\"@id\":\"https:\/\/atyges.es\/pt\/tienda\/product\/curso-de-formacion-sistema-lidar-matrice-350-rtk-zenmuse-l2\/#primaryimage\"},\"thumbnailUrl\":\"https:\/\/atyges.es\/wp-content\/uploads\/2022\/02\/curso-lidar-L2.jpg\",\"datePublished\":\"2022-02-09T17:26:29+00:00\",\"dateModified\":\"2025-04-20T22:40:40+00:00\",\"description\":\"Curso lidar Zenmuse L2 para Matrice 350 RTK. \u2b50 ATyges, especialistas em drones. \u2705\u3010Distribuidores oficiais da DJI\u3011\u2705.\",\"breadcrumb\":{\"@id\":\"https:\/\/atyges.es\/pt\/tienda\/product\/curso-de-formacion-sistema-lidar-matrice-350-rtk-zenmuse-l2\/#breadcrumb\"},\"inLanguage\":\"pt-PT\",\"potentialAction\":[{\"@type\":\"ReadAction\",\"target\":[\"https:\/\/atyges.es\/pt\/tienda\/product\/curso-de-formacion-sistema-lidar-matrice-350-rtk-zenmuse-l2\/\"]}]},{\"@type\":\"ImageObject\",\"inLanguage\":\"pt-PT\",\"@id\":\"https:\/\/atyges.es\/pt\/tienda\/product\/curso-de-formacion-sistema-lidar-matrice-350-rtk-zenmuse-l2\/#primaryimage\",\"url\":\"https:\/\/atyges.es\/wp-content\/uploads\/2022\/02\/curso-lidar-L2.jpg\",\"contentUrl\":\"https:\/\/atyges.es\/wp-content\/uploads\/2022\/02\/curso-lidar-L2.jpg\",\"width\":900,\"height\":900,\"caption\":\"Curso Lidar\"},{\"@type\":\"BreadcrumbList\",\"@id\":\"https:\/\/atyges.es\/pt\/tienda\/product\/curso-de-formacion-sistema-lidar-matrice-350-rtk-zenmuse-l2\/#breadcrumb\",\"itemListElement\":[{\"@type\":\"ListItem\",\"position\":1,\"name\":\"Portada\",\"item\":\"https:\/\/atyges.es\/pt\/\"},{\"@type\":\"ListItem\",\"position\":2,\"name\":\"Produtos\",\"item\":\"https:\/\/atyges.es\/pt\/shop\/\"},{\"@type\":\"ListItem\",\"position\":3,\"name\":\"Curso LiDAR &#8211; Matrice 350 RTK &#038; Zenmuse L2\"}]},{\"@type\":\"WebSite\",\"@id\":\"https:\/\/atyges.es\/pt\/#website\",\"url\":\"https:\/\/atyges.es\/pt\/\",\"name\":\"ATyges\",\"description\":\"\",\"publisher\":{\"@id\":\"https:\/\/atyges.es\/pt\/#organization\"},\"potentialAction\":[{\"@type\":\"SearchAction\",\"target\":{\"@type\":\"EntryPoint\",\"urlTemplate\":\"https:\/\/atyges.es\/pt\/?s={search_term_string}\"},\"query-input\":{\"@type\":\"PropertyValueSpecification\",\"valueRequired\":true,\"valueName\":\"search_term_string\"}}],\"inLanguage\":\"pt-PT\"},{\"@type\":\"Organization\",\"@id\":\"https:\/\/atyges.es\/pt\/#organization\",\"name\":\"Atyges\",\"url\":\"https:\/\/atyges.es\/pt\/\",\"logo\":{\"@type\":\"ImageObject\",\"inLanguage\":\"pt-PT\",\"@id\":\"https:\/\/atyges.es\/pt\/#\/schema\/logo\/image\/\",\"url\":\"https:\/\/atyges.es\/wp-content\/uploads\/2022\/01\/Logo_ATyges_Store.png\",\"contentUrl\":\"https:\/\/atyges.es\/wp-content\/uploads\/2022\/01\/Logo_ATyges_Store.png\",\"width\":1228,\"height\":200,\"caption\":\"Atyges\"},\"image\":{\"@id\":\"https:\/\/atyges.es\/pt\/#\/schema\/logo\/image\/\"}}]}<\/script>\n<!-- \/ Yoast SEO plugin. -->","yoast_head_json":{"title":"Curso Lidar Zenmuse L2 | LIDAR para Matrice 350 RTK | ATyges \u00ae","description":"Curso lidar Zenmuse L2 para Matrice 350 RTK. \u2b50 ATyges, especialistas em drones. \u2705\u3010Distribuidores oficiais da DJI\u3011\u2705.","robots":{"index":"index","follow":"follow","max-snippet":"max-snippet:-1","max-image-preview":"max-image-preview:large","max-video-preview":"max-video-preview:-1"},"canonical":"https:\/\/atyges.es\/pt\/tienda\/product\/curso-de-formacion-sistema-lidar-matrice-350-rtk-zenmuse-l2\/","og_locale":"pt_PT","og_type":"article","og_title":"Curso Lidar Zenmuse L2 | LIDAR para Matrice 350 RTK | ATyges \u00ae","og_description":"Curso lidar Zenmuse L2 para Matrice 350 RTK. \u2b50 ATyges, especialistas em drones. \u2705\u3010Distribuidores oficiais da DJI\u3011\u2705.","og_url":"https:\/\/atyges.es\/pt\/tienda\/product\/curso-de-formacion-sistema-lidar-matrice-350-rtk-zenmuse-l2\/","og_site_name":"ATyges","article_modified_time":"2025-04-20T22:40:40+00:00","og_image":[{"width":900,"height":900,"url":"https:\/\/atyges.es\/wp-content\/uploads\/2022\/02\/curso-lidar-L2.jpg","type":"image\/jpeg"}],"twitter_card":"summary_large_image","twitter_misc":{"Tempo estimado de leitura":"5 minutos"},"schema":{"@context":"https:\/\/schema.org","@graph":[{"@type":"WebPage","@id":"https:\/\/atyges.es\/pt\/tienda\/product\/curso-de-formacion-sistema-lidar-matrice-350-rtk-zenmuse-l2\/","url":"https:\/\/atyges.es\/pt\/tienda\/product\/curso-de-formacion-sistema-lidar-matrice-350-rtk-zenmuse-l2\/","name":"Curso Lidar Zenmuse L2 | LIDAR para Matrice 350 RTK | ATyges \u00ae","isPartOf":{"@id":"https:\/\/atyges.es\/pt\/#website"},"primaryImageOfPage":{"@id":"https:\/\/atyges.es\/pt\/tienda\/product\/curso-de-formacion-sistema-lidar-matrice-350-rtk-zenmuse-l2\/#primaryimage"},"image":{"@id":"https:\/\/atyges.es\/pt\/tienda\/product\/curso-de-formacion-sistema-lidar-matrice-350-rtk-zenmuse-l2\/#primaryimage"},"thumbnailUrl":"https:\/\/atyges.es\/wp-content\/uploads\/2022\/02\/curso-lidar-L2.jpg","datePublished":"2022-02-09T17:26:29+00:00","dateModified":"2025-04-20T22:40:40+00:00","description":"Curso lidar Zenmuse L2 para Matrice 350 RTK. \u2b50 ATyges, especialistas em drones. \u2705\u3010Distribuidores oficiais da DJI\u3011\u2705.","breadcrumb":{"@id":"https:\/\/atyges.es\/pt\/tienda\/product\/curso-de-formacion-sistema-lidar-matrice-350-rtk-zenmuse-l2\/#breadcrumb"},"inLanguage":"pt-PT","potentialAction":[{"@type":"ReadAction","target":["https:\/\/atyges.es\/pt\/tienda\/product\/curso-de-formacion-sistema-lidar-matrice-350-rtk-zenmuse-l2\/"]}]},{"@type":"ImageObject","inLanguage":"pt-PT","@id":"https:\/\/atyges.es\/pt\/tienda\/product\/curso-de-formacion-sistema-lidar-matrice-350-rtk-zenmuse-l2\/#primaryimage","url":"https:\/\/atyges.es\/wp-content\/uploads\/2022\/02\/curso-lidar-L2.jpg","contentUrl":"https:\/\/atyges.es\/wp-content\/uploads\/2022\/02\/curso-lidar-L2.jpg","width":900,"height":900,"caption":"Curso Lidar"},{"@type":"BreadcrumbList","@id":"https:\/\/atyges.es\/pt\/tienda\/product\/curso-de-formacion-sistema-lidar-matrice-350-rtk-zenmuse-l2\/#breadcrumb","itemListElement":[{"@type":"ListItem","position":1,"name":"Portada","item":"https:\/\/atyges.es\/pt\/"},{"@type":"ListItem","position":2,"name":"Produtos","item":"https:\/\/atyges.es\/pt\/shop\/"},{"@type":"ListItem","position":3,"name":"Curso LiDAR &#8211; Matrice 350 RTK &#038; Zenmuse L2"}]},{"@type":"WebSite","@id":"https:\/\/atyges.es\/pt\/#website","url":"https:\/\/atyges.es\/pt\/","name":"ATyges","description":"","publisher":{"@id":"https:\/\/atyges.es\/pt\/#organization"},"potentialAction":[{"@type":"SearchAction","target":{"@type":"EntryPoint","urlTemplate":"https:\/\/atyges.es\/pt\/?s={search_term_string}"},"query-input":{"@type":"PropertyValueSpecification","valueRequired":true,"valueName":"search_term_string"}}],"inLanguage":"pt-PT"},{"@type":"Organization","@id":"https:\/\/atyges.es\/pt\/#organization","name":"Atyges","url":"https:\/\/atyges.es\/pt\/","logo":{"@type":"ImageObject","inLanguage":"pt-PT","@id":"https:\/\/atyges.es\/pt\/#\/schema\/logo\/image\/","url":"https:\/\/atyges.es\/wp-content\/uploads\/2022\/01\/Logo_ATyges_Store.png","contentUrl":"https:\/\/atyges.es\/wp-content\/uploads\/2022\/01\/Logo_ATyges_Store.png","width":1228,"height":200,"caption":"Atyges"},"image":{"@id":"https:\/\/atyges.es\/pt\/#\/schema\/logo\/image\/"}}]}},"jetpack_sharing_enabled":true,"_links":{"self":[{"href":"https:\/\/atyges.es\/pt\/wp-json\/wp\/v2\/product\/22215","targetHints":{"allow":["GET"]}}],"collection":[{"href":"https:\/\/atyges.es\/pt\/wp-json\/wp\/v2\/product"}],"about":[{"href":"https:\/\/atyges.es\/pt\/wp-json\/wp\/v2\/types\/product"}],"wp:featuredmedia":[{"embeddable":true,"href":"https:\/\/atyges.es\/pt\/wp-json\/wp\/v2\/media\/40548"}],"wp:attachment":[{"href":"https:\/\/atyges.es\/pt\/wp-json\/wp\/v2\/media?parent=22215"}],"wp:term":[{"taxonomy":"product_brand","embeddable":true,"href":"https:\/\/atyges.es\/pt\/wp-json\/wp\/v2\/product_brand?post=22215"},{"taxonomy":"product_cat","embeddable":true,"href":"https:\/\/atyges.es\/pt\/wp-json\/wp\/v2\/product_cat?post=22215"},{"taxonomy":"product_tag","embeddable":true,"href":"https:\/\/atyges.es\/pt\/wp-json\/wp\/v2\/product_tag?post=22215"}],"curies":[{"name":"wp","href":"https:\/\/api.w.org\/{rel}","templated":true}]}}