{"id":22180,"date":"2019-12-16T12:10:05","date_gmt":"2019-12-16T11:10:05","guid":{"rendered":"https:\/\/atyges.es\/product\/estacao-movel-de-precisao-d-rtk2-gnss-com-tripe\/"},"modified":"2022-02-06T13:14:39","modified_gmt":"2022-02-06T12:14:39","slug":"estacao-movel-de-precisao-d-rtk2-gnss-com-tripe","status":"publish","type":"product","link":"https:\/\/atyges.es\/pt\/product\/estacao-movel-de-precisao-d-rtk2-gnss-com-tripe\/","title":{"rendered":"Esta\u00e7\u00e3o m\u00f3vel de precis\u00e3o D-RTK2 GNSS com trip\u00e9"},"content":{"rendered":"<section class=\"tmpl-section tmpl-section-vertical\">\n<div class=\"container\">\n<div class=\"section-text text-dark\">\n<section class=\"tmpl-section tmpl-section-vertical\">\n<div class=\"container\">\n<div class=\"section-text text-dark\">\n<section class=\"tmpl-section tmpl-section-vertical\">\n<div class=\"container\">\n<div class=\"section-text text-dark\">\n<section class=\"tmpl-section tmpl-section-vertical\">\n<div class=\"container\">\n<div class=\"section-text text-dark\">\n<p><strong><span class=\"VIiyi\" lang=\"pt\"><span class=\"JLqJ4b ChMk0b\" data-language-for-alternatives=\"pt\" data-language-to-translate-into=\"es\" data-phrase-index=\"0\" data-number-of-phrases=\"1\">Precis\u00e3o otimizada<\/span><\/span> <\/strong><\/p>\n<p><span id=\"result_box\" lang=\"es\">A Esta\u00e7\u00e3o M\u00f3vel D-RTK 2 \u00e9 um receptor GNSS de alta precis\u00e3o atualizado que suporta todos os principais sistemas globais de navega\u00e7\u00e3o por sat\u00e9lite, fornecendo corre\u00e7\u00f5es diferenciais em tempo real que geram dados de posicionamento em n\u00edvel de cent\u00edmetros para melhorar a precis\u00e3o relativa.<\/span><\/p>\n<\/div>\n<\/div>\n<\/section>\n<\/div>\n<\/div>\n<\/section>\n<p><strong><span lang=\"es\">Posicionamento ao n\u00edvel do cent\u00edmetro<\/span><\/strong><\/p>\n<p>A esta\u00e7\u00e3o m\u00f3vel D-RTK 2 \u00e9 totalmente compat\u00edvel com os sinais GPS, GLONASS, Beidou e GALILEO. F\u00e1cil de configurar, a esta\u00e7\u00e3o m\u00f3vel D-RTK 2 fornece dados diferenciais em tempo real para drones alcan\u00e7arem precis\u00e3o de posicionamento em n\u00edvel de cent\u00edmetro.<\/p>\n<p>A antena de alto ganho embutida oferece melhor recep\u00e7\u00e3o de sinal de mais sat\u00e9lites, mesmo quando h\u00e1 obstru\u00e7\u00f5es.<\/p>\n<p><span id=\"result_box\" lang=\"es\"><\/span><img loading=\"lazy\" decoding=\"async\" class=\"aligncenter wp-image-1770\" src=\"https:\/\/atyges.es\/wp-content\/uploads\/2019\/07\/Phantom_4_rtk_atyges11.png\" alt=\"\" width=\"900\" height=\"363\" \/><strong>Fique conectado para qualquer miss\u00e3o.<\/strong><\/p>\n<section class=\"tmpl-section tmpl-section-horizontal\">\n<div class=\"container layout-right\">\n<div class=\"section-text text-dark\">\n<div class=\"text-table-center\"><span id=\"result_box\" lang=\"es\">A Esta\u00e7\u00e3o M\u00f3vel D-RTK 2 suporta comunica\u00e7\u00e3o via 4G, OcuSync, WiFi e LAN, garantindo transmiss\u00e3o de dados est\u00e1vel e ininterrupta em qualquer cen\u00e1rio de aplica\u00e7\u00e3o. At\u00e9 5 controles remotos (transmissores compat\u00edveis com MG-1P e Phantom 4RTK) podem ser conectados \u00e0 esta\u00e7\u00e3o m\u00f3vel D-RTK 2 simultaneamente. Isso possibilita opera\u00e7\u00f5es coordenadas com v\u00e1rios drones, melhorando significativamente a efici\u00eancia.<\/span><\/div>\n<\/div>\n<\/div>\n<\/section>\n<p><span id=\"result_box\" lang=\"es\"><\/span><img loading=\"lazy\" decoding=\"async\" class=\"aligncenter wp-image-1770\" src=\"https:\/\/atyges.es\/wp-content\/uploads\/2019\/07\/Phantom_4_rtk_atyges11.png\" alt=\"\" width=\"900\" height=\"363\" \/><\/p>\n<p><strong>Fique conectado para qualquer miss\u00e3o.<\/strong><\/p>\n<section class=\"tmpl-section tmpl-section-horizontal\">\n<div class=\"container layout-right\">\n<div class=\"section-text text-dark\">\n<div class=\"text-table-center\"><span id=\"result_box\" lang=\"es\">A Esta\u00e7\u00e3o M\u00f3vel D-RTK 2 suporta comunica\u00e7\u00e3o via 4G, OcuSync, WiFi e LAN, garantindo transmiss\u00e3o de dados est\u00e1vel e ininterrupta em qualquer cen\u00e1rio de aplica\u00e7\u00e3o. At\u00e9 5 controles remotos (transmissores compat\u00edveis com MG-1P e Phantom 4RTK) podem ser conectados \u00e0 esta\u00e7\u00e3o m\u00f3vel D-RTK 2 simultaneamente. Isso possibilita opera\u00e7\u00f5es coordenadas com v\u00e1rios drones, melhorando significativamente a efici\u00eancia.<\/span><\/div>\n<\/div>\n<\/div>\n<\/section>\n<section class=\"tmpl-section tmpl-section-horizontal\">\n<div class=\"container layout-right\">\n<div class=\"section-text text-dark\">\n<div class=\"text-table-center\"><\/div>\n<div><img loading=\"lazy\" decoding=\"async\" class=\"aligncenter wp-image-1772\" src=\"https:\/\/atyges.es\/wp-content\/uploads\/2019\/07\/Phantom_4_rtk_atyges12.png\" alt=\"\" width=\"900\" height=\"860\" \/><\/div>\n<\/div>\n<\/div>\n<\/section>\n<\/div>\n<\/div>\n<\/section>\n<\/div>\n<\/div>\n<\/section>\n\n\n<div class=\"kk-star-ratings kksr-auto kksr-align-center kksr-valign-bottom\"\n    data-payload='{&quot;align&quot;:&quot;center&quot;,&quot;id&quot;:&quot;22180&quot;,&quot;slug&quot;:&quot;default&quot;,&quot;valign&quot;:&quot;bottom&quot;,&quot;ignore&quot;:&quot;&quot;,&quot;reference&quot;:&quot;auto&quot;,&quot;class&quot;:&quot;&quot;,&quot;count&quot;:&quot;0&quot;,&quot;legendonly&quot;:&quot;&quot;,&quot;readonly&quot;:&quot;&quot;,&quot;score&quot;:&quot;0&quot;,&quot;starsonly&quot;:&quot;&quot;,&quot;best&quot;:&quot;5&quot;,&quot;gap&quot;:&quot;5&quot;,&quot;greet&quot;:&quot;Val\u00f3ranos&quot;,&quot;legend&quot;:&quot;0\\\/5 - (0 votes)&quot;,&quot;size&quot;:&quot;24&quot;,&quot;title&quot;:&quot;Esta\u00e7\u00e3o m\u00f3vel de precis\u00e3o D-RTK2 GNSS com trip\u00e9&quot;,&quot;width&quot;:&quot;0&quot;,&quot;_legend&quot;:&quot;{score}\\\/{best} - ({count} {votes})&quot;,&quot;font_factor&quot;:&quot;1.25&quot;}'>\n            \n<div class=\"kksr-stars\">\n    \n<div class=\"kksr-stars-inactive\">\n            <div class=\"kksr-star\" data-star=\"1\" style=\"padding-right: 5px\">\n            \n\n<div class=\"kksr-icon\" style=\"width: 24px; height: 24px;\"><\/div>\n        <\/div>\n            <div class=\"kksr-star\" data-star=\"2\" style=\"padding-right: 5px\">\n            \n\n<div class=\"kksr-icon\" style=\"width: 24px; height: 24px;\"><\/div>\n        <\/div>\n            <div class=\"kksr-star\" data-star=\"3\" style=\"padding-right: 5px\">\n            \n\n<div class=\"kksr-icon\" style=\"width: 24px; height: 24px;\"><\/div>\n        <\/div>\n            <div class=\"kksr-star\" data-star=\"4\" style=\"padding-right: 5px\">\n            \n\n<div class=\"kksr-icon\" style=\"width: 24px; height: 24px;\"><\/div>\n        <\/div>\n            <div class=\"kksr-star\" data-star=\"5\" style=\"padding-right: 5px\">\n            \n\n<div class=\"kksr-icon\" style=\"width: 24px; height: 24px;\"><\/div>\n        <\/div>\n    <\/div>\n    \n<div class=\"kksr-stars-active\" style=\"width: 0px;\">\n            <div class=\"kksr-star\" style=\"padding-right: 5px\">\n            \n\n<div class=\"kksr-icon\" style=\"width: 24px; height: 24px;\"><\/div>\n        <\/div>\n            <div class=\"kksr-star\" style=\"padding-right: 5px\">\n            \n\n<div class=\"kksr-icon\" style=\"width: 24px; height: 24px;\"><\/div>\n        <\/div>\n            <div class=\"kksr-star\" style=\"padding-right: 5px\">\n            \n\n<div class=\"kksr-icon\" style=\"width: 24px; height: 24px;\"><\/div>\n        <\/div>\n            <div class=\"kksr-star\" style=\"padding-right: 5px\">\n            \n\n<div class=\"kksr-icon\" style=\"width: 24px; height: 24px;\"><\/div>\n        <\/div>\n            <div class=\"kksr-star\" style=\"padding-right: 5px\">\n            \n\n<div class=\"kksr-icon\" style=\"width: 24px; height: 24px;\"><\/div>\n        <\/div>\n    <\/div>\n<\/div>\n                \n\n<div class=\"kksr-legend\" style=\"font-size: 19.2px;\">\n            <span class=\"kksr-muted\">Val\u00f3ranos<\/span>\n    <\/div>\n    <\/div>\n","protected":false},"excerpt":{"rendered":"<section class=\"tmpl-section tmpl-section-horizontal\">\n<div class=\"container layout-left\">\n<div class=\"section-text text-dark\">\n<div class=\"text-table-center\"><span class=\"VIiyi\" lang=\"pt\"><span class=\"JLqJ4b ChMk0b\" data-language-for-alternatives=\"pt\" data-language-to-translate-into=\"es\" data-phrase-index=\"0\" data-number-of-phrases=\"3\">Esta\u00e7\u00e3o m\u00f3vel GNSS D-RTK 2 + suporte para trip\u00e9<\/span> <\/span><\/div>\n<div><\/div>\n<div class=\"text-table-center\"><span class=\"VIiyi\" lang=\"pt\"><span class=\"JLqJ4b ChMk0b\" data-language-for-alternatives=\"pt\" data-language-to-translate-into=\"es\" data-phrase-index=\"2\" data-number-of-phrases=\"3\">A D-RTK 2 Mobile Station \u00e9 um receptor GNSS aprimorado da DJI que \u00e9 compat\u00edvel com todos os principais sistemas de navega\u00e7\u00e3o por sat\u00e9lite, oferecendo corre\u00e7\u00f5es diferenciais em tempo real que geram informa\u00e7\u00f5es de posicionamento com precis\u00e3o de cent\u00edmetros para melhor precis\u00e3o relativa.<\/span><\/span><\/div>\n<\/div>\n<\/div>\n<\/section>\n","protected":false},"featured_media":14741,"template":"","meta":[],"product_brand":[],"product_cat":[1234,1577,1518,1547,1236,1235],"product_tag":[],"class_list":{"0":"post-22180","1":"product","2":"type-product","3":"status-publish","4":"has-post-thumbnail","6":"product_cat-matrice-300-rtk-pt","7":"product_cat-matrice-350-rtk-pt","8":"product_cat-mavic-3-enterprise-pt","9":"product_cat-mavic-3-multiespectral-pt","10":"product_cat-ph4-multiespectral","11":"product_cat-phantom-4-rtk-pt","12":"product_shipping_class-envio-gratuito-es-pt","14":"first","15":"outofstock","16":"sale","17":"taxable","18":"shipping-taxable","19":"purchasable","20":"product-type-simple"},"yoast_head":"<!-- This site is optimized with the Yoast SEO plugin v27.2 - https:\/\/yoast.com\/product\/yoast-seo-wordpress\/ -->\n<title>DJI D-RTK 2 | ATyges \u00ae<\/title>\n<meta name=\"description\" content=\"DJI D-RTK 2 ao melhor pre\u00e7o. \u2b50 Esta\u00e7\u00e3o M\u00f3vel de Precis\u00e3o GNSS. \u2705\u3010Distribuidores oficiais da DJI\u3011\u2705.\" \/>\n<meta name=\"robots\" content=\"index, follow, max-snippet:-1, max-image-preview:large, max-video-preview:-1\" \/>\n<link rel=\"canonical\" href=\"https:\/\/atyges.es\/pt\/product\/estacao-movel-de-precisao-d-rtk2-gnss-com-tripe\/\" \/>\n<meta property=\"og:locale\" content=\"pt_PT\" \/>\n<meta property=\"og:type\" content=\"article\" \/>\n<meta property=\"og:title\" content=\"DJI D-RTK 2 | ATyges \u00ae\" \/>\n<meta property=\"og:description\" content=\"DJI D-RTK 2 ao melhor pre\u00e7o. \u2b50 Esta\u00e7\u00e3o M\u00f3vel de Precis\u00e3o GNSS. \u2705\u3010Distribuidores oficiais da DJI\u3011\u2705.\" \/>\n<meta property=\"og:url\" content=\"https:\/\/atyges.es\/pt\/product\/estacao-movel-de-precisao-d-rtk2-gnss-com-tripe\/\" \/>\n<meta property=\"og:site_name\" content=\"ATyges\" \/>\n<meta property=\"article:modified_time\" content=\"2022-02-06T12:14:39+00:00\" \/>\n<meta property=\"og:image\" content=\"https:\/\/atyges.es\/wp-content\/uploads\/2019\/12\/dtrk2_m_Atyges.png\" \/>\n\t<meta property=\"og:image:width\" content=\"450\" \/>\n\t<meta property=\"og:image:height\" content=\"450\" \/>\n\t<meta property=\"og:image:type\" content=\"image\/png\" \/>\n<meta name=\"twitter:card\" content=\"summary_large_image\" \/>\n<meta name=\"twitter:label1\" content=\"Tempo estimado de leitura\" \/>\n\t<meta name=\"twitter:data1\" content=\"1 minuto\" \/>\n<script type=\"application\/ld+json\" class=\"yoast-schema-graph\">{\"@context\":\"https:\/\/schema.org\",\"@graph\":[{\"@type\":\"WebPage\",\"@id\":\"https:\/\/atyges.es\/pt\/product\/estacao-movel-de-precisao-d-rtk2-gnss-com-tripe\/\",\"url\":\"https:\/\/atyges.es\/pt\/product\/estacao-movel-de-precisao-d-rtk2-gnss-com-tripe\/\",\"name\":\"DJI D-RTK 2 | ATyges \u00ae\",\"isPartOf\":{\"@id\":\"https:\/\/atyges.es\/pt\/#website\"},\"primaryImageOfPage\":{\"@id\":\"https:\/\/atyges.es\/pt\/product\/estacao-movel-de-precisao-d-rtk2-gnss-com-tripe\/#primaryimage\"},\"image\":{\"@id\":\"https:\/\/atyges.es\/pt\/product\/estacao-movel-de-precisao-d-rtk2-gnss-com-tripe\/#primaryimage\"},\"thumbnailUrl\":\"https:\/\/atyges.es\/wp-content\/uploads\/2019\/12\/dtrk2_m_Atyges.png\",\"datePublished\":\"2019-12-16T11:10:05+00:00\",\"dateModified\":\"2022-02-06T12:14:39+00:00\",\"description\":\"DJI D-RTK 2 ao melhor pre\u00e7o. \u2b50 Esta\u00e7\u00e3o M\u00f3vel de Precis\u00e3o GNSS. \u2705\u3010Distribuidores oficiais da DJI\u3011\u2705.\",\"breadcrumb\":{\"@id\":\"https:\/\/atyges.es\/pt\/product\/estacao-movel-de-precisao-d-rtk2-gnss-com-tripe\/#breadcrumb\"},\"inLanguage\":\"pt-PT\",\"potentialAction\":[{\"@type\":\"ReadAction\",\"target\":[\"https:\/\/atyges.es\/pt\/product\/estacao-movel-de-precisao-d-rtk2-gnss-com-tripe\/\"]}]},{\"@type\":\"ImageObject\",\"inLanguage\":\"pt-PT\",\"@id\":\"https:\/\/atyges.es\/pt\/product\/estacao-movel-de-precisao-d-rtk2-gnss-com-tripe\/#primaryimage\",\"url\":\"https:\/\/atyges.es\/wp-content\/uploads\/2019\/12\/dtrk2_m_Atyges.png\",\"contentUrl\":\"https:\/\/atyges.es\/wp-content\/uploads\/2019\/12\/dtrk2_m_Atyges.png\",\"width\":450,\"height\":450,\"caption\":\"dtrk2_m_Atyges.png\"},{\"@type\":\"BreadcrumbList\",\"@id\":\"https:\/\/atyges.es\/pt\/product\/estacao-movel-de-precisao-d-rtk2-gnss-com-tripe\/#breadcrumb\",\"itemListElement\":[{\"@type\":\"ListItem\",\"position\":1,\"name\":\"Portada\",\"item\":\"https:\/\/atyges.es\/pt\/\"},{\"@type\":\"ListItem\",\"position\":2,\"name\":\"Produtos\",\"item\":\"https:\/\/atyges.es\/pt\/shop\/\"},{\"@type\":\"ListItem\",\"position\":3,\"name\":\"Esta\u00e7\u00e3o m\u00f3vel de precis\u00e3o D-RTK2 GNSS com trip\u00e9\"}]},{\"@type\":\"WebSite\",\"@id\":\"https:\/\/atyges.es\/pt\/#website\",\"url\":\"https:\/\/atyges.es\/pt\/\",\"name\":\"ATyges\",\"description\":\"\",\"publisher\":{\"@id\":\"https:\/\/atyges.es\/pt\/#organization\"},\"potentialAction\":[{\"@type\":\"SearchAction\",\"target\":{\"@type\":\"EntryPoint\",\"urlTemplate\":\"https:\/\/atyges.es\/pt\/?s={search_term_string}\"},\"query-input\":{\"@type\":\"PropertyValueSpecification\",\"valueRequired\":true,\"valueName\":\"search_term_string\"}}],\"inLanguage\":\"pt-PT\"},{\"@type\":\"Organization\",\"@id\":\"https:\/\/atyges.es\/pt\/#organization\",\"name\":\"Atyges\",\"url\":\"https:\/\/atyges.es\/pt\/\",\"logo\":{\"@type\":\"ImageObject\",\"inLanguage\":\"pt-PT\",\"@id\":\"https:\/\/atyges.es\/pt\/#\/schema\/logo\/image\/\",\"url\":\"https:\/\/atyges.es\/wp-content\/uploads\/2022\/01\/Logo_ATyges_Store.png\",\"contentUrl\":\"https:\/\/atyges.es\/wp-content\/uploads\/2022\/01\/Logo_ATyges_Store.png\",\"width\":1228,\"height\":200,\"caption\":\"Atyges\"},\"image\":{\"@id\":\"https:\/\/atyges.es\/pt\/#\/schema\/logo\/image\/\"}}]}<\/script>\n<!-- \/ Yoast SEO plugin. -->","yoast_head_json":{"title":"DJI D-RTK 2 | ATyges \u00ae","description":"DJI D-RTK 2 ao melhor pre\u00e7o. \u2b50 Esta\u00e7\u00e3o M\u00f3vel de Precis\u00e3o GNSS. \u2705\u3010Distribuidores oficiais da DJI\u3011\u2705.","robots":{"index":"index","follow":"follow","max-snippet":"max-snippet:-1","max-image-preview":"max-image-preview:large","max-video-preview":"max-video-preview:-1"},"canonical":"https:\/\/atyges.es\/pt\/product\/estacao-movel-de-precisao-d-rtk2-gnss-com-tripe\/","og_locale":"pt_PT","og_type":"article","og_title":"DJI D-RTK 2 | ATyges \u00ae","og_description":"DJI D-RTK 2 ao melhor pre\u00e7o. \u2b50 Esta\u00e7\u00e3o M\u00f3vel de Precis\u00e3o GNSS. \u2705\u3010Distribuidores oficiais da DJI\u3011\u2705.","og_url":"https:\/\/atyges.es\/pt\/product\/estacao-movel-de-precisao-d-rtk2-gnss-com-tripe\/","og_site_name":"ATyges","article_modified_time":"2022-02-06T12:14:39+00:00","og_image":[{"width":450,"height":450,"url":"https:\/\/atyges.es\/wp-content\/uploads\/2019\/12\/dtrk2_m_Atyges.png","type":"image\/png"}],"twitter_card":"summary_large_image","twitter_misc":{"Tempo estimado de leitura":"1 minuto"},"schema":{"@context":"https:\/\/schema.org","@graph":[{"@type":"WebPage","@id":"https:\/\/atyges.es\/pt\/product\/estacao-movel-de-precisao-d-rtk2-gnss-com-tripe\/","url":"https:\/\/atyges.es\/pt\/product\/estacao-movel-de-precisao-d-rtk2-gnss-com-tripe\/","name":"DJI D-RTK 2 | ATyges \u00ae","isPartOf":{"@id":"https:\/\/atyges.es\/pt\/#website"},"primaryImageOfPage":{"@id":"https:\/\/atyges.es\/pt\/product\/estacao-movel-de-precisao-d-rtk2-gnss-com-tripe\/#primaryimage"},"image":{"@id":"https:\/\/atyges.es\/pt\/product\/estacao-movel-de-precisao-d-rtk2-gnss-com-tripe\/#primaryimage"},"thumbnailUrl":"https:\/\/atyges.es\/wp-content\/uploads\/2019\/12\/dtrk2_m_Atyges.png","datePublished":"2019-12-16T11:10:05+00:00","dateModified":"2022-02-06T12:14:39+00:00","description":"DJI D-RTK 2 ao melhor pre\u00e7o. \u2b50 Esta\u00e7\u00e3o M\u00f3vel de Precis\u00e3o GNSS. \u2705\u3010Distribuidores oficiais da DJI\u3011\u2705.","breadcrumb":{"@id":"https:\/\/atyges.es\/pt\/product\/estacao-movel-de-precisao-d-rtk2-gnss-com-tripe\/#breadcrumb"},"inLanguage":"pt-PT","potentialAction":[{"@type":"ReadAction","target":["https:\/\/atyges.es\/pt\/product\/estacao-movel-de-precisao-d-rtk2-gnss-com-tripe\/"]}]},{"@type":"ImageObject","inLanguage":"pt-PT","@id":"https:\/\/atyges.es\/pt\/product\/estacao-movel-de-precisao-d-rtk2-gnss-com-tripe\/#primaryimage","url":"https:\/\/atyges.es\/wp-content\/uploads\/2019\/12\/dtrk2_m_Atyges.png","contentUrl":"https:\/\/atyges.es\/wp-content\/uploads\/2019\/12\/dtrk2_m_Atyges.png","width":450,"height":450,"caption":"dtrk2_m_Atyges.png"},{"@type":"BreadcrumbList","@id":"https:\/\/atyges.es\/pt\/product\/estacao-movel-de-precisao-d-rtk2-gnss-com-tripe\/#breadcrumb","itemListElement":[{"@type":"ListItem","position":1,"name":"Portada","item":"https:\/\/atyges.es\/pt\/"},{"@type":"ListItem","position":2,"name":"Produtos","item":"https:\/\/atyges.es\/pt\/shop\/"},{"@type":"ListItem","position":3,"name":"Esta\u00e7\u00e3o m\u00f3vel de precis\u00e3o D-RTK2 GNSS com trip\u00e9"}]},{"@type":"WebSite","@id":"https:\/\/atyges.es\/pt\/#website","url":"https:\/\/atyges.es\/pt\/","name":"ATyges","description":"","publisher":{"@id":"https:\/\/atyges.es\/pt\/#organization"},"potentialAction":[{"@type":"SearchAction","target":{"@type":"EntryPoint","urlTemplate":"https:\/\/atyges.es\/pt\/?s={search_term_string}"},"query-input":{"@type":"PropertyValueSpecification","valueRequired":true,"valueName":"search_term_string"}}],"inLanguage":"pt-PT"},{"@type":"Organization","@id":"https:\/\/atyges.es\/pt\/#organization","name":"Atyges","url":"https:\/\/atyges.es\/pt\/","logo":{"@type":"ImageObject","inLanguage":"pt-PT","@id":"https:\/\/atyges.es\/pt\/#\/schema\/logo\/image\/","url":"https:\/\/atyges.es\/wp-content\/uploads\/2022\/01\/Logo_ATyges_Store.png","contentUrl":"https:\/\/atyges.es\/wp-content\/uploads\/2022\/01\/Logo_ATyges_Store.png","width":1228,"height":200,"caption":"Atyges"},"image":{"@id":"https:\/\/atyges.es\/pt\/#\/schema\/logo\/image\/"}}]}},"jetpack_sharing_enabled":true,"_links":{"self":[{"href":"https:\/\/atyges.es\/pt\/wp-json\/wp\/v2\/product\/22180","targetHints":{"allow":["GET"]}}],"collection":[{"href":"https:\/\/atyges.es\/pt\/wp-json\/wp\/v2\/product"}],"about":[{"href":"https:\/\/atyges.es\/pt\/wp-json\/wp\/v2\/types\/product"}],"wp:featuredmedia":[{"embeddable":true,"href":"https:\/\/atyges.es\/pt\/wp-json\/wp\/v2\/media\/14741"}],"wp:attachment":[{"href":"https:\/\/atyges.es\/pt\/wp-json\/wp\/v2\/media?parent=22180"}],"wp:term":[{"taxonomy":"product_brand","embeddable":true,"href":"https:\/\/atyges.es\/pt\/wp-json\/wp\/v2\/product_brand?post=22180"},{"taxonomy":"product_cat","embeddable":true,"href":"https:\/\/atyges.es\/pt\/wp-json\/wp\/v2\/product_cat?post=22180"},{"taxonomy":"product_tag","embeddable":true,"href":"https:\/\/atyges.es\/pt\/wp-json\/wp\/v2\/product_tag?post=22180"}],"curies":[{"name":"wp","href":"https:\/\/api.w.org\/{rel}","templated":true}]}}