{"id":22179,"date":"2020-02-15T12:29:06","date_gmt":"2022-02-06T12:02:16","guid":{"rendered":"https:\/\/atyges.es\/?post_type=product&#038;p=22179"},"modified":"2022-02-06T13:02:16","modified_gmt":"2022-02-06T12:02:16","slug":"fly-more-combo-para-mavic-2-enterprise","status":"publish","type":"product","link":"https:\/\/atyges.es\/pt\/tienda\/product\/fly-more-combo-para-mavic-2-enterprise\/","title":{"rendered":"Fly More Combo para Mavic 2 Enterprise"},"content":{"rendered":"<div id=\"all\" class=\"tab-pane fade in active\">\n<div id=\"more_info\" class=\"wk_extra_fields_div\">\n<div class=\"col-lg-12 col-md-12 col-sm-12 col-xs-12\">\n<div id=\"product_full_description\" class=\"oe_structure mt16\">\n<h2>FLY MORE COMBO &#8211; Mavic 2 Enterprise<\/h2>\n<p>O kit Mavic 2 Enterprise Fly More transporta duas baterias especiais Mavic 2 Enterprise Intelligent Flight, um carregador de carro Mavic 2, uma porta de carregamento de bateria, um adaptador de bateria para uma bateria externa, h\u00e9lices silenciosas e uma al\u00e7a de ombro Mavic 2 \u00c9 um conjunto completo com tudo o que voc\u00ea precisa para gravar.<\/p>\n<p>Cada uma das duas Baterias de Voo Inteligentes tem uma capacidade de at\u00e9 59,29 Wh e fornece um m\u00e1x. 31 minutos de voo. Com um sistema de gerenciamento inteligente de bateria DJI integrado, \u00e9 poss\u00edvel monitorar em tempo real o status da bateria. Assim, voc\u00ea pode se preocupar menos com os n\u00edveis de carga e se concentrar em desfrutar de um voo \u00e9pico.<\/p>\n<p>O carregador de carro Mavic 2 permite que voc\u00ea carregue as baterias enquanto dirige. Tem uma pot\u00eancia m\u00e1xima de sa\u00edda de 80W e tem prote\u00e7\u00e3o de baixa tens\u00e3o que garante que o carro n\u00e3o desliga at\u00e9 que n\u00e3o possa ser ligado.<\/p>\n<p>A porta de carregamento da bateria melhora a efici\u00eancia ao carregar as baterias na ordem do seu n\u00edvel de carga atual, dando prioridade \u00e0s baterias mais carregadas. Gra\u00e7as ao design dobr\u00e1vel da porta de carregamento da bateria, voc\u00ea pode lev\u00e1-la para onde quer que v\u00e1. Voc\u00ea pode usar at\u00e9 quatro slots de carregamento ao us\u00e1-lo com o carregador de carro ou carregador de bateria.<\/p>\n<p>O adaptador de bateria para bateria externa converte suas baterias de voo inteligentes em baterias externas de alta capacidade. Todos os adaptadores de bateria para banco de energia t\u00eam duas portas USB Tipo A, oferecendo sa\u00edda dupla de 10 W para que voc\u00ea possa carregar seu telefone usando apenas 20% de uma bateria.<\/p>\n<p>O Kit tamb\u00e9m inclui dois pares de h\u00e9lices silenciosas. Essas h\u00e9lices de \u00faltima gera\u00e7\u00e3o s\u00e3o projetadas aerodinamicamente para um voo mais silencioso, maior efici\u00eancia e tempos de voo mais longos.<\/p>\n<p>A vers\u00e1til bolsa de ombro Mavic 2 foi especialmente projetada para o Mavic 2. Ela pode transportar uma aeronave, um controle remoto, quatro baterias de voo inteligentes, um telefone, h\u00e9lices extras, filtros ND, cabos, cart\u00f5es microSD e muitos outros acess\u00f3rios.<\/p>\n<p><strong><span class=\"VIiyi\" lang=\"pt\"><span class=\"JLqJ4b ChMk0b\" data-language-for-alternatives=\"pt\" data-language-to-translate-into=\"es\" data-phrase-index=\"0\" data-number-of-phrases=\"11\">Recursos not\u00e1veis<\/span> <\/span><\/strong><\/div>\n<ul>\n<li class=\"oe_structure mt16\"><span class=\"VIiyi\" lang=\"pt\"><span class=\"JLqJ4b ChMk0b\" data-language-for-alternatives=\"pt\" data-language-to-translate-into=\"es\" data-phrase-index=\"2\" data-number-of-phrases=\"11\">M\u00faltiplas baterias de voo inteligentes para um voo mais longo<\/span> <\/span><\/li>\n<li class=\"oe_structure mt16\"><span class=\"VIiyi\" lang=\"pt\"><span class=\"JLqJ4b ChMk0b\" data-language-for-alternatives=\"pt\" data-language-to-translate-into=\"es\" data-phrase-index=\"4\" data-number-of-phrases=\"11\">Carregue a bateria enquanto dirige<\/span> <\/span><\/li>\n<li class=\"oe_structure mt16\"><span class=\"VIiyi\" lang=\"pt\"><span class=\"JLqJ4b ChMk0b\" data-language-for-alternatives=\"pt\" data-language-to-translate-into=\"es\" data-phrase-index=\"6\" data-number-of-phrases=\"11\">Transforme suas baterias em baterias externas<\/span> <\/span><\/li>\n<li class=\"oe_structure mt16\"><span class=\"VIiyi\" lang=\"pt\"><span class=\"JLqJ4b ChMk0b\" data-language-for-alternatives=\"pt\" data-language-to-translate-into=\"es\" data-phrase-index=\"8\" data-number-of-phrases=\"11\">H\u00e9lices com redu\u00e7\u00e3o de ru\u00eddo para um voo mais silencioso<\/span> <\/span><\/li>\n<li class=\"oe_structure mt16\"><span class=\"VIiyi\" lang=\"pt\"><span class=\"JLqJ4b ChMk0b\" data-language-for-alternatives=\"pt\" data-language-to-translate-into=\"es\" data-phrase-index=\"10\" data-number-of-phrases=\"11\">Uma bolsa transversal vers\u00e1til para carregar tudo.<\/span><\/span><\/li>\n<\/ul>\n<\/div>\n<\/div>\n<\/div>\n\n\n<div class=\"kk-star-ratings kksr-auto kksr-align-center kksr-valign-bottom\"\n    data-payload='{&quot;align&quot;:&quot;center&quot;,&quot;id&quot;:&quot;22179&quot;,&quot;slug&quot;:&quot;default&quot;,&quot;valign&quot;:&quot;bottom&quot;,&quot;ignore&quot;:&quot;&quot;,&quot;reference&quot;:&quot;auto&quot;,&quot;class&quot;:&quot;&quot;,&quot;count&quot;:&quot;0&quot;,&quot;legendonly&quot;:&quot;&quot;,&quot;readonly&quot;:&quot;&quot;,&quot;score&quot;:&quot;0&quot;,&quot;starsonly&quot;:&quot;&quot;,&quot;best&quot;:&quot;5&quot;,&quot;gap&quot;:&quot;5&quot;,&quot;greet&quot;:&quot;Val\u00f3ranos&quot;,&quot;legend&quot;:&quot;0\\\/5 - (0 votes)&quot;,&quot;size&quot;:&quot;24&quot;,&quot;title&quot;:&quot;Fly More Combo para Mavic 2 Enterprise&quot;,&quot;width&quot;:&quot;0&quot;,&quot;_legend&quot;:&quot;{score}\\\/{best} - ({count} {votes})&quot;,&quot;font_factor&quot;:&quot;1.25&quot;}'>\n            \n<div class=\"kksr-stars\">\n    \n<div class=\"kksr-stars-inactive\">\n            <div class=\"kksr-star\" data-star=\"1\" style=\"padding-right: 5px\">\n            \n\n<div class=\"kksr-icon\" style=\"width: 24px; height: 24px;\"><\/div>\n        <\/div>\n            <div class=\"kksr-star\" data-star=\"2\" style=\"padding-right: 5px\">\n            \n\n<div class=\"kksr-icon\" style=\"width: 24px; height: 24px;\"><\/div>\n        <\/div>\n            <div class=\"kksr-star\" data-star=\"3\" style=\"padding-right: 5px\">\n            \n\n<div class=\"kksr-icon\" style=\"width: 24px; height: 24px;\"><\/div>\n        <\/div>\n            <div class=\"kksr-star\" data-star=\"4\" style=\"padding-right: 5px\">\n            \n\n<div class=\"kksr-icon\" style=\"width: 24px; height: 24px;\"><\/div>\n        <\/div>\n            <div class=\"kksr-star\" data-star=\"5\" style=\"padding-right: 5px\">\n            \n\n<div class=\"kksr-icon\" style=\"width: 24px; height: 24px;\"><\/div>\n        <\/div>\n    <\/div>\n    \n<div class=\"kksr-stars-active\" style=\"width: 0px;\">\n            <div class=\"kksr-star\" style=\"padding-right: 5px\">\n            \n\n<div class=\"kksr-icon\" style=\"width: 24px; height: 24px;\"><\/div>\n        <\/div>\n            <div class=\"kksr-star\" style=\"padding-right: 5px\">\n            \n\n<div class=\"kksr-icon\" style=\"width: 24px; height: 24px;\"><\/div>\n        <\/div>\n            <div class=\"kksr-star\" style=\"padding-right: 5px\">\n            \n\n<div class=\"kksr-icon\" style=\"width: 24px; height: 24px;\"><\/div>\n        <\/div>\n            <div class=\"kksr-star\" style=\"padding-right: 5px\">\n            \n\n<div class=\"kksr-icon\" style=\"width: 24px; height: 24px;\"><\/div>\n        <\/div>\n            <div class=\"kksr-star\" style=\"padding-right: 5px\">\n            \n\n<div class=\"kksr-icon\" style=\"width: 24px; height: 24px;\"><\/div>\n        <\/div>\n    <\/div>\n<\/div>\n                \n\n<div class=\"kksr-legend\" style=\"font-size: 19.2px;\">\n            <span class=\"kksr-muted\">Val\u00f3ranos<\/span>\n    <\/div>\n    <\/div>\n","protected":false},"excerpt":{"rendered":"<p><span class=\"VIiyi\" lang=\"pt\"><span class=\"JLqJ4b ChMk0b\" data-language-for-alternatives=\"pt\" data-language-to-translate-into=\"es\" data-phrase-index=\"0\" data-number-of-phrases=\"2\">O Mavic 2 Enterprise Fly More Kit inclui duas baterias de voo inteligentes, um carregador de carro, uma porta de carregamento de bateria, um adaptador de bateria para uma bateria externa, h\u00e9lices silenciosas e uma al\u00e7a de ombro.<\/span> <span class=\"JLqJ4b ChMk0b\" data-language-for-alternatives=\"pt\" data-language-to-translate-into=\"es\" data-phrase-index=\"1\" data-number-of-phrases=\"2\">\u00c9 um conjunto completo com tudo que voc\u00ea precisa para gravar.<\/span><\/span><\/p>\n","protected":false},"featured_media":16088,"template":"","meta":[],"product_brand":[],"product_cat":[1237],"product_tag":[],"class_list":{"0":"post-22179","1":"product","2":"type-product","3":"status-publish","4":"has-post-thumbnail","6":"product_cat-mavic-2-enterprise-pt","7":"product_shipping_class-envio-gratuito-es-pt","9":"first","10":"outofstock","11":"taxable","12":"shipping-taxable","13":"purchasable","14":"product-type-simple"},"yoast_head":"<!-- This site is optimized with the Yoast SEO plugin v27.4 - https:\/\/yoast.com\/product\/yoast-seo-wordpress\/ -->\n<title>Fly More Combo para Mavic 2 Enterprise - ATyges<\/title>\n<meta name=\"robots\" content=\"index, follow, max-snippet:-1, max-image-preview:large, max-video-preview:-1\" \/>\n<link rel=\"canonical\" href=\"https:\/\/atyges.es\/pt\/tienda\/product\/fly-more-combo-para-mavic-2-enterprise\/\" \/>\n<meta property=\"og:locale\" content=\"pt_PT\" \/>\n<meta property=\"og:type\" content=\"article\" \/>\n<meta property=\"og:title\" content=\"Fly More Combo para Mavic 2 Enterprise - ATyges\" \/>\n<meta property=\"og:description\" content=\"O Mavic 2 Enterprise Fly More Kit inclui duas baterias de voo inteligentes, um carregador de carro, uma porta de carregamento de bateria, um adaptador de bateria para uma bateria externa, h\u00e9lices silenciosas e uma al\u00e7a de ombro. \u00c9 um conjunto completo com tudo que voc\u00ea precisa para gravar.\" \/>\n<meta property=\"og:url\" content=\"https:\/\/atyges.es\/pt\/tienda\/product\/fly-more-combo-para-mavic-2-enterprise\/\" \/>\n<meta property=\"og:site_name\" content=\"ATyges\" \/>\n<meta property=\"og:image\" content=\"https:\/\/atyges.es\/wp-content\/uploads\/2020\/02\/kit-vuela-mas-enterprise.jpg\" \/>\n\t<meta property=\"og:image:width\" content=\"1024\" \/>\n\t<meta property=\"og:image:height\" content=\"1024\" \/>\n\t<meta property=\"og:image:type\" content=\"image\/jpeg\" \/>\n<meta name=\"twitter:card\" content=\"summary_large_image\" \/>\n<meta name=\"twitter:label1\" content=\"Tempo estimado de leitura\" \/>\n\t<meta name=\"twitter:data1\" content=\"2 minutos\" \/>\n<script type=\"application\/ld+json\" class=\"yoast-schema-graph\">{\"@context\":\"https:\\\/\\\/schema.org\",\"@graph\":[{\"@type\":\"WebPage\",\"@id\":\"https:\\\/\\\/atyges.es\\\/pt\\\/tienda\\\/product\\\/fly-more-combo-para-mavic-2-enterprise\\\/\",\"url\":\"https:\\\/\\\/atyges.es\\\/pt\\\/tienda\\\/product\\\/fly-more-combo-para-mavic-2-enterprise\\\/\",\"name\":\"Fly More Combo para Mavic 2 Enterprise - ATyges\",\"isPartOf\":{\"@id\":\"https:\\\/\\\/atyges.es\\\/pt\\\/#website\"},\"primaryImageOfPage\":{\"@id\":\"https:\\\/\\\/atyges.es\\\/pt\\\/tienda\\\/product\\\/fly-more-combo-para-mavic-2-enterprise\\\/#primaryimage\"},\"image\":{\"@id\":\"https:\\\/\\\/atyges.es\\\/pt\\\/tienda\\\/product\\\/fly-more-combo-para-mavic-2-enterprise\\\/#primaryimage\"},\"thumbnailUrl\":\"https:\\\/\\\/atyges.es\\\/wp-content\\\/uploads\\\/2020\\\/02\\\/kit-vuela-mas-enterprise.jpg\",\"datePublished\":\"2022-02-06T12:02:16+00:00\",\"breadcrumb\":{\"@id\":\"https:\\\/\\\/atyges.es\\\/pt\\\/tienda\\\/product\\\/fly-more-combo-para-mavic-2-enterprise\\\/#breadcrumb\"},\"inLanguage\":\"pt-PT\",\"potentialAction\":[{\"@type\":\"ReadAction\",\"target\":[\"https:\\\/\\\/atyges.es\\\/pt\\\/tienda\\\/product\\\/fly-more-combo-para-mavic-2-enterprise\\\/\"]}]},{\"@type\":\"ImageObject\",\"inLanguage\":\"pt-PT\",\"@id\":\"https:\\\/\\\/atyges.es\\\/pt\\\/tienda\\\/product\\\/fly-more-combo-para-mavic-2-enterprise\\\/#primaryimage\",\"url\":\"https:\\\/\\\/atyges.es\\\/wp-content\\\/uploads\\\/2020\\\/02\\\/kit-vuela-mas-enterprise.jpg\",\"contentUrl\":\"https:\\\/\\\/atyges.es\\\/wp-content\\\/uploads\\\/2020\\\/02\\\/kit-vuela-mas-enterprise.jpg\",\"width\":1024,\"height\":1024,\"caption\":\"kit vuela mas enterprise\"},{\"@type\":\"BreadcrumbList\",\"@id\":\"https:\\\/\\\/atyges.es\\\/pt\\\/tienda\\\/product\\\/fly-more-combo-para-mavic-2-enterprise\\\/#breadcrumb\",\"itemListElement\":[{\"@type\":\"ListItem\",\"position\":1,\"name\":\"Portada\",\"item\":\"https:\\\/\\\/atyges.es\\\/pt\\\/\"},{\"@type\":\"ListItem\",\"position\":2,\"name\":\"Produtos\",\"item\":\"https:\\\/\\\/atyges.es\\\/pt\\\/shop\\\/\"},{\"@type\":\"ListItem\",\"position\":3,\"name\":\"Fly More Combo para Mavic 2 Enterprise\"}]},{\"@type\":\"WebSite\",\"@id\":\"https:\\\/\\\/atyges.es\\\/pt\\\/#website\",\"url\":\"https:\\\/\\\/atyges.es\\\/pt\\\/\",\"name\":\"ATyges\",\"description\":\"\",\"publisher\":{\"@id\":\"https:\\\/\\\/atyges.es\\\/pt\\\/#organization\"},\"potentialAction\":[{\"@type\":\"SearchAction\",\"target\":{\"@type\":\"EntryPoint\",\"urlTemplate\":\"https:\\\/\\\/atyges.es\\\/pt\\\/?s={search_term_string}\"},\"query-input\":{\"@type\":\"PropertyValueSpecification\",\"valueRequired\":true,\"valueName\":\"search_term_string\"}}],\"inLanguage\":\"pt-PT\"},{\"@type\":\"Organization\",\"@id\":\"https:\\\/\\\/atyges.es\\\/pt\\\/#organization\",\"name\":\"Atyges\",\"url\":\"https:\\\/\\\/atyges.es\\\/pt\\\/\",\"logo\":{\"@type\":\"ImageObject\",\"inLanguage\":\"pt-PT\",\"@id\":\"https:\\\/\\\/atyges.es\\\/pt\\\/#\\\/schema\\\/logo\\\/image\\\/\",\"url\":\"https:\\\/\\\/atyges.es\\\/wp-content\\\/uploads\\\/2022\\\/01\\\/Logo_ATyges_Store.png\",\"contentUrl\":\"https:\\\/\\\/atyges.es\\\/wp-content\\\/uploads\\\/2022\\\/01\\\/Logo_ATyges_Store.png\",\"width\":1228,\"height\":200,\"caption\":\"Atyges\"},\"image\":{\"@id\":\"https:\\\/\\\/atyges.es\\\/pt\\\/#\\\/schema\\\/logo\\\/image\\\/\"}}]}<\/script>\n<!-- \/ Yoast SEO plugin. -->","yoast_head_json":{"title":"Fly More Combo para Mavic 2 Enterprise - ATyges","robots":{"index":"index","follow":"follow","max-snippet":"max-snippet:-1","max-image-preview":"max-image-preview:large","max-video-preview":"max-video-preview:-1"},"canonical":"https:\/\/atyges.es\/pt\/tienda\/product\/fly-more-combo-para-mavic-2-enterprise\/","og_locale":"pt_PT","og_type":"article","og_title":"Fly More Combo para Mavic 2 Enterprise - ATyges","og_description":"O Mavic 2 Enterprise Fly More Kit inclui duas baterias de voo inteligentes, um carregador de carro, uma porta de carregamento de bateria, um adaptador de bateria para uma bateria externa, h\u00e9lices silenciosas e uma al\u00e7a de ombro. \u00c9 um conjunto completo com tudo que voc\u00ea precisa para gravar.","og_url":"https:\/\/atyges.es\/pt\/tienda\/product\/fly-more-combo-para-mavic-2-enterprise\/","og_site_name":"ATyges","og_image":[{"width":1024,"height":1024,"url":"https:\/\/atyges.es\/wp-content\/uploads\/2020\/02\/kit-vuela-mas-enterprise.jpg","type":"image\/jpeg"}],"twitter_card":"summary_large_image","twitter_misc":{"Tempo estimado de leitura":"2 minutos"},"schema":{"@context":"https:\/\/schema.org","@graph":[{"@type":"WebPage","@id":"https:\/\/atyges.es\/pt\/tienda\/product\/fly-more-combo-para-mavic-2-enterprise\/","url":"https:\/\/atyges.es\/pt\/tienda\/product\/fly-more-combo-para-mavic-2-enterprise\/","name":"Fly More Combo para Mavic 2 Enterprise - ATyges","isPartOf":{"@id":"https:\/\/atyges.es\/pt\/#website"},"primaryImageOfPage":{"@id":"https:\/\/atyges.es\/pt\/tienda\/product\/fly-more-combo-para-mavic-2-enterprise\/#primaryimage"},"image":{"@id":"https:\/\/atyges.es\/pt\/tienda\/product\/fly-more-combo-para-mavic-2-enterprise\/#primaryimage"},"thumbnailUrl":"https:\/\/atyges.es\/wp-content\/uploads\/2020\/02\/kit-vuela-mas-enterprise.jpg","datePublished":"2022-02-06T12:02:16+00:00","breadcrumb":{"@id":"https:\/\/atyges.es\/pt\/tienda\/product\/fly-more-combo-para-mavic-2-enterprise\/#breadcrumb"},"inLanguage":"pt-PT","potentialAction":[{"@type":"ReadAction","target":["https:\/\/atyges.es\/pt\/tienda\/product\/fly-more-combo-para-mavic-2-enterprise\/"]}]},{"@type":"ImageObject","inLanguage":"pt-PT","@id":"https:\/\/atyges.es\/pt\/tienda\/product\/fly-more-combo-para-mavic-2-enterprise\/#primaryimage","url":"https:\/\/atyges.es\/wp-content\/uploads\/2020\/02\/kit-vuela-mas-enterprise.jpg","contentUrl":"https:\/\/atyges.es\/wp-content\/uploads\/2020\/02\/kit-vuela-mas-enterprise.jpg","width":1024,"height":1024,"caption":"kit vuela mas enterprise"},{"@type":"BreadcrumbList","@id":"https:\/\/atyges.es\/pt\/tienda\/product\/fly-more-combo-para-mavic-2-enterprise\/#breadcrumb","itemListElement":[{"@type":"ListItem","position":1,"name":"Portada","item":"https:\/\/atyges.es\/pt\/"},{"@type":"ListItem","position":2,"name":"Produtos","item":"https:\/\/atyges.es\/pt\/shop\/"},{"@type":"ListItem","position":3,"name":"Fly More Combo para Mavic 2 Enterprise"}]},{"@type":"WebSite","@id":"https:\/\/atyges.es\/pt\/#website","url":"https:\/\/atyges.es\/pt\/","name":"ATyges","description":"","publisher":{"@id":"https:\/\/atyges.es\/pt\/#organization"},"potentialAction":[{"@type":"SearchAction","target":{"@type":"EntryPoint","urlTemplate":"https:\/\/atyges.es\/pt\/?s={search_term_string}"},"query-input":{"@type":"PropertyValueSpecification","valueRequired":true,"valueName":"search_term_string"}}],"inLanguage":"pt-PT"},{"@type":"Organization","@id":"https:\/\/atyges.es\/pt\/#organization","name":"Atyges","url":"https:\/\/atyges.es\/pt\/","logo":{"@type":"ImageObject","inLanguage":"pt-PT","@id":"https:\/\/atyges.es\/pt\/#\/schema\/logo\/image\/","url":"https:\/\/atyges.es\/wp-content\/uploads\/2022\/01\/Logo_ATyges_Store.png","contentUrl":"https:\/\/atyges.es\/wp-content\/uploads\/2022\/01\/Logo_ATyges_Store.png","width":1228,"height":200,"caption":"Atyges"},"image":{"@id":"https:\/\/atyges.es\/pt\/#\/schema\/logo\/image\/"}}]}},"jetpack_sharing_enabled":true,"_links":{"self":[{"href":"https:\/\/atyges.es\/pt\/wp-json\/wp\/v2\/product\/22179","targetHints":{"allow":["GET"]}}],"collection":[{"href":"https:\/\/atyges.es\/pt\/wp-json\/wp\/v2\/product"}],"about":[{"href":"https:\/\/atyges.es\/pt\/wp-json\/wp\/v2\/types\/product"}],"wp:featuredmedia":[{"embeddable":true,"href":"https:\/\/atyges.es\/pt\/wp-json\/wp\/v2\/media\/16088"}],"wp:attachment":[{"href":"https:\/\/atyges.es\/pt\/wp-json\/wp\/v2\/media?parent=22179"}],"wp:term":[{"taxonomy":"product_brand","embeddable":true,"href":"https:\/\/atyges.es\/pt\/wp-json\/wp\/v2\/product_brand?post=22179"},{"taxonomy":"product_cat","embeddable":true,"href":"https:\/\/atyges.es\/pt\/wp-json\/wp\/v2\/product_cat?post=22179"},{"taxonomy":"product_tag","embeddable":true,"href":"https:\/\/atyges.es\/pt\/wp-json\/wp\/v2\/product_tag?post=22179"}],"curies":[{"name":"wp","href":"https:\/\/api.w.org\/{rel}","templated":true}]}}