{"id":22173,"date":"2021-03-13T09:27:52","date_gmt":"2021-03-13T08:27:52","guid":{"rendered":"https:\/\/atyges.es\/product\/mavic-2-enterprise-advance\/"},"modified":"2022-05-27T09:48:26","modified_gmt":"2022-05-27T08:48:26","slug":"mavic-2-enterprise-advance","status":"publish","type":"product","link":"https:\/\/atyges.es\/pt\/product\/mavic-2-enterprise-advance\/","title":{"rendered":"Mavic 2 Enterprise Advance"},"content":{"rendered":"<p>Capture detalhes precisos em qualquer miss\u00e3o com o Mavic 2 Enterprise. Esta ferramenta vers\u00e1til e compacta apresenta in\u00fameras melhorias. Al\u00e9m das c\u00e2meras visuais e t\u00e9rmicas de alta resolu\u00e7\u00e3o, o M2EA tamb\u00e9m possui zoom digital de at\u00e9 32\u00d7 e garante precis\u00e3o de posicionamento em cent\u00edmetros com o m\u00f3dulo RTK.<\/p>\n<p><img loading=\"lazy\" decoding=\"async\" class=\"aligncenter size-shop_single wp-image-18175\" src=\"https:\/\/atyges.es\/wp-content\/uploads\/2021\/03\/Mavic-2-Enterprise-Advanced-600x323.jpg\" alt=\"\" width=\"600\" height=\"323\" srcset=\"https:\/\/atyges.es\/wp-content\/uploads\/2021\/03\/Mavic-2-Enterprise-Advanced-600x323.jpg 600w, https:\/\/atyges.es\/wp-content\/uploads\/2021\/03\/Mavic-2-Enterprise-Advanced-300x161.jpg 300w, https:\/\/atyges.es\/wp-content\/uploads\/2021\/03\/Mavic-2-Enterprise-Advanced-173x93.jpg 173w, https:\/\/atyges.es\/wp-content\/uploads\/2021\/03\/Mavic-2-Enterprise-Advanced.jpg 800w\" sizes=\"auto, (max-width: 600px) 100vw, 600px\" \/><\/p>\n<ul>\n<li><span class=\"VIiyi\" lang=\"pt\"><span class=\"JLqJ4b ChMk0b\" data-language-for-alternatives=\"pt\" data-language-to-translate-into=\"es\" data-phrase-index=\"0\" data-number-of-phrases=\"9\">C\u00e2mera t\u00e9rmica 640\u00d7512px<\/span><\/span><\/li>\n<li><span class=\"VIiyi\" lang=\"pt\"><span class=\"JLqJ4b ChMk0b\" data-language-for-alternatives=\"pt\" data-language-to-translate-into=\"es\" data-phrase-index=\"2\" data-number-of-phrases=\"9\">C\u00e2mera visual de 48 MP<\/span><\/span><\/li>\n<li>Zoom digital 32\u00d7<\/li>\n<li><span class=\"VIiyi\" lang=\"pt\"><span class=\"JLqJ4b ChMk0b\" data-language-for-alternatives=\"pt\" data-language-to-translate-into=\"es\" data-phrase-index=\"6\" data-number-of-phrases=\"9\">Posicionamento de precis\u00e3o centim\u00e9trica com RTK<\/span><\/span><\/li>\n<li><span class=\"VIiyi\" lang=\"pt\"><span class=\"JLqJ4b ChMk0b\" data-language-for-alternatives=\"pt\" data-language-to-translate-into=\"es\" data-phrase-index=\"8\" data-number-of-phrases=\"9\">Alcance de transmiss\u00e3o de v\u00eddeo HD de 10 km<\/span><\/span><\/li>\n<\/ul>\n<h2><span class=\"VIiyi\" lang=\"pt\"><span class=\"JLqJ4b ChMk0b\" data-language-for-alternatives=\"pt\" data-language-to-translate-into=\"es\" data-phrase-index=\"0\" data-number-of-phrases=\"1\">V\u00e1 mais longe com c\u00e2meras duplas avan\u00e7adas<\/span><\/span><\/h2>\n<h3>Imagens t\u00e9rmicas radiom\u00e9tricas de alta resolu\u00e7\u00e3o<\/h3>\n<p><span class=\"VIiyi\" lang=\"pt\"><span class=\"JLqJ4b ChMk0b\" data-language-for-alternatives=\"pt\" data-language-to-translate-into=\"es\" data-phrase-index=\"0\" data-number-of-phrases=\"7\">Tome decis\u00f5es informadas com identifica\u00e7\u00e3o de objetos r\u00e1pida e no local com o sensor t\u00e9rmico de alta resolu\u00e7\u00e3o integrado do M2EA, com medi\u00e7\u00e3o pontual e medi\u00e7\u00e3o de \u00e1rea.<\/span><\/span><\/p>\n<p><span class=\"VIiyi\" lang=\"pt\"><span class=\"JLqJ4b ChMk0b\" data-language-for-alternatives=\"pt\" data-language-to-translate-into=\"es\" data-phrase-index=\"2\" data-number-of-phrases=\"7\">Resolu\u00e7\u00e3o T\u00e9rmica de 640 \u00d7 512 px<\/span> <\/span><\/p>\n<p><span class=\"VIiyi\" lang=\"pt\"><span class=\"JLqJ4b ChMk0b\" data-language-for-alternatives=\"pt\" data-language-to-translate-into=\"es\" data-phrase-index=\"4\" data-number-of-phrases=\"7\">16\u00d7Zoom<\/span> <\/span><\/p>\n<p><span class=\"VIiyi\" lang=\"pt\"><span class=\"JLqJ4b ChMk0b\" data-language-for-alternatives=\"pt\" data-language-to-translate-into=\"es\" data-phrase-index=\"6\" data-number-of-phrases=\"7\">\u00b12\u00b0C Precis\u00e3o de medi\u00e7\u00e3o de temperatura<\/span><\/span><\/p>\n<h3>Deixe o zoom proteg\u00ea-lo<\/h3>\n<p><span class=\"VIiyi\" lang=\"pt\"><span class=\"JLqJ4b ChMk0b\" data-language-for-alternatives=\"pt\" data-language-to-translate-into=\"es\" data-phrase-index=\"0\" data-number-of-phrases=\"2\">Capture imagens e v\u00eddeos claros a uma dist\u00e2ncia segura.<\/span> <span class=\"JLqJ4b ChMk0b\" data-language-for-alternatives=\"pt\" data-language-to-translate-into=\"es\" data-phrase-index=\"1\" data-number-of-phrases=\"2\">A c\u00e2mera visual de alta resolu\u00e7\u00e3o do M2EA possui ultra-zoom, para que voc\u00ea n\u00e3o perca nada.<\/span><\/span><\/p>\n<h3>Vis\u00e3o dupla ao seu servi\u00e7o<\/h3>\n<p>Dependendo das necessidades do projeto, toque para alternar entre visualiza\u00e7\u00e3o normal, t\u00e9rmica ou dividida.<\/p>\n<p><img decoding=\"async\" class=\"fore-image_1ELLg8-Y aligncenter\" src=\"https:\/\/dji-official-fe.djicdn.com\/dps\/a020ad3df32b9a4b3d22e6b6f38189ac.jpg\" alt=\"\" \/>&lt;<\/p>\n<h2><span class=\"VIiyi\" lang=\"pt\"><span class=\"JLqJ4b ChMk0b\" data-language-for-alternatives=\"pt\" data-language-to-translate-into=\"es\" data-phrase-index=\"0\" data-number-of-phrases=\"6\">COMPACTO E POTENTE<\/span><\/span><\/h2>\n<h3><span class=\"VIiyi\" lang=\"pt\"><span class=\"JLqJ4b ChMk0b\" data-language-for-alternatives=\"pt\" data-language-to-translate-into=\"es\" data-phrase-index=\"2\" data-number-of-phrases=\"6\">PRECIS\u00c3O DE POSICIONAMENTO<\/span><\/span><\/h3>\n<p><span class=\"VIiyi\" lang=\"pt\"><span class=\"JLqJ4b ChMk0b\" data-language-for-alternatives=\"pt\" data-language-to-translate-into=\"es\" data-phrase-index=\"4\" data-number-of-phrases=\"6\">Obtenha precis\u00e3o de cent\u00edmetros com o m\u00f3dulo M2EA e RTK.<\/span> <span class=\"JLqJ4b ChMk0b\" data-language-for-alternatives=\"pt\" data-language-to-translate-into=\"es\" data-phrase-index=\"5\" data-number-of-phrases=\"6\">Crie at\u00e9 240 waypoints para realizar miss\u00f5es de inspe\u00e7\u00e3o automatizadas e detalhadas em ambientes complexos.<\/span><\/span><\/p>\n<h3><span class=\"VIiyi\" lang=\"pt\"><span class=\"JLqJ4b ChMk0b\" data-language-for-alternatives=\"pt\" data-language-to-translate-into=\"es\" data-phrase-index=\"0\" data-number-of-phrases=\"18\">FLEXIBILIDADE M\u00c1XIMA<\/span><\/span><\/h3>\n<p><span class=\"VIiyi\" lang=\"pt\"><span class=\"JLqJ4b ChMk0b\" data-language-for-alternatives=\"pt\" data-language-to-translate-into=\"es\" data-phrase-index=\"2\" data-number-of-phrases=\"18\">O leve e port\u00e1til M2EA pode decolar em menos de um minuto.<\/span> <span class=\"JLqJ4b ChMk0b\" data-language-for-alternatives=\"pt\" data-language-to-translate-into=\"es\" data-phrase-index=\"3\" data-number-of-phrases=\"18\">Enfrente ambientes operacionais complexos gra\u00e7as \u00e0s velocidades de subida e descida mais r\u00e1pidas.<\/span><\/span><\/p>\n<h3><span class=\"VIiyi\" lang=\"pt\"><span class=\"JLqJ4b ChMk0b\" data-language-for-alternatives=\"pt\" data-language-to-translate-into=\"es\" data-phrase-index=\"5\" data-number-of-phrases=\"18\">OUTRAS CARACTER\u00cdSTICAS<\/span><\/span><\/h3>\n<ul>\n<li><span class=\"VIiyi\" lang=\"pt\"><span class=\"JLqJ4b ChMk0b\" data-language-for-alternatives=\"pt\" data-language-to-translate-into=\"es\" data-phrase-index=\"7\" data-number-of-phrases=\"18\">MSDK<\/span> <\/span><\/li>\n<li><span class=\"VIiyi\" lang=\"pt\"><span class=\"JLqJ4b ChMk0b\" data-language-for-alternatives=\"pt\" data-language-to-translate-into=\"es\" data-phrase-index=\"9\" data-number-of-phrases=\"18\">Sentido do Ar<\/span> <\/span><\/li>\n<li><span class=\"VIiyi\" lang=\"pt\"><span class=\"JLqJ4b ChMk0b\" data-language-for-alternatives=\"pt\" data-language-to-translate-into=\"es\" data-phrase-index=\"11\" data-number-of-phrases=\"18\">Prote\u00e7\u00e3o de senha<\/span> <\/span><\/li>\n<li><span class=\"VIiyi\" lang=\"pt\"><span class=\"JLqJ4b ChMk0b\" data-language-for-alternatives=\"pt\" data-language-to-translate-into=\"es\" data-phrase-index=\"13\" data-number-of-phrases=\"18\">Modo discreto<\/span><\/span><\/li>\n<li><span class=\"VIiyi\" lang=\"pt\"> <span class=\"JLqJ4b ChMk0b\" data-language-for-alternatives=\"pt\" data-language-to-translate-into=\"es\" data-phrase-index=\"15\" data-number-of-phrases=\"18\">Bateria com auto aquecimento<\/span> <\/span><\/li>\n<li><span class=\"VIiyi\" lang=\"pt\"><span class=\"JLqJ4b ChMk0b\" data-language-for-alternatives=\"pt\" data-language-to-translate-into=\"es\" data-phrase-index=\"17\" data-number-of-phrases=\"18\">Temperatura de opera\u00e7\u00e3o -10 a 40 \u00b0C<\/span><\/span><\/li>\n<\/ul>\n\n\n<div class=\"kk-star-ratings kksr-auto kksr-align-center kksr-valign-bottom\"\n    data-payload='{&quot;align&quot;:&quot;center&quot;,&quot;id&quot;:&quot;22173&quot;,&quot;slug&quot;:&quot;default&quot;,&quot;valign&quot;:&quot;bottom&quot;,&quot;ignore&quot;:&quot;&quot;,&quot;reference&quot;:&quot;auto&quot;,&quot;class&quot;:&quot;&quot;,&quot;count&quot;:&quot;0&quot;,&quot;legendonly&quot;:&quot;&quot;,&quot;readonly&quot;:&quot;&quot;,&quot;score&quot;:&quot;0&quot;,&quot;starsonly&quot;:&quot;&quot;,&quot;best&quot;:&quot;5&quot;,&quot;gap&quot;:&quot;5&quot;,&quot;greet&quot;:&quot;Val\u00f3ranos&quot;,&quot;legend&quot;:&quot;0\\\/5 - (0 votes)&quot;,&quot;size&quot;:&quot;24&quot;,&quot;title&quot;:&quot;Mavic 2 Enterprise Advance&quot;,&quot;width&quot;:&quot;0&quot;,&quot;_legend&quot;:&quot;{score}\\\/{best} - ({count} {votes})&quot;,&quot;font_factor&quot;:&quot;1.25&quot;}'>\n            \n<div class=\"kksr-stars\">\n    \n<div class=\"kksr-stars-inactive\">\n            <div class=\"kksr-star\" data-star=\"1\" style=\"padding-right: 5px\">\n            \n\n<div class=\"kksr-icon\" style=\"width: 24px; height: 24px;\"><\/div>\n        <\/div>\n            <div class=\"kksr-star\" data-star=\"2\" style=\"padding-right: 5px\">\n            \n\n<div class=\"kksr-icon\" style=\"width: 24px; height: 24px;\"><\/div>\n        <\/div>\n            <div class=\"kksr-star\" data-star=\"3\" style=\"padding-right: 5px\">\n            \n\n<div class=\"kksr-icon\" style=\"width: 24px; height: 24px;\"><\/div>\n        <\/div>\n            <div class=\"kksr-star\" data-star=\"4\" style=\"padding-right: 5px\">\n            \n\n<div class=\"kksr-icon\" style=\"width: 24px; height: 24px;\"><\/div>\n        <\/div>\n            <div class=\"kksr-star\" data-star=\"5\" style=\"padding-right: 5px\">\n            \n\n<div class=\"kksr-icon\" style=\"width: 24px; height: 24px;\"><\/div>\n        <\/div>\n    <\/div>\n    \n<div class=\"kksr-stars-active\" style=\"width: 0px;\">\n            <div class=\"kksr-star\" style=\"padding-right: 5px\">\n            \n\n<div class=\"kksr-icon\" style=\"width: 24px; height: 24px;\"><\/div>\n        <\/div>\n            <div class=\"kksr-star\" style=\"padding-right: 5px\">\n            \n\n<div class=\"kksr-icon\" style=\"width: 24px; height: 24px;\"><\/div>\n        <\/div>\n            <div class=\"kksr-star\" style=\"padding-right: 5px\">\n            \n\n<div class=\"kksr-icon\" style=\"width: 24px; height: 24px;\"><\/div>\n        <\/div>\n            <div class=\"kksr-star\" style=\"padding-right: 5px\">\n            \n\n<div class=\"kksr-icon\" style=\"width: 24px; height: 24px;\"><\/div>\n        <\/div>\n            <div class=\"kksr-star\" style=\"padding-right: 5px\">\n            \n\n<div class=\"kksr-icon\" style=\"width: 24px; height: 24px;\"><\/div>\n        <\/div>\n    <\/div>\n<\/div>\n                \n\n<div class=\"kksr-legend\" style=\"font-size: 19.2px;\">\n            <span class=\"kksr-muted\">Val\u00f3ranos<\/span>\n    <\/div>\n    <\/div>\n","protected":false},"excerpt":{"rendered":"<h2>Mavic 2 Enterprise Advance<\/h2>\n<p><span class=\"VIiyi\" lang=\"pt\"><span class=\"JLqJ4b ChMk0b\" data-language-for-alternatives=\"pt\" data-language-to-translate-into=\"es\" data-phrase-index=\"2\" data-number-of-phrases=\"7\">Capture detalhes precisos em qualquer miss\u00e3o com o Mavic 2 Enterprise.<\/span> <span class=\"JLqJ4b ChMk0b\" data-language-for-alternatives=\"pt\" data-language-to-translate-into=\"es\" data-phrase-index=\"3\" data-number-of-phrases=\"7\">Esta ferramenta vers\u00e1til e compacta apresenta in\u00fameras melhorias.<\/span> <span class=\"JLqJ4b ChMk0b\" data-language-for-alternatives=\"pt\" data-language-to-translate-into=\"es\" data-phrase-index=\"4\" data-number-of-phrases=\"7\">Al\u00e9m das c\u00e2meras visuais e t\u00e9rmicas de alta resolu\u00e7\u00e3o, o M2EA tamb\u00e9m possui zoom digital de at\u00e9 32\u00d7 e garante precis\u00e3o de posicionamento em cent\u00edmetros com o m\u00f3dulo RTK.<\/span> <span class=\"JLqJ4b ChMk0b\" data-language-for-alternatives=\"pt\" data-language-to-translate-into=\"es\" data-phrase-index=\"6\" data-number-of-phrases=\"7\">Promocionalmente inclui licen\u00e7a ATygeo Thermal M2EA para a gera\u00e7\u00e3o de Ortomosaicos T\u00e9rmicos Radiom\u00e9tricos.<\/span><\/span><\/p>\n<p>&nbsp;<\/p>\n[embed]https:\/\/youtu.be\/4TMUFLSxohQ[\/embed]\n","protected":false},"featured_media":18159,"template":"","meta":[],"product_brand":[],"product_cat":[1237],"product_tag":[],"class_list":{"0":"post-22173","1":"product","2":"type-product","3":"status-publish","4":"has-post-thumbnail","6":"product_cat-mavic-2-enterprise-pt","7":"product_shipping_class-envio-gratuito-es-pt","9":"first","10":"outofstock","11":"taxable","12":"shipping-taxable","13":"purchasable","14":"product-type-simple"},"yoast_head":"<!-- This site is optimized with the Yoast SEO plugin v27.2 - https:\/\/yoast.com\/product\/yoast-seo-wordpress\/ -->\n<title>Mavic 2 Enterprise Advance | ATyges \u00ae<\/title>\n<meta name=\"description\" content=\"DJI Mavic 2 Enterprise Advance com o melhor pre\u00e7o. \u2b50 Equipamento com c\u00e2mera t\u00e9rmica de alta resolu\u00e7\u00e3o \u2705\u3010Distribuidores oficiais DJI\u3011\u2705.\" \/>\n<meta name=\"robots\" content=\"index, follow, max-snippet:-1, max-image-preview:large, max-video-preview:-1\" \/>\n<link rel=\"canonical\" href=\"https:\/\/atyges.es\/pt\/product\/mavic-2-enterprise-advance\/\" \/>\n<meta property=\"og:locale\" content=\"pt_PT\" \/>\n<meta property=\"og:type\" content=\"article\" \/>\n<meta property=\"og:title\" content=\"Mavic 2 Enterprise Advance | ATyges \u00ae\" \/>\n<meta property=\"og:description\" content=\"DJI Mavic 2 Enterprise Advance com o melhor pre\u00e7o. \u2b50 Equipamento com c\u00e2mera t\u00e9rmica de alta resolu\u00e7\u00e3o \u2705\u3010Distribuidores oficiais DJI\u3011\u2705.\" \/>\n<meta property=\"og:url\" content=\"https:\/\/atyges.es\/pt\/product\/mavic-2-enterprise-advance\/\" \/>\n<meta property=\"og:site_name\" content=\"ATyges\" \/>\n<meta property=\"article:modified_time\" content=\"2022-05-27T08:48:26+00:00\" \/>\n<meta property=\"og:image\" content=\"https:\/\/atyges.es\/wp-content\/uploads\/2021\/03\/ME2A_ATyges02.jpg\" \/>\n\t<meta property=\"og:image:width\" content=\"1000\" \/>\n\t<meta property=\"og:image:height\" content=\"1000\" \/>\n\t<meta property=\"og:image:type\" content=\"image\/jpeg\" \/>\n<meta name=\"twitter:card\" content=\"summary_large_image\" \/>\n<meta name=\"twitter:label1\" content=\"Tempo estimado de leitura\" \/>\n\t<meta name=\"twitter:data1\" content=\"2 minutos\" \/>\n<script type=\"application\/ld+json\" class=\"yoast-schema-graph\">{\"@context\":\"https:\/\/schema.org\",\"@graph\":[{\"@type\":\"WebPage\",\"@id\":\"https:\/\/atyges.es\/pt\/product\/mavic-2-enterprise-advance\/\",\"url\":\"https:\/\/atyges.es\/pt\/product\/mavic-2-enterprise-advance\/\",\"name\":\"Mavic 2 Enterprise Advance | ATyges \u00ae\",\"isPartOf\":{\"@id\":\"https:\/\/atyges.es\/pt\/#website\"},\"primaryImageOfPage\":{\"@id\":\"https:\/\/atyges.es\/pt\/product\/mavic-2-enterprise-advance\/#primaryimage\"},\"image\":{\"@id\":\"https:\/\/atyges.es\/pt\/product\/mavic-2-enterprise-advance\/#primaryimage\"},\"thumbnailUrl\":\"https:\/\/atyges.es\/wp-content\/uploads\/2021\/03\/ME2A_ATyges02.jpg\",\"datePublished\":\"2021-03-13T08:27:52+00:00\",\"dateModified\":\"2022-05-27T08:48:26+00:00\",\"description\":\"DJI Mavic 2 Enterprise Advance com o melhor pre\u00e7o. \u2b50 Equipamento com c\u00e2mera t\u00e9rmica de alta resolu\u00e7\u00e3o \u2705\u3010Distribuidores oficiais DJI\u3011\u2705.\",\"breadcrumb\":{\"@id\":\"https:\/\/atyges.es\/pt\/product\/mavic-2-enterprise-advance\/#breadcrumb\"},\"inLanguage\":\"pt-PT\",\"potentialAction\":[{\"@type\":\"ReadAction\",\"target\":[\"https:\/\/atyges.es\/pt\/product\/mavic-2-enterprise-advance\/\"]}]},{\"@type\":\"ImageObject\",\"inLanguage\":\"pt-PT\",\"@id\":\"https:\/\/atyges.es\/pt\/product\/mavic-2-enterprise-advance\/#primaryimage\",\"url\":\"https:\/\/atyges.es\/wp-content\/uploads\/2021\/03\/ME2A_ATyges02.jpg\",\"contentUrl\":\"https:\/\/atyges.es\/wp-content\/uploads\/2021\/03\/ME2A_ATyges02.jpg\",\"width\":1000,\"height\":1000,\"caption\":\"Mavic 2 Enterprise Advance\"},{\"@type\":\"BreadcrumbList\",\"@id\":\"https:\/\/atyges.es\/pt\/product\/mavic-2-enterprise-advance\/#breadcrumb\",\"itemListElement\":[{\"@type\":\"ListItem\",\"position\":1,\"name\":\"Portada\",\"item\":\"https:\/\/atyges.es\/pt\/\"},{\"@type\":\"ListItem\",\"position\":2,\"name\":\"Produtos\",\"item\":\"https:\/\/atyges.es\/pt\/shop\/\"},{\"@type\":\"ListItem\",\"position\":3,\"name\":\"Mavic 2 Enterprise Advance\"}]},{\"@type\":\"WebSite\",\"@id\":\"https:\/\/atyges.es\/pt\/#website\",\"url\":\"https:\/\/atyges.es\/pt\/\",\"name\":\"ATyges\",\"description\":\"\",\"publisher\":{\"@id\":\"https:\/\/atyges.es\/pt\/#organization\"},\"potentialAction\":[{\"@type\":\"SearchAction\",\"target\":{\"@type\":\"EntryPoint\",\"urlTemplate\":\"https:\/\/atyges.es\/pt\/?s={search_term_string}\"},\"query-input\":{\"@type\":\"PropertyValueSpecification\",\"valueRequired\":true,\"valueName\":\"search_term_string\"}}],\"inLanguage\":\"pt-PT\"},{\"@type\":\"Organization\",\"@id\":\"https:\/\/atyges.es\/pt\/#organization\",\"name\":\"Atyges\",\"url\":\"https:\/\/atyges.es\/pt\/\",\"logo\":{\"@type\":\"ImageObject\",\"inLanguage\":\"pt-PT\",\"@id\":\"https:\/\/atyges.es\/pt\/#\/schema\/logo\/image\/\",\"url\":\"https:\/\/atyges.es\/wp-content\/uploads\/2022\/01\/Logo_ATyges_Store.png\",\"contentUrl\":\"https:\/\/atyges.es\/wp-content\/uploads\/2022\/01\/Logo_ATyges_Store.png\",\"width\":1228,\"height\":200,\"caption\":\"Atyges\"},\"image\":{\"@id\":\"https:\/\/atyges.es\/pt\/#\/schema\/logo\/image\/\"}}]}<\/script>\n<!-- \/ Yoast SEO plugin. -->","yoast_head_json":{"title":"Mavic 2 Enterprise Advance | ATyges \u00ae","description":"DJI Mavic 2 Enterprise Advance com o melhor pre\u00e7o. \u2b50 Equipamento com c\u00e2mera t\u00e9rmica de alta resolu\u00e7\u00e3o \u2705\u3010Distribuidores oficiais DJI\u3011\u2705.","robots":{"index":"index","follow":"follow","max-snippet":"max-snippet:-1","max-image-preview":"max-image-preview:large","max-video-preview":"max-video-preview:-1"},"canonical":"https:\/\/atyges.es\/pt\/product\/mavic-2-enterprise-advance\/","og_locale":"pt_PT","og_type":"article","og_title":"Mavic 2 Enterprise Advance | ATyges \u00ae","og_description":"DJI Mavic 2 Enterprise Advance com o melhor pre\u00e7o. \u2b50 Equipamento com c\u00e2mera t\u00e9rmica de alta resolu\u00e7\u00e3o \u2705\u3010Distribuidores oficiais DJI\u3011\u2705.","og_url":"https:\/\/atyges.es\/pt\/product\/mavic-2-enterprise-advance\/","og_site_name":"ATyges","article_modified_time":"2022-05-27T08:48:26+00:00","og_image":[{"width":1000,"height":1000,"url":"https:\/\/atyges.es\/wp-content\/uploads\/2021\/03\/ME2A_ATyges02.jpg","type":"image\/jpeg"}],"twitter_card":"summary_large_image","twitter_misc":{"Tempo estimado de leitura":"2 minutos"},"schema":{"@context":"https:\/\/schema.org","@graph":[{"@type":"WebPage","@id":"https:\/\/atyges.es\/pt\/product\/mavic-2-enterprise-advance\/","url":"https:\/\/atyges.es\/pt\/product\/mavic-2-enterprise-advance\/","name":"Mavic 2 Enterprise Advance | ATyges \u00ae","isPartOf":{"@id":"https:\/\/atyges.es\/pt\/#website"},"primaryImageOfPage":{"@id":"https:\/\/atyges.es\/pt\/product\/mavic-2-enterprise-advance\/#primaryimage"},"image":{"@id":"https:\/\/atyges.es\/pt\/product\/mavic-2-enterprise-advance\/#primaryimage"},"thumbnailUrl":"https:\/\/atyges.es\/wp-content\/uploads\/2021\/03\/ME2A_ATyges02.jpg","datePublished":"2021-03-13T08:27:52+00:00","dateModified":"2022-05-27T08:48:26+00:00","description":"DJI Mavic 2 Enterprise Advance com o melhor pre\u00e7o. \u2b50 Equipamento com c\u00e2mera t\u00e9rmica de alta resolu\u00e7\u00e3o \u2705\u3010Distribuidores oficiais DJI\u3011\u2705.","breadcrumb":{"@id":"https:\/\/atyges.es\/pt\/product\/mavic-2-enterprise-advance\/#breadcrumb"},"inLanguage":"pt-PT","potentialAction":[{"@type":"ReadAction","target":["https:\/\/atyges.es\/pt\/product\/mavic-2-enterprise-advance\/"]}]},{"@type":"ImageObject","inLanguage":"pt-PT","@id":"https:\/\/atyges.es\/pt\/product\/mavic-2-enterprise-advance\/#primaryimage","url":"https:\/\/atyges.es\/wp-content\/uploads\/2021\/03\/ME2A_ATyges02.jpg","contentUrl":"https:\/\/atyges.es\/wp-content\/uploads\/2021\/03\/ME2A_ATyges02.jpg","width":1000,"height":1000,"caption":"Mavic 2 Enterprise Advance"},{"@type":"BreadcrumbList","@id":"https:\/\/atyges.es\/pt\/product\/mavic-2-enterprise-advance\/#breadcrumb","itemListElement":[{"@type":"ListItem","position":1,"name":"Portada","item":"https:\/\/atyges.es\/pt\/"},{"@type":"ListItem","position":2,"name":"Produtos","item":"https:\/\/atyges.es\/pt\/shop\/"},{"@type":"ListItem","position":3,"name":"Mavic 2 Enterprise Advance"}]},{"@type":"WebSite","@id":"https:\/\/atyges.es\/pt\/#website","url":"https:\/\/atyges.es\/pt\/","name":"ATyges","description":"","publisher":{"@id":"https:\/\/atyges.es\/pt\/#organization"},"potentialAction":[{"@type":"SearchAction","target":{"@type":"EntryPoint","urlTemplate":"https:\/\/atyges.es\/pt\/?s={search_term_string}"},"query-input":{"@type":"PropertyValueSpecification","valueRequired":true,"valueName":"search_term_string"}}],"inLanguage":"pt-PT"},{"@type":"Organization","@id":"https:\/\/atyges.es\/pt\/#organization","name":"Atyges","url":"https:\/\/atyges.es\/pt\/","logo":{"@type":"ImageObject","inLanguage":"pt-PT","@id":"https:\/\/atyges.es\/pt\/#\/schema\/logo\/image\/","url":"https:\/\/atyges.es\/wp-content\/uploads\/2022\/01\/Logo_ATyges_Store.png","contentUrl":"https:\/\/atyges.es\/wp-content\/uploads\/2022\/01\/Logo_ATyges_Store.png","width":1228,"height":200,"caption":"Atyges"},"image":{"@id":"https:\/\/atyges.es\/pt\/#\/schema\/logo\/image\/"}}]}},"jetpack_sharing_enabled":true,"_links":{"self":[{"href":"https:\/\/atyges.es\/pt\/wp-json\/wp\/v2\/product\/22173","targetHints":{"allow":["GET"]}}],"collection":[{"href":"https:\/\/atyges.es\/pt\/wp-json\/wp\/v2\/product"}],"about":[{"href":"https:\/\/atyges.es\/pt\/wp-json\/wp\/v2\/types\/product"}],"wp:featuredmedia":[{"embeddable":true,"href":"https:\/\/atyges.es\/pt\/wp-json\/wp\/v2\/media\/18159"}],"wp:attachment":[{"href":"https:\/\/atyges.es\/pt\/wp-json\/wp\/v2\/media?parent=22173"}],"wp:term":[{"taxonomy":"product_brand","embeddable":true,"href":"https:\/\/atyges.es\/pt\/wp-json\/wp\/v2\/product_brand?post=22173"},{"taxonomy":"product_cat","embeddable":true,"href":"https:\/\/atyges.es\/pt\/wp-json\/wp\/v2\/product_cat?post=22173"},{"taxonomy":"product_tag","embeddable":true,"href":"https:\/\/atyges.es\/pt\/wp-json\/wp\/v2\/product_tag?post=22173"}],"curies":[{"name":"wp","href":"https:\/\/api.w.org\/{rel}","templated":true}]}}