{"id":21239,"date":"2021-11-06T20:31:55","date_gmt":"2021-11-06T19:31:55","guid":{"rendered":"https:\/\/atyges.es\/?post_type=product&#038;p=21239"},"modified":"2022-02-06T13:04:58","modified_gmt":"2022-02-06T12:04:58","slug":"mavic-3-kit-vuela-mas-pack","status":"publish","type":"product","link":"https:\/\/atyges.es\/pt\/product\/mavic-3-kit-vuela-mas-pack\/","title":{"rendered":"DJI Mavic 3 Kit Vuela M\u00e1s Pack"},"content":{"rendered":"\n\n<div class=\"kk-star-ratings kksr-auto kksr-align-center kksr-valign-bottom\"\n    data-payload='{&quot;align&quot;:&quot;center&quot;,&quot;id&quot;:&quot;21239&quot;,&quot;slug&quot;:&quot;default&quot;,&quot;valign&quot;:&quot;bottom&quot;,&quot;ignore&quot;:&quot;&quot;,&quot;reference&quot;:&quot;auto&quot;,&quot;class&quot;:&quot;&quot;,&quot;count&quot;:&quot;0&quot;,&quot;legendonly&quot;:&quot;&quot;,&quot;readonly&quot;:&quot;&quot;,&quot;score&quot;:&quot;0&quot;,&quot;starsonly&quot;:&quot;&quot;,&quot;best&quot;:&quot;5&quot;,&quot;gap&quot;:&quot;5&quot;,&quot;greet&quot;:&quot;Val\u00f3ranos&quot;,&quot;legend&quot;:&quot;0\\\/5 - (0 votes)&quot;,&quot;size&quot;:&quot;24&quot;,&quot;title&quot;:&quot;DJI Mavic 3 Kit Vuela M\u00e1s Pack&quot;,&quot;width&quot;:&quot;0&quot;,&quot;_legend&quot;:&quot;{score}\\\/{best} - ({count} {votes})&quot;,&quot;font_factor&quot;:&quot;1.25&quot;}'>\n            \n<div class=\"kksr-stars\">\n    \n<div class=\"kksr-stars-inactive\">\n            <div class=\"kksr-star\" data-star=\"1\" style=\"padding-right: 5px\">\n            \n\n<div class=\"kksr-icon\" style=\"width: 24px; height: 24px;\"><\/div>\n        <\/div>\n            <div class=\"kksr-star\" data-star=\"2\" style=\"padding-right: 5px\">\n            \n\n<div class=\"kksr-icon\" style=\"width: 24px; height: 24px;\"><\/div>\n        <\/div>\n            <div class=\"kksr-star\" data-star=\"3\" style=\"padding-right: 5px\">\n            \n\n<div class=\"kksr-icon\" style=\"width: 24px; height: 24px;\"><\/div>\n        <\/div>\n            <div class=\"kksr-star\" data-star=\"4\" style=\"padding-right: 5px\">\n            \n\n<div class=\"kksr-icon\" style=\"width: 24px; height: 24px;\"><\/div>\n        <\/div>\n            <div class=\"kksr-star\" data-star=\"5\" style=\"padding-right: 5px\">\n            \n\n<div class=\"kksr-icon\" style=\"width: 24px; height: 24px;\"><\/div>\n        <\/div>\n    <\/div>\n    \n<div class=\"kksr-stars-active\" style=\"width: 0px;\">\n            <div class=\"kksr-star\" style=\"padding-right: 5px\">\n            \n\n<div class=\"kksr-icon\" style=\"width: 24px; height: 24px;\"><\/div>\n        <\/div>\n            <div class=\"kksr-star\" style=\"padding-right: 5px\">\n            \n\n<div class=\"kksr-icon\" style=\"width: 24px; height: 24px;\"><\/div>\n        <\/div>\n            <div class=\"kksr-star\" style=\"padding-right: 5px\">\n            \n\n<div class=\"kksr-icon\" style=\"width: 24px; height: 24px;\"><\/div>\n        <\/div>\n            <div class=\"kksr-star\" style=\"padding-right: 5px\">\n            \n\n<div class=\"kksr-icon\" style=\"width: 24px; height: 24px;\"><\/div>\n        <\/div>\n            <div class=\"kksr-star\" style=\"padding-right: 5px\">\n            \n\n<div class=\"kksr-icon\" style=\"width: 24px; height: 24px;\"><\/div>\n        <\/div>\n    <\/div>\n<\/div>\n                \n\n<div class=\"kksr-legend\" style=\"font-size: 19.2px;\">\n            <span class=\"kksr-muted\">Val\u00f3ranos<\/span>\n    <\/div>\n    <\/div>\n","protected":false},"excerpt":{"rendered":"<p>DJI Mavic 3 Fly More Pack: Otimize seu voo<\/p>\n<p>Este pacote inclui o Maviv 3 com tr\u00eas baterias de voo inteligentes, um hub de carregamento de bateria, uma bolsa de transporte convers\u00edvel e um conjunto de filtro ND (ND4 \/ 8\/16\/32), para ajud\u00e1-lo a explorar e fotografar em mais cen\u00e1rios.<\/p>\n<p>O novo drone Hasselblad de c\u00e2mera dupla da DJI com infinitas possibilidades.<\/p>\n<p>C\u00e2mera Hasselblad com 20 MPX 4\/3 CMOS e telec\u00e2mera.<br \/>\nApple ProRes 422 HQ com grava\u00e7\u00e3o de v\u00eddeo 5.1K.<br \/>\nDetec\u00e7\u00e3o de obst\u00e1culo omnidirecional<\/p>\n","protected":false},"featured_media":21206,"template":"","meta":[],"product_brand":[],"product_cat":[1276],"product_tag":[],"class_list":{"0":"post-21239","1":"product","2":"type-product","3":"status-publish","4":"has-post-thumbnail","6":"product_cat-drones-profissionais-pt","7":"product_shipping_class-mrw-24-48-h-pt","9":"first","10":"instock","11":"sale","12":"taxable","13":"shipping-taxable","14":"purchasable","15":"product-type-simple"},"yoast_head":"<!-- This site is optimized with the Yoast SEO plugin v27.4 - https:\/\/yoast.com\/product\/yoast-seo-wordpress\/ -->\n<title>DJI Mavic 3 Fly More Pack | ATyges \u00ae<\/title>\n<meta name=\"description\" content=\"DJI Mavic Mavic 3 Fly More Pack a melhor pre\u00e7o \u2b50 O novo DJI Drone \u2705 \u3010Distribuidores oficiais DJI\u3011 \u2705.\" \/>\n<meta name=\"robots\" content=\"index, follow, max-snippet:-1, max-image-preview:large, max-video-preview:-1\" \/>\n<link rel=\"canonical\" href=\"https:\/\/atyges.es\/pt\/product\/mavic-3-kit-vuela-mas-pack\/\" \/>\n<meta property=\"og:locale\" content=\"pt_PT\" \/>\n<meta property=\"og:type\" content=\"article\" \/>\n<meta property=\"og:title\" content=\"DJI Mavic 3 Fly More Pack | ATyges \u00ae\" \/>\n<meta property=\"og:description\" content=\"DJI Mavic Mavic 3 Fly More Pack a melhor pre\u00e7o \u2b50 O novo DJI Drone \u2705 \u3010Distribuidores oficiais DJI\u3011 \u2705.\" \/>\n<meta property=\"og:url\" content=\"https:\/\/atyges.es\/pt\/product\/mavic-3-kit-vuela-mas-pack\/\" \/>\n<meta property=\"og:site_name\" content=\"ATyges\" \/>\n<meta property=\"article:modified_time\" content=\"2022-02-06T12:04:58+00:00\" \/>\n<meta property=\"og:image\" content=\"https:\/\/atyges.es\/wp-content\/uploads\/2021\/11\/Dji-Mavic3-trescuartos-800x600-2.jpg\" \/>\n\t<meta property=\"og:image:width\" content=\"800\" \/>\n\t<meta property=\"og:image:height\" content=\"800\" \/>\n\t<meta property=\"og:image:type\" content=\"image\/jpeg\" \/>\n<meta name=\"twitter:card\" content=\"summary_large_image\" \/>\n<meta name=\"twitter:label1\" content=\"Tempo estimado de leitura\" \/>\n\t<meta name=\"twitter:data1\" content=\"2 minutos\" \/>\n<script type=\"application\/ld+json\" class=\"yoast-schema-graph\">{\"@context\":\"https:\\\/\\\/schema.org\",\"@graph\":[{\"@type\":\"WebPage\",\"@id\":\"https:\\\/\\\/atyges.es\\\/pt\\\/product\\\/mavic-3-kit-vuela-mas-pack\\\/\",\"url\":\"https:\\\/\\\/atyges.es\\\/pt\\\/product\\\/mavic-3-kit-vuela-mas-pack\\\/\",\"name\":\"DJI Mavic 3 Fly More Pack | ATyges \u00ae\",\"isPartOf\":{\"@id\":\"https:\\\/\\\/atyges.es\\\/pt\\\/#website\"},\"primaryImageOfPage\":{\"@id\":\"https:\\\/\\\/atyges.es\\\/pt\\\/product\\\/mavic-3-kit-vuela-mas-pack\\\/#primaryimage\"},\"image\":{\"@id\":\"https:\\\/\\\/atyges.es\\\/pt\\\/product\\\/mavic-3-kit-vuela-mas-pack\\\/#primaryimage\"},\"thumbnailUrl\":\"https:\\\/\\\/atyges.es\\\/wp-content\\\/uploads\\\/2021\\\/11\\\/Dji-Mavic3-trescuartos-800x600-2.jpg\",\"datePublished\":\"2021-11-06T19:31:55+00:00\",\"dateModified\":\"2022-02-06T12:04:58+00:00\",\"description\":\"DJI Mavic Mavic 3 Fly More Pack a melhor pre\u00e7o \u2b50 O novo DJI Drone \u2705 \u3010Distribuidores oficiais DJI\u3011 \u2705.\",\"breadcrumb\":{\"@id\":\"https:\\\/\\\/atyges.es\\\/pt\\\/product\\\/mavic-3-kit-vuela-mas-pack\\\/#breadcrumb\"},\"inLanguage\":\"pt-PT\",\"potentialAction\":[{\"@type\":\"ReadAction\",\"target\":[\"https:\\\/\\\/atyges.es\\\/pt\\\/product\\\/mavic-3-kit-vuela-mas-pack\\\/\"]}]},{\"@type\":\"ImageObject\",\"inLanguage\":\"pt-PT\",\"@id\":\"https:\\\/\\\/atyges.es\\\/pt\\\/product\\\/mavic-3-kit-vuela-mas-pack\\\/#primaryimage\",\"url\":\"https:\\\/\\\/atyges.es\\\/wp-content\\\/uploads\\\/2021\\\/11\\\/Dji-Mavic3-trescuartos-800x600-2.jpg\",\"contentUrl\":\"https:\\\/\\\/atyges.es\\\/wp-content\\\/uploads\\\/2021\\\/11\\\/Dji-Mavic3-trescuartos-800x600-2.jpg\",\"width\":800,\"height\":800,\"caption\":\"Mavic 3 ATyges\"},{\"@type\":\"BreadcrumbList\",\"@id\":\"https:\\\/\\\/atyges.es\\\/pt\\\/product\\\/mavic-3-kit-vuela-mas-pack\\\/#breadcrumb\",\"itemListElement\":[{\"@type\":\"ListItem\",\"position\":1,\"name\":\"Portada\",\"item\":\"https:\\\/\\\/atyges.es\\\/pt\\\/\"},{\"@type\":\"ListItem\",\"position\":2,\"name\":\"Produtos\",\"item\":\"https:\\\/\\\/atyges.es\\\/pt\\\/shop\\\/\"},{\"@type\":\"ListItem\",\"position\":3,\"name\":\"DJI Mavic 3 Kit Vuela M\u00e1s Pack\"}]},{\"@type\":\"WebSite\",\"@id\":\"https:\\\/\\\/atyges.es\\\/pt\\\/#website\",\"url\":\"https:\\\/\\\/atyges.es\\\/pt\\\/\",\"name\":\"ATyges\",\"description\":\"\",\"publisher\":{\"@id\":\"https:\\\/\\\/atyges.es\\\/pt\\\/#organization\"},\"potentialAction\":[{\"@type\":\"SearchAction\",\"target\":{\"@type\":\"EntryPoint\",\"urlTemplate\":\"https:\\\/\\\/atyges.es\\\/pt\\\/?s={search_term_string}\"},\"query-input\":{\"@type\":\"PropertyValueSpecification\",\"valueRequired\":true,\"valueName\":\"search_term_string\"}}],\"inLanguage\":\"pt-PT\"},{\"@type\":\"Organization\",\"@id\":\"https:\\\/\\\/atyges.es\\\/pt\\\/#organization\",\"name\":\"Atyges\",\"url\":\"https:\\\/\\\/atyges.es\\\/pt\\\/\",\"logo\":{\"@type\":\"ImageObject\",\"inLanguage\":\"pt-PT\",\"@id\":\"https:\\\/\\\/atyges.es\\\/pt\\\/#\\\/schema\\\/logo\\\/image\\\/\",\"url\":\"https:\\\/\\\/atyges.es\\\/wp-content\\\/uploads\\\/2022\\\/01\\\/Logo_ATyges_Store.png\",\"contentUrl\":\"https:\\\/\\\/atyges.es\\\/wp-content\\\/uploads\\\/2022\\\/01\\\/Logo_ATyges_Store.png\",\"width\":1228,\"height\":200,\"caption\":\"Atyges\"},\"image\":{\"@id\":\"https:\\\/\\\/atyges.es\\\/pt\\\/#\\\/schema\\\/logo\\\/image\\\/\"}}]}<\/script>\n<!-- \/ Yoast SEO plugin. -->","yoast_head_json":{"title":"DJI Mavic 3 Fly More Pack | ATyges \u00ae","description":"DJI Mavic Mavic 3 Fly More Pack a melhor pre\u00e7o \u2b50 O novo DJI Drone \u2705 \u3010Distribuidores oficiais DJI\u3011 \u2705.","robots":{"index":"index","follow":"follow","max-snippet":"max-snippet:-1","max-image-preview":"max-image-preview:large","max-video-preview":"max-video-preview:-1"},"canonical":"https:\/\/atyges.es\/pt\/product\/mavic-3-kit-vuela-mas-pack\/","og_locale":"pt_PT","og_type":"article","og_title":"DJI Mavic 3 Fly More Pack | ATyges \u00ae","og_description":"DJI Mavic Mavic 3 Fly More Pack a melhor pre\u00e7o \u2b50 O novo DJI Drone \u2705 \u3010Distribuidores oficiais DJI\u3011 \u2705.","og_url":"https:\/\/atyges.es\/pt\/product\/mavic-3-kit-vuela-mas-pack\/","og_site_name":"ATyges","article_modified_time":"2022-02-06T12:04:58+00:00","og_image":[{"width":800,"height":800,"url":"https:\/\/atyges.es\/wp-content\/uploads\/2021\/11\/Dji-Mavic3-trescuartos-800x600-2.jpg","type":"image\/jpeg"}],"twitter_card":"summary_large_image","twitter_misc":{"Tempo estimado de leitura":"2 minutos"},"schema":{"@context":"https:\/\/schema.org","@graph":[{"@type":"WebPage","@id":"https:\/\/atyges.es\/pt\/product\/mavic-3-kit-vuela-mas-pack\/","url":"https:\/\/atyges.es\/pt\/product\/mavic-3-kit-vuela-mas-pack\/","name":"DJI Mavic 3 Fly More Pack | ATyges \u00ae","isPartOf":{"@id":"https:\/\/atyges.es\/pt\/#website"},"primaryImageOfPage":{"@id":"https:\/\/atyges.es\/pt\/product\/mavic-3-kit-vuela-mas-pack\/#primaryimage"},"image":{"@id":"https:\/\/atyges.es\/pt\/product\/mavic-3-kit-vuela-mas-pack\/#primaryimage"},"thumbnailUrl":"https:\/\/atyges.es\/wp-content\/uploads\/2021\/11\/Dji-Mavic3-trescuartos-800x600-2.jpg","datePublished":"2021-11-06T19:31:55+00:00","dateModified":"2022-02-06T12:04:58+00:00","description":"DJI Mavic Mavic 3 Fly More Pack a melhor pre\u00e7o \u2b50 O novo DJI Drone \u2705 \u3010Distribuidores oficiais DJI\u3011 \u2705.","breadcrumb":{"@id":"https:\/\/atyges.es\/pt\/product\/mavic-3-kit-vuela-mas-pack\/#breadcrumb"},"inLanguage":"pt-PT","potentialAction":[{"@type":"ReadAction","target":["https:\/\/atyges.es\/pt\/product\/mavic-3-kit-vuela-mas-pack\/"]}]},{"@type":"ImageObject","inLanguage":"pt-PT","@id":"https:\/\/atyges.es\/pt\/product\/mavic-3-kit-vuela-mas-pack\/#primaryimage","url":"https:\/\/atyges.es\/wp-content\/uploads\/2021\/11\/Dji-Mavic3-trescuartos-800x600-2.jpg","contentUrl":"https:\/\/atyges.es\/wp-content\/uploads\/2021\/11\/Dji-Mavic3-trescuartos-800x600-2.jpg","width":800,"height":800,"caption":"Mavic 3 ATyges"},{"@type":"BreadcrumbList","@id":"https:\/\/atyges.es\/pt\/product\/mavic-3-kit-vuela-mas-pack\/#breadcrumb","itemListElement":[{"@type":"ListItem","position":1,"name":"Portada","item":"https:\/\/atyges.es\/pt\/"},{"@type":"ListItem","position":2,"name":"Produtos","item":"https:\/\/atyges.es\/pt\/shop\/"},{"@type":"ListItem","position":3,"name":"DJI Mavic 3 Kit Vuela M\u00e1s Pack"}]},{"@type":"WebSite","@id":"https:\/\/atyges.es\/pt\/#website","url":"https:\/\/atyges.es\/pt\/","name":"ATyges","description":"","publisher":{"@id":"https:\/\/atyges.es\/pt\/#organization"},"potentialAction":[{"@type":"SearchAction","target":{"@type":"EntryPoint","urlTemplate":"https:\/\/atyges.es\/pt\/?s={search_term_string}"},"query-input":{"@type":"PropertyValueSpecification","valueRequired":true,"valueName":"search_term_string"}}],"inLanguage":"pt-PT"},{"@type":"Organization","@id":"https:\/\/atyges.es\/pt\/#organization","name":"Atyges","url":"https:\/\/atyges.es\/pt\/","logo":{"@type":"ImageObject","inLanguage":"pt-PT","@id":"https:\/\/atyges.es\/pt\/#\/schema\/logo\/image\/","url":"https:\/\/atyges.es\/wp-content\/uploads\/2022\/01\/Logo_ATyges_Store.png","contentUrl":"https:\/\/atyges.es\/wp-content\/uploads\/2022\/01\/Logo_ATyges_Store.png","width":1228,"height":200,"caption":"Atyges"},"image":{"@id":"https:\/\/atyges.es\/pt\/#\/schema\/logo\/image\/"}}]}},"jetpack_sharing_enabled":true,"_links":{"self":[{"href":"https:\/\/atyges.es\/pt\/wp-json\/wp\/v2\/product\/21239","targetHints":{"allow":["GET"]}}],"collection":[{"href":"https:\/\/atyges.es\/pt\/wp-json\/wp\/v2\/product"}],"about":[{"href":"https:\/\/atyges.es\/pt\/wp-json\/wp\/v2\/types\/product"}],"wp:featuredmedia":[{"embeddable":true,"href":"https:\/\/atyges.es\/pt\/wp-json\/wp\/v2\/media\/21206"}],"wp:attachment":[{"href":"https:\/\/atyges.es\/pt\/wp-json\/wp\/v2\/media?parent=21239"}],"wp:term":[{"taxonomy":"product_brand","embeddable":true,"href":"https:\/\/atyges.es\/pt\/wp-json\/wp\/v2\/product_brand?post=21239"},{"taxonomy":"product_cat","embeddable":true,"href":"https:\/\/atyges.es\/pt\/wp-json\/wp\/v2\/product_cat?post=21239"},{"taxonomy":"product_tag","embeddable":true,"href":"https:\/\/atyges.es\/pt\/wp-json\/wp\/v2\/product_tag?post=21239"}],"curies":[{"name":"wp","href":"https:\/\/api.w.org\/{rel}","templated":true}]}}