{"id":20552,"date":"2020-11-15T21:32:58","date_gmt":"2020-11-15T20:32:58","guid":{"rendered":"https:\/\/atyges.es\/product\/zenmuse-l1\/"},"modified":"2023-10-10T09:12:12","modified_gmt":"2023-10-10T08:12:12","slug":"zenmuse-l1","status":"publish","type":"product","link":"https:\/\/atyges.es\/pt\/product\/zenmuse-l1\/","title":{"rendered":"Zenmuse L1"},"content":{"rendered":"<h2>Solu\u00e7\u00e3o que integra LiDAR e c\u00e2mera RGB para drone DJI num s\u00f3 dispositivo<\/h2>\n<p>O Zenmuse L1 integra um m\u00f3dulo Lidar da casa do Livox, uma IMU de alta precis\u00e3o e uma c\u00e2mera com um sensor CMOS de 1 polegada em um gimbal estabilizado de 3 eixos.<\/p>\n<p>Quando usado com o Matrice 300 RTK e DJI Terra, o sensor Zenmuse L1 forma uma solu\u00e7\u00e3o completa que fornece dados 3D em tempo real 24 horas por dia, capturando com efici\u00eancia os detalhes de estruturas complexas e entregando modelos reconstru\u00eddos de alta precis\u00e3o.<\/p>\n<p>&nbsp;<\/p>\n<p style=\"text-align: center;\"><img loading=\"lazy\" decoding=\"async\" class=\"aligncenter wp-image-16305\" src=\"https:\/\/atyges.es\/wp-content\/uploads\/2020\/11\/display-150x150.png\" alt=\"\" width=\"100\" height=\"100\" srcset=\"https:\/\/atyges.es\/wp-content\/uploads\/2020\/11\/display-150x150.png 150w, https:\/\/atyges.es\/wp-content\/uploads\/2020\/11\/display-300x300.png 300w, https:\/\/atyges.es\/wp-content\/uploads\/2020\/11\/display-173x173.png 173w, https:\/\/atyges.es\/wp-content\/uploads\/2020\/11\/display.png 537w\" sizes=\"auto, (max-width: 100px) 100vw, 100px\" \/><\/p>\n<div class=\"h3_wrapper\">\n<h4 style=\"text-align: center;\">Solu\u00e7\u00e3o integral<\/h4>\n<\/div>\n<p style=\"text-align: center;\">Integra um m\u00f3dulo LiDAR, uma c\u00e2mera RGB e uma IMU de alta precis\u00e3o.<\/p>\n<p style=\"text-align: center;\"><img loading=\"lazy\" decoding=\"async\" class=\"aligncenter wp-image-16312\" src=\"https:\/\/atyges.es\/wp-content\/uploads\/2020\/11\/triangulo-1-300x300.png\" alt=\"\" width=\"100\" height=\"100\" srcset=\"https:\/\/atyges.es\/wp-content\/uploads\/2020\/11\/triangulo-1-300x300.png 300w, https:\/\/atyges.es\/wp-content\/uploads\/2020\/11\/triangulo-1-150x150.png 150w, https:\/\/atyges.es\/wp-content\/uploads\/2020\/11\/triangulo-1-173x173.png 173w, https:\/\/atyges.es\/wp-content\/uploads\/2020\/11\/triangulo-1.png 537w\" sizes=\"auto, (max-width: 100px) 100vw, 100px\" \/><\/p>\n<h4 style=\"text-align: center;\">Dist\u00e2ncia<\/h4>\n<p style=\"text-align: center;\">Cobre at\u00e9 2km quadrados num s\u00f3 voo.<\/p>\n<p style=\"text-align: center;\"><img loading=\"lazy\" decoding=\"async\" class=\"aligncenter wp-image-16307\" src=\"https:\/\/atyges.es\/wp-content\/uploads\/2020\/11\/esuadra-300x300.png\" alt=\"\" width=\"100\" height=\"100\" srcset=\"https:\/\/atyges.es\/wp-content\/uploads\/2020\/11\/esuadra-300x300.png 300w, https:\/\/atyges.es\/wp-content\/uploads\/2020\/11\/esuadra-150x150.png 150w, https:\/\/atyges.es\/wp-content\/uploads\/2020\/11\/esuadra-173x173.png 173w, https:\/\/atyges.es\/wp-content\/uploads\/2020\/11\/esuadra.png 537w\" sizes=\"auto, (max-width: 100px) 100vw, 100px\" \/><\/p>\n<div class=\"h3_wrapper\">\n<h4 style=\"text-align: center;\">Alta precis\u00e3o<\/h4>\n<\/div>\n<p style=\"text-align: center;\">Precis\u00e3o vertical: 5 cm \/ Precis\u00e3o horizontal: 10 cm [2].<\/p>\n<p style=\"text-align: center;\"><img loading=\"lazy\" decoding=\"async\" class=\"aligncenter wp-image-16310\" src=\"https:\/\/atyges.es\/wp-content\/uploads\/2020\/11\/lidar-dji-300x300.png\" alt=\"\" width=\"100\" height=\"100\" srcset=\"https:\/\/atyges.es\/wp-content\/uploads\/2020\/11\/lidar-dji-300x300.png 300w, https:\/\/atyges.es\/wp-content\/uploads\/2020\/11\/lidar-dji-150x150.png 150w, https:\/\/atyges.es\/wp-content\/uploads\/2020\/11\/lidar-dji-173x173.png 173w, https:\/\/atyges.es\/wp-content\/uploads\/2020\/11\/lidar-dji.png 537w\" sizes=\"auto, (max-width: 100px) 100vw, 100px\" \/><\/p>\n<h4 style=\"text-align: center;\">Capta\u00e7\u00e3o<\/h4>\n<p style=\"text-align: center;\">240,000 pontos por segundo.<\/p>\n<p style=\"text-align: center;\"><img loading=\"lazy\" decoding=\"async\" class=\"aligncenter wp-image-16308\" src=\"https:\/\/atyges.es\/wp-content\/uploads\/2020\/11\/hoja-300x300.png\" alt=\"\" width=\"100\" height=\"100\" srcset=\"https:\/\/atyges.es\/wp-content\/uploads\/2020\/11\/hoja-300x300.png 300w, https:\/\/atyges.es\/wp-content\/uploads\/2020\/11\/hoja-150x150.png 150w, https:\/\/atyges.es\/wp-content\/uploads\/2020\/11\/hoja-173x173.png 173w, https:\/\/atyges.es\/wp-content\/uploads\/2020\/11\/hoja.png 537w\" sizes=\"auto, (max-width: 100px) 100vw, 100px\" \/><\/p>\n<h4 style=\"text-align: center;\">Retorno<\/h4>\n<p style=\"text-align: center;\">Admite 3 pontos de retorno.<\/p>\n<p style=\"text-align: center;\"><img loading=\"lazy\" decoding=\"async\" class=\"aligncenter wp-image-16304\" src=\"https:\/\/atyges.es\/wp-content\/uploads\/2020\/11\/cuadro-300x300.png\" alt=\"\" width=\"100\" height=\"100\" srcset=\"https:\/\/atyges.es\/wp-content\/uploads\/2020\/11\/cuadro-300x300.png 300w, https:\/\/atyges.es\/wp-content\/uploads\/2020\/11\/cuadro-150x150.png 150w, https:\/\/atyges.es\/wp-content\/uploads\/2020\/11\/cuadro-173x173.png 173w, https:\/\/atyges.es\/wp-content\/uploads\/2020\/11\/cuadro.png 537w\" sizes=\"auto, (max-width: 100px) 100vw, 100px\" \/><\/p>\n<div class=\"h3_wrapper\">\n<h4 style=\"text-align: center;\">Faixa de detec\u00e7\u00e3o<\/h4>\n<\/div>\n<p style=\"text-align: center;\">450 m (80% de reflectividade, 0 klx).<\/p>\n<p style=\"text-align: center;\"><img loading=\"lazy\" decoding=\"async\" class=\"aligncenter wp-image-16309\" src=\"https:\/\/atyges.es\/wp-content\/uploads\/2020\/11\/ip-300x300.png\" alt=\"\" width=\"100\" height=\"100\" srcset=\"https:\/\/atyges.es\/wp-content\/uploads\/2020\/11\/ip-300x300.png 300w, https:\/\/atyges.es\/wp-content\/uploads\/2020\/11\/ip-150x150.png 150w, https:\/\/atyges.es\/wp-content\/uploads\/2020\/11\/ip-173x173.png 173w, https:\/\/atyges.es\/wp-content\/uploads\/2020\/11\/ip.png 537w\" sizes=\"auto, (max-width: 100px) 100vw, 100px\" \/><\/p>\n<h4 style=\"text-align: center;\">Certifica\u00e7\u00e3o<\/h4>\n<p style=\"text-align: center;\">N\u00edvel de protec\u00e7\u00e3o de entrada IP44.<\/p>\n<p style=\"text-align: center;\"><img loading=\"lazy\" decoding=\"async\" class=\"aligncenter wp-image-16311\" src=\"https:\/\/atyges.es\/wp-content\/uploads\/2020\/11\/square-300x300.png\" alt=\"\" width=\"100\" height=\"100\" srcset=\"https:\/\/atyges.es\/wp-content\/uploads\/2020\/11\/square-300x300.png 300w, https:\/\/atyges.es\/wp-content\/uploads\/2020\/11\/square-150x150.png 150w, https:\/\/atyges.es\/wp-content\/uploads\/2020\/11\/square-173x173.png 173w, https:\/\/atyges.es\/wp-content\/uploads\/2020\/11\/square.png 537w\" sizes=\"auto, (max-width: 100px) 100vw, 100px\" \/><\/p>\n<h4 style=\"text-align: center;\">LiveView<\/h4>\n<p style=\"text-align: center;\">Nuvem de pontos em 3D.<\/p>\n<h4>Digitalize com precis\u00e3o e efici\u00eancia<\/h4>\n<h5>Efici\u00eancia excepcional<\/h5>\n<p>Crie modelos de nuvens de pontos de cor verdadeira em tempo real ou adquira 2 km2 de dados de nuvens de pontos num s\u00f3 voo utilizando o m\u00f3dulo LiDAR de marco Livox com um campo de vis\u00e3o de 70\u00b0 e uma c\u00e2mera de luz vis\u00edvel com um sensor de 1 pulgada.<\/p>\n<p><img loading=\"lazy\" decoding=\"async\" class=\"aligncenter size-medium\" src=\"https:\/\/dji-official-fe.djicdn.com\/dps\/f367056d46f40fdec0d8955efd47f551.jpg\" width=\"780\" height=\"528\" \/><\/p>\n<h5>Precis\u00e3o incompar\u00e1vel<\/h5>\n<p>Realize reconstru\u00e7\u00f5es com precis\u00e3o de cent\u00edmetros gra\u00e7as \u00e0 IMU de alta precis\u00e3o, um sensor de vis\u00e3o para a precis\u00e3o do posicionamento e a incorpora\u00e7\u00e3o de dados GNSS.<\/p>\n<p><img loading=\"lazy\" decoding=\"async\" class=\"aligncenter size-medium\" src=\"https:\/\/dji-official-fe.djicdn.com\/dps\/00d9c6e6058d5ccb5500ff5dac9076ee.jpg\" width=\"780\" height=\"528\" \/><\/p>\n<h5>Apto quando precisar<\/h5>\n<p>A classifica\u00e7\u00e3o IP44 permite que o L1 funcione em ambientes chuvosos ou com neve. O m\u00e9todo de digitaliza\u00e7\u00e3o activo do m\u00f3dulo LiDAR permite voar de noite.<\/p>\n<p><img loading=\"lazy\" decoding=\"async\" class=\"aligncenter size-medium\" src=\"https:\/\/dji-official-fe.djicdn.com\/dps\/e97bb566a27284af6456f365f9f66e57.jpg\" width=\"780\" height=\"528\" \/><\/p>\n<h4>Visualize dados enquanto voa<\/h4>\n<p><img loading=\"lazy\" decoding=\"async\" class=\"aligncenter size-medium\" src=\"https:\/\/dji-official-fe.djicdn.com\/dps\/a083f93b173459b7a95cb59530a89d3e.jpg\" alt=\"\" width=\"1184\" height=\"1184\" \/><\/p>\n<p>M\u00f3dulo Livox Lidar<\/p>\n<ul>\n<li>Enquadre o LiDAR com 100% de resultados efectivos na nuvem de pontos.<\/li>\n<li>Faixa de detec\u00e7\u00e3o: 450 m (80% de reflectividade, 0 klx) \/ 190 m (10% de reflectividade, 100 klx).<\/li>\n<li>Taxa de pontos efectiva: 240.000 pts\/s.<\/li>\n<li>Admite 3 devolu\u00e7\u00f5es [3]<\/li>\n<li>Modo de digitaliza\u00e7\u00e3o em linha e modo de digitaliza\u00e7\u00e3o n\u00e3o repetitivo.<\/li>\n<\/ul>\n<h4>Tudo \u00e0 vista com c\u00e2mera RGB<\/h4>\n<p><img loading=\"lazy\" decoding=\"async\" class=\"aligncenter size-medium\" src=\"https:\/\/dji-official-fe.djicdn.com\/dps\/df9bcc396418f16dbe85cb2696386371.jpg\" width=\"1184\" height=\"1184\" \/><\/p>\n<ul>\n<li>20MP<\/li>\n<li>CMOS de 1 pulgada<\/li>\n<li>Obturador mec\u00e2nico<\/li>\n<\/ul>\n<h4><span class=\"VIiyi\" lang=\"pt\"><span class=\"JLqJ4b ChMk0b\" data-language-for-alternatives=\"pt\" data-language-to-translate-into=\"es\" data-phrase-index=\"2\">Detalhes precisos \u00e0 sua disposi\u00e7\u00e3o com IMU de alta precis\u00e3o<\/span><\/span><\/h4>\n<ul>\n<li><span class=\"VIiyi\" lang=\"pt\"><span class=\"JLqJ4b ChMk0b\" data-language-for-alternatives=\"pt\" data-language-to-translate-into=\"es\" data-phrase-index=\"0\">Precis\u00e3o: 0,025 \u00b0 (rota\u00e7\u00e3o \/ inclina\u00e7\u00e3o) \/ 0,08 \u00b0 (guinada)<\/span><\/span><\/li>\n<li><span class=\"VIiyi\" lang=\"pt\"><span class=\"JLqJ4b ChMk0b\" data-language-for-alternatives=\"pt\" data-language-to-translate-into=\"es\" data-phrase-index=\"0\">Sensor de vis\u00e3o para precis\u00e3o de posicionamento<\/span><\/span><\/li>\n<li><span class=\"VIiyi\" lang=\"pt\"><span class=\"JLqJ4b ChMk0b\" data-language-for-alternatives=\"pt\" data-language-to-translate-into=\"es\" data-phrase-index=\"4\">GNSS, IMU, fus\u00e3o de dados RGB<\/span><\/span><\/li>\n<\/ul>\n\n\n<div class=\"kk-star-ratings kksr-auto kksr-align-center kksr-valign-bottom\"\n    data-payload='{&quot;align&quot;:&quot;center&quot;,&quot;id&quot;:&quot;20552&quot;,&quot;slug&quot;:&quot;default&quot;,&quot;valign&quot;:&quot;bottom&quot;,&quot;ignore&quot;:&quot;&quot;,&quot;reference&quot;:&quot;auto&quot;,&quot;class&quot;:&quot;&quot;,&quot;count&quot;:&quot;0&quot;,&quot;legendonly&quot;:&quot;&quot;,&quot;readonly&quot;:&quot;&quot;,&quot;score&quot;:&quot;0&quot;,&quot;starsonly&quot;:&quot;&quot;,&quot;best&quot;:&quot;5&quot;,&quot;gap&quot;:&quot;5&quot;,&quot;greet&quot;:&quot;Val\u00f3ranos&quot;,&quot;legend&quot;:&quot;0\\\/5 - (0 votes)&quot;,&quot;size&quot;:&quot;24&quot;,&quot;title&quot;:&quot;Zenmuse L1&quot;,&quot;width&quot;:&quot;0&quot;,&quot;_legend&quot;:&quot;{score}\\\/{best} - ({count} {votes})&quot;,&quot;font_factor&quot;:&quot;1.25&quot;}'>\n            \n<div class=\"kksr-stars\">\n    \n<div class=\"kksr-stars-inactive\">\n            <div class=\"kksr-star\" data-star=\"1\" style=\"padding-right: 5px\">\n            \n\n<div class=\"kksr-icon\" style=\"width: 24px; height: 24px;\"><\/div>\n        <\/div>\n            <div class=\"kksr-star\" data-star=\"2\" style=\"padding-right: 5px\">\n            \n\n<div class=\"kksr-icon\" style=\"width: 24px; height: 24px;\"><\/div>\n        <\/div>\n            <div class=\"kksr-star\" data-star=\"3\" style=\"padding-right: 5px\">\n            \n\n<div class=\"kksr-icon\" style=\"width: 24px; height: 24px;\"><\/div>\n        <\/div>\n            <div class=\"kksr-star\" data-star=\"4\" style=\"padding-right: 5px\">\n            \n\n<div class=\"kksr-icon\" style=\"width: 24px; height: 24px;\"><\/div>\n        <\/div>\n            <div class=\"kksr-star\" data-star=\"5\" style=\"padding-right: 5px\">\n            \n\n<div class=\"kksr-icon\" style=\"width: 24px; height: 24px;\"><\/div>\n        <\/div>\n    <\/div>\n    \n<div class=\"kksr-stars-active\" style=\"width: 0px;\">\n            <div class=\"kksr-star\" style=\"padding-right: 5px\">\n            \n\n<div class=\"kksr-icon\" style=\"width: 24px; height: 24px;\"><\/div>\n        <\/div>\n            <div class=\"kksr-star\" style=\"padding-right: 5px\">\n            \n\n<div class=\"kksr-icon\" style=\"width: 24px; height: 24px;\"><\/div>\n        <\/div>\n            <div class=\"kksr-star\" style=\"padding-right: 5px\">\n            \n\n<div class=\"kksr-icon\" style=\"width: 24px; height: 24px;\"><\/div>\n        <\/div>\n            <div class=\"kksr-star\" style=\"padding-right: 5px\">\n            \n\n<div class=\"kksr-icon\" style=\"width: 24px; height: 24px;\"><\/div>\n        <\/div>\n            <div class=\"kksr-star\" style=\"padding-right: 5px\">\n            \n\n<div class=\"kksr-icon\" style=\"width: 24px; height: 24px;\"><\/div>\n        <\/div>\n    <\/div>\n<\/div>\n                \n\n<div class=\"kksr-legend\" style=\"font-size: 19.2px;\">\n            <span class=\"kksr-muted\">Val\u00f3ranos<\/span>\n    <\/div>\n    <\/div>\n","protected":false},"excerpt":{"rendered":"<p>&nbsp;<\/p>\n<p style=\"text-align: center;\"><a class=\"button\" href=\"https:\/\/atyges.es\/pt\/formulario-matrice-300-rtk-dji-enterprise\/\" rel=\"noopener noreferrer\"><span class=\"VIiyi\" lang=\"pt\"><span class=\"JLqJ4b ChMk0b\" data-language-for-alternatives=\"pt\" data-language-to-translate-into=\"es\" data-phrase-index=\"0\">Verifique a disponibilidade e solicite um or\u00e7amento atrav\u00e9s deste formul\u00e1rio e n\u00f3s lhe enviaremos uma oferta personalizada<\/span><\/span><\/a><\/p>\n<p style=\"text-align: center;\"><strong>\u00a1<span class=\"VIiyi\" lang=\"pt\"><span class=\"JLqJ4b ChMk0b\" data-language-for-alternatives=\"pt\" data-language-to-translate-into=\"es\" data-phrase-index=\"0\">Melhoramos o seu or\u00e7amento: n\u00e3o hesite em nos contactar!<\/span><\/span><\/strong><\/p>\n<h1>LiDAR para drone DJI Zenmuse L1<\/h1>\n<h3>Solu\u00e7\u00e3o que integra LiDAR e c\u00e2mera RGB para drone DJI num s\u00f3 dispositivo<\/h3>\n<p>O Zenmuse L1 integra um m\u00f3dulo Livox LiDAR, uma IMU de alta precis\u00e3o e uma c\u00e2mera com um CMOS de 1 pulgada num gimbal estabilizado de 3 eixos. Quando utilizado com o <a href=\"https:\/\/atyges.es\/pt\/product\/dji-matrice-300-rtk\/\" target=\"_blank\" rel=\"noopener\">Matrice 300 RTK<\/a> e DJI Terra, L1 forma uma solu\u00e7\u00e3o completa que oferece dados 3D em tempo real durante todo o dia, capturando de forma eficiente os detalhes de estruturas complexas e entregando modelos reconstruidos de alta precis\u00e3o.<\/p>\n","protected":false},"featured_media":16313,"template":"","meta":[],"product_brand":[],"product_cat":[1287,1234,1657],"product_tag":[1295],"class_list":{"0":"post-20552","1":"product","2":"type-product","3":"status-publish","4":"has-post-thumbnail","6":"product_cat-drones-para-levantamento","7":"product_cat-matrice-300-rtk-pt","8":"product_cat-lidar-pt","9":"product_tag-zenmuse-h20t-pt","10":"product_shipping_class-envio-gratuito-es-pt","12":"first","13":"outofstock","14":"sale","15":"taxable","16":"shipping-taxable","17":"purchasable","18":"product-type-simple"},"yoast_head":"<!-- This site is optimized with the Yoast SEO plugin v27.4 - https:\/\/yoast.com\/product\/yoast-seo-wordpress\/ -->\n<title>Zenmuse L1 | LIDAR para Matrice 300 RTK | ATyges \u00ae<\/title>\n<meta name=\"description\" content=\"DJI Zenmuse L1 para Matrice 300 RTK. \u2b50 ATyges, Especialistas en Drones. \u2705\u3010Distribuidores Oficiales de DJI\u3011\u2705.\" \/>\n<meta name=\"robots\" content=\"index, follow, max-snippet:-1, max-image-preview:large, max-video-preview:-1\" \/>\n<link rel=\"canonical\" href=\"https:\/\/atyges.es\/pt\/product\/zenmuse-l1\/\" \/>\n<meta property=\"og:locale\" content=\"pt_PT\" \/>\n<meta property=\"og:type\" content=\"article\" \/>\n<meta property=\"og:title\" content=\"Zenmuse L1 | LIDAR para Matrice 300 RTK | ATyges \u00ae\" \/>\n<meta property=\"og:description\" content=\"DJI Zenmuse L1 para Matrice 300 RTK. \u2b50 ATyges, Especialistas en Drones. \u2705\u3010Distribuidores Oficiales de DJI\u3011\u2705.\" \/>\n<meta property=\"og:url\" content=\"https:\/\/atyges.es\/pt\/product\/zenmuse-l1\/\" \/>\n<meta property=\"og:site_name\" content=\"ATyges\" \/>\n<meta property=\"article:modified_time\" content=\"2023-10-10T08:12:12+00:00\" \/>\n<meta property=\"og:image\" content=\"https:\/\/atyges.es\/wp-content\/uploads\/2020\/11\/zenmuse-l1-dji.jpg\" \/>\n\t<meta property=\"og:image:width\" content=\"300\" \/>\n\t<meta property=\"og:image:height\" content=\"300\" \/>\n\t<meta property=\"og:image:type\" content=\"image\/jpeg\" \/>\n<meta name=\"twitter:card\" content=\"summary_large_image\" \/>\n<meta name=\"twitter:label1\" content=\"Tempo estimado de leitura\" \/>\n\t<meta name=\"twitter:data1\" content=\"5 minutos\" \/>\n<script type=\"application\/ld+json\" class=\"yoast-schema-graph\">{\"@context\":\"https:\\\/\\\/schema.org\",\"@graph\":[{\"@type\":\"WebPage\",\"@id\":\"https:\\\/\\\/atyges.es\\\/pt\\\/product\\\/zenmuse-l1\\\/\",\"url\":\"https:\\\/\\\/atyges.es\\\/pt\\\/product\\\/zenmuse-l1\\\/\",\"name\":\"Zenmuse L1 | LIDAR para Matrice 300 RTK | ATyges \u00ae\",\"isPartOf\":{\"@id\":\"https:\\\/\\\/atyges.es\\\/pt\\\/#website\"},\"primaryImageOfPage\":{\"@id\":\"https:\\\/\\\/atyges.es\\\/pt\\\/product\\\/zenmuse-l1\\\/#primaryimage\"},\"image\":{\"@id\":\"https:\\\/\\\/atyges.es\\\/pt\\\/product\\\/zenmuse-l1\\\/#primaryimage\"},\"thumbnailUrl\":\"https:\\\/\\\/atyges.es\\\/wp-content\\\/uploads\\\/2020\\\/11\\\/zenmuse-l1-dji.jpg\",\"datePublished\":\"2020-11-15T20:32:58+00:00\",\"dateModified\":\"2023-10-10T08:12:12+00:00\",\"description\":\"DJI Zenmuse L1 para Matrice 300 RTK. \u2b50 ATyges, Especialistas en Drones. \u2705\u3010Distribuidores Oficiales de DJI\u3011\u2705.\",\"breadcrumb\":{\"@id\":\"https:\\\/\\\/atyges.es\\\/pt\\\/product\\\/zenmuse-l1\\\/#breadcrumb\"},\"inLanguage\":\"pt-PT\",\"potentialAction\":[{\"@type\":\"ReadAction\",\"target\":[\"https:\\\/\\\/atyges.es\\\/pt\\\/product\\\/zenmuse-l1\\\/\"]}]},{\"@type\":\"ImageObject\",\"inLanguage\":\"pt-PT\",\"@id\":\"https:\\\/\\\/atyges.es\\\/pt\\\/product\\\/zenmuse-l1\\\/#primaryimage\",\"url\":\"https:\\\/\\\/atyges.es\\\/wp-content\\\/uploads\\\/2020\\\/11\\\/zenmuse-l1-dji.jpg\",\"contentUrl\":\"https:\\\/\\\/atyges.es\\\/wp-content\\\/uploads\\\/2020\\\/11\\\/zenmuse-l1-dji.jpg\",\"width\":300,\"height\":300,\"caption\":\"zenmuse-l1-\"},{\"@type\":\"BreadcrumbList\",\"@id\":\"https:\\\/\\\/atyges.es\\\/pt\\\/product\\\/zenmuse-l1\\\/#breadcrumb\",\"itemListElement\":[{\"@type\":\"ListItem\",\"position\":1,\"name\":\"Portada\",\"item\":\"https:\\\/\\\/atyges.es\\\/pt\\\/\"},{\"@type\":\"ListItem\",\"position\":2,\"name\":\"Produtos\",\"item\":\"https:\\\/\\\/atyges.es\\\/pt\\\/shop\\\/\"},{\"@type\":\"ListItem\",\"position\":3,\"name\":\"Zenmuse L1\"}]},{\"@type\":\"WebSite\",\"@id\":\"https:\\\/\\\/atyges.es\\\/pt\\\/#website\",\"url\":\"https:\\\/\\\/atyges.es\\\/pt\\\/\",\"name\":\"ATyges\",\"description\":\"\",\"publisher\":{\"@id\":\"https:\\\/\\\/atyges.es\\\/pt\\\/#organization\"},\"potentialAction\":[{\"@type\":\"SearchAction\",\"target\":{\"@type\":\"EntryPoint\",\"urlTemplate\":\"https:\\\/\\\/atyges.es\\\/pt\\\/?s={search_term_string}\"},\"query-input\":{\"@type\":\"PropertyValueSpecification\",\"valueRequired\":true,\"valueName\":\"search_term_string\"}}],\"inLanguage\":\"pt-PT\"},{\"@type\":\"Organization\",\"@id\":\"https:\\\/\\\/atyges.es\\\/pt\\\/#organization\",\"name\":\"Atyges\",\"url\":\"https:\\\/\\\/atyges.es\\\/pt\\\/\",\"logo\":{\"@type\":\"ImageObject\",\"inLanguage\":\"pt-PT\",\"@id\":\"https:\\\/\\\/atyges.es\\\/pt\\\/#\\\/schema\\\/logo\\\/image\\\/\",\"url\":\"https:\\\/\\\/atyges.es\\\/wp-content\\\/uploads\\\/2022\\\/01\\\/Logo_ATyges_Store.png\",\"contentUrl\":\"https:\\\/\\\/atyges.es\\\/wp-content\\\/uploads\\\/2022\\\/01\\\/Logo_ATyges_Store.png\",\"width\":1228,\"height\":200,\"caption\":\"Atyges\"},\"image\":{\"@id\":\"https:\\\/\\\/atyges.es\\\/pt\\\/#\\\/schema\\\/logo\\\/image\\\/\"}}]}<\/script>\n<!-- \/ Yoast SEO plugin. -->","yoast_head_json":{"title":"Zenmuse L1 | LIDAR para Matrice 300 RTK | ATyges \u00ae","description":"DJI Zenmuse L1 para Matrice 300 RTK. \u2b50 ATyges, Especialistas en Drones. \u2705\u3010Distribuidores Oficiales de DJI\u3011\u2705.","robots":{"index":"index","follow":"follow","max-snippet":"max-snippet:-1","max-image-preview":"max-image-preview:large","max-video-preview":"max-video-preview:-1"},"canonical":"https:\/\/atyges.es\/pt\/product\/zenmuse-l1\/","og_locale":"pt_PT","og_type":"article","og_title":"Zenmuse L1 | LIDAR para Matrice 300 RTK | ATyges \u00ae","og_description":"DJI Zenmuse L1 para Matrice 300 RTK. \u2b50 ATyges, Especialistas en Drones. \u2705\u3010Distribuidores Oficiales de DJI\u3011\u2705.","og_url":"https:\/\/atyges.es\/pt\/product\/zenmuse-l1\/","og_site_name":"ATyges","article_modified_time":"2023-10-10T08:12:12+00:00","og_image":[{"width":300,"height":300,"url":"https:\/\/atyges.es\/wp-content\/uploads\/2020\/11\/zenmuse-l1-dji.jpg","type":"image\/jpeg"}],"twitter_card":"summary_large_image","twitter_misc":{"Tempo estimado de leitura":"5 minutos"},"schema":{"@context":"https:\/\/schema.org","@graph":[{"@type":"WebPage","@id":"https:\/\/atyges.es\/pt\/product\/zenmuse-l1\/","url":"https:\/\/atyges.es\/pt\/product\/zenmuse-l1\/","name":"Zenmuse L1 | LIDAR para Matrice 300 RTK | ATyges \u00ae","isPartOf":{"@id":"https:\/\/atyges.es\/pt\/#website"},"primaryImageOfPage":{"@id":"https:\/\/atyges.es\/pt\/product\/zenmuse-l1\/#primaryimage"},"image":{"@id":"https:\/\/atyges.es\/pt\/product\/zenmuse-l1\/#primaryimage"},"thumbnailUrl":"https:\/\/atyges.es\/wp-content\/uploads\/2020\/11\/zenmuse-l1-dji.jpg","datePublished":"2020-11-15T20:32:58+00:00","dateModified":"2023-10-10T08:12:12+00:00","description":"DJI Zenmuse L1 para Matrice 300 RTK. \u2b50 ATyges, Especialistas en Drones. \u2705\u3010Distribuidores Oficiales de DJI\u3011\u2705.","breadcrumb":{"@id":"https:\/\/atyges.es\/pt\/product\/zenmuse-l1\/#breadcrumb"},"inLanguage":"pt-PT","potentialAction":[{"@type":"ReadAction","target":["https:\/\/atyges.es\/pt\/product\/zenmuse-l1\/"]}]},{"@type":"ImageObject","inLanguage":"pt-PT","@id":"https:\/\/atyges.es\/pt\/product\/zenmuse-l1\/#primaryimage","url":"https:\/\/atyges.es\/wp-content\/uploads\/2020\/11\/zenmuse-l1-dji.jpg","contentUrl":"https:\/\/atyges.es\/wp-content\/uploads\/2020\/11\/zenmuse-l1-dji.jpg","width":300,"height":300,"caption":"zenmuse-l1-"},{"@type":"BreadcrumbList","@id":"https:\/\/atyges.es\/pt\/product\/zenmuse-l1\/#breadcrumb","itemListElement":[{"@type":"ListItem","position":1,"name":"Portada","item":"https:\/\/atyges.es\/pt\/"},{"@type":"ListItem","position":2,"name":"Produtos","item":"https:\/\/atyges.es\/pt\/shop\/"},{"@type":"ListItem","position":3,"name":"Zenmuse L1"}]},{"@type":"WebSite","@id":"https:\/\/atyges.es\/pt\/#website","url":"https:\/\/atyges.es\/pt\/","name":"ATyges","description":"","publisher":{"@id":"https:\/\/atyges.es\/pt\/#organization"},"potentialAction":[{"@type":"SearchAction","target":{"@type":"EntryPoint","urlTemplate":"https:\/\/atyges.es\/pt\/?s={search_term_string}"},"query-input":{"@type":"PropertyValueSpecification","valueRequired":true,"valueName":"search_term_string"}}],"inLanguage":"pt-PT"},{"@type":"Organization","@id":"https:\/\/atyges.es\/pt\/#organization","name":"Atyges","url":"https:\/\/atyges.es\/pt\/","logo":{"@type":"ImageObject","inLanguage":"pt-PT","@id":"https:\/\/atyges.es\/pt\/#\/schema\/logo\/image\/","url":"https:\/\/atyges.es\/wp-content\/uploads\/2022\/01\/Logo_ATyges_Store.png","contentUrl":"https:\/\/atyges.es\/wp-content\/uploads\/2022\/01\/Logo_ATyges_Store.png","width":1228,"height":200,"caption":"Atyges"},"image":{"@id":"https:\/\/atyges.es\/pt\/#\/schema\/logo\/image\/"}}]}},"jetpack_sharing_enabled":true,"_links":{"self":[{"href":"https:\/\/atyges.es\/pt\/wp-json\/wp\/v2\/product\/20552","targetHints":{"allow":["GET"]}}],"collection":[{"href":"https:\/\/atyges.es\/pt\/wp-json\/wp\/v2\/product"}],"about":[{"href":"https:\/\/atyges.es\/pt\/wp-json\/wp\/v2\/types\/product"}],"wp:featuredmedia":[{"embeddable":true,"href":"https:\/\/atyges.es\/pt\/wp-json\/wp\/v2\/media\/16313"}],"wp:attachment":[{"href":"https:\/\/atyges.es\/pt\/wp-json\/wp\/v2\/media?parent=20552"}],"wp:term":[{"taxonomy":"product_brand","embeddable":true,"href":"https:\/\/atyges.es\/pt\/wp-json\/wp\/v2\/product_brand?post=20552"},{"taxonomy":"product_cat","embeddable":true,"href":"https:\/\/atyges.es\/pt\/wp-json\/wp\/v2\/product_cat?post=20552"},{"taxonomy":"product_tag","embeddable":true,"href":"https:\/\/atyges.es\/pt\/wp-json\/wp\/v2\/product_tag?post=20552"}],"curies":[{"name":"wp","href":"https:\/\/api.w.org\/{rel}","templated":true}]}}