{"id":20548,"date":"2020-11-15T22:46:30","date_gmt":"2020-11-15T21:46:30","guid":{"rendered":"https:\/\/atyges.es\/product\/zenmuse-p1\/"},"modified":"2023-05-18T21:27:35","modified_gmt":"2023-05-18T20:27:35","slug":"zenmuse-p1","status":"publish","type":"product","link":"https:\/\/atyges.es\/pt\/product\/zenmuse-p1\/","title":{"rendered":"Zenmuse P1"},"content":{"rendered":"<h3>A ferramenta mais avan\u00e7ada da DJI para fotogrametria a\u00e9rea<\/h3>\n<h4>Efici\u00eancia extraordin\u00e1ria<\/h4>\n<p>O Zenmuse P1 possui um sensor de alta sensibilidade, full-frame e baixo ru\u00eddo que pode tirar uma foto a cada 0,7 s durante o v\u00f4o e cobrir 3 km2 em um \u00fanico v\u00f4o.<\/p>\n<p><img loading=\"lazy\" decoding=\"async\" class=\"aligncenter size-medium\" src=\"https:\/\/dji-official-fe.djicdn.com\/dps\/0ac0998a1b0fefaa79ba7989f3d506f8.jpg\" width=\"780\" height=\"528\" \/><\/p>\n<h4>Precis\u00e3o not\u00e1vel<\/h4>\n<p>Equipado com um obturador global mec\u00e2nico e o novo sistema TimeSync 2.0, que sincroniza o tempo entre os m\u00f3dulos ao n\u00edvel de microssegundos, o Zenmuse P1 permite aos usu\u00e1rios capturar dados com precis\u00e3o de cent\u00edmetros combinados com orienta\u00e7\u00e3o em tempo real e tecnologia de compensa\u00e7\u00e3o de posi\u00e7\u00e3o.<\/p>\n<p><img loading=\"lazy\" decoding=\"async\" class=\"aligncenter size-medium\" src=\"https:\/\/dji-official-fe.djicdn.com\/dps\/9f140d2aab109d3b97beaae8e188c3d4.jpg\" width=\"780\" height=\"528\" \/><\/p>\n<h4>Versatilidade robusta<\/h4>\n<p>Crie modelos 2D, 3D e detalhados gra\u00e7as ao cardan de 3 eixos integrado que pode ser equipado com lentes 24\/35 \/ 50mm e a fun\u00e7\u00e3o de captura obl\u00edqua inteligente.<\/p>\n<p><img loading=\"lazy\" decoding=\"async\" class=\"aligncenter size-medium\" src=\"https:\/\/dji-official-fe.djicdn.com\/dps\/cb700542574fa84b76c8f4e259a51aa2.jpg\" width=\"780\" height=\"528\" \/><\/p>\n<h3>EFICI\u00caNCIA PARA COBRIR TUDO<\/h3>\n<h4>C\u00e2mera full frame<\/h4>\n<ul>\n<li>Sensor full-frame de 45 MP<\/li>\n<li>Tamanho do pixel de 4,4 \u03bcm<\/li>\n<li>Imagens de alta sensibilidade e baixo ru\u00eddo que aumentam o tempo de atividade di\u00e1rio<\/li>\n<li>Tire uma foto a cada 0,7 s durante o voo<\/li>\n<li>TimeSync 2.0 alinha c\u00e2mera, controlador de v\u00f4o, m\u00f3dulo RTK e gimbal no n\u00edvel de microssegundo<\/li>\n<\/ul>\n<p><img loading=\"lazy\" decoding=\"async\" class=\"aligncenter size-medium\" src=\"https:\/\/dji-official-fe.djicdn.com\/dps\/fef76936fd00a2e4a5a10b79994f4d1a.png\" width=\"1184\" height=\"1184\" \/><\/p>\n<h4>Objetivos diferentes<\/h4>\n<ul>\n<li>Velocidade do obturador 1\/2000 segundos<\/li>\n<li>Envia o pulso de exposi\u00e7\u00e3o mediana em microssegundos<\/li>\n<li>Suporta lentes 24\/35 \/ 50mm com montagens DJI DL<\/li>\n<\/ul>\n<h4>Captura obl\u00edqua inteligente<\/h4>\n<p>Cubra 7,5 km2 em um \u00fanico dia de trabalho com o Zenmuse P1. Aumente a efici\u00eancia de sua miss\u00e3o de fotografia obl\u00edqua com Smart Oblique Capture, onde o card\u00e1pio gira automaticamente para tirar fotos nos diferentes \u00e2ngulos necess\u00e1rios. Apenas fotos essenciais para reconstru\u00e7\u00e3o ser\u00e3o tiradas na borda da \u00e1rea de v\u00f4o, aumentando a efici\u00eancia de p\u00f3s-processamento em 20-50%.<\/p>\n<div style=\"width: 640px;\" class=\"wp-video\"><video class=\"wp-video-shortcode\" id=\"video-20548-1\" width=\"640\" height=\"360\" preload=\"metadata\" controls=\"controls\"><source type=\"video\/mp4\" src=\"https:\/\/dji-official-fe.djicdn.com\/reactor\/assets\/_next\/static\/videos\/78e2c816-2a51-4ec4-9f3d-02a607cff3a9.mp4?_=1\" \/><a href=\"https:\/\/dji-official-fe.djicdn.com\/reactor\/assets\/_next\/static\/videos\/78e2c816-2a51-4ec4-9f3d-02a607cff3a9.mp4\">https:\/\/dji-official-fe.djicdn.com\/reactor\/assets\/_next\/static\/videos\/78e2c816-2a51-4ec4-9f3d-02a607cff3a9.mp4<\/a><\/video><\/div>\n<h4>Gerenciamento inteligente de dados<\/h4>\n<ul>\n<li>Gerenciando seus dados de miss\u00e3o &#8211; simplificado.<\/li>\n<li>Os arquivos de resultados da miss\u00e3o s\u00e3o automaticamente associados ao nome da miss\u00e3o e ao tempo da miss\u00e3o.<\/li>\n<li>Um local de armazenamento centralizado para fotos, dados GNSS e arquivos TimeStamps.MRK.<\/li>\n<li>Os metadados da imagem cont\u00eam par\u00e2metros intr\u00ednsecos e extr\u00ednsecos da c\u00e2mera e status RTK.<\/li>\n<\/ul>\n<h4>Relat\u00f3rio de trabalho de campo<\/h4>\n<p>Verifique a qualidade dos dados imediatamente ap\u00f3s o voo, verificando os dados de posi\u00e7\u00e3o e o n\u00famero de imagens adquiridas, bem como o status do RTK e a precis\u00e3o do posicionamento.<\/p>\n<p><img loading=\"lazy\" decoding=\"async\" class=\"aligncenter size-medium\" src=\"https:\/\/dji-official-fe.djicdn.com\/dps\/7bd970b427920ef51881ecfdcacaa3d1.jpg\" width=\"1184\" height=\"784\" \/><\/p>\n<h3>UM MODO DE MISS\u00c3O PARA QUALQUER CEN\u00c1RIO<\/h3>\n<h5>Miss\u00e3o Ortomosaica 2D<\/h5>\n<p>Gere ortomosaicos sem GCP usando o P1, perfeito para opera\u00e7\u00f5es em \u00e1reas m\u00e9dias a grandes..<\/p>\n<div style=\"width: 640px;\" class=\"wp-video\"><video class=\"wp-video-shortcode\" id=\"video-20548-2\" width=\"640\" height=\"360\" preload=\"metadata\" controls=\"controls\"><source type=\"video\/mp4\" src=\"https:\/\/dji-official-fe.djicdn.com\/reactor\/assets\/_next\/static\/videos\/4820e671-e1f8-4434-8e46-067b92863a62.mp4?_=2\" \/><a href=\"https:\/\/dji-official-fe.djicdn.com\/reactor\/assets\/_next\/static\/videos\/4820e671-e1f8-4434-8e46-067b92863a62.mp4\">https:\/\/dji-official-fe.djicdn.com\/reactor\/assets\/_next\/static\/videos\/4820e671-e1f8-4434-8e46-067b92863a62.mp4<\/a><\/video><\/div>\n<h5>Oblique Mission 3D<\/h5>\n<p>Adquira facilmente imagens obl\u00edquas de v\u00e1rios \u00e2ngulos que atendam aos requisitos de modelagem 3D em setores como planejamento urbano e levantamentos cadastrais precisos em n\u00edvel de cent\u00edmetro para servir a modelos de realidade 3D e planejamento urbano inteligente.<\/p>\n<div style=\"width: 640px;\" class=\"wp-video\"><video class=\"wp-video-shortcode\" id=\"video-20548-3\" width=\"640\" height=\"360\" preload=\"metadata\" controls=\"controls\"><source type=\"video\/mp4\" src=\"https:\/\/dji-official-fe.djicdn.com\/reactor\/assets\/_next\/static\/videos\/fa6ce83c-9aea-4a4c-b37a-3bea887a9b18.mp4?_=3\" \/><a href=\"https:\/\/dji-official-fe.djicdn.com\/reactor\/assets\/_next\/static\/videos\/fa6ce83c-9aea-4a4c-b37a-3bea887a9b18.mp4\">https:\/\/dji-official-fe.djicdn.com\/reactor\/assets\/_next\/static\/videos\/fa6ce83c-9aea-4a4c-b37a-3bea887a9b18.mp4<\/a><\/video><\/div>\n<h5>Miss\u00e3o de modelagem detalhada<\/h5>\n<p>Adquira dados de imagem de alt\u00edssima resolu\u00e7\u00e3o de superf\u00edcies verticais ou inclinadas de uma dist\u00e2ncia segura que recria fielmente texturas, estruturas e recursos finos, para reconstru\u00e7\u00f5es detalhadas, levantamentos geol\u00f3gicos, preserva\u00e7\u00e3o de patrim\u00f4nio, engenharia hidr\u00e1ulica e muito mais.<\/p>\n<div style=\"width: 640px;\" class=\"wp-video\"><video class=\"wp-video-shortcode\" id=\"video-20548-4\" width=\"640\" height=\"360\" preload=\"metadata\" controls=\"controls\"><source type=\"video\/mp4\" src=\"https:\/\/dji-official-fe.djicdn.com\/reactor\/assets\/_next\/static\/videos\/4c010aa8-2225-4a62-831c-c1021be1cd90.mp4?_=4\" \/><a href=\"https:\/\/dji-official-fe.djicdn.com\/reactor\/assets\/_next\/static\/videos\/4c010aa8-2225-4a62-831c-c1021be1cd90.mp4\">https:\/\/dji-official-fe.djicdn.com\/reactor\/assets\/_next\/static\/videos\/4c010aa8-2225-4a62-831c-c1021be1cd90.mp4<\/a><\/video><\/div>\n<h5>Miss\u00e3o de mapeamento em tempo real<\/h5>\n<p>Colete informa\u00e7\u00f5es geogr\u00e1ficas de grandes \u00e1reas em tempo real usando DJI Terra para que as equipes possam tomar decis\u00f5es cruciais no local rapidamente.<\/p>\n<div style=\"width: 640px;\" class=\"wp-video\"><video class=\"wp-video-shortcode\" id=\"video-20548-5\" width=\"640\" height=\"360\" preload=\"metadata\" controls=\"controls\"><source type=\"video\/mp4\" src=\"https:\/\/dji-official-fe.djicdn.com\/reactor\/assets\/_next\/static\/videos\/1787ce22-8c3c-4e1b-aabe-0db8492d4eed.mp4?_=5\" \/><a href=\"https:\/\/dji-official-fe.djicdn.com\/reactor\/assets\/_next\/static\/videos\/1787ce22-8c3c-4e1b-aabe-0db8492d4eed.mp4\">https:\/\/dji-official-fe.djicdn.com\/reactor\/assets\/_next\/static\/videos\/1787ce22-8c3c-4e1b-aabe-0db8492d4eed.mp4<\/a><\/video><\/div>\n\n\n<div class=\"kk-star-ratings kksr-auto kksr-align-center kksr-valign-bottom\"\n    data-payload='{&quot;align&quot;:&quot;center&quot;,&quot;id&quot;:&quot;20548&quot;,&quot;slug&quot;:&quot;default&quot;,&quot;valign&quot;:&quot;bottom&quot;,&quot;ignore&quot;:&quot;&quot;,&quot;reference&quot;:&quot;auto&quot;,&quot;class&quot;:&quot;&quot;,&quot;count&quot;:&quot;0&quot;,&quot;legendonly&quot;:&quot;&quot;,&quot;readonly&quot;:&quot;&quot;,&quot;score&quot;:&quot;0&quot;,&quot;starsonly&quot;:&quot;&quot;,&quot;best&quot;:&quot;5&quot;,&quot;gap&quot;:&quot;5&quot;,&quot;greet&quot;:&quot;Val\u00f3ranos&quot;,&quot;legend&quot;:&quot;0\\\/5 - (0 votes)&quot;,&quot;size&quot;:&quot;24&quot;,&quot;title&quot;:&quot;Zenmuse P1&quot;,&quot;width&quot;:&quot;0&quot;,&quot;_legend&quot;:&quot;{score}\\\/{best} - ({count} {votes})&quot;,&quot;font_factor&quot;:&quot;1.25&quot;}'>\n            \n<div class=\"kksr-stars\">\n    \n<div class=\"kksr-stars-inactive\">\n            <div class=\"kksr-star\" data-star=\"1\" style=\"padding-right: 5px\">\n            \n\n<div class=\"kksr-icon\" style=\"width: 24px; height: 24px;\"><\/div>\n        <\/div>\n            <div class=\"kksr-star\" data-star=\"2\" style=\"padding-right: 5px\">\n            \n\n<div class=\"kksr-icon\" style=\"width: 24px; height: 24px;\"><\/div>\n        <\/div>\n            <div class=\"kksr-star\" data-star=\"3\" style=\"padding-right: 5px\">\n            \n\n<div class=\"kksr-icon\" style=\"width: 24px; height: 24px;\"><\/div>\n        <\/div>\n            <div class=\"kksr-star\" data-star=\"4\" style=\"padding-right: 5px\">\n            \n\n<div class=\"kksr-icon\" style=\"width: 24px; height: 24px;\"><\/div>\n        <\/div>\n            <div class=\"kksr-star\" data-star=\"5\" style=\"padding-right: 5px\">\n            \n\n<div class=\"kksr-icon\" style=\"width: 24px; height: 24px;\"><\/div>\n        <\/div>\n    <\/div>\n    \n<div class=\"kksr-stars-active\" style=\"width: 0px;\">\n            <div class=\"kksr-star\" style=\"padding-right: 5px\">\n            \n\n<div class=\"kksr-icon\" style=\"width: 24px; height: 24px;\"><\/div>\n        <\/div>\n            <div class=\"kksr-star\" style=\"padding-right: 5px\">\n            \n\n<div class=\"kksr-icon\" style=\"width: 24px; height: 24px;\"><\/div>\n        <\/div>\n            <div class=\"kksr-star\" style=\"padding-right: 5px\">\n            \n\n<div class=\"kksr-icon\" style=\"width: 24px; height: 24px;\"><\/div>\n        <\/div>\n            <div class=\"kksr-star\" style=\"padding-right: 5px\">\n            \n\n<div class=\"kksr-icon\" style=\"width: 24px; height: 24px;\"><\/div>\n        <\/div>\n            <div class=\"kksr-star\" style=\"padding-right: 5px\">\n            \n\n<div class=\"kksr-icon\" style=\"width: 24px; height: 24px;\"><\/div>\n        <\/div>\n    <\/div>\n<\/div>\n                \n\n<div class=\"kksr-legend\" style=\"font-size: 19.2px;\">\n            <span class=\"kksr-muted\">Val\u00f3ranos<\/span>\n    <\/div>\n    <\/div>\n","protected":false},"excerpt":{"rendered":"<h2>C\u00e2mara para drone DJI Zenmuse P1 para fotogrametr\u00eda<\/h2>\n<h3>C\u00e2mara de fotograma completo com uma resolu\u00e7\u00e3o at\u00e9 8192 x 5460 p\u00edxels.<\/h3>\n<div>\n<p>O novo ponto de refer\u00eancia para a topografia a\u00e9rea. A c\u00e2mara Zenmuse P1 integra um sensor de fotograma completo com lentes de foco fixo intercambi\u00e1vel e um gimbal estabilizado de 3 eixos. Desenhado para miss\u00f5es de voo de fotogrametria, leva a efici\u00eancia e a precis\u00e3o a um n\u00edvel completamente novo.<\/p>\n<\/div>\n<p><img loading=\"lazy\" decoding=\"async\" class=\"aligncenter wp-image-17145 size-full\" src=\"https:\/\/atyges.es\/wp-content\/uploads\/2020\/11\/Zennmuse-P1_ATyges-2-scaled.jpg\" alt=\"\" width=\"2560\" height=\"1920\" srcset=\"https:\/\/atyges.es\/wp-content\/uploads\/2020\/11\/Zennmuse-P1_ATyges-2-scaled.jpg 2560w, https:\/\/atyges.es\/wp-content\/uploads\/2020\/11\/Zennmuse-P1_ATyges-2-600x450.jpg 600w, https:\/\/atyges.es\/wp-content\/uploads\/2020\/11\/Zennmuse-P1_ATyges-2-300x225.jpg 300w, https:\/\/atyges.es\/wp-content\/uploads\/2020\/11\/Zennmuse-P1_ATyges-2-1024x768.jpg 1024w, https:\/\/atyges.es\/wp-content\/uploads\/2020\/11\/Zennmuse-P1_ATyges-2-173x130.jpg 173w\" sizes=\"auto, (max-width: 2560px) 100vw, 2560px\" \/><\/p>\n<p><a class=\"button\" href=\"https:\/\/atyges.es\/pt\/formulario-matrice-300-rtk-dji-enterprise\/\" rel=\"noopener noreferrer\"><span class=\"VIiyi\" lang=\"pt\"><span class=\"JLqJ4b ChMk0b\" data-language-for-alternatives=\"pt\" data-language-to-translate-into=\"es\" data-phrase-index=\"0\">Verifique a disponibilidade e solicite um or\u00e7amento atrav\u00e9s deste formul\u00e1rio e n\u00f3s lhe enviaremos uma oferta personalizada<\/span><\/span><\/a><\/p>\n<p><strong>\u00a1<span class=\"VIiyi\" lang=\"pt\"><span class=\"JLqJ4b ChMk0b\" data-language-for-alternatives=\"pt\" data-language-to-translate-into=\"es\" data-phrase-index=\"0\">Melhoramos o seu or\u00e7amento: n\u00e3o hesite em nos contactar!<\/span><\/span><\/strong><\/p>\n<p style=\"text-align: center;\"><strong>\u00a0<\/strong><\/p>\n","protected":false},"featured_media":16314,"template":"","meta":[],"product_brand":[],"product_cat":[1287,1234,1577,1284],"product_tag":[1295],"class_list":{"0":"post-20548","1":"product","2":"type-product","3":"status-publish","4":"has-post-thumbnail","6":"product_cat-drones-para-levantamento","7":"product_cat-matrice-300-rtk-pt","8":"product_cat-matrice-350-rtk-pt","9":"product_cat-sensores-e-software","10":"product_tag-zenmuse-h20t-pt","11":"product_shipping_class-envio-gratuito-es-pt","13":"first","14":"instock","15":"taxable","16":"shipping-taxable","17":"purchasable","18":"product-type-simple"},"yoast_head":"<!-- This site is optimized with the Yoast SEO plugin v27.2 - https:\/\/yoast.com\/product\/yoast-seo-wordpress\/ -->\n<title>Zenmuse P1 | 45 MPx para Matrice 300 RTK | ATyges \u00ae<\/title>\n<meta name=\"description\" content=\"DJI Zenmuse P1 para Matrice 300 RTK. \u2b50 ATyges, Especialistas en Drones. \u2705\u3010Distribuidores Oficiales de DJI\u3011\u2705.\" \/>\n<meta name=\"robots\" content=\"index, follow, max-snippet:-1, max-image-preview:large, max-video-preview:-1\" \/>\n<link rel=\"canonical\" href=\"https:\/\/atyges.es\/pt\/product\/zenmuse-p1\/\" \/>\n<meta property=\"og:locale\" content=\"pt_PT\" \/>\n<meta property=\"og:type\" content=\"article\" \/>\n<meta property=\"og:title\" content=\"Zenmuse P1 | 45 MPx para Matrice 300 RTK | ATyges \u00ae\" \/>\n<meta property=\"og:description\" content=\"DJI Zenmuse P1 para Matrice 300 RTK. \u2b50 ATyges, Especialistas en Drones. \u2705\u3010Distribuidores Oficiales de DJI\u3011\u2705.\" \/>\n<meta property=\"og:url\" content=\"https:\/\/atyges.es\/pt\/product\/zenmuse-p1\/\" \/>\n<meta property=\"og:site_name\" content=\"ATyges\" \/>\n<meta property=\"article:modified_time\" content=\"2023-05-18T20:27:35+00:00\" \/>\n<meta property=\"og:image\" content=\"https:\/\/atyges.es\/wp-content\/uploads\/2020\/11\/P1.png\" \/>\n\t<meta property=\"og:image:width\" content=\"1184\" \/>\n\t<meta property=\"og:image:height\" content=\"1184\" \/>\n\t<meta property=\"og:image:type\" content=\"image\/png\" \/>\n<meta name=\"twitter:card\" content=\"summary_large_image\" \/>\n<meta name=\"twitter:label1\" content=\"Tempo estimado de leitura\" \/>\n\t<meta name=\"twitter:data1\" content=\"3 minutos\" \/>\n<script type=\"application\/ld+json\" class=\"yoast-schema-graph\">{\"@context\":\"https:\/\/schema.org\",\"@graph\":[{\"@type\":\"WebPage\",\"@id\":\"https:\/\/atyges.es\/pt\/product\/zenmuse-p1\/\",\"url\":\"https:\/\/atyges.es\/pt\/product\/zenmuse-p1\/\",\"name\":\"Zenmuse P1 | 45 MPx para Matrice 300 RTK | ATyges \u00ae\",\"isPartOf\":{\"@id\":\"https:\/\/atyges.es\/pt\/#website\"},\"primaryImageOfPage\":{\"@id\":\"https:\/\/atyges.es\/pt\/product\/zenmuse-p1\/#primaryimage\"},\"image\":{\"@id\":\"https:\/\/atyges.es\/pt\/product\/zenmuse-p1\/#primaryimage\"},\"thumbnailUrl\":\"https:\/\/atyges.es\/wp-content\/uploads\/2020\/11\/P1.png\",\"datePublished\":\"2020-11-15T21:46:30+00:00\",\"dateModified\":\"2023-05-18T20:27:35+00:00\",\"description\":\"DJI Zenmuse P1 para Matrice 300 RTK. \u2b50 ATyges, Especialistas en Drones. \u2705\u3010Distribuidores Oficiales de DJI\u3011\u2705.\",\"breadcrumb\":{\"@id\":\"https:\/\/atyges.es\/pt\/product\/zenmuse-p1\/#breadcrumb\"},\"inLanguage\":\"pt-PT\",\"potentialAction\":[{\"@type\":\"ReadAction\",\"target\":[\"https:\/\/atyges.es\/pt\/product\/zenmuse-p1\/\"]}]},{\"@type\":\"ImageObject\",\"inLanguage\":\"pt-PT\",\"@id\":\"https:\/\/atyges.es\/pt\/product\/zenmuse-p1\/#primaryimage\",\"url\":\"https:\/\/atyges.es\/wp-content\/uploads\/2020\/11\/P1.png\",\"contentUrl\":\"https:\/\/atyges.es\/wp-content\/uploads\/2020\/11\/P1.png\",\"width\":1184,\"height\":1184,\"caption\":\"Zenmuse P1\"},{\"@type\":\"BreadcrumbList\",\"@id\":\"https:\/\/atyges.es\/pt\/product\/zenmuse-p1\/#breadcrumb\",\"itemListElement\":[{\"@type\":\"ListItem\",\"position\":1,\"name\":\"Portada\",\"item\":\"https:\/\/atyges.es\/pt\/\"},{\"@type\":\"ListItem\",\"position\":2,\"name\":\"Produtos\",\"item\":\"https:\/\/atyges.es\/pt\/shop\/\"},{\"@type\":\"ListItem\",\"position\":3,\"name\":\"Zenmuse P1\"}]},{\"@type\":\"WebSite\",\"@id\":\"https:\/\/atyges.es\/pt\/#website\",\"url\":\"https:\/\/atyges.es\/pt\/\",\"name\":\"ATyges\",\"description\":\"\",\"publisher\":{\"@id\":\"https:\/\/atyges.es\/pt\/#organization\"},\"potentialAction\":[{\"@type\":\"SearchAction\",\"target\":{\"@type\":\"EntryPoint\",\"urlTemplate\":\"https:\/\/atyges.es\/pt\/?s={search_term_string}\"},\"query-input\":{\"@type\":\"PropertyValueSpecification\",\"valueRequired\":true,\"valueName\":\"search_term_string\"}}],\"inLanguage\":\"pt-PT\"},{\"@type\":\"Organization\",\"@id\":\"https:\/\/atyges.es\/pt\/#organization\",\"name\":\"Atyges\",\"url\":\"https:\/\/atyges.es\/pt\/\",\"logo\":{\"@type\":\"ImageObject\",\"inLanguage\":\"pt-PT\",\"@id\":\"https:\/\/atyges.es\/pt\/#\/schema\/logo\/image\/\",\"url\":\"https:\/\/atyges.es\/wp-content\/uploads\/2022\/01\/Logo_ATyges_Store.png\",\"contentUrl\":\"https:\/\/atyges.es\/wp-content\/uploads\/2022\/01\/Logo_ATyges_Store.png\",\"width\":1228,\"height\":200,\"caption\":\"Atyges\"},\"image\":{\"@id\":\"https:\/\/atyges.es\/pt\/#\/schema\/logo\/image\/\"}}]}<\/script>\n<!-- \/ Yoast SEO plugin. -->","yoast_head_json":{"title":"Zenmuse P1 | 45 MPx para Matrice 300 RTK | ATyges \u00ae","description":"DJI Zenmuse P1 para Matrice 300 RTK. \u2b50 ATyges, Especialistas en Drones. \u2705\u3010Distribuidores Oficiales de DJI\u3011\u2705.","robots":{"index":"index","follow":"follow","max-snippet":"max-snippet:-1","max-image-preview":"max-image-preview:large","max-video-preview":"max-video-preview:-1"},"canonical":"https:\/\/atyges.es\/pt\/product\/zenmuse-p1\/","og_locale":"pt_PT","og_type":"article","og_title":"Zenmuse P1 | 45 MPx para Matrice 300 RTK | ATyges \u00ae","og_description":"DJI Zenmuse P1 para Matrice 300 RTK. \u2b50 ATyges, Especialistas en Drones. \u2705\u3010Distribuidores Oficiales de DJI\u3011\u2705.","og_url":"https:\/\/atyges.es\/pt\/product\/zenmuse-p1\/","og_site_name":"ATyges","article_modified_time":"2023-05-18T20:27:35+00:00","og_image":[{"width":1184,"height":1184,"url":"https:\/\/atyges.es\/wp-content\/uploads\/2020\/11\/P1.png","type":"image\/png"}],"twitter_card":"summary_large_image","twitter_misc":{"Tempo estimado de leitura":"3 minutos"},"schema":{"@context":"https:\/\/schema.org","@graph":[{"@type":"WebPage","@id":"https:\/\/atyges.es\/pt\/product\/zenmuse-p1\/","url":"https:\/\/atyges.es\/pt\/product\/zenmuse-p1\/","name":"Zenmuse P1 | 45 MPx para Matrice 300 RTK | ATyges \u00ae","isPartOf":{"@id":"https:\/\/atyges.es\/pt\/#website"},"primaryImageOfPage":{"@id":"https:\/\/atyges.es\/pt\/product\/zenmuse-p1\/#primaryimage"},"image":{"@id":"https:\/\/atyges.es\/pt\/product\/zenmuse-p1\/#primaryimage"},"thumbnailUrl":"https:\/\/atyges.es\/wp-content\/uploads\/2020\/11\/P1.png","datePublished":"2020-11-15T21:46:30+00:00","dateModified":"2023-05-18T20:27:35+00:00","description":"DJI Zenmuse P1 para Matrice 300 RTK. \u2b50 ATyges, Especialistas en Drones. \u2705\u3010Distribuidores Oficiales de DJI\u3011\u2705.","breadcrumb":{"@id":"https:\/\/atyges.es\/pt\/product\/zenmuse-p1\/#breadcrumb"},"inLanguage":"pt-PT","potentialAction":[{"@type":"ReadAction","target":["https:\/\/atyges.es\/pt\/product\/zenmuse-p1\/"]}]},{"@type":"ImageObject","inLanguage":"pt-PT","@id":"https:\/\/atyges.es\/pt\/product\/zenmuse-p1\/#primaryimage","url":"https:\/\/atyges.es\/wp-content\/uploads\/2020\/11\/P1.png","contentUrl":"https:\/\/atyges.es\/wp-content\/uploads\/2020\/11\/P1.png","width":1184,"height":1184,"caption":"Zenmuse P1"},{"@type":"BreadcrumbList","@id":"https:\/\/atyges.es\/pt\/product\/zenmuse-p1\/#breadcrumb","itemListElement":[{"@type":"ListItem","position":1,"name":"Portada","item":"https:\/\/atyges.es\/pt\/"},{"@type":"ListItem","position":2,"name":"Produtos","item":"https:\/\/atyges.es\/pt\/shop\/"},{"@type":"ListItem","position":3,"name":"Zenmuse P1"}]},{"@type":"WebSite","@id":"https:\/\/atyges.es\/pt\/#website","url":"https:\/\/atyges.es\/pt\/","name":"ATyges","description":"","publisher":{"@id":"https:\/\/atyges.es\/pt\/#organization"},"potentialAction":[{"@type":"SearchAction","target":{"@type":"EntryPoint","urlTemplate":"https:\/\/atyges.es\/pt\/?s={search_term_string}"},"query-input":{"@type":"PropertyValueSpecification","valueRequired":true,"valueName":"search_term_string"}}],"inLanguage":"pt-PT"},{"@type":"Organization","@id":"https:\/\/atyges.es\/pt\/#organization","name":"Atyges","url":"https:\/\/atyges.es\/pt\/","logo":{"@type":"ImageObject","inLanguage":"pt-PT","@id":"https:\/\/atyges.es\/pt\/#\/schema\/logo\/image\/","url":"https:\/\/atyges.es\/wp-content\/uploads\/2022\/01\/Logo_ATyges_Store.png","contentUrl":"https:\/\/atyges.es\/wp-content\/uploads\/2022\/01\/Logo_ATyges_Store.png","width":1228,"height":200,"caption":"Atyges"},"image":{"@id":"https:\/\/atyges.es\/pt\/#\/schema\/logo\/image\/"}}]}},"jetpack_sharing_enabled":true,"_links":{"self":[{"href":"https:\/\/atyges.es\/pt\/wp-json\/wp\/v2\/product\/20548","targetHints":{"allow":["GET"]}}],"collection":[{"href":"https:\/\/atyges.es\/pt\/wp-json\/wp\/v2\/product"}],"about":[{"href":"https:\/\/atyges.es\/pt\/wp-json\/wp\/v2\/types\/product"}],"wp:featuredmedia":[{"embeddable":true,"href":"https:\/\/atyges.es\/pt\/wp-json\/wp\/v2\/media\/16314"}],"wp:attachment":[{"href":"https:\/\/atyges.es\/pt\/wp-json\/wp\/v2\/media?parent=20548"}],"wp:term":[{"taxonomy":"product_brand","embeddable":true,"href":"https:\/\/atyges.es\/pt\/wp-json\/wp\/v2\/product_brand?post=20548"},{"taxonomy":"product_cat","embeddable":true,"href":"https:\/\/atyges.es\/pt\/wp-json\/wp\/v2\/product_cat?post=20548"},{"taxonomy":"product_tag","embeddable":true,"href":"https:\/\/atyges.es\/pt\/wp-json\/wp\/v2\/product_tag?post=20548"}],"curies":[{"name":"wp","href":"https:\/\/api.w.org\/{rel}","templated":true}]}}