{"id":20537,"date":"2021-09-26T11:14:17","date_gmt":"2021-09-26T10:14:17","guid":{"rendered":"https:\/\/atyges.es\/?post_type=product&#038;p=20537"},"modified":"2021-09-26T11:36:19","modified_gmt":"2021-09-26T10:36:19","slug":"estacao-de-carga-dji-bs60-para-baterias","status":"publish","type":"product","link":"https:\/\/atyges.es\/pt\/produto\/estacao-de-carga-dji-bs60-para-baterias\/","title":{"rendered":"Esta\u00e7\u00e3o de carga DJI BS60 para baterias Matrice 300"},"content":{"rendered":"<p>Capacidade para 8 baterias de voo e 4 baterias de controlo remoto.<\/p>\n<p>A esta\u00e7\u00e3o de carga DJI BS60 est\u00e1 desenhada para carga r\u00e1pida de baterias da s\u00e9rie Matrice 300. Pode armazenar at\u00e9 8 baterias de voo para o drone e 4 baterias de controlo remoto.<\/p>\n\n\n<div class=\"kk-star-ratings kksr-auto kksr-align-center kksr-valign-bottom\"\n    data-payload='{&quot;align&quot;:&quot;center&quot;,&quot;id&quot;:&quot;20537&quot;,&quot;slug&quot;:&quot;default&quot;,&quot;valign&quot;:&quot;bottom&quot;,&quot;ignore&quot;:&quot;&quot;,&quot;reference&quot;:&quot;auto&quot;,&quot;class&quot;:&quot;&quot;,&quot;count&quot;:&quot;0&quot;,&quot;legendonly&quot;:&quot;&quot;,&quot;readonly&quot;:&quot;&quot;,&quot;score&quot;:&quot;0&quot;,&quot;starsonly&quot;:&quot;&quot;,&quot;best&quot;:&quot;5&quot;,&quot;gap&quot;:&quot;5&quot;,&quot;greet&quot;:&quot;Val\u00f3ranos&quot;,&quot;legend&quot;:&quot;0\\\/5 - (0 votes)&quot;,&quot;size&quot;:&quot;24&quot;,&quot;title&quot;:&quot;Esta\u00e7\u00e3o de carga DJI BS60 para baterias Matrice 300&quot;,&quot;width&quot;:&quot;0&quot;,&quot;_legend&quot;:&quot;{score}\\\/{best} - ({count} {votes})&quot;,&quot;font_factor&quot;:&quot;1.25&quot;}'>\n            \n<div class=\"kksr-stars\">\n    \n<div class=\"kksr-stars-inactive\">\n            <div class=\"kksr-star\" data-star=\"1\" style=\"padding-right: 5px\">\n            \n\n<div class=\"kksr-icon\" style=\"width: 24px; height: 24px;\"><\/div>\n        <\/div>\n            <div class=\"kksr-star\" data-star=\"2\" style=\"padding-right: 5px\">\n            \n\n<div class=\"kksr-icon\" style=\"width: 24px; height: 24px;\"><\/div>\n        <\/div>\n            <div class=\"kksr-star\" data-star=\"3\" style=\"padding-right: 5px\">\n            \n\n<div class=\"kksr-icon\" style=\"width: 24px; height: 24px;\"><\/div>\n        <\/div>\n            <div class=\"kksr-star\" data-star=\"4\" style=\"padding-right: 5px\">\n            \n\n<div class=\"kksr-icon\" style=\"width: 24px; height: 24px;\"><\/div>\n        <\/div>\n            <div class=\"kksr-star\" data-star=\"5\" style=\"padding-right: 5px\">\n            \n\n<div class=\"kksr-icon\" style=\"width: 24px; height: 24px;\"><\/div>\n        <\/div>\n    <\/div>\n    \n<div class=\"kksr-stars-active\" style=\"width: 0px;\">\n            <div class=\"kksr-star\" style=\"padding-right: 5px\">\n            \n\n<div class=\"kksr-icon\" style=\"width: 24px; height: 24px;\"><\/div>\n        <\/div>\n            <div class=\"kksr-star\" style=\"padding-right: 5px\">\n            \n\n<div class=\"kksr-icon\" style=\"width: 24px; height: 24px;\"><\/div>\n        <\/div>\n            <div class=\"kksr-star\" style=\"padding-right: 5px\">\n            \n\n<div class=\"kksr-icon\" style=\"width: 24px; height: 24px;\"><\/div>\n        <\/div>\n            <div class=\"kksr-star\" style=\"padding-right: 5px\">\n            \n\n<div class=\"kksr-icon\" style=\"width: 24px; height: 24px;\"><\/div>\n        <\/div>\n            <div class=\"kksr-star\" style=\"padding-right: 5px\">\n            \n\n<div class=\"kksr-icon\" style=\"width: 24px; height: 24px;\"><\/div>\n        <\/div>\n    <\/div>\n<\/div>\n                \n\n<div class=\"kksr-legend\" style=\"font-size: 19.2px;\">\n            <span class=\"kksr-muted\">Val\u00f3ranos<\/span>\n    <\/div>\n    <\/div>\n","protected":false},"excerpt":{"rendered":"<p>Especifica\u00e7\u00f5es t\u00e9cnicas:<\/p>\n<p>Dimens\u00f5es: 501 \u00d7 403 \u00d7 252 mm<\/p>\n<p>Peso<\/p>\n<p>    8.37 kg<\/p>\n<p>Capacidade m\u00e1xima<\/p>\n<p>    Bateria de Voo Inteligente TB60 \u00d7 8<br \/>\n    Bateria Inteligente WB37 \u00d7 4<\/p>\n<p>Entrada<\/p>\n<p>    100-120 VAC<br \/>\n    50-60 Hz\/220-240 VAC<br \/>\n    50-60 Hz<\/p>\n<p>Pot\u00eancia m\u00e1x. de entrada<\/p>\n<p>    1070 W<\/p>\n<p>Potencia de salida<\/p>\n<p>    100-120 V: 750 W<br \/>\n    220-240 V: 992 W<\/p>\n<p>Temperatura de funcionamento<\/p>\n<p>    De \u201320 a 40\u00b0C (de \u20134 a 104\u00b0F)<\/p>\n","protected":false},"featured_media":20541,"template":"","meta":[],"product_brand":[],"product_cat":[1276,1234],"product_tag":[1256,1257,1258],"class_list":{"0":"post-20537","1":"product","2":"type-product","3":"status-publish","4":"has-post-thumbnail","6":"product_cat-drones-profissionais-pt","7":"product_cat-matrice-300-rtk-pt","8":"product_tag-bs60-pt-2","9":"product_tag-m300rtk-pt","10":"product_tag-tb60-pt","11":"product_shipping_class-envio-gratuito-es-pt","13":"first","14":"instock","15":"taxable","16":"shipping-taxable","17":"purchasable","18":"product-type-simple"},"yoast_head":"<!-- This site is optimized with the Yoast SEO plugin v27.2 - https:\/\/yoast.com\/product\/yoast-seo-wordpress\/ -->\n<title>Esta\u00e7\u00e3o de carga DJI BS60 | Bater\u00eda inteligente Matrice 300 | ATyges \u00ae<\/title>\n<meta name=\"description\" content=\"Esta\u00e7\u00e3o de carga DJI BS60 | Matrice 300 RTK | ATyges \u00ae\" \/>\n<meta name=\"robots\" content=\"index, follow, max-snippet:-1, max-image-preview:large, max-video-preview:-1\" \/>\n<link rel=\"canonical\" href=\"https:\/\/atyges.es\/pt\/produto\/estacao-de-carga-dji-bs60-para-baterias\/\" \/>\n<meta property=\"og:locale\" content=\"pt_PT\" \/>\n<meta property=\"og:type\" content=\"article\" \/>\n<meta property=\"og:title\" content=\"Esta\u00e7\u00e3o de carga DJI BS60 | Bater\u00eda inteligente Matrice 300 | ATyges \u00ae\" \/>\n<meta property=\"og:description\" content=\"Esta\u00e7\u00e3o de carga DJI BS60 | Matrice 300 RTK | ATyges \u00ae\" \/>\n<meta property=\"og:url\" content=\"https:\/\/atyges.es\/pt\/produto\/estacao-de-carga-dji-bs60-para-baterias\/\" \/>\n<meta property=\"og:site_name\" content=\"ATyges\" \/>\n<meta property=\"article:modified_time\" content=\"2021-09-26T10:36:19+00:00\" \/>\n<meta property=\"og:image\" content=\"https:\/\/atyges.es\/wp-content\/uploads\/2021\/09\/BS60_atyges.png\" \/>\n\t<meta property=\"og:image:width\" content=\"500\" \/>\n\t<meta property=\"og:image:height\" content=\"500\" \/>\n\t<meta property=\"og:image:type\" content=\"image\/png\" \/>\n<meta name=\"twitter:card\" content=\"summary_large_image\" \/>\n<script type=\"application\/ld+json\" class=\"yoast-schema-graph\">{\"@context\":\"https:\/\/schema.org\",\"@graph\":[{\"@type\":\"WebPage\",\"@id\":\"https:\/\/atyges.es\/pt\/produto\/estacao-de-carga-dji-bs60-para-baterias\/\",\"url\":\"https:\/\/atyges.es\/pt\/produto\/estacao-de-carga-dji-bs60-para-baterias\/\",\"name\":\"Esta\u00e7\u00e3o de carga DJI BS60 | Bater\u00eda inteligente Matrice 300 | ATyges \u00ae\",\"isPartOf\":{\"@id\":\"https:\/\/atyges.es\/pt\/#website\"},\"primaryImageOfPage\":{\"@id\":\"https:\/\/atyges.es\/pt\/produto\/estacao-de-carga-dji-bs60-para-baterias\/#primaryimage\"},\"image\":{\"@id\":\"https:\/\/atyges.es\/pt\/produto\/estacao-de-carga-dji-bs60-para-baterias\/#primaryimage\"},\"thumbnailUrl\":\"https:\/\/atyges.es\/wp-content\/uploads\/2021\/09\/BS60_atyges.png\",\"datePublished\":\"2021-09-26T10:14:17+00:00\",\"dateModified\":\"2021-09-26T10:36:19+00:00\",\"description\":\"Esta\u00e7\u00e3o de carga DJI BS60 | Matrice 300 RTK | ATyges \u00ae\",\"breadcrumb\":{\"@id\":\"https:\/\/atyges.es\/pt\/produto\/estacao-de-carga-dji-bs60-para-baterias\/#breadcrumb\"},\"inLanguage\":\"pt-PT\",\"potentialAction\":[{\"@type\":\"ReadAction\",\"target\":[\"https:\/\/atyges.es\/pt\/produto\/estacao-de-carga-dji-bs60-para-baterias\/\"]}]},{\"@type\":\"ImageObject\",\"inLanguage\":\"pt-PT\",\"@id\":\"https:\/\/atyges.es\/pt\/produto\/estacao-de-carga-dji-bs60-para-baterias\/#primaryimage\",\"url\":\"https:\/\/atyges.es\/wp-content\/uploads\/2021\/09\/BS60_atyges.png\",\"contentUrl\":\"https:\/\/atyges.es\/wp-content\/uploads\/2021\/09\/BS60_atyges.png\",\"width\":500,\"height\":500,\"caption\":\"BS60_atyges\"},{\"@type\":\"BreadcrumbList\",\"@id\":\"https:\/\/atyges.es\/pt\/produto\/estacao-de-carga-dji-bs60-para-baterias\/#breadcrumb\",\"itemListElement\":[{\"@type\":\"ListItem\",\"position\":1,\"name\":\"Portada\",\"item\":\"https:\/\/atyges.es\/pt\/\"},{\"@type\":\"ListItem\",\"position\":2,\"name\":\"Produtos\",\"item\":\"https:\/\/atyges.es\/pt\/shop\/\"},{\"@type\":\"ListItem\",\"position\":3,\"name\":\"Esta\u00e7\u00e3o de carga DJI BS60 para baterias Matrice 300\"}]},{\"@type\":\"WebSite\",\"@id\":\"https:\/\/atyges.es\/pt\/#website\",\"url\":\"https:\/\/atyges.es\/pt\/\",\"name\":\"ATyges\",\"description\":\"\",\"publisher\":{\"@id\":\"https:\/\/atyges.es\/pt\/#organization\"},\"potentialAction\":[{\"@type\":\"SearchAction\",\"target\":{\"@type\":\"EntryPoint\",\"urlTemplate\":\"https:\/\/atyges.es\/pt\/?s={search_term_string}\"},\"query-input\":{\"@type\":\"PropertyValueSpecification\",\"valueRequired\":true,\"valueName\":\"search_term_string\"}}],\"inLanguage\":\"pt-PT\"},{\"@type\":\"Organization\",\"@id\":\"https:\/\/atyges.es\/pt\/#organization\",\"name\":\"Atyges\",\"url\":\"https:\/\/atyges.es\/pt\/\",\"logo\":{\"@type\":\"ImageObject\",\"inLanguage\":\"pt-PT\",\"@id\":\"https:\/\/atyges.es\/pt\/#\/schema\/logo\/image\/\",\"url\":\"https:\/\/atyges.es\/wp-content\/uploads\/2022\/01\/Logo_ATyges_Store.png\",\"contentUrl\":\"https:\/\/atyges.es\/wp-content\/uploads\/2022\/01\/Logo_ATyges_Store.png\",\"width\":1228,\"height\":200,\"caption\":\"Atyges\"},\"image\":{\"@id\":\"https:\/\/atyges.es\/pt\/#\/schema\/logo\/image\/\"}}]}<\/script>\n<!-- \/ Yoast SEO plugin. -->","yoast_head_json":{"title":"Esta\u00e7\u00e3o de carga DJI BS60 | Bater\u00eda inteligente Matrice 300 | ATyges \u00ae","description":"Esta\u00e7\u00e3o de carga DJI BS60 | Matrice 300 RTK | ATyges \u00ae","robots":{"index":"index","follow":"follow","max-snippet":"max-snippet:-1","max-image-preview":"max-image-preview:large","max-video-preview":"max-video-preview:-1"},"canonical":"https:\/\/atyges.es\/pt\/produto\/estacao-de-carga-dji-bs60-para-baterias\/","og_locale":"pt_PT","og_type":"article","og_title":"Esta\u00e7\u00e3o de carga DJI BS60 | Bater\u00eda inteligente Matrice 300 | ATyges \u00ae","og_description":"Esta\u00e7\u00e3o de carga DJI BS60 | Matrice 300 RTK | ATyges \u00ae","og_url":"https:\/\/atyges.es\/pt\/produto\/estacao-de-carga-dji-bs60-para-baterias\/","og_site_name":"ATyges","article_modified_time":"2021-09-26T10:36:19+00:00","og_image":[{"width":500,"height":500,"url":"https:\/\/atyges.es\/wp-content\/uploads\/2021\/09\/BS60_atyges.png","type":"image\/png"}],"twitter_card":"summary_large_image","schema":{"@context":"https:\/\/schema.org","@graph":[{"@type":"WebPage","@id":"https:\/\/atyges.es\/pt\/produto\/estacao-de-carga-dji-bs60-para-baterias\/","url":"https:\/\/atyges.es\/pt\/produto\/estacao-de-carga-dji-bs60-para-baterias\/","name":"Esta\u00e7\u00e3o de carga DJI BS60 | Bater\u00eda inteligente Matrice 300 | ATyges \u00ae","isPartOf":{"@id":"https:\/\/atyges.es\/pt\/#website"},"primaryImageOfPage":{"@id":"https:\/\/atyges.es\/pt\/produto\/estacao-de-carga-dji-bs60-para-baterias\/#primaryimage"},"image":{"@id":"https:\/\/atyges.es\/pt\/produto\/estacao-de-carga-dji-bs60-para-baterias\/#primaryimage"},"thumbnailUrl":"https:\/\/atyges.es\/wp-content\/uploads\/2021\/09\/BS60_atyges.png","datePublished":"2021-09-26T10:14:17+00:00","dateModified":"2021-09-26T10:36:19+00:00","description":"Esta\u00e7\u00e3o de carga DJI BS60 | Matrice 300 RTK | ATyges \u00ae","breadcrumb":{"@id":"https:\/\/atyges.es\/pt\/produto\/estacao-de-carga-dji-bs60-para-baterias\/#breadcrumb"},"inLanguage":"pt-PT","potentialAction":[{"@type":"ReadAction","target":["https:\/\/atyges.es\/pt\/produto\/estacao-de-carga-dji-bs60-para-baterias\/"]}]},{"@type":"ImageObject","inLanguage":"pt-PT","@id":"https:\/\/atyges.es\/pt\/produto\/estacao-de-carga-dji-bs60-para-baterias\/#primaryimage","url":"https:\/\/atyges.es\/wp-content\/uploads\/2021\/09\/BS60_atyges.png","contentUrl":"https:\/\/atyges.es\/wp-content\/uploads\/2021\/09\/BS60_atyges.png","width":500,"height":500,"caption":"BS60_atyges"},{"@type":"BreadcrumbList","@id":"https:\/\/atyges.es\/pt\/produto\/estacao-de-carga-dji-bs60-para-baterias\/#breadcrumb","itemListElement":[{"@type":"ListItem","position":1,"name":"Portada","item":"https:\/\/atyges.es\/pt\/"},{"@type":"ListItem","position":2,"name":"Produtos","item":"https:\/\/atyges.es\/pt\/shop\/"},{"@type":"ListItem","position":3,"name":"Esta\u00e7\u00e3o de carga DJI BS60 para baterias Matrice 300"}]},{"@type":"WebSite","@id":"https:\/\/atyges.es\/pt\/#website","url":"https:\/\/atyges.es\/pt\/","name":"ATyges","description":"","publisher":{"@id":"https:\/\/atyges.es\/pt\/#organization"},"potentialAction":[{"@type":"SearchAction","target":{"@type":"EntryPoint","urlTemplate":"https:\/\/atyges.es\/pt\/?s={search_term_string}"},"query-input":{"@type":"PropertyValueSpecification","valueRequired":true,"valueName":"search_term_string"}}],"inLanguage":"pt-PT"},{"@type":"Organization","@id":"https:\/\/atyges.es\/pt\/#organization","name":"Atyges","url":"https:\/\/atyges.es\/pt\/","logo":{"@type":"ImageObject","inLanguage":"pt-PT","@id":"https:\/\/atyges.es\/pt\/#\/schema\/logo\/image\/","url":"https:\/\/atyges.es\/wp-content\/uploads\/2022\/01\/Logo_ATyges_Store.png","contentUrl":"https:\/\/atyges.es\/wp-content\/uploads\/2022\/01\/Logo_ATyges_Store.png","width":1228,"height":200,"caption":"Atyges"},"image":{"@id":"https:\/\/atyges.es\/pt\/#\/schema\/logo\/image\/"}}]}},"jetpack_sharing_enabled":true,"_links":{"self":[{"href":"https:\/\/atyges.es\/pt\/wp-json\/wp\/v2\/product\/20537","targetHints":{"allow":["GET"]}}],"collection":[{"href":"https:\/\/atyges.es\/pt\/wp-json\/wp\/v2\/product"}],"about":[{"href":"https:\/\/atyges.es\/pt\/wp-json\/wp\/v2\/types\/product"}],"wp:featuredmedia":[{"embeddable":true,"href":"https:\/\/atyges.es\/pt\/wp-json\/wp\/v2\/media\/20541"}],"wp:attachment":[{"href":"https:\/\/atyges.es\/pt\/wp-json\/wp\/v2\/media?parent=20537"}],"wp:term":[{"taxonomy":"product_brand","embeddable":true,"href":"https:\/\/atyges.es\/pt\/wp-json\/wp\/v2\/product_brand?post=20537"},{"taxonomy":"product_cat","embeddable":true,"href":"https:\/\/atyges.es\/pt\/wp-json\/wp\/v2\/product_cat?post=20537"},{"taxonomy":"product_tag","embeddable":true,"href":"https:\/\/atyges.es\/pt\/wp-json\/wp\/v2\/product_tag?post=20537"}],"curies":[{"name":"wp","href":"https:\/\/api.w.org\/{rel}","templated":true}]}}