{"id":20534,"date":"2021-09-26T10:43:40","date_gmt":"2021-09-26T09:43:40","guid":{"rendered":"https:\/\/atyges.es\/product\/bateria-tb60-matrice-300-rtk\/"},"modified":"2021-09-26T10:43:40","modified_gmt":"2021-09-26T09:43:40","slug":"bateria-tb60-matrice-300-rtk","status":"publish","type":"product","link":"https:\/\/atyges.es\/pt\/produto\/bateria-tb60-matrice-300-rtk\/","title":{"rendered":"Bater\u00eda TB60 &#8211; Matrice 300 RTK"},"content":{"rendered":"<h2>Bater\u00eda de vuelo inteligente tb60 &#8211; para matrice 300 rTK<\/h2>\n<p>DJI Matrice 300 Series TB60 Battery<\/p>\n<p>Caracter\u00edsticas:<\/p>\n<p>&#8211; Balanceamento autom\u00e1tico das c\u00e9lulas da bateria durante o processo de carga<br \/>\n&#8211; Indica\u00e7\u00e3o da voltagem atrav\u00e9s de um mostrador eletr\u00f3nico<br \/>\n&#8211; Prote\u00e7\u00e3o de sobrecarga<br \/>\n&#8211; Prote\u00e7\u00e3o contra baixas e elevadas temperaturas<br \/>\n&#8211; Prote\u00e7\u00e3o contra curto-circuitos<br \/>\n&#8211; Alertas de c\u00e9lulas danificadas da bateria, em caso de avaria<br \/>\n&#8211; Envio das informa\u00e7\u00f5es sobre a bateria para o comando (voltagem, capacidade e corrente)<br \/>\n&#8211; Prote\u00e7\u00e3o contra \u00e1gua e p\u00f3<br \/>\n&#8211; Auto &#8211; aquecimento; durante a utiliza\u00e7\u00e3o em condi\u00e7\u00f5es atmosf\u00e9ricas adversas.<\/p>\n\n\n<div class=\"kk-star-ratings kksr-auto kksr-align-center kksr-valign-bottom\"\n    data-payload='{&quot;align&quot;:&quot;center&quot;,&quot;id&quot;:&quot;20534&quot;,&quot;slug&quot;:&quot;default&quot;,&quot;valign&quot;:&quot;bottom&quot;,&quot;ignore&quot;:&quot;&quot;,&quot;reference&quot;:&quot;auto&quot;,&quot;class&quot;:&quot;&quot;,&quot;count&quot;:&quot;0&quot;,&quot;legendonly&quot;:&quot;&quot;,&quot;readonly&quot;:&quot;&quot;,&quot;score&quot;:&quot;0&quot;,&quot;starsonly&quot;:&quot;&quot;,&quot;best&quot;:&quot;5&quot;,&quot;gap&quot;:&quot;5&quot;,&quot;greet&quot;:&quot;Val\u00f3ranos&quot;,&quot;legend&quot;:&quot;0\\\/5 - (0 votes)&quot;,&quot;size&quot;:&quot;24&quot;,&quot;title&quot;:&quot;Bater\u00eda TB60 - Matrice 300 RTK&quot;,&quot;width&quot;:&quot;0&quot;,&quot;_legend&quot;:&quot;{score}\\\/{best} - ({count} {votes})&quot;,&quot;font_factor&quot;:&quot;1.25&quot;}'>\n            \n<div class=\"kksr-stars\">\n    \n<div class=\"kksr-stars-inactive\">\n            <div class=\"kksr-star\" data-star=\"1\" style=\"padding-right: 5px\">\n            \n\n<div class=\"kksr-icon\" style=\"width: 24px; height: 24px;\"><\/div>\n        <\/div>\n            <div class=\"kksr-star\" data-star=\"2\" style=\"padding-right: 5px\">\n            \n\n<div class=\"kksr-icon\" style=\"width: 24px; height: 24px;\"><\/div>\n        <\/div>\n            <div class=\"kksr-star\" data-star=\"3\" style=\"padding-right: 5px\">\n            \n\n<div class=\"kksr-icon\" style=\"width: 24px; height: 24px;\"><\/div>\n        <\/div>\n            <div class=\"kksr-star\" data-star=\"4\" style=\"padding-right: 5px\">\n            \n\n<div class=\"kksr-icon\" style=\"width: 24px; height: 24px;\"><\/div>\n        <\/div>\n            <div class=\"kksr-star\" data-star=\"5\" style=\"padding-right: 5px\">\n            \n\n<div class=\"kksr-icon\" style=\"width: 24px; height: 24px;\"><\/div>\n        <\/div>\n    <\/div>\n    \n<div class=\"kksr-stars-active\" style=\"width: 0px;\">\n            <div class=\"kksr-star\" style=\"padding-right: 5px\">\n            \n\n<div class=\"kksr-icon\" style=\"width: 24px; height: 24px;\"><\/div>\n        <\/div>\n            <div class=\"kksr-star\" style=\"padding-right: 5px\">\n            \n\n<div class=\"kksr-icon\" style=\"width: 24px; height: 24px;\"><\/div>\n        <\/div>\n            <div class=\"kksr-star\" style=\"padding-right: 5px\">\n            \n\n<div class=\"kksr-icon\" style=\"width: 24px; height: 24px;\"><\/div>\n        <\/div>\n            <div class=\"kksr-star\" style=\"padding-right: 5px\">\n            \n\n<div class=\"kksr-icon\" style=\"width: 24px; height: 24px;\"><\/div>\n        <\/div>\n            <div class=\"kksr-star\" style=\"padding-right: 5px\">\n            \n\n<div class=\"kksr-icon\" style=\"width: 24px; height: 24px;\"><\/div>\n        <\/div>\n    <\/div>\n<\/div>\n                \n\n<div class=\"kksr-legend\" style=\"font-size: 19.2px;\">\n            <span class=\"kksr-muted\">Val\u00f3ranos<\/span>\n    <\/div>\n    <\/div>\n","protected":false},"excerpt":{"rendered":"<p>Especifica\u00e7\u00f5es t\u00e9cnicas:<\/p>\n<p>&#8211; Capacidade: 5935 mAh<br \/>\n&#8211; Voltagem: 52.8 V<br \/>\n&#8211; Tipo de bateria: LiPo 12S<br \/>\n&#8211; Energia: 274 Wh<br \/>\n&#8211; Peso: 1.35 Kg<br \/>\n&#8211; Temperatura de opera\u00e7\u00e3o: &#8211; 4\u00b0F at\u00e9 122\u00b0F (-20\u00b0C to 50\u00b0C)<br \/>\n&#8211; Temperatura ideal de armazenamento: 71.6\u00b0F at\u00e9 86\u00b0F (22\u00b0C to 30\u00b0C)<br \/>\n&#8211; Temperatura de carregamento: -4\u00b0F at\u00e9 104\u00b0F (-20\u00b0C to 40\u00b0C)<br \/>\n&#8211; Tempo de carregamento: 60 m <\/p>\n","protected":false},"featured_media":20531,"template":"","meta":[],"product_brand":[],"product_cat":[1276,1234],"product_tag":[],"class_list":{"0":"post-20534","1":"product","2":"type-product","3":"status-publish","4":"has-post-thumbnail","6":"product_cat-drones-profissionais-pt","7":"product_cat-matrice-300-rtk-pt","8":"product_shipping_class-envio-gratuito-es-pt","10":"first","11":"outofstock","12":"taxable","13":"shipping-taxable","14":"purchasable","15":"product-type-simple"},"yoast_head":"<!-- This site is optimized with the Yoast SEO plugin v27.2 - https:\/\/yoast.com\/product\/yoast-seo-wordpress\/ -->\n<title>Bater\u00eda TB60 | Bater\u00eda inteligente Matrice 300 | ATyges \u00ae<\/title>\n<meta name=\"description\" content=\"Bater\u00eda TB60 | Bater\u00eda inteligente Matrice 300 | ATyges \u00ae\" \/>\n<meta name=\"robots\" content=\"index, follow, max-snippet:-1, max-image-preview:large, max-video-preview:-1\" \/>\n<link rel=\"canonical\" href=\"https:\/\/atyges.es\/pt\/produto\/bateria-tb60-matrice-300-rtk\/\" \/>\n<meta property=\"og:locale\" content=\"pt_PT\" \/>\n<meta property=\"og:type\" content=\"article\" \/>\n<meta property=\"og:title\" content=\"Bater\u00eda TB60 | Bater\u00eda inteligente Matrice 300 | ATyges \u00ae\" \/>\n<meta property=\"og:description\" content=\"Bater\u00eda TB60 | Bater\u00eda inteligente Matrice 300 | ATyges \u00ae\" \/>\n<meta property=\"og:url\" content=\"https:\/\/atyges.es\/pt\/produto\/bateria-tb60-matrice-300-rtk\/\" \/>\n<meta property=\"og:site_name\" content=\"ATyges\" \/>\n<meta property=\"og:image\" content=\"https:\/\/atyges.es\/wp-content\/uploads\/2021\/09\/Batteries-DJI-M300-RTK-1.png\" \/>\n\t<meta property=\"og:image:width\" content=\"500\" \/>\n\t<meta property=\"og:image:height\" content=\"500\" \/>\n\t<meta property=\"og:image:type\" content=\"image\/png\" \/>\n<meta name=\"twitter:card\" content=\"summary_large_image\" \/>\n<meta name=\"twitter:label1\" content=\"Tempo estimado de leitura\" \/>\n\t<meta name=\"twitter:data1\" content=\"1 minuto\" \/>\n<script type=\"application\/ld+json\" class=\"yoast-schema-graph\">{\"@context\":\"https:\/\/schema.org\",\"@graph\":[{\"@type\":\"WebPage\",\"@id\":\"https:\/\/atyges.es\/pt\/produto\/bateria-tb60-matrice-300-rtk\/\",\"url\":\"https:\/\/atyges.es\/pt\/produto\/bateria-tb60-matrice-300-rtk\/\",\"name\":\"Bater\u00eda TB60 | Bater\u00eda inteligente Matrice 300 | ATyges \u00ae\",\"isPartOf\":{\"@id\":\"https:\/\/atyges.es\/pt\/#website\"},\"primaryImageOfPage\":{\"@id\":\"https:\/\/atyges.es\/pt\/produto\/bateria-tb60-matrice-300-rtk\/#primaryimage\"},\"image\":{\"@id\":\"https:\/\/atyges.es\/pt\/produto\/bateria-tb60-matrice-300-rtk\/#primaryimage\"},\"thumbnailUrl\":\"https:\/\/atyges.es\/wp-content\/uploads\/2021\/09\/Batteries-DJI-M300-RTK-1.png\",\"datePublished\":\"2021-09-26T09:43:40+00:00\",\"description\":\"Bater\u00eda TB60 | Bater\u00eda inteligente Matrice 300 | ATyges \u00ae\",\"breadcrumb\":{\"@id\":\"https:\/\/atyges.es\/pt\/produto\/bateria-tb60-matrice-300-rtk\/#breadcrumb\"},\"inLanguage\":\"pt-PT\",\"potentialAction\":[{\"@type\":\"ReadAction\",\"target\":[\"https:\/\/atyges.es\/pt\/produto\/bateria-tb60-matrice-300-rtk\/\"]}]},{\"@type\":\"ImageObject\",\"inLanguage\":\"pt-PT\",\"@id\":\"https:\/\/atyges.es\/pt\/produto\/bateria-tb60-matrice-300-rtk\/#primaryimage\",\"url\":\"https:\/\/atyges.es\/wp-content\/uploads\/2021\/09\/Batteries-DJI-M300-RTK-1.png\",\"contentUrl\":\"https:\/\/atyges.es\/wp-content\/uploads\/2021\/09\/Batteries-DJI-M300-RTK-1.png\",\"width\":500,\"height\":500,\"caption\":\"Bater\u00eda TB60 - Matrice 300 RTK\"},{\"@type\":\"BreadcrumbList\",\"@id\":\"https:\/\/atyges.es\/pt\/produto\/bateria-tb60-matrice-300-rtk\/#breadcrumb\",\"itemListElement\":[{\"@type\":\"ListItem\",\"position\":1,\"name\":\"Portada\",\"item\":\"https:\/\/atyges.es\/pt\/\"},{\"@type\":\"ListItem\",\"position\":2,\"name\":\"Produtos\",\"item\":\"https:\/\/atyges.es\/pt\/shop\/\"},{\"@type\":\"ListItem\",\"position\":3,\"name\":\"Bater\u00eda TB60 &#8211; Matrice 300 RTK\"}]},{\"@type\":\"WebSite\",\"@id\":\"https:\/\/atyges.es\/pt\/#website\",\"url\":\"https:\/\/atyges.es\/pt\/\",\"name\":\"ATyges\",\"description\":\"\",\"publisher\":{\"@id\":\"https:\/\/atyges.es\/pt\/#organization\"},\"potentialAction\":[{\"@type\":\"SearchAction\",\"target\":{\"@type\":\"EntryPoint\",\"urlTemplate\":\"https:\/\/atyges.es\/pt\/?s={search_term_string}\"},\"query-input\":{\"@type\":\"PropertyValueSpecification\",\"valueRequired\":true,\"valueName\":\"search_term_string\"}}],\"inLanguage\":\"pt-PT\"},{\"@type\":\"Organization\",\"@id\":\"https:\/\/atyges.es\/pt\/#organization\",\"name\":\"Atyges\",\"url\":\"https:\/\/atyges.es\/pt\/\",\"logo\":{\"@type\":\"ImageObject\",\"inLanguage\":\"pt-PT\",\"@id\":\"https:\/\/atyges.es\/pt\/#\/schema\/logo\/image\/\",\"url\":\"https:\/\/atyges.es\/wp-content\/uploads\/2022\/01\/Logo_ATyges_Store.png\",\"contentUrl\":\"https:\/\/atyges.es\/wp-content\/uploads\/2022\/01\/Logo_ATyges_Store.png\",\"width\":1228,\"height\":200,\"caption\":\"Atyges\"},\"image\":{\"@id\":\"https:\/\/atyges.es\/pt\/#\/schema\/logo\/image\/\"}}]}<\/script>\n<!-- \/ Yoast SEO plugin. -->","yoast_head_json":{"title":"Bater\u00eda TB60 | Bater\u00eda inteligente Matrice 300 | ATyges \u00ae","description":"Bater\u00eda TB60 | Bater\u00eda inteligente Matrice 300 | ATyges \u00ae","robots":{"index":"index","follow":"follow","max-snippet":"max-snippet:-1","max-image-preview":"max-image-preview:large","max-video-preview":"max-video-preview:-1"},"canonical":"https:\/\/atyges.es\/pt\/produto\/bateria-tb60-matrice-300-rtk\/","og_locale":"pt_PT","og_type":"article","og_title":"Bater\u00eda TB60 | Bater\u00eda inteligente Matrice 300 | ATyges \u00ae","og_description":"Bater\u00eda TB60 | Bater\u00eda inteligente Matrice 300 | ATyges \u00ae","og_url":"https:\/\/atyges.es\/pt\/produto\/bateria-tb60-matrice-300-rtk\/","og_site_name":"ATyges","og_image":[{"width":500,"height":500,"url":"https:\/\/atyges.es\/wp-content\/uploads\/2021\/09\/Batteries-DJI-M300-RTK-1.png","type":"image\/png"}],"twitter_card":"summary_large_image","twitter_misc":{"Tempo estimado de leitura":"1 minuto"},"schema":{"@context":"https:\/\/schema.org","@graph":[{"@type":"WebPage","@id":"https:\/\/atyges.es\/pt\/produto\/bateria-tb60-matrice-300-rtk\/","url":"https:\/\/atyges.es\/pt\/produto\/bateria-tb60-matrice-300-rtk\/","name":"Bater\u00eda TB60 | Bater\u00eda inteligente Matrice 300 | ATyges \u00ae","isPartOf":{"@id":"https:\/\/atyges.es\/pt\/#website"},"primaryImageOfPage":{"@id":"https:\/\/atyges.es\/pt\/produto\/bateria-tb60-matrice-300-rtk\/#primaryimage"},"image":{"@id":"https:\/\/atyges.es\/pt\/produto\/bateria-tb60-matrice-300-rtk\/#primaryimage"},"thumbnailUrl":"https:\/\/atyges.es\/wp-content\/uploads\/2021\/09\/Batteries-DJI-M300-RTK-1.png","datePublished":"2021-09-26T09:43:40+00:00","description":"Bater\u00eda TB60 | Bater\u00eda inteligente Matrice 300 | ATyges \u00ae","breadcrumb":{"@id":"https:\/\/atyges.es\/pt\/produto\/bateria-tb60-matrice-300-rtk\/#breadcrumb"},"inLanguage":"pt-PT","potentialAction":[{"@type":"ReadAction","target":["https:\/\/atyges.es\/pt\/produto\/bateria-tb60-matrice-300-rtk\/"]}]},{"@type":"ImageObject","inLanguage":"pt-PT","@id":"https:\/\/atyges.es\/pt\/produto\/bateria-tb60-matrice-300-rtk\/#primaryimage","url":"https:\/\/atyges.es\/wp-content\/uploads\/2021\/09\/Batteries-DJI-M300-RTK-1.png","contentUrl":"https:\/\/atyges.es\/wp-content\/uploads\/2021\/09\/Batteries-DJI-M300-RTK-1.png","width":500,"height":500,"caption":"Bater\u00eda TB60 - Matrice 300 RTK"},{"@type":"BreadcrumbList","@id":"https:\/\/atyges.es\/pt\/produto\/bateria-tb60-matrice-300-rtk\/#breadcrumb","itemListElement":[{"@type":"ListItem","position":1,"name":"Portada","item":"https:\/\/atyges.es\/pt\/"},{"@type":"ListItem","position":2,"name":"Produtos","item":"https:\/\/atyges.es\/pt\/shop\/"},{"@type":"ListItem","position":3,"name":"Bater\u00eda TB60 &#8211; Matrice 300 RTK"}]},{"@type":"WebSite","@id":"https:\/\/atyges.es\/pt\/#website","url":"https:\/\/atyges.es\/pt\/","name":"ATyges","description":"","publisher":{"@id":"https:\/\/atyges.es\/pt\/#organization"},"potentialAction":[{"@type":"SearchAction","target":{"@type":"EntryPoint","urlTemplate":"https:\/\/atyges.es\/pt\/?s={search_term_string}"},"query-input":{"@type":"PropertyValueSpecification","valueRequired":true,"valueName":"search_term_string"}}],"inLanguage":"pt-PT"},{"@type":"Organization","@id":"https:\/\/atyges.es\/pt\/#organization","name":"Atyges","url":"https:\/\/atyges.es\/pt\/","logo":{"@type":"ImageObject","inLanguage":"pt-PT","@id":"https:\/\/atyges.es\/pt\/#\/schema\/logo\/image\/","url":"https:\/\/atyges.es\/wp-content\/uploads\/2022\/01\/Logo_ATyges_Store.png","contentUrl":"https:\/\/atyges.es\/wp-content\/uploads\/2022\/01\/Logo_ATyges_Store.png","width":1228,"height":200,"caption":"Atyges"},"image":{"@id":"https:\/\/atyges.es\/pt\/#\/schema\/logo\/image\/"}}]}},"jetpack_sharing_enabled":true,"_links":{"self":[{"href":"https:\/\/atyges.es\/pt\/wp-json\/wp\/v2\/product\/20534","targetHints":{"allow":["GET"]}}],"collection":[{"href":"https:\/\/atyges.es\/pt\/wp-json\/wp\/v2\/product"}],"about":[{"href":"https:\/\/atyges.es\/pt\/wp-json\/wp\/v2\/types\/product"}],"wp:featuredmedia":[{"embeddable":true,"href":"https:\/\/atyges.es\/pt\/wp-json\/wp\/v2\/media\/20531"}],"wp:attachment":[{"href":"https:\/\/atyges.es\/pt\/wp-json\/wp\/v2\/media?parent=20534"}],"wp:term":[{"taxonomy":"product_brand","embeddable":true,"href":"https:\/\/atyges.es\/pt\/wp-json\/wp\/v2\/product_brand?post=20534"},{"taxonomy":"product_cat","embeddable":true,"href":"https:\/\/atyges.es\/pt\/wp-json\/wp\/v2\/product_cat?post=20534"},{"taxonomy":"product_tag","embeddable":true,"href":"https:\/\/atyges.es\/pt\/wp-json\/wp\/v2\/product_tag?post=20534"}],"curies":[{"name":"wp","href":"https:\/\/api.w.org\/{rel}","templated":true}]}}